{"id":9660,"date":"2021-10-14T09:51:55","date_gmt":"2021-10-14T08:51:55","guid":{"rendered":"https:\/\/otthon.kaposvar.hu\/?page_id=9660"},"modified":"2026-02-03T15:51:56","modified_gmt":"2026-02-03T14:51:56","slug":"klimakucko","status":"publish","type":"page","link":"https:\/\/otthon.kaposvar.hu\/hu\/lakossagi-informaciok\/kornyezetvedelem\/klimakucko\/","title":{"rendered":"Kl\u00edmakuck\u00f3"},"content":{"rendered":"<p><\/p>\n<h2 class=\"kv-page-content-title\">Kuck\u00f3zzon be, \u00e9s v\u00e9dje a k\u00f6rnyezetet!<\/h2>\n<h3 class=\"kv-page-content-subtitle\">Mit k\u00edn\u00e1l a Kl\u00edmakuck\u00f3?<\/h3>\n<blockquote class=\"kv-page-content-blockquote\"><p>A kl\u00edmakuck\u00f3 interakt\u00edv k\u00f6rnyezetv\u00e9delmi oktat\u00f3teremben (7400 Kaposv\u00e1r, Noszlopy G. u. 2.) \u00f3vodai csoportok \u00e9s iskolai oszt\u00e1lyok k\u00f6rnyezeti nevel\u00e9si foglalkoz\u00e1sait tartj\u00e1k, illetve csal\u00e1di projekteket is megval\u00f3s\u00edtanak a szakemberek. A Kl\u00edmakuck\u00f3 f\u0151 c\u00e9lja, hogy seg\u00edtse a lakoss\u00e1got a fenntarthat\u00f3s\u00e1g, a k\u00f6rnyezetv\u00e9delem \u00e9s a tudatos k\u00f6rnyezetbar\u00e1t viselked\u00e9s t\u00e9mak\u00f6r\u00e9ben min\u00e9l sz\u00e9lesebb t\u00e1j\u00e9kozotts\u00e1g el\u00e9r\u00e9s\u00e9re.<\/p><\/blockquote>\n<p>A foglalkoztat\u00f3 terem berendez\u00e9se \u00e1lland\u00f3, interakt\u00edv j\u00e1t\u00e9kok, t\u00e1j\u00e9koztat\u00f3 t\u00e1bl\u00e1k seg\u00edts\u00e9g\u00e9vel mutatja be a k\u00f6rnyezetv\u00e9delem t\u00e9mak\u00f6reit: term\u00e9szetv\u00e9delem, komposzt\u00e1l\u00e1s, leveg\u0151v\u00e9delem, v\u00edztakar\u00e9koss\u00e1g, hat\u00e9kony energiahaszn\u00e1lat, fogyaszt\u00e1s cs\u00f6kkent\u00e9se, \u00fajrahasznos\u00edt\u00e1s \u00e9s hullad\u00e9kgazd\u00e1lkod\u00e1s.<\/p>\n<p>Az \u00f3vod\u00e1sok foglalkoz\u00e1sai a k\u00f6rnyezetv\u00e9delemmel kapcsolatos \u00e9rz\u00e9keny\u00edt\u00e9s ter\u00e9n val\u00f3sulnak meg, j\u00e1t\u00e9kkal, mes\u00e9vel, mozg\u00e1ssal \u00e9s alkot\u00e1ssal, a Kl\u00edmakuck\u00f3 oktat\u00f3terem interakt\u00edv eszk\u00f6zeinek felfedez\u00e9s\u00e9vel. A foglalkoz\u00e1st a k\u00f6z\u00e9ps\u0151s \u00e9s nagycsoportos koroszt\u00e1lyra szabva alak\u00edtott\u00e1k ki, ami olyan t\u00e9m\u00e1kat \u00e9rint, mint a hullad\u00e9k megel\u0151z\u00e9se, -kezel\u00e9se \u00e9s ezzel kapcsolatos j\u00e1t\u00e9kos feladatok \u00e9s alkot\u00e1s; a pap\u00edr megismer\u00e9se j\u00e1t\u00e9kok sor\u00e1n, pap\u00edrmer\u00edt\u00e9s; vet\u00edt\u00e9s a v\u00edzr\u0151l, mozg\u00e1sos j\u00e1t\u00e9kok \u00e9s alkot\u00e1s; ismerked\u00e9s gy\u00f3gyn\u00f6v\u00e9nyekkel, gabon\u00e1kkal, alkot\u00e1s; \u00e1llatos j\u00e1t\u00e9kok \u00e9s alkot\u00e1s; a F\u00f6ld, ahol \u00e9l\u00fcnk, j\u00e1t\u00e9kos foglalkoz\u00e1s a F\u00f6ld k\u00f6r\u00fcl, alkot\u00e1ssal.<br \/>\nAz iskol\u00e1sok sz\u00e1m\u00e1ra a fenntarthat\u00f3s\u00e1ggal kapcsolatos szeml\u00e9letform\u00e1l\u00e1s a c\u00e9l, \u00e9s a k\u00f6rnyezetv\u00e9delemmel \u00f6sszef\u00fcgg\u0151 ismeretek \u00e1tad\u00e1sa. Az \u00e1ltal\u00e1nos iskol\u00e1sok az oszt\u00e1ly \u00e9letkor\u00e1nak megfelel\u0151 tartalommal \u00e9s tev\u00e9kenys\u00e9gekkel a k\u00f6vetkez\u0151 t\u00e9mak\u00f6r\u00f6kkel ismerkednek: k\u00f6rnyezetv\u00e9delem, a Kl\u00edmakuck\u00f3 felfedez\u00e9se, csoportmunk\u00e1ra \u00e9p\u00fcl\u0151 feladatok, a hullad\u00e9k megel\u0151z\u00e9se, -kezel\u00e9se, j\u00e1t\u00e9kos feladatok \u00e9s alkot\u00e1s, pap\u00edrgy\u00e1rt\u00e1s \u00e9s \u00fajrapap\u00edr, j\u00e1t\u00e9kos feladatok \u00e9s pap\u00edrmer\u00edt\u00e9s.<br \/>\nRendszeresen szervez\u00fcnk majd k\u00fcl\u00f6nb\u00f6z\u0151 t\u00e9mak\u00f6r\u00f6kben megh\u00edvott szakemberek el\u0151ad\u00e1sait, melyet els\u0151dlegesen k\u00f6z\u00e9piskol\u00e1soknak, feln\u0151tteknek \u00e9s oktat\u00f3knak javasoljuk meghallgatni.<\/p>\n<p>Csoportos foglalkoz\u00e1saink sor\u00e1n lehet\u0151s\u00e9g ny\u00edlik a hely adotts\u00e1gait kihaszn\u00e1lva z\u00f6ld jeles napok meg\u00fcnnepl\u00e9s\u00e9re, illetve \u00f6nfeledt alkot\u00e1sra az \u00fajrahasznos\u00edt\u00e1s jegy\u00e9ben.<\/p>\n<div class=\"kv-page-margin-05\">\u00a0<\/div>\n<p><img loading=\"lazy\" class=\"alignnone size-full wp-image-9676\" src=\"https:\/\/otthon.kaposvar.hu\/wp-content\/uploads\/2021\/10\/MMC_8322-scaled.jpeg\" alt=\"\" width=\"2560\" height=\"1707\" srcset=\"https:\/\/otthon.kaposvar.hu\/wp-content\/uploads\/2021\/10\/MMC_8322-scaled.jpeg 2560w, https:\/\/otthon.kaposvar.hu\/wp-content\/uploads\/2021\/10\/MMC_8322-300x200.jpeg 300w, https:\/\/otthon.kaposvar.hu\/wp-content\/uploads\/2021\/10\/MMC_8322-1024x683.jpeg 1024w, https:\/\/otthon.kaposvar.hu\/wp-content\/uploads\/2021\/10\/MMC_8322-768x512.jpeg 768w, https:\/\/otthon.kaposvar.hu\/wp-content\/uploads\/2021\/10\/MMC_8322-1536x1024.jpeg 1536w, https:\/\/otthon.kaposvar.hu\/wp-content\/uploads\/2021\/10\/MMC_8322-2048x1365.jpeg 2048w, https:\/\/otthon.kaposvar.hu\/wp-content\/uploads\/2021\/10\/MMC_8322-1920x1280.jpeg 1920w\" sizes=\"(max-width: 2560px) 100vw, 2560px\" \/><\/p>\n<div class=\"kv-page-margin-05\">\u00a0<\/div>\n<p>Terveink k\u00f6z\u00f6tt szerepel tov\u00e1bb\u00e1 a kaposv\u00e1ri \u00f3vod\u00e1k \u00e9s iskol\u00e1k pedag\u00f3gusainak k\u00e9pz\u00e9sek szervez\u00e9se.<\/p>\n<p>A Kl\u00edmakuck\u00f3ban csal\u00e1di d\u00e9lut\u00e1nok is lesznek, melyeken ingyenesen vehetnek r\u00e9szt az \u00e9rdekl\u0151d\u0151k. Az id\u0151pontokr\u00f3l a Kl\u00edmakuck\u00f3 kirakat\u00e1ban \u00e9s a V\u00e1ros\u00fczemeltet\u00e9si \u00e9s K\u00f6rnyezetfejleszt\u00e9si igazgat\u00f3s\u00e1gon, k\u00e9s\u0151bb Facebook-oldalon t\u00e1j\u00e9koz\u00f3dhatnak az \u00f3vod\u00e1s, kisiskol\u00e1s gyermeket nevel\u0151 csal\u00e1dok.<\/p>\n<p>Hisz\u00fcnk abban, hogy a Kl\u00edmakuck\u00f3ban hallott inform\u00e1ci\u00f3k \u00e9lm\u00e9nyek \u00e9s az interakt\u00edv m\u00f3dszerek a leghat\u00e9konyabbak a gyermekek, a csal\u00e1dok \u00e9s a pedag\u00f3gusok megsz\u00f3l\u00edt\u00e1s\u00e1ra \u00e9s a k\u00f6rnyezetbar\u00e1t szeml\u00e9letm\u00f3d kialak\u00edt\u00e1s\u00e1ra.<\/p>\n<div class=\"kv-page-margin-05\">\u00a0<\/div>\n<h4 class=\"kv-page-content-paragraphtitle\">A Kl\u00edmakuck\u00f3 ingyenesen haszn\u00e1lhat\u00f3, a programokon val\u00f3 r\u00e9szv\u00e9telt mindig el\u0151zetes id\u0151pontk\u00e9r\u00e9s \u00e9s regisztr\u00e1ci\u00f3 el\u0151z meg a k\u00f6vetkez\u0151 el\u00e9rhet\u0151s\u00e9gi lehet\u0151s\u00e9geken:<\/h4>\n<p><strong>Bag\u00f3 L\u00e1szl\u00f3<\/strong><br \/>\ne-mail: bago.laszlo@kaposvar.hu<br \/>\ntelefon: +36 (82) 501 501 (522 mell\u00e9k)<\/p>\n<p><\/p>","protected":false},"excerpt":{"rendered":"<p>Kuck\u00f3zzon be, \u00e9s v\u00e9dje a k\u00f6rnyezetet! Mit k\u00edn\u00e1l a Kl\u00edmakuck\u00f3? A kl\u00edmakuck\u00f3 interakt\u00edv k\u00f6rnyezetv\u00e9delmi oktat\u00f3teremben (7400 Kaposv\u00e1r, Noszlopy G. u. 2.) \u00f3vodai csoportok \u00e9s iskolai oszt\u00e1lyok k\u00f6rnyezeti nevel\u00e9si foglalkoz\u00e1sait tartj\u00e1k, illetve csal\u00e1di projekteket is megval\u00f3s\u00edtanak a szakemberek. A Kl\u00edmakuck\u00f3 f\u0151 c\u00e9lja, hogy seg\u00edtse a lakoss\u00e1got a fenntarthat\u00f3s\u00e1g, a k\u00f6rnyezetv\u00e9delem \u00e9s a tudatos k\u00f6rnyezetbar\u00e1t viselked\u00e9s t\u00e9mak\u00f6r\u00e9ben [&hellip;]<\/p>\n","protected":false},"author":13,"featured_media":9661,"parent":1150,"menu_order":0,"comment_status":"closed","ping_status":"closed","template":"","meta":[],"acf":[],"yoast_head":"<!-- This site is optimized with the Yoast SEO plugin v19.8 - https:\/\/yoast.com\/wordpress\/plugins\/seo\/ -->\n<title>Kl\u00edmakuck\u00f3 - Kaposv\u00e1r Megyei Jog\u00fa V\u00e1ros<\/title>\n<meta name=\"robots\" content=\"index, follow, max-snippet:-1, max-image-preview:large, max-video-preview:-1\" \/>\n<link rel=\"canonical\" href=\"https:\/\/otthon.kaposvar.hu\/hu\/lakossagi-informaciok\/kornyezetvedelem\/klimakucko\/\" \/>\n<meta property=\"og:locale\" content=\"hu_HU\" \/>\n<meta property=\"og:type\" content=\"article\" \/>\n<meta property=\"og:title\" content=\"Kl\u00edmakuck\u00f3 - Kaposv\u00e1r Megyei Jog\u00fa V\u00e1ros\" \/>\n<meta property=\"og:description\" content=\"Kuck\u00f3zzon be, \u00e9s v\u00e9dje a k\u00f6rnyezetet! Mit k\u00edn\u00e1l a Kl\u00edmakuck\u00f3? A kl\u00edmakuck\u00f3 interakt\u00edv k\u00f6rnyezetv\u00e9delmi oktat\u00f3teremben (7400 Kaposv\u00e1r, Noszlopy G. u. 2.) \u00f3vodai csoportok \u00e9s iskolai oszt\u00e1lyok k\u00f6rnyezeti nevel\u00e9si foglalkoz\u00e1sait tartj\u00e1k, illetve csal\u00e1di projekteket is megval\u00f3s\u00edtanak a szakemberek. A Kl\u00edmakuck\u00f3 f\u0151 c\u00e9lja, hogy seg\u00edtse a lakoss\u00e1got a fenntarthat\u00f3s\u00e1g, a k\u00f6rnyezetv\u00e9delem \u00e9s a tudatos k\u00f6rnyezetbar\u00e1t viselked\u00e9s t\u00e9mak\u00f6r\u00e9ben [&hellip;]\" \/>\n<meta property=\"og:url\" content=\"https:\/\/otthon.kaposvar.hu\/hu\/lakossagi-informaciok\/kornyezetvedelem\/klimakucko\/\" \/>\n<meta property=\"og:site_name\" content=\"Kaposv\u00e1r Megyei Jog\u00fa V\u00e1ros\" \/>\n<meta property=\"article:publisher\" content=\"https:\/\/www.facebook.com\/cityofkaposvar\/\" \/>\n<meta property=\"article:modified_time\" content=\"2026-02-03T14:51:56+00:00\" \/>\n<meta property=\"og:image\" content=\"https:\/\/otthon.kaposvar.hu\/wp-content\/uploads\/2021\/10\/MMC_8395-scaled.jpeg\" \/>\n\t<meta property=\"og:image:width\" content=\"2560\" \/>\n\t<meta property=\"og:image:height\" content=\"1707\" \/>\n\t<meta property=\"og:image:type\" content=\"image\/jpeg\" \/>\n<meta name=\"twitter:card\" content=\"summary_large_image\" \/>\n<meta name=\"twitter:label1\" content=\"Becs\u00fclt olvas\u00e1si id\u0151\" \/>\n\t<meta name=\"twitter:data1\" content=\"3 perc\" \/>\n<script type=\"application\/ld+json\" class=\"yoast-schema-graph\">{\"@context\":\"https:\/\/schema.org\",\"@graph\":[{\"@type\":\"WebPage\",\"@id\":\"https:\/\/otthon.kaposvar.hu\/hu\/lakossagi-informaciok\/kornyezetvedelem\/klimakucko\/\",\"url\":\"https:\/\/otthon.kaposvar.hu\/hu\/lakossagi-informaciok\/kornyezetvedelem\/klimakucko\/\",\"name\":\"Kl\u00edmakuck\u00f3 - Kaposv\u00e1r Megyei Jog\u00fa V\u00e1ros\",\"isPartOf\":{\"@id\":\"https:\/\/otthon.kaposvar.hu\/hu\/#website\"},\"datePublished\":\"2021-10-14T08:51:55+00:00\",\"dateModified\":\"2026-02-03T14:51:56+00:00\",\"breadcrumb\":{\"@id\":\"https:\/\/otthon.kaposvar.hu\/hu\/lakossagi-informaciok\/kornyezetvedelem\/klimakucko\/#breadcrumb\"},\"inLanguage\":\"hu\",\"potentialAction\":[{\"@type\":\"ReadAction\",\"target\":[[\"https:\/\/otthon.kaposvar.hu\/hu\/lakossagi-informaciok\/kornyezetvedelem\/klimakucko\/\"]]}]},{\"@type\":\"BreadcrumbList\",\"@id\":\"https:\/\/otthon.kaposvar.hu\/hu\/lakossagi-informaciok\/kornyezetvedelem\/klimakucko\/#breadcrumb\",\"itemListElement\":[{\"@type\":\"ListItem\",\"position\":1,\"name\":\"Home\",\"item\":\"https:\/\/otthon.kaposvar.hu\/hu\/\"},{\"@type\":\"ListItem\",\"position\":2,\"name\":\"Lakoss\u00e1gi inform\u00e1ci\u00f3k\",\"item\":\"https:\/\/otthon.kaposvar.hu\/hu\/lakossagi-informaciok\/\"},{\"@type\":\"ListItem\",\"position\":3,\"name\":\"K\u00f6rnyezetv\u00e9delem\",\"item\":\"https:\/\/otthon.kaposvar.hu\/hu\/lakossagi-informaciok\/kornyezetvedelem\/\"},{\"@type\":\"ListItem\",\"position\":4,\"name\":\"Kl\u00edmakuck\u00f3\"}]},{\"@type\":\"WebSite\",\"@id\":\"https:\/\/otthon.kaposvar.hu\/hu\/#website\",\"url\":\"https:\/\/otthon.kaposvar.hu\/hu\/\",\"name\":\"Kaposv\u00e1r Megyei Jog\u00fa V\u00e1ros\",\"description\":\"\",\"publisher\":{\"@id\":\"https:\/\/otthon.kaposvar.hu\/hu\/#organization\"},\"potentialAction\":[{\"@type\":\"SearchAction\",\"target\":{\"@type\":\"EntryPoint\",\"urlTemplate\":\"https:\/\/otthon.kaposvar.hu\/hu\/?s={search_term_string}\"},\"query-input\":\"required name=search_term_string\"}],\"inLanguage\":\"hu\"},{\"@type\":\"Organization\",\"@id\":\"https:\/\/otthon.kaposvar.hu\/hu\/#organization\",\"name\":\"Kaposv\u00e1r Megyei Jog\u00fa V\u00e1ros\",\"url\":\"https:\/\/otthon.kaposvar.hu\/hu\/\",\"sameAs\":[\"https:\/\/www.instagram.com\/cityofkaposvar\/\",\"https:\/\/www.facebook.com\/cityofkaposvar\/\"],\"logo\":{\"@type\":\"ImageObject\",\"inLanguage\":\"hu\",\"@id\":\"https:\/\/otthon.kaposvar.hu\/hu\/#\/schema\/logo\/image\/\",\"url\":\"https:\/\/otthon.kaposvar.hu\/wp-content\/uploads\/2021\/10\/kaposvar_social.jpg\",\"contentUrl\":\"https:\/\/otthon.kaposvar.hu\/wp-content\/uploads\/2021\/10\/kaposvar_social.jpg\",\"width\":1200,\"height\":900,\"caption\":\"Kaposv\u00e1r Megyei Jog\u00fa V\u00e1ros\"},\"image\":{\"@id\":\"https:\/\/otthon.kaposvar.hu\/hu\/#\/schema\/logo\/image\/\"}}]}<\/script>\n<!-- \/ Yoast SEO plugin. -->","yoast_head_json":{"title":"Kl\u00edmakuck\u00f3 - Kaposv\u00e1r Megyei Jog\u00fa V\u00e1ros","robots":{"index":"index","follow":"follow","max-snippet":"max-snippet:-1","max-image-preview":"max-image-preview:large","max-video-preview":"max-video-preview:-1"},"canonical":"https:\/\/otthon.kaposvar.hu\/hu\/lakossagi-informaciok\/kornyezetvedelem\/klimakucko\/","og_locale":"hu_HU","og_type":"article","og_title":"Kl\u00edmakuck\u00f3 - Kaposv\u00e1r Megyei Jog\u00fa V\u00e1ros","og_description":"Kuck\u00f3zzon be, \u00e9s v\u00e9dje a k\u00f6rnyezetet! Mit k\u00edn\u00e1l a Kl\u00edmakuck\u00f3? A kl\u00edmakuck\u00f3 interakt\u00edv k\u00f6rnyezetv\u00e9delmi oktat\u00f3teremben (7400 Kaposv\u00e1r, Noszlopy G. u. 2.) \u00f3vodai csoportok \u00e9s iskolai oszt\u00e1lyok k\u00f6rnyezeti nevel\u00e9si foglalkoz\u00e1sait tartj\u00e1k, illetve csal\u00e1di projekteket is megval\u00f3s\u00edtanak a szakemberek. A Kl\u00edmakuck\u00f3 f\u0151 c\u00e9lja, hogy seg\u00edtse a lakoss\u00e1got a fenntarthat\u00f3s\u00e1g, a k\u00f6rnyezetv\u00e9delem \u00e9s a tudatos k\u00f6rnyezetbar\u00e1t viselked\u00e9s t\u00e9mak\u00f6r\u00e9ben [&hellip;]","og_url":"https:\/\/otthon.kaposvar.hu\/hu\/lakossagi-informaciok\/kornyezetvedelem\/klimakucko\/","og_site_name":"Kaposv\u00e1r Megyei Jog\u00fa V\u00e1ros","article_publisher":"https:\/\/www.facebook.com\/cityofkaposvar\/","article_modified_time":"2026-02-03T14:51:56+00:00","og_image":[{"width":2560,"height":1707,"url":"https:\/\/otthon.kaposvar.hu\/wp-content\/uploads\/2021\/10\/MMC_8395-scaled.jpeg","type":"image\/jpeg"}],"twitter_card":"summary_large_image","twitter_misc":{"Becs\u00fclt olvas\u00e1si id\u0151":"3 perc"},"schema":{"@context":"https:\/\/schema.org","@graph":[{"@type":"WebPage","@id":"https:\/\/otthon.kaposvar.hu\/hu\/lakossagi-informaciok\/kornyezetvedelem\/klimakucko\/","url":"https:\/\/otthon.kaposvar.hu\/hu\/lakossagi-informaciok\/kornyezetvedelem\/klimakucko\/","name":"Kl\u00edmakuck\u00f3 - Kaposv\u00e1r Megyei Jog\u00fa V\u00e1ros","isPartOf":{"@id":"https:\/\/otthon.kaposvar.hu\/hu\/#website"},"datePublished":"2021-10-14T08:51:55+00:00","dateModified":"2026-02-03T14:51:56+00:00","breadcrumb":{"@id":"https:\/\/otthon.kaposvar.hu\/hu\/lakossagi-informaciok\/kornyezetvedelem\/klimakucko\/#breadcrumb"},"inLanguage":"hu","potentialAction":[{"@type":"ReadAction","target":[["https:\/\/otthon.kaposvar.hu\/hu\/lakossagi-informaciok\/kornyezetvedelem\/klimakucko\/"]]}]},{"@type":"BreadcrumbList","@id":"https:\/\/otthon.kaposvar.hu\/hu\/lakossagi-informaciok\/kornyezetvedelem\/klimakucko\/#breadcrumb","itemListElement":[{"@type":"ListItem","position":1,"name":"Home","item":"https:\/\/otthon.kaposvar.hu\/hu\/"},{"@type":"ListItem","position":2,"name":"Lakoss\u00e1gi inform\u00e1ci\u00f3k","item":"https:\/\/otthon.kaposvar.hu\/hu\/lakossagi-informaciok\/"},{"@type":"ListItem","position":3,"name":"K\u00f6rnyezetv\u00e9delem","item":"https:\/\/otthon.kaposvar.hu\/hu\/lakossagi-informaciok\/kornyezetvedelem\/"},{"@type":"ListItem","position":4,"name":"Kl\u00edmakuck\u00f3"}]},{"@type":"WebSite","@id":"https:\/\/otthon.kaposvar.hu\/hu\/#website","url":"https:\/\/otthon.kaposvar.hu\/hu\/","name":"Kaposv\u00e1r Megyei Jog\u00fa V\u00e1ros","description":"","publisher":{"@id":"https:\/\/otthon.kaposvar.hu\/hu\/#organization"},"potentialAction":[{"@type":"SearchAction","target":{"@type":"EntryPoint","urlTemplate":"https:\/\/otthon.kaposvar.hu\/hu\/?s={search_term_string}"},"query-input":"required name=search_term_string"}],"inLanguage":"hu"},{"@type":"Organization","@id":"https:\/\/otthon.kaposvar.hu\/hu\/#organization","name":"Kaposv\u00e1r Megyei Jog\u00fa V\u00e1ros","url":"https:\/\/otthon.kaposvar.hu\/hu\/","sameAs":["https:\/\/www.instagram.com\/cityofkaposvar\/","https:\/\/www.facebook.com\/cityofkaposvar\/"],"logo":{"@type":"ImageObject","inLanguage":"hu","@id":"https:\/\/otthon.kaposvar.hu\/hu\/#\/schema\/logo\/image\/","url":"https:\/\/otthon.kaposvar.hu\/wp-content\/uploads\/2021\/10\/kaposvar_social.jpg","contentUrl":"https:\/\/otthon.kaposvar.hu\/wp-content\/uploads\/2021\/10\/kaposvar_social.jpg","width":1200,"height":900,"caption":"Kaposv\u00e1r Megyei Jog\u00fa V\u00e1ros"},"image":{"@id":"https:\/\/otthon.kaposvar.hu\/hu\/#\/schema\/logo\/image\/"}}]}},"_links":{"self":[{"href":"https:\/\/otthon.kaposvar.hu\/hu\/wp-json\/wp\/v2\/pages\/9660"}],"collection":[{"href":"https:\/\/otthon.kaposvar.hu\/hu\/wp-json\/wp\/v2\/pages"}],"about":[{"href":"https:\/\/otthon.kaposvar.hu\/hu\/wp-json\/wp\/v2\/types\/page"}],"author":[{"embeddable":true,"href":"https:\/\/otthon.kaposvar.hu\/hu\/wp-json\/wp\/v2\/users\/13"}],"replies":[{"embeddable":true,"href":"https:\/\/otthon.kaposvar.hu\/hu\/wp-json\/wp\/v2\/comments?post=9660"}],"version-history":[{"count":0,"href":"https:\/\/otthon.kaposvar.hu\/hu\/wp-json\/wp\/v2\/pages\/9660\/revisions"}],"up":[{"embeddable":true,"href":"https:\/\/otthon.kaposvar.hu\/hu\/wp-json\/wp\/v2\/pages\/1150"}],"wp:featuredmedia":[{"embeddable":true,"href":"https:\/\/otthon.kaposvar.hu\/hu\/wp-json\/wp\/v2\/media\/9661"}],"wp:attachment":[{"href":"https:\/\/otthon.kaposvar.hu\/hu\/wp-json\/wp\/v2\/media?parent=9660"}],"curies":[{"name":"wp","href":"https:\/\/api.w.org\/{rel}","templated":true}]}}