{"id":8608,"date":"2021-02-25T20:36:29","date_gmt":"2021-02-25T19:36:29","guid":{"rendered":"https:\/\/otthon.kaposvar.hu\/?page_id=8608"},"modified":"2021-03-01T15:51:37","modified_gmt":"2021-03-01T14:51:37","slug":"pollennaptar","status":"publish","type":"page","link":"https:\/\/otthon.kaposvar.hu\/hu\/lakossagi-informaciok\/egeszsegugy\/pollennaptar\/","title":{"rendered":"Pollennapt\u00e1r"},"content":{"rendered":"<p><\/p>\n<h3 class=\"kv-page-content-subtitle\">Kedves Kaposv\u00e1riak!<\/h3>\n<p>Magyarorsz\u00e1gon 2006 nyar\u00e1n els\u0151k\u00e9nt Kaposv\u00e1ron ind\u00edtottuk el a parlagf\u0171vonalat. 2018-ra siker\u00fclt<br \/>\neljutnunk od\u00e1ig, hogy Kaposv\u00e1r k\u00f6zter\u00fcletein nincs parlagf\u0171.<\/p>\n<p>Azonban nem csak ez a n\u00f6v\u00e9ny okozhat allergi\u00e1s t\u00fcneteket. Fontos, hogy az arra \u00e9rz\u00e9kenyek m\u00e1r a<br \/>\nprobl\u00e9m\u00e1t okoz\u00f3 fajt\u00e1k vir\u00e1gz\u00e1sa el\u0151tt gondoljanak a megel\u0151z\u00e9sre.<\/p>\n<p>Ehhez szeretn\u00e9nk seg\u00edts\u00e9get ny\u00fajtani az al\u00e1bbi pollennapt\u00e1rral.<\/p>\n<p>&nbsp;<\/p>\n<h3 class=\"kv-page-content-subtitle\">Pollennapt\u00e1r<\/h3>\n<div class=\"kv-page-margin-05\">\u00a0<\/div>\n<table class=\"bordered\" style=\"border-collapse: collapse;width: 100%\" border=\"1\" width=\"389pt\">\n<colgroup>\n<col style=\"width: 49pt\" width=\"65\" \/>\n<col style=\"width: 298pt\" width=\"397\" \/>\n<col style=\"width: 43pt\" width=\"57\" \/> <\/colgroup>\n<tbody>\n<tr style=\"height: 16.5pt\">\n<td class=\"xl102\" style=\"width: 23.0303%;height: 16.5pt\" height=\"22\">\n<h4 class=\"kv-page-content-paragraph kv-page-content-paragraphtitle\">N\u00f6v\u00e9ny<\/h4>\n<\/td>\n<td class=\"xl102\" style=\"width: 25.4545%\">\n<h4 class=\"kv-page-content-paragraph kv-page-content-paragraphtitle\">Vir\u00e1gz\u00e1s kezdete<\/h4>\n<\/td>\n<td class=\"xl102\" style=\"width: 51.4286%\">\n<h4 class=\"kv-page-content-paragraph kv-page-content-paragraphtitle\">Vir\u00e1gz\u00e1s v\u00e9ge<\/h4>\n<\/td>\n<\/tr>\n<tr style=\"height: 16.5pt\">\n<td class=\"xl102\" style=\"width: 23.0303%;height: 16.5pt\" height=\"22\">\n<p class=\"kv-page-content-paragraph\"><span style=\"font-family: MB Empire Book\">Mogyor\u00f3<\/span><\/p>\n<\/td>\n<td class=\"xl102\" style=\"width: 25.4545%\">\n<p class=\"kv-page-content-paragraph\">m\u00e1rcius eleje<\/p>\n<\/td>\n<td class=\"xl102\" style=\"width: 51.4286%\">\n<p class=\"kv-page-content-paragraph\">\u00e1prilis eleje<\/p>\n<\/td>\n<\/tr>\n<tr style=\"height: 16.5pt\">\n<td class=\"xl102\" style=\"width: 23.0303%;height: 16.5pt\" height=\"22\">\n<p class=\"kv-page-content-paragraph\"><span style=\"font-family: MB Empire Book\">Ny\u00edr<\/span><\/p>\n<\/td>\n<td class=\"xl102\" style=\"width: 25.4545%\">\n<p class=\"kv-page-content-paragraph\">m\u00e1rcius eleje<\/p>\n<\/td>\n<td class=\"xl102\" style=\"width: 51.4286%\">\n<p class=\"kv-page-content-paragraph\">j\u00fanius v\u00e9ge<\/p>\n<\/td>\n<\/tr>\n<tr style=\"height: 16.5pt\">\n<td class=\"xl102\" style=\"width: 23.0303%;height: 16.5pt\" height=\"22\">\n<p class=\"kv-page-content-paragraph\"><span style=\"font-family: MB Empire Book\">P\u00e1zsitf\u0171f\u00e9l\u00e9k<\/span><\/p>\n<\/td>\n<td class=\"xl102\" style=\"width: 25.4545%\">\n<p class=\"kv-page-content-paragraph\">\u00e1prilis k\u00f6zepe<\/p>\n<\/td>\n<td class=\"xl102\" style=\"width: 51.4286%\">\n<p class=\"kv-page-content-paragraph\">okt\u00f3ber v\u00e9ge<\/p>\n<\/td>\n<\/tr>\n<tr style=\"height: 16.5pt\">\n<td class=\"xl102\" style=\"width: 23.0303%;height: 16.5pt\" height=\"22\">\n<p class=\"kv-page-content-paragraph\"><span style=\"font-family: MB Empire Book\">L\u00e1ndzs\u00e1s \u00fatif\u0171<\/span><\/p>\n<\/td>\n<td class=\"xl102\" style=\"width: 25.4545%\">\n<p class=\"kv-page-content-paragraph\">m\u00e1jus eleje<\/p>\n<\/td>\n<td class=\"xl102\" style=\"width: 51.4286%\">\n<p class=\"kv-page-content-paragraph\">szeptember v\u00e9ge<\/p>\n<\/td>\n<\/tr>\n<tr style=\"height: 16.5pt\">\n<td class=\"xl102\" style=\"width: 23.0303%;height: 16.5pt\" height=\"22\">\n<p class=\"kv-page-content-paragraph\"><span style=\"font-family: MB Empire Book\">Libatopf\u00e9l\u00e9k<\/span><\/p>\n<\/td>\n<td class=\"xl102\" style=\"width: 25.4545%\">\n<p class=\"kv-page-content-paragraph\">j\u00fanius v\u00e9ge<\/p>\n<\/td>\n<td class=\"xl102\" style=\"width: 51.4286%\">\n<p class=\"kv-page-content-paragraph\">okt\u00f3ber k\u00f6zepe<\/p>\n<\/td>\n<\/tr>\n<tr style=\"height: 16.5pt\">\n<td class=\"xl102\" style=\"width: 23.0303%;height: 16.5pt\" height=\"22\">\n<p class=\"kv-page-content-paragraph\"><span style=\"font-family: MB Empire Book\">Fekete\u00fcr\u00f6m<\/span><\/p>\n<\/td>\n<td class=\"xl102\" style=\"width: 25.4545%\">\n<p class=\"kv-page-content-paragraph\">j\u00falius k\u00f6zepe<\/p>\n<\/td>\n<td class=\"xl102\" style=\"width: 51.4286%\">\n<p class=\"kv-page-content-paragraph\">okt\u00f3ber v\u00e9ge<\/p>\n<\/td>\n<\/tr>\n<tr style=\"height: 16.5pt\">\n<td class=\"xl102\" style=\"width: 23.0303%;height: 16.5pt\" height=\"22\">\n<p class=\"kv-page-content-paragraph\"><span style=\"font-family: MB Empire Book\">Parlagf\u0171<\/span><\/p>\n<\/td>\n<td class=\"xl102\" style=\"width: 25.4545%\">\n<p class=\"kv-page-content-paragraph\">augusztus eleje<\/p>\n<\/td>\n<td class=\"xl102\" style=\"width: 51.4286%\">\n<p class=\"kv-page-content-paragraph\">okt\u00f3ber v\u00e9ge<\/p>\n<\/td>\n<\/tr>\n<\/tbody>\n<\/table>\n<p>&nbsp;<\/p>\n<h4 class=\"kv-page-content-paragraphtitle\">Forr\u00e1s:\u00c1NTSZ\/MTVA Sajt\u00f3adatbank\/MTI<\/h4>\n<div class=\"kv-page-margin-1\">\u00a0<\/div>\n<p><\/p>","protected":false},"excerpt":{"rendered":"<p>Kedves Kaposv\u00e1riak! Magyarorsz\u00e1gon 2006 nyar\u00e1n els\u0151k\u00e9nt Kaposv\u00e1ron ind\u00edtottuk el a parlagf\u0171vonalat. 2018-ra siker\u00fclt eljutnunk od\u00e1ig, hogy Kaposv\u00e1r k\u00f6zter\u00fcletein nincs parlagf\u0171. Azonban nem csak ez a n\u00f6v\u00e9ny okozhat allergi\u00e1s t\u00fcneteket. Fontos, hogy az arra \u00e9rz\u00e9kenyek m\u00e1r a probl\u00e9m\u00e1t okoz\u00f3 fajt\u00e1k vir\u00e1gz\u00e1sa el\u0151tt gondoljanak a megel\u0151z\u00e9sre. Ehhez szeretn\u00e9nk seg\u00edts\u00e9get ny\u00fajtani az al\u00e1bbi pollennapt\u00e1rral. &nbsp; Pollennapt\u00e1r \u00a0 N\u00f6v\u00e9ny [&hellip;]<\/p>\n","protected":false},"author":13,"featured_media":0,"parent":209,"menu_order":0,"comment_status":"closed","ping_status":"closed","template":"","meta":[],"acf":[],"yoast_head":"<!-- This site is optimized with the Yoast SEO plugin v19.8 - https:\/\/yoast.com\/wordpress\/plugins\/seo\/ -->\n<title>Pollennapt\u00e1r - Kaposv\u00e1r Megyei Jog\u00fa V\u00e1ros<\/title>\n<meta name=\"robots\" content=\"index, follow, max-snippet:-1, max-image-preview:large, max-video-preview:-1\" \/>\n<link rel=\"canonical\" href=\"https:\/\/otthon.kaposvar.hu\/hu\/lakossagi-informaciok\/egeszsegugy\/pollennaptar\/\" \/>\n<meta property=\"og:locale\" content=\"hu_HU\" \/>\n<meta property=\"og:type\" content=\"article\" \/>\n<meta property=\"og:title\" content=\"Pollennapt\u00e1r - Kaposv\u00e1r Megyei Jog\u00fa V\u00e1ros\" \/>\n<meta property=\"og:description\" content=\"Kedves Kaposv\u00e1riak! Magyarorsz\u00e1gon 2006 nyar\u00e1n els\u0151k\u00e9nt Kaposv\u00e1ron ind\u00edtottuk el a parlagf\u0171vonalat. 2018-ra siker\u00fclt eljutnunk od\u00e1ig, hogy Kaposv\u00e1r k\u00f6zter\u00fcletein nincs parlagf\u0171. Azonban nem csak ez a n\u00f6v\u00e9ny okozhat allergi\u00e1s t\u00fcneteket. Fontos, hogy az arra \u00e9rz\u00e9kenyek m\u00e1r a probl\u00e9m\u00e1t okoz\u00f3 fajt\u00e1k vir\u00e1gz\u00e1sa el\u0151tt gondoljanak a megel\u0151z\u00e9sre. Ehhez szeretn\u00e9nk seg\u00edts\u00e9get ny\u00fajtani az al\u00e1bbi pollennapt\u00e1rral. &nbsp; Pollennapt\u00e1r \u00a0 N\u00f6v\u00e9ny [&hellip;]\" \/>\n<meta property=\"og:url\" content=\"https:\/\/otthon.kaposvar.hu\/hu\/lakossagi-informaciok\/egeszsegugy\/pollennaptar\/\" \/>\n<meta property=\"og:site_name\" content=\"Kaposv\u00e1r Megyei Jog\u00fa V\u00e1ros\" \/>\n<meta property=\"article:publisher\" content=\"https:\/\/www.facebook.com\/cityofkaposvar\/\" \/>\n<meta property=\"article:modified_time\" content=\"2021-03-01T14:51:37+00:00\" \/>\n<meta property=\"og:image\" content=\"https:\/\/otthon.kaposvar.hu\/wp-content\/uploads\/2021\/10\/kaposvar_social.jpg\" \/>\n\t<meta property=\"og:image:width\" content=\"1200\" \/>\n\t<meta property=\"og:image:height\" content=\"900\" \/>\n\t<meta property=\"og:image:type\" content=\"image\/jpeg\" \/>\n<meta name=\"twitter:card\" content=\"summary_large_image\" \/>\n<meta name=\"twitter:label1\" content=\"Becs\u00fclt olvas\u00e1si id\u0151\" \/>\n\t<meta name=\"twitter:data1\" content=\"1 perc\" \/>\n<script type=\"application\/ld+json\" class=\"yoast-schema-graph\">{\"@context\":\"https:\/\/schema.org\",\"@graph\":[{\"@type\":\"WebPage\",\"@id\":\"https:\/\/otthon.kaposvar.hu\/hu\/lakossagi-informaciok\/egeszsegugy\/pollennaptar\/\",\"url\":\"https:\/\/otthon.kaposvar.hu\/hu\/lakossagi-informaciok\/egeszsegugy\/pollennaptar\/\",\"name\":\"Pollennapt\u00e1r - Kaposv\u00e1r Megyei Jog\u00fa V\u00e1ros\",\"isPartOf\":{\"@id\":\"https:\/\/otthon.kaposvar.hu\/hu\/#website\"},\"datePublished\":\"2021-02-25T19:36:29+00:00\",\"dateModified\":\"2021-03-01T14:51:37+00:00\",\"breadcrumb\":{\"@id\":\"https:\/\/otthon.kaposvar.hu\/hu\/lakossagi-informaciok\/egeszsegugy\/pollennaptar\/#breadcrumb\"},\"inLanguage\":\"hu\",\"potentialAction\":[{\"@type\":\"ReadAction\",\"target\":[[\"https:\/\/otthon.kaposvar.hu\/hu\/lakossagi-informaciok\/egeszsegugy\/pollennaptar\/\"]]}]},{\"@type\":\"BreadcrumbList\",\"@id\":\"https:\/\/otthon.kaposvar.hu\/hu\/lakossagi-informaciok\/egeszsegugy\/pollennaptar\/#breadcrumb\",\"itemListElement\":[{\"@type\":\"ListItem\",\"position\":1,\"name\":\"Home\",\"item\":\"https:\/\/otthon.kaposvar.hu\/hu\/\"},{\"@type\":\"ListItem\",\"position\":2,\"name\":\"Lakoss\u00e1gi inform\u00e1ci\u00f3k\",\"item\":\"https:\/\/otthon.kaposvar.hu\/hu\/lakossagi-informaciok\/\"},{\"@type\":\"ListItem\",\"position\":3,\"name\":\"Eg\u00e9szs\u00e9g\u00fcgy\",\"item\":\"https:\/\/otthon.kaposvar.hu\/hu\/lakossagi-informaciok\/egeszsegugy\/\"},{\"@type\":\"ListItem\",\"position\":4,\"name\":\"Pollennapt\u00e1r\"}]},{\"@type\":\"WebSite\",\"@id\":\"https:\/\/otthon.kaposvar.hu\/hu\/#website\",\"url\":\"https:\/\/otthon.kaposvar.hu\/hu\/\",\"name\":\"Kaposv\u00e1r Megyei Jog\u00fa V\u00e1ros\",\"description\":\"\",\"publisher\":{\"@id\":\"https:\/\/otthon.kaposvar.hu\/hu\/#organization\"},\"potentialAction\":[{\"@type\":\"SearchAction\",\"target\":{\"@type\":\"EntryPoint\",\"urlTemplate\":\"https:\/\/otthon.kaposvar.hu\/hu\/?s={search_term_string}\"},\"query-input\":\"required name=search_term_string\"}],\"inLanguage\":\"hu\"},{\"@type\":\"Organization\",\"@id\":\"https:\/\/otthon.kaposvar.hu\/hu\/#organization\",\"name\":\"Kaposv\u00e1r Megyei Jog\u00fa V\u00e1ros\",\"url\":\"https:\/\/otthon.kaposvar.hu\/hu\/\",\"sameAs\":[\"https:\/\/www.instagram.com\/cityofkaposvar\/\",\"https:\/\/www.facebook.com\/cityofkaposvar\/\"],\"logo\":{\"@type\":\"ImageObject\",\"inLanguage\":\"hu\",\"@id\":\"https:\/\/otthon.kaposvar.hu\/hu\/#\/schema\/logo\/image\/\",\"url\":\"https:\/\/otthon.kaposvar.hu\/wp-content\/uploads\/2021\/10\/kaposvar_social.jpg\",\"contentUrl\":\"https:\/\/otthon.kaposvar.hu\/wp-content\/uploads\/2021\/10\/kaposvar_social.jpg\",\"width\":1200,\"height\":900,\"caption\":\"Kaposv\u00e1r Megyei Jog\u00fa V\u00e1ros\"},\"image\":{\"@id\":\"https:\/\/otthon.kaposvar.hu\/hu\/#\/schema\/logo\/image\/\"}}]}<\/script>\n<!-- \/ Yoast SEO plugin. -->","yoast_head_json":{"title":"Pollennapt\u00e1r - Kaposv\u00e1r Megyei Jog\u00fa V\u00e1ros","robots":{"index":"index","follow":"follow","max-snippet":"max-snippet:-1","max-image-preview":"max-image-preview:large","max-video-preview":"max-video-preview:-1"},"canonical":"https:\/\/otthon.kaposvar.hu\/hu\/lakossagi-informaciok\/egeszsegugy\/pollennaptar\/","og_locale":"hu_HU","og_type":"article","og_title":"Pollennapt\u00e1r - Kaposv\u00e1r Megyei Jog\u00fa V\u00e1ros","og_description":"Kedves Kaposv\u00e1riak! Magyarorsz\u00e1gon 2006 nyar\u00e1n els\u0151k\u00e9nt Kaposv\u00e1ron ind\u00edtottuk el a parlagf\u0171vonalat. 2018-ra siker\u00fclt eljutnunk od\u00e1ig, hogy Kaposv\u00e1r k\u00f6zter\u00fcletein nincs parlagf\u0171. Azonban nem csak ez a n\u00f6v\u00e9ny okozhat allergi\u00e1s t\u00fcneteket. Fontos, hogy az arra \u00e9rz\u00e9kenyek m\u00e1r a probl\u00e9m\u00e1t okoz\u00f3 fajt\u00e1k vir\u00e1gz\u00e1sa el\u0151tt gondoljanak a megel\u0151z\u00e9sre. Ehhez szeretn\u00e9nk seg\u00edts\u00e9get ny\u00fajtani az al\u00e1bbi pollennapt\u00e1rral. &nbsp; Pollennapt\u00e1r \u00a0 N\u00f6v\u00e9ny [&hellip;]","og_url":"https:\/\/otthon.kaposvar.hu\/hu\/lakossagi-informaciok\/egeszsegugy\/pollennaptar\/","og_site_name":"Kaposv\u00e1r Megyei Jog\u00fa V\u00e1ros","article_publisher":"https:\/\/www.facebook.com\/cityofkaposvar\/","article_modified_time":"2021-03-01T14:51:37+00:00","og_image":[{"width":1200,"height":900,"url":"https:\/\/otthon.kaposvar.hu\/wp-content\/uploads\/2021\/10\/kaposvar_social.jpg","type":"image\/jpeg"}],"twitter_card":"summary_large_image","twitter_misc":{"Becs\u00fclt olvas\u00e1si id\u0151":"1 perc"},"schema":{"@context":"https:\/\/schema.org","@graph":[{"@type":"WebPage","@id":"https:\/\/otthon.kaposvar.hu\/hu\/lakossagi-informaciok\/egeszsegugy\/pollennaptar\/","url":"https:\/\/otthon.kaposvar.hu\/hu\/lakossagi-informaciok\/egeszsegugy\/pollennaptar\/","name":"Pollennapt\u00e1r - Kaposv\u00e1r Megyei Jog\u00fa V\u00e1ros","isPartOf":{"@id":"https:\/\/otthon.kaposvar.hu\/hu\/#website"},"datePublished":"2021-02-25T19:36:29+00:00","dateModified":"2021-03-01T14:51:37+00:00","breadcrumb":{"@id":"https:\/\/otthon.kaposvar.hu\/hu\/lakossagi-informaciok\/egeszsegugy\/pollennaptar\/#breadcrumb"},"inLanguage":"hu","potentialAction":[{"@type":"ReadAction","target":[["https:\/\/otthon.kaposvar.hu\/hu\/lakossagi-informaciok\/egeszsegugy\/pollennaptar\/"]]}]},{"@type":"BreadcrumbList","@id":"https:\/\/otthon.kaposvar.hu\/hu\/lakossagi-informaciok\/egeszsegugy\/pollennaptar\/#breadcrumb","itemListElement":[{"@type":"ListItem","position":1,"name":"Home","item":"https:\/\/otthon.kaposvar.hu\/hu\/"},{"@type":"ListItem","position":2,"name":"Lakoss\u00e1gi inform\u00e1ci\u00f3k","item":"https:\/\/otthon.kaposvar.hu\/hu\/lakossagi-informaciok\/"},{"@type":"ListItem","position":3,"name":"Eg\u00e9szs\u00e9g\u00fcgy","item":"https:\/\/otthon.kaposvar.hu\/hu\/lakossagi-informaciok\/egeszsegugy\/"},{"@type":"ListItem","position":4,"name":"Pollennapt\u00e1r"}]},{"@type":"WebSite","@id":"https:\/\/otthon.kaposvar.hu\/hu\/#website","url":"https:\/\/otthon.kaposvar.hu\/hu\/","name":"Kaposv\u00e1r Megyei Jog\u00fa V\u00e1ros","description":"","publisher":{"@id":"https:\/\/otthon.kaposvar.hu\/hu\/#organization"},"potentialAction":[{"@type":"SearchAction","target":{"@type":"EntryPoint","urlTemplate":"https:\/\/otthon.kaposvar.hu\/hu\/?s={search_term_string}"},"query-input":"required name=search_term_string"}],"inLanguage":"hu"},{"@type":"Organization","@id":"https:\/\/otthon.kaposvar.hu\/hu\/#organization","name":"Kaposv\u00e1r Megyei Jog\u00fa V\u00e1ros","url":"https:\/\/otthon.kaposvar.hu\/hu\/","sameAs":["https:\/\/www.instagram.com\/cityofkaposvar\/","https:\/\/www.facebook.com\/cityofkaposvar\/"],"logo":{"@type":"ImageObject","inLanguage":"hu","@id":"https:\/\/otthon.kaposvar.hu\/hu\/#\/schema\/logo\/image\/","url":"https:\/\/otthon.kaposvar.hu\/wp-content\/uploads\/2021\/10\/kaposvar_social.jpg","contentUrl":"https:\/\/otthon.kaposvar.hu\/wp-content\/uploads\/2021\/10\/kaposvar_social.jpg","width":1200,"height":900,"caption":"Kaposv\u00e1r Megyei Jog\u00fa V\u00e1ros"},"image":{"@id":"https:\/\/otthon.kaposvar.hu\/hu\/#\/schema\/logo\/image\/"}}]}},"_links":{"self":[{"href":"https:\/\/otthon.kaposvar.hu\/hu\/wp-json\/wp\/v2\/pages\/8608"}],"collection":[{"href":"https:\/\/otthon.kaposvar.hu\/hu\/wp-json\/wp\/v2\/pages"}],"about":[{"href":"https:\/\/otthon.kaposvar.hu\/hu\/wp-json\/wp\/v2\/types\/page"}],"author":[{"embeddable":true,"href":"https:\/\/otthon.kaposvar.hu\/hu\/wp-json\/wp\/v2\/users\/13"}],"replies":[{"embeddable":true,"href":"https:\/\/otthon.kaposvar.hu\/hu\/wp-json\/wp\/v2\/comments?post=8608"}],"version-history":[{"count":0,"href":"https:\/\/otthon.kaposvar.hu\/hu\/wp-json\/wp\/v2\/pages\/8608\/revisions"}],"up":[{"embeddable":true,"href":"https:\/\/otthon.kaposvar.hu\/hu\/wp-json\/wp\/v2\/pages\/209"}],"wp:attachment":[{"href":"https:\/\/otthon.kaposvar.hu\/hu\/wp-json\/wp\/v2\/media?parent=8608"}],"curies":[{"name":"wp","href":"https:\/\/api.w.org\/{rel}","templated":true}]}}