{"id":679,"date":"2017-02-08T14:15:18","date_gmt":"2017-02-08T13:15:18","guid":{"rendered":"http:\/\/lakossag.gyori.co.hu\/?page_id=679"},"modified":"2026-03-24T15:50:01","modified_gmt":"2026-03-24T14:50:01","slug":"fogorvosi-ugyelet","status":"publish","type":"page","link":"https:\/\/otthon.kaposvar.hu\/hu\/lakossagi-informaciok\/egeszsegugy\/fogorvosi-korzetek\/fogorvosi-ugyelet\/","title":{"rendered":"Fogorvosi \u00fcgyelet"},"content":{"rendered":"<p><\/p>\n<h2 class=\"kv-page-content-title\">Fogorvosi \u00fcgyelet<\/h2>\n<p class=\"kv-page-content-paragraph\"><em>7400 Kaposv\u00e1r, Ezred\u00e9v utca 13.<\/em><br \/>\nTelefon: +36 (82) 427 480<br \/>\nRendel\u00e9si id\u0151: szombat, vas\u00e1rnap \u00e9s \u00fcnnepnap: 8.00-14.00<\/p>\n<div class=\"kv-page-margin-05\">\u00a0<\/div>\n<h4 class=\"kv-page-content-paragraphtitle\">Ell\u00e1tott telep\u00fcl\u00e9sek:<\/h4>\n<p class=\"kv-page-content-paragraph\">Kaposv\u00e1r, Als\u00f3bog\u00e1t, Andocs, Bab\u00f3csa, Bakh\u00e1za, Balatonbogl\u00e1r, Balatonfenyves, Balatonlelle, Barcs, B\u00e1rdudvarnok, Bat\u00e9, Bedegk\u00e9r, B\u00e9lav\u00e1r, Beleg, Berzence, Bodrog, Bolh\u00e1s, Bolh\u00f3, Bonnya, B\u0151sz\u00e9nfa, B\u00fcss\u00fc, Cser\u00e9nfa, Csokonyavisonta, Csoma, Csomb\u00e1rd, Cs\u00f6k\u00f6ly, Csurg\u00f3, Csurg\u00f3nagymarton, Dar\u00e1ny, Dr\u00e1vag\u00e1rdony, Dr\u00e1vatam\u00e1si, Ecseny, Edde, Fels\u0151mocsol\u00e1d, Fiad, Fon\u00f3, Gad\u00e1cs, G\u00e1losfa, Gam\u00e1s, Gige, G\u00f6lle, G\u00f6rgeteg, Gy\u00e9k\u00e9nyes, H\u00e1cs, Hajm\u00e1s, H\u00e1romfa, Hedrehely, Hencse, Heresznye, Hetes, Homokszentgy\u00f6rgy, Igal, Iharos, Iharosber\u00e9ny, Inke, Istv\u00e1ndi, J\u00e1k\u00f3, Juta, Kadark\u00fat, K\u00e1lm\u00e1ncsa, K\u00e1nya, Kapoly, Kaposf\u0151, Kaposgyarmat, Kaposhomok, Kaposkereszt\u00far, Kaposm\u00e9r\u0151, Kapos\u00fajlak, Kaposszerdahely, K\u00e1ra, Kar\u00e1d, Kast\u00e9lyosdomb\u00f3, Kasz\u00f3, Kazsok, Kercseliget, Kisasszond, Kisbajom, Kisb\u00e1rap\u00e1ti, Kisber\u00e9ny, Kisgyal\u00e1n, Kiskorp\u00e1d, Koml\u00f3sd, K\u0151k\u00fat, Kutas, L\u00e1bod, Lad, Lak\u00f3csa, L\u00e1tr\u00e1ny, Lengyelt\u00f3ti, Magyarat\u00e1d, Magyaregres, Mernye, Mez\u0151csokonya, Mike, Mikl\u00f3si, Mosd\u00f3s, Nagyat\u00e1d, Nagybajom, Nagyberki, Nagykorp\u00e1d, Nagyszak\u00e1csi, Nemesd\u00e9d, Nemeskisfalud, Orci, Ordacsehi, Osztop\u00e1n, \u00d6reglak, \u0150rtilos, \u00d6tv\u00f6sk\u00f3nyi, P\u00e1lmajor, Patalom, Patca, Patosfa, P\u00e9terhida, Pog\u00e1nyszentp\u00e9ter, Pol\u00e1ny, Porrog, Porrogszentkir\u00e1ly, Porrogszentp\u00e1l, Potony, R\u00e1ksi, Rinyabeseny\u0151, Rinyakov\u00e1csi, Rinya\u00fajlak, Rinya\u00fajn\u00e9p, S\u00e1ntos, Segesd, Simonfa, Somogyacsa, Somogyaracs, Somogyaszal\u00f3, Somogybabod, Somogyb\u00fckk\u00f6sd, Somogycsics\u00f3, Somogyd\u00f6r\u00f6cske, Somogyegres, Somogygeszti, Somogyj\u00e1d, Somogymeggyes, Somogys\u00e1rd, Somogyszil, Somogyszob, Somogyt\u00far, Somogyudvarhely, Somogyv\u00e1mos, Szabadi, Szab\u00e1s, Szenna, Szenta, Szentbal\u00e1zs, Szentborb\u00e1s, Szentg\u00e1losk\u00e9r, Szeny\u00e9r, Szilv\u00e1sszentm\u00e1rton, Szorosad, Sz\u0151l\u0151sgy\u00f6r\u00f6k, Szulok, Tarany, Tasz\u00e1r, Teng\u0151d, T\u00f3t\u00fajfalu, T\u00f6r\u00f6kkopp\u00e1ny, \u00dajv\u00e1rfalva, Var\u00e1szl\u00f3, V\u00e1rda, V\u00e9se, Visnye, Visz, V\u00edzv\u00e1r, Z\u00e1k\u00e1ny, Z\u00e1k\u00e1nyfalu, Zim\u00e1ny, Zselickisfalud, Zselickislak, Zselicszentp\u00e1l<\/p>\n<div class=\"kv-page-margin-15\">\u00a0<\/div>\n<p><\/p>","protected":false},"excerpt":{"rendered":"<p>Fogorvosi \u00fcgyelet 7400 Kaposv\u00e1r, Ezred\u00e9v utca 13. Telefon: +36 (82) 427 480 Rendel\u00e9si id\u0151: szombat, vas\u00e1rnap \u00e9s \u00fcnnepnap: 8.00-14.00 \u00a0 Ell\u00e1tott telep\u00fcl\u00e9sek: Kaposv\u00e1r, Als\u00f3bog\u00e1t, Andocs, Bab\u00f3csa, Bakh\u00e1za, Balatonbogl\u00e1r, Balatonfenyves, Balatonlelle, Barcs, B\u00e1rdudvarnok, Bat\u00e9, Bedegk\u00e9r, B\u00e9lav\u00e1r, Beleg, Berzence, Bodrog, Bolh\u00e1s, Bolh\u00f3, Bonnya, B\u0151sz\u00e9nfa, B\u00fcss\u00fc, Cser\u00e9nfa, Csokonyavisonta, Csoma, Csomb\u00e1rd, Cs\u00f6k\u00f6ly, Csurg\u00f3, Csurg\u00f3nagymarton, Dar\u00e1ny, Dr\u00e1vag\u00e1rdony, Dr\u00e1vatam\u00e1si, Ecseny, Edde, [&hellip;]<\/p>\n","protected":false},"author":13,"featured_media":0,"parent":217,"menu_order":4,"comment_status":"closed","ping_status":"closed","template":"","meta":[],"acf":[],"yoast_head":"<!-- This site is optimized with the Yoast SEO plugin v19.8 - https:\/\/yoast.com\/wordpress\/plugins\/seo\/ -->\n<title>Fogorvosi \u00fcgyelet - Kaposv\u00e1r Megyei Jog\u00fa V\u00e1ros<\/title>\n<meta name=\"robots\" content=\"index, follow, max-snippet:-1, max-image-preview:large, max-video-preview:-1\" \/>\n<link rel=\"canonical\" href=\"https:\/\/otthon.kaposvar.hu\/hu\/lakossagi-informaciok\/egeszsegugy\/fogorvosi-korzetek\/fogorvosi-ugyelet\/\" \/>\n<meta property=\"og:locale\" content=\"hu_HU\" \/>\n<meta property=\"og:type\" content=\"article\" \/>\n<meta property=\"og:title\" content=\"Fogorvosi \u00fcgyelet - Kaposv\u00e1r Megyei Jog\u00fa V\u00e1ros\" \/>\n<meta property=\"og:description\" content=\"Fogorvosi \u00fcgyelet 7400 Kaposv\u00e1r, Ezred\u00e9v utca 13. Telefon: +36 (82) 427 480 Rendel\u00e9si id\u0151: szombat, vas\u00e1rnap \u00e9s \u00fcnnepnap: 8.00-14.00 \u00a0 Ell\u00e1tott telep\u00fcl\u00e9sek: Kaposv\u00e1r, Als\u00f3bog\u00e1t, Andocs, Bab\u00f3csa, Bakh\u00e1za, Balatonbogl\u00e1r, Balatonfenyves, Balatonlelle, Barcs, B\u00e1rdudvarnok, Bat\u00e9, Bedegk\u00e9r, B\u00e9lav\u00e1r, Beleg, Berzence, Bodrog, Bolh\u00e1s, Bolh\u00f3, Bonnya, B\u0151sz\u00e9nfa, B\u00fcss\u00fc, Cser\u00e9nfa, Csokonyavisonta, Csoma, Csomb\u00e1rd, Cs\u00f6k\u00f6ly, Csurg\u00f3, Csurg\u00f3nagymarton, Dar\u00e1ny, Dr\u00e1vag\u00e1rdony, Dr\u00e1vatam\u00e1si, Ecseny, Edde, [&hellip;]\" \/>\n<meta property=\"og:url\" content=\"https:\/\/otthon.kaposvar.hu\/hu\/lakossagi-informaciok\/egeszsegugy\/fogorvosi-korzetek\/fogorvosi-ugyelet\/\" \/>\n<meta property=\"og:site_name\" content=\"Kaposv\u00e1r Megyei Jog\u00fa V\u00e1ros\" \/>\n<meta property=\"article:publisher\" content=\"https:\/\/www.facebook.com\/cityofkaposvar\/\" \/>\n<meta property=\"article:modified_time\" content=\"2026-03-24T14:50:01+00:00\" \/>\n<meta property=\"og:image\" content=\"https:\/\/otthon.kaposvar.hu\/wp-content\/uploads\/2021\/10\/kaposvar_social.jpg\" \/>\n\t<meta property=\"og:image:width\" content=\"1200\" \/>\n\t<meta property=\"og:image:height\" content=\"900\" \/>\n\t<meta property=\"og:image:type\" content=\"image\/jpeg\" \/>\n<meta name=\"twitter:card\" content=\"summary_large_image\" \/>\n<meta name=\"twitter:label1\" content=\"Becs\u00fclt olvas\u00e1si id\u0151\" \/>\n\t<meta name=\"twitter:data1\" content=\"2 perc\" \/>\n<script type=\"application\/ld+json\" class=\"yoast-schema-graph\">{\"@context\":\"https:\/\/schema.org\",\"@graph\":[{\"@type\":\"WebPage\",\"@id\":\"https:\/\/otthon.kaposvar.hu\/hu\/lakossagi-informaciok\/egeszsegugy\/fogorvosi-korzetek\/fogorvosi-ugyelet\/\",\"url\":\"https:\/\/otthon.kaposvar.hu\/hu\/lakossagi-informaciok\/egeszsegugy\/fogorvosi-korzetek\/fogorvosi-ugyelet\/\",\"name\":\"Fogorvosi \u00fcgyelet - Kaposv\u00e1r Megyei Jog\u00fa V\u00e1ros\",\"isPartOf\":{\"@id\":\"https:\/\/otthon.kaposvar.hu\/hu\/#website\"},\"datePublished\":\"2017-02-08T13:15:18+00:00\",\"dateModified\":\"2026-03-24T14:50:01+00:00\",\"breadcrumb\":{\"@id\":\"https:\/\/otthon.kaposvar.hu\/hu\/lakossagi-informaciok\/egeszsegugy\/fogorvosi-korzetek\/fogorvosi-ugyelet\/#breadcrumb\"},\"inLanguage\":\"hu\",\"potentialAction\":[{\"@type\":\"ReadAction\",\"target\":[[\"https:\/\/otthon.kaposvar.hu\/hu\/lakossagi-informaciok\/egeszsegugy\/fogorvosi-korzetek\/fogorvosi-ugyelet\/\"]]}]},{\"@type\":\"BreadcrumbList\",\"@id\":\"https:\/\/otthon.kaposvar.hu\/hu\/lakossagi-informaciok\/egeszsegugy\/fogorvosi-korzetek\/fogorvosi-ugyelet\/#breadcrumb\",\"itemListElement\":[{\"@type\":\"ListItem\",\"position\":1,\"name\":\"Home\",\"item\":\"https:\/\/otthon.kaposvar.hu\/hu\/\"},{\"@type\":\"ListItem\",\"position\":2,\"name\":\"Lakoss\u00e1gi inform\u00e1ci\u00f3k\",\"item\":\"https:\/\/otthon.kaposvar.hu\/hu\/lakossagi-informaciok\/\"},{\"@type\":\"ListItem\",\"position\":3,\"name\":\"Eg\u00e9szs\u00e9g\u00fcgy\",\"item\":\"https:\/\/otthon.kaposvar.hu\/hu\/lakossagi-informaciok\/egeszsegugy\/\"},{\"@type\":\"ListItem\",\"position\":4,\"name\":\"Fogorvosi k\u00f6rzetek\",\"item\":\"https:\/\/otthon.kaposvar.hu\/hu\/lakossagi-informaciok\/egeszsegugy\/fogorvosi-korzetek\/\"},{\"@type\":\"ListItem\",\"position\":5,\"name\":\"Fogorvosi \u00fcgyelet\"}]},{\"@type\":\"WebSite\",\"@id\":\"https:\/\/otthon.kaposvar.hu\/hu\/#website\",\"url\":\"https:\/\/otthon.kaposvar.hu\/hu\/\",\"name\":\"Kaposv\u00e1r Megyei Jog\u00fa V\u00e1ros\",\"description\":\"\",\"publisher\":{\"@id\":\"https:\/\/otthon.kaposvar.hu\/hu\/#organization\"},\"potentialAction\":[{\"@type\":\"SearchAction\",\"target\":{\"@type\":\"EntryPoint\",\"urlTemplate\":\"https:\/\/otthon.kaposvar.hu\/hu\/?s={search_term_string}\"},\"query-input\":\"required name=search_term_string\"}],\"inLanguage\":\"hu\"},{\"@type\":\"Organization\",\"@id\":\"https:\/\/otthon.kaposvar.hu\/hu\/#organization\",\"name\":\"Kaposv\u00e1r Megyei Jog\u00fa V\u00e1ros\",\"url\":\"https:\/\/otthon.kaposvar.hu\/hu\/\",\"sameAs\":[\"https:\/\/www.instagram.com\/cityofkaposvar\/\",\"https:\/\/www.facebook.com\/cityofkaposvar\/\"],\"logo\":{\"@type\":\"ImageObject\",\"inLanguage\":\"hu\",\"@id\":\"https:\/\/otthon.kaposvar.hu\/hu\/#\/schema\/logo\/image\/\",\"url\":\"https:\/\/otthon.kaposvar.hu\/wp-content\/uploads\/2021\/10\/kaposvar_social.jpg\",\"contentUrl\":\"https:\/\/otthon.kaposvar.hu\/wp-content\/uploads\/2021\/10\/kaposvar_social.jpg\",\"width\":1200,\"height\":900,\"caption\":\"Kaposv\u00e1r Megyei Jog\u00fa V\u00e1ros\"},\"image\":{\"@id\":\"https:\/\/otthon.kaposvar.hu\/hu\/#\/schema\/logo\/image\/\"}}]}<\/script>\n<!-- \/ Yoast SEO plugin. -->","yoast_head_json":{"title":"Fogorvosi \u00fcgyelet - Kaposv\u00e1r Megyei Jog\u00fa V\u00e1ros","robots":{"index":"index","follow":"follow","max-snippet":"max-snippet:-1","max-image-preview":"max-image-preview:large","max-video-preview":"max-video-preview:-1"},"canonical":"https:\/\/otthon.kaposvar.hu\/hu\/lakossagi-informaciok\/egeszsegugy\/fogorvosi-korzetek\/fogorvosi-ugyelet\/","og_locale":"hu_HU","og_type":"article","og_title":"Fogorvosi \u00fcgyelet - Kaposv\u00e1r Megyei Jog\u00fa V\u00e1ros","og_description":"Fogorvosi \u00fcgyelet 7400 Kaposv\u00e1r, Ezred\u00e9v utca 13. Telefon: +36 (82) 427 480 Rendel\u00e9si id\u0151: szombat, vas\u00e1rnap \u00e9s \u00fcnnepnap: 8.00-14.00 \u00a0 Ell\u00e1tott telep\u00fcl\u00e9sek: Kaposv\u00e1r, Als\u00f3bog\u00e1t, Andocs, Bab\u00f3csa, Bakh\u00e1za, Balatonbogl\u00e1r, Balatonfenyves, Balatonlelle, Barcs, B\u00e1rdudvarnok, Bat\u00e9, Bedegk\u00e9r, B\u00e9lav\u00e1r, Beleg, Berzence, Bodrog, Bolh\u00e1s, Bolh\u00f3, Bonnya, B\u0151sz\u00e9nfa, B\u00fcss\u00fc, Cser\u00e9nfa, Csokonyavisonta, Csoma, Csomb\u00e1rd, Cs\u00f6k\u00f6ly, Csurg\u00f3, Csurg\u00f3nagymarton, Dar\u00e1ny, Dr\u00e1vag\u00e1rdony, Dr\u00e1vatam\u00e1si, Ecseny, Edde, [&hellip;]","og_url":"https:\/\/otthon.kaposvar.hu\/hu\/lakossagi-informaciok\/egeszsegugy\/fogorvosi-korzetek\/fogorvosi-ugyelet\/","og_site_name":"Kaposv\u00e1r Megyei Jog\u00fa V\u00e1ros","article_publisher":"https:\/\/www.facebook.com\/cityofkaposvar\/","article_modified_time":"2026-03-24T14:50:01+00:00","og_image":[{"width":1200,"height":900,"url":"https:\/\/otthon.kaposvar.hu\/wp-content\/uploads\/2021\/10\/kaposvar_social.jpg","type":"image\/jpeg"}],"twitter_card":"summary_large_image","twitter_misc":{"Becs\u00fclt olvas\u00e1si id\u0151":"2 perc"},"schema":{"@context":"https:\/\/schema.org","@graph":[{"@type":"WebPage","@id":"https:\/\/otthon.kaposvar.hu\/hu\/lakossagi-informaciok\/egeszsegugy\/fogorvosi-korzetek\/fogorvosi-ugyelet\/","url":"https:\/\/otthon.kaposvar.hu\/hu\/lakossagi-informaciok\/egeszsegugy\/fogorvosi-korzetek\/fogorvosi-ugyelet\/","name":"Fogorvosi \u00fcgyelet - Kaposv\u00e1r Megyei Jog\u00fa V\u00e1ros","isPartOf":{"@id":"https:\/\/otthon.kaposvar.hu\/hu\/#website"},"datePublished":"2017-02-08T13:15:18+00:00","dateModified":"2026-03-24T14:50:01+00:00","breadcrumb":{"@id":"https:\/\/otthon.kaposvar.hu\/hu\/lakossagi-informaciok\/egeszsegugy\/fogorvosi-korzetek\/fogorvosi-ugyelet\/#breadcrumb"},"inLanguage":"hu","potentialAction":[{"@type":"ReadAction","target":[["https:\/\/otthon.kaposvar.hu\/hu\/lakossagi-informaciok\/egeszsegugy\/fogorvosi-korzetek\/fogorvosi-ugyelet\/"]]}]},{"@type":"BreadcrumbList","@id":"https:\/\/otthon.kaposvar.hu\/hu\/lakossagi-informaciok\/egeszsegugy\/fogorvosi-korzetek\/fogorvosi-ugyelet\/#breadcrumb","itemListElement":[{"@type":"ListItem","position":1,"name":"Home","item":"https:\/\/otthon.kaposvar.hu\/hu\/"},{"@type":"ListItem","position":2,"name":"Lakoss\u00e1gi inform\u00e1ci\u00f3k","item":"https:\/\/otthon.kaposvar.hu\/hu\/lakossagi-informaciok\/"},{"@type":"ListItem","position":3,"name":"Eg\u00e9szs\u00e9g\u00fcgy","item":"https:\/\/otthon.kaposvar.hu\/hu\/lakossagi-informaciok\/egeszsegugy\/"},{"@type":"ListItem","position":4,"name":"Fogorvosi k\u00f6rzetek","item":"https:\/\/otthon.kaposvar.hu\/hu\/lakossagi-informaciok\/egeszsegugy\/fogorvosi-korzetek\/"},{"@type":"ListItem","position":5,"name":"Fogorvosi \u00fcgyelet"}]},{"@type":"WebSite","@id":"https:\/\/otthon.kaposvar.hu\/hu\/#website","url":"https:\/\/otthon.kaposvar.hu\/hu\/","name":"Kaposv\u00e1r Megyei Jog\u00fa V\u00e1ros","description":"","publisher":{"@id":"https:\/\/otthon.kaposvar.hu\/hu\/#organization"},"potentialAction":[{"@type":"SearchAction","target":{"@type":"EntryPoint","urlTemplate":"https:\/\/otthon.kaposvar.hu\/hu\/?s={search_term_string}"},"query-input":"required name=search_term_string"}],"inLanguage":"hu"},{"@type":"Organization","@id":"https:\/\/otthon.kaposvar.hu\/hu\/#organization","name":"Kaposv\u00e1r Megyei Jog\u00fa V\u00e1ros","url":"https:\/\/otthon.kaposvar.hu\/hu\/","sameAs":["https:\/\/www.instagram.com\/cityofkaposvar\/","https:\/\/www.facebook.com\/cityofkaposvar\/"],"logo":{"@type":"ImageObject","inLanguage":"hu","@id":"https:\/\/otthon.kaposvar.hu\/hu\/#\/schema\/logo\/image\/","url":"https:\/\/otthon.kaposvar.hu\/wp-content\/uploads\/2021\/10\/kaposvar_social.jpg","contentUrl":"https:\/\/otthon.kaposvar.hu\/wp-content\/uploads\/2021\/10\/kaposvar_social.jpg","width":1200,"height":900,"caption":"Kaposv\u00e1r Megyei Jog\u00fa V\u00e1ros"},"image":{"@id":"https:\/\/otthon.kaposvar.hu\/hu\/#\/schema\/logo\/image\/"}}]}},"_links":{"self":[{"href":"https:\/\/otthon.kaposvar.hu\/hu\/wp-json\/wp\/v2\/pages\/679"}],"collection":[{"href":"https:\/\/otthon.kaposvar.hu\/hu\/wp-json\/wp\/v2\/pages"}],"about":[{"href":"https:\/\/otthon.kaposvar.hu\/hu\/wp-json\/wp\/v2\/types\/page"}],"author":[{"embeddable":true,"href":"https:\/\/otthon.kaposvar.hu\/hu\/wp-json\/wp\/v2\/users\/13"}],"replies":[{"embeddable":true,"href":"https:\/\/otthon.kaposvar.hu\/hu\/wp-json\/wp\/v2\/comments?post=679"}],"version-history":[{"count":0,"href":"https:\/\/otthon.kaposvar.hu\/hu\/wp-json\/wp\/v2\/pages\/679\/revisions"}],"up":[{"embeddable":true,"href":"https:\/\/otthon.kaposvar.hu\/hu\/wp-json\/wp\/v2\/pages\/217"}],"wp:attachment":[{"href":"https:\/\/otthon.kaposvar.hu\/hu\/wp-json\/wp\/v2\/media?parent=679"}],"curies":[{"name":"wp","href":"https:\/\/api.w.org\/{rel}","templated":true}]}}