{"id":5304,"date":"2019-03-04T13:55:25","date_gmt":"2019-03-04T12:55:25","guid":{"rendered":"https:\/\/otthon.kaposvar.hu\/?page_id=5304"},"modified":"2019-03-05T13:35:20","modified_gmt":"2019-03-05T12:35:20","slug":"meghivo","status":"publish","type":"page","link":"https:\/\/otthon.kaposvar.hu\/hu\/meghivo\/","title":{"rendered":"Megh\u00edv\u00f3"},"content":{"rendered":"<p><\/p>\n<h2 class=\"kv-page-content-title\" style=\"text-align: center\">\u201eAz emelked\u0151 v\u00e1ros m\u00e9lt\u00f3 d\u00edsze\u201d<\/h2>\n<p style=\"text-align: center\">K\u00f6nyvbemutat\u00f3val egybek\u00f6tve bemutatkozik a 115 \u00e9ves kaposv\u00e1ri v\u00e1rosh\u00e1za.<\/p>\n<p style=\"text-align: center\">\u00d6n m\u00e1r l\u00e1tta a v\u00e1rosh\u00e1z\u00e1t tet\u0151t\u0151l talpig, a m\u00e9lygar\u00e1zst\u00f3l a padl\u00e1sig?<\/p>\n<p style=\"text-align: center\">Ha k\u00edv\u00e1ncsi r\u00e1, csatlakozzon a rendezv\u00e9nyhez!<\/p>\n<p style=\"text-align: center\">A k\u00f6nyvr\u0151l L. Balogh Krisztina \u00e9s Nagy Zolt\u00e1n mes\u00e9l, majd M. Bocska \u00c1gnes vezet\u00e9s\u00e9vel tekinthetik meg az \u00e9p\u00fcletet.<\/p>\n<div class=\"kv-page-margin-05\">\u00a0<\/div>\n<h4 class=\"kv-page-content-paragraphtitle\" style=\"text-align: center\">Id\u0151pont:<\/h4>\n<h4 class=\"kv-page-content-title\" style=\"text-align: center\">2019. m\u00e1rcius 14. (cs\u00fct\u00f6rt\u00f6k) 14:00<\/h4>\n<div class=\"kv-page-margin-05\">\u00a0<\/div>\n<h4 class=\"kv-page-content-paragraphtitle\" style=\"text-align: center\">Helysz\u00edn:<\/h4>\n<h4 class=\"kv-page-content-title\" style=\"text-align: center\">V\u00e1rosh\u00e1za, d\u00edszterem<\/h4>\n<h4 class=\"kv-page-content-paragraphtitle\" style=\"text-align: center\">(7400 Kaposv\u00e1r, Kossuth t\u00e9r 1.)<\/h4>\n<div class=\"kv-page-margin-05\">\u00a0<\/div>\n<p style=\"text-align: center\">Regisztr\u00e1ci\u00f3 a kaposvar@tourinform.hu e-mail-c\u00edmen vagy az +36 (82) 512 921-es telefonsz\u00e1mon.<\/p>\n<h4 class=\"kv-page-content-paragraphtitle\" style=\"text-align: center\">Megjegyz\u00e9s: A program id\u0151tartama kb. 2 \u00f3ra.<br \/>\nA torony l\u00e1togat\u00e1sa 14 \u00e9v alatti gyermek r\u00e9sz\u00e9re nem aj\u00e1nlott.<\/h4>\n<div class=\"kv-page-margin-15\">\u00a0<\/div>\n<p><\/p>","protected":false},"excerpt":{"rendered":"<p>\u201eAz emelked\u0151 v\u00e1ros m\u00e9lt\u00f3 d\u00edsze\u201d K\u00f6nyvbemutat\u00f3val egybek\u00f6tve bemutatkozik a 115 \u00e9ves kaposv\u00e1ri v\u00e1rosh\u00e1za. \u00d6n m\u00e1r l\u00e1tta a v\u00e1rosh\u00e1z\u00e1t tet\u0151t\u0151l talpig, a m\u00e9lygar\u00e1zst\u00f3l a padl\u00e1sig? Ha k\u00edv\u00e1ncsi r\u00e1, csatlakozzon a rendezv\u00e9nyhez! A k\u00f6nyvr\u0151l L. Balogh Krisztina \u00e9s Nagy Zolt\u00e1n mes\u00e9l, majd M. Bocska \u00c1gnes vezet\u00e9s\u00e9vel tekinthetik meg az \u00e9p\u00fcletet. \u00a0 Id\u0151pont: 2019. m\u00e1rcius 14. (cs\u00fct\u00f6rt\u00f6k) 14:00 [&hellip;]<\/p>\n","protected":false},"author":13,"featured_media":5307,"parent":0,"menu_order":0,"comment_status":"closed","ping_status":"closed","template":"","meta":[],"acf":[],"yoast_head":"<!-- This site is optimized with the Yoast SEO plugin v19.8 - https:\/\/yoast.com\/wordpress\/plugins\/seo\/ -->\n<title>Megh\u00edv\u00f3 - Kaposv\u00e1r Megyei Jog\u00fa V\u00e1ros<\/title>\n<meta name=\"robots\" content=\"index, follow, max-snippet:-1, max-image-preview:large, max-video-preview:-1\" \/>\n<link rel=\"canonical\" href=\"https:\/\/otthon.kaposvar.hu\/hu\/meghivo\/\" \/>\n<meta property=\"og:locale\" content=\"hu_HU\" \/>\n<meta property=\"og:type\" content=\"article\" \/>\n<meta property=\"og:title\" content=\"Megh\u00edv\u00f3 - Kaposv\u00e1r Megyei Jog\u00fa V\u00e1ros\" \/>\n<meta property=\"og:description\" content=\"\u201eAz emelked\u0151 v\u00e1ros m\u00e9lt\u00f3 d\u00edsze\u201d K\u00f6nyvbemutat\u00f3val egybek\u00f6tve bemutatkozik a 115 \u00e9ves kaposv\u00e1ri v\u00e1rosh\u00e1za. \u00d6n m\u00e1r l\u00e1tta a v\u00e1rosh\u00e1z\u00e1t tet\u0151t\u0151l talpig, a m\u00e9lygar\u00e1zst\u00f3l a padl\u00e1sig? Ha k\u00edv\u00e1ncsi r\u00e1, csatlakozzon a rendezv\u00e9nyhez! A k\u00f6nyvr\u0151l L. Balogh Krisztina \u00e9s Nagy Zolt\u00e1n mes\u00e9l, majd M. Bocska \u00c1gnes vezet\u00e9s\u00e9vel tekinthetik meg az \u00e9p\u00fcletet. \u00a0 Id\u0151pont: 2019. m\u00e1rcius 14. (cs\u00fct\u00f6rt\u00f6k) 14:00 [&hellip;]\" \/>\n<meta property=\"og:url\" content=\"https:\/\/otthon.kaposvar.hu\/hu\/meghivo\/\" \/>\n<meta property=\"og:site_name\" content=\"Kaposv\u00e1r Megyei Jog\u00fa V\u00e1ros\" \/>\n<meta property=\"article:publisher\" content=\"https:\/\/www.facebook.com\/cityofkaposvar\/\" \/>\n<meta property=\"article:modified_time\" content=\"2019-03-05T12:35:20+00:00\" \/>\n<meta property=\"og:image\" content=\"https:\/\/otthon.kaposvar.hu\/wp-content\/uploads\/2019\/03\/DSC6722-1_web.jpg\" \/>\n\t<meta property=\"og:image:width\" content=\"2000\" \/>\n\t<meta property=\"og:image:height\" content=\"2293\" \/>\n\t<meta property=\"og:image:type\" content=\"image\/jpeg\" \/>\n<meta name=\"twitter:card\" content=\"summary_large_image\" \/>\n<meta name=\"twitter:label1\" content=\"Becs\u00fclt olvas\u00e1si id\u0151\" \/>\n\t<meta name=\"twitter:data1\" content=\"1 perc\" \/>\n<script type=\"application\/ld+json\" class=\"yoast-schema-graph\">{\"@context\":\"https:\/\/schema.org\",\"@graph\":[{\"@type\":\"WebPage\",\"@id\":\"https:\/\/otthon.kaposvar.hu\/hu\/meghivo\/\",\"url\":\"https:\/\/otthon.kaposvar.hu\/hu\/meghivo\/\",\"name\":\"Megh\u00edv\u00f3 - Kaposv\u00e1r Megyei Jog\u00fa V\u00e1ros\",\"isPartOf\":{\"@id\":\"https:\/\/otthon.kaposvar.hu\/hu\/#website\"},\"datePublished\":\"2019-03-04T12:55:25+00:00\",\"dateModified\":\"2019-03-05T12:35:20+00:00\",\"breadcrumb\":{\"@id\":\"https:\/\/otthon.kaposvar.hu\/hu\/meghivo\/#breadcrumb\"},\"inLanguage\":\"hu\",\"potentialAction\":[{\"@type\":\"ReadAction\",\"target\":[[\"https:\/\/otthon.kaposvar.hu\/hu\/meghivo\/\"]]}]},{\"@type\":\"BreadcrumbList\",\"@id\":\"https:\/\/otthon.kaposvar.hu\/hu\/meghivo\/#breadcrumb\",\"itemListElement\":[{\"@type\":\"ListItem\",\"position\":1,\"name\":\"Home\",\"item\":\"https:\/\/otthon.kaposvar.hu\/hu\/\"},{\"@type\":\"ListItem\",\"position\":2,\"name\":\"Megh\u00edv\u00f3\"}]},{\"@type\":\"WebSite\",\"@id\":\"https:\/\/otthon.kaposvar.hu\/hu\/#website\",\"url\":\"https:\/\/otthon.kaposvar.hu\/hu\/\",\"name\":\"Kaposv\u00e1r Megyei Jog\u00fa V\u00e1ros\",\"description\":\"\",\"publisher\":{\"@id\":\"https:\/\/otthon.kaposvar.hu\/hu\/#organization\"},\"potentialAction\":[{\"@type\":\"SearchAction\",\"target\":{\"@type\":\"EntryPoint\",\"urlTemplate\":\"https:\/\/otthon.kaposvar.hu\/hu\/?s={search_term_string}\"},\"query-input\":\"required name=search_term_string\"}],\"inLanguage\":\"hu\"},{\"@type\":\"Organization\",\"@id\":\"https:\/\/otthon.kaposvar.hu\/hu\/#organization\",\"name\":\"Kaposv\u00e1r Megyei Jog\u00fa V\u00e1ros\",\"url\":\"https:\/\/otthon.kaposvar.hu\/hu\/\",\"sameAs\":[\"https:\/\/www.instagram.com\/cityofkaposvar\/\",\"https:\/\/www.facebook.com\/cityofkaposvar\/\"],\"logo\":{\"@type\":\"ImageObject\",\"inLanguage\":\"hu\",\"@id\":\"https:\/\/otthon.kaposvar.hu\/hu\/#\/schema\/logo\/image\/\",\"url\":\"https:\/\/otthon.kaposvar.hu\/wp-content\/uploads\/2021\/10\/kaposvar_social.jpg\",\"contentUrl\":\"https:\/\/otthon.kaposvar.hu\/wp-content\/uploads\/2021\/10\/kaposvar_social.jpg\",\"width\":1200,\"height\":900,\"caption\":\"Kaposv\u00e1r Megyei Jog\u00fa V\u00e1ros\"},\"image\":{\"@id\":\"https:\/\/otthon.kaposvar.hu\/hu\/#\/schema\/logo\/image\/\"}}]}<\/script>\n<!-- \/ Yoast SEO plugin. -->","yoast_head_json":{"title":"Megh\u00edv\u00f3 - Kaposv\u00e1r Megyei Jog\u00fa V\u00e1ros","robots":{"index":"index","follow":"follow","max-snippet":"max-snippet:-1","max-image-preview":"max-image-preview:large","max-video-preview":"max-video-preview:-1"},"canonical":"https:\/\/otthon.kaposvar.hu\/hu\/meghivo\/","og_locale":"hu_HU","og_type":"article","og_title":"Megh\u00edv\u00f3 - Kaposv\u00e1r Megyei Jog\u00fa V\u00e1ros","og_description":"\u201eAz emelked\u0151 v\u00e1ros m\u00e9lt\u00f3 d\u00edsze\u201d K\u00f6nyvbemutat\u00f3val egybek\u00f6tve bemutatkozik a 115 \u00e9ves kaposv\u00e1ri v\u00e1rosh\u00e1za. \u00d6n m\u00e1r l\u00e1tta a v\u00e1rosh\u00e1z\u00e1t tet\u0151t\u0151l talpig, a m\u00e9lygar\u00e1zst\u00f3l a padl\u00e1sig? Ha k\u00edv\u00e1ncsi r\u00e1, csatlakozzon a rendezv\u00e9nyhez! A k\u00f6nyvr\u0151l L. Balogh Krisztina \u00e9s Nagy Zolt\u00e1n mes\u00e9l, majd M. Bocska \u00c1gnes vezet\u00e9s\u00e9vel tekinthetik meg az \u00e9p\u00fcletet. \u00a0 Id\u0151pont: 2019. m\u00e1rcius 14. (cs\u00fct\u00f6rt\u00f6k) 14:00 [&hellip;]","og_url":"https:\/\/otthon.kaposvar.hu\/hu\/meghivo\/","og_site_name":"Kaposv\u00e1r Megyei Jog\u00fa V\u00e1ros","article_publisher":"https:\/\/www.facebook.com\/cityofkaposvar\/","article_modified_time":"2019-03-05T12:35:20+00:00","og_image":[{"width":2000,"height":2293,"url":"https:\/\/otthon.kaposvar.hu\/wp-content\/uploads\/2019\/03\/DSC6722-1_web.jpg","type":"image\/jpeg"}],"twitter_card":"summary_large_image","twitter_misc":{"Becs\u00fclt olvas\u00e1si id\u0151":"1 perc"},"schema":{"@context":"https:\/\/schema.org","@graph":[{"@type":"WebPage","@id":"https:\/\/otthon.kaposvar.hu\/hu\/meghivo\/","url":"https:\/\/otthon.kaposvar.hu\/hu\/meghivo\/","name":"Megh\u00edv\u00f3 - Kaposv\u00e1r Megyei Jog\u00fa V\u00e1ros","isPartOf":{"@id":"https:\/\/otthon.kaposvar.hu\/hu\/#website"},"datePublished":"2019-03-04T12:55:25+00:00","dateModified":"2019-03-05T12:35:20+00:00","breadcrumb":{"@id":"https:\/\/otthon.kaposvar.hu\/hu\/meghivo\/#breadcrumb"},"inLanguage":"hu","potentialAction":[{"@type":"ReadAction","target":[["https:\/\/otthon.kaposvar.hu\/hu\/meghivo\/"]]}]},{"@type":"BreadcrumbList","@id":"https:\/\/otthon.kaposvar.hu\/hu\/meghivo\/#breadcrumb","itemListElement":[{"@type":"ListItem","position":1,"name":"Home","item":"https:\/\/otthon.kaposvar.hu\/hu\/"},{"@type":"ListItem","position":2,"name":"Megh\u00edv\u00f3"}]},{"@type":"WebSite","@id":"https:\/\/otthon.kaposvar.hu\/hu\/#website","url":"https:\/\/otthon.kaposvar.hu\/hu\/","name":"Kaposv\u00e1r Megyei Jog\u00fa V\u00e1ros","description":"","publisher":{"@id":"https:\/\/otthon.kaposvar.hu\/hu\/#organization"},"potentialAction":[{"@type":"SearchAction","target":{"@type":"EntryPoint","urlTemplate":"https:\/\/otthon.kaposvar.hu\/hu\/?s={search_term_string}"},"query-input":"required name=search_term_string"}],"inLanguage":"hu"},{"@type":"Organization","@id":"https:\/\/otthon.kaposvar.hu\/hu\/#organization","name":"Kaposv\u00e1r Megyei Jog\u00fa V\u00e1ros","url":"https:\/\/otthon.kaposvar.hu\/hu\/","sameAs":["https:\/\/www.instagram.com\/cityofkaposvar\/","https:\/\/www.facebook.com\/cityofkaposvar\/"],"logo":{"@type":"ImageObject","inLanguage":"hu","@id":"https:\/\/otthon.kaposvar.hu\/hu\/#\/schema\/logo\/image\/","url":"https:\/\/otthon.kaposvar.hu\/wp-content\/uploads\/2021\/10\/kaposvar_social.jpg","contentUrl":"https:\/\/otthon.kaposvar.hu\/wp-content\/uploads\/2021\/10\/kaposvar_social.jpg","width":1200,"height":900,"caption":"Kaposv\u00e1r Megyei Jog\u00fa V\u00e1ros"},"image":{"@id":"https:\/\/otthon.kaposvar.hu\/hu\/#\/schema\/logo\/image\/"}}]}},"_links":{"self":[{"href":"https:\/\/otthon.kaposvar.hu\/hu\/wp-json\/wp\/v2\/pages\/5304"}],"collection":[{"href":"https:\/\/otthon.kaposvar.hu\/hu\/wp-json\/wp\/v2\/pages"}],"about":[{"href":"https:\/\/otthon.kaposvar.hu\/hu\/wp-json\/wp\/v2\/types\/page"}],"author":[{"embeddable":true,"href":"https:\/\/otthon.kaposvar.hu\/hu\/wp-json\/wp\/v2\/users\/13"}],"replies":[{"embeddable":true,"href":"https:\/\/otthon.kaposvar.hu\/hu\/wp-json\/wp\/v2\/comments?post=5304"}],"version-history":[{"count":0,"href":"https:\/\/otthon.kaposvar.hu\/hu\/wp-json\/wp\/v2\/pages\/5304\/revisions"}],"wp:featuredmedia":[{"embeddable":true,"href":"https:\/\/otthon.kaposvar.hu\/hu\/wp-json\/wp\/v2\/media\/5307"}],"wp:attachment":[{"href":"https:\/\/otthon.kaposvar.hu\/hu\/wp-json\/wp\/v2\/media?parent=5304"}],"curies":[{"name":"wp","href":"https:\/\/api.w.org\/{rel}","templated":true}]}}