{"id":3523,"date":"2018-09-23T22:35:17","date_gmt":"2018-09-23T21:35:17","guid":{"rendered":"https:\/\/otthon.kaposvar.hu\/?page_id=3523"},"modified":"2026-02-03T16:04:36","modified_gmt":"2026-02-03T15:04:36","slug":"europai-sporthet","status":"publish","type":"page","link":"https:\/\/otthon.kaposvar.hu\/hu\/lakossagi-informaciok\/sport\/europai-sporthet\/","title":{"rendered":"Orsz\u00e1gos programok"},"content":{"rendered":"<p><\/p>\n<h3 class=\"kv-page-content-title kv-page-content-subtitle\" style=\"text-align: left;\">Sportol\u00f3 Nemzet<\/h3>\n<p>Honlap: sportolonemzet.hu<\/p>\n<p>A Sportol\u00f3 Nemzet Program c\u00e9lja, hogy min\u00e9l t\u00f6bb magyar ember tapasztalja meg a rendszeres testmozg\u00e1s j\u00f3t\u00e9kony hat\u00e1sait \u00e9s az akt\u00edv \u00e9letm\u00f3d el\u0151nyeit. Az orsz\u00e1gos kezdem\u00e9nyez\u00e9shez m\u00e1r t\u00f6bb t\u00edzezer ember csatlakozott, \u00e9s az orsz\u00e1gj\u00e1r\u00e1s sor\u00e1n egyre t\u00f6bb helysz\u00ednen \u2013 k\u00f6zt\u00fck Kaposv\u00e1ron is \u2013 el\u00e9rhet\u0151 a szabadt\u00e9ri kondiparkokra fejlesztett, kezd\u0151 \u00e9s halad\u00f3 szint\u0171 online edz\u00e9sprogram. A c\u00e9l, hogy mindenki megtal\u00e1lja a sz\u00e1m\u00e1ra megfelel\u0151 mozg\u00e1sform\u00e1t \u00e9s sporthelysz\u00ednt, \u00edgy a sport val\u00f3ban b\u00e1rki sz\u00e1m\u00e1ra el\u00e9rhet\u0151v\u00e9 v\u00e1ljon.<\/p>\n<p>Legut\u00f3bbi rendezv\u00e9ny besz\u00e1mol\u00f3ja <a href=\"https:\/\/egeszseges.kaposvar.hu\/hir\/sportolo-nemzet-roadshow-kaposvaron\">ITT!<\/a><\/p>\n<p>&nbsp;<\/p>\n<h3 class=\"kv-page-content-title kv-page-content-subtitle\">Mozg\u00e1s Receptre<\/h3>\n<p>Honlap: <a href=\"https:\/\/www.mozgasreceptre.hu\/\">www.mozgasreceptre.hu<\/a><\/p>\n<p>A \u201eMozg\u00e1s Receptre\u201d orsz\u00e1gos eg\u00e9szs\u00e9gmeg\u0151rz\u0151 programban az orvosok receptre \u00edrhatj\u00e1k fel a testmozg\u00e1st, \u00f6szt\u00f6n\u00f6zve ezzel a lakoss\u00e1got az akt\u00edv \u00e9letm\u00f3dra. A recept kedvezm\u00e9nyes r\u00e9szv\u00e9telt biztos\u00edt a programhoz csatlakozott sportl\u00e9tes\u00edtm\u00e9nyekben \u00e9s mozg\u00e1sszakemberekn\u00e9l. Kaposv\u00e1ron is egyre t\u00f6bb h\u00e1ziorvos, gyermekorvos, sportszakember, sportszolg\u00e1ltat\u00f3k kapcsol\u00f3dik be, r\u00e9szletes inform\u00e1ci\u00f3 <a href=\"https:\/\/egeszseges.kaposvar.hu\/mozgas-receptre\">ITT\u00a0\u00e9rhet\u0151 el<\/a>.<\/p>\n<p>&nbsp;<\/p>\n<h3 class=\"kv-page-content-title kv-page-content-subtitle\">Eur\u00f3pai Sporth\u00e9t<\/h3>\n<p>Honlap: <a href=\"https:\/\/europaisporthet.hu\/\">europaisporthet.hu<\/a><\/p>\n<p>Az Eur\u00f3pai Sporth\u00e9t minden \u00e9v szeptember v\u00e9g\u00e9n mozg\u00e1sra h\u00edvja Eur\u00f3pa lakoss\u00e1g\u00e1t. Kaposv\u00e1r rendszeresen csatlakozik a kezdem\u00e9nyez\u00e9shez, \u00e9s sz\u00e1mos k\u00f6z\u00f6ss\u00e9gi sportprogramot k\u00edn\u00e1l a lakoss\u00e1gnak \u2013 a szabadt\u00e9ri pilatest\u0151l a fut\u00f3programokon \u00e1t az aerobikig \u2013, ezzel is er\u0151s\u00edtve a v\u00e1ros akt\u00edv, eg\u00e9szs\u00e9gtudatos k\u00f6z\u00f6ss\u00e9g\u00e9t.\u00a0<\/p>\n<p>&nbsp;<\/p>\n<h3 class=\"kv-page-content-title kv-page-content-subtitle\">Kih\u00edv\u00e1s Napja<\/h3>\n<p>Honlap: <a href=\"https:\/\/kihivasnapja.hu\/\">kihivasnapja.hu<\/a><\/p>\n<p>A Magyar Szabadid\u0151sport Sz\u00f6vets\u00e9g \u00e1ltal szervezett Kih\u00edv\u00e1s Napja minden \u00e9v m\u00e1jus\u00e1ban mozg\u00e1sra buzd\u00edtja az orsz\u00e1got. Kaposv\u00e1ron is t\u00f6bb iskola \u00e9s \u00f3voda csatlakozik az esem\u00e9nyhez, ahol a k\u00f6z\u00f6ss\u00e9gi sport\u00e9lm\u00e9ny mellett verseng\u00e9s is zajlik a \u201elegsportosabb int\u00e9zm\u00e9ny\u201d c\u00edm\u00e9rt. Az \u00f6nkorm\u00e1nyzat az akt\u00edv r\u00e9sztvev\u0151ket sportszerv\u00e1s\u00e1rl\u00e1si \u00e9s sportrendezv\u00e9ny-t\u00e1mogat\u00e1ssal jutalmazza.<\/p>\n<p>Legut\u00f3bbi esem\u00e9ny \u00f6sszefoglal\u00f3ja <a href=\"https:\/\/egeszseges.kaposvar.hu\/hir\/dijaztuk-a-2025-os-kihivas-napja-legjobb-intezmenyeit-kaposvaron\">ITT!<\/a><\/p>\n<p>&nbsp;<\/p>\n<h3 class=\"kv-page-content-title kv-page-content-subtitle\">Vil\u00e1g gyalogl\u00f3 h\u00f3nap<\/h3>\n<p>Honlap: <a href=\"https:\/\/mosa.hu\/mosa-alapitvany\/\">mosa.hu\/mosa-alapitvany<\/a><\/p>\n<p>A \u201eVil\u00e1g gyalogl\u00f3 h\u00f3nap\u201d orsz\u00e1gos programhoz Kaposv\u00e1r \u00e9s sz\u00e1mos helyi szervezet is rendszeresen csatlakozik. 2025 okt\u00f3ber\u00e9ben minden h\u00e9tf\u0151n 10 \u00f3rakor a Deseda-t\u00f3n\u00e1l, szombatonk\u00e9nt pedig a Cseri parkban v\u00e1rt\u00e1k a r\u00e9sztvev\u0151ket k\u00f6z\u00f6s t\u00far\u00e1kra \u00e9s nordic walking oktat\u00e1sra.<\/p>\n<p>A gyalogl\u00f3klub-h\u00e1l\u00f3zatot 2017-ben Monspart Sarolta, a Nemzet Sportol\u00f3ja h\u00edvta \u00e9letre az id\u0151sek akt\u00edv \u00e9letm\u00f3dj\u00e1nak t\u00e1mogat\u00e1s\u00e1ra. Az \u0151 kezdem\u00e9nyez\u00e9s\u00e9t ma a <b>Monspart Sarolta Eg\u00e9szs\u00e9ges \u00c9letm\u00f3d\u00e9rt Alap\u00edtv\u00e1ny<\/b> viszi tov\u00e1bb, a Kultur\u00e1lis \u00e9s Innov\u00e1ci\u00f3s Miniszt\u00e9rium t\u00e1mogat\u00e1s\u00e1val. A program c\u00e9lja, hogy k\u00f6z\u00f6ss\u00e9gbe szervezze a gyalogl\u00f3kat, el\u0151seg\u00edtse a mozg\u00e1s \u00f6r\u00f6m\u00e9t, az eg\u00e9szs\u00e9ges \u00e9letm\u00f3dot \u00e9s a gener\u00e1ci\u00f3k k\u00f6z\u00f6tti kapcsol\u00f3d\u00e1st.<\/p>\n<p>&nbsp;<\/p>\n<h3 class=\"kv-page-content-title kv-page-content-subtitle\">Mozg\u00e1s \u00c9jszak\u00e1ja<\/h3>\n<p>Honlap: <a href=\"https:\/\/mozgasejszakaja.hu\/\">mozgasejszakaja.hu<\/a><\/p>\n<p>A Mozg\u00e1s \u00c9jszak\u00e1ja minden \u00e9v j\u00fanius\u00e1ban t\u00f6bb t\u00edzezer embert h\u00edv k\u00f6z\u00f6s sportol\u00e1sra szerte az orsz\u00e1gban. A program c\u00e9lja, hogy b\u00e1rki, kort\u00f3l \u00e9s edzetts\u00e9gt\u0151l f\u00fcggetlen\u00fcl kipr\u00f3b\u00e1lhassa a k\u00fcl\u00f6nb\u00f6z\u0151 mozg\u00e1sform\u00e1kat \u2013 a fut\u00e1st\u00f3l \u00e9s ker\u00e9kp\u00e1roz\u00e1st\u00f3l a j\u00f3ga- \u00e9s t\u00e1nc\u00f3r\u00e1kig.<\/p>\n<p>Kaposv\u00e1r is rendszeresen csatlakozik az esem\u00e9nyhez, ahol a v\u00e1ros k\u00f6zpontj\u00e1ban, a V\u00e1rosligetben v\u00e1ltozatos esti programok v\u00e1rj\u00e1k a lakoss\u00e1got. A k\u00f6z\u00f6s mozg\u00e1s, a zene \u00e9s a k\u00f6z\u00f6ss\u00e9gi \u00e9lm\u00e9ny egyszerre \u00f6szt\u00f6n\u00f6z az akt\u00edv, eg\u00e9szs\u00e9ges \u00e9letm\u00f3dra \u00e9s a v\u00e1rosi sport\u00e9letben val\u00f3 r\u00e9szv\u00e9telre.<\/p>\n<p>&nbsp;<\/p>\n<h3 class=\"kv-page-content-title kv-page-content-subtitle\">Mozg\u00e1s \u00c9jszak\u00e1ja<\/h3>\n<p>Honlap: <a href=\"https:\/\/futokoroknapja.hu\/\">futokoroknapja.hu<\/a><\/p>\n<p>A Fut\u00f3k\u00f6r\u00f6k Napja orsz\u00e1gos k\u00f6z\u00f6ss\u00e9gi esem\u00e9ny, amelyen a r\u00e9sztvev\u0151k egy napon, egy id\u0151ben gy\u0171jtik a kilom\u00e9tereket a helyi fut\u00f3k\u00f6r\u00f6k\u00f6n. A c\u00e9l a mozg\u00e1s \u00f6r\u00f6m\u00e9nek meg\u00e9l\u00e9se \u00e9s a k\u00f6z\u00f6ss\u00e9gi sport n\u00e9pszer\u0171s\u00edt\u00e9se mellett a km-ek gy\u0171jt\u00e9se, mely a v\u00e1rosok k\u00f6zti helyez\u00e9seket d\u00f6nti el. 2024-ben Kaposv\u00e1r nyert \u00f6sszesen 894 fut\u00f3 10.508 km megt\u00e9tel\u00e9vel, m\u00edg 2025-ben m\u00e1sodik helyen z\u00e1rt Dabas m\u00f6g\u00f6tt 1266 fut\u00f3val, 10.898 km-el.<\/p>\n<p>&nbsp;<\/p>\n<p><\/p>","protected":false},"excerpt":{"rendered":"<p>Sportol\u00f3 Nemzet Honlap: sportolonemzet.hu A Sportol\u00f3 Nemzet Program c\u00e9lja, hogy min\u00e9l t\u00f6bb magyar ember tapasztalja meg a rendszeres testmozg\u00e1s j\u00f3t\u00e9kony hat\u00e1sait \u00e9s az akt\u00edv \u00e9letm\u00f3d el\u0151nyeit. Az orsz\u00e1gos kezdem\u00e9nyez\u00e9shez m\u00e1r t\u00f6bb t\u00edzezer ember csatlakozott, \u00e9s az orsz\u00e1gj\u00e1r\u00e1s sor\u00e1n egyre t\u00f6bb helysz\u00ednen \u2013 k\u00f6zt\u00fck Kaposv\u00e1ron is \u2013 el\u00e9rhet\u0151 a szabadt\u00e9ri kondiparkokra fejlesztett, kezd\u0151 \u00e9s halad\u00f3 szint\u0171 [&hellip;]<\/p>\n","protected":false},"author":13,"featured_media":0,"parent":279,"menu_order":0,"comment_status":"closed","ping_status":"closed","template":"","meta":[],"acf":[],"yoast_head":"<!-- This site is optimized with the Yoast SEO plugin v19.8 - https:\/\/yoast.com\/wordpress\/plugins\/seo\/ -->\n<title>Orsz\u00e1gos programok - Kaposv\u00e1r Megyei Jog\u00fa V\u00e1ros<\/title>\n<meta name=\"robots\" content=\"index, follow, max-snippet:-1, max-image-preview:large, max-video-preview:-1\" \/>\n<link rel=\"canonical\" href=\"https:\/\/otthon.kaposvar.hu\/hu\/lakossagi-informaciok\/sport\/europai-sporthet\/\" \/>\n<meta property=\"og:locale\" content=\"hu_HU\" \/>\n<meta property=\"og:type\" content=\"article\" \/>\n<meta property=\"og:title\" content=\"Orsz\u00e1gos programok - Kaposv\u00e1r Megyei Jog\u00fa V\u00e1ros\" \/>\n<meta property=\"og:description\" content=\"Sportol\u00f3 Nemzet Honlap: sportolonemzet.hu A Sportol\u00f3 Nemzet Program c\u00e9lja, hogy min\u00e9l t\u00f6bb magyar ember tapasztalja meg a rendszeres testmozg\u00e1s j\u00f3t\u00e9kony hat\u00e1sait \u00e9s az akt\u00edv \u00e9letm\u00f3d el\u0151nyeit. Az orsz\u00e1gos kezdem\u00e9nyez\u00e9shez m\u00e1r t\u00f6bb t\u00edzezer ember csatlakozott, \u00e9s az orsz\u00e1gj\u00e1r\u00e1s sor\u00e1n egyre t\u00f6bb helysz\u00ednen \u2013 k\u00f6zt\u00fck Kaposv\u00e1ron is \u2013 el\u00e9rhet\u0151 a szabadt\u00e9ri kondiparkokra fejlesztett, kezd\u0151 \u00e9s halad\u00f3 szint\u0171 [&hellip;]\" \/>\n<meta property=\"og:url\" content=\"https:\/\/otthon.kaposvar.hu\/hu\/lakossagi-informaciok\/sport\/europai-sporthet\/\" \/>\n<meta property=\"og:site_name\" content=\"Kaposv\u00e1r Megyei Jog\u00fa V\u00e1ros\" \/>\n<meta property=\"article:publisher\" content=\"https:\/\/www.facebook.com\/cityofkaposvar\/\" \/>\n<meta property=\"article:modified_time\" content=\"2026-02-03T15:04:36+00:00\" \/>\n<meta property=\"og:image\" content=\"https:\/\/otthon.kaposvar.hu\/wp-content\/uploads\/2021\/10\/kaposvar_social.jpg\" \/>\n\t<meta property=\"og:image:width\" content=\"1200\" \/>\n\t<meta property=\"og:image:height\" content=\"900\" \/>\n\t<meta property=\"og:image:type\" content=\"image\/jpeg\" \/>\n<meta name=\"twitter:card\" content=\"summary_large_image\" \/>\n<meta name=\"twitter:label1\" content=\"Becs\u00fclt olvas\u00e1si id\u0151\" \/>\n\t<meta name=\"twitter:data1\" content=\"4 perc\" \/>\n<script type=\"application\/ld+json\" class=\"yoast-schema-graph\">{\"@context\":\"https:\/\/schema.org\",\"@graph\":[{\"@type\":\"WebPage\",\"@id\":\"https:\/\/otthon.kaposvar.hu\/hu\/lakossagi-informaciok\/sport\/europai-sporthet\/\",\"url\":\"https:\/\/otthon.kaposvar.hu\/hu\/lakossagi-informaciok\/sport\/europai-sporthet\/\",\"name\":\"Orsz\u00e1gos programok - Kaposv\u00e1r Megyei Jog\u00fa V\u00e1ros\",\"isPartOf\":{\"@id\":\"https:\/\/otthon.kaposvar.hu\/hu\/#website\"},\"datePublished\":\"2018-09-23T21:35:17+00:00\",\"dateModified\":\"2026-02-03T15:04:36+00:00\",\"breadcrumb\":{\"@id\":\"https:\/\/otthon.kaposvar.hu\/hu\/lakossagi-informaciok\/sport\/europai-sporthet\/#breadcrumb\"},\"inLanguage\":\"hu\",\"potentialAction\":[{\"@type\":\"ReadAction\",\"target\":[[\"https:\/\/otthon.kaposvar.hu\/hu\/lakossagi-informaciok\/sport\/europai-sporthet\/\"]]}]},{\"@type\":\"BreadcrumbList\",\"@id\":\"https:\/\/otthon.kaposvar.hu\/hu\/lakossagi-informaciok\/sport\/europai-sporthet\/#breadcrumb\",\"itemListElement\":[{\"@type\":\"ListItem\",\"position\":1,\"name\":\"Home\",\"item\":\"https:\/\/otthon.kaposvar.hu\/hu\/\"},{\"@type\":\"ListItem\",\"position\":2,\"name\":\"Lakoss\u00e1gi inform\u00e1ci\u00f3k\",\"item\":\"https:\/\/otthon.kaposvar.hu\/hu\/lakossagi-informaciok\/\"},{\"@type\":\"ListItem\",\"position\":3,\"name\":\"Sport\",\"item\":\"https:\/\/otthon.kaposvar.hu\/hu\/lakossagi-informaciok\/sport\/\"},{\"@type\":\"ListItem\",\"position\":4,\"name\":\"Orsz\u00e1gos programok\"}]},{\"@type\":\"WebSite\",\"@id\":\"https:\/\/otthon.kaposvar.hu\/hu\/#website\",\"url\":\"https:\/\/otthon.kaposvar.hu\/hu\/\",\"name\":\"Kaposv\u00e1r Megyei Jog\u00fa V\u00e1ros\",\"description\":\"\",\"publisher\":{\"@id\":\"https:\/\/otthon.kaposvar.hu\/hu\/#organization\"},\"potentialAction\":[{\"@type\":\"SearchAction\",\"target\":{\"@type\":\"EntryPoint\",\"urlTemplate\":\"https:\/\/otthon.kaposvar.hu\/hu\/?s={search_term_string}\"},\"query-input\":\"required name=search_term_string\"}],\"inLanguage\":\"hu\"},{\"@type\":\"Organization\",\"@id\":\"https:\/\/otthon.kaposvar.hu\/hu\/#organization\",\"name\":\"Kaposv\u00e1r Megyei Jog\u00fa V\u00e1ros\",\"url\":\"https:\/\/otthon.kaposvar.hu\/hu\/\",\"sameAs\":[\"https:\/\/www.instagram.com\/cityofkaposvar\/\",\"https:\/\/www.facebook.com\/cityofkaposvar\/\"],\"logo\":{\"@type\":\"ImageObject\",\"inLanguage\":\"hu\",\"@id\":\"https:\/\/otthon.kaposvar.hu\/hu\/#\/schema\/logo\/image\/\",\"url\":\"https:\/\/otthon.kaposvar.hu\/wp-content\/uploads\/2021\/10\/kaposvar_social.jpg\",\"contentUrl\":\"https:\/\/otthon.kaposvar.hu\/wp-content\/uploads\/2021\/10\/kaposvar_social.jpg\",\"width\":1200,\"height\":900,\"caption\":\"Kaposv\u00e1r Megyei Jog\u00fa V\u00e1ros\"},\"image\":{\"@id\":\"https:\/\/otthon.kaposvar.hu\/hu\/#\/schema\/logo\/image\/\"}}]}<\/script>\n<!-- \/ Yoast SEO plugin. -->","yoast_head_json":{"title":"Orsz\u00e1gos programok - Kaposv\u00e1r Megyei Jog\u00fa V\u00e1ros","robots":{"index":"index","follow":"follow","max-snippet":"max-snippet:-1","max-image-preview":"max-image-preview:large","max-video-preview":"max-video-preview:-1"},"canonical":"https:\/\/otthon.kaposvar.hu\/hu\/lakossagi-informaciok\/sport\/europai-sporthet\/","og_locale":"hu_HU","og_type":"article","og_title":"Orsz\u00e1gos programok - Kaposv\u00e1r Megyei Jog\u00fa V\u00e1ros","og_description":"Sportol\u00f3 Nemzet Honlap: sportolonemzet.hu A Sportol\u00f3 Nemzet Program c\u00e9lja, hogy min\u00e9l t\u00f6bb magyar ember tapasztalja meg a rendszeres testmozg\u00e1s j\u00f3t\u00e9kony hat\u00e1sait \u00e9s az akt\u00edv \u00e9letm\u00f3d el\u0151nyeit. Az orsz\u00e1gos kezdem\u00e9nyez\u00e9shez m\u00e1r t\u00f6bb t\u00edzezer ember csatlakozott, \u00e9s az orsz\u00e1gj\u00e1r\u00e1s sor\u00e1n egyre t\u00f6bb helysz\u00ednen \u2013 k\u00f6zt\u00fck Kaposv\u00e1ron is \u2013 el\u00e9rhet\u0151 a szabadt\u00e9ri kondiparkokra fejlesztett, kezd\u0151 \u00e9s halad\u00f3 szint\u0171 [&hellip;]","og_url":"https:\/\/otthon.kaposvar.hu\/hu\/lakossagi-informaciok\/sport\/europai-sporthet\/","og_site_name":"Kaposv\u00e1r Megyei Jog\u00fa V\u00e1ros","article_publisher":"https:\/\/www.facebook.com\/cityofkaposvar\/","article_modified_time":"2026-02-03T15:04:36+00:00","og_image":[{"width":1200,"height":900,"url":"https:\/\/otthon.kaposvar.hu\/wp-content\/uploads\/2021\/10\/kaposvar_social.jpg","type":"image\/jpeg"}],"twitter_card":"summary_large_image","twitter_misc":{"Becs\u00fclt olvas\u00e1si id\u0151":"4 perc"},"schema":{"@context":"https:\/\/schema.org","@graph":[{"@type":"WebPage","@id":"https:\/\/otthon.kaposvar.hu\/hu\/lakossagi-informaciok\/sport\/europai-sporthet\/","url":"https:\/\/otthon.kaposvar.hu\/hu\/lakossagi-informaciok\/sport\/europai-sporthet\/","name":"Orsz\u00e1gos programok - Kaposv\u00e1r Megyei Jog\u00fa V\u00e1ros","isPartOf":{"@id":"https:\/\/otthon.kaposvar.hu\/hu\/#website"},"datePublished":"2018-09-23T21:35:17+00:00","dateModified":"2026-02-03T15:04:36+00:00","breadcrumb":{"@id":"https:\/\/otthon.kaposvar.hu\/hu\/lakossagi-informaciok\/sport\/europai-sporthet\/#breadcrumb"},"inLanguage":"hu","potentialAction":[{"@type":"ReadAction","target":[["https:\/\/otthon.kaposvar.hu\/hu\/lakossagi-informaciok\/sport\/europai-sporthet\/"]]}]},{"@type":"BreadcrumbList","@id":"https:\/\/otthon.kaposvar.hu\/hu\/lakossagi-informaciok\/sport\/europai-sporthet\/#breadcrumb","itemListElement":[{"@type":"ListItem","position":1,"name":"Home","item":"https:\/\/otthon.kaposvar.hu\/hu\/"},{"@type":"ListItem","position":2,"name":"Lakoss\u00e1gi inform\u00e1ci\u00f3k","item":"https:\/\/otthon.kaposvar.hu\/hu\/lakossagi-informaciok\/"},{"@type":"ListItem","position":3,"name":"Sport","item":"https:\/\/otthon.kaposvar.hu\/hu\/lakossagi-informaciok\/sport\/"},{"@type":"ListItem","position":4,"name":"Orsz\u00e1gos programok"}]},{"@type":"WebSite","@id":"https:\/\/otthon.kaposvar.hu\/hu\/#website","url":"https:\/\/otthon.kaposvar.hu\/hu\/","name":"Kaposv\u00e1r Megyei Jog\u00fa V\u00e1ros","description":"","publisher":{"@id":"https:\/\/otthon.kaposvar.hu\/hu\/#organization"},"potentialAction":[{"@type":"SearchAction","target":{"@type":"EntryPoint","urlTemplate":"https:\/\/otthon.kaposvar.hu\/hu\/?s={search_term_string}"},"query-input":"required name=search_term_string"}],"inLanguage":"hu"},{"@type":"Organization","@id":"https:\/\/otthon.kaposvar.hu\/hu\/#organization","name":"Kaposv\u00e1r Megyei Jog\u00fa V\u00e1ros","url":"https:\/\/otthon.kaposvar.hu\/hu\/","sameAs":["https:\/\/www.instagram.com\/cityofkaposvar\/","https:\/\/www.facebook.com\/cityofkaposvar\/"],"logo":{"@type":"ImageObject","inLanguage":"hu","@id":"https:\/\/otthon.kaposvar.hu\/hu\/#\/schema\/logo\/image\/","url":"https:\/\/otthon.kaposvar.hu\/wp-content\/uploads\/2021\/10\/kaposvar_social.jpg","contentUrl":"https:\/\/otthon.kaposvar.hu\/wp-content\/uploads\/2021\/10\/kaposvar_social.jpg","width":1200,"height":900,"caption":"Kaposv\u00e1r Megyei Jog\u00fa V\u00e1ros"},"image":{"@id":"https:\/\/otthon.kaposvar.hu\/hu\/#\/schema\/logo\/image\/"}}]}},"_links":{"self":[{"href":"https:\/\/otthon.kaposvar.hu\/hu\/wp-json\/wp\/v2\/pages\/3523"}],"collection":[{"href":"https:\/\/otthon.kaposvar.hu\/hu\/wp-json\/wp\/v2\/pages"}],"about":[{"href":"https:\/\/otthon.kaposvar.hu\/hu\/wp-json\/wp\/v2\/types\/page"}],"author":[{"embeddable":true,"href":"https:\/\/otthon.kaposvar.hu\/hu\/wp-json\/wp\/v2\/users\/13"}],"replies":[{"embeddable":true,"href":"https:\/\/otthon.kaposvar.hu\/hu\/wp-json\/wp\/v2\/comments?post=3523"}],"version-history":[{"count":0,"href":"https:\/\/otthon.kaposvar.hu\/hu\/wp-json\/wp\/v2\/pages\/3523\/revisions"}],"up":[{"embeddable":true,"href":"https:\/\/otthon.kaposvar.hu\/hu\/wp-json\/wp\/v2\/pages\/279"}],"wp:attachment":[{"href":"https:\/\/otthon.kaposvar.hu\/hu\/wp-json\/wp\/v2\/media?parent=3523"}],"curies":[{"name":"wp","href":"https:\/\/api.w.org\/{rel}","templated":true}]}}