{"id":3484,"date":"2018-09-04T15:55:35","date_gmt":"2018-09-04T14:55:35","guid":{"rendered":"https:\/\/otthon.kaposvar.hu\/?page_id=3484"},"modified":"2018-09-04T16:00:03","modified_gmt":"2018-09-04T15:00:03","slug":"a-beruhazasrol","status":"publish","type":"page","link":"https:\/\/otthon.kaposvar.hu\/hu\/kaposvar-kincse\/a-beruhazasrol\/","title":{"rendered":"A beruh\u00e1z\u00e1sr\u00f3l"},"content":{"rendered":"<p><\/p>\n<p>Kaposv\u00e1r Megyei Jog\u00fa V\u00e1ros \u00d6nkorm\u00e1nyzata a Zselici Forr\u00e1s Kft-vel \u00e9s a Kaposv\u00e1ri Nagypiac Kft-vel konzorciumban a KEOP-6.2.0\/B\/09-11 p\u00e1ly\u00e1zati konstrukci\u00f3 keret\u00e9ben olyan komplex helyi \u00e9lelmiszer-programot k\u00edv\u00e1n megval\u00f3s\u00edtani, amelynek c\u00e9lja a helyi termel\u00e9s \u00e9s fogyaszt\u00e1s \u00f6sszekapcsol\u00e1sa.<\/p>\n<p>A projekt c\u00edme &#8220;Kaposv\u00e1ri helyi term\u00e9kv\u00e9djegy \u00e9s helyi term\u00e9kek boltj\u00e1nak kialak\u00edt\u00e1sa&#8221;, teljes azonos\u00edt\u00f3ja KEOP-6.2.0\/B\/11-2011-0028. A projekt c\u00e9lkit\u0171z\u00e9sei k\u00e9t ter\u00fcletre koncentr\u00e1lnak. Az els\u0151 a helyi \u00e9lelmiszereket forgalmaz\u00f3 \u00fczlet kialak\u00edt\u00e1sa a V\u00e1ros piacter\u00e9nek ter\u00fclet\u00e9n. Ennek besz\u00e1ll\u00edt\u00f3i k\u00f6r\u00e9t mind a v\u00e1rosban tev\u00e9kenyked\u0151 \u00e9lelmiszer-feldolgoz\u00f3 v\u00e1llalatok, mind a helyi \u0151stermel\u0151k alkotj\u00e1k. A m\u00e1sik ter\u00fclet ezen \u00e9lelmiszerek tan\u00fas\u00edt\u00e1s\u00e1t biztos\u00edt\u00f3 v\u00e9djegy kialak\u00edt\u00e1sa. A v\u00e9djegy garant\u00e1lja, hogy a v\u00e9djegyezett term\u00e9kek alapanyaga a ter\u00fcleti hat\u00e1lyon bel\u00fclr\u0151l sz\u00e1rmazik, vagy abban az esetben, ha az alapanyagot nem lehet ter\u00fcleti hat\u00e1lyon bel\u00fcl beszerezni, akkor nagyobb hozz\u00e1adott \u00e9rt\u00e9k a ter\u00fcleti hat\u00e1lyon bel\u00fcl ad\u00f3dik hozz\u00e1.<\/p>\n<p>A projekt h\u00e1rom f\u0151 id\u0151szakra bonthat\u00f3. Az els\u0151 szakaszban ker\u00fclnek kialak\u00edt\u00e1sra a kreat\u00edv tervek, az \u00fczlet kialak\u00edt\u00e1s\u00e1hoz sz\u00fcks\u00e9ges \u00e9p\u00edt\u00e9szeti tervek, valamint megkezd\u0151dnek az \u00fczlet helysz\u00edn\u00e9t ad\u00f3 ter\u00fclet \u00e9p\u00edt\u00e9szeti munk\u00e1i. A megval\u00f3s\u00edt\u00e1s m\u00e1sodik szakasz\u00e1ban befejez\u0151dnek az \u00e9p\u00edt\u00e9szeti munk\u00e1k, kialak\u00edt\u00e1sra ker\u00fcl az alkalmazand\u00f3 v\u00e9djegy krit\u00e9riumrendszere, valamint a v\u00e9djegy haszn\u00e1lat\u00e1ba bevon\u00e1sra ker\u00fclnek a v\u00e1rosban \u00e9s k\u00f6rny\u00e9k\u00e9n tev\u00e9kenyked\u0151 \u00e9lelmiszer-ipari gy\u00e1rt\u00f3k \u00e9s \u0151stermel\u0151k. Az akt\u00edv kommunik\u00e1ci\u00f3 a projekt c\u00e9lcsoportjainak ir\u00e1ny\u00e1ba folyamatos.<\/p>\n<p>A projekt az Eur\u00f3pai Uni\u00f3 t\u00e1mogat\u00e1s\u00e1val val\u00f3sul meg, mind\u00f6sszesen 105.390.732,- Ft-b\u00f3l, melyb\u0151l 100.121.195,- Ft az eur\u00f3pai uni\u00f3s t\u00e1mogat\u00e1s.<\/p>\n<div class=\"kv-page-margin-15\">\u00a0<\/div>\n<p><\/p>","protected":false},"excerpt":{"rendered":"<p>Kaposv\u00e1r Megyei Jog\u00fa V\u00e1ros \u00d6nkorm\u00e1nyzata a Zselici Forr\u00e1s Kft-vel \u00e9s a Kaposv\u00e1ri Nagypiac Kft-vel konzorciumban a KEOP-6.2.0\/B\/09-11 p\u00e1ly\u00e1zati konstrukci\u00f3 keret\u00e9ben olyan komplex helyi \u00e9lelmiszer-programot k\u00edv\u00e1n megval\u00f3s\u00edtani, amelynek c\u00e9lja a helyi termel\u00e9s \u00e9s fogyaszt\u00e1s \u00f6sszekapcsol\u00e1sa. A projekt c\u00edme &#8220;Kaposv\u00e1ri helyi term\u00e9kv\u00e9djegy \u00e9s helyi term\u00e9kek boltj\u00e1nak kialak\u00edt\u00e1sa&#8221;, teljes azonos\u00edt\u00f3ja KEOP-6.2.0\/B\/11-2011-0028. A projekt c\u00e9lkit\u0171z\u00e9sei k\u00e9t ter\u00fcletre koncentr\u00e1lnak. Az [&hellip;]<\/p>\n","protected":false},"author":13,"featured_media":0,"parent":3448,"menu_order":6,"comment_status":"closed","ping_status":"closed","template":"","meta":[],"acf":[],"yoast_head":"<!-- This site is optimized with the Yoast SEO plugin v19.8 - https:\/\/yoast.com\/wordpress\/plugins\/seo\/ -->\n<title>A beruh\u00e1z\u00e1sr\u00f3l - Kaposv\u00e1r Megyei Jog\u00fa V\u00e1ros<\/title>\n<meta name=\"robots\" content=\"index, follow, max-snippet:-1, max-image-preview:large, max-video-preview:-1\" \/>\n<link rel=\"canonical\" href=\"https:\/\/otthon.kaposvar.hu\/hu\/kaposvar-kincse\/a-beruhazasrol\/\" \/>\n<meta property=\"og:locale\" content=\"hu_HU\" \/>\n<meta property=\"og:type\" content=\"article\" \/>\n<meta property=\"og:title\" content=\"A beruh\u00e1z\u00e1sr\u00f3l - Kaposv\u00e1r Megyei Jog\u00fa V\u00e1ros\" \/>\n<meta property=\"og:description\" content=\"Kaposv\u00e1r Megyei Jog\u00fa V\u00e1ros \u00d6nkorm\u00e1nyzata a Zselici Forr\u00e1s Kft-vel \u00e9s a Kaposv\u00e1ri Nagypiac Kft-vel konzorciumban a KEOP-6.2.0\/B\/09-11 p\u00e1ly\u00e1zati konstrukci\u00f3 keret\u00e9ben olyan komplex helyi \u00e9lelmiszer-programot k\u00edv\u00e1n megval\u00f3s\u00edtani, amelynek c\u00e9lja a helyi termel\u00e9s \u00e9s fogyaszt\u00e1s \u00f6sszekapcsol\u00e1sa. A projekt c\u00edme &#8220;Kaposv\u00e1ri helyi term\u00e9kv\u00e9djegy \u00e9s helyi term\u00e9kek boltj\u00e1nak kialak\u00edt\u00e1sa&#8221;, teljes azonos\u00edt\u00f3ja KEOP-6.2.0\/B\/11-2011-0028. A projekt c\u00e9lkit\u0171z\u00e9sei k\u00e9t ter\u00fcletre koncentr\u00e1lnak. Az [&hellip;]\" \/>\n<meta property=\"og:url\" content=\"https:\/\/otthon.kaposvar.hu\/hu\/kaposvar-kincse\/a-beruhazasrol\/\" \/>\n<meta property=\"og:site_name\" content=\"Kaposv\u00e1r Megyei Jog\u00fa V\u00e1ros\" \/>\n<meta property=\"article:publisher\" content=\"https:\/\/www.facebook.com\/cityofkaposvar\/\" \/>\n<meta property=\"article:modified_time\" content=\"2018-09-04T15:00:03+00:00\" \/>\n<meta property=\"og:image\" content=\"https:\/\/otthon.kaposvar.hu\/wp-content\/uploads\/2021\/10\/kaposvar_social.jpg\" \/>\n\t<meta property=\"og:image:width\" content=\"1200\" \/>\n\t<meta property=\"og:image:height\" content=\"900\" \/>\n\t<meta property=\"og:image:type\" content=\"image\/jpeg\" \/>\n<meta name=\"twitter:card\" content=\"summary_large_image\" \/>\n<meta name=\"twitter:label1\" content=\"Becs\u00fclt olvas\u00e1si id\u0151\" \/>\n\t<meta name=\"twitter:data1\" content=\"2 perc\" \/>\n<script type=\"application\/ld+json\" class=\"yoast-schema-graph\">{\"@context\":\"https:\/\/schema.org\",\"@graph\":[{\"@type\":\"WebPage\",\"@id\":\"https:\/\/otthon.kaposvar.hu\/hu\/kaposvar-kincse\/a-beruhazasrol\/\",\"url\":\"https:\/\/otthon.kaposvar.hu\/hu\/kaposvar-kincse\/a-beruhazasrol\/\",\"name\":\"A beruh\u00e1z\u00e1sr\u00f3l - Kaposv\u00e1r Megyei Jog\u00fa V\u00e1ros\",\"isPartOf\":{\"@id\":\"https:\/\/otthon.kaposvar.hu\/hu\/#website\"},\"datePublished\":\"2018-09-04T14:55:35+00:00\",\"dateModified\":\"2018-09-04T15:00:03+00:00\",\"breadcrumb\":{\"@id\":\"https:\/\/otthon.kaposvar.hu\/hu\/kaposvar-kincse\/a-beruhazasrol\/#breadcrumb\"},\"inLanguage\":\"hu\",\"potentialAction\":[{\"@type\":\"ReadAction\",\"target\":[[\"https:\/\/otthon.kaposvar.hu\/hu\/kaposvar-kincse\/a-beruhazasrol\/\"]]}]},{\"@type\":\"BreadcrumbList\",\"@id\":\"https:\/\/otthon.kaposvar.hu\/hu\/kaposvar-kincse\/a-beruhazasrol\/#breadcrumb\",\"itemListElement\":[{\"@type\":\"ListItem\",\"position\":1,\"name\":\"Home\",\"item\":\"https:\/\/otthon.kaposvar.hu\/hu\/\"},{\"@type\":\"ListItem\",\"position\":2,\"name\":\"Kaposv\u00e1r Kincse\",\"item\":\"https:\/\/otthon.kaposvar.hu\/hu\/kaposvar-kincse\/\"},{\"@type\":\"ListItem\",\"position\":3,\"name\":\"A beruh\u00e1z\u00e1sr\u00f3l\"}]},{\"@type\":\"WebSite\",\"@id\":\"https:\/\/otthon.kaposvar.hu\/hu\/#website\",\"url\":\"https:\/\/otthon.kaposvar.hu\/hu\/\",\"name\":\"Kaposv\u00e1r Megyei Jog\u00fa V\u00e1ros\",\"description\":\"\",\"publisher\":{\"@id\":\"https:\/\/otthon.kaposvar.hu\/hu\/#organization\"},\"potentialAction\":[{\"@type\":\"SearchAction\",\"target\":{\"@type\":\"EntryPoint\",\"urlTemplate\":\"https:\/\/otthon.kaposvar.hu\/hu\/?s={search_term_string}\"},\"query-input\":\"required name=search_term_string\"}],\"inLanguage\":\"hu\"},{\"@type\":\"Organization\",\"@id\":\"https:\/\/otthon.kaposvar.hu\/hu\/#organization\",\"name\":\"Kaposv\u00e1r Megyei Jog\u00fa V\u00e1ros\",\"url\":\"https:\/\/otthon.kaposvar.hu\/hu\/\",\"sameAs\":[\"https:\/\/www.instagram.com\/cityofkaposvar\/\",\"https:\/\/www.facebook.com\/cityofkaposvar\/\"],\"logo\":{\"@type\":\"ImageObject\",\"inLanguage\":\"hu\",\"@id\":\"https:\/\/otthon.kaposvar.hu\/hu\/#\/schema\/logo\/image\/\",\"url\":\"https:\/\/otthon.kaposvar.hu\/wp-content\/uploads\/2021\/10\/kaposvar_social.jpg\",\"contentUrl\":\"https:\/\/otthon.kaposvar.hu\/wp-content\/uploads\/2021\/10\/kaposvar_social.jpg\",\"width\":1200,\"height\":900,\"caption\":\"Kaposv\u00e1r Megyei Jog\u00fa V\u00e1ros\"},\"image\":{\"@id\":\"https:\/\/otthon.kaposvar.hu\/hu\/#\/schema\/logo\/image\/\"}}]}<\/script>\n<!-- \/ Yoast SEO plugin. -->","yoast_head_json":{"title":"A beruh\u00e1z\u00e1sr\u00f3l - Kaposv\u00e1r Megyei Jog\u00fa V\u00e1ros","robots":{"index":"index","follow":"follow","max-snippet":"max-snippet:-1","max-image-preview":"max-image-preview:large","max-video-preview":"max-video-preview:-1"},"canonical":"https:\/\/otthon.kaposvar.hu\/hu\/kaposvar-kincse\/a-beruhazasrol\/","og_locale":"hu_HU","og_type":"article","og_title":"A beruh\u00e1z\u00e1sr\u00f3l - Kaposv\u00e1r Megyei Jog\u00fa V\u00e1ros","og_description":"Kaposv\u00e1r Megyei Jog\u00fa V\u00e1ros \u00d6nkorm\u00e1nyzata a Zselici Forr\u00e1s Kft-vel \u00e9s a Kaposv\u00e1ri Nagypiac Kft-vel konzorciumban a KEOP-6.2.0\/B\/09-11 p\u00e1ly\u00e1zati konstrukci\u00f3 keret\u00e9ben olyan komplex helyi \u00e9lelmiszer-programot k\u00edv\u00e1n megval\u00f3s\u00edtani, amelynek c\u00e9lja a helyi termel\u00e9s \u00e9s fogyaszt\u00e1s \u00f6sszekapcsol\u00e1sa. A projekt c\u00edme &#8220;Kaposv\u00e1ri helyi term\u00e9kv\u00e9djegy \u00e9s helyi term\u00e9kek boltj\u00e1nak kialak\u00edt\u00e1sa&#8221;, teljes azonos\u00edt\u00f3ja KEOP-6.2.0\/B\/11-2011-0028. A projekt c\u00e9lkit\u0171z\u00e9sei k\u00e9t ter\u00fcletre koncentr\u00e1lnak. Az [&hellip;]","og_url":"https:\/\/otthon.kaposvar.hu\/hu\/kaposvar-kincse\/a-beruhazasrol\/","og_site_name":"Kaposv\u00e1r Megyei Jog\u00fa V\u00e1ros","article_publisher":"https:\/\/www.facebook.com\/cityofkaposvar\/","article_modified_time":"2018-09-04T15:00:03+00:00","og_image":[{"width":1200,"height":900,"url":"https:\/\/otthon.kaposvar.hu\/wp-content\/uploads\/2021\/10\/kaposvar_social.jpg","type":"image\/jpeg"}],"twitter_card":"summary_large_image","twitter_misc":{"Becs\u00fclt olvas\u00e1si id\u0151":"2 perc"},"schema":{"@context":"https:\/\/schema.org","@graph":[{"@type":"WebPage","@id":"https:\/\/otthon.kaposvar.hu\/hu\/kaposvar-kincse\/a-beruhazasrol\/","url":"https:\/\/otthon.kaposvar.hu\/hu\/kaposvar-kincse\/a-beruhazasrol\/","name":"A beruh\u00e1z\u00e1sr\u00f3l - Kaposv\u00e1r Megyei Jog\u00fa V\u00e1ros","isPartOf":{"@id":"https:\/\/otthon.kaposvar.hu\/hu\/#website"},"datePublished":"2018-09-04T14:55:35+00:00","dateModified":"2018-09-04T15:00:03+00:00","breadcrumb":{"@id":"https:\/\/otthon.kaposvar.hu\/hu\/kaposvar-kincse\/a-beruhazasrol\/#breadcrumb"},"inLanguage":"hu","potentialAction":[{"@type":"ReadAction","target":[["https:\/\/otthon.kaposvar.hu\/hu\/kaposvar-kincse\/a-beruhazasrol\/"]]}]},{"@type":"BreadcrumbList","@id":"https:\/\/otthon.kaposvar.hu\/hu\/kaposvar-kincse\/a-beruhazasrol\/#breadcrumb","itemListElement":[{"@type":"ListItem","position":1,"name":"Home","item":"https:\/\/otthon.kaposvar.hu\/hu\/"},{"@type":"ListItem","position":2,"name":"Kaposv\u00e1r Kincse","item":"https:\/\/otthon.kaposvar.hu\/hu\/kaposvar-kincse\/"},{"@type":"ListItem","position":3,"name":"A beruh\u00e1z\u00e1sr\u00f3l"}]},{"@type":"WebSite","@id":"https:\/\/otthon.kaposvar.hu\/hu\/#website","url":"https:\/\/otthon.kaposvar.hu\/hu\/","name":"Kaposv\u00e1r Megyei Jog\u00fa V\u00e1ros","description":"","publisher":{"@id":"https:\/\/otthon.kaposvar.hu\/hu\/#organization"},"potentialAction":[{"@type":"SearchAction","target":{"@type":"EntryPoint","urlTemplate":"https:\/\/otthon.kaposvar.hu\/hu\/?s={search_term_string}"},"query-input":"required name=search_term_string"}],"inLanguage":"hu"},{"@type":"Organization","@id":"https:\/\/otthon.kaposvar.hu\/hu\/#organization","name":"Kaposv\u00e1r Megyei Jog\u00fa V\u00e1ros","url":"https:\/\/otthon.kaposvar.hu\/hu\/","sameAs":["https:\/\/www.instagram.com\/cityofkaposvar\/","https:\/\/www.facebook.com\/cityofkaposvar\/"],"logo":{"@type":"ImageObject","inLanguage":"hu","@id":"https:\/\/otthon.kaposvar.hu\/hu\/#\/schema\/logo\/image\/","url":"https:\/\/otthon.kaposvar.hu\/wp-content\/uploads\/2021\/10\/kaposvar_social.jpg","contentUrl":"https:\/\/otthon.kaposvar.hu\/wp-content\/uploads\/2021\/10\/kaposvar_social.jpg","width":1200,"height":900,"caption":"Kaposv\u00e1r Megyei Jog\u00fa V\u00e1ros"},"image":{"@id":"https:\/\/otthon.kaposvar.hu\/hu\/#\/schema\/logo\/image\/"}}]}},"_links":{"self":[{"href":"https:\/\/otthon.kaposvar.hu\/hu\/wp-json\/wp\/v2\/pages\/3484"}],"collection":[{"href":"https:\/\/otthon.kaposvar.hu\/hu\/wp-json\/wp\/v2\/pages"}],"about":[{"href":"https:\/\/otthon.kaposvar.hu\/hu\/wp-json\/wp\/v2\/types\/page"}],"author":[{"embeddable":true,"href":"https:\/\/otthon.kaposvar.hu\/hu\/wp-json\/wp\/v2\/users\/13"}],"replies":[{"embeddable":true,"href":"https:\/\/otthon.kaposvar.hu\/hu\/wp-json\/wp\/v2\/comments?post=3484"}],"version-history":[{"count":0,"href":"https:\/\/otthon.kaposvar.hu\/hu\/wp-json\/wp\/v2\/pages\/3484\/revisions"}],"up":[{"embeddable":true,"href":"https:\/\/otthon.kaposvar.hu\/hu\/wp-json\/wp\/v2\/pages\/3448"}],"wp:attachment":[{"href":"https:\/\/otthon.kaposvar.hu\/hu\/wp-json\/wp\/v2\/media?parent=3484"}],"curies":[{"name":"wp","href":"https:\/\/api.w.org\/{rel}","templated":true}]}}