{"id":3483,"date":"2018-09-04T15:53:44","date_gmt":"2018-09-04T14:53:44","guid":{"rendered":"https:\/\/otthon.kaposvar.hu\/?page_id=3483"},"modified":"2018-09-04T16:05:25","modified_gmt":"2018-09-04T15:05:25","slug":"helyi-termekek-nepszerusitesehez-kapcsolodo-kommunikacios-es-piackutatasi-feladatok-elvegzese","status":"publish","type":"page","link":"https:\/\/otthon.kaposvar.hu\/hu\/helyi-termekek-nepszerusitesehez-kapcsolodo-kommunikacios-es-piackutatasi-feladatok-elvegzese\/","title":{"rendered":"Helyi Term\u00e9kek n\u00e9pszer\u0171s\u00edt\u00e9s\u00e9hez kapcsol\u00f3d\u00f3 kommunik\u00e1ci\u00f3s \u00e9s piackutat\u00e1si feladatok elv\u00e9gz\u00e9se"},"content":{"rendered":"<p><\/p>\n<p><a href=\"https:\/\/kaposvarkincse.kaposvar.hu\/images\/AF_-_Helyi_term%C3%A9k_PR_-_2013-12-06.pdf\" target=\"_blank\" rel=\"noopener\">Aj\u00e1nlati felh\u00edv\u00e1s<\/a><\/p>\n<p><a href=\"https:\/\/kaposvarkincse.kaposvar.hu\/images\/%C3%96sszegez%C3%A9s_-_Helyi_term%C3%A9k_PR_-_2014-01-06.pdf\">\u00d6sszegz\u00e9s az aj\u00e1nlatok elb\u00edr\u00e1l\u00e1s\u00e1r\u00f3l<\/a><\/p>\n<p><a href=\"https:\/\/kaposvarkincse.kaposvar.hu\/images\/MAH%C3%8DR_szerz%C5%91d%C3%A9s_al%C3%A1%C3%ADrt.pdf\" target=\"_blank\" rel=\"noopener\">V\u00e1llalkoz\u00e1si szerz\u0151d\u00e9s<\/a><\/p>\n<p>&nbsp;<\/p>\n<div class=\"kv-page-margin-15\">\u00a0<\/div>\n<p><\/p>","protected":false},"excerpt":{"rendered":"<p>Aj\u00e1nlati felh\u00edv\u00e1s \u00d6sszegz\u00e9s az aj\u00e1nlatok elb\u00edr\u00e1l\u00e1s\u00e1r\u00f3l V\u00e1llalkoz\u00e1si szerz\u0151d\u00e9s &nbsp; \u00a0<\/p>\n","protected":false},"author":13,"featured_media":0,"parent":0,"menu_order":9,"comment_status":"closed","ping_status":"closed","template":"","meta":[],"acf":[],"yoast_head":"<!-- This site is optimized with the Yoast SEO plugin v19.8 - https:\/\/yoast.com\/wordpress\/plugins\/seo\/ -->\n<title>Helyi Term\u00e9kek n\u00e9pszer\u0171s\u00edt\u00e9s\u00e9hez kapcsol\u00f3d\u00f3 kommunik\u00e1ci\u00f3s \u00e9s piackutat\u00e1si feladatok elv\u00e9gz\u00e9se - Kaposv\u00e1r Megyei Jog\u00fa V\u00e1ros<\/title>\n<meta name=\"robots\" content=\"index, follow, max-snippet:-1, max-image-preview:large, max-video-preview:-1\" \/>\n<link rel=\"canonical\" href=\"https:\/\/otthon.kaposvar.hu\/hu\/helyi-termekek-nepszerusitesehez-kapcsolodo-kommunikacios-es-piackutatasi-feladatok-elvegzese\/\" \/>\n<meta property=\"og:locale\" content=\"hu_HU\" \/>\n<meta property=\"og:type\" content=\"article\" \/>\n<meta property=\"og:title\" content=\"Helyi Term\u00e9kek n\u00e9pszer\u0171s\u00edt\u00e9s\u00e9hez kapcsol\u00f3d\u00f3 kommunik\u00e1ci\u00f3s \u00e9s piackutat\u00e1si feladatok elv\u00e9gz\u00e9se - Kaposv\u00e1r Megyei Jog\u00fa V\u00e1ros\" \/>\n<meta property=\"og:description\" content=\"Aj\u00e1nlati felh\u00edv\u00e1s \u00d6sszegz\u00e9s az aj\u00e1nlatok elb\u00edr\u00e1l\u00e1s\u00e1r\u00f3l V\u00e1llalkoz\u00e1si szerz\u0151d\u00e9s &nbsp; \u00a0\" \/>\n<meta property=\"og:url\" content=\"https:\/\/otthon.kaposvar.hu\/hu\/helyi-termekek-nepszerusitesehez-kapcsolodo-kommunikacios-es-piackutatasi-feladatok-elvegzese\/\" \/>\n<meta property=\"og:site_name\" content=\"Kaposv\u00e1r Megyei Jog\u00fa V\u00e1ros\" \/>\n<meta property=\"article:publisher\" content=\"https:\/\/www.facebook.com\/cityofkaposvar\/\" \/>\n<meta property=\"article:modified_time\" content=\"2018-09-04T15:05:25+00:00\" \/>\n<meta property=\"og:image\" content=\"https:\/\/otthon.kaposvar.hu\/wp-content\/uploads\/2021\/10\/kaposvar_social.jpg\" \/>\n\t<meta property=\"og:image:width\" content=\"1200\" \/>\n\t<meta property=\"og:image:height\" content=\"900\" \/>\n\t<meta property=\"og:image:type\" content=\"image\/jpeg\" \/>\n<meta name=\"twitter:card\" content=\"summary_large_image\" \/>\n<script type=\"application\/ld+json\" class=\"yoast-schema-graph\">{\"@context\":\"https:\/\/schema.org\",\"@graph\":[{\"@type\":\"WebPage\",\"@id\":\"https:\/\/otthon.kaposvar.hu\/hu\/helyi-termekek-nepszerusitesehez-kapcsolodo-kommunikacios-es-piackutatasi-feladatok-elvegzese\/\",\"url\":\"https:\/\/otthon.kaposvar.hu\/hu\/helyi-termekek-nepszerusitesehez-kapcsolodo-kommunikacios-es-piackutatasi-feladatok-elvegzese\/\",\"name\":\"Helyi Term\u00e9kek n\u00e9pszer\u0171s\u00edt\u00e9s\u00e9hez kapcsol\u00f3d\u00f3 kommunik\u00e1ci\u00f3s \u00e9s piackutat\u00e1si feladatok elv\u00e9gz\u00e9se - Kaposv\u00e1r Megyei Jog\u00fa V\u00e1ros\",\"isPartOf\":{\"@id\":\"https:\/\/otthon.kaposvar.hu\/hu\/#website\"},\"datePublished\":\"2018-09-04T14:53:44+00:00\",\"dateModified\":\"2018-09-04T15:05:25+00:00\",\"breadcrumb\":{\"@id\":\"https:\/\/otthon.kaposvar.hu\/hu\/helyi-termekek-nepszerusitesehez-kapcsolodo-kommunikacios-es-piackutatasi-feladatok-elvegzese\/#breadcrumb\"},\"inLanguage\":\"hu\",\"potentialAction\":[{\"@type\":\"ReadAction\",\"target\":[[\"https:\/\/otthon.kaposvar.hu\/hu\/helyi-termekek-nepszerusitesehez-kapcsolodo-kommunikacios-es-piackutatasi-feladatok-elvegzese\/\"]]}]},{\"@type\":\"BreadcrumbList\",\"@id\":\"https:\/\/otthon.kaposvar.hu\/hu\/helyi-termekek-nepszerusitesehez-kapcsolodo-kommunikacios-es-piackutatasi-feladatok-elvegzese\/#breadcrumb\",\"itemListElement\":[{\"@type\":\"ListItem\",\"position\":1,\"name\":\"Home\",\"item\":\"https:\/\/otthon.kaposvar.hu\/hu\/\"},{\"@type\":\"ListItem\",\"position\":2,\"name\":\"Helyi Term\u00e9kek n\u00e9pszer\u0171s\u00edt\u00e9s\u00e9hez kapcsol\u00f3d\u00f3 kommunik\u00e1ci\u00f3s \u00e9s piackutat\u00e1si feladatok elv\u00e9gz\u00e9se\"}]},{\"@type\":\"WebSite\",\"@id\":\"https:\/\/otthon.kaposvar.hu\/hu\/#website\",\"url\":\"https:\/\/otthon.kaposvar.hu\/hu\/\",\"name\":\"Kaposv\u00e1r Megyei Jog\u00fa V\u00e1ros\",\"description\":\"\",\"publisher\":{\"@id\":\"https:\/\/otthon.kaposvar.hu\/hu\/#organization\"},\"potentialAction\":[{\"@type\":\"SearchAction\",\"target\":{\"@type\":\"EntryPoint\",\"urlTemplate\":\"https:\/\/otthon.kaposvar.hu\/hu\/?s={search_term_string}\"},\"query-input\":\"required name=search_term_string\"}],\"inLanguage\":\"hu\"},{\"@type\":\"Organization\",\"@id\":\"https:\/\/otthon.kaposvar.hu\/hu\/#organization\",\"name\":\"Kaposv\u00e1r Megyei Jog\u00fa V\u00e1ros\",\"url\":\"https:\/\/otthon.kaposvar.hu\/hu\/\",\"sameAs\":[\"https:\/\/www.instagram.com\/cityofkaposvar\/\",\"https:\/\/www.facebook.com\/cityofkaposvar\/\"],\"logo\":{\"@type\":\"ImageObject\",\"inLanguage\":\"hu\",\"@id\":\"https:\/\/otthon.kaposvar.hu\/hu\/#\/schema\/logo\/image\/\",\"url\":\"https:\/\/otthon.kaposvar.hu\/wp-content\/uploads\/2021\/10\/kaposvar_social.jpg\",\"contentUrl\":\"https:\/\/otthon.kaposvar.hu\/wp-content\/uploads\/2021\/10\/kaposvar_social.jpg\",\"width\":1200,\"height\":900,\"caption\":\"Kaposv\u00e1r Megyei Jog\u00fa V\u00e1ros\"},\"image\":{\"@id\":\"https:\/\/otthon.kaposvar.hu\/hu\/#\/schema\/logo\/image\/\"}}]}<\/script>\n<!-- \/ Yoast SEO plugin. -->","yoast_head_json":{"title":"Helyi Term\u00e9kek n\u00e9pszer\u0171s\u00edt\u00e9s\u00e9hez kapcsol\u00f3d\u00f3 kommunik\u00e1ci\u00f3s \u00e9s piackutat\u00e1si feladatok elv\u00e9gz\u00e9se - Kaposv\u00e1r Megyei Jog\u00fa V\u00e1ros","robots":{"index":"index","follow":"follow","max-snippet":"max-snippet:-1","max-image-preview":"max-image-preview:large","max-video-preview":"max-video-preview:-1"},"canonical":"https:\/\/otthon.kaposvar.hu\/hu\/helyi-termekek-nepszerusitesehez-kapcsolodo-kommunikacios-es-piackutatasi-feladatok-elvegzese\/","og_locale":"hu_HU","og_type":"article","og_title":"Helyi Term\u00e9kek n\u00e9pszer\u0171s\u00edt\u00e9s\u00e9hez kapcsol\u00f3d\u00f3 kommunik\u00e1ci\u00f3s \u00e9s piackutat\u00e1si feladatok elv\u00e9gz\u00e9se - Kaposv\u00e1r Megyei Jog\u00fa V\u00e1ros","og_description":"Aj\u00e1nlati felh\u00edv\u00e1s \u00d6sszegz\u00e9s az aj\u00e1nlatok elb\u00edr\u00e1l\u00e1s\u00e1r\u00f3l V\u00e1llalkoz\u00e1si szerz\u0151d\u00e9s &nbsp; \u00a0","og_url":"https:\/\/otthon.kaposvar.hu\/hu\/helyi-termekek-nepszerusitesehez-kapcsolodo-kommunikacios-es-piackutatasi-feladatok-elvegzese\/","og_site_name":"Kaposv\u00e1r Megyei Jog\u00fa V\u00e1ros","article_publisher":"https:\/\/www.facebook.com\/cityofkaposvar\/","article_modified_time":"2018-09-04T15:05:25+00:00","og_image":[{"width":1200,"height":900,"url":"https:\/\/otthon.kaposvar.hu\/wp-content\/uploads\/2021\/10\/kaposvar_social.jpg","type":"image\/jpeg"}],"twitter_card":"summary_large_image","schema":{"@context":"https:\/\/schema.org","@graph":[{"@type":"WebPage","@id":"https:\/\/otthon.kaposvar.hu\/hu\/helyi-termekek-nepszerusitesehez-kapcsolodo-kommunikacios-es-piackutatasi-feladatok-elvegzese\/","url":"https:\/\/otthon.kaposvar.hu\/hu\/helyi-termekek-nepszerusitesehez-kapcsolodo-kommunikacios-es-piackutatasi-feladatok-elvegzese\/","name":"Helyi Term\u00e9kek n\u00e9pszer\u0171s\u00edt\u00e9s\u00e9hez kapcsol\u00f3d\u00f3 kommunik\u00e1ci\u00f3s \u00e9s piackutat\u00e1si feladatok elv\u00e9gz\u00e9se - Kaposv\u00e1r Megyei Jog\u00fa V\u00e1ros","isPartOf":{"@id":"https:\/\/otthon.kaposvar.hu\/hu\/#website"},"datePublished":"2018-09-04T14:53:44+00:00","dateModified":"2018-09-04T15:05:25+00:00","breadcrumb":{"@id":"https:\/\/otthon.kaposvar.hu\/hu\/helyi-termekek-nepszerusitesehez-kapcsolodo-kommunikacios-es-piackutatasi-feladatok-elvegzese\/#breadcrumb"},"inLanguage":"hu","potentialAction":[{"@type":"ReadAction","target":[["https:\/\/otthon.kaposvar.hu\/hu\/helyi-termekek-nepszerusitesehez-kapcsolodo-kommunikacios-es-piackutatasi-feladatok-elvegzese\/"]]}]},{"@type":"BreadcrumbList","@id":"https:\/\/otthon.kaposvar.hu\/hu\/helyi-termekek-nepszerusitesehez-kapcsolodo-kommunikacios-es-piackutatasi-feladatok-elvegzese\/#breadcrumb","itemListElement":[{"@type":"ListItem","position":1,"name":"Home","item":"https:\/\/otthon.kaposvar.hu\/hu\/"},{"@type":"ListItem","position":2,"name":"Helyi Term\u00e9kek n\u00e9pszer\u0171s\u00edt\u00e9s\u00e9hez kapcsol\u00f3d\u00f3 kommunik\u00e1ci\u00f3s \u00e9s piackutat\u00e1si feladatok elv\u00e9gz\u00e9se"}]},{"@type":"WebSite","@id":"https:\/\/otthon.kaposvar.hu\/hu\/#website","url":"https:\/\/otthon.kaposvar.hu\/hu\/","name":"Kaposv\u00e1r Megyei Jog\u00fa V\u00e1ros","description":"","publisher":{"@id":"https:\/\/otthon.kaposvar.hu\/hu\/#organization"},"potentialAction":[{"@type":"SearchAction","target":{"@type":"EntryPoint","urlTemplate":"https:\/\/otthon.kaposvar.hu\/hu\/?s={search_term_string}"},"query-input":"required name=search_term_string"}],"inLanguage":"hu"},{"@type":"Organization","@id":"https:\/\/otthon.kaposvar.hu\/hu\/#organization","name":"Kaposv\u00e1r Megyei Jog\u00fa V\u00e1ros","url":"https:\/\/otthon.kaposvar.hu\/hu\/","sameAs":["https:\/\/www.instagram.com\/cityofkaposvar\/","https:\/\/www.facebook.com\/cityofkaposvar\/"],"logo":{"@type":"ImageObject","inLanguage":"hu","@id":"https:\/\/otthon.kaposvar.hu\/hu\/#\/schema\/logo\/image\/","url":"https:\/\/otthon.kaposvar.hu\/wp-content\/uploads\/2021\/10\/kaposvar_social.jpg","contentUrl":"https:\/\/otthon.kaposvar.hu\/wp-content\/uploads\/2021\/10\/kaposvar_social.jpg","width":1200,"height":900,"caption":"Kaposv\u00e1r Megyei Jog\u00fa V\u00e1ros"},"image":{"@id":"https:\/\/otthon.kaposvar.hu\/hu\/#\/schema\/logo\/image\/"}}]}},"_links":{"self":[{"href":"https:\/\/otthon.kaposvar.hu\/hu\/wp-json\/wp\/v2\/pages\/3483"}],"collection":[{"href":"https:\/\/otthon.kaposvar.hu\/hu\/wp-json\/wp\/v2\/pages"}],"about":[{"href":"https:\/\/otthon.kaposvar.hu\/hu\/wp-json\/wp\/v2\/types\/page"}],"author":[{"embeddable":true,"href":"https:\/\/otthon.kaposvar.hu\/hu\/wp-json\/wp\/v2\/users\/13"}],"replies":[{"embeddable":true,"href":"https:\/\/otthon.kaposvar.hu\/hu\/wp-json\/wp\/v2\/comments?post=3483"}],"version-history":[{"count":0,"href":"https:\/\/otthon.kaposvar.hu\/hu\/wp-json\/wp\/v2\/pages\/3483\/revisions"}],"wp:attachment":[{"href":"https:\/\/otthon.kaposvar.hu\/hu\/wp-json\/wp\/v2\/media?parent=3483"}],"curies":[{"name":"wp","href":"https:\/\/api.w.org\/{rel}","templated":true}]}}