{"id":3472,"date":"2018-08-30T15:27:13","date_gmt":"2018-08-30T14:27:13","guid":{"rendered":"https:\/\/otthon.kaposvar.hu\/?page_id=3472"},"modified":"2018-08-31T12:40:02","modified_gmt":"2018-08-31T11:40:02","slug":"felmeres-civil-koncepciohoz","status":"publish","type":"page","link":"https:\/\/otthon.kaposvar.hu\/hu\/lakossagi-informaciok\/kozossegek\/civil-szervezetek\/felmeres-civil-koncepciohoz\/","title":{"rendered":"Felm\u00e9r\u00e9s civil koncepci\u00f3hoz"},"content":{"rendered":"<p><\/p>\n<h2 class=\"kv-page-content-title\">Tisztelt Eln\u00f6k Asszony\/\u00dar!<\/h2>\n<h2 class=\"kv-page-content-title\">Kedves Mindenki!<\/h2>\n<div class=\"kv-page-margin-05\">\u00a0<\/div>\n<p class=\"kv-page-content-paragraph\">K\u00f6z\u00f6s munk\u00e1ra, illetve k\u00f6z\u00f6s gondolkod\u00e1sra k\u00e9rlek Benneteket. Kaposv\u00e1r Megyei Jog\u00fa V\u00e1ros \u00d6nkorm\u00e1nyzata 2009-ben alkotta meg \u00e9s fogadta el a jelenleg \u00e9rv\u00e9nyben l\u00e9v\u0151 Civil Koncepci\u00f3j\u00e1t. Az eltelt id\u0151szakban sok mindent t\u00f6rt\u00e9nt, jogszab\u00e1lyv\u00e1ltoz\u00e1s, t\u00e1rsadalmi k\u00f6rnyezetv\u00e1ltoz\u00e1s, stb., \u00edgy indokoltt\u00e1 v\u00e1lt, hogy a kor\u00e1bbi civil koncepci\u00f3 fel\u00fclvizsg\u00e1lat\u00e1ra sor ker\u00fclj\u00f6n.<\/p>\n<p>A bejegyzett civil szervezetekr\u0151l a hivatalos nyilv\u00e1ntart\u00e1sok szolg\u00e1lnak els\u0151dleges inform\u00e1ci\u00f3k\u00e9nt, ezek az adatok azonban sokszor m\u00e9g csak k\u00f6sz\u00f6n\u0151 viszonyban sincsenek a val\u00f3s\u00e1ggal, ez\u00e9rt azt gondoltuk, hogy a koncepci\u00f3 fel\u00fclvizsg\u00e1lat\u00e1hoz egy k\u00e9rd\u0151\u00edvet k\u00e9sz\u00edt\u00fcnk, mely a szervezetek adataira is r\u00e1k\u00e9rdez. Fontosnak tartjuk megtudni, hogyan gondolkodtok a szervezet j\u00f6v\u0151j\u00e9r\u0151l, Kaposv\u00e1rr\u00f3l, illetve a kett\u0151 egy\u00fcttes viszony\u00e1r\u00f3l.<\/p>\n<p>A k\u00e9rd\u0151\u00edvet <span style=\"text-decoration: underline\"><a href=\"https:\/\/otthon.kaposvar.hu\/wp-content\/uploads\/2018\/08\/civilk\u00e9rd\u0151\u00edv-kaposv\u00e1r_20180813.pdf\" target=\"_blank\" rel=\"noopener\">ide kattintva<\/a><\/span>, Szita K\u00e1roly polg\u00e1rmester \u00far level\u00e9t pedig <span style=\"text-decoration: underline\"><a href=\"https:\/\/otthon.kaposvar.hu\/wp-content\/uploads\/2018\/08\/civil-lev\u00e9l-PM.pdf\" target=\"_blank\" rel=\"noopener\">ide kattintva<\/a><\/span> tudj\u00e1tok let\u00f6lteni. K\u00e9rem, hogy seg\u00edts\u00e9tek munk\u00e1nkat, fontos lenne, hogy a civil szervezetekkel egy\u00fctt k\u00e9sz\u00edts\u00fck el az \u00faj koncepci\u00f3t.<\/p>\n<p>A mell\u00e9kelt k\u00e9rd\u0151\u00edvet lehet\u0151s\u00e9g szerint 2018. szeptember 12. napj\u00e1ig k\u00fcldj\u00e9tek vissza r\u00e9szemre ak\u00e1r a civil@kaposvar.hu email c\u00edmre, ak\u00e1r post\u00e1n a Kaposv\u00e1r, Kossuth t\u00e9r 1. sz\u00e1m al\u00e1, illetve <span style=\"text-decoration: underline\"><a href=\"https:\/\/docs.google.com\/forms\/d\/e\/1FAIpQLSce49bufSR6O9O-qYhqfv7Iiu4B6LFs16dn4mYZP7dd33tifg\/viewform\" target=\"_blank\" rel=\"noopener\">ide kattintva lehet\u0151s\u00e9g van online kit\u00f6lt\u00e9sre<\/a><\/span> is.\u00a0<\/p>\n<div class=\"kv-page-margin-05\">\u00a0<\/div>\n<p>El\u0151re is k\u00f6sz\u00f6n\u00f6m a munk\u00e1tokat \u00e9s a seg\u00edts\u00e9geteket.<\/p>\n<div class=\"kv-page-margin-05\">\u00a0<\/div>\n<p>\u00dcdv\u00f6zlettel:<\/p>\n<h3 class=\"kv-page-content-subtitle\">Batty\u00e1nyi Be\u00e1ta<\/h3>\n<h4 class=\"kv-page-content-paragraphtitle\">civil- \u00e9s romareferens<\/h4>\n<div class=\"kv-page-margin-15\">\u00a0<\/div>\n<p class=\"kv-page-content-paragraph\">\u00a0<\/p>\n<div class=\"kv-page-margin-15\">\u00a0<\/div>\n<p><\/p>","protected":false},"excerpt":{"rendered":"<p>Tisztelt Eln\u00f6k Asszony\/\u00dar! Kedves Mindenki! \u00a0 K\u00f6z\u00f6s munk\u00e1ra, illetve k\u00f6z\u00f6s gondolkod\u00e1sra k\u00e9rlek Benneteket. Kaposv\u00e1r Megyei Jog\u00fa V\u00e1ros \u00d6nkorm\u00e1nyzata 2009-ben alkotta meg \u00e9s fogadta el a jelenleg \u00e9rv\u00e9nyben l\u00e9v\u0151 Civil Koncepci\u00f3j\u00e1t. Az eltelt id\u0151szakban sok mindent t\u00f6rt\u00e9nt, jogszab\u00e1lyv\u00e1ltoz\u00e1s, t\u00e1rsadalmi k\u00f6rnyezetv\u00e1ltoz\u00e1s, stb., \u00edgy indokoltt\u00e1 v\u00e1lt, hogy a kor\u00e1bbi civil koncepci\u00f3 fel\u00fclvizsg\u00e1lat\u00e1ra sor ker\u00fclj\u00f6n. A bejegyzett civil szervezetekr\u0151l [&hellip;]<\/p>\n","protected":false},"author":13,"featured_media":0,"parent":267,"menu_order":1,"comment_status":"closed","ping_status":"closed","template":"","meta":[],"acf":[],"yoast_head":"<!-- This site is optimized with the Yoast SEO plugin v19.8 - https:\/\/yoast.com\/wordpress\/plugins\/seo\/ -->\n<title>Felm\u00e9r\u00e9s civil koncepci\u00f3hoz - Kaposv\u00e1r Megyei Jog\u00fa V\u00e1ros<\/title>\n<meta name=\"robots\" content=\"index, follow, max-snippet:-1, max-image-preview:large, max-video-preview:-1\" \/>\n<link rel=\"canonical\" href=\"https:\/\/otthon.kaposvar.hu\/hu\/lakossagi-informaciok\/kozossegek\/civil-szervezetek\/felmeres-civil-koncepciohoz\/\" \/>\n<meta property=\"og:locale\" content=\"hu_HU\" \/>\n<meta property=\"og:type\" content=\"article\" \/>\n<meta property=\"og:title\" content=\"Felm\u00e9r\u00e9s civil koncepci\u00f3hoz - Kaposv\u00e1r Megyei Jog\u00fa V\u00e1ros\" \/>\n<meta property=\"og:description\" content=\"Tisztelt Eln\u00f6k Asszony\/\u00dar! Kedves Mindenki! \u00a0 K\u00f6z\u00f6s munk\u00e1ra, illetve k\u00f6z\u00f6s gondolkod\u00e1sra k\u00e9rlek Benneteket. Kaposv\u00e1r Megyei Jog\u00fa V\u00e1ros \u00d6nkorm\u00e1nyzata 2009-ben alkotta meg \u00e9s fogadta el a jelenleg \u00e9rv\u00e9nyben l\u00e9v\u0151 Civil Koncepci\u00f3j\u00e1t. Az eltelt id\u0151szakban sok mindent t\u00f6rt\u00e9nt, jogszab\u00e1lyv\u00e1ltoz\u00e1s, t\u00e1rsadalmi k\u00f6rnyezetv\u00e1ltoz\u00e1s, stb., \u00edgy indokoltt\u00e1 v\u00e1lt, hogy a kor\u00e1bbi civil koncepci\u00f3 fel\u00fclvizsg\u00e1lat\u00e1ra sor ker\u00fclj\u00f6n. A bejegyzett civil szervezetekr\u0151l [&hellip;]\" \/>\n<meta property=\"og:url\" content=\"https:\/\/otthon.kaposvar.hu\/hu\/lakossagi-informaciok\/kozossegek\/civil-szervezetek\/felmeres-civil-koncepciohoz\/\" \/>\n<meta property=\"og:site_name\" content=\"Kaposv\u00e1r Megyei Jog\u00fa V\u00e1ros\" \/>\n<meta property=\"article:publisher\" content=\"https:\/\/www.facebook.com\/cityofkaposvar\/\" \/>\n<meta property=\"article:modified_time\" content=\"2018-08-31T11:40:02+00:00\" \/>\n<meta property=\"og:image\" content=\"https:\/\/otthon.kaposvar.hu\/wp-content\/uploads\/2021\/10\/kaposvar_social.jpg\" \/>\n\t<meta property=\"og:image:width\" content=\"1200\" \/>\n\t<meta property=\"og:image:height\" content=\"900\" \/>\n\t<meta property=\"og:image:type\" content=\"image\/jpeg\" \/>\n<meta name=\"twitter:card\" content=\"summary_large_image\" \/>\n<meta name=\"twitter:label1\" content=\"Becs\u00fclt olvas\u00e1si id\u0151\" \/>\n\t<meta name=\"twitter:data1\" content=\"1 perc\" \/>\n<script type=\"application\/ld+json\" class=\"yoast-schema-graph\">{\"@context\":\"https:\/\/schema.org\",\"@graph\":[{\"@type\":\"WebPage\",\"@id\":\"https:\/\/otthon.kaposvar.hu\/hu\/lakossagi-informaciok\/kozossegek\/civil-szervezetek\/felmeres-civil-koncepciohoz\/\",\"url\":\"https:\/\/otthon.kaposvar.hu\/hu\/lakossagi-informaciok\/kozossegek\/civil-szervezetek\/felmeres-civil-koncepciohoz\/\",\"name\":\"Felm\u00e9r\u00e9s civil koncepci\u00f3hoz - Kaposv\u00e1r Megyei Jog\u00fa V\u00e1ros\",\"isPartOf\":{\"@id\":\"https:\/\/otthon.kaposvar.hu\/hu\/#website\"},\"datePublished\":\"2018-08-30T14:27:13+00:00\",\"dateModified\":\"2018-08-31T11:40:02+00:00\",\"breadcrumb\":{\"@id\":\"https:\/\/otthon.kaposvar.hu\/hu\/lakossagi-informaciok\/kozossegek\/civil-szervezetek\/felmeres-civil-koncepciohoz\/#breadcrumb\"},\"inLanguage\":\"hu\",\"potentialAction\":[{\"@type\":\"ReadAction\",\"target\":[[\"https:\/\/otthon.kaposvar.hu\/hu\/lakossagi-informaciok\/kozossegek\/civil-szervezetek\/felmeres-civil-koncepciohoz\/\"]]}]},{\"@type\":\"BreadcrumbList\",\"@id\":\"https:\/\/otthon.kaposvar.hu\/hu\/lakossagi-informaciok\/kozossegek\/civil-szervezetek\/felmeres-civil-koncepciohoz\/#breadcrumb\",\"itemListElement\":[{\"@type\":\"ListItem\",\"position\":1,\"name\":\"Home\",\"item\":\"https:\/\/otthon.kaposvar.hu\/hu\/\"},{\"@type\":\"ListItem\",\"position\":2,\"name\":\"Lakoss\u00e1gi inform\u00e1ci\u00f3k\",\"item\":\"https:\/\/otthon.kaposvar.hu\/hu\/lakossagi-informaciok\/\"},{\"@type\":\"ListItem\",\"position\":3,\"name\":\"K\u00f6z\u00f6ss\u00e9gek\",\"item\":\"https:\/\/otthon.kaposvar.hu\/hu\/lakossagi-informaciok\/kozossegek\/\"},{\"@type\":\"ListItem\",\"position\":4,\"name\":\"Civil szervezetek\",\"item\":\"https:\/\/otthon.kaposvar.hu\/hu\/lakossagi-informaciok\/kozossegek\/civil-szervezetek\/\"},{\"@type\":\"ListItem\",\"position\":5,\"name\":\"Felm\u00e9r\u00e9s civil koncepci\u00f3hoz\"}]},{\"@type\":\"WebSite\",\"@id\":\"https:\/\/otthon.kaposvar.hu\/hu\/#website\",\"url\":\"https:\/\/otthon.kaposvar.hu\/hu\/\",\"name\":\"Kaposv\u00e1r Megyei Jog\u00fa V\u00e1ros\",\"description\":\"\",\"publisher\":{\"@id\":\"https:\/\/otthon.kaposvar.hu\/hu\/#organization\"},\"potentialAction\":[{\"@type\":\"SearchAction\",\"target\":{\"@type\":\"EntryPoint\",\"urlTemplate\":\"https:\/\/otthon.kaposvar.hu\/hu\/?s={search_term_string}\"},\"query-input\":\"required name=search_term_string\"}],\"inLanguage\":\"hu\"},{\"@type\":\"Organization\",\"@id\":\"https:\/\/otthon.kaposvar.hu\/hu\/#organization\",\"name\":\"Kaposv\u00e1r Megyei Jog\u00fa V\u00e1ros\",\"url\":\"https:\/\/otthon.kaposvar.hu\/hu\/\",\"sameAs\":[\"https:\/\/www.instagram.com\/cityofkaposvar\/\",\"https:\/\/www.facebook.com\/cityofkaposvar\/\"],\"logo\":{\"@type\":\"ImageObject\",\"inLanguage\":\"hu\",\"@id\":\"https:\/\/otthon.kaposvar.hu\/hu\/#\/schema\/logo\/image\/\",\"url\":\"https:\/\/otthon.kaposvar.hu\/wp-content\/uploads\/2021\/10\/kaposvar_social.jpg\",\"contentUrl\":\"https:\/\/otthon.kaposvar.hu\/wp-content\/uploads\/2021\/10\/kaposvar_social.jpg\",\"width\":1200,\"height\":900,\"caption\":\"Kaposv\u00e1r Megyei Jog\u00fa V\u00e1ros\"},\"image\":{\"@id\":\"https:\/\/otthon.kaposvar.hu\/hu\/#\/schema\/logo\/image\/\"}}]}<\/script>\n<!-- \/ Yoast SEO plugin. -->","yoast_head_json":{"title":"Felm\u00e9r\u00e9s civil koncepci\u00f3hoz - Kaposv\u00e1r Megyei Jog\u00fa V\u00e1ros","robots":{"index":"index","follow":"follow","max-snippet":"max-snippet:-1","max-image-preview":"max-image-preview:large","max-video-preview":"max-video-preview:-1"},"canonical":"https:\/\/otthon.kaposvar.hu\/hu\/lakossagi-informaciok\/kozossegek\/civil-szervezetek\/felmeres-civil-koncepciohoz\/","og_locale":"hu_HU","og_type":"article","og_title":"Felm\u00e9r\u00e9s civil koncepci\u00f3hoz - Kaposv\u00e1r Megyei Jog\u00fa V\u00e1ros","og_description":"Tisztelt Eln\u00f6k Asszony\/\u00dar! Kedves Mindenki! \u00a0 K\u00f6z\u00f6s munk\u00e1ra, illetve k\u00f6z\u00f6s gondolkod\u00e1sra k\u00e9rlek Benneteket. Kaposv\u00e1r Megyei Jog\u00fa V\u00e1ros \u00d6nkorm\u00e1nyzata 2009-ben alkotta meg \u00e9s fogadta el a jelenleg \u00e9rv\u00e9nyben l\u00e9v\u0151 Civil Koncepci\u00f3j\u00e1t. Az eltelt id\u0151szakban sok mindent t\u00f6rt\u00e9nt, jogszab\u00e1lyv\u00e1ltoz\u00e1s, t\u00e1rsadalmi k\u00f6rnyezetv\u00e1ltoz\u00e1s, stb., \u00edgy indokoltt\u00e1 v\u00e1lt, hogy a kor\u00e1bbi civil koncepci\u00f3 fel\u00fclvizsg\u00e1lat\u00e1ra sor ker\u00fclj\u00f6n. A bejegyzett civil szervezetekr\u0151l [&hellip;]","og_url":"https:\/\/otthon.kaposvar.hu\/hu\/lakossagi-informaciok\/kozossegek\/civil-szervezetek\/felmeres-civil-koncepciohoz\/","og_site_name":"Kaposv\u00e1r Megyei Jog\u00fa V\u00e1ros","article_publisher":"https:\/\/www.facebook.com\/cityofkaposvar\/","article_modified_time":"2018-08-31T11:40:02+00:00","og_image":[{"width":1200,"height":900,"url":"https:\/\/otthon.kaposvar.hu\/wp-content\/uploads\/2021\/10\/kaposvar_social.jpg","type":"image\/jpeg"}],"twitter_card":"summary_large_image","twitter_misc":{"Becs\u00fclt olvas\u00e1si id\u0151":"1 perc"},"schema":{"@context":"https:\/\/schema.org","@graph":[{"@type":"WebPage","@id":"https:\/\/otthon.kaposvar.hu\/hu\/lakossagi-informaciok\/kozossegek\/civil-szervezetek\/felmeres-civil-koncepciohoz\/","url":"https:\/\/otthon.kaposvar.hu\/hu\/lakossagi-informaciok\/kozossegek\/civil-szervezetek\/felmeres-civil-koncepciohoz\/","name":"Felm\u00e9r\u00e9s civil koncepci\u00f3hoz - Kaposv\u00e1r Megyei Jog\u00fa V\u00e1ros","isPartOf":{"@id":"https:\/\/otthon.kaposvar.hu\/hu\/#website"},"datePublished":"2018-08-30T14:27:13+00:00","dateModified":"2018-08-31T11:40:02+00:00","breadcrumb":{"@id":"https:\/\/otthon.kaposvar.hu\/hu\/lakossagi-informaciok\/kozossegek\/civil-szervezetek\/felmeres-civil-koncepciohoz\/#breadcrumb"},"inLanguage":"hu","potentialAction":[{"@type":"ReadAction","target":[["https:\/\/otthon.kaposvar.hu\/hu\/lakossagi-informaciok\/kozossegek\/civil-szervezetek\/felmeres-civil-koncepciohoz\/"]]}]},{"@type":"BreadcrumbList","@id":"https:\/\/otthon.kaposvar.hu\/hu\/lakossagi-informaciok\/kozossegek\/civil-szervezetek\/felmeres-civil-koncepciohoz\/#breadcrumb","itemListElement":[{"@type":"ListItem","position":1,"name":"Home","item":"https:\/\/otthon.kaposvar.hu\/hu\/"},{"@type":"ListItem","position":2,"name":"Lakoss\u00e1gi inform\u00e1ci\u00f3k","item":"https:\/\/otthon.kaposvar.hu\/hu\/lakossagi-informaciok\/"},{"@type":"ListItem","position":3,"name":"K\u00f6z\u00f6ss\u00e9gek","item":"https:\/\/otthon.kaposvar.hu\/hu\/lakossagi-informaciok\/kozossegek\/"},{"@type":"ListItem","position":4,"name":"Civil szervezetek","item":"https:\/\/otthon.kaposvar.hu\/hu\/lakossagi-informaciok\/kozossegek\/civil-szervezetek\/"},{"@type":"ListItem","position":5,"name":"Felm\u00e9r\u00e9s civil koncepci\u00f3hoz"}]},{"@type":"WebSite","@id":"https:\/\/otthon.kaposvar.hu\/hu\/#website","url":"https:\/\/otthon.kaposvar.hu\/hu\/","name":"Kaposv\u00e1r Megyei Jog\u00fa V\u00e1ros","description":"","publisher":{"@id":"https:\/\/otthon.kaposvar.hu\/hu\/#organization"},"potentialAction":[{"@type":"SearchAction","target":{"@type":"EntryPoint","urlTemplate":"https:\/\/otthon.kaposvar.hu\/hu\/?s={search_term_string}"},"query-input":"required name=search_term_string"}],"inLanguage":"hu"},{"@type":"Organization","@id":"https:\/\/otthon.kaposvar.hu\/hu\/#organization","name":"Kaposv\u00e1r Megyei Jog\u00fa V\u00e1ros","url":"https:\/\/otthon.kaposvar.hu\/hu\/","sameAs":["https:\/\/www.instagram.com\/cityofkaposvar\/","https:\/\/www.facebook.com\/cityofkaposvar\/"],"logo":{"@type":"ImageObject","inLanguage":"hu","@id":"https:\/\/otthon.kaposvar.hu\/hu\/#\/schema\/logo\/image\/","url":"https:\/\/otthon.kaposvar.hu\/wp-content\/uploads\/2021\/10\/kaposvar_social.jpg","contentUrl":"https:\/\/otthon.kaposvar.hu\/wp-content\/uploads\/2021\/10\/kaposvar_social.jpg","width":1200,"height":900,"caption":"Kaposv\u00e1r Megyei Jog\u00fa V\u00e1ros"},"image":{"@id":"https:\/\/otthon.kaposvar.hu\/hu\/#\/schema\/logo\/image\/"}}]}},"_links":{"self":[{"href":"https:\/\/otthon.kaposvar.hu\/hu\/wp-json\/wp\/v2\/pages\/3472"}],"collection":[{"href":"https:\/\/otthon.kaposvar.hu\/hu\/wp-json\/wp\/v2\/pages"}],"about":[{"href":"https:\/\/otthon.kaposvar.hu\/hu\/wp-json\/wp\/v2\/types\/page"}],"author":[{"embeddable":true,"href":"https:\/\/otthon.kaposvar.hu\/hu\/wp-json\/wp\/v2\/users\/13"}],"replies":[{"embeddable":true,"href":"https:\/\/otthon.kaposvar.hu\/hu\/wp-json\/wp\/v2\/comments?post=3472"}],"version-history":[{"count":0,"href":"https:\/\/otthon.kaposvar.hu\/hu\/wp-json\/wp\/v2\/pages\/3472\/revisions"}],"up":[{"embeddable":true,"href":"https:\/\/otthon.kaposvar.hu\/hu\/wp-json\/wp\/v2\/pages\/267"}],"wp:attachment":[{"href":"https:\/\/otthon.kaposvar.hu\/hu\/wp-json\/wp\/v2\/media?parent=3472"}],"curies":[{"name":"wp","href":"https:\/\/api.w.org\/{rel}","templated":true}]}}