{"id":3458,"date":"2018-08-28T20:56:53","date_gmt":"2018-08-28T19:56:53","guid":{"rendered":"https:\/\/otthon.kaposvar.hu\/?page_id=3458"},"modified":"2018-09-04T15:58:19","modified_gmt":"2018-09-04T14:58:19","slug":"vedjegy-igenylese","status":"publish","type":"page","link":"https:\/\/otthon.kaposvar.hu\/hu\/kaposvar-kincse\/vedjegy-igenylese\/","title":{"rendered":"V\u00e9djegy ig\u00e9nyl\u00e9se"},"content":{"rendered":"<p><\/p>\n<h2 class=\"kv-page-content-title\">Mi is az a v\u00e9djegy?<\/h2>\n<p>A v\u00e9djegy jogi fogalom. \u00c1ruk megk\u00fcl\u00f6nb\u00f6ztet\u00e9s\u00e9re szolg\u00e1l. Kaposv\u00e1ron a magas min\u0151s\u00e9get, az eg\u00e9szs\u00e9get \u00e9s a k\u00f6rnyezetbar\u00e1t \u00e9letm\u00f3dot is k\u00e9pviselik majd azok az \u00e9lelmiszer-ipari term\u00e9kek, amelyek megkapj\u00e1k a \u201eKaposv\u00e1r Kincse&#8221; v\u00e9djegyet. Ez lesz a garancia arra is, hogy val\u00f3ban helyben el\u0151\u00e1ll\u00edtott \u00e9lelmiszerek ker\u00fclnek a kaposv\u00e1riak asztal\u00e1ra.<\/p>\n<div class=\"kv-page-margin-1\">\u00a0<\/div>\n<h2 class=\"kv-page-content-title\">A v\u00e9djegy ig\u00e9nyl\u00e9se<\/h2>\n<p>A Kaposv\u00e1r Kincse sz\u00ednes \u00e1br\u00e1s tan\u00fas\u00edt\u00f3 v\u00e9djegyet a Szellemi Tulajdon Nemzeti Hivatala augusztusban lajstromozta. A v\u00e9djegyet 2014. okt\u00f3ber 1-j\u00e9t\u0151l lehet ig\u00e9nyelni az \u00dcgyviv\u0151 Szervezetn\u00e9l.<\/p>\n<div class=\"kv-page-margin-05\">\u00a0<\/div>\n<h3 class=\"kv-page-content-subtitle\">A szervezet el\u00e9rhet\u0151s\u00e9ge<\/h3>\n<h4 class=\"kv-page-content-paragraphtitle\">POSYS Bt.<\/h4>\n<p>7400 Kaposv\u00e1r Ady Endre u. 2.<\/p>\n<p>Bak\u00f3 Bence<br \/>\n+36 (20) 471-3737<br \/>\nbbako2014@gmail.com<\/p>\n<div class=\"kv-page-margin-1\">\u00a0<\/div>\n<h2 class=\"kv-page-content-title\">Mi\u00e9rt el\u0151ny\u00f6s sz\u00e1momra a v\u00e9djegy ig\u00e9nyl\u00e9se?<\/h2>\n<p>A Kaposv\u00e1r Kincse v\u00e9djegy kialak\u00edt\u00e1s\u00e1val az \u00d6nkorm\u00e1nyzat c\u00e9lja, hogy a lakoss\u00e1g asztal\u00e1ra eg\u00e9szs\u00e9ges, nyomon k\u00f6vethet\u0151 alapanyagokb\u00f3l \u00e1ll\u00f3 \u00e9lelmiszer ker\u00fclj\u00f6n. C\u00e9l, hogy a k\u00f6rnyezetv\u00e9delem jegy\u00e9ben min\u00e9l kevesebbet utazzon az \u00e9lelmiszer, am\u00edg eljut a h\u00e1ziasszonyokig. Napjainkban sokan az olcs\u00f3bb \u00e9lelmiszert v\u00e1lasztj\u00e1k, akkor is, ha ez rosszabb min\u0151s\u00e9get \u00e9s k\u00f6rnyezetrombol\u00f3 hossz\u00fa utaz\u00e1st is jelent. Ez a gyakorlat nehez\u00edti a helyi \u00e9lelmiszergy\u00e1rt\u00f3k \u00e9let\u00e9t is, hiszen hi\u00e1ba k\u00e9sz\u00edtenek nyomon k\u00f6vethet\u0151 alapanyagokb\u00f3l min\u0151s\u00e9gi \u00e9lelmiszert, ha m\u00e9gsem az \u0151 term\u00e9keiket fogyasztj\u00e1k.<\/p>\n<p>A Kaposv\u00e1r Kincse v\u00e9djegy l\u00e9trehoz\u00e1s\u00e1nak egyik c\u00e9lja ennek a folyamatnak a megv\u00e1ltoztat\u00e1sa. A Kaposv\u00e1r Kincse v\u00e9djeggyel egy min\u0151s\u00e9gi garanci\u00e1t biztos\u00edt\u00f3 rendszer m\u0171k\u00f6dtethet\u0151. A v\u00e9djegy bevezet\u00e9s\u00e9t folyamatos marketingtev\u00e9kenys\u00e9g k\u00eds\u00e9ri \u00e9s fogja k\u00eds\u00e9rni, garant\u00e1lva a v\u00e9djegyhez csatlakoz\u00f3 \u00e9lelmiszer-ipari v\u00e1llalkoz\u00f3k folyamatos n\u00e9pszer\u0171s\u00edt\u00e9s\u00e9t.<\/p>\n<p>Az \u00d6nkorm\u00e1nyzat c\u00e9lja, hogy seg\u00edtse a v\u00e1llalkoz\u00e1sok fennmarad\u00e1s\u00e1t, fejl\u0151d\u00e9s\u00e9t \u00e9s a munkahelyteremt\u00e9st. Ha ig\u00e9nyeli a Kaposv\u00e1r Kincse v\u00e9djegyet, ezt a c\u00e9lt seg\u00edti el\u0151, mi pedig a v\u00e9djegy n\u00e9pszer\u0171s\u00edt\u00e9s\u00e9vel seg\u00edtj\u00fck az \u00d6n v\u00e1llalkoz\u00e1s\u00e1t, az \u00d6n term\u00e9k\u00e9t!<\/p>\n<div class=\"kv-page-margin-1\">\u00a0<\/div>\n<h2 class=\"kv-page-content-title\">Kik kaphatj\u00e1k meg?<\/h2>\n<p>A megjel\u00f6l\u00e9st csak olyan term\u00e9keken lehet alkalmazni, amelyeket 50 sz\u00e1zal\u00e9kn\u00e1l nagyobb \u2013 ak\u00e1r 100 sz\u00e1zal\u00e9kos \u2013 ar\u00e1nyban Kaposv\u00e1ron \u00e9s 50 kilom\u00e9teres vonz\u00e1sk\u00f6rzet\u00e9ben, vagy Somogy megye ter\u00fclet\u00e9n \u00e1ll\u00edtottak el\u0151 olyan m\u00f3don, hogy a fogyaszt\u00f3hoz eljut\u00f3 v\u00e9gterm\u00e9k minden \u2013 a term\u00e9k \u00f6sszet\u00e9tel\u00e9t \u00e9s \u00e9rz\u00e9kszervi tulajdons\u00e1gait meghat\u00e1roz\u00f3 \u2013 feldolgoz\u00e1si (gy\u00e1rt\u00e1si) folyamata Kaposv\u00e1ron vagy 50 kilom\u00e9teres vonz\u00e1sk\u00f6rzet\u00e9ben, Somogy megy\u00e9ben ker\u00fclt v\u00e9grehajt\u00e1sra. A term\u00e9kek min\u0151s\u00e9gi krit\u00e9riumainak a Magyar \u00c9lelmiszer K\u00f6nyvben deklar\u00e1lt \u201ek\u00fcl\u00f6nleges min\u0151s\u00e9g\u201d defin\u00edci\u00f3j\u00e1nak kell megfelelnie.<\/p>\n<div class=\"kv-page-margin-1\">\u00a0<\/div>\n<h2 class=\"kv-page-content-title\">Milyen term\u00e9kekre ig\u00e9nyelhet\u0151 a Kaposv\u00e1r Kincse v\u00e9djegy?<\/h2>\n<p>A Kaposv\u00e1r Kincse v\u00e9djegy \u00e9lelmiszerekre vonatkozik, \u00e9s a B\u00e9csi Oszt\u00e1lyoz\u00e1s szerint az al\u00e1bbi \u00e1ruoszt\u00e1lyokba tartoz\u00f3 term\u00e9kekre ig\u00e9nyelhet\u0151:<\/p>\n<ul>\n<li>29. oszt\u00e1ly: H\u00fas, hal-, baromfi- \u00e9s vadh\u00fas; h\u00faskivonatok; tart\u00f3s\u00edtott, fagyasztott, sz\u00e1r\u00edtott \u00e9s f\u0151z\u00f6tt gy\u00fcm\u00f6lcs\u00f6k \u00e9s z\u00f6lds\u00e9gek; zsel\u00e9k, lekv\u00e1rok (dzsemek), komp\u00f3tok; toj\u00e1sok, tej \u00e9s tejterm\u00e9kek; \u00e9tkez\u00e9si olajok \u00e9s zs\u00edrok.<\/li>\n<li>30. oszt\u00e1ly: K\u00e1v\u00e9, tea, kaka\u00f3, cukor, rizs, t\u00e1pi\u00f3ka, sz\u00e1g\u00f3, k\u00e1v\u00e9p\u00f3tl\u00f3 szerek; lisztek \u00e9s m\u00e1s gabonak\u00e9sz\u00edtm\u00e9nyek, keny\u00e9r, p\u00e9ks\u00fctem\u00e9nyek \u00e9s cukr\u00e1szs\u00fctem\u00e9nyek, fagylaltok; m\u00e9z, melaszszirup; \u00e9leszt\u0151, s\u00fct\u0151porok; s\u00f3, must\u00e1r; ecet, f\u0171szeres m\u00e1rt\u00e1sok; f\u0171szerek; j\u00e9g.<\/li>\n<li>31. oszt\u00e1ly: Mez\u0151gazdas\u00e1gi, kert\u00e9szeti, erd\u00e9szeti term\u00e9kek \u00e9s magok, amelyek nem tartoznak m\u00e1s oszt\u00e1lyokba; \u00e9l\u0151 \u00e1llatok; friss gy\u00fcm\u00f6lcs\u00f6k \u00e9s z\u00f6lds\u00e9gek; vet\u0151magok, \u00e9l\u0151 n\u00f6v\u00e9nyek \u00e9s vir\u00e1gok; t\u00e1panyagok \u00e1llatok sz\u00e1m\u00e1ra; mal\u00e1ta.<\/li>\n<li>32. oszt\u00e1ly: S\u00f6r\u00f6k; \u00e1sv\u00e1nyvizek \u00e9s sz\u00e9nsavas vizek, \u00e9s egy\u00e9b alkoholmentes italok; gy\u00fcm\u00f6lcsitalok \u00e9s gy\u00fcm\u00f6lcslevek; sz\u00f6rp\u00f6k \u00e9s m\u00e1s k\u00e9sz\u00edtm\u00e9nyek italokhoz.<\/li>\n<li>33. oszt\u00e1ly: Alkoholtartalm\u00fa italok (a s\u00f6r\u00f6k kiv\u00e9tel\u00e9vel).<\/li>\n<\/ul>\n<div class=\"kv-page-margin-1\">\u00a0<\/div>\n<h2 class=\"kv-page-content-title\">Hogyan ig\u00e9nyelhet\u0151 a v\u00e9djegy?<\/h2>\n<p>A v\u00e9djegyhaszn\u00e1lati jogot p\u00e1ly\u00e1zat \u00fatj\u00e1n lehet megszerezni, a k\u00e9relem beny\u00fajt\u00e1sa \u00f6nk\u00e9ntes. A rendszer m\u0171k\u00f6dtet\u00e9s\u00e9\u00e9rt az \u00dcgyviv\u0151 Szervezet a felel\u0151s, ami kezeli majd a be\u00e9rkezett k\u00e9relmeket, v\u00e9gzi a kapcsolattart\u00e1st, \u00e9s ennek al\u00e1rendelten m\u0171k\u00f6dik az \u00e9lelmiszer-ipari szakemberekb\u0151l \u00e1ll\u00f3 B\u00edr\u00e1l\u00f3 Bizotts\u00e1g. Az \u00e1ltaluk el\u0151k\u00e9sz\u00edtett d\u00f6nt\u00e9si jegyz\u0151k\u00f6nyv alapj\u00e1n fogja meghozni a v\u00e9gs\u0151 d\u00f6nt\u00e9st a Tan\u00fas\u00edt\u00e1si Bizotts\u00e1g. A v\u00e9djegy ig\u00e9nyl\u00e9se a Nevez\u00e9si Lap kit\u00f6lt\u00e9s\u00e9vel, \u00e9s az \u00dcgyviv\u0151 Szervezethez t\u00f6rt\u00e9n\u0151 beny\u00fajt\u00e1ssal t\u00f6rt\u00e9nik. A nevez\u00e9s d\u00edjmentes.<\/p>\n<div class=\"kv-page-margin-1\">\u00a0<\/div>\n<h2 class=\"kv-page-content-title\">Mi az elj\u00e1r\u00e1s menete a k\u00e9relem beny\u00fajt\u00e1s\u00e1t k\u00f6vet\u0151en?<\/h2>\n<p>A beny\u00fajtott k\u00e9relmet az \u00dcgyviv\u0151 Szervezet \u00e9s a megb\u00edz\u00e1s\u00e1b\u00f3l m\u0171k\u00f6d\u0151, \u00e9lelmiszer-ipari szakemberekb\u0151l \u00e1ll\u00f3 B\u00edr\u00e1l\u00f3 Bizotts\u00e1g megvizsg\u00e1lja el\u0151sz\u00f6r formai \u00e9s tartalmi szempontb\u00f3l. Az \u00dcgyviv\u0151 Szervezet a jogosults\u00e1g meg\u00e1llap\u00edt\u00e1sa c\u00e9lj\u00e1b\u00f3l k\u00e9rhet tov\u00e1bbi felvil\u00e1gos\u00edt\u00e1st a nevez\u0151t\u0151l. A B\u00edr\u00e1l\u00f3 Bizotts\u00e1g ellen\u0151rzi a term\u00e9kek el\u0151\u00e1ll\u00edt\u00e1s\u00e1nak a hely\u00e9t \u00e9s a nevezett term\u00e9kek alapanyag eredet\u00e9t. A B\u00edr\u00e1l\u00f3 Bizotts\u00e1g az ellen\u0151rz\u00e9s alapj\u00e1n tesz javaslatot a v\u00e9djegy oda\u00edt\u00e9l\u00e9s\u00e9r\u0151l. A Tan\u00fas\u00edt\u00e1si Bizotts\u00e1g hozza meg a v\u00e9gleges d\u00f6nt\u00e9st a Tan\u00fas\u00edt\u00e1si Szab\u00e1lyzatban el\u0151\u00edrt felt\u00e9telek alapj\u00e1n.<\/p>\n<div class=\"kv-page-margin-1\">\u00a0<\/div>\n<h2 class=\"kv-page-content-title\">Mi t\u00f6rt\u00e9nik a k\u00e9relem pozit\u00edv elb\u00edr\u00e1l\u00e1sa eset\u00e9n?<\/h2>\n<p>Amennyiben a vizsg\u00e1lat alapj\u00e1n a k\u00e9relmez\u0151 elnyeri a Kaposv\u00e1ri Kincse v\u00e9djegy haszn\u00e1lat\u00e1nak jog\u00e1t, a k\u00e9relmez\u0151 \u00e9s Kaposv\u00e1r Megyei Jog\u00fa V\u00e1ros \u00d6nkorm\u00e1nyzata megb\u00edz\u00e1s\u00e1b\u00f3l elj\u00e1r\u00f3 \u00dcgyviv\u0151 Szervezet haszn\u00e1lati szerz\u0151d\u00e9st k\u00f6t. A v\u00e9djegy haszn\u00e1lata 5 \u00e9ves id\u0151tartamra sz\u00f3l. A v\u00e9djegy haszn\u00e1lat\u00e1\u00e9rt a haszn\u00e1l\u00f3 licenc d\u00edjat fizet. Amennyiben a meghat\u00e1rozott id\u0151 lej\u00e1r, az el\u0151\u00e1ll\u00edt\u00f3 a v\u00e9djegy tov\u00e1bbi haszn\u00e1lat\u00e1ra csak \u00fajabb k\u00e9relem beny\u00fajt\u00e1s\u00e1val \u00e9s elb\u00edr\u00e1s\u00e1val jogosult. Az \u00fajabb k\u00e9relem tan\u00fas\u00edt\u00e1si elj\u00e1r\u00e1s\u00e1nak egyszer\u0171s\u00edt\u00e9s\u00e9re &#8211; a v\u00e9djegyhaszn\u00e1lat kor\u00e1bbi ellen\u0151rz\u00e9si tapasztalatai alapj\u00e1n &#8211; az \u00dcgyviv\u0151 Szervezet jogosult.<\/p>\n<div class=\"kv-page-margin-1\">\u00a0<\/div>\n<h2 class=\"kv-page-content-title\">Mi\u00e9rt kell a v\u00e9djegy ig\u00e9nyl\u00e9s\u00e9\u00e9rt \u00e9s haszn\u00e1lat\u00e1\u00e9rt d\u00edjat fizetni?<\/h2>\n<p>A kaposv\u00e1ri gazdas\u00e1gpolitika kulcsa a foglalkoztat\u00e1s n\u00f6vel\u00e9se. Ennek egyik \u00fajabb lehet\u0151s\u00e9ge a helyi \u00e9lelmiszeripar tudatos fejleszt\u00e9se, amelynek r\u00e9sze a v\u00e9djegy-program is. Az, hogy Kaposv\u00e1rral beazonos\u00edthat\u00f3 \u00e9lelmiszerek ker\u00fclnek a boltok polcaira, seg\u00edtheti a helyi termel\u0151k meg\u00e9lhet\u00e9s\u00e9t, ezzel hossz\u00fa t\u00e1von hozz\u00e1j\u00e1rulhat a v\u00e1ros gazdas\u00e1g\u00e1nak er\u0151s\u00edt\u00e9s\u00e9hez. A m\u00e1rk\u00e1zott, kaposv\u00e1ri v\u00e9djeggyel ell\u00e1tott term\u00e9kek pedig turisztikai attrakci\u00f3v\u00e1 is v\u00e1lhatnak.<\/p>\n<p>A Kaposv\u00e1r Kincse v\u00e9djegy kialak\u00edt\u00e1s\u00e1t \u00e9s bevezet\u00e9s\u00e9t siker\u00fclt eur\u00f3pai uni\u00f3s forr\u00e1sb\u00f3l finansz\u00edrozni, de a megkezdett marketingtev\u00e9kenys\u00e9get folyamatosan v\u00e9gezni kell.<\/p>\n<p>A nevez\u00e9si \u00e9s haszn\u00e1lati d\u00edjat teljes m\u00e9rt\u00e9kben a Kaposv\u00e1r Kincse program m\u0171k\u00f6dtet\u00e9s\u00e9re, tov\u00e1bbfejleszt\u00e9s\u00e9re \u00e9s a marketingre fogjuk k\u00f6lteni, seg\u00edtve ezzel Kaposv\u00e1r \u00e9s k\u00f6rny\u00e9ke v\u00e1llalkoz\u00f3it. A Kaposv\u00e1r Kincse v\u00e9djegy n\u00e9pszer\u0171s\u00edt\u00e9s\u00e9vel az \u00d6n term\u00e9k\u00e9t is n\u00e9pszer\u0171s\u00edtj\u00fck. A nevez\u00e9si d\u00edj c\u00e9lja emellett r\u00e9szben az is, hogy megsz\u0171rje a jelentkez\u0151ket, \u00edgy val\u00f3ban csak az fog v\u00e9djegyet ig\u00e9nyelni, akinek a term\u00e9ke erre alkalmas. A v\u00e9djegy ig\u00e9nyl\u00e9s\u00e9hez \u00e9s haszn\u00e1lat\u00e1hoz kapcsolatos d\u00edjak teh\u00e1t az \u00d6n v\u00e1llalkoz\u00e1s\u00e1nak fennmarad\u00e1s\u00e1t \u00e9s a munkahelyteremt\u00e9st is szolg\u00e1lj\u00e1k!<\/p>\n<div class=\"kv-page-margin-15\">\u00a0<\/div>\n<p><\/p>","protected":false},"excerpt":{"rendered":"<p>Mi is az a v\u00e9djegy? A v\u00e9djegy jogi fogalom. \u00c1ruk megk\u00fcl\u00f6nb\u00f6ztet\u00e9s\u00e9re szolg\u00e1l. Kaposv\u00e1ron a magas min\u0151s\u00e9get, az eg\u00e9szs\u00e9get \u00e9s a k\u00f6rnyezetbar\u00e1t \u00e9letm\u00f3dot is k\u00e9pviselik majd azok az \u00e9lelmiszer-ipari term\u00e9kek, amelyek megkapj\u00e1k a \u201eKaposv\u00e1r Kincse&#8221; v\u00e9djegyet. Ez lesz a garancia arra is, hogy val\u00f3ban helyben el\u0151\u00e1ll\u00edtott \u00e9lelmiszerek ker\u00fclnek a kaposv\u00e1riak asztal\u00e1ra. \u00a0 A v\u00e9djegy ig\u00e9nyl\u00e9se A [&hellip;]<\/p>\n","protected":false},"author":13,"featured_media":0,"parent":3448,"menu_order":3,"comment_status":"closed","ping_status":"closed","template":"","meta":[],"acf":[],"yoast_head":"<!-- This site is optimized with the Yoast SEO plugin v19.8 - https:\/\/yoast.com\/wordpress\/plugins\/seo\/ -->\n<title>V\u00e9djegy ig\u00e9nyl\u00e9se - Kaposv\u00e1r Megyei Jog\u00fa V\u00e1ros<\/title>\n<meta name=\"robots\" content=\"index, follow, max-snippet:-1, max-image-preview:large, max-video-preview:-1\" \/>\n<link rel=\"canonical\" href=\"https:\/\/otthon.kaposvar.hu\/hu\/kaposvar-kincse\/vedjegy-igenylese\/\" \/>\n<meta property=\"og:locale\" content=\"hu_HU\" \/>\n<meta property=\"og:type\" content=\"article\" \/>\n<meta property=\"og:title\" content=\"V\u00e9djegy ig\u00e9nyl\u00e9se - Kaposv\u00e1r Megyei Jog\u00fa V\u00e1ros\" \/>\n<meta property=\"og:description\" content=\"Mi is az a v\u00e9djegy? A v\u00e9djegy jogi fogalom. \u00c1ruk megk\u00fcl\u00f6nb\u00f6ztet\u00e9s\u00e9re szolg\u00e1l. Kaposv\u00e1ron a magas min\u0151s\u00e9get, az eg\u00e9szs\u00e9get \u00e9s a k\u00f6rnyezetbar\u00e1t \u00e9letm\u00f3dot is k\u00e9pviselik majd azok az \u00e9lelmiszer-ipari term\u00e9kek, amelyek megkapj\u00e1k a \u201eKaposv\u00e1r Kincse&#8221; v\u00e9djegyet. Ez lesz a garancia arra is, hogy val\u00f3ban helyben el\u0151\u00e1ll\u00edtott \u00e9lelmiszerek ker\u00fclnek a kaposv\u00e1riak asztal\u00e1ra. \u00a0 A v\u00e9djegy ig\u00e9nyl\u00e9se A [&hellip;]\" \/>\n<meta property=\"og:url\" content=\"https:\/\/otthon.kaposvar.hu\/hu\/kaposvar-kincse\/vedjegy-igenylese\/\" \/>\n<meta property=\"og:site_name\" content=\"Kaposv\u00e1r Megyei Jog\u00fa V\u00e1ros\" \/>\n<meta property=\"article:publisher\" content=\"https:\/\/www.facebook.com\/cityofkaposvar\/\" \/>\n<meta property=\"article:modified_time\" content=\"2018-09-04T14:58:19+00:00\" \/>\n<meta property=\"og:image\" content=\"https:\/\/otthon.kaposvar.hu\/wp-content\/uploads\/2021\/10\/kaposvar_social.jpg\" \/>\n\t<meta property=\"og:image:width\" content=\"1200\" \/>\n\t<meta property=\"og:image:height\" content=\"900\" \/>\n\t<meta property=\"og:image:type\" content=\"image\/jpeg\" \/>\n<meta name=\"twitter:card\" content=\"summary_large_image\" \/>\n<meta name=\"twitter:label1\" content=\"Becs\u00fclt olvas\u00e1si id\u0151\" \/>\n\t<meta name=\"twitter:data1\" content=\"7 perc\" \/>\n<script type=\"application\/ld+json\" class=\"yoast-schema-graph\">{\"@context\":\"https:\/\/schema.org\",\"@graph\":[{\"@type\":\"WebPage\",\"@id\":\"https:\/\/otthon.kaposvar.hu\/hu\/kaposvar-kincse\/vedjegy-igenylese\/\",\"url\":\"https:\/\/otthon.kaposvar.hu\/hu\/kaposvar-kincse\/vedjegy-igenylese\/\",\"name\":\"V\u00e9djegy ig\u00e9nyl\u00e9se - Kaposv\u00e1r Megyei Jog\u00fa V\u00e1ros\",\"isPartOf\":{\"@id\":\"https:\/\/otthon.kaposvar.hu\/hu\/#website\"},\"datePublished\":\"2018-08-28T19:56:53+00:00\",\"dateModified\":\"2018-09-04T14:58:19+00:00\",\"breadcrumb\":{\"@id\":\"https:\/\/otthon.kaposvar.hu\/hu\/kaposvar-kincse\/vedjegy-igenylese\/#breadcrumb\"},\"inLanguage\":\"hu\",\"potentialAction\":[{\"@type\":\"ReadAction\",\"target\":[[\"https:\/\/otthon.kaposvar.hu\/hu\/kaposvar-kincse\/vedjegy-igenylese\/\"]]}]},{\"@type\":\"BreadcrumbList\",\"@id\":\"https:\/\/otthon.kaposvar.hu\/hu\/kaposvar-kincse\/vedjegy-igenylese\/#breadcrumb\",\"itemListElement\":[{\"@type\":\"ListItem\",\"position\":1,\"name\":\"Home\",\"item\":\"https:\/\/otthon.kaposvar.hu\/hu\/\"},{\"@type\":\"ListItem\",\"position\":2,\"name\":\"Kaposv\u00e1r Kincse\",\"item\":\"https:\/\/otthon.kaposvar.hu\/hu\/kaposvar-kincse\/\"},{\"@type\":\"ListItem\",\"position\":3,\"name\":\"V\u00e9djegy ig\u00e9nyl\u00e9se\"}]},{\"@type\":\"WebSite\",\"@id\":\"https:\/\/otthon.kaposvar.hu\/hu\/#website\",\"url\":\"https:\/\/otthon.kaposvar.hu\/hu\/\",\"name\":\"Kaposv\u00e1r Megyei Jog\u00fa V\u00e1ros\",\"description\":\"\",\"publisher\":{\"@id\":\"https:\/\/otthon.kaposvar.hu\/hu\/#organization\"},\"potentialAction\":[{\"@type\":\"SearchAction\",\"target\":{\"@type\":\"EntryPoint\",\"urlTemplate\":\"https:\/\/otthon.kaposvar.hu\/hu\/?s={search_term_string}\"},\"query-input\":\"required name=search_term_string\"}],\"inLanguage\":\"hu\"},{\"@type\":\"Organization\",\"@id\":\"https:\/\/otthon.kaposvar.hu\/hu\/#organization\",\"name\":\"Kaposv\u00e1r Megyei Jog\u00fa V\u00e1ros\",\"url\":\"https:\/\/otthon.kaposvar.hu\/hu\/\",\"sameAs\":[\"https:\/\/www.instagram.com\/cityofkaposvar\/\",\"https:\/\/www.facebook.com\/cityofkaposvar\/\"],\"logo\":{\"@type\":\"ImageObject\",\"inLanguage\":\"hu\",\"@id\":\"https:\/\/otthon.kaposvar.hu\/hu\/#\/schema\/logo\/image\/\",\"url\":\"https:\/\/otthon.kaposvar.hu\/wp-content\/uploads\/2021\/10\/kaposvar_social.jpg\",\"contentUrl\":\"https:\/\/otthon.kaposvar.hu\/wp-content\/uploads\/2021\/10\/kaposvar_social.jpg\",\"width\":1200,\"height\":900,\"caption\":\"Kaposv\u00e1r Megyei Jog\u00fa V\u00e1ros\"},\"image\":{\"@id\":\"https:\/\/otthon.kaposvar.hu\/hu\/#\/schema\/logo\/image\/\"}}]}<\/script>\n<!-- \/ Yoast SEO plugin. -->","yoast_head_json":{"title":"V\u00e9djegy ig\u00e9nyl\u00e9se - Kaposv\u00e1r Megyei Jog\u00fa V\u00e1ros","robots":{"index":"index","follow":"follow","max-snippet":"max-snippet:-1","max-image-preview":"max-image-preview:large","max-video-preview":"max-video-preview:-1"},"canonical":"https:\/\/otthon.kaposvar.hu\/hu\/kaposvar-kincse\/vedjegy-igenylese\/","og_locale":"hu_HU","og_type":"article","og_title":"V\u00e9djegy ig\u00e9nyl\u00e9se - Kaposv\u00e1r Megyei Jog\u00fa V\u00e1ros","og_description":"Mi is az a v\u00e9djegy? A v\u00e9djegy jogi fogalom. \u00c1ruk megk\u00fcl\u00f6nb\u00f6ztet\u00e9s\u00e9re szolg\u00e1l. Kaposv\u00e1ron a magas min\u0151s\u00e9get, az eg\u00e9szs\u00e9get \u00e9s a k\u00f6rnyezetbar\u00e1t \u00e9letm\u00f3dot is k\u00e9pviselik majd azok az \u00e9lelmiszer-ipari term\u00e9kek, amelyek megkapj\u00e1k a \u201eKaposv\u00e1r Kincse&#8221; v\u00e9djegyet. Ez lesz a garancia arra is, hogy val\u00f3ban helyben el\u0151\u00e1ll\u00edtott \u00e9lelmiszerek ker\u00fclnek a kaposv\u00e1riak asztal\u00e1ra. \u00a0 A v\u00e9djegy ig\u00e9nyl\u00e9se A [&hellip;]","og_url":"https:\/\/otthon.kaposvar.hu\/hu\/kaposvar-kincse\/vedjegy-igenylese\/","og_site_name":"Kaposv\u00e1r Megyei Jog\u00fa V\u00e1ros","article_publisher":"https:\/\/www.facebook.com\/cityofkaposvar\/","article_modified_time":"2018-09-04T14:58:19+00:00","og_image":[{"width":1200,"height":900,"url":"https:\/\/otthon.kaposvar.hu\/wp-content\/uploads\/2021\/10\/kaposvar_social.jpg","type":"image\/jpeg"}],"twitter_card":"summary_large_image","twitter_misc":{"Becs\u00fclt olvas\u00e1si id\u0151":"7 perc"},"schema":{"@context":"https:\/\/schema.org","@graph":[{"@type":"WebPage","@id":"https:\/\/otthon.kaposvar.hu\/hu\/kaposvar-kincse\/vedjegy-igenylese\/","url":"https:\/\/otthon.kaposvar.hu\/hu\/kaposvar-kincse\/vedjegy-igenylese\/","name":"V\u00e9djegy ig\u00e9nyl\u00e9se - Kaposv\u00e1r Megyei Jog\u00fa V\u00e1ros","isPartOf":{"@id":"https:\/\/otthon.kaposvar.hu\/hu\/#website"},"datePublished":"2018-08-28T19:56:53+00:00","dateModified":"2018-09-04T14:58:19+00:00","breadcrumb":{"@id":"https:\/\/otthon.kaposvar.hu\/hu\/kaposvar-kincse\/vedjegy-igenylese\/#breadcrumb"},"inLanguage":"hu","potentialAction":[{"@type":"ReadAction","target":[["https:\/\/otthon.kaposvar.hu\/hu\/kaposvar-kincse\/vedjegy-igenylese\/"]]}]},{"@type":"BreadcrumbList","@id":"https:\/\/otthon.kaposvar.hu\/hu\/kaposvar-kincse\/vedjegy-igenylese\/#breadcrumb","itemListElement":[{"@type":"ListItem","position":1,"name":"Home","item":"https:\/\/otthon.kaposvar.hu\/hu\/"},{"@type":"ListItem","position":2,"name":"Kaposv\u00e1r Kincse","item":"https:\/\/otthon.kaposvar.hu\/hu\/kaposvar-kincse\/"},{"@type":"ListItem","position":3,"name":"V\u00e9djegy ig\u00e9nyl\u00e9se"}]},{"@type":"WebSite","@id":"https:\/\/otthon.kaposvar.hu\/hu\/#website","url":"https:\/\/otthon.kaposvar.hu\/hu\/","name":"Kaposv\u00e1r Megyei Jog\u00fa V\u00e1ros","description":"","publisher":{"@id":"https:\/\/otthon.kaposvar.hu\/hu\/#organization"},"potentialAction":[{"@type":"SearchAction","target":{"@type":"EntryPoint","urlTemplate":"https:\/\/otthon.kaposvar.hu\/hu\/?s={search_term_string}"},"query-input":"required name=search_term_string"}],"inLanguage":"hu"},{"@type":"Organization","@id":"https:\/\/otthon.kaposvar.hu\/hu\/#organization","name":"Kaposv\u00e1r Megyei Jog\u00fa V\u00e1ros","url":"https:\/\/otthon.kaposvar.hu\/hu\/","sameAs":["https:\/\/www.instagram.com\/cityofkaposvar\/","https:\/\/www.facebook.com\/cityofkaposvar\/"],"logo":{"@type":"ImageObject","inLanguage":"hu","@id":"https:\/\/otthon.kaposvar.hu\/hu\/#\/schema\/logo\/image\/","url":"https:\/\/otthon.kaposvar.hu\/wp-content\/uploads\/2021\/10\/kaposvar_social.jpg","contentUrl":"https:\/\/otthon.kaposvar.hu\/wp-content\/uploads\/2021\/10\/kaposvar_social.jpg","width":1200,"height":900,"caption":"Kaposv\u00e1r Megyei Jog\u00fa V\u00e1ros"},"image":{"@id":"https:\/\/otthon.kaposvar.hu\/hu\/#\/schema\/logo\/image\/"}}]}},"_links":{"self":[{"href":"https:\/\/otthon.kaposvar.hu\/hu\/wp-json\/wp\/v2\/pages\/3458"}],"collection":[{"href":"https:\/\/otthon.kaposvar.hu\/hu\/wp-json\/wp\/v2\/pages"}],"about":[{"href":"https:\/\/otthon.kaposvar.hu\/hu\/wp-json\/wp\/v2\/types\/page"}],"author":[{"embeddable":true,"href":"https:\/\/otthon.kaposvar.hu\/hu\/wp-json\/wp\/v2\/users\/13"}],"replies":[{"embeddable":true,"href":"https:\/\/otthon.kaposvar.hu\/hu\/wp-json\/wp\/v2\/comments?post=3458"}],"version-history":[{"count":0,"href":"https:\/\/otthon.kaposvar.hu\/hu\/wp-json\/wp\/v2\/pages\/3458\/revisions"}],"up":[{"embeddable":true,"href":"https:\/\/otthon.kaposvar.hu\/hu\/wp-json\/wp\/v2\/pages\/3448"}],"wp:attachment":[{"href":"https:\/\/otthon.kaposvar.hu\/hu\/wp-json\/wp\/v2\/media?parent=3458"}],"curies":[{"name":"wp","href":"https:\/\/api.w.org\/{rel}","templated":true}]}}