{"id":3457,"date":"2018-08-28T20:50:06","date_gmt":"2018-08-28T19:50:06","guid":{"rendered":"https:\/\/otthon.kaposvar.hu\/?page_id=3457"},"modified":"2018-08-28T23:36:27","modified_gmt":"2018-08-28T22:36:27","slug":"bolt","status":"publish","type":"page","link":"https:\/\/otthon.kaposvar.hu\/hu\/kaposvar-kincse\/bolt\/","title":{"rendered":"Bolt"},"content":{"rendered":"<p><\/p>\n<h2 class=\"kv-page-content-title\">Elhelyezked\u00e9s<\/h2>\n<p>A kaposv\u00e1ri helyi term\u00e9kek boltja k\u00f6zponti helyen, a belv\u00e1rosban, a Kaposv\u00e1ri Nagypiac ter\u00fclet\u00e9n tal\u00e1lhat\u00f3, a Laktanya utc\u00e1ban. A Kaposv\u00e1ri Nagypiac a Kaposv\u00e1ri Baross G\u00e1bor u. 5-13. sz\u00e1m alatt helyezkedik el, ennek egyik bej\u00e1rata a Baross G\u00e1bor utc\u00e1r\u00f3l ny\u00edl\u00f3 Laktanya utca, enn\u00e9l a bej\u00e1ratn\u00e1l tal\u00e1lhat\u00f3 a bolt.<\/p>\n<p>&nbsp;<\/p>\n<h2 class=\"kv-page-content-title\">Megk\u00f6zel\u00edthet\u0151s\u00e9g<\/h2>\n<p>A bolt j\u00f3l megk\u00f6zel\u00edthet\u0151 aut\u00f3val \u00e9s t\u00f6megk\u00f6zleked\u00e9si eszk\u00f6z\u00f6kkel is. A v\u00e1rosk\u00f6zpontt\u00f3l gyalogosan kb. 13 perc, m\u00edg a t\u00e1vols\u00e1gi \u00e9s helyi aut\u00f3busz-p\u00e1lyaudvarr\u00f3l 10 perc, a vas\u00fat\u00e1llom\u00e1st\u00f3l pedig 8 percre tal\u00e1lhat\u00f3. G\u00e9pj\u00e1rm\u0171vel is k\u00f6nnyen megk\u00f6zel\u00edthet\u0151, a Piac mellett \u00e9s a Laktanya utc\u00e1ban is v\u00e9gig tal\u00e1lhat\u00f3k parkol\u00f3k, illetve a Piac alatt is van egy 130 f\u00e9r\u0151helyes parkol\u00f3h\u00e1z.<\/p>\n<p>&nbsp;<\/p>\n<h2 class=\"kv-page-content-title\">Nyitva tart\u00e1s<\/h2>\n<p>P\u00e9ntek: 8:00-12:00<br \/>\nSzombat: 8:00-12:00<\/p>\n<div class=\"kv-page-margin-15\">\u00a0<\/div>\n<p><\/p>","protected":false},"excerpt":{"rendered":"<p>Elhelyezked\u00e9s A kaposv\u00e1ri helyi term\u00e9kek boltja k\u00f6zponti helyen, a belv\u00e1rosban, a Kaposv\u00e1ri Nagypiac ter\u00fclet\u00e9n tal\u00e1lhat\u00f3, a Laktanya utc\u00e1ban. A Kaposv\u00e1ri Nagypiac a Kaposv\u00e1ri Baross G\u00e1bor u. 5-13. sz\u00e1m alatt helyezkedik el, ennek egyik bej\u00e1rata a Baross G\u00e1bor utc\u00e1r\u00f3l ny\u00edl\u00f3 Laktanya utca, enn\u00e9l a bej\u00e1ratn\u00e1l tal\u00e1lhat\u00f3 a bolt. &nbsp; Megk\u00f6zel\u00edthet\u0151s\u00e9g A bolt j\u00f3l megk\u00f6zel\u00edthet\u0151 aut\u00f3val \u00e9s [&hellip;]<\/p>\n","protected":false},"author":13,"featured_media":3464,"parent":3448,"menu_order":2,"comment_status":"closed","ping_status":"closed","template":"","meta":[],"acf":[],"yoast_head":"<!-- This site is optimized with the Yoast SEO plugin v19.8 - https:\/\/yoast.com\/wordpress\/plugins\/seo\/ -->\n<title>Bolt - Kaposv\u00e1r Megyei Jog\u00fa V\u00e1ros<\/title>\n<meta name=\"robots\" content=\"index, follow, max-snippet:-1, max-image-preview:large, max-video-preview:-1\" \/>\n<link rel=\"canonical\" href=\"https:\/\/otthon.kaposvar.hu\/hu\/kaposvar-kincse\/bolt\/\" \/>\n<meta property=\"og:locale\" content=\"hu_HU\" \/>\n<meta property=\"og:type\" content=\"article\" \/>\n<meta property=\"og:title\" content=\"Bolt - Kaposv\u00e1r Megyei Jog\u00fa V\u00e1ros\" \/>\n<meta property=\"og:description\" content=\"Elhelyezked\u00e9s A kaposv\u00e1ri helyi term\u00e9kek boltja k\u00f6zponti helyen, a belv\u00e1rosban, a Kaposv\u00e1ri Nagypiac ter\u00fclet\u00e9n tal\u00e1lhat\u00f3, a Laktanya utc\u00e1ban. A Kaposv\u00e1ri Nagypiac a Kaposv\u00e1ri Baross G\u00e1bor u. 5-13. sz\u00e1m alatt helyezkedik el, ennek egyik bej\u00e1rata a Baross G\u00e1bor utc\u00e1r\u00f3l ny\u00edl\u00f3 Laktanya utca, enn\u00e9l a bej\u00e1ratn\u00e1l tal\u00e1lhat\u00f3 a bolt. &nbsp; Megk\u00f6zel\u00edthet\u0151s\u00e9g A bolt j\u00f3l megk\u00f6zel\u00edthet\u0151 aut\u00f3val \u00e9s [&hellip;]\" \/>\n<meta property=\"og:url\" content=\"https:\/\/otthon.kaposvar.hu\/hu\/kaposvar-kincse\/bolt\/\" \/>\n<meta property=\"og:site_name\" content=\"Kaposv\u00e1r Megyei Jog\u00fa V\u00e1ros\" \/>\n<meta property=\"article:publisher\" content=\"https:\/\/www.facebook.com\/cityofkaposvar\/\" \/>\n<meta property=\"article:modified_time\" content=\"2018-08-28T22:36:27+00:00\" \/>\n<meta property=\"og:image\" content=\"https:\/\/otthon.kaposvar.hu\/wp-content\/uploads\/2018\/08\/kaposvar-kincse-bolt.jpg\" \/>\n\t<meta property=\"og:image:width\" content=\"900\" \/>\n\t<meta property=\"og:image:height\" content=\"600\" \/>\n\t<meta property=\"og:image:type\" content=\"image\/jpeg\" \/>\n<meta name=\"twitter:card\" content=\"summary_large_image\" \/>\n<meta name=\"twitter:label1\" content=\"Becs\u00fclt olvas\u00e1si id\u0151\" \/>\n\t<meta name=\"twitter:data1\" content=\"1 perc\" \/>\n<script type=\"application\/ld+json\" class=\"yoast-schema-graph\">{\"@context\":\"https:\/\/schema.org\",\"@graph\":[{\"@type\":\"WebPage\",\"@id\":\"https:\/\/otthon.kaposvar.hu\/hu\/kaposvar-kincse\/bolt\/\",\"url\":\"https:\/\/otthon.kaposvar.hu\/hu\/kaposvar-kincse\/bolt\/\",\"name\":\"Bolt - Kaposv\u00e1r Megyei Jog\u00fa V\u00e1ros\",\"isPartOf\":{\"@id\":\"https:\/\/otthon.kaposvar.hu\/hu\/#website\"},\"datePublished\":\"2018-08-28T19:50:06+00:00\",\"dateModified\":\"2018-08-28T22:36:27+00:00\",\"breadcrumb\":{\"@id\":\"https:\/\/otthon.kaposvar.hu\/hu\/kaposvar-kincse\/bolt\/#breadcrumb\"},\"inLanguage\":\"hu\",\"potentialAction\":[{\"@type\":\"ReadAction\",\"target\":[[\"https:\/\/otthon.kaposvar.hu\/hu\/kaposvar-kincse\/bolt\/\"]]}]},{\"@type\":\"BreadcrumbList\",\"@id\":\"https:\/\/otthon.kaposvar.hu\/hu\/kaposvar-kincse\/bolt\/#breadcrumb\",\"itemListElement\":[{\"@type\":\"ListItem\",\"position\":1,\"name\":\"Home\",\"item\":\"https:\/\/otthon.kaposvar.hu\/hu\/\"},{\"@type\":\"ListItem\",\"position\":2,\"name\":\"Kaposv\u00e1r Kincse\",\"item\":\"https:\/\/otthon.kaposvar.hu\/hu\/kaposvar-kincse\/\"},{\"@type\":\"ListItem\",\"position\":3,\"name\":\"Bolt\"}]},{\"@type\":\"WebSite\",\"@id\":\"https:\/\/otthon.kaposvar.hu\/hu\/#website\",\"url\":\"https:\/\/otthon.kaposvar.hu\/hu\/\",\"name\":\"Kaposv\u00e1r Megyei Jog\u00fa V\u00e1ros\",\"description\":\"\",\"publisher\":{\"@id\":\"https:\/\/otthon.kaposvar.hu\/hu\/#organization\"},\"potentialAction\":[{\"@type\":\"SearchAction\",\"target\":{\"@type\":\"EntryPoint\",\"urlTemplate\":\"https:\/\/otthon.kaposvar.hu\/hu\/?s={search_term_string}\"},\"query-input\":\"required name=search_term_string\"}],\"inLanguage\":\"hu\"},{\"@type\":\"Organization\",\"@id\":\"https:\/\/otthon.kaposvar.hu\/hu\/#organization\",\"name\":\"Kaposv\u00e1r Megyei Jog\u00fa V\u00e1ros\",\"url\":\"https:\/\/otthon.kaposvar.hu\/hu\/\",\"sameAs\":[\"https:\/\/www.instagram.com\/cityofkaposvar\/\",\"https:\/\/www.facebook.com\/cityofkaposvar\/\"],\"logo\":{\"@type\":\"ImageObject\",\"inLanguage\":\"hu\",\"@id\":\"https:\/\/otthon.kaposvar.hu\/hu\/#\/schema\/logo\/image\/\",\"url\":\"https:\/\/otthon.kaposvar.hu\/wp-content\/uploads\/2021\/10\/kaposvar_social.jpg\",\"contentUrl\":\"https:\/\/otthon.kaposvar.hu\/wp-content\/uploads\/2021\/10\/kaposvar_social.jpg\",\"width\":1200,\"height\":900,\"caption\":\"Kaposv\u00e1r Megyei Jog\u00fa V\u00e1ros\"},\"image\":{\"@id\":\"https:\/\/otthon.kaposvar.hu\/hu\/#\/schema\/logo\/image\/\"}}]}<\/script>\n<!-- \/ Yoast SEO plugin. -->","yoast_head_json":{"title":"Bolt - Kaposv\u00e1r Megyei Jog\u00fa V\u00e1ros","robots":{"index":"index","follow":"follow","max-snippet":"max-snippet:-1","max-image-preview":"max-image-preview:large","max-video-preview":"max-video-preview:-1"},"canonical":"https:\/\/otthon.kaposvar.hu\/hu\/kaposvar-kincse\/bolt\/","og_locale":"hu_HU","og_type":"article","og_title":"Bolt - Kaposv\u00e1r Megyei Jog\u00fa V\u00e1ros","og_description":"Elhelyezked\u00e9s A kaposv\u00e1ri helyi term\u00e9kek boltja k\u00f6zponti helyen, a belv\u00e1rosban, a Kaposv\u00e1ri Nagypiac ter\u00fclet\u00e9n tal\u00e1lhat\u00f3, a Laktanya utc\u00e1ban. A Kaposv\u00e1ri Nagypiac a Kaposv\u00e1ri Baross G\u00e1bor u. 5-13. sz\u00e1m alatt helyezkedik el, ennek egyik bej\u00e1rata a Baross G\u00e1bor utc\u00e1r\u00f3l ny\u00edl\u00f3 Laktanya utca, enn\u00e9l a bej\u00e1ratn\u00e1l tal\u00e1lhat\u00f3 a bolt. &nbsp; Megk\u00f6zel\u00edthet\u0151s\u00e9g A bolt j\u00f3l megk\u00f6zel\u00edthet\u0151 aut\u00f3val \u00e9s [&hellip;]","og_url":"https:\/\/otthon.kaposvar.hu\/hu\/kaposvar-kincse\/bolt\/","og_site_name":"Kaposv\u00e1r Megyei Jog\u00fa V\u00e1ros","article_publisher":"https:\/\/www.facebook.com\/cityofkaposvar\/","article_modified_time":"2018-08-28T22:36:27+00:00","og_image":[{"width":900,"height":600,"url":"https:\/\/otthon.kaposvar.hu\/wp-content\/uploads\/2018\/08\/kaposvar-kincse-bolt.jpg","type":"image\/jpeg"}],"twitter_card":"summary_large_image","twitter_misc":{"Becs\u00fclt olvas\u00e1si id\u0151":"1 perc"},"schema":{"@context":"https:\/\/schema.org","@graph":[{"@type":"WebPage","@id":"https:\/\/otthon.kaposvar.hu\/hu\/kaposvar-kincse\/bolt\/","url":"https:\/\/otthon.kaposvar.hu\/hu\/kaposvar-kincse\/bolt\/","name":"Bolt - Kaposv\u00e1r Megyei Jog\u00fa V\u00e1ros","isPartOf":{"@id":"https:\/\/otthon.kaposvar.hu\/hu\/#website"},"datePublished":"2018-08-28T19:50:06+00:00","dateModified":"2018-08-28T22:36:27+00:00","breadcrumb":{"@id":"https:\/\/otthon.kaposvar.hu\/hu\/kaposvar-kincse\/bolt\/#breadcrumb"},"inLanguage":"hu","potentialAction":[{"@type":"ReadAction","target":[["https:\/\/otthon.kaposvar.hu\/hu\/kaposvar-kincse\/bolt\/"]]}]},{"@type":"BreadcrumbList","@id":"https:\/\/otthon.kaposvar.hu\/hu\/kaposvar-kincse\/bolt\/#breadcrumb","itemListElement":[{"@type":"ListItem","position":1,"name":"Home","item":"https:\/\/otthon.kaposvar.hu\/hu\/"},{"@type":"ListItem","position":2,"name":"Kaposv\u00e1r Kincse","item":"https:\/\/otthon.kaposvar.hu\/hu\/kaposvar-kincse\/"},{"@type":"ListItem","position":3,"name":"Bolt"}]},{"@type":"WebSite","@id":"https:\/\/otthon.kaposvar.hu\/hu\/#website","url":"https:\/\/otthon.kaposvar.hu\/hu\/","name":"Kaposv\u00e1r Megyei Jog\u00fa V\u00e1ros","description":"","publisher":{"@id":"https:\/\/otthon.kaposvar.hu\/hu\/#organization"},"potentialAction":[{"@type":"SearchAction","target":{"@type":"EntryPoint","urlTemplate":"https:\/\/otthon.kaposvar.hu\/hu\/?s={search_term_string}"},"query-input":"required name=search_term_string"}],"inLanguage":"hu"},{"@type":"Organization","@id":"https:\/\/otthon.kaposvar.hu\/hu\/#organization","name":"Kaposv\u00e1r Megyei Jog\u00fa V\u00e1ros","url":"https:\/\/otthon.kaposvar.hu\/hu\/","sameAs":["https:\/\/www.instagram.com\/cityofkaposvar\/","https:\/\/www.facebook.com\/cityofkaposvar\/"],"logo":{"@type":"ImageObject","inLanguage":"hu","@id":"https:\/\/otthon.kaposvar.hu\/hu\/#\/schema\/logo\/image\/","url":"https:\/\/otthon.kaposvar.hu\/wp-content\/uploads\/2021\/10\/kaposvar_social.jpg","contentUrl":"https:\/\/otthon.kaposvar.hu\/wp-content\/uploads\/2021\/10\/kaposvar_social.jpg","width":1200,"height":900,"caption":"Kaposv\u00e1r Megyei Jog\u00fa V\u00e1ros"},"image":{"@id":"https:\/\/otthon.kaposvar.hu\/hu\/#\/schema\/logo\/image\/"}}]}},"_links":{"self":[{"href":"https:\/\/otthon.kaposvar.hu\/hu\/wp-json\/wp\/v2\/pages\/3457"}],"collection":[{"href":"https:\/\/otthon.kaposvar.hu\/hu\/wp-json\/wp\/v2\/pages"}],"about":[{"href":"https:\/\/otthon.kaposvar.hu\/hu\/wp-json\/wp\/v2\/types\/page"}],"author":[{"embeddable":true,"href":"https:\/\/otthon.kaposvar.hu\/hu\/wp-json\/wp\/v2\/users\/13"}],"replies":[{"embeddable":true,"href":"https:\/\/otthon.kaposvar.hu\/hu\/wp-json\/wp\/v2\/comments?post=3457"}],"version-history":[{"count":0,"href":"https:\/\/otthon.kaposvar.hu\/hu\/wp-json\/wp\/v2\/pages\/3457\/revisions"}],"up":[{"embeddable":true,"href":"https:\/\/otthon.kaposvar.hu\/hu\/wp-json\/wp\/v2\/pages\/3448"}],"wp:featuredmedia":[{"embeddable":true,"href":"https:\/\/otthon.kaposvar.hu\/hu\/wp-json\/wp\/v2\/media\/3464"}],"wp:attachment":[{"href":"https:\/\/otthon.kaposvar.hu\/hu\/wp-json\/wp\/v2\/media?parent=3457"}],"curies":[{"name":"wp","href":"https:\/\/api.w.org\/{rel}","templated":true}]}}