{"id":3456,"date":"2018-08-28T20:48:32","date_gmt":"2018-08-28T19:48:32","guid":{"rendered":"https:\/\/otthon.kaposvar.hu\/?page_id=3456"},"modified":"2018-09-05T16:32:52","modified_gmt":"2018-09-05T15:32:52","slug":"termekek","status":"publish","type":"page","link":"https:\/\/otthon.kaposvar.hu\/hu\/kaposvar-kincse\/termekek\/","title":{"rendered":"Term\u00e9kek"},"content":{"rendered":"<p><\/p>\n<h2><img loading=\"lazy\" class=\"alignnone size-large wp-image-3450\" src=\"https:\/\/otthon.kaposvar.hu\/wp-content\/uploads\/2018\/08\/DSC4943-1024x683.jpg\" alt=\"\" width=\"1024\" height=\"683\" srcset=\"https:\/\/otthon.kaposvar.hu\/wp-content\/uploads\/2018\/08\/DSC4943-1024x683.jpg 1024w, https:\/\/otthon.kaposvar.hu\/wp-content\/uploads\/2018\/08\/DSC4943-300x200.jpg 300w, https:\/\/otthon.kaposvar.hu\/wp-content\/uploads\/2018\/08\/DSC4943-768x512.jpg 768w, https:\/\/otthon.kaposvar.hu\/wp-content\/uploads\/2018\/08\/DSC4943-1920x1280.jpg 1920w\" sizes=\"(max-width: 1024px) 100vw, 1024px\" \/><\/h2>\n<h2 class=\"kv-page-content-title\">Citromf\u0171-menta sz\u00f6rp<\/h2>\n<p>A citromf\u0171 k\u00fcls\u0151re a menta ikertestv\u00e9re, nyugtat\u00f3 hat\u00e1sa miatt n\u00e9pszer\u0171 gy\u00f3gy- \u00e9s f\u0171szern\u00f6v\u00e9ny, illatos, friss z\u00f6ldf\u0171szer, amely nemcsak te\u00e1nak vagy \u00e9dess\u00e9gekbe kiv\u00e1l\u00f3, hanem remek sz\u00f6rp is k\u00e9sz\u00edthet\u0151 bel\u0151le. A Kaposv\u00e1r-k\u00f6zeli Keresztes Vend\u00e9gh\u00e1zban k\u00e9sz\u00fclt citromf\u0171-menta sz\u00f6rp p\u00e1ratlan h\u0171s\u00edt\u0151 ezeken a meleg, ny\u00e1ri napokon. Igazi Kaposv\u00e1r Kincse!<\/p>\n<div class=\"kv-page-margin-1\">\u00a0<\/div>\n<h2><img loading=\"lazy\" class=\"alignnone size-large wp-image-3459\" src=\"https:\/\/otthon.kaposvar.hu\/wp-content\/uploads\/2018\/08\/DSC4965-cropped-web-1024x683.jpg\" alt=\"\" width=\"1024\" height=\"683\" srcset=\"https:\/\/otthon.kaposvar.hu\/wp-content\/uploads\/2018\/08\/DSC4965-cropped-web-1024x683.jpg 1024w, https:\/\/otthon.kaposvar.hu\/wp-content\/uploads\/2018\/08\/DSC4965-cropped-web-300x200.jpg 300w, https:\/\/otthon.kaposvar.hu\/wp-content\/uploads\/2018\/08\/DSC4965-cropped-web-768x512.jpg 768w, https:\/\/otthon.kaposvar.hu\/wp-content\/uploads\/2018\/08\/DSC4965-cropped-web-1920x1281.jpg 1920w, https:\/\/otthon.kaposvar.hu\/wp-content\/uploads\/2018\/08\/DSC4965-cropped-web.jpg 2000w\" sizes=\"(max-width: 1024px) 100vw, 1024px\" \/><\/h2>\n<h2 class=\"kv-page-content-title\">Csipkebogy\u00f3lekv\u00e1r<\/h2>\n<p>A csipkebogy\u00f3 j\u00f3t\u00e9kony hat\u00e1sai szerte a vil\u00e1gon k\u00f6zismertek. Legend\u00e1san magas c-vitamin tartalma mellett kedvez\u0151en hat az \u00e9rrendszeri megbeteged\u00e9sekre \u00e9s a cukorbetegs\u00e9ge is, a bel\u0151le k\u00e9sz\u00fclt lekv\u00e1rnak pedig p\u00e1rja nincsen. A Kaposv\u00e1rt\u00f3l n\u00e9h\u00e1ny kilom\u00e9terre, Mosd\u00f3son, a Keresztes Vend\u00e9gh\u00e1zban el\u0151\u00e1ll\u00edtott csipkebogy\u00f3 lekv\u00e1r \u00e9vsz\u00e1zados recept\u00fara alapj\u00e1n k\u00e9sz\u00fcl \u00e9s extra magas gy\u00fcm\u00f6lcstartalommal b\u00edr, \u00edgy igazi gy\u00f6ngyszem a Kaposv\u00e1r Kincse term\u00e9kek k\u00f6z\u00f6tt!<\/p>\n<div class=\"kv-page-margin-1\">\u00a0<\/div>\n<h2><img loading=\"lazy\" class=\"alignnone size-large wp-image-3462\" src=\"https:\/\/otthon.kaposvar.hu\/wp-content\/uploads\/2018\/08\/homoktovisvelo-fb-1024x683.jpg\" alt=\"\" width=\"1024\" height=\"683\" srcset=\"https:\/\/otthon.kaposvar.hu\/wp-content\/uploads\/2018\/08\/homoktovisvelo-fb-1024x683.jpg 1024w, https:\/\/otthon.kaposvar.hu\/wp-content\/uploads\/2018\/08\/homoktovisvelo-fb-300x200.jpg 300w, https:\/\/otthon.kaposvar.hu\/wp-content\/uploads\/2018\/08\/homoktovisvelo-fb-768x512.jpg 768w, https:\/\/otthon.kaposvar.hu\/wp-content\/uploads\/2018\/08\/homoktovisvelo-fb.jpg 1060w\" sizes=\"(max-width: 1024px) 100vw, 1024px\" \/><\/h2>\n<h2 class=\"kv-page-content-title\">Homokt\u00f6visvel\u0151<\/h2>\n<p>Botta Gy\u00f6rgy h\u0151gy\u00e9szi \u0151stermel\u0151 homokt\u00f6visvel\u0151je sz\u00e1mtalan \u00e1ld\u00e1sos hat\u00e1st fejthet ki rendszeres fogyaszt\u00f3inak szervezet\u00e9ben:<\/p>\n<ul>\n<li>immuner\u0151s\u00edt\u0151 hat\u00e1s\u00e1nak k\u00f6sz\u00f6nhet\u0151en allergi\u00e1soknak sz\u00e1m\u00e1ra is kiv\u00e1l\u00f3,<\/li>\n<li>h\u00e1mos\u00edt\u00f3 \u00e9s gyullad\u00e1scs\u00f6kkent\u0151, &#8211; seg\u00edti a sebgy\u00f3gyul\u00e1st, a b\u0151rbetegs\u00e9gek gy\u00f3gyul\u00e1s\u00e1t.<\/li>\n<\/ul>\n<p>Gy\u00f6ny\u00f6r\u0171 term\u00e9k\u00fcnk m\u00e1r el\u00e9rhet\u0151 a Nagypiac melletti boltunkban!<\/p>\n<div class=\"kv-page-margin-1\">\u00a0<\/div>\n<h2><img loading=\"lazy\" class=\"alignnone size-large wp-image-3463\" src=\"https:\/\/otthon.kaposvar.hu\/wp-content\/uploads\/2018\/08\/palinka-fb-1024x683.jpg\" alt=\"\" width=\"1024\" height=\"683\" srcset=\"https:\/\/otthon.kaposvar.hu\/wp-content\/uploads\/2018\/08\/palinka-fb-1024x683.jpg 1024w, https:\/\/otthon.kaposvar.hu\/wp-content\/uploads\/2018\/08\/palinka-fb-300x200.jpg 300w, https:\/\/otthon.kaposvar.hu\/wp-content\/uploads\/2018\/08\/palinka-fb-768x512.jpg 768w, https:\/\/otthon.kaposvar.hu\/wp-content\/uploads\/2018\/08\/palinka-fb.jpg 1365w\" sizes=\"(max-width: 1024px) 100vw, 1024px\" \/><\/h2>\n<h2 class=\"kv-page-content-title\">P\u00e1linka<\/h2>\n<p>A Zimek p\u00e1link\u00e1k k\u00e9sz\u00edt\u0151i kezdetekt\u0151l fogva a Balaton k\u00f6rny\u00e9k\u00e9n term\u0151 gy\u00fcm\u00f6lcs\u00f6k feldolgoz\u00e1s\u00e1ra alapozt\u00e1k a f\u0151zde munk\u00e1j\u00e1t. A r\u00e9gi\u00f3nkban tal\u00e1lhat\u00f3 legkiv\u00e1l\u00f3bb gy\u00fcm\u00f6lcs\u00f6k felhaszn\u00e1l\u00e1sa garancia arra, hogy a Zimek n\u00e9vvel f\u00e9mjelzett \u00fcvegekb\u0151l kiv\u00e9teles min\u0151s\u00e9g\u0171 p\u00e1link\u00e1t kortyolhassunk. A zam\u00e1rdi manufakt\u00fara az elm\u00falt tizenegy \u00e9v sor\u00e1n sz\u00e1mos hazai- \u00e9s nemzetk\u00f6zi elismer\u00e9st zsebelt be, \u00edgy k\u00fcl\u00f6n\u00f6sen b\u00fcszk\u00e9k vagyunk r\u00e1, hogy legkiv\u00e1l\u00f3bb italaik imm\u00e1ron a Kaposv\u00e1r Kincse v\u00e9djegy oltalma alatt is el\u00e9rhet\u0151ek.<\/p>\n<div class=\"kv-page-margin-1\">\u00a0<\/div>\n<h2><img loading=\"lazy\" class=\"alignnone size-large wp-image-3460\" src=\"https:\/\/otthon.kaposvar.hu\/wp-content\/uploads\/2018\/08\/akacmez-fb-1024x683.jpg\" alt=\"\" width=\"1024\" height=\"683\" srcset=\"https:\/\/otthon.kaposvar.hu\/wp-content\/uploads\/2018\/08\/akacmez-fb-1024x683.jpg 1024w, https:\/\/otthon.kaposvar.hu\/wp-content\/uploads\/2018\/08\/akacmez-fb-300x200.jpg 300w, https:\/\/otthon.kaposvar.hu\/wp-content\/uploads\/2018\/08\/akacmez-fb-768x512.jpg 768w, https:\/\/otthon.kaposvar.hu\/wp-content\/uploads\/2018\/08\/akacmez-fb.jpg 1605w\" sizes=\"(max-width: 1024px) 100vw, 1024px\" \/><\/h2>\n<h2 class=\"kv-page-content-title\">Ak\u00e1cm\u00e9z<\/h2>\n<p>Hanzel R\u00f3bert kaposm\u00e9r\u0151i \u0151stermel\u0151 ak\u00e1cm\u00e9ze az el\u0151\u00e1ll\u00edt\u00f3 p\u00e1ratlan gondoskod\u00e1s\u00e1nak, valamint a zselici legel\u0151k kedvez\u0151 fekv\u00e9s\u00e9nek \u00e9s kiv\u00e1l\u00f3 term\u0151helyi adotts\u00e1gainak k\u00f6sz\u00f6nhet\u0151en 2017-ben az \u00e9v somogyi m\u00e9ze lett.<\/p>\n<div class=\"kv-page-margin-15\">\u00a0<\/div>\n<p><\/p>","protected":false},"excerpt":{"rendered":"<p>Citromf\u0171-menta sz\u00f6rp A citromf\u0171 k\u00fcls\u0151re a menta ikertestv\u00e9re, nyugtat\u00f3 hat\u00e1sa miatt n\u00e9pszer\u0171 gy\u00f3gy- \u00e9s f\u0171szern\u00f6v\u00e9ny, illatos, friss z\u00f6ldf\u0171szer, amely nemcsak te\u00e1nak vagy \u00e9dess\u00e9gekbe kiv\u00e1l\u00f3, hanem remek sz\u00f6rp is k\u00e9sz\u00edthet\u0151 bel\u0151le. A Kaposv\u00e1r-k\u00f6zeli Keresztes Vend\u00e9gh\u00e1zban k\u00e9sz\u00fclt citromf\u0171-menta sz\u00f6rp p\u00e1ratlan h\u0171s\u00edt\u0151 ezeken a meleg, ny\u00e1ri napokon. Igazi Kaposv\u00e1r Kincse! \u00a0 Csipkebogy\u00f3lekv\u00e1r A csipkebogy\u00f3 j\u00f3t\u00e9kony hat\u00e1sai szerte a [&hellip;]<\/p>\n","protected":false},"author":13,"featured_media":3449,"parent":3448,"menu_order":1,"comment_status":"closed","ping_status":"closed","template":"","meta":[],"acf":[],"yoast_head":"<!-- This site is optimized with the Yoast SEO plugin v19.8 - https:\/\/yoast.com\/wordpress\/plugins\/seo\/ -->\n<title>Term\u00e9kek - Kaposv\u00e1r Megyei Jog\u00fa V\u00e1ros<\/title>\n<meta name=\"robots\" content=\"index, follow, max-snippet:-1, max-image-preview:large, max-video-preview:-1\" \/>\n<link rel=\"canonical\" href=\"https:\/\/otthon.kaposvar.hu\/hu\/kaposvar-kincse\/termekek\/\" \/>\n<meta property=\"og:locale\" content=\"hu_HU\" \/>\n<meta property=\"og:type\" content=\"article\" \/>\n<meta property=\"og:title\" content=\"Term\u00e9kek - Kaposv\u00e1r Megyei Jog\u00fa V\u00e1ros\" \/>\n<meta property=\"og:description\" content=\"Citromf\u0171-menta sz\u00f6rp A citromf\u0171 k\u00fcls\u0151re a menta ikertestv\u00e9re, nyugtat\u00f3 hat\u00e1sa miatt n\u00e9pszer\u0171 gy\u00f3gy- \u00e9s f\u0171szern\u00f6v\u00e9ny, illatos, friss z\u00f6ldf\u0171szer, amely nemcsak te\u00e1nak vagy \u00e9dess\u00e9gekbe kiv\u00e1l\u00f3, hanem remek sz\u00f6rp is k\u00e9sz\u00edthet\u0151 bel\u0151le. A Kaposv\u00e1r-k\u00f6zeli Keresztes Vend\u00e9gh\u00e1zban k\u00e9sz\u00fclt citromf\u0171-menta sz\u00f6rp p\u00e1ratlan h\u0171s\u00edt\u0151 ezeken a meleg, ny\u00e1ri napokon. Igazi Kaposv\u00e1r Kincse! \u00a0 Csipkebogy\u00f3lekv\u00e1r A csipkebogy\u00f3 j\u00f3t\u00e9kony hat\u00e1sai szerte a [&hellip;]\" \/>\n<meta property=\"og:url\" content=\"https:\/\/otthon.kaposvar.hu\/hu\/kaposvar-kincse\/termekek\/\" \/>\n<meta property=\"og:site_name\" content=\"Kaposv\u00e1r Megyei Jog\u00fa V\u00e1ros\" \/>\n<meta property=\"article:publisher\" content=\"https:\/\/www.facebook.com\/cityofkaposvar\/\" \/>\n<meta property=\"article:modified_time\" content=\"2018-09-05T15:32:52+00:00\" \/>\n<meta property=\"og:image\" content=\"https:\/\/otthon.kaposvar.hu\/wp-content\/uploads\/2018\/08\/DSC4974.jpg\" \/>\n\t<meta property=\"og:image:width\" content=\"3523\" \/>\n\t<meta property=\"og:image:height\" content=\"5285\" \/>\n\t<meta property=\"og:image:type\" content=\"image\/jpeg\" \/>\n<meta name=\"twitter:card\" content=\"summary_large_image\" \/>\n<meta name=\"twitter:label1\" content=\"Becs\u00fclt olvas\u00e1si id\u0151\" \/>\n\t<meta name=\"twitter:data1\" content=\"2 perc\" \/>\n<script type=\"application\/ld+json\" class=\"yoast-schema-graph\">{\"@context\":\"https:\/\/schema.org\",\"@graph\":[{\"@type\":\"WebPage\",\"@id\":\"https:\/\/otthon.kaposvar.hu\/hu\/kaposvar-kincse\/termekek\/\",\"url\":\"https:\/\/otthon.kaposvar.hu\/hu\/kaposvar-kincse\/termekek\/\",\"name\":\"Term\u00e9kek - Kaposv\u00e1r Megyei Jog\u00fa V\u00e1ros\",\"isPartOf\":{\"@id\":\"https:\/\/otthon.kaposvar.hu\/hu\/#website\"},\"datePublished\":\"2018-08-28T19:48:32+00:00\",\"dateModified\":\"2018-09-05T15:32:52+00:00\",\"breadcrumb\":{\"@id\":\"https:\/\/otthon.kaposvar.hu\/hu\/kaposvar-kincse\/termekek\/#breadcrumb\"},\"inLanguage\":\"hu\",\"potentialAction\":[{\"@type\":\"ReadAction\",\"target\":[[\"https:\/\/otthon.kaposvar.hu\/hu\/kaposvar-kincse\/termekek\/\"]]}]},{\"@type\":\"BreadcrumbList\",\"@id\":\"https:\/\/otthon.kaposvar.hu\/hu\/kaposvar-kincse\/termekek\/#breadcrumb\",\"itemListElement\":[{\"@type\":\"ListItem\",\"position\":1,\"name\":\"Home\",\"item\":\"https:\/\/otthon.kaposvar.hu\/hu\/\"},{\"@type\":\"ListItem\",\"position\":2,\"name\":\"Kaposv\u00e1r Kincse\",\"item\":\"https:\/\/otthon.kaposvar.hu\/hu\/kaposvar-kincse\/\"},{\"@type\":\"ListItem\",\"position\":3,\"name\":\"Term\u00e9kek\"}]},{\"@type\":\"WebSite\",\"@id\":\"https:\/\/otthon.kaposvar.hu\/hu\/#website\",\"url\":\"https:\/\/otthon.kaposvar.hu\/hu\/\",\"name\":\"Kaposv\u00e1r Megyei Jog\u00fa V\u00e1ros\",\"description\":\"\",\"publisher\":{\"@id\":\"https:\/\/otthon.kaposvar.hu\/hu\/#organization\"},\"potentialAction\":[{\"@type\":\"SearchAction\",\"target\":{\"@type\":\"EntryPoint\",\"urlTemplate\":\"https:\/\/otthon.kaposvar.hu\/hu\/?s={search_term_string}\"},\"query-input\":\"required name=search_term_string\"}],\"inLanguage\":\"hu\"},{\"@type\":\"Organization\",\"@id\":\"https:\/\/otthon.kaposvar.hu\/hu\/#organization\",\"name\":\"Kaposv\u00e1r Megyei Jog\u00fa V\u00e1ros\",\"url\":\"https:\/\/otthon.kaposvar.hu\/hu\/\",\"sameAs\":[\"https:\/\/www.instagram.com\/cityofkaposvar\/\",\"https:\/\/www.facebook.com\/cityofkaposvar\/\"],\"logo\":{\"@type\":\"ImageObject\",\"inLanguage\":\"hu\",\"@id\":\"https:\/\/otthon.kaposvar.hu\/hu\/#\/schema\/logo\/image\/\",\"url\":\"https:\/\/otthon.kaposvar.hu\/wp-content\/uploads\/2021\/10\/kaposvar_social.jpg\",\"contentUrl\":\"https:\/\/otthon.kaposvar.hu\/wp-content\/uploads\/2021\/10\/kaposvar_social.jpg\",\"width\":1200,\"height\":900,\"caption\":\"Kaposv\u00e1r Megyei Jog\u00fa V\u00e1ros\"},\"image\":{\"@id\":\"https:\/\/otthon.kaposvar.hu\/hu\/#\/schema\/logo\/image\/\"}}]}<\/script>\n<!-- \/ Yoast SEO plugin. -->","yoast_head_json":{"title":"Term\u00e9kek - Kaposv\u00e1r Megyei Jog\u00fa V\u00e1ros","robots":{"index":"index","follow":"follow","max-snippet":"max-snippet:-1","max-image-preview":"max-image-preview:large","max-video-preview":"max-video-preview:-1"},"canonical":"https:\/\/otthon.kaposvar.hu\/hu\/kaposvar-kincse\/termekek\/","og_locale":"hu_HU","og_type":"article","og_title":"Term\u00e9kek - Kaposv\u00e1r Megyei Jog\u00fa V\u00e1ros","og_description":"Citromf\u0171-menta sz\u00f6rp A citromf\u0171 k\u00fcls\u0151re a menta ikertestv\u00e9re, nyugtat\u00f3 hat\u00e1sa miatt n\u00e9pszer\u0171 gy\u00f3gy- \u00e9s f\u0171szern\u00f6v\u00e9ny, illatos, friss z\u00f6ldf\u0171szer, amely nemcsak te\u00e1nak vagy \u00e9dess\u00e9gekbe kiv\u00e1l\u00f3, hanem remek sz\u00f6rp is k\u00e9sz\u00edthet\u0151 bel\u0151le. A Kaposv\u00e1r-k\u00f6zeli Keresztes Vend\u00e9gh\u00e1zban k\u00e9sz\u00fclt citromf\u0171-menta sz\u00f6rp p\u00e1ratlan h\u0171s\u00edt\u0151 ezeken a meleg, ny\u00e1ri napokon. Igazi Kaposv\u00e1r Kincse! \u00a0 Csipkebogy\u00f3lekv\u00e1r A csipkebogy\u00f3 j\u00f3t\u00e9kony hat\u00e1sai szerte a [&hellip;]","og_url":"https:\/\/otthon.kaposvar.hu\/hu\/kaposvar-kincse\/termekek\/","og_site_name":"Kaposv\u00e1r Megyei Jog\u00fa V\u00e1ros","article_publisher":"https:\/\/www.facebook.com\/cityofkaposvar\/","article_modified_time":"2018-09-05T15:32:52+00:00","og_image":[{"width":3523,"height":5285,"url":"https:\/\/otthon.kaposvar.hu\/wp-content\/uploads\/2018\/08\/DSC4974.jpg","type":"image\/jpeg"}],"twitter_card":"summary_large_image","twitter_misc":{"Becs\u00fclt olvas\u00e1si id\u0151":"2 perc"},"schema":{"@context":"https:\/\/schema.org","@graph":[{"@type":"WebPage","@id":"https:\/\/otthon.kaposvar.hu\/hu\/kaposvar-kincse\/termekek\/","url":"https:\/\/otthon.kaposvar.hu\/hu\/kaposvar-kincse\/termekek\/","name":"Term\u00e9kek - Kaposv\u00e1r Megyei Jog\u00fa V\u00e1ros","isPartOf":{"@id":"https:\/\/otthon.kaposvar.hu\/hu\/#website"},"datePublished":"2018-08-28T19:48:32+00:00","dateModified":"2018-09-05T15:32:52+00:00","breadcrumb":{"@id":"https:\/\/otthon.kaposvar.hu\/hu\/kaposvar-kincse\/termekek\/#breadcrumb"},"inLanguage":"hu","potentialAction":[{"@type":"ReadAction","target":[["https:\/\/otthon.kaposvar.hu\/hu\/kaposvar-kincse\/termekek\/"]]}]},{"@type":"BreadcrumbList","@id":"https:\/\/otthon.kaposvar.hu\/hu\/kaposvar-kincse\/termekek\/#breadcrumb","itemListElement":[{"@type":"ListItem","position":1,"name":"Home","item":"https:\/\/otthon.kaposvar.hu\/hu\/"},{"@type":"ListItem","position":2,"name":"Kaposv\u00e1r Kincse","item":"https:\/\/otthon.kaposvar.hu\/hu\/kaposvar-kincse\/"},{"@type":"ListItem","position":3,"name":"Term\u00e9kek"}]},{"@type":"WebSite","@id":"https:\/\/otthon.kaposvar.hu\/hu\/#website","url":"https:\/\/otthon.kaposvar.hu\/hu\/","name":"Kaposv\u00e1r Megyei Jog\u00fa V\u00e1ros","description":"","publisher":{"@id":"https:\/\/otthon.kaposvar.hu\/hu\/#organization"},"potentialAction":[{"@type":"SearchAction","target":{"@type":"EntryPoint","urlTemplate":"https:\/\/otthon.kaposvar.hu\/hu\/?s={search_term_string}"},"query-input":"required name=search_term_string"}],"inLanguage":"hu"},{"@type":"Organization","@id":"https:\/\/otthon.kaposvar.hu\/hu\/#organization","name":"Kaposv\u00e1r Megyei Jog\u00fa V\u00e1ros","url":"https:\/\/otthon.kaposvar.hu\/hu\/","sameAs":["https:\/\/www.instagram.com\/cityofkaposvar\/","https:\/\/www.facebook.com\/cityofkaposvar\/"],"logo":{"@type":"ImageObject","inLanguage":"hu","@id":"https:\/\/otthon.kaposvar.hu\/hu\/#\/schema\/logo\/image\/","url":"https:\/\/otthon.kaposvar.hu\/wp-content\/uploads\/2021\/10\/kaposvar_social.jpg","contentUrl":"https:\/\/otthon.kaposvar.hu\/wp-content\/uploads\/2021\/10\/kaposvar_social.jpg","width":1200,"height":900,"caption":"Kaposv\u00e1r Megyei Jog\u00fa V\u00e1ros"},"image":{"@id":"https:\/\/otthon.kaposvar.hu\/hu\/#\/schema\/logo\/image\/"}}]}},"_links":{"self":[{"href":"https:\/\/otthon.kaposvar.hu\/hu\/wp-json\/wp\/v2\/pages\/3456"}],"collection":[{"href":"https:\/\/otthon.kaposvar.hu\/hu\/wp-json\/wp\/v2\/pages"}],"about":[{"href":"https:\/\/otthon.kaposvar.hu\/hu\/wp-json\/wp\/v2\/types\/page"}],"author":[{"embeddable":true,"href":"https:\/\/otthon.kaposvar.hu\/hu\/wp-json\/wp\/v2\/users\/13"}],"replies":[{"embeddable":true,"href":"https:\/\/otthon.kaposvar.hu\/hu\/wp-json\/wp\/v2\/comments?post=3456"}],"version-history":[{"count":0,"href":"https:\/\/otthon.kaposvar.hu\/hu\/wp-json\/wp\/v2\/pages\/3456\/revisions"}],"up":[{"embeddable":true,"href":"https:\/\/otthon.kaposvar.hu\/hu\/wp-json\/wp\/v2\/pages\/3448"}],"wp:featuredmedia":[{"embeddable":true,"href":"https:\/\/otthon.kaposvar.hu\/hu\/wp-json\/wp\/v2\/media\/3449"}],"wp:attachment":[{"href":"https:\/\/otthon.kaposvar.hu\/hu\/wp-json\/wp\/v2\/media?parent=3456"}],"curies":[{"name":"wp","href":"https:\/\/api.w.org\/{rel}","templated":true}]}}