{"id":3455,"date":"2018-08-28T20:38:46","date_gmt":"2018-08-28T19:38:46","guid":{"rendered":"https:\/\/otthon.kaposvar.hu\/?page_id=3455"},"modified":"2018-09-04T16:03:21","modified_gmt":"2018-09-04T15:03:21","slug":"sajto","status":"publish","type":"page","link":"https:\/\/otthon.kaposvar.hu\/hu\/kaposvar-kincse\/sajto\/","title":{"rendered":"Sajt\u00f3"},"content":{"rendered":"<p><\/p>\n<p><span style=\"font-family: Garamond Regular;font-size: 12px\"><span style=\"color: black\">2016. m\u00e1jus 7. TelePaks TV &#8211;\u00a0<\/span><a href=\"https:\/\/www.youtube.com\/watch?v=IeOAZtp_5OU\">Ism\u00e9t kinyitott a Sp\u00e1jz a Szent Istv\u00e1n t\u00e9ren<\/a><\/span><\/p>\n<p><span style=\"font-family: Garamond Regular;font-size: 12px\"><span style=\"color: black\">2016. \u00e1prilis 27. KaposTV &#8211;\u00a0<\/span><a href=\"http:\/\/kapos.hu\/videok\/kapospont_hirmusor\/2016-04-27\/hirado_2016_aprilis_27_szerda.html\" target=\"_blank\" rel=\"noopener\">H\u00edrad\u00f3 2016. \u00e1prilis 27., szerda (03:43-t\u00f3l)<\/a><\/span><\/p>\n<p><span style=\"font-family: Garamond Regular;font-size: 12px\"><span style=\"color: black\">2016. \u00e1prilis 27. Kapos.hu &#8211;\u00a0<\/span><a href=\"http:\/\/kapos.hu\/hirek\/gazdasag\/2016-04-27\/kincsek_az_ettermekben.html\" target=\"_blank\" rel=\"noopener\">Kincsek az \u00e9ttermekben<\/a><\/span><\/p>\n<p><span style=\"font-family: Garamond Regular;font-size: 12px\"><span style=\"color: black\">2016. \u00e1prilis 27. SomogyTV &#8211;\u00a0<\/span><a href=\"http:\/\/www.somogytv.hu\/videok\/hirado\/114388\/\" target=\"_blank\" rel=\"noopener\">H\u00edrad\u00f3 2016. \u00e1prilis 27., szerda (05:16-t\u00f3l)<\/a><\/span><\/p>\n<p><span style=\"font-family: Garamond Regular;font-size: 12px\"><span style=\"color: black\">2016. \u00e1prilis 27. SomogyTV &#8211;\u00a0<\/span><a href=\"http:\/\/www.somogytv.hu\/cikkek\/114383\/\" target=\"_blank\" rel=\"noopener\">Helyi termel\u0151kkel a turizmus\u00e9rt<\/a><\/span><\/p>\n<p><span style=\"font-family: Garamond Regular;font-size: 12px\"><span style=\"color: black\">2016. \u00e1prilis 27. Sonline &#8211;\u00a0<\/span><a href=\"http:\/\/www.sonline.hu\/somogy\/kozelet\/egy-turistanak-egy-ket-nap-csupan-kaposvar-662347\" target=\"_blank\" rel=\"noopener\">Egy turist\u00e1nak egy-k\u00e9t nap csup\u00e1n Kaposv\u00e1r<\/a><\/span><\/p>\n<p><span style=\"font-family: Garamond Regular;font-size: 12px\"><span style=\"color: black\">2015. m\u00e1rcius 29. KaposTV &#8211;\u00a0<\/span><a href=\"http:\/\/kapos.hu\/videok\/kaposvar_kincse\/2015-03-29\/_kaposvar_kincse_magazin_iv_resz_.html\">Kaposv\u00e1r Kincse magazin IV. r\u00e9sz<\/a><\/span><\/p>\n<p><span style=\"font-family: Garamond Regular;font-size: 12px\"><span style=\"color: black\">2015. m\u00e1rcius 27.\u00a0<\/span><a href=\"https:\/\/kaposvarkincse.kaposvar.hu\/images\/Sajt%C3%B3k%C3%B6zlem%C3%A9ny_Kaposv%C3%A1r_Kincse_20150327.pdf\">Sajt\u00f3k\u00f6zlem\u00e9ny<\/a><\/span><\/p>\n<p><span style=\"font-family: Garamond Regular;font-size: 12px\"><span style=\"color: black\">2015. m\u00e1rcius 22. KaposTV &#8211;\u00a0<\/span><a href=\"http:\/\/kapos.hu\/videok\/kaposvar_kincse\/2015-03-22\/kaposvar_kincse_magazin_iii_resz_.html\">Kaposv\u00e1r Kincse magazin III. r\u00e9sz<\/a><\/span><\/p>\n<p><span style=\"font-family: Garamond Regular;font-size: 12px\"><span style=\"color: black\">2015. m\u00e1rcius 14. KaposTV &#8211;\u00a0<\/span><a href=\"http:\/\/kapos.hu\/videok\/kaposvar_kincse\/2015-03-14\/kaposvar_kincse_magazin_ii_resz.html\">Kaposv\u00e1r Kincse magazin II. r\u00e9sz<\/a><\/span><\/p>\n<p><span style=\"font-family: Garamond Regular;font-size: 12px\"><span style=\"color: black\">2015. m\u00e1rcius 12. Kaposv\u00e1rmost.hu \u2013\u00a0<\/span><a href=\"http:\/\/kaposvarmost.hu\/videok\/kaposvar-most\/2015\/03\/12\/igy-kaphatnak-kaposvar-kincse-vedjegyet-a-termekek_16133.html\">\u00cdgy kaphatnak Kaposv\u00e1r Kincse v\u00e9djegyet a term\u00e9kek<\/a><\/span><\/p>\n<p><span style=\"font-family: Garamond Regular;font-size: 12px\"><span style=\"color: black\">2015. m\u00e1rcius 12. Kapos.hu &#8211;\u00a0<\/span><a href=\"http:\/\/kapos.hu\/videok\/kapospont_hirmusor\/2015-03-12\/hirado_2015_marcius_12_csutortok.html\">H\u00edrad\u00f3 2015. m\u00e1rcius 12., cs\u00fct\u00f6rt\u00f6k<\/a><\/span><\/p>\n<p><span style=\"font-family: Garamond Regular;font-size: 12px\"><span style=\"color: black\">2015. m\u00e1rcius 10. KaposTV &#8211;\u00a0<\/span><a href=\"http:\/\/kapos.hu\/videok\/kaposvar_kincse\/2015-03-10\/kaposvar_kincse_magazin_i_resz.html\">Kaposv\u00e1r Kincse magazin I. r\u00e9sz<\/a><\/span><\/p>\n<p><span style=\"font-family: Garamond Regular;font-size: 12px\"><span style=\"color: black\">2015. m\u00e1rcius 2. Kapos.hu \u2013\u00a0<\/span><a href=\"http:\/\/kapos.hu\/hirek\/gazdasag\/2015-03-02\/ezert_nepszeru_a_kaposvar_kincse_vedjegy.html\">Ez\u00e9rt n\u00e9pszer\u0171 a Kaposv\u00e1r Kincse v\u00e9djegy<\/a><\/span><\/p>\n<p><span style=\"font-family: Garamond Regular;font-size: 12px\"><span style=\"color: black\">2015. febru\u00e1r 24. Katolikus R\u00e1di\u00f3 \u2013\u00a0<\/span><a href=\"http:\/\/www.katolikusradio.hu\/?m_id=4&amp;m_op=viewmusor&amp;id=362623&amp;ado=1&amp;adonev=bud\">Agr\u00e1r-vil\u00e1g<\/a><\/span><\/p>\n<p><span style=\"font-family: Garamond Regular;font-size: 12px\"><span style=\"color: black\">2015. febru\u00e1r 24. Kaposv\u00e1rmost.hu &#8211;\u00a0<\/span><a href=\"http:\/\/kaposvarmost.hu\/hirek\/kaposvari-hirek\/2015\/02\/24\/a-kaposvar-kincse-vedjegyet-nepszerusitettek_15865.html\">A Kaposv\u00e1r Kincse v\u00e9djegyet n\u00e9pszer\u0171s\u00edtett\u00e9k<\/a><\/span><\/p>\n<p><span style=\"font-family: Garamond Regular;font-size: 12px\"><span style=\"color: black\">2015. febru\u00e1r 17. KaposTV &#8211;\u00a0<\/span><a href=\"http:\/\/kapos.hu\/videok\/hatszemkozt\/2015-02-18\/hatszemkozt_2015_februar_17.html\">Hatszemk\u00f6zt<\/a><\/span><\/p>\n<p><span style=\"font-family: Garamond Regular;font-size: 12px\"><span style=\"color: black\">2015. febru\u00e1r 6. SonLine.hu &#8211;\u00a0<\/span><a href=\"http:\/\/www.sonline.hu\/somogy\/kozelet\/vedjegy-kaposvaron-kincs-ami-van-594238\">V\u00e9djegy: Kaposv\u00e1ron kincs, ami van<\/a><\/span><\/p>\n<p><span style=\"font-family: Garamond Regular;font-size: 12px\"><span style=\"color: black\">2015. janu\u00e1r 30. KaposTV &#8211;\u00a0<\/span><a href=\"http:\/\/kapos.hu\/videok\/kaposvar_kincse\/2015-01-30\/egyre_nepszerubb_a_helyi_termekek_boltja.html\">Egyre n\u00e9pszer\u0171bb a helyi term\u00e9kek boltja<\/a><\/span><\/p>\n<p><span style=\"font-family: Garamond Regular;font-size: 12px\"><span style=\"color: black\">2015. janu\u00e1r 30. KaposTV &#8211;\u00a0<\/span><a href=\"http:\/\/kapos.hu\/videok\/kaposvar_kincse\/2015-01-30\/folyamatosan_bovul_kaposvar_kincseinek_a_kore_.html\">Folyamatosan b\u0151v\u00fcl Kaposv\u00e1r Kincseinek a k\u00f6re<\/a><\/span><\/p>\n<p><span style=\"font-family: Garamond Regular;font-size: 12px\"><span style=\"color: black\">2015. janu\u00e1r 15.\u00a0<\/span><a href=\"https:\/\/kaposvarkincse.kaposvar.hu\/images\/Kapos_Extra-20150115-5._oldal.pdf\">Kapos Extra<\/a><\/span><\/p>\n<p><span style=\"font-family: Garamond Regular;font-size: 12px\"><span style=\"color: black\">2014. december 18.\u00a0<\/span><a href=\"https:\/\/kaposvarkincse.kaposvar.hu\/images\/Kapos_Extra-20141218-4._%C3%A9s_6._oldal.pdf\">Kapos Extra<\/a><\/span><\/p>\n<p><span style=\"font-family: Garamond Regular;font-size: 12px\"><span style=\"color: black\">2014. december 11.\u00a0<\/span><a href=\"https:\/\/kaposvarkincse.kaposvar.hu\/images\/Kapos_Extra-20141211-4-5._oldal.pdf\">Kapos Extra<\/a><\/span><\/p>\n<p><span style=\"font-family: Garamond Regular;font-size: 12px\"><span style=\"color: black\">2014. december 9. Kaposv\u00e1ri\u00fajs\u00e1g.hu &#8211;\u00a0<\/span><a href=\"http:\/\/www.kaposvariujsag.hu\/kaposvar\/hir\/helyi-hireink\/kaposvar-kincsei-a-polcokon-ujra-megnyilt-a-helyi-termekek-boltja-a-nagypiacon\">Kaposv\u00e1r kincsei a polcokon; \u00fajra megny\u00edlt a helyi term\u00e9kek boltja a Nagypiacon<\/a><\/span><\/p>\n<p><span style=\"font-family: Garamond Regular;font-size: 12px\"><span style=\"color: black\">2014. december 9. Kaposv\u00e1r H\u00edrad\u00f3 &#8211;\u00a0<\/span><a href=\"http:\/\/www.kaposvarhirado.hu\/articles\/view\/h%C3%ADrek\/min%C5%91s%C3%A9gi-%C3%A9lelmiszerek-helyi-termel%C5%91kt%C5%91l\">Min\u0151s\u00e9gi \u00e9lelmiszerek helyi termel\u0151kt\u0151l<\/a><\/span><\/p>\n<p><span style=\"font-family: Garamond Regular;font-size: 12px\"><span style=\"color: black\">2014. december 9. Kaposv\u00e1rMost.hu &#8211;\u00a0<\/span><a href=\"http:\/\/kaposvarmost.hu\/videok\/kaposvar-most\/2014\/12\/09\/megnyilt-a-kaposvar-kincse-bolt_14665.html\">Megny\u00edlt a Kaposv\u00e1r Kincse Bolt<\/a><\/span><\/p>\n<p><span style=\"font-family: Garamond Regular;font-size: 12px\"><span style=\"color: black\">2014. december 9. SonLine.hu &#8211;\u00a0<\/span><a href=\"http:\/\/www.sonline.hu\/somogy\/kozelet\/kaposvar-kincsei-helyi-termekek-a-nagypiacon-585510\">Kaposv\u00e1r Kincsei &#8211; Helyi term\u00e9kek a nagypiacon<\/a><\/span><\/p>\n<p><span style=\"font-family: Garamond Regular;font-size: 12px\"><span style=\"color: black\">2014. december 9. Kapos.hu &#8211;\u00a0<\/span><a href=\"http:\/\/kapos.hu\/hirek\/gazdasag\/2014-12-09\/mar_a_helyi_termekek_boltjaban_is_vasarolhatunk.html\">M\u00e1r a Helyi Term\u00e9kek Boltj\u00e1ban is v\u00e1s\u00e1rolhatunk<\/a><\/span><\/p>\n<p><span style=\"font-family: Garamond Regular;font-size: 12px\"><span style=\"color: black\">2014. december 4.\u00a0<\/span><a href=\"https:\/\/kaposvarkincse.kaposvar.hu\/images\/Kapos_Extra-20141204-7._oldal.pdf\">Kapos Extra<\/a><\/span><\/p>\n<p><span style=\"font-family: Garamond Regular;font-size: 12px\"><span style=\"color: black\">2014. november 27.\u00a0<\/span><a href=\"https:\/\/kaposvarkincse.kaposvar.hu\/images\/Kapos_Extra-20141127-5._oldal.pdf\">Kapos Extra<\/a><\/span><\/p>\n<p><span style=\"font-family: Garamond Regular;font-size: 12px\"><span style=\"color: black\">2014. november 26. KaposTV &#8211;\u00a0<\/span><a href=\"http:\/\/kapos.hu\/videok\/hatszemkozt\/2014-11-25\/hatszemkozt_2014_november_25.html\">Hatszemk\u00f6zt<\/a><\/span><\/p>\n<p><span style=\"font-family: Garamond Regular;font-size: 12px\"><span style=\"color: black\">2014. november 26. Kapos.hu \u2013\u00a0<\/span><a href=\"http:\/\/kapos.hu\/hirek\/gazdasag\/2014-11-26\/tolonganak_a_kaposvar_kincseert.html\">Tolonganak a Kaposv\u00e1r Kincs\u00e9\u00e9rt<\/a><\/span><\/p>\n<p><span style=\"font-family: Garamond Regular;font-size: 12px\"><span style=\"color: black\">2014. november 13.\u00a0<\/span><a href=\"https:\/\/kaposvarkincse.kaposvar.hu\/images\/Kapos_Extra-20141113-4-5._oldal.pdf\">Kapos Extra<\/a><\/span><\/p>\n<p><span style=\"font-family: Garamond Regular;font-size: 12px\"><span style=\"color: black\">2014. november 6.\u00a0<\/span><a href=\"https:\/\/kaposvarkincse.kaposvar.hu\/images\/Kapos_Extra-20141106-6._oldal.pdf\">Kapos Extra<\/a><\/span><\/p>\n<p><span style=\"font-family: Garamond Regular;font-size: 12px\"><span style=\"color: black\">2014. okt\u00f3ber 30.\u00a0<\/span><a href=\"https:\/\/kaposvarkincse.kaposvar.hu\/images\/Kapos_Extra-20141030-4._oldal.pdf\">Kapos Extra<\/a><\/span><\/p>\n<p><span style=\"font-family: Garamond Regular;font-size: 12px\"><span style=\"color: black\">2014. okt\u00f3ber 24.\u00a0<\/span><a href=\"https:\/\/kaposvarkincse.kaposvar.hu\/images\/Kapos_Extra-20141024-5._oldal.pdf\">Kapos Extra<\/a><\/span><\/p>\n<p><span style=\"font-family: Garamond Regular;font-size: 12px\"><span style=\"color: black\">2014. okt\u00f3ber 16.\u00a0<\/span><a href=\"https:\/\/kaposvarkincse.kaposvar.hu\/images\/Kapos_Extra-20141016-4._%C3%A9s_7._oldal.pdf\">Kapos Extra<\/a><\/span><\/p>\n<p><span style=\"font-family: Garamond Regular;font-size: 12px\"><span style=\"color: black\">2014. okt\u00f3ber 13. 20. 22. KaposTV &#8211;\u00a0<\/span><a href=\"http:\/\/kapos.hu\/videok\/kaposvar_kincse\/2014-10-13\/kaposvar_kincse_2014_oktober_13.html\">Kaposv\u00e1r Kincse st\u00fadi\u00f3besz\u00e9lget\u00e9s<\/a><\/span><\/p>\n<p><span style=\"font-family: Garamond Regular;font-size: 12px\"><span style=\"color: black\">2014. okt\u00f3ber 10. Kaposv\u00e1rMost.hu \u2013\u00a0<\/span><a href=\"http:\/\/kaposvarmost.hu\/videok\/kaposvar-most\/2014\/10\/10\/50-eves-a-kaposvari-nagypiac_13666.html\">50 \u00e9ves a Kaposv\u00e1ri Nagypiac<\/a><\/span><\/p>\n<p><span style=\"font-family: Garamond Regular;font-size: 12px\"><span style=\"color: black\">2014. okt\u00f3ber 10. Kapos.hu \u2013\u00a0<\/span><a href=\"http:\/\/kapos.hu\/hirek\/gazdasag\/2014-10-10\/50_eves_a_kaposvari_nagypiac.html\">50 \u00e9ves a kaposv\u00e1ri nagypiac<\/a><\/span><\/p>\n<p><span style=\"font-family: Garamond Regular;font-size: 12px\"><span style=\"color: black\">2014. okt\u00f3ber 9.\u00a0<\/span><a href=\"https:\/\/kaposvarkincse.kaposvar.hu\/images\/Kapos_Extra-20141009-c%C3%ADmlap4._oldal_2.pdf\">Kapos Extra<\/a><\/span><\/p>\n<p><span style=\"font-family: Garamond Regular;font-size: 12px\"><span style=\"color: black\">2014. okt\u00f3ber 2.\u00a0<\/span><a href=\"https:\/\/kaposvarkincse.kaposvar.hu\/images\/Kapos_Extra-20141002-4.7._8._oldal_2.pdf\">Kapos Extra<\/a><\/span><\/p>\n<p><span style=\"font-family: Garamond Regular;font-size: 12px\"><span style=\"color: black\">2014. szeptember 25.\u00a0<\/span><a href=\"https:\/\/kaposvarkincse.kaposvar.hu\/images\/Kapos_Extra-20140925-6._oldal.pdf\">Kapos Extra<\/a><\/span><\/p>\n<p><span style=\"font-family: Garamond Regular;font-size: 12px\"><span style=\"color: black\">2014. augusztus 28.\u00a0<\/span><a href=\"https:\/\/kaposvarkincse.kaposvar.hu\/images\/Kapos_Extra-20140828-8._oldal.pdf\">Kapos Extra<\/a><\/span><\/p>\n<p><span style=\"font-family: Garamond Regular;font-size: 12px\"><span style=\"color: black\">2014. augusztus 23. Kapos.hu \u2013\u00a0<\/span><a href=\"http:\/\/kapos.hu\/hirek\/gazdasag\/2013-08-23\/keszul_a_kaposvar_vedjegy.html\">K\u00e9sz\u00fcl a Kaposv\u00e1r V\u00e9djegy<\/a><\/span><\/p>\n<p><span style=\"font-family: Garamond Regular;font-size: 12px\"><span style=\"color: black\">2014. augusztus 21.\u00a0<\/span><a href=\"https:\/\/kaposvarkincse.kaposvar.hu\/images\/Kapos_Extra-20140821-8._oldal.pdf\">Kapos Extra<\/a><\/span><\/p>\n<p><span style=\"font-family: Garamond Regular;font-size: 12px\"><span style=\"color: black\">2014. augusztus 14.\u00a0<\/span><a href=\"https:\/\/kaposvarkincse.kaposvar.hu\/images\/Kapos_Extra-20140814-8._oldal.pdf\">Kapos Extra<\/a><\/span><\/p>\n<p><span style=\"font-family: Garamond Regular;font-size: 12px\"><span style=\"color: black\">2014. j\u00falius 31.\u00a0<\/span><a href=\"https:\/\/kaposvarkincse.kaposvar.hu\/images\/Kapos_Extra-20140731-8._oldal.pdf\">Kapos Extra<\/a><\/span><\/p>\n<p><span style=\"font-family: Garamond Regular;font-size: 12px\"><span style=\"color: black\">2014. j\u00fanius 26.\u00a0<\/span><a href=\"https:\/\/kaposvarkincse.kaposvar.hu\/images\/Kapos_Extra-20140626-7._oldal.pdf\">Kapos Extra<\/a><\/span><\/p>\n<p><span style=\"font-family: Garamond Regular;font-size: 12px\"><span style=\"color: black\">2014. j\u00fanius 19.\u00a0<\/span><a href=\"https:\/\/kaposvarkincse.kaposvar.hu\/images\/Kapos_Extra-20140619-8._%C3%A9s_10._oldal.pdf\">Kapos Extra<\/a><\/span><\/p>\n<p><span style=\"font-family: Garamond Regular;font-size: 12px\"><span style=\"color: black\">2014. j\u00fanius 12. Kapos.hu \u2013\u00a0<\/span><a href=\"http:\/\/kapos.hu\/hirek\/gazdasag\/2014-06-12\/ilyen_lesz_kaposvar_kincse.html\">Ilyen lesz Kaposv\u00e1r Kincse<\/a><\/span><\/p>\n<p><span style=\"font-family: Garamond Regular;font-size: 12px\"><span style=\"color: black\">2014. j\u00fanius 5.\u00a0<\/span><a href=\"https:\/\/kaposvarkincse.kaposvar.hu\/images\/Kapos_Extra-20140605-2._%C3%A9s_6._oldal.pdf\">Kapos Extra<\/a><\/span><\/p>\n<p><span style=\"font-family: Garamond Regular;font-size: 12px\"><span style=\"color: black\">2014. m\u00e1jus 30. Kapos.hu \u2013\u00a0<\/span><a href=\"http:\/\/kapos.hu\/hirek\/gazdasag\/2014-05-30\/elonyben_a_hazai_tej.html\">El\u0151nyben a hazai tej<\/a><\/span><\/p>\n<p><span style=\"font-family: Garamond Regular;font-size: 12px\"><span style=\"color: black\">2014. m\u00e1jus 30. Kapos.hu &#8211;\u00a0<\/span><a href=\"http:\/\/kapos.hu\/hirek\/gazdasag\/2014-05-30\/szantofoldtol_az_asztalig_ellenorzik_a_minoseget.html\">Sz\u00e1nt\u00f3f\u00f6ldt\u0151l az asztalig ellen\u0151rzik a min\u0151s\u00e9get<\/a><\/span><\/p>\n<p><span style=\"font-family: Garamond Regular;font-size: 12px\"><span style=\"color: black\">2014. m\u00e1jus 29.\u00a0<\/span><a href=\"https:\/\/kaposvarkincse.kaposvar.hu\/images\/Kapos_extra-20140529-6._%C3%A9s_12._oldal_2.pdf\">Kapos Extra<\/a><\/span><\/p>\n<p><span style=\"font-family: Garamond Regular;font-size: 12px\"><span style=\"color: black\">2014. m\u00e1jus 22.\u00a0<\/span><a href=\"https:\/\/kaposvarkincse.kaposvar.hu\/images\/Kapos_Extra-20140522-6._oldal.pdf\">Kapos Extra<\/a><\/span><\/p>\n<p><span style=\"font-family: Garamond Regular;font-size: 12px\"><span style=\"color: black\">2014. m\u00e1jus 15.\u00a0<\/span><a href=\"https:\/\/kaposvarkincse.kaposvar.hu\/images\/Kapos_Extra-20140515-4._oldal.pdf\">Kapos Extra<\/a><\/span><\/p>\n<p><span style=\"font-family: Garamond Regular;font-size: 12px\"><span style=\"color: black\">2014. \u00e1prilis 16. Kapos.hu \u2013\u00a0<\/span><a href=\"http:\/\/kapos.hu\/hirek\/gazdasag\/2014-04-16\/hamarosan_a_polcokon_kaposvar_kincse.html\">Hamarosan a polcokon Kaposv\u00e1r Kincse<\/a><\/span><\/p>\n<p><\/p>","protected":false},"excerpt":{"rendered":"<p>2016. m\u00e1jus 7. TelePaks TV &#8211;\u00a0Ism\u00e9t kinyitott a Sp\u00e1jz a Szent Istv\u00e1n t\u00e9ren 2016. \u00e1prilis 27. KaposTV &#8211;\u00a0H\u00edrad\u00f3 2016. \u00e1prilis 27., szerda (03:43-t\u00f3l) 2016. \u00e1prilis 27. Kapos.hu &#8211;\u00a0Kincsek az \u00e9ttermekben 2016. \u00e1prilis 27. SomogyTV &#8211;\u00a0H\u00edrad\u00f3 2016. \u00e1prilis 27., szerda (05:16-t\u00f3l) 2016. \u00e1prilis 27. SomogyTV &#8211;\u00a0Helyi termel\u0151kkel a turizmus\u00e9rt 2016. \u00e1prilis 27. Sonline &#8211;\u00a0Egy turist\u00e1nak egy-k\u00e9t [&hellip;]<\/p>\n","protected":false},"author":13,"featured_media":0,"parent":3448,"menu_order":8,"comment_status":"closed","ping_status":"closed","template":"","meta":[],"acf":[],"yoast_head":"<!-- This site is optimized with the Yoast SEO plugin v19.8 - https:\/\/yoast.com\/wordpress\/plugins\/seo\/ -->\n<title>Sajt\u00f3 - Kaposv\u00e1r Megyei Jog\u00fa V\u00e1ros<\/title>\n<meta name=\"robots\" content=\"index, follow, max-snippet:-1, max-image-preview:large, max-video-preview:-1\" \/>\n<link rel=\"canonical\" href=\"https:\/\/otthon.kaposvar.hu\/hu\/kaposvar-kincse\/sajto\/\" \/>\n<meta property=\"og:locale\" content=\"hu_HU\" \/>\n<meta property=\"og:type\" content=\"article\" \/>\n<meta property=\"og:title\" content=\"Sajt\u00f3 - Kaposv\u00e1r Megyei Jog\u00fa V\u00e1ros\" \/>\n<meta property=\"og:description\" content=\"2016. m\u00e1jus 7. TelePaks TV &#8211;\u00a0Ism\u00e9t kinyitott a Sp\u00e1jz a Szent Istv\u00e1n t\u00e9ren 2016. \u00e1prilis 27. KaposTV &#8211;\u00a0H\u00edrad\u00f3 2016. \u00e1prilis 27., szerda (03:43-t\u00f3l) 2016. \u00e1prilis 27. Kapos.hu &#8211;\u00a0Kincsek az \u00e9ttermekben 2016. \u00e1prilis 27. SomogyTV &#8211;\u00a0H\u00edrad\u00f3 2016. \u00e1prilis 27., szerda (05:16-t\u00f3l) 2016. \u00e1prilis 27. SomogyTV &#8211;\u00a0Helyi termel\u0151kkel a turizmus\u00e9rt 2016. \u00e1prilis 27. Sonline &#8211;\u00a0Egy turist\u00e1nak egy-k\u00e9t [&hellip;]\" \/>\n<meta property=\"og:url\" content=\"https:\/\/otthon.kaposvar.hu\/hu\/kaposvar-kincse\/sajto\/\" \/>\n<meta property=\"og:site_name\" content=\"Kaposv\u00e1r Megyei Jog\u00fa V\u00e1ros\" \/>\n<meta property=\"article:publisher\" content=\"https:\/\/www.facebook.com\/cityofkaposvar\/\" \/>\n<meta property=\"article:modified_time\" content=\"2018-09-04T15:03:21+00:00\" \/>\n<meta property=\"og:image\" content=\"https:\/\/otthon.kaposvar.hu\/wp-content\/uploads\/2021\/10\/kaposvar_social.jpg\" \/>\n\t<meta property=\"og:image:width\" content=\"1200\" \/>\n\t<meta property=\"og:image:height\" content=\"900\" \/>\n\t<meta property=\"og:image:type\" content=\"image\/jpeg\" \/>\n<meta name=\"twitter:card\" content=\"summary_large_image\" \/>\n<meta name=\"twitter:label1\" content=\"Becs\u00fclt olvas\u00e1si id\u0151\" \/>\n\t<meta name=\"twitter:data1\" content=\"2 perc\" \/>\n<script type=\"application\/ld+json\" class=\"yoast-schema-graph\">{\"@context\":\"https:\/\/schema.org\",\"@graph\":[{\"@type\":\"WebPage\",\"@id\":\"https:\/\/otthon.kaposvar.hu\/hu\/kaposvar-kincse\/sajto\/\",\"url\":\"https:\/\/otthon.kaposvar.hu\/hu\/kaposvar-kincse\/sajto\/\",\"name\":\"Sajt\u00f3 - Kaposv\u00e1r Megyei Jog\u00fa V\u00e1ros\",\"isPartOf\":{\"@id\":\"https:\/\/otthon.kaposvar.hu\/hu\/#website\"},\"datePublished\":\"2018-08-28T19:38:46+00:00\",\"dateModified\":\"2018-09-04T15:03:21+00:00\",\"breadcrumb\":{\"@id\":\"https:\/\/otthon.kaposvar.hu\/hu\/kaposvar-kincse\/sajto\/#breadcrumb\"},\"inLanguage\":\"hu\",\"potentialAction\":[{\"@type\":\"ReadAction\",\"target\":[[\"https:\/\/otthon.kaposvar.hu\/hu\/kaposvar-kincse\/sajto\/\"]]}]},{\"@type\":\"BreadcrumbList\",\"@id\":\"https:\/\/otthon.kaposvar.hu\/hu\/kaposvar-kincse\/sajto\/#breadcrumb\",\"itemListElement\":[{\"@type\":\"ListItem\",\"position\":1,\"name\":\"Home\",\"item\":\"https:\/\/otthon.kaposvar.hu\/hu\/\"},{\"@type\":\"ListItem\",\"position\":2,\"name\":\"Kaposv\u00e1r Kincse\",\"item\":\"https:\/\/otthon.kaposvar.hu\/hu\/kaposvar-kincse\/\"},{\"@type\":\"ListItem\",\"position\":3,\"name\":\"Sajt\u00f3\"}]},{\"@type\":\"WebSite\",\"@id\":\"https:\/\/otthon.kaposvar.hu\/hu\/#website\",\"url\":\"https:\/\/otthon.kaposvar.hu\/hu\/\",\"name\":\"Kaposv\u00e1r Megyei Jog\u00fa V\u00e1ros\",\"description\":\"\",\"publisher\":{\"@id\":\"https:\/\/otthon.kaposvar.hu\/hu\/#organization\"},\"potentialAction\":[{\"@type\":\"SearchAction\",\"target\":{\"@type\":\"EntryPoint\",\"urlTemplate\":\"https:\/\/otthon.kaposvar.hu\/hu\/?s={search_term_string}\"},\"query-input\":\"required name=search_term_string\"}],\"inLanguage\":\"hu\"},{\"@type\":\"Organization\",\"@id\":\"https:\/\/otthon.kaposvar.hu\/hu\/#organization\",\"name\":\"Kaposv\u00e1r Megyei Jog\u00fa V\u00e1ros\",\"url\":\"https:\/\/otthon.kaposvar.hu\/hu\/\",\"sameAs\":[\"https:\/\/www.instagram.com\/cityofkaposvar\/\",\"https:\/\/www.facebook.com\/cityofkaposvar\/\"],\"logo\":{\"@type\":\"ImageObject\",\"inLanguage\":\"hu\",\"@id\":\"https:\/\/otthon.kaposvar.hu\/hu\/#\/schema\/logo\/image\/\",\"url\":\"https:\/\/otthon.kaposvar.hu\/wp-content\/uploads\/2021\/10\/kaposvar_social.jpg\",\"contentUrl\":\"https:\/\/otthon.kaposvar.hu\/wp-content\/uploads\/2021\/10\/kaposvar_social.jpg\",\"width\":1200,\"height\":900,\"caption\":\"Kaposv\u00e1r Megyei Jog\u00fa V\u00e1ros\"},\"image\":{\"@id\":\"https:\/\/otthon.kaposvar.hu\/hu\/#\/schema\/logo\/image\/\"}}]}<\/script>\n<!-- \/ Yoast SEO plugin. -->","yoast_head_json":{"title":"Sajt\u00f3 - Kaposv\u00e1r Megyei Jog\u00fa V\u00e1ros","robots":{"index":"index","follow":"follow","max-snippet":"max-snippet:-1","max-image-preview":"max-image-preview:large","max-video-preview":"max-video-preview:-1"},"canonical":"https:\/\/otthon.kaposvar.hu\/hu\/kaposvar-kincse\/sajto\/","og_locale":"hu_HU","og_type":"article","og_title":"Sajt\u00f3 - Kaposv\u00e1r Megyei Jog\u00fa V\u00e1ros","og_description":"2016. m\u00e1jus 7. TelePaks TV &#8211;\u00a0Ism\u00e9t kinyitott a Sp\u00e1jz a Szent Istv\u00e1n t\u00e9ren 2016. \u00e1prilis 27. KaposTV &#8211;\u00a0H\u00edrad\u00f3 2016. \u00e1prilis 27., szerda (03:43-t\u00f3l) 2016. \u00e1prilis 27. Kapos.hu &#8211;\u00a0Kincsek az \u00e9ttermekben 2016. \u00e1prilis 27. SomogyTV &#8211;\u00a0H\u00edrad\u00f3 2016. \u00e1prilis 27., szerda (05:16-t\u00f3l) 2016. \u00e1prilis 27. SomogyTV &#8211;\u00a0Helyi termel\u0151kkel a turizmus\u00e9rt 2016. \u00e1prilis 27. Sonline &#8211;\u00a0Egy turist\u00e1nak egy-k\u00e9t [&hellip;]","og_url":"https:\/\/otthon.kaposvar.hu\/hu\/kaposvar-kincse\/sajto\/","og_site_name":"Kaposv\u00e1r Megyei Jog\u00fa V\u00e1ros","article_publisher":"https:\/\/www.facebook.com\/cityofkaposvar\/","article_modified_time":"2018-09-04T15:03:21+00:00","og_image":[{"width":1200,"height":900,"url":"https:\/\/otthon.kaposvar.hu\/wp-content\/uploads\/2021\/10\/kaposvar_social.jpg","type":"image\/jpeg"}],"twitter_card":"summary_large_image","twitter_misc":{"Becs\u00fclt olvas\u00e1si id\u0151":"2 perc"},"schema":{"@context":"https:\/\/schema.org","@graph":[{"@type":"WebPage","@id":"https:\/\/otthon.kaposvar.hu\/hu\/kaposvar-kincse\/sajto\/","url":"https:\/\/otthon.kaposvar.hu\/hu\/kaposvar-kincse\/sajto\/","name":"Sajt\u00f3 - Kaposv\u00e1r Megyei Jog\u00fa V\u00e1ros","isPartOf":{"@id":"https:\/\/otthon.kaposvar.hu\/hu\/#website"},"datePublished":"2018-08-28T19:38:46+00:00","dateModified":"2018-09-04T15:03:21+00:00","breadcrumb":{"@id":"https:\/\/otthon.kaposvar.hu\/hu\/kaposvar-kincse\/sajto\/#breadcrumb"},"inLanguage":"hu","potentialAction":[{"@type":"ReadAction","target":[["https:\/\/otthon.kaposvar.hu\/hu\/kaposvar-kincse\/sajto\/"]]}]},{"@type":"BreadcrumbList","@id":"https:\/\/otthon.kaposvar.hu\/hu\/kaposvar-kincse\/sajto\/#breadcrumb","itemListElement":[{"@type":"ListItem","position":1,"name":"Home","item":"https:\/\/otthon.kaposvar.hu\/hu\/"},{"@type":"ListItem","position":2,"name":"Kaposv\u00e1r Kincse","item":"https:\/\/otthon.kaposvar.hu\/hu\/kaposvar-kincse\/"},{"@type":"ListItem","position":3,"name":"Sajt\u00f3"}]},{"@type":"WebSite","@id":"https:\/\/otthon.kaposvar.hu\/hu\/#website","url":"https:\/\/otthon.kaposvar.hu\/hu\/","name":"Kaposv\u00e1r Megyei Jog\u00fa V\u00e1ros","description":"","publisher":{"@id":"https:\/\/otthon.kaposvar.hu\/hu\/#organization"},"potentialAction":[{"@type":"SearchAction","target":{"@type":"EntryPoint","urlTemplate":"https:\/\/otthon.kaposvar.hu\/hu\/?s={search_term_string}"},"query-input":"required name=search_term_string"}],"inLanguage":"hu"},{"@type":"Organization","@id":"https:\/\/otthon.kaposvar.hu\/hu\/#organization","name":"Kaposv\u00e1r Megyei Jog\u00fa V\u00e1ros","url":"https:\/\/otthon.kaposvar.hu\/hu\/","sameAs":["https:\/\/www.instagram.com\/cityofkaposvar\/","https:\/\/www.facebook.com\/cityofkaposvar\/"],"logo":{"@type":"ImageObject","inLanguage":"hu","@id":"https:\/\/otthon.kaposvar.hu\/hu\/#\/schema\/logo\/image\/","url":"https:\/\/otthon.kaposvar.hu\/wp-content\/uploads\/2021\/10\/kaposvar_social.jpg","contentUrl":"https:\/\/otthon.kaposvar.hu\/wp-content\/uploads\/2021\/10\/kaposvar_social.jpg","width":1200,"height":900,"caption":"Kaposv\u00e1r Megyei Jog\u00fa V\u00e1ros"},"image":{"@id":"https:\/\/otthon.kaposvar.hu\/hu\/#\/schema\/logo\/image\/"}}]}},"_links":{"self":[{"href":"https:\/\/otthon.kaposvar.hu\/hu\/wp-json\/wp\/v2\/pages\/3455"}],"collection":[{"href":"https:\/\/otthon.kaposvar.hu\/hu\/wp-json\/wp\/v2\/pages"}],"about":[{"href":"https:\/\/otthon.kaposvar.hu\/hu\/wp-json\/wp\/v2\/types\/page"}],"author":[{"embeddable":true,"href":"https:\/\/otthon.kaposvar.hu\/hu\/wp-json\/wp\/v2\/users\/13"}],"replies":[{"embeddable":true,"href":"https:\/\/otthon.kaposvar.hu\/hu\/wp-json\/wp\/v2\/comments?post=3455"}],"version-history":[{"count":0,"href":"https:\/\/otthon.kaposvar.hu\/hu\/wp-json\/wp\/v2\/pages\/3455\/revisions"}],"up":[{"embeddable":true,"href":"https:\/\/otthon.kaposvar.hu\/hu\/wp-json\/wp\/v2\/pages\/3448"}],"wp:attachment":[{"href":"https:\/\/otthon.kaposvar.hu\/hu\/wp-json\/wp\/v2\/media?parent=3455"}],"curies":[{"name":"wp","href":"https:\/\/api.w.org\/{rel}","templated":true}]}}