{"id":3448,"date":"2018-08-28T20:04:41","date_gmt":"2018-08-28T19:04:41","guid":{"rendered":"https:\/\/otthon.kaposvar.hu\/?page_id=3448"},"modified":"2018-09-04T16:24:50","modified_gmt":"2018-09-04T15:24:50","slug":"kaposvar-kincse","status":"publish","type":"page","link":"https:\/\/otthon.kaposvar.hu\/hu\/kaposvar-kincse\/","title":{"rendered":"Kaposv\u00e1r Kincse"},"content":{"rendered":"<p><\/p>\n<p>\u00dcdv\u00f6z\u00f6lj\u00fck Kaposv\u00e1r, a helyi term\u00e9kek n\u00e9pszer\u0171s\u00edt\u00e9s\u00e9hez kapcsol\u00f3d\u00f3 \u201eHelyi term\u00e9kv\u00e9djegy \u00e9s helyi term\u00e9kek boltj\u00e1nak kialak\u00edt\u00e1sa Kaposv\u00e1ron&#8221; c\u00edm\u0171 p\u00e1ly\u00e1zat\u00e1nak honlapj\u00e1n!<\/p>\n<p>A Kaposv\u00e1r Kincse v\u00e9djegy a t\u00e9rs\u00e9gben megtermelt \u00e9s el\u0151\u00e1ll\u00edtott term\u00e9keket jel\u00f6li, amelyek megv\u00e1s\u00e1rl\u00e1s\u00e1val \u00d6n is hozz\u00e1j\u00e1rul a t\u00e9rs\u00e9g fejl\u0151d\u00e9s\u00e9hez. Oldalunkon v\u00e1laszt tal\u00e1l a projekt elemeivel, a v\u00e9djegy ig\u00e9nyl\u00e9s\u00e9vel kapcsolatos k\u00e9rd\u00e9seire.<\/p>\n<p><a href=\"https:\/\/otthon.kaposvar.hu\/hu\/kaposvar-kincse\/helyi-termekek-nepszerusitesehez-kapcsolodo-kommunikacios-es-piackutatasi-feladatok-elvegzese\/\" target=\"_blank\" rel=\"noopener\">Helyi Term\u00e9kek n\u00e9pszer\u0171s\u00edt\u00e9s\u00e9hez kapcsol\u00f3d\u00f3 kommunik\u00e1ci\u00f3s \u00e9s piackutat\u00e1si feladatok elv\u00e9gz\u00e9se<\/a><\/p>\n<div class=\"kv-page-margin-05\">\u00a0<\/div>\n<p>\n<img loading=\"lazy\" class=\"alignnone wp-image-3488\" src=\"https:\/\/otthon.kaposvar.hu\/wp-content\/uploads\/2018\/09\/KK-logo-web-2-1024x516.jpg\" alt=\"\" width=\"298\" height=\"150\" srcset=\"https:\/\/otthon.kaposvar.hu\/wp-content\/uploads\/2018\/09\/KK-logo-web-2-1024x516.jpg 1024w, https:\/\/otthon.kaposvar.hu\/wp-content\/uploads\/2018\/09\/KK-logo-web-2-300x151.jpg 300w, https:\/\/otthon.kaposvar.hu\/wp-content\/uploads\/2018\/09\/KK-logo-web-2-768x387.jpg 768w, https:\/\/otthon.kaposvar.hu\/wp-content\/uploads\/2018\/09\/KK-logo-web-2-1920x967.jpg 1920w\" sizes=\"(max-width: 298px) 100vw, 298px\" \/><img loading=\"lazy\" class=\"alignright wp-image-3485 size-full\" src=\"https:\/\/otthon.kaposvar.hu\/wp-content\/uploads\/2018\/09\/infoblokk.jpg\" alt=\"\" width=\"260\" height=\"180\" \/><\/p>\n<div class=\"kv-page-margin-15\">\u00a0<\/div>\n<p><\/p>","protected":false},"excerpt":{"rendered":"<p>\u00dcdv\u00f6z\u00f6lj\u00fck Kaposv\u00e1r, a helyi term\u00e9kek n\u00e9pszer\u0171s\u00edt\u00e9s\u00e9hez kapcsol\u00f3d\u00f3 \u201eHelyi term\u00e9kv\u00e9djegy \u00e9s helyi term\u00e9kek boltj\u00e1nak kialak\u00edt\u00e1sa Kaposv\u00e1ron&#8221; c\u00edm\u0171 p\u00e1ly\u00e1zat\u00e1nak honlapj\u00e1n! A Kaposv\u00e1r Kincse v\u00e9djegy a t\u00e9rs\u00e9gben megtermelt \u00e9s el\u0151\u00e1ll\u00edtott term\u00e9keket jel\u00f6li, amelyek megv\u00e1s\u00e1rl\u00e1s\u00e1val \u00d6n is hozz\u00e1j\u00e1rul a t\u00e9rs\u00e9g fejl\u0151d\u00e9s\u00e9hez. Oldalunkon v\u00e1laszt tal\u00e1l a projekt elemeivel, a v\u00e9djegy ig\u00e9nyl\u00e9s\u00e9vel kapcsolatos k\u00e9rd\u00e9seire. Helyi Term\u00e9kek n\u00e9pszer\u0171s\u00edt\u00e9s\u00e9hez kapcsol\u00f3d\u00f3 kommunik\u00e1ci\u00f3s \u00e9s piackutat\u00e1si [&hellip;]<\/p>\n","protected":false},"author":13,"featured_media":3452,"parent":0,"menu_order":0,"comment_status":"closed","ping_status":"closed","template":"","meta":[],"acf":[],"yoast_head":"<!-- This site is optimized with the Yoast SEO plugin v19.8 - https:\/\/yoast.com\/wordpress\/plugins\/seo\/ -->\n<title>Kaposv\u00e1r Kincse - Kaposv\u00e1r Megyei Jog\u00fa V\u00e1ros<\/title>\n<meta name=\"robots\" content=\"index, follow, max-snippet:-1, max-image-preview:large, max-video-preview:-1\" \/>\n<link rel=\"canonical\" href=\"https:\/\/otthon.kaposvar.hu\/hu\/kaposvar-kincse\/\" \/>\n<meta property=\"og:locale\" content=\"hu_HU\" \/>\n<meta property=\"og:type\" content=\"article\" \/>\n<meta property=\"og:title\" content=\"Kaposv\u00e1r Kincse - Kaposv\u00e1r Megyei Jog\u00fa V\u00e1ros\" \/>\n<meta property=\"og:description\" content=\"\u00dcdv\u00f6z\u00f6lj\u00fck Kaposv\u00e1r, a helyi term\u00e9kek n\u00e9pszer\u0171s\u00edt\u00e9s\u00e9hez kapcsol\u00f3d\u00f3 \u201eHelyi term\u00e9kv\u00e9djegy \u00e9s helyi term\u00e9kek boltj\u00e1nak kialak\u00edt\u00e1sa Kaposv\u00e1ron&#8221; c\u00edm\u0171 p\u00e1ly\u00e1zat\u00e1nak honlapj\u00e1n! A Kaposv\u00e1r Kincse v\u00e9djegy a t\u00e9rs\u00e9gben megtermelt \u00e9s el\u0151\u00e1ll\u00edtott term\u00e9keket jel\u00f6li, amelyek megv\u00e1s\u00e1rl\u00e1s\u00e1val \u00d6n is hozz\u00e1j\u00e1rul a t\u00e9rs\u00e9g fejl\u0151d\u00e9s\u00e9hez. Oldalunkon v\u00e1laszt tal\u00e1l a projekt elemeivel, a v\u00e9djegy ig\u00e9nyl\u00e9s\u00e9vel kapcsolatos k\u00e9rd\u00e9seire. Helyi Term\u00e9kek n\u00e9pszer\u0171s\u00edt\u00e9s\u00e9hez kapcsol\u00f3d\u00f3 kommunik\u00e1ci\u00f3s \u00e9s piackutat\u00e1si [&hellip;]\" \/>\n<meta property=\"og:url\" content=\"https:\/\/otthon.kaposvar.hu\/hu\/kaposvar-kincse\/\" \/>\n<meta property=\"og:site_name\" content=\"Kaposv\u00e1r Megyei Jog\u00fa V\u00e1ros\" \/>\n<meta property=\"article:publisher\" content=\"https:\/\/www.facebook.com\/cityofkaposvar\/\" \/>\n<meta property=\"article:modified_time\" content=\"2018-09-04T15:24:50+00:00\" \/>\n<meta property=\"og:image\" content=\"https:\/\/otthon.kaposvar.hu\/wp-content\/uploads\/2018\/08\/DSC6497.jpg\" \/>\n\t<meta property=\"og:image:width\" content=\"5238\" \/>\n\t<meta property=\"og:image:height\" content=\"2211\" \/>\n\t<meta property=\"og:image:type\" content=\"image\/jpeg\" \/>\n<meta name=\"twitter:card\" content=\"summary_large_image\" \/>\n<meta name=\"twitter:label1\" content=\"Becs\u00fclt olvas\u00e1si id\u0151\" \/>\n\t<meta name=\"twitter:data1\" content=\"1 perc\" \/>\n<script type=\"application\/ld+json\" class=\"yoast-schema-graph\">{\"@context\":\"https:\/\/schema.org\",\"@graph\":[{\"@type\":\"WebPage\",\"@id\":\"https:\/\/otthon.kaposvar.hu\/hu\/kaposvar-kincse\/\",\"url\":\"https:\/\/otthon.kaposvar.hu\/hu\/kaposvar-kincse\/\",\"name\":\"Kaposv\u00e1r Kincse - Kaposv\u00e1r Megyei Jog\u00fa V\u00e1ros\",\"isPartOf\":{\"@id\":\"https:\/\/otthon.kaposvar.hu\/hu\/#website\"},\"datePublished\":\"2018-08-28T19:04:41+00:00\",\"dateModified\":\"2018-09-04T15:24:50+00:00\",\"breadcrumb\":{\"@id\":\"https:\/\/otthon.kaposvar.hu\/hu\/kaposvar-kincse\/#breadcrumb\"},\"inLanguage\":\"hu\",\"potentialAction\":[{\"@type\":\"ReadAction\",\"target\":[[\"https:\/\/otthon.kaposvar.hu\/hu\/kaposvar-kincse\/\"]]}]},{\"@type\":\"BreadcrumbList\",\"@id\":\"https:\/\/otthon.kaposvar.hu\/hu\/kaposvar-kincse\/#breadcrumb\",\"itemListElement\":[{\"@type\":\"ListItem\",\"position\":1,\"name\":\"Home\",\"item\":\"https:\/\/otthon.kaposvar.hu\/hu\/\"},{\"@type\":\"ListItem\",\"position\":2,\"name\":\"Kaposv\u00e1r Kincse\"}]},{\"@type\":\"WebSite\",\"@id\":\"https:\/\/otthon.kaposvar.hu\/hu\/#website\",\"url\":\"https:\/\/otthon.kaposvar.hu\/hu\/\",\"name\":\"Kaposv\u00e1r Megyei Jog\u00fa V\u00e1ros\",\"description\":\"\",\"publisher\":{\"@id\":\"https:\/\/otthon.kaposvar.hu\/hu\/#organization\"},\"potentialAction\":[{\"@type\":\"SearchAction\",\"target\":{\"@type\":\"EntryPoint\",\"urlTemplate\":\"https:\/\/otthon.kaposvar.hu\/hu\/?s={search_term_string}\"},\"query-input\":\"required name=search_term_string\"}],\"inLanguage\":\"hu\"},{\"@type\":\"Organization\",\"@id\":\"https:\/\/otthon.kaposvar.hu\/hu\/#organization\",\"name\":\"Kaposv\u00e1r Megyei Jog\u00fa V\u00e1ros\",\"url\":\"https:\/\/otthon.kaposvar.hu\/hu\/\",\"sameAs\":[\"https:\/\/www.instagram.com\/cityofkaposvar\/\",\"https:\/\/www.facebook.com\/cityofkaposvar\/\"],\"logo\":{\"@type\":\"ImageObject\",\"inLanguage\":\"hu\",\"@id\":\"https:\/\/otthon.kaposvar.hu\/hu\/#\/schema\/logo\/image\/\",\"url\":\"https:\/\/otthon.kaposvar.hu\/wp-content\/uploads\/2021\/10\/kaposvar_social.jpg\",\"contentUrl\":\"https:\/\/otthon.kaposvar.hu\/wp-content\/uploads\/2021\/10\/kaposvar_social.jpg\",\"width\":1200,\"height\":900,\"caption\":\"Kaposv\u00e1r Megyei Jog\u00fa V\u00e1ros\"},\"image\":{\"@id\":\"https:\/\/otthon.kaposvar.hu\/hu\/#\/schema\/logo\/image\/\"}}]}<\/script>\n<!-- \/ Yoast SEO plugin. -->","yoast_head_json":{"title":"Kaposv\u00e1r Kincse - Kaposv\u00e1r Megyei Jog\u00fa V\u00e1ros","robots":{"index":"index","follow":"follow","max-snippet":"max-snippet:-1","max-image-preview":"max-image-preview:large","max-video-preview":"max-video-preview:-1"},"canonical":"https:\/\/otthon.kaposvar.hu\/hu\/kaposvar-kincse\/","og_locale":"hu_HU","og_type":"article","og_title":"Kaposv\u00e1r Kincse - Kaposv\u00e1r Megyei Jog\u00fa V\u00e1ros","og_description":"\u00dcdv\u00f6z\u00f6lj\u00fck Kaposv\u00e1r, a helyi term\u00e9kek n\u00e9pszer\u0171s\u00edt\u00e9s\u00e9hez kapcsol\u00f3d\u00f3 \u201eHelyi term\u00e9kv\u00e9djegy \u00e9s helyi term\u00e9kek boltj\u00e1nak kialak\u00edt\u00e1sa Kaposv\u00e1ron&#8221; c\u00edm\u0171 p\u00e1ly\u00e1zat\u00e1nak honlapj\u00e1n! A Kaposv\u00e1r Kincse v\u00e9djegy a t\u00e9rs\u00e9gben megtermelt \u00e9s el\u0151\u00e1ll\u00edtott term\u00e9keket jel\u00f6li, amelyek megv\u00e1s\u00e1rl\u00e1s\u00e1val \u00d6n is hozz\u00e1j\u00e1rul a t\u00e9rs\u00e9g fejl\u0151d\u00e9s\u00e9hez. Oldalunkon v\u00e1laszt tal\u00e1l a projekt elemeivel, a v\u00e9djegy ig\u00e9nyl\u00e9s\u00e9vel kapcsolatos k\u00e9rd\u00e9seire. Helyi Term\u00e9kek n\u00e9pszer\u0171s\u00edt\u00e9s\u00e9hez kapcsol\u00f3d\u00f3 kommunik\u00e1ci\u00f3s \u00e9s piackutat\u00e1si [&hellip;]","og_url":"https:\/\/otthon.kaposvar.hu\/hu\/kaposvar-kincse\/","og_site_name":"Kaposv\u00e1r Megyei Jog\u00fa V\u00e1ros","article_publisher":"https:\/\/www.facebook.com\/cityofkaposvar\/","article_modified_time":"2018-09-04T15:24:50+00:00","og_image":[{"width":5238,"height":2211,"url":"https:\/\/otthon.kaposvar.hu\/wp-content\/uploads\/2018\/08\/DSC6497.jpg","type":"image\/jpeg"}],"twitter_card":"summary_large_image","twitter_misc":{"Becs\u00fclt olvas\u00e1si id\u0151":"1 perc"},"schema":{"@context":"https:\/\/schema.org","@graph":[{"@type":"WebPage","@id":"https:\/\/otthon.kaposvar.hu\/hu\/kaposvar-kincse\/","url":"https:\/\/otthon.kaposvar.hu\/hu\/kaposvar-kincse\/","name":"Kaposv\u00e1r Kincse - Kaposv\u00e1r Megyei Jog\u00fa V\u00e1ros","isPartOf":{"@id":"https:\/\/otthon.kaposvar.hu\/hu\/#website"},"datePublished":"2018-08-28T19:04:41+00:00","dateModified":"2018-09-04T15:24:50+00:00","breadcrumb":{"@id":"https:\/\/otthon.kaposvar.hu\/hu\/kaposvar-kincse\/#breadcrumb"},"inLanguage":"hu","potentialAction":[{"@type":"ReadAction","target":[["https:\/\/otthon.kaposvar.hu\/hu\/kaposvar-kincse\/"]]}]},{"@type":"BreadcrumbList","@id":"https:\/\/otthon.kaposvar.hu\/hu\/kaposvar-kincse\/#breadcrumb","itemListElement":[{"@type":"ListItem","position":1,"name":"Home","item":"https:\/\/otthon.kaposvar.hu\/hu\/"},{"@type":"ListItem","position":2,"name":"Kaposv\u00e1r Kincse"}]},{"@type":"WebSite","@id":"https:\/\/otthon.kaposvar.hu\/hu\/#website","url":"https:\/\/otthon.kaposvar.hu\/hu\/","name":"Kaposv\u00e1r Megyei Jog\u00fa V\u00e1ros","description":"","publisher":{"@id":"https:\/\/otthon.kaposvar.hu\/hu\/#organization"},"potentialAction":[{"@type":"SearchAction","target":{"@type":"EntryPoint","urlTemplate":"https:\/\/otthon.kaposvar.hu\/hu\/?s={search_term_string}"},"query-input":"required name=search_term_string"}],"inLanguage":"hu"},{"@type":"Organization","@id":"https:\/\/otthon.kaposvar.hu\/hu\/#organization","name":"Kaposv\u00e1r Megyei Jog\u00fa V\u00e1ros","url":"https:\/\/otthon.kaposvar.hu\/hu\/","sameAs":["https:\/\/www.instagram.com\/cityofkaposvar\/","https:\/\/www.facebook.com\/cityofkaposvar\/"],"logo":{"@type":"ImageObject","inLanguage":"hu","@id":"https:\/\/otthon.kaposvar.hu\/hu\/#\/schema\/logo\/image\/","url":"https:\/\/otthon.kaposvar.hu\/wp-content\/uploads\/2021\/10\/kaposvar_social.jpg","contentUrl":"https:\/\/otthon.kaposvar.hu\/wp-content\/uploads\/2021\/10\/kaposvar_social.jpg","width":1200,"height":900,"caption":"Kaposv\u00e1r Megyei Jog\u00fa V\u00e1ros"},"image":{"@id":"https:\/\/otthon.kaposvar.hu\/hu\/#\/schema\/logo\/image\/"}}]}},"_links":{"self":[{"href":"https:\/\/otthon.kaposvar.hu\/hu\/wp-json\/wp\/v2\/pages\/3448"}],"collection":[{"href":"https:\/\/otthon.kaposvar.hu\/hu\/wp-json\/wp\/v2\/pages"}],"about":[{"href":"https:\/\/otthon.kaposvar.hu\/hu\/wp-json\/wp\/v2\/types\/page"}],"author":[{"embeddable":true,"href":"https:\/\/otthon.kaposvar.hu\/hu\/wp-json\/wp\/v2\/users\/13"}],"replies":[{"embeddable":true,"href":"https:\/\/otthon.kaposvar.hu\/hu\/wp-json\/wp\/v2\/comments?post=3448"}],"version-history":[{"count":0,"href":"https:\/\/otthon.kaposvar.hu\/hu\/wp-json\/wp\/v2\/pages\/3448\/revisions"}],"wp:featuredmedia":[{"embeddable":true,"href":"https:\/\/otthon.kaposvar.hu\/hu\/wp-json\/wp\/v2\/media\/3452"}],"wp:attachment":[{"href":"https:\/\/otthon.kaposvar.hu\/hu\/wp-json\/wp\/v2\/media?parent=3448"}],"curies":[{"name":"wp","href":"https:\/\/api.w.org\/{rel}","templated":true}]}}