{"id":3434,"date":"2018-08-26T10:01:59","date_gmt":"2018-08-26T09:01:59","guid":{"rendered":"https:\/\/otthon.kaposvar.hu\/?page_id=3434"},"modified":"2025-03-07T00:22:40","modified_gmt":"2025-03-06T23:22:40","slug":"kortalan-torna","status":"publish","type":"page","link":"https:\/\/otthon.kaposvar.hu\/hu\/lakossagi-informaciok\/egeszsegugy\/kortalan-torna\/","title":{"rendered":"Kortalan torna"},"content":{"rendered":"<p><\/p>\n<h3 class=\"kv-page-content-subtitle\">Kaposv\u00e1r Megyei Jog\u00fa V\u00e1ros \u00d6nkorm\u00e1nyzat\u00e1nak programja a kaposv\u00e1ri id\u0151sek mozg\u00e1s\u00e1\u00e9rt \u00e9s eg\u00e9szs\u00e9g\u00e9\u00e9rt<\/h3>\n<div class=\"kv-page-margin-05\">\u00a0<\/div>\n<table style=\"border-collapse: collapse;width: 0%;height: 240px\">\n<tbody>\n<tr style=\"height: 24px\">\n<td style=\"width: 16.6667%;height: 24px\"><em>Helysz\u00edn<\/em><\/td>\n<td style=\"width: 16.6667%;height: 24px\"><em>H\u00e9tf\u0151<\/em><\/td>\n<td style=\"width: 16.6667%;height: 24px\"><em>Kedd<\/em><\/td>\n<td style=\"width: 16.6667%;height: 24px\"><em>Szerda<\/em><\/td>\n<td style=\"width: 16.6667%;height: 24px\"><em>Cs\u00fct\u00f6rt\u00f6k<\/em><\/td>\n<td style=\"width: 16.6667%;height: 24px\"><em>P\u00e9ntek<\/em><\/td>\n<\/tr>\n<tr style=\"height: 24px\">\n<td style=\"width: 16.6667%;height: 24px\">\n<h3 class=\"kv-page-content-subtitle\">Polg\u00e1rok H\u00e1za<\/h3>\n<\/td>\n<td style=\"width: 16.6667%;height: 24px\">10.30-11.30<\/td>\n<td style=\"width: 16.6667%;height: 24px\">\u00a0<\/td>\n<td style=\"width: 16.6667%;height: 24px\">\u00a0<\/td>\n<td style=\"width: 16.6667%;height: 24px\">\u00a0<\/td>\n<td style=\"width: 16.6667%;height: 24px\">\u00a0<\/td>\n<\/tr>\n<tr style=\"height: 24px\">\n<td style=\"width: 16.6667%;height: 24px\">\n<h3 class=\"kv-page-content-subtitle\">Judocsarnok (Kinizsi ltp.)<\/h3>\n<\/td>\n<td style=\"width: 16.6667%;height: 24px\">11.00-12.00<\/td>\n<td style=\"width: 16.6667%;height: 24px\">\u00a0<\/td>\n<td style=\"width: 16.6667%;height: 24px\">\u00a0<\/td>\n<td style=\"width: 16.6667%;height: 24px\">\u00a0<\/td>\n<td style=\"width: 16.6667%;height: 24px\">\u00a0<\/td>\n<\/tr>\n<tr style=\"height: 24px\">\n<td style=\"width: 16.6667%;height: 24px\">\n<h3 class=\"kv-page-content-subtitle\">T\u00fcskev\u00e1r K\u00f6z\u00f6ss\u00e9gi H\u00e1z<\/h3>\n<\/td>\n<td style=\"width: 16.6667%;height: 24px\">\u00a0<\/td>\n<td style=\"width: 16.6667%;height: 24px\">9.30-10.30<\/td>\n<td style=\"width: 16.6667%;height: 24px\">\u00a0<\/td>\n<td style=\"width: 16.6667%;height: 24px\">\u00a0<\/td>\n<td style=\"width: 16.6667%;height: 24px\">\u00a0<\/td>\n<\/tr>\n<tr style=\"height: 24px\">\n<td style=\"width: 16.6667%;height: 24px\">\n<h3 class=\"kv-page-content-subtitle\">RG-csarnok (Arany J. u. 97.)<\/h3>\n<\/td>\n<td style=\"width: 16.6667%;height: 24px\">\u00a0<\/td>\n<td style=\"width: 16.6667%;height: 24px\">11.00-12.00<\/td>\n<td style=\"width: 16.6667%;height: 24px\">\u00a0<\/td>\n<td style=\"width: 16.6667%;height: 24px\">\u00a0<\/td>\n<td style=\"width: 16.6667%;height: 24px\">\u00a0<\/td>\n<\/tr>\n<tr style=\"height: 24px\">\n<td style=\"width: 16.6667%;height: 24px\">\n<h3 class=\"kv-page-content-subtitle\">Polg\u00e1rok H\u00e1za<\/h3>\n<\/td>\n<td style=\"width: 16.6667%;height: 24px\">\u00a0<\/td>\n<td style=\"width: 16.6667%;height: 24px\">\u00a0<\/td>\n<td style=\"width: 16.6667%;height: 24px\">10.30-11.30<\/td>\n<td style=\"width: 16.6667%;height: 24px\">\u00a0<\/td>\n<td style=\"width: 16.6667%;height: 24px\">\u00a0<\/td>\n<\/tr>\n<tr style=\"height: 24px\">\n<td style=\"width: 16.6667%;height: 24px\">\n<h3 class=\"kv-page-content-subtitle\">Topon\u00e1ri K\u00f6z\u00f6ss\u00e9gi H\u00e1z<\/h3>\n<\/td>\n<td style=\"width: 16.6667%;height: 24px\">\u00a0<\/td>\n<td style=\"width: 16.6667%;height: 24px\">\u00a0<\/td>\n<td style=\"width: 16.6667%;height: 24px\">\u00a0<\/td>\n<td style=\"width: 16.6667%;height: 24px\">9.30-10.30<\/td>\n<td style=\"width: 16.6667%;height: 24px\">\u00a0<\/td>\n<\/tr>\n<tr style=\"height: 24px\">\n<td style=\"width: 16.6667%;height: 24px\">\n<h3 class=\"kv-page-content-subtitle\">Kaposf\u00fcredi K\u00f6z\u00f6ss\u00e9gi H\u00e1z<\/h3>\n<\/td>\n<td style=\"width: 16.6667%;height: 24px\">\u00a0<\/td>\n<td style=\"width: 16.6667%;height: 24px\">\u00a0<\/td>\n<td style=\"width: 16.6667%;height: 24px\">\u00a0<\/td>\n<td style=\"width: 16.6667%;height: 24px\">10.45-11.45<\/td>\n<td style=\"width: 16.6667%;height: 24px\">\u00a0<\/td>\n<\/tr>\n<tr style=\"height: 24px\">\n<td style=\"width: 16.6667%;height: 24px\">\n<h3 class=\"kv-page-content-subtitle\">RG-csarnok (Arany J. u. 97.)<\/h3>\n<\/td>\n<td style=\"width: 16.6667%;height: 24px\">\u00a0<\/td>\n<td style=\"width: 16.6667%;height: 24px\">\u00a0<\/td>\n<td style=\"width: 16.6667%;height: 24px\">\u00a0<\/td>\n<td style=\"width: 16.6667%;height: 24px\">11.00-12.00<\/td>\n<td style=\"width: 16.6667%;height: 24px\">\u00a0<\/td>\n<\/tr>\n<tr style=\"height: 24px\">\n<td style=\"width: 16.6667%;height: 24px\">\n<h3 class=\"kv-page-content-subtitle\">Polg\u00e1rok H\u00e1za<\/h3>\n<\/td>\n<td style=\"width: 16.6667%;height: 24px\">\u00a0<\/td>\n<td style=\"width: 16.6667%;height: 24px\">\u00a0<\/td>\n<td style=\"width: 16.6667%;height: 24px\">\u00a0<\/td>\n<td style=\"width: 16.6667%;height: 24px\">\u00a0<\/td>\n<td style=\"width: 16.6667%;height: 24px\">10.30-11.30<\/td>\n<\/tr>\n<tr>\n<td style=\"width: 16.6667%\">\n<h3 class=\"kv-page-content-subtitle\">Judocsarnok (Kinizsi ltp.)<\/h3>\n<\/td>\n<td style=\"width: 16.6667%\">\u00a0<\/td>\n<td style=\"width: 16.6667%\">\u00a0<\/td>\n<td style=\"width: 16.6667%\">\u00a0<\/td>\n<td style=\"width: 16.6667%\">\u00a0<\/td>\n<td style=\"width: 16.6667%\">11.00-12.00<\/td>\n<\/tr>\n<\/tbody>\n<\/table>\n<p>Amennyiben az id\u0151pont pihen\u0151napra vagy munkasz\u00fcneti napra esik, a program elmarad.<\/p>\n<p>2024. okt\u00f3ber 21-t\u0151l \u00e9rv\u00e9nyes \u00f3rarend.<\/p>\n<h4 class=\"kv-page-content-paragraphtitle\">Minden eddigi t\u00e9v\u00e9tornaad\u00e1s el\u00e9rhet\u0151 az al\u00e1bbi linken:<\/h4>\n<p><a href=\"http:\/\/kapos.hu\/kereses\/kortalan%20torna\/videok.html?fbclid=IwAR0FvH1le1JfACiFg27pksh_enh6ZAR-y_-6PWS6b4iZ3UZeXjnt7rkHTac\" data-saferedirecturl=\"https:\/\/www.google.com\/url?q=http:\/\/kapos.hu\/kereses\/kortalan%2520torna\/videok.html?fbclid%3DIwAR0FvH1le1JfACiFg27pksh_enh6ZAR-y_-6PWS6b4iZ3UZeXjnt7rkHTac&amp;source=gmail&amp;ust=1614070758932000&amp;usg=AFQjCNE_PmaSSWQn0JSXNVMTUQjgL7K3fw\">http:\/\/kapos.hu\/kereses\/kortalan%20torna\/videok.html<\/a><\/p>\n<p>&nbsp;<\/p>\n<p><\/p>","protected":false},"excerpt":{"rendered":"<p>Kaposv\u00e1r Megyei Jog\u00fa V\u00e1ros \u00d6nkorm\u00e1nyzat\u00e1nak programja a kaposv\u00e1ri id\u0151sek mozg\u00e1s\u00e1\u00e9rt \u00e9s eg\u00e9szs\u00e9g\u00e9\u00e9rt \u00a0 Helysz\u00edn H\u00e9tf\u0151 Kedd Szerda Cs\u00fct\u00f6rt\u00f6k P\u00e9ntek Polg\u00e1rok H\u00e1za 10.30-11.30 \u00a0 \u00a0 \u00a0 \u00a0 Judocsarnok (Kinizsi ltp.) 11.00-12.00 \u00a0 \u00a0 \u00a0 \u00a0 T\u00fcskev\u00e1r K\u00f6z\u00f6ss\u00e9gi H\u00e1z \u00a0 9.30-10.30 \u00a0 \u00a0 \u00a0 RG-csarnok (Arany J. u. 97.) \u00a0 11.00-12.00 \u00a0 \u00a0 \u00a0 Polg\u00e1rok H\u00e1za \u00a0 [&hellip;]<\/p>\n","protected":false},"author":1,"featured_media":0,"parent":209,"menu_order":0,"comment_status":"closed","ping_status":"closed","template":"","meta":[],"acf":[],"yoast_head":"<!-- This site is optimized with the Yoast SEO plugin v19.8 - https:\/\/yoast.com\/wordpress\/plugins\/seo\/ -->\n<title>Kortalan torna - Kaposv\u00e1r Megyei Jog\u00fa V\u00e1ros<\/title>\n<meta name=\"robots\" content=\"index, follow, max-snippet:-1, max-image-preview:large, max-video-preview:-1\" \/>\n<link rel=\"canonical\" href=\"https:\/\/otthon.kaposvar.hu\/hu\/lakossagi-informaciok\/egeszsegugy\/kortalan-torna\/\" \/>\n<meta property=\"og:locale\" content=\"hu_HU\" \/>\n<meta property=\"og:type\" content=\"article\" \/>\n<meta property=\"og:title\" content=\"Kortalan torna - Kaposv\u00e1r Megyei Jog\u00fa V\u00e1ros\" \/>\n<meta property=\"og:description\" content=\"Kaposv\u00e1r Megyei Jog\u00fa V\u00e1ros \u00d6nkorm\u00e1nyzat\u00e1nak programja a kaposv\u00e1ri id\u0151sek mozg\u00e1s\u00e1\u00e9rt \u00e9s eg\u00e9szs\u00e9g\u00e9\u00e9rt \u00a0 Helysz\u00edn H\u00e9tf\u0151 Kedd Szerda Cs\u00fct\u00f6rt\u00f6k P\u00e9ntek Polg\u00e1rok H\u00e1za 10.30-11.30 \u00a0 \u00a0 \u00a0 \u00a0 Judocsarnok (Kinizsi ltp.) 11.00-12.00 \u00a0 \u00a0 \u00a0 \u00a0 T\u00fcskev\u00e1r K\u00f6z\u00f6ss\u00e9gi H\u00e1z \u00a0 9.30-10.30 \u00a0 \u00a0 \u00a0 RG-csarnok (Arany J. u. 97.) \u00a0 11.00-12.00 \u00a0 \u00a0 \u00a0 Polg\u00e1rok H\u00e1za \u00a0 [&hellip;]\" \/>\n<meta property=\"og:url\" content=\"https:\/\/otthon.kaposvar.hu\/hu\/lakossagi-informaciok\/egeszsegugy\/kortalan-torna\/\" \/>\n<meta property=\"og:site_name\" content=\"Kaposv\u00e1r Megyei Jog\u00fa V\u00e1ros\" \/>\n<meta property=\"article:publisher\" content=\"https:\/\/www.facebook.com\/cityofkaposvar\/\" \/>\n<meta property=\"article:modified_time\" content=\"2025-03-06T23:22:40+00:00\" \/>\n<meta property=\"og:image\" content=\"https:\/\/otthon.kaposvar.hu\/wp-content\/uploads\/2021\/10\/kaposvar_social.jpg\" \/>\n\t<meta property=\"og:image:width\" content=\"1200\" \/>\n\t<meta property=\"og:image:height\" content=\"900\" \/>\n\t<meta property=\"og:image:type\" content=\"image\/jpeg\" \/>\n<meta name=\"twitter:card\" content=\"summary_large_image\" \/>\n<meta name=\"twitter:label1\" content=\"Becs\u00fclt olvas\u00e1si id\u0151\" \/>\n\t<meta name=\"twitter:data1\" content=\"1 perc\" \/>\n<script type=\"application\/ld+json\" class=\"yoast-schema-graph\">{\"@context\":\"https:\/\/schema.org\",\"@graph\":[{\"@type\":\"WebPage\",\"@id\":\"https:\/\/otthon.kaposvar.hu\/hu\/lakossagi-informaciok\/egeszsegugy\/kortalan-torna\/\",\"url\":\"https:\/\/otthon.kaposvar.hu\/hu\/lakossagi-informaciok\/egeszsegugy\/kortalan-torna\/\",\"name\":\"Kortalan torna - Kaposv\u00e1r Megyei Jog\u00fa V\u00e1ros\",\"isPartOf\":{\"@id\":\"https:\/\/otthon.kaposvar.hu\/hu\/#website\"},\"datePublished\":\"2018-08-26T09:01:59+00:00\",\"dateModified\":\"2025-03-06T23:22:40+00:00\",\"breadcrumb\":{\"@id\":\"https:\/\/otthon.kaposvar.hu\/hu\/lakossagi-informaciok\/egeszsegugy\/kortalan-torna\/#breadcrumb\"},\"inLanguage\":\"hu\",\"potentialAction\":[{\"@type\":\"ReadAction\",\"target\":[[\"https:\/\/otthon.kaposvar.hu\/hu\/lakossagi-informaciok\/egeszsegugy\/kortalan-torna\/\"]]}]},{\"@type\":\"BreadcrumbList\",\"@id\":\"https:\/\/otthon.kaposvar.hu\/hu\/lakossagi-informaciok\/egeszsegugy\/kortalan-torna\/#breadcrumb\",\"itemListElement\":[{\"@type\":\"ListItem\",\"position\":1,\"name\":\"Home\",\"item\":\"https:\/\/otthon.kaposvar.hu\/hu\/\"},{\"@type\":\"ListItem\",\"position\":2,\"name\":\"Lakoss\u00e1gi inform\u00e1ci\u00f3k\",\"item\":\"https:\/\/otthon.kaposvar.hu\/hu\/lakossagi-informaciok\/\"},{\"@type\":\"ListItem\",\"position\":3,\"name\":\"Eg\u00e9szs\u00e9g\u00fcgy\",\"item\":\"https:\/\/otthon.kaposvar.hu\/hu\/lakossagi-informaciok\/egeszsegugy\/\"},{\"@type\":\"ListItem\",\"position\":4,\"name\":\"Kortalan torna\"}]},{\"@type\":\"WebSite\",\"@id\":\"https:\/\/otthon.kaposvar.hu\/hu\/#website\",\"url\":\"https:\/\/otthon.kaposvar.hu\/hu\/\",\"name\":\"Kaposv\u00e1r Megyei Jog\u00fa V\u00e1ros\",\"description\":\"\",\"publisher\":{\"@id\":\"https:\/\/otthon.kaposvar.hu\/hu\/#organization\"},\"potentialAction\":[{\"@type\":\"SearchAction\",\"target\":{\"@type\":\"EntryPoint\",\"urlTemplate\":\"https:\/\/otthon.kaposvar.hu\/hu\/?s={search_term_string}\"},\"query-input\":\"required name=search_term_string\"}],\"inLanguage\":\"hu\"},{\"@type\":\"Organization\",\"@id\":\"https:\/\/otthon.kaposvar.hu\/hu\/#organization\",\"name\":\"Kaposv\u00e1r Megyei Jog\u00fa V\u00e1ros\",\"url\":\"https:\/\/otthon.kaposvar.hu\/hu\/\",\"sameAs\":[\"https:\/\/www.instagram.com\/cityofkaposvar\/\",\"https:\/\/www.facebook.com\/cityofkaposvar\/\"],\"logo\":{\"@type\":\"ImageObject\",\"inLanguage\":\"hu\",\"@id\":\"https:\/\/otthon.kaposvar.hu\/hu\/#\/schema\/logo\/image\/\",\"url\":\"https:\/\/otthon.kaposvar.hu\/wp-content\/uploads\/2021\/10\/kaposvar_social.jpg\",\"contentUrl\":\"https:\/\/otthon.kaposvar.hu\/wp-content\/uploads\/2021\/10\/kaposvar_social.jpg\",\"width\":1200,\"height\":900,\"caption\":\"Kaposv\u00e1r Megyei Jog\u00fa V\u00e1ros\"},\"image\":{\"@id\":\"https:\/\/otthon.kaposvar.hu\/hu\/#\/schema\/logo\/image\/\"}}]}<\/script>\n<!-- \/ Yoast SEO plugin. -->","yoast_head_json":{"title":"Kortalan torna - Kaposv\u00e1r Megyei Jog\u00fa V\u00e1ros","robots":{"index":"index","follow":"follow","max-snippet":"max-snippet:-1","max-image-preview":"max-image-preview:large","max-video-preview":"max-video-preview:-1"},"canonical":"https:\/\/otthon.kaposvar.hu\/hu\/lakossagi-informaciok\/egeszsegugy\/kortalan-torna\/","og_locale":"hu_HU","og_type":"article","og_title":"Kortalan torna - Kaposv\u00e1r Megyei Jog\u00fa V\u00e1ros","og_description":"Kaposv\u00e1r Megyei Jog\u00fa V\u00e1ros \u00d6nkorm\u00e1nyzat\u00e1nak programja a kaposv\u00e1ri id\u0151sek mozg\u00e1s\u00e1\u00e9rt \u00e9s eg\u00e9szs\u00e9g\u00e9\u00e9rt \u00a0 Helysz\u00edn H\u00e9tf\u0151 Kedd Szerda Cs\u00fct\u00f6rt\u00f6k P\u00e9ntek Polg\u00e1rok H\u00e1za 10.30-11.30 \u00a0 \u00a0 \u00a0 \u00a0 Judocsarnok (Kinizsi ltp.) 11.00-12.00 \u00a0 \u00a0 \u00a0 \u00a0 T\u00fcskev\u00e1r K\u00f6z\u00f6ss\u00e9gi H\u00e1z \u00a0 9.30-10.30 \u00a0 \u00a0 \u00a0 RG-csarnok (Arany J. u. 97.) \u00a0 11.00-12.00 \u00a0 \u00a0 \u00a0 Polg\u00e1rok H\u00e1za \u00a0 [&hellip;]","og_url":"https:\/\/otthon.kaposvar.hu\/hu\/lakossagi-informaciok\/egeszsegugy\/kortalan-torna\/","og_site_name":"Kaposv\u00e1r Megyei Jog\u00fa V\u00e1ros","article_publisher":"https:\/\/www.facebook.com\/cityofkaposvar\/","article_modified_time":"2025-03-06T23:22:40+00:00","og_image":[{"width":1200,"height":900,"url":"https:\/\/otthon.kaposvar.hu\/wp-content\/uploads\/2021\/10\/kaposvar_social.jpg","type":"image\/jpeg"}],"twitter_card":"summary_large_image","twitter_misc":{"Becs\u00fclt olvas\u00e1si id\u0151":"1 perc"},"schema":{"@context":"https:\/\/schema.org","@graph":[{"@type":"WebPage","@id":"https:\/\/otthon.kaposvar.hu\/hu\/lakossagi-informaciok\/egeszsegugy\/kortalan-torna\/","url":"https:\/\/otthon.kaposvar.hu\/hu\/lakossagi-informaciok\/egeszsegugy\/kortalan-torna\/","name":"Kortalan torna - Kaposv\u00e1r Megyei Jog\u00fa V\u00e1ros","isPartOf":{"@id":"https:\/\/otthon.kaposvar.hu\/hu\/#website"},"datePublished":"2018-08-26T09:01:59+00:00","dateModified":"2025-03-06T23:22:40+00:00","breadcrumb":{"@id":"https:\/\/otthon.kaposvar.hu\/hu\/lakossagi-informaciok\/egeszsegugy\/kortalan-torna\/#breadcrumb"},"inLanguage":"hu","potentialAction":[{"@type":"ReadAction","target":[["https:\/\/otthon.kaposvar.hu\/hu\/lakossagi-informaciok\/egeszsegugy\/kortalan-torna\/"]]}]},{"@type":"BreadcrumbList","@id":"https:\/\/otthon.kaposvar.hu\/hu\/lakossagi-informaciok\/egeszsegugy\/kortalan-torna\/#breadcrumb","itemListElement":[{"@type":"ListItem","position":1,"name":"Home","item":"https:\/\/otthon.kaposvar.hu\/hu\/"},{"@type":"ListItem","position":2,"name":"Lakoss\u00e1gi inform\u00e1ci\u00f3k","item":"https:\/\/otthon.kaposvar.hu\/hu\/lakossagi-informaciok\/"},{"@type":"ListItem","position":3,"name":"Eg\u00e9szs\u00e9g\u00fcgy","item":"https:\/\/otthon.kaposvar.hu\/hu\/lakossagi-informaciok\/egeszsegugy\/"},{"@type":"ListItem","position":4,"name":"Kortalan torna"}]},{"@type":"WebSite","@id":"https:\/\/otthon.kaposvar.hu\/hu\/#website","url":"https:\/\/otthon.kaposvar.hu\/hu\/","name":"Kaposv\u00e1r Megyei Jog\u00fa V\u00e1ros","description":"","publisher":{"@id":"https:\/\/otthon.kaposvar.hu\/hu\/#organization"},"potentialAction":[{"@type":"SearchAction","target":{"@type":"EntryPoint","urlTemplate":"https:\/\/otthon.kaposvar.hu\/hu\/?s={search_term_string}"},"query-input":"required name=search_term_string"}],"inLanguage":"hu"},{"@type":"Organization","@id":"https:\/\/otthon.kaposvar.hu\/hu\/#organization","name":"Kaposv\u00e1r Megyei Jog\u00fa V\u00e1ros","url":"https:\/\/otthon.kaposvar.hu\/hu\/","sameAs":["https:\/\/www.instagram.com\/cityofkaposvar\/","https:\/\/www.facebook.com\/cityofkaposvar\/"],"logo":{"@type":"ImageObject","inLanguage":"hu","@id":"https:\/\/otthon.kaposvar.hu\/hu\/#\/schema\/logo\/image\/","url":"https:\/\/otthon.kaposvar.hu\/wp-content\/uploads\/2021\/10\/kaposvar_social.jpg","contentUrl":"https:\/\/otthon.kaposvar.hu\/wp-content\/uploads\/2021\/10\/kaposvar_social.jpg","width":1200,"height":900,"caption":"Kaposv\u00e1r Megyei Jog\u00fa V\u00e1ros"},"image":{"@id":"https:\/\/otthon.kaposvar.hu\/hu\/#\/schema\/logo\/image\/"}}]}},"_links":{"self":[{"href":"https:\/\/otthon.kaposvar.hu\/hu\/wp-json\/wp\/v2\/pages\/3434"}],"collection":[{"href":"https:\/\/otthon.kaposvar.hu\/hu\/wp-json\/wp\/v2\/pages"}],"about":[{"href":"https:\/\/otthon.kaposvar.hu\/hu\/wp-json\/wp\/v2\/types\/page"}],"author":[{"embeddable":true,"href":"https:\/\/otthon.kaposvar.hu\/hu\/wp-json\/wp\/v2\/users\/1"}],"replies":[{"embeddable":true,"href":"https:\/\/otthon.kaposvar.hu\/hu\/wp-json\/wp\/v2\/comments?post=3434"}],"version-history":[{"count":0,"href":"https:\/\/otthon.kaposvar.hu\/hu\/wp-json\/wp\/v2\/pages\/3434\/revisions"}],"up":[{"embeddable":true,"href":"https:\/\/otthon.kaposvar.hu\/hu\/wp-json\/wp\/v2\/pages\/209"}],"wp:attachment":[{"href":"https:\/\/otthon.kaposvar.hu\/hu\/wp-json\/wp\/v2\/media?parent=3434"}],"curies":[{"name":"wp","href":"https:\/\/api.w.org\/{rel}","templated":true}]}}