{"id":3097,"date":"2018-04-16T18:13:24","date_gmt":"2018-04-16T17:13:24","guid":{"rendered":"https:\/\/otthon.kaposvar\/?page_id=3097"},"modified":"2018-04-16T19:24:16","modified_gmt":"2018-04-16T18:24:16","slug":"esemenyek","status":"publish","type":"page","link":"https:\/\/otthon.kaposvar.hu\/hu\/lakossagi-informaciok\/kozossegek\/civil-szervezetek\/esemenyek\/","title":{"rendered":"Esem\u00e9nyek"},"content":{"rendered":"<p><div class=\"relative\" id=\"kv-full-calendar-container\">\n    <div class=\"kv-page-side-menu content-menu event-calendar-menu\">\n        <div id=\"kv-calendar-container\">\n            <div class=\"kv-calendar\" data-type=\"civil-esemenyek\" aria-hidden=\"true\">\n    <div class=\"kv-calendar-header\">\n        <button id=\"kv-calendar-previous\" data-date=\"2026-03-01\" aria-label=\"El\u0151z\u0151 h\u00f3nap esem\u00e9nyei\"><\/button>\n        <div class=\"kv-calendar-header-month\"\n             data-date=\"2026-04-10\">2026. \u00c1PRILIS<\/div>\n        <button id=\"kv-calendar-next\" data-date=\"2026-05-01\" aria-label=\"K\u00f6vetkez\u0151 h\u00f3nap esem\u00e9nyei\"><\/button>\n    <\/div>\n    <div class=\"kv-calendar-week-header\" aria-hidden=\"true\">\n        <ul>\n            <li>H<\/li>\n            <li>K<\/li>\n            <li>Sz<\/li>\n            <li>Cs<\/li>\n            <li>P<\/li>\n            <li>Sz<\/li>\n            <li>V<\/li>\n            <div class=\"clearfix\"><\/div>\n        <\/ul>\n    <\/div>\n    <ul class=\"kv-calendar-week\" aria-hidden=\"true\"><li class=\"kv-calendar-day\"><\/li><li class=\"kv-calendar-day\"><\/li><li class=\"kv-calendar-day\" data-date=\"2026-04-1\">1<\/li><li class=\"kv-calendar-day\" data-date=\"2026-04-2\">2<\/li><li class=\"kv-calendar-day\" data-date=\"2026-04-3\">3<\/li><li class=\"kv-calendar-day\" data-date=\"2026-04-4\">4<\/li><li class=\"kv-calendar-day\" data-date=\"2026-04-5\">5<\/li><div class=\"kv-calendar-separator\"><\/div><\/ul><div class=\"clearfix\"><\/div><ul class=\"kv-calendar-week\" aria-hidden=\"true\"><li class=\"kv-calendar-day\" data-date=\"2026-04-6\">6<\/li><li class=\"kv-calendar-day\" data-date=\"2026-04-7\">7<\/li><li class=\"kv-calendar-day\" data-date=\"2026-04-8\">8<\/li><li class=\"kv-calendar-day\" data-date=\"2026-04-9\">9<\/li><li class=\"kv-calendar-day today\" data-date=\"2026-04-10\">10<\/li><li class=\"kv-calendar-day\" data-date=\"2026-04-11\">11<\/li><li class=\"kv-calendar-day\" data-date=\"2026-04-12\">12<\/li><div class=\"kv-calendar-separator\"><\/div><\/ul><div class=\"clearfix\"><\/div><ul class=\"kv-calendar-week\" aria-hidden=\"true\"><li class=\"kv-calendar-day\" data-date=\"2026-04-13\">13<\/li><li class=\"kv-calendar-day\" data-date=\"2026-04-14\">14<\/li><li class=\"kv-calendar-day\" data-date=\"2026-04-15\">15<\/li><li class=\"kv-calendar-day\" data-date=\"2026-04-16\">16<\/li><li class=\"kv-calendar-day\" data-date=\"2026-04-17\">17<\/li><li class=\"kv-calendar-day\" data-date=\"2026-04-18\">18<\/li><li class=\"kv-calendar-day\" data-date=\"2026-04-19\">19<\/li><div class=\"kv-calendar-separator\"><\/div><\/ul><div class=\"clearfix\"><\/div><ul class=\"kv-calendar-week\" aria-hidden=\"true\"><li class=\"kv-calendar-day\" data-date=\"2026-04-20\">20<\/li><li class=\"kv-calendar-day\" data-date=\"2026-04-21\">21<\/li><li class=\"kv-calendar-day\" data-date=\"2026-04-22\">22<\/li><li class=\"kv-calendar-day\" data-date=\"2026-04-23\">23<\/li><li class=\"kv-calendar-day\" data-date=\"2026-04-24\">24<\/li><li class=\"kv-calendar-day\" data-date=\"2026-04-25\">25<\/li><li class=\"kv-calendar-day\" data-date=\"2026-04-26\">26<\/li><div class=\"kv-calendar-separator\"><\/div><\/ul><div class=\"clearfix\"><\/div><ul class=\"kv-calendar-week\" aria-hidden=\"true\"><li class=\"kv-calendar-day\" data-date=\"2026-04-27\">27<\/li><li class=\"kv-calendar-day\" data-date=\"2026-04-28\">28<\/li><li class=\"kv-calendar-day\" data-date=\"2026-04-29\">29<\/li><li class=\"kv-calendar-day\" data-date=\"2026-04-30\">30<\/li><li class=\"kv-calendar-day\"><\/li><li class=\"kv-calendar-day\"><\/li><li class=\"kv-calendar-day\"><\/li><div class=\"clearfix\"><\/div><\/ul><div class=\"clearfix\"><\/div><\/div>\n        <\/div>\n        <div id=\"kv-calendar-filter-container\">\n            <a class=\"hide-on-large-only\" href=\"\/lakossagi-informaciok\/egeszsegugy\/kortalan-torna\/\">\n    <button class=\"kv-button kortalan\"> Kortalan torna<\/button>\n<\/a>\n<div class=\"hide-on-large-only center-align\">\n    <div class=\"kv-select-container\">\n        <select id=\"calendar-filter-select\" class=\"browser-default\">\n            <option value=\"0\">\u00d6sszes program<\/option>        <\/select>\n    <\/div>\n<\/div>\n\n    <button class=\"kv-button link\" id=\"open-civil-event-registration\">\n        Esem\u00e9ny regisztr\u00e1ci\u00f3\n    <\/button>\n    <div class=\"kv-window-container\">\n    <div class=\"kv-window\">\n        <div class=\"kv-window-header\">\n            <h2>Civil esem\u00e9ny regisztr\u00e1ci\u00f3<\/h2>\n            <span id=\"close-window\">&times;<\/span>\n        <\/div>\n        <div class=\"kv-window-form\">\n            <noscript class=\"ninja-forms-noscript-message\">\n    Notice: JavaScript is required for this content.<\/noscript><div id=\"nf-form-5-cont\" class=\"nf-form-cont kv-form\" aria-live=\"polite\" aria-labelledby=\"nf-form-title-5\" aria-describedby=\"nf-form-errors-5\" role=\"form\">\n\n    <div class=\"nf-loading-spinner\"><\/div>\n\n<\/div>\n        <!-- TODO: Move to Template File. -->\n        <script>var formDisplay=1;var nfForms=nfForms||[];var form=[];form.id='5';form.settings={\"objectType\":\"Form Setting\",\"editActive\":true,\"title\":\"Civil esem\\u00e9ny regisztr\\u00e1ci\\u00f3\",\"show_title\":0,\"clear_complete\":1,\"hide_complete\":1,\"default_label_pos\":\"left\",\"wrapper_class\":\"kv-form\",\"element_class\":\"\",\"key\":\"\",\"add_submit\":0,\"changeEmailErrorMsg\":\" \",\"confirmFieldErrorMsg\":\" \",\"fieldNumberNumMinError\":\" \",\"fieldNumberNumMaxError\":\" \",\"fieldNumberIncrementBy\":\" \",\"formErrorsCorrectErrors\":\" K\\u00e9rj\\u00fck t\\u00f6ltse ki az \\u00f6sszes *-al jel\\u00f6lt mez\\u0151t!\",\"validateRequiredField\":\"K\\u00f6telez\\u0151 mez\\u0151!\",\"honeypotHoneypotError\":\" \",\"fieldsMarkedRequired\":\" \",\"currency\":\"\",\"unique_field_error\":\"A form with this value has already been submitted.\",\"logged_in\":false,\"not_logged_in_msg\":\"\",\"sub_limit_msg\":\"The form has reached its submission limit.\",\"calculations\":[],\"formContentData\":[\"civil_event_cim\",\"civil_event_kezdes\",\"civil_event_vege\",\"civil_event_egesznapos\",\"civil_event_helyszin\",\"civil_event_link\",\"civil_event_image_url\",\"recaptcha_1523898400591\",\"kuldes_1523898647062\"],\"drawerDisabled\":false,\"ninjaForms\":\"Ninja Forms\",\"changeDateErrorMsg\":\"Please enter a valid date!\",\"fieldTextareaRTEInsertLink\":\"Insert Link\",\"fieldTextareaRTEInsertMedia\":\"Insert Media\",\"fieldTextareaRTESelectAFile\":\"Select a file\",\"formHoneypot\":\"If you are a human seeing this field, please leave it empty.\",\"fileUploadOldCodeFileUploadInProgress\":\"File Upload in Progress.\",\"fileUploadOldCodeFileUpload\":\"FILE UPLOAD\",\"currencySymbol\":\"&#70;&#116;\",\"thousands_sep\":\"&nbsp;\",\"decimal_point\":\",\",\"siteLocale\":\"hu_HU\",\"dateFormat\":\"Y-m-d\",\"startOfWeek\":\"1\",\"of\":\"of\",\"previousMonth\":\"Previous Month\",\"nextMonth\":\"Next Month\",\"months\":[\"January\",\"February\",\"March\",\"April\",\"May\",\"June\",\"July\",\"August\",\"September\",\"October\",\"November\",\"December\"],\"monthsShort\":[\"Jan\",\"Feb\",\"Mar\",\"Apr\",\"May\",\"Jun\",\"Jul\",\"Aug\",\"Sep\",\"Oct\",\"Nov\",\"Dec\"],\"weekdays\":[\"Sunday\",\"Monday\",\"Tuesday\",\"Wednesday\",\"Thursday\",\"Friday\",\"Saturday\"],\"weekdaysShort\":[\"Sun\",\"Mon\",\"Tue\",\"Wed\",\"Thu\",\"Fri\",\"Sat\"],\"weekdaysMin\":[\"Su\",\"Mo\",\"Tu\",\"We\",\"Th\",\"Fr\",\"Sa\"],\"recaptchaConsentMissing\":\"reCapctha validation couldn&#039;t load.\",\"recaptchaMissingCookie\":\"reCaptcha v3 validation couldn&#039;t load the cookie needed to submit the form.\",\"recaptchaConsentEvent\":\"Accept reCaptcha cookies before sending the form.\",\"embed_form\":\"\",\"currency_symbol\":\"\",\"beforeForm\":\"\",\"beforeFields\":\"\",\"afterFields\":\"\",\"afterForm\":\"\"};form.fields=[{\"objectType\":\"Field\",\"objectDomain\":\"fields\",\"editActive\":false,\"order\":1,\"type\":\"textbox\",\"label\":\"Esem\\u00e9ny c\\u00edme\",\"key\":\"civil_event_cim\",\"label_pos\":\"left\",\"required\":1,\"default\":\"\",\"placeholder\":\"\",\"container_class\":\"\",\"element_class\":\"\",\"input_limit\":\"\",\"input_limit_type\":\"characters\",\"input_limit_msg\":\"Character(s) left\",\"manual_key\":true,\"admin_label\":\"\",\"help_text\":\"\",\"mask\":\"\",\"custom_mask\":\"\",\"id\":119,\"beforeField\":\"\",\"afterField\":\"\",\"value\":\"\",\"parentType\":\"textbox\",\"element_templates\":[\"textbox\",\"input\"],\"old_classname\":\"\",\"wrap_template\":\"wrap\"},{\"objectType\":\"Field\",\"objectDomain\":\"fields\",\"editActive\":false,\"order\":2,\"type\":\"textbox\",\"label\":\"Kezd\\u00e9s (pl: 2018-02-20 17:00)\",\"key\":\"civil_event_kezdes\",\"label_pos\":\"left\",\"required\":1,\"default\":\"\",\"placeholder\":\"\",\"container_class\":\"\",\"element_class\":\"\",\"input_limit\":\"\",\"input_limit_type\":\"characters\",\"input_limit_msg\":\"Character(s) left\",\"manual_key\":true,\"admin_label\":\"\",\"help_text\":\"\",\"mask\":\"\",\"custom_mask\":\"\",\"id\":120,\"beforeField\":\"\",\"afterField\":\"\",\"value\":\"\",\"parentType\":\"textbox\",\"element_templates\":[\"textbox\",\"input\"],\"old_classname\":\"\",\"wrap_template\":\"wrap\"},{\"objectType\":\"Field\",\"objectDomain\":\"fields\",\"editActive\":false,\"order\":3,\"type\":\"textbox\",\"label\":\"V\\u00e9ge (pl: 2018-02-20 19:00)\",\"key\":\"civil_event_vege\",\"label_pos\":\"left\",\"required\":1,\"default\":\"\",\"placeholder\":\"\",\"container_class\":\"\",\"element_class\":\"\",\"input_limit\":\"\",\"input_limit_type\":\"characters\",\"input_limit_msg\":\"Character(s) left\",\"manual_key\":true,\"admin_label\":\"\",\"help_text\":\"\",\"mask\":\"\",\"custom_mask\":\"\",\"id\":121,\"beforeField\":\"\",\"afterField\":\"\",\"value\":\"\",\"parentType\":\"textbox\",\"element_templates\":[\"textbox\",\"input\"],\"old_classname\":\"\",\"wrap_template\":\"wrap\"},{\"objectType\":\"Field\",\"objectDomain\":\"fields\",\"editActive\":false,\"order\":4,\"label\":\"Eg\\u00e9sz napos\",\"type\":\"checkbox\",\"key\":\"civil_event_egesznapos\",\"label_pos\":\"left\",\"required\":false,\"container_class\":\"\",\"element_class\":\"\",\"manual_key\":true,\"admin_label\":\"\",\"help_text\":\"\",\"default_value\":\"unchecked\",\"drawerDisabled\":false,\"id\":126,\"beforeField\":\"\",\"afterField\":\"\",\"value\":\"\",\"parentType\":\"checkbox\",\"element_templates\":[\"checkbox\",\"input\"],\"old_classname\":\"\",\"wrap_template\":\"wrap\"},{\"objectType\":\"Field\",\"objectDomain\":\"fields\",\"editActive\":false,\"order\":5,\"type\":\"textbox\",\"label\":\"Helysz\\u00edn\",\"key\":\"civil_event_helyszin\",\"label_pos\":\"left\",\"required\":false,\"default\":\"\",\"placeholder\":\"\",\"container_class\":\"\",\"element_class\":\"\",\"input_limit\":\"\",\"input_limit_type\":\"characters\",\"input_limit_msg\":\"Character(s) left\",\"manual_key\":true,\"admin_label\":\"\",\"help_text\":\"\",\"mask\":\"\",\"custom_mask\":\"\",\"id\":122,\"beforeField\":\"\",\"afterField\":\"\",\"value\":\"\",\"parentType\":\"textbox\",\"element_templates\":[\"textbox\",\"input\"],\"old_classname\":\"\",\"wrap_template\":\"wrap\"},{\"objectType\":\"Field\",\"objectDomain\":\"fields\",\"editActive\":false,\"order\":6,\"type\":\"textbox\",\"label\":\"Link\",\"key\":\"civil_event_link\",\"label_pos\":\"left\",\"required\":1,\"default\":\"\",\"placeholder\":\"\",\"container_class\":\"\",\"element_class\":\"\",\"input_limit\":\"\",\"input_limit_type\":\"characters\",\"input_limit_msg\":\"Character(s) left\",\"manual_key\":true,\"admin_label\":\"\",\"help_text\":\"\",\"mask\":\"\",\"custom_mask\":\"\",\"id\":123,\"beforeField\":\"\",\"afterField\":\"\",\"value\":\"\",\"parentType\":\"textbox\",\"element_templates\":[\"textbox\",\"input\"],\"old_classname\":\"\",\"wrap_template\":\"wrap\"},{\"objectType\":\"Field\",\"objectDomain\":\"fields\",\"editActive\":false,\"order\":7,\"type\":\"textbox\",\"label\":\"K\\u00e9p url\",\"key\":\"civil_event_image_url\",\"label_pos\":\"left\",\"required\":1,\"default\":\"\",\"placeholder\":\"\",\"container_class\":\"\",\"element_class\":\"\",\"input_limit\":\"\",\"input_limit_type\":\"characters\",\"input_limit_msg\":\"Character(s) left\",\"manual_key\":true,\"admin_label\":\"\",\"help_text\":\"\",\"mask\":\"\",\"custom_mask\":\"\",\"drawerDisabled\":false,\"id\":127,\"beforeField\":\"\",\"afterField\":\"\",\"value\":\"\",\"parentType\":\"textbox\",\"element_templates\":[\"textbox\",\"input\"],\"old_classname\":\"\",\"wrap_template\":\"wrap\"},{\"objectType\":\"Field\",\"objectDomain\":\"fields\",\"editActive\":false,\"order\":8,\"type\":\"recaptcha\",\"label\":\"Recaptcha\",\"container_class\":\"\",\"element_class\":\"\",\"size\":\"visible\",\"key\":\"recaptcha_1523898400591\",\"id\":124,\"beforeField\":\"\",\"afterField\":\"\",\"value\":\"\",\"label_pos\":\"left\",\"parentType\":\"textbox\",\"element_templates\":[\"recaptcha\",\"input\"],\"old_classname\":\"\",\"wrap_template\":\"wrap\",\"site_key\":\"6LfsAUsUAAAAABlS_C57BX9wWZZuBxXSlyU1Pz6U\",\"theme\":\"light\",\"lang\":\"hu\"},{\"objectType\":\"Field\",\"objectDomain\":\"fields\",\"editActive\":false,\"order\":9,\"type\":\"submit\",\"label\":\"K\\u00fcld\\u00e9s\",\"processing_label\":\"Feldolgoz\\u00e1s ...\",\"container_class\":\"\",\"element_class\":\"\",\"key\":\"kuldes_1523898647062\",\"saved\":false,\"drawerDisabled\":false,\"id\":125,\"beforeField\":\"\",\"afterField\":\"\",\"value\":\"\",\"label_pos\":\"left\",\"parentType\":\"textbox\",\"element_templates\":[\"submit\",\"button\",\"input\"],\"old_classname\":\"\",\"wrap_template\":\"wrap-no-label\"}];nfForms.push(form);<\/script>\n                <\/div>\n    <\/div>\n<\/div>\n<!--<div class=\"esemeny-search-form\">-->\n<!--    <input class=\"esemeny-search\">-->\n<!--    <button class=\"esemeny-search-button\"><\/button>-->\n<!--    <button class=\"kv-button esemeny-search-back\">Vissza<\/button>-->\n<!---->\n<!--<\/div>-->\n\n<a class=\"hide-on-med-and-down\" href=\"\/lakossagi-informaciok\/egeszsegugy\/kortalan-torna\/\">\n    <button class=\"kv-button kortalan\"> Kortalan torna<\/button>\n<\/a>\n<ul class=\"kv-calendar-filter-list hide-on-med-and-down\">\n        <div class=\"clearfix\"><\/div>\n<\/ul>\n\n        <\/div>\n    <\/div>\n    <div class=\"kv-page-content-container\">\n        <div class=\"kv-page-content ajax-content event-calendar-content\">\n            <div class=\"kv-loader\"><p><\/p><\/div>\n            <div id=\"kv-calendar-list-container\">\n                <p class=\"center-align empty-content-text\">Nincsenek esem\u00e9nyek ezen a napon<\/p>            <\/div>\n        <\/div>\n    <\/div>\n<\/div><\/p>","protected":false},"excerpt":{"rendered":"","protected":false},"author":1,"featured_media":0,"parent":267,"menu_order":0,"comment_status":"closed","ping_status":"closed","template":"","meta":[],"acf":[],"yoast_head":"<!-- This site is optimized with the Yoast SEO plugin v19.8 - https:\/\/yoast.com\/wordpress\/plugins\/seo\/ -->\n<title>Esem\u00e9nyek - Kaposv\u00e1r Megyei Jog\u00fa V\u00e1ros<\/title>\n<meta name=\"robots\" content=\"index, follow, max-snippet:-1, max-image-preview:large, max-video-preview:-1\" \/>\n<link rel=\"canonical\" href=\"https:\/\/otthon.kaposvar.hu\/hu\/lakossagi-informaciok\/kozossegek\/civil-szervezetek\/esemenyek\/\" \/>\n<meta property=\"og:locale\" content=\"hu_HU\" \/>\n<meta property=\"og:type\" content=\"article\" \/>\n<meta property=\"og:title\" content=\"Esem\u00e9nyek - Kaposv\u00e1r Megyei Jog\u00fa V\u00e1ros\" \/>\n<meta property=\"og:url\" content=\"https:\/\/otthon.kaposvar.hu\/hu\/lakossagi-informaciok\/kozossegek\/civil-szervezetek\/esemenyek\/\" \/>\n<meta property=\"og:site_name\" content=\"Kaposv\u00e1r Megyei Jog\u00fa V\u00e1ros\" \/>\n<meta property=\"article:publisher\" content=\"https:\/\/www.facebook.com\/cityofkaposvar\/\" \/>\n<meta property=\"article:modified_time\" content=\"2018-04-16T18:24:16+00:00\" \/>\n<meta property=\"og:image\" content=\"https:\/\/otthon.kaposvar.hu\/wp-content\/uploads\/2021\/10\/kaposvar_social.jpg\" \/>\n\t<meta property=\"og:image:width\" content=\"1200\" \/>\n\t<meta property=\"og:image:height\" content=\"900\" \/>\n\t<meta property=\"og:image:type\" content=\"image\/jpeg\" \/>\n<meta name=\"twitter:card\" content=\"summary_large_image\" \/>\n<script type=\"application\/ld+json\" class=\"yoast-schema-graph\">{\"@context\":\"https:\/\/schema.org\",\"@graph\":[{\"@type\":\"WebPage\",\"@id\":\"https:\/\/otthon.kaposvar.hu\/hu\/lakossagi-informaciok\/kozossegek\/civil-szervezetek\/esemenyek\/\",\"url\":\"https:\/\/otthon.kaposvar.hu\/hu\/lakossagi-informaciok\/kozossegek\/civil-szervezetek\/esemenyek\/\",\"name\":\"Esem\u00e9nyek - Kaposv\u00e1r Megyei Jog\u00fa V\u00e1ros\",\"isPartOf\":{\"@id\":\"https:\/\/otthon.kaposvar.hu\/hu\/#website\"},\"datePublished\":\"2018-04-16T17:13:24+00:00\",\"dateModified\":\"2018-04-16T18:24:16+00:00\",\"breadcrumb\":{\"@id\":\"https:\/\/otthon.kaposvar.hu\/hu\/lakossagi-informaciok\/kozossegek\/civil-szervezetek\/esemenyek\/#breadcrumb\"},\"inLanguage\":\"hu\",\"potentialAction\":[{\"@type\":\"ReadAction\",\"target\":[[\"https:\/\/otthon.kaposvar.hu\/hu\/lakossagi-informaciok\/kozossegek\/civil-szervezetek\/esemenyek\/\"]]}]},{\"@type\":\"BreadcrumbList\",\"@id\":\"https:\/\/otthon.kaposvar.hu\/hu\/lakossagi-informaciok\/kozossegek\/civil-szervezetek\/esemenyek\/#breadcrumb\",\"itemListElement\":[{\"@type\":\"ListItem\",\"position\":1,\"name\":\"Home\",\"item\":\"https:\/\/otthon.kaposvar.hu\/hu\/\"},{\"@type\":\"ListItem\",\"position\":2,\"name\":\"Lakoss\u00e1gi inform\u00e1ci\u00f3k\",\"item\":\"https:\/\/otthon.kaposvar.hu\/hu\/lakossagi-informaciok\/\"},{\"@type\":\"ListItem\",\"position\":3,\"name\":\"K\u00f6z\u00f6ss\u00e9gek\",\"item\":\"https:\/\/otthon.kaposvar.hu\/hu\/lakossagi-informaciok\/kozossegek\/\"},{\"@type\":\"ListItem\",\"position\":4,\"name\":\"Civil szervezetek\",\"item\":\"https:\/\/otthon.kaposvar.hu\/hu\/lakossagi-informaciok\/kozossegek\/civil-szervezetek\/\"},{\"@type\":\"ListItem\",\"position\":5,\"name\":\"Esem\u00e9nyek\"}]},{\"@type\":\"WebSite\",\"@id\":\"https:\/\/otthon.kaposvar.hu\/hu\/#website\",\"url\":\"https:\/\/otthon.kaposvar.hu\/hu\/\",\"name\":\"Kaposv\u00e1r Megyei Jog\u00fa V\u00e1ros\",\"description\":\"\",\"publisher\":{\"@id\":\"https:\/\/otthon.kaposvar.hu\/hu\/#organization\"},\"potentialAction\":[{\"@type\":\"SearchAction\",\"target\":{\"@type\":\"EntryPoint\",\"urlTemplate\":\"https:\/\/otthon.kaposvar.hu\/hu\/?s={search_term_string}\"},\"query-input\":\"required name=search_term_string\"}],\"inLanguage\":\"hu\"},{\"@type\":\"Organization\",\"@id\":\"https:\/\/otthon.kaposvar.hu\/hu\/#organization\",\"name\":\"Kaposv\u00e1r Megyei Jog\u00fa V\u00e1ros\",\"url\":\"https:\/\/otthon.kaposvar.hu\/hu\/\",\"sameAs\":[\"https:\/\/www.instagram.com\/cityofkaposvar\/\",\"https:\/\/www.facebook.com\/cityofkaposvar\/\"],\"logo\":{\"@type\":\"ImageObject\",\"inLanguage\":\"hu\",\"@id\":\"https:\/\/otthon.kaposvar.hu\/hu\/#\/schema\/logo\/image\/\",\"url\":\"https:\/\/otthon.kaposvar.hu\/wp-content\/uploads\/2021\/10\/kaposvar_social.jpg\",\"contentUrl\":\"https:\/\/otthon.kaposvar.hu\/wp-content\/uploads\/2021\/10\/kaposvar_social.jpg\",\"width\":1200,\"height\":900,\"caption\":\"Kaposv\u00e1r Megyei Jog\u00fa V\u00e1ros\"},\"image\":{\"@id\":\"https:\/\/otthon.kaposvar.hu\/hu\/#\/schema\/logo\/image\/\"}}]}<\/script>\n<!-- \/ Yoast SEO plugin. -->","yoast_head_json":{"title":"Esem\u00e9nyek - Kaposv\u00e1r Megyei Jog\u00fa V\u00e1ros","robots":{"index":"index","follow":"follow","max-snippet":"max-snippet:-1","max-image-preview":"max-image-preview:large","max-video-preview":"max-video-preview:-1"},"canonical":"https:\/\/otthon.kaposvar.hu\/hu\/lakossagi-informaciok\/kozossegek\/civil-szervezetek\/esemenyek\/","og_locale":"hu_HU","og_type":"article","og_title":"Esem\u00e9nyek - Kaposv\u00e1r Megyei Jog\u00fa V\u00e1ros","og_url":"https:\/\/otthon.kaposvar.hu\/hu\/lakossagi-informaciok\/kozossegek\/civil-szervezetek\/esemenyek\/","og_site_name":"Kaposv\u00e1r Megyei Jog\u00fa V\u00e1ros","article_publisher":"https:\/\/www.facebook.com\/cityofkaposvar\/","article_modified_time":"2018-04-16T18:24:16+00:00","og_image":[{"width":1200,"height":900,"url":"https:\/\/otthon.kaposvar.hu\/wp-content\/uploads\/2021\/10\/kaposvar_social.jpg","type":"image\/jpeg"}],"twitter_card":"summary_large_image","schema":{"@context":"https:\/\/schema.org","@graph":[{"@type":"WebPage","@id":"https:\/\/otthon.kaposvar.hu\/hu\/lakossagi-informaciok\/kozossegek\/civil-szervezetek\/esemenyek\/","url":"https:\/\/otthon.kaposvar.hu\/hu\/lakossagi-informaciok\/kozossegek\/civil-szervezetek\/esemenyek\/","name":"Esem\u00e9nyek - Kaposv\u00e1r Megyei Jog\u00fa V\u00e1ros","isPartOf":{"@id":"https:\/\/otthon.kaposvar.hu\/hu\/#website"},"datePublished":"2018-04-16T17:13:24+00:00","dateModified":"2018-04-16T18:24:16+00:00","breadcrumb":{"@id":"https:\/\/otthon.kaposvar.hu\/hu\/lakossagi-informaciok\/kozossegek\/civil-szervezetek\/esemenyek\/#breadcrumb"},"inLanguage":"hu","potentialAction":[{"@type":"ReadAction","target":[["https:\/\/otthon.kaposvar.hu\/hu\/lakossagi-informaciok\/kozossegek\/civil-szervezetek\/esemenyek\/"]]}]},{"@type":"BreadcrumbList","@id":"https:\/\/otthon.kaposvar.hu\/hu\/lakossagi-informaciok\/kozossegek\/civil-szervezetek\/esemenyek\/#breadcrumb","itemListElement":[{"@type":"ListItem","position":1,"name":"Home","item":"https:\/\/otthon.kaposvar.hu\/hu\/"},{"@type":"ListItem","position":2,"name":"Lakoss\u00e1gi inform\u00e1ci\u00f3k","item":"https:\/\/otthon.kaposvar.hu\/hu\/lakossagi-informaciok\/"},{"@type":"ListItem","position":3,"name":"K\u00f6z\u00f6ss\u00e9gek","item":"https:\/\/otthon.kaposvar.hu\/hu\/lakossagi-informaciok\/kozossegek\/"},{"@type":"ListItem","position":4,"name":"Civil szervezetek","item":"https:\/\/otthon.kaposvar.hu\/hu\/lakossagi-informaciok\/kozossegek\/civil-szervezetek\/"},{"@type":"ListItem","position":5,"name":"Esem\u00e9nyek"}]},{"@type":"WebSite","@id":"https:\/\/otthon.kaposvar.hu\/hu\/#website","url":"https:\/\/otthon.kaposvar.hu\/hu\/","name":"Kaposv\u00e1r Megyei Jog\u00fa V\u00e1ros","description":"","publisher":{"@id":"https:\/\/otthon.kaposvar.hu\/hu\/#organization"},"potentialAction":[{"@type":"SearchAction","target":{"@type":"EntryPoint","urlTemplate":"https:\/\/otthon.kaposvar.hu\/hu\/?s={search_term_string}"},"query-input":"required name=search_term_string"}],"inLanguage":"hu"},{"@type":"Organization","@id":"https:\/\/otthon.kaposvar.hu\/hu\/#organization","name":"Kaposv\u00e1r Megyei Jog\u00fa V\u00e1ros","url":"https:\/\/otthon.kaposvar.hu\/hu\/","sameAs":["https:\/\/www.instagram.com\/cityofkaposvar\/","https:\/\/www.facebook.com\/cityofkaposvar\/"],"logo":{"@type":"ImageObject","inLanguage":"hu","@id":"https:\/\/otthon.kaposvar.hu\/hu\/#\/schema\/logo\/image\/","url":"https:\/\/otthon.kaposvar.hu\/wp-content\/uploads\/2021\/10\/kaposvar_social.jpg","contentUrl":"https:\/\/otthon.kaposvar.hu\/wp-content\/uploads\/2021\/10\/kaposvar_social.jpg","width":1200,"height":900,"caption":"Kaposv\u00e1r Megyei Jog\u00fa V\u00e1ros"},"image":{"@id":"https:\/\/otthon.kaposvar.hu\/hu\/#\/schema\/logo\/image\/"}}]}},"_links":{"self":[{"href":"https:\/\/otthon.kaposvar.hu\/hu\/wp-json\/wp\/v2\/pages\/3097"}],"collection":[{"href":"https:\/\/otthon.kaposvar.hu\/hu\/wp-json\/wp\/v2\/pages"}],"about":[{"href":"https:\/\/otthon.kaposvar.hu\/hu\/wp-json\/wp\/v2\/types\/page"}],"author":[{"embeddable":true,"href":"https:\/\/otthon.kaposvar.hu\/hu\/wp-json\/wp\/v2\/users\/1"}],"replies":[{"embeddable":true,"href":"https:\/\/otthon.kaposvar.hu\/hu\/wp-json\/wp\/v2\/comments?post=3097"}],"version-history":[{"count":0,"href":"https:\/\/otthon.kaposvar.hu\/hu\/wp-json\/wp\/v2\/pages\/3097\/revisions"}],"up":[{"embeddable":true,"href":"https:\/\/otthon.kaposvar.hu\/hu\/wp-json\/wp\/v2\/pages\/267"}],"wp:attachment":[{"href":"https:\/\/otthon.kaposvar.hu\/hu\/wp-json\/wp\/v2\/media?parent=3097"}],"curies":[{"name":"wp","href":"https:\/\/api.w.org\/{rel}","templated":true}]}}