{"id":292,"date":"2017-01-22T11:56:36","date_gmt":"2017-01-22T10:56:36","guid":{"rendered":"http:\/\/lakossag.gyori.co.hu\/?page_id=292"},"modified":"2026-02-03T15:55:25","modified_gmt":"2026-02-03T14:55:25","slug":"szabadidosport-rendezvenyek","status":"publish","type":"page","link":"https:\/\/otthon.kaposvar.hu\/hu\/lakossagi-informaciok\/sport\/szabadidosport-rendezvenyek\/","title":{"rendered":"Szabadid\u0151sport-rendezv\u00e9nyek"},"content":{"rendered":"<p><\/p>\n<p>Kaposv\u00e1r v\u00e1ros szabadid\u0151sportj\u00e1t nagyon gazdag k\u00edn\u00e1lat jellemzi. Sok esem\u00e9nyszervez\u0151 dolgozik v\u00e1rosunkban, akik rendezv\u00e9nyeiket saj\u00e1t honlapjukon n\u00e9pszer\u0171s\u00edtik.<\/p>\n<p>A szabadid\u0151sport \u00f6sszefog\u00e1s\u00e1ra, fejleszt\u00e9s\u00e9re, sz\u00ednesebb\u00e9 t\u00e9tel\u00e9re Kaposv\u00e1r \u00d6nkorm\u00e1nyzata \u201cEg\u00e9szs\u00e9ges Kaposv\u00e1r 2030\u201d n\u00e9v alatt programsorozatot vezetett be. Az Eg\u00e9szs\u00e9ges Kaposv\u00e1r 2030 program szinte valamennyi t\u00e1rsrendezv\u00e9ny programjait aj\u00e1nlja a sportolni v\u00e1gy\u00f3k sz\u00e1m\u00e1ra. Ezeket a rendezv\u00e9nyeket r\u00e9szletesen megtal\u00e1lj\u00e1k az Eg\u00e9szs\u00e9ges Kaposv\u00e1r 2030 <a href=\"https:\/\/egeszseges.kaposvar.hu\/\">program honlapj\u00e1n<\/a> \u00e9s k\u00f6z\u00f6ss\u00e9gi m\u00e9diafel\u00fcletein, illetve az esem\u00e9nyek felker\u00fclnek a\u00a0<a href=\"https:\/\/szorakozz.kaposvar.hu\/esemenyek\/lista\/?tribe_eventcategory%5B0%5D=17\">Sz\u00f3rakozz, Kaposv\u00e1r! honlap sport \u00e9s szabadid\u0151 napt\u00e1r\u00e1ba<\/a>\u00a0is.<\/p>\n<div class=\"kv-page-margin-1\">\u00a0<\/div>\n<p>&nbsp;<\/p>\n<p><\/p>","protected":false},"excerpt":{"rendered":"<p>Kaposv\u00e1r v\u00e1ros szabadid\u0151sportj\u00e1t nagyon gazdag k\u00edn\u00e1lat jellemzi. Sok esem\u00e9nyszervez\u0151 dolgozik v\u00e1rosunkban, akik rendezv\u00e9nyeiket saj\u00e1t honlapjukon n\u00e9pszer\u0171s\u00edtik. A szabadid\u0151sport \u00f6sszefog\u00e1s\u00e1ra, fejleszt\u00e9s\u00e9re, sz\u00ednesebb\u00e9 t\u00e9tel\u00e9re Kaposv\u00e1r \u00d6nkorm\u00e1nyzata \u201cEg\u00e9szs\u00e9ges Kaposv\u00e1r 2030\u201d n\u00e9v alatt programsorozatot vezetett be. Az Eg\u00e9szs\u00e9ges Kaposv\u00e1r 2030 program szinte valamennyi t\u00e1rsrendezv\u00e9ny programjait aj\u00e1nlja a sportolni v\u00e1gy\u00f3k sz\u00e1m\u00e1ra. Ezeket a rendezv\u00e9nyeket r\u00e9szletesen megtal\u00e1lj\u00e1k az Eg\u00e9szs\u00e9ges Kaposv\u00e1r 2030 [&hellip;]<\/p>\n","protected":false},"author":1,"featured_media":1427,"parent":279,"menu_order":0,"comment_status":"closed","ping_status":"closed","template":"","meta":[],"acf":[],"yoast_head":"<!-- This site is optimized with the Yoast SEO plugin v19.8 - https:\/\/yoast.com\/wordpress\/plugins\/seo\/ -->\n<title>Szabadid\u0151sport-rendezv\u00e9nyek - Kaposv\u00e1r Megyei Jog\u00fa V\u00e1ros<\/title>\n<meta name=\"robots\" content=\"index, follow, max-snippet:-1, max-image-preview:large, max-video-preview:-1\" \/>\n<link rel=\"canonical\" href=\"https:\/\/otthon.kaposvar.hu\/hu\/lakossagi-informaciok\/sport\/szabadidosport-rendezvenyek\/\" \/>\n<meta property=\"og:locale\" content=\"hu_HU\" \/>\n<meta property=\"og:type\" content=\"article\" \/>\n<meta property=\"og:title\" content=\"Szabadid\u0151sport-rendezv\u00e9nyek - Kaposv\u00e1r Megyei Jog\u00fa V\u00e1ros\" \/>\n<meta property=\"og:description\" content=\"Kaposv\u00e1r v\u00e1ros szabadid\u0151sportj\u00e1t nagyon gazdag k\u00edn\u00e1lat jellemzi. Sok esem\u00e9nyszervez\u0151 dolgozik v\u00e1rosunkban, akik rendezv\u00e9nyeiket saj\u00e1t honlapjukon n\u00e9pszer\u0171s\u00edtik. A szabadid\u0151sport \u00f6sszefog\u00e1s\u00e1ra, fejleszt\u00e9s\u00e9re, sz\u00ednesebb\u00e9 t\u00e9tel\u00e9re Kaposv\u00e1r \u00d6nkorm\u00e1nyzata \u201cEg\u00e9szs\u00e9ges Kaposv\u00e1r 2030\u201d n\u00e9v alatt programsorozatot vezetett be. Az Eg\u00e9szs\u00e9ges Kaposv\u00e1r 2030 program szinte valamennyi t\u00e1rsrendezv\u00e9ny programjait aj\u00e1nlja a sportolni v\u00e1gy\u00f3k sz\u00e1m\u00e1ra. Ezeket a rendezv\u00e9nyeket r\u00e9szletesen megtal\u00e1lj\u00e1k az Eg\u00e9szs\u00e9ges Kaposv\u00e1r 2030 [&hellip;]\" \/>\n<meta property=\"og:url\" content=\"https:\/\/otthon.kaposvar.hu\/hu\/lakossagi-informaciok\/sport\/szabadidosport-rendezvenyek\/\" \/>\n<meta property=\"og:site_name\" content=\"Kaposv\u00e1r Megyei Jog\u00fa V\u00e1ros\" \/>\n<meta property=\"article:publisher\" content=\"https:\/\/www.facebook.com\/cityofkaposvar\/\" \/>\n<meta property=\"article:modified_time\" content=\"2026-02-03T14:55:25+00:00\" \/>\n<meta property=\"og:image\" content=\"https:\/\/otthon.kaposvar.hu\/wp-content\/uploads\/2017\/01\/sportegyesuletek-1.jpg\" \/>\n\t<meta property=\"og:image:width\" content=\"2400\" \/>\n\t<meta property=\"og:image:height\" content=\"1597\" \/>\n\t<meta property=\"og:image:type\" content=\"image\/jpeg\" \/>\n<meta name=\"twitter:card\" content=\"summary_large_image\" \/>\n<meta name=\"twitter:label1\" content=\"Becs\u00fclt olvas\u00e1si id\u0151\" \/>\n\t<meta name=\"twitter:data1\" content=\"1 perc\" \/>\n<script type=\"application\/ld+json\" class=\"yoast-schema-graph\">{\"@context\":\"https:\/\/schema.org\",\"@graph\":[{\"@type\":\"WebPage\",\"@id\":\"https:\/\/otthon.kaposvar.hu\/hu\/lakossagi-informaciok\/sport\/szabadidosport-rendezvenyek\/\",\"url\":\"https:\/\/otthon.kaposvar.hu\/hu\/lakossagi-informaciok\/sport\/szabadidosport-rendezvenyek\/\",\"name\":\"Szabadid\u0151sport-rendezv\u00e9nyek - Kaposv\u00e1r Megyei Jog\u00fa V\u00e1ros\",\"isPartOf\":{\"@id\":\"https:\/\/otthon.kaposvar.hu\/hu\/#website\"},\"datePublished\":\"2017-01-22T10:56:36+00:00\",\"dateModified\":\"2026-02-03T14:55:25+00:00\",\"breadcrumb\":{\"@id\":\"https:\/\/otthon.kaposvar.hu\/hu\/lakossagi-informaciok\/sport\/szabadidosport-rendezvenyek\/#breadcrumb\"},\"inLanguage\":\"hu\",\"potentialAction\":[{\"@type\":\"ReadAction\",\"target\":[[\"https:\/\/otthon.kaposvar.hu\/hu\/lakossagi-informaciok\/sport\/szabadidosport-rendezvenyek\/\"]]}]},{\"@type\":\"BreadcrumbList\",\"@id\":\"https:\/\/otthon.kaposvar.hu\/hu\/lakossagi-informaciok\/sport\/szabadidosport-rendezvenyek\/#breadcrumb\",\"itemListElement\":[{\"@type\":\"ListItem\",\"position\":1,\"name\":\"Home\",\"item\":\"https:\/\/otthon.kaposvar.hu\/hu\/\"},{\"@type\":\"ListItem\",\"position\":2,\"name\":\"Lakoss\u00e1gi inform\u00e1ci\u00f3k\",\"item\":\"https:\/\/otthon.kaposvar.hu\/hu\/lakossagi-informaciok\/\"},{\"@type\":\"ListItem\",\"position\":3,\"name\":\"Sport\",\"item\":\"https:\/\/otthon.kaposvar.hu\/hu\/lakossagi-informaciok\/sport\/\"},{\"@type\":\"ListItem\",\"position\":4,\"name\":\"Szabadid\u0151sport-rendezv\u00e9nyek\"}]},{\"@type\":\"WebSite\",\"@id\":\"https:\/\/otthon.kaposvar.hu\/hu\/#website\",\"url\":\"https:\/\/otthon.kaposvar.hu\/hu\/\",\"name\":\"Kaposv\u00e1r Megyei Jog\u00fa V\u00e1ros\",\"description\":\"\",\"publisher\":{\"@id\":\"https:\/\/otthon.kaposvar.hu\/hu\/#organization\"},\"potentialAction\":[{\"@type\":\"SearchAction\",\"target\":{\"@type\":\"EntryPoint\",\"urlTemplate\":\"https:\/\/otthon.kaposvar.hu\/hu\/?s={search_term_string}\"},\"query-input\":\"required name=search_term_string\"}],\"inLanguage\":\"hu\"},{\"@type\":\"Organization\",\"@id\":\"https:\/\/otthon.kaposvar.hu\/hu\/#organization\",\"name\":\"Kaposv\u00e1r Megyei Jog\u00fa V\u00e1ros\",\"url\":\"https:\/\/otthon.kaposvar.hu\/hu\/\",\"sameAs\":[\"https:\/\/www.instagram.com\/cityofkaposvar\/\",\"https:\/\/www.facebook.com\/cityofkaposvar\/\"],\"logo\":{\"@type\":\"ImageObject\",\"inLanguage\":\"hu\",\"@id\":\"https:\/\/otthon.kaposvar.hu\/hu\/#\/schema\/logo\/image\/\",\"url\":\"https:\/\/otthon.kaposvar.hu\/wp-content\/uploads\/2021\/10\/kaposvar_social.jpg\",\"contentUrl\":\"https:\/\/otthon.kaposvar.hu\/wp-content\/uploads\/2021\/10\/kaposvar_social.jpg\",\"width\":1200,\"height\":900,\"caption\":\"Kaposv\u00e1r Megyei Jog\u00fa V\u00e1ros\"},\"image\":{\"@id\":\"https:\/\/otthon.kaposvar.hu\/hu\/#\/schema\/logo\/image\/\"}}]}<\/script>\n<!-- \/ Yoast SEO plugin. -->","yoast_head_json":{"title":"Szabadid\u0151sport-rendezv\u00e9nyek - Kaposv\u00e1r Megyei Jog\u00fa V\u00e1ros","robots":{"index":"index","follow":"follow","max-snippet":"max-snippet:-1","max-image-preview":"max-image-preview:large","max-video-preview":"max-video-preview:-1"},"canonical":"https:\/\/otthon.kaposvar.hu\/hu\/lakossagi-informaciok\/sport\/szabadidosport-rendezvenyek\/","og_locale":"hu_HU","og_type":"article","og_title":"Szabadid\u0151sport-rendezv\u00e9nyek - Kaposv\u00e1r Megyei Jog\u00fa V\u00e1ros","og_description":"Kaposv\u00e1r v\u00e1ros szabadid\u0151sportj\u00e1t nagyon gazdag k\u00edn\u00e1lat jellemzi. Sok esem\u00e9nyszervez\u0151 dolgozik v\u00e1rosunkban, akik rendezv\u00e9nyeiket saj\u00e1t honlapjukon n\u00e9pszer\u0171s\u00edtik. A szabadid\u0151sport \u00f6sszefog\u00e1s\u00e1ra, fejleszt\u00e9s\u00e9re, sz\u00ednesebb\u00e9 t\u00e9tel\u00e9re Kaposv\u00e1r \u00d6nkorm\u00e1nyzata \u201cEg\u00e9szs\u00e9ges Kaposv\u00e1r 2030\u201d n\u00e9v alatt programsorozatot vezetett be. Az Eg\u00e9szs\u00e9ges Kaposv\u00e1r 2030 program szinte valamennyi t\u00e1rsrendezv\u00e9ny programjait aj\u00e1nlja a sportolni v\u00e1gy\u00f3k sz\u00e1m\u00e1ra. Ezeket a rendezv\u00e9nyeket r\u00e9szletesen megtal\u00e1lj\u00e1k az Eg\u00e9szs\u00e9ges Kaposv\u00e1r 2030 [&hellip;]","og_url":"https:\/\/otthon.kaposvar.hu\/hu\/lakossagi-informaciok\/sport\/szabadidosport-rendezvenyek\/","og_site_name":"Kaposv\u00e1r Megyei Jog\u00fa V\u00e1ros","article_publisher":"https:\/\/www.facebook.com\/cityofkaposvar\/","article_modified_time":"2026-02-03T14:55:25+00:00","og_image":[{"width":2400,"height":1597,"url":"https:\/\/otthon.kaposvar.hu\/wp-content\/uploads\/2017\/01\/sportegyesuletek-1.jpg","type":"image\/jpeg"}],"twitter_card":"summary_large_image","twitter_misc":{"Becs\u00fclt olvas\u00e1si id\u0151":"1 perc"},"schema":{"@context":"https:\/\/schema.org","@graph":[{"@type":"WebPage","@id":"https:\/\/otthon.kaposvar.hu\/hu\/lakossagi-informaciok\/sport\/szabadidosport-rendezvenyek\/","url":"https:\/\/otthon.kaposvar.hu\/hu\/lakossagi-informaciok\/sport\/szabadidosport-rendezvenyek\/","name":"Szabadid\u0151sport-rendezv\u00e9nyek - Kaposv\u00e1r Megyei Jog\u00fa V\u00e1ros","isPartOf":{"@id":"https:\/\/otthon.kaposvar.hu\/hu\/#website"},"datePublished":"2017-01-22T10:56:36+00:00","dateModified":"2026-02-03T14:55:25+00:00","breadcrumb":{"@id":"https:\/\/otthon.kaposvar.hu\/hu\/lakossagi-informaciok\/sport\/szabadidosport-rendezvenyek\/#breadcrumb"},"inLanguage":"hu","potentialAction":[{"@type":"ReadAction","target":[["https:\/\/otthon.kaposvar.hu\/hu\/lakossagi-informaciok\/sport\/szabadidosport-rendezvenyek\/"]]}]},{"@type":"BreadcrumbList","@id":"https:\/\/otthon.kaposvar.hu\/hu\/lakossagi-informaciok\/sport\/szabadidosport-rendezvenyek\/#breadcrumb","itemListElement":[{"@type":"ListItem","position":1,"name":"Home","item":"https:\/\/otthon.kaposvar.hu\/hu\/"},{"@type":"ListItem","position":2,"name":"Lakoss\u00e1gi inform\u00e1ci\u00f3k","item":"https:\/\/otthon.kaposvar.hu\/hu\/lakossagi-informaciok\/"},{"@type":"ListItem","position":3,"name":"Sport","item":"https:\/\/otthon.kaposvar.hu\/hu\/lakossagi-informaciok\/sport\/"},{"@type":"ListItem","position":4,"name":"Szabadid\u0151sport-rendezv\u00e9nyek"}]},{"@type":"WebSite","@id":"https:\/\/otthon.kaposvar.hu\/hu\/#website","url":"https:\/\/otthon.kaposvar.hu\/hu\/","name":"Kaposv\u00e1r Megyei Jog\u00fa V\u00e1ros","description":"","publisher":{"@id":"https:\/\/otthon.kaposvar.hu\/hu\/#organization"},"potentialAction":[{"@type":"SearchAction","target":{"@type":"EntryPoint","urlTemplate":"https:\/\/otthon.kaposvar.hu\/hu\/?s={search_term_string}"},"query-input":"required name=search_term_string"}],"inLanguage":"hu"},{"@type":"Organization","@id":"https:\/\/otthon.kaposvar.hu\/hu\/#organization","name":"Kaposv\u00e1r Megyei Jog\u00fa V\u00e1ros","url":"https:\/\/otthon.kaposvar.hu\/hu\/","sameAs":["https:\/\/www.instagram.com\/cityofkaposvar\/","https:\/\/www.facebook.com\/cityofkaposvar\/"],"logo":{"@type":"ImageObject","inLanguage":"hu","@id":"https:\/\/otthon.kaposvar.hu\/hu\/#\/schema\/logo\/image\/","url":"https:\/\/otthon.kaposvar.hu\/wp-content\/uploads\/2021\/10\/kaposvar_social.jpg","contentUrl":"https:\/\/otthon.kaposvar.hu\/wp-content\/uploads\/2021\/10\/kaposvar_social.jpg","width":1200,"height":900,"caption":"Kaposv\u00e1r Megyei Jog\u00fa V\u00e1ros"},"image":{"@id":"https:\/\/otthon.kaposvar.hu\/hu\/#\/schema\/logo\/image\/"}}]}},"_links":{"self":[{"href":"https:\/\/otthon.kaposvar.hu\/hu\/wp-json\/wp\/v2\/pages\/292"}],"collection":[{"href":"https:\/\/otthon.kaposvar.hu\/hu\/wp-json\/wp\/v2\/pages"}],"about":[{"href":"https:\/\/otthon.kaposvar.hu\/hu\/wp-json\/wp\/v2\/types\/page"}],"author":[{"embeddable":true,"href":"https:\/\/otthon.kaposvar.hu\/hu\/wp-json\/wp\/v2\/users\/1"}],"replies":[{"embeddable":true,"href":"https:\/\/otthon.kaposvar.hu\/hu\/wp-json\/wp\/v2\/comments?post=292"}],"version-history":[{"count":0,"href":"https:\/\/otthon.kaposvar.hu\/hu\/wp-json\/wp\/v2\/pages\/292\/revisions"}],"up":[{"embeddable":true,"href":"https:\/\/otthon.kaposvar.hu\/hu\/wp-json\/wp\/v2\/pages\/279"}],"wp:featuredmedia":[{"embeddable":true,"href":"https:\/\/otthon.kaposvar.hu\/hu\/wp-json\/wp\/v2\/media\/1427"}],"wp:attachment":[{"href":"https:\/\/otthon.kaposvar.hu\/hu\/wp-json\/wp\/v2\/media?parent=292"}],"curies":[{"name":"wp","href":"https:\/\/api.w.org\/{rel}","templated":true}]}}