{"id":283,"date":"2017-01-22T11:55:19","date_gmt":"2017-01-22T10:55:19","guid":{"rendered":"http:\/\/lakossag.gyori.co.hu\/?page_id=283"},"modified":"2026-02-03T15:54:33","modified_gmt":"2026-02-03T14:54:33","slug":"sportletesitmenyek","status":"publish","type":"page","link":"https:\/\/otthon.kaposvar.hu\/hu\/lakossagi-informaciok\/sport\/sportletesitmenyek\/","title":{"rendered":"Sportl\u00e9tes\u00edtm\u00e9nyek"},"content":{"rendered":"<p><\/p>\n<h2 class=\"kv-page-content-paragraph kv-page-content-title\">Kapos Sport Nonprofit Kft.<\/h2>\n<p class=\"kv-page-content-paragraph\">7400 Kaposv\u00e1r, Arany J\u00e1nos utca 97.<br \/>\nTelefon: +36 (82) 527 690, +36 (20) 272 6865<br \/>\nE-mail: <a href=\"mailto:titkarsag@kapossport.hu\">titkarsag@kapossport.hu<\/a><br \/>\nWeb: <a href=\"http:\/\/www.kapossport.hu\" target=\"_blank\" rel=\"noopener noreferrer\">www.kapossport.hu<\/a><\/p>\n<div class=\"kv-page-content-paragraph kv-page-margin-05\">\u00a0<\/div>\n<h4 class=\"kv-page-content-paragraph kv-page-content-subtitle kv-page-content-paragraphtitle\">L\u00e9tes\u00edtm\u00e9nyek<\/h4>\n<p class=\"kv-page-content-paragraph\">Asztalitenisz-csarnok<br \/>\nJ\u00e9gcsarnok<br \/>\nJudocsarnok<br \/>\nKajak-kenu evez\u0151s tanmedence<br \/>\nKaposv\u00e1r Ar\u00e9na<br \/>\nK\u00f6rcsarnok<br \/>\nLabdar\u00fag\u00f3p\u00e1lya (m\u0171f\u00fcves kisp\u00e1lya)<br \/>\nM\u0171anyag bor\u00edt\u00e1s\u00fa atl\u00e9tikai p\u00e1lya<br \/>\nRG-csarnok (h\u00e1rom munkahelyes + balett-terem)<\/p>\n<div class=\"kv-page-content-paragraph kv-page-margin-05\">\u00a0<\/div>\n<h3 class=\"kv-page-content-paragraph kv-page-content-subtitle\">Kaposv\u00e1ri Sportk\u00f6zpont \u00e9s Sportiskola<\/h3>\n<h4 class=\"kv-page-content-paragraph kv-page-content-paragraphtitle\">Igazgat\u00f3: Fekete \u00c1d\u00e1m<\/h4>\n<p class=\"kv-page-content-paragraph\">7400 Kaposv\u00e1r, Arany J\u00e1nos utca 97.<br \/>\nTelefon: +36 (82) 511 431<br \/>\nE-mail: <a href=\"mailto:info@kapos-sport.hu\">info@kapos-sport.hu<\/a><br \/>\nWeb: <a href=\"http:\/\/www.kapos-sport.hu\" target=\"_blank\" rel=\"noopener noreferrer\">www.kapos-sport.hu<\/a><\/p>\n<h4 class=\"kv-page-content-paragraph kv-page-content-paragraphtitle\">Szakoszt\u00e1lyok<\/h4>\n<p class=\"kv-page-content-paragraph\">Atl\u00e9tika<br \/>\nBirk\u00f3z\u00e1s<br \/>\nJ\u00e9gkorong<br \/>\nJudo<br \/>\nKajak-kenu<br \/>\nKos\u00e1rlabda<br \/>\n\u00d6ttusa<br \/>\nR\u00f6plabda<br \/>\n\u00dasz\u00e1s<\/p>\n<div class=\"kv-page-content-paragraph kv-page-margin-05\">\u00a0<\/div>\n<h4 class=\"kv-page-content-paragraph kv-page-content-subtitle kv-page-content-paragraphtitle\">L\u00e9tes\u00edtm\u00e9nyek<\/h4>\n<p class=\"kv-page-content-paragraph\"><a href=\"http:\/\/www.kaposvarijegcsarnok.hu\" target=\"_blank\" rel=\"noopener\">J\u00e9gcsarnok<\/a><\/p>\n<div class=\"kv-page-margin-1\">\u00a0<\/div>\n<p><img loading=\"lazy\" class=\"alignnone wp-image-1835 size-large\" src=\"https:\/\/otthon.kaposvar.hu\/wp-content\/uploads\/2017\/01\/viragfurdo06-1024x546.jpg\" alt=\"\" width=\"1024\" height=\"546\" srcset=\"https:\/\/otthon.kaposvar.hu\/wp-content\/uploads\/2017\/01\/viragfurdo06-1024x546.jpg 1024w, https:\/\/otthon.kaposvar.hu\/wp-content\/uploads\/2017\/01\/viragfurdo06-300x160.jpg 300w, https:\/\/otthon.kaposvar.hu\/wp-content\/uploads\/2017\/01\/viragfurdo06-768x410.jpg 768w, https:\/\/otthon.kaposvar.hu\/wp-content\/uploads\/2017\/01\/viragfurdo06.jpg 2000w\" sizes=\"(max-width: 1024px) 100vw, 1024px\" \/><\/p>\n<div class=\"kv-page-margin-1\">\u00a0<\/div>\n<h2 class=\"kv-page-content-title\">Vir\u00e1gf\u00fcrd\u0151<\/h2>\n<p class=\"kv-page-content-paragraph\">7400 Kaposv\u00e1r, Csik Ferenc s\u00e9t\u00e1ny 1.<br \/>\nTelefon: +36 (82) 321 044<br \/>\nFax: +36 (82) 321 530<br \/>\nE-mail: <a href=\"mailto:info@viragfurdo.hu\">info@viragfurdo.hu<\/a><br \/>\nHonlap: <a href=\"http:\/\/www.viragfurdo.hu\" target=\"_blank\" rel=\"noopener noreferrer\">www.viragfurdo.hu<\/a><\/p>\n<p class=\"kv-page-content-paragraph\">\u00a0<\/p>\n<h3 class=\"kv-page-content-subtitle\">Strandf\u00fcrd\u0151 &#8211; szabadt\u00e9ri \u00e9lm\u00e9nyf\u00fcrd\u0151<\/h3>\n<p>A kaposv\u00e1ri Vir\u00e1gf\u00fcrd\u0151 szabadt\u00e9ri r\u00e9sz\u00e9n 2006-ban k\u00e9sz\u00fclt el a 4400 n\u00e9gyzetm\u00e9ter egybef\u00fcgg\u0151 v\u00edzfel\u00fclettel \u00e9s sz\u00e1mtalan \u00e9lm\u00e9nyelemmel ell\u00e1tott strandf\u00fcrd\u0151. A f\u00fcrd\u0151 a ny\u00e1ri szezonban 17-fajta, \u00f6sszesen 46 l\u00e1tv\u00e1nyelemmel v\u00e1rja a f\u00fcrd\u0151z\u0151ket. T\u00f6bbek k\u00f6z\u00f6tt a h\u00e1tfalbef\u00fav\u00f3k, v\u00edzerny\u0151, nyakzuhany, v\u00edzk\u00f6p\u0151k, \u00f6vzuhany, buzg\u00e1rok, gejz\u00edrek, kamikazecs\u00faszda, csal\u00e1di cs\u00faszda, anakonda, barlangcs\u00faszda, barlangv\u00edzes\u00e9s, v\u00edzf\u00fcgg\u00f6ny, sodr\u00f3folyos\u00f3 \u00e9s v\u00edzgomb\u00e1k teszik felejthetetlen \u00e9lm\u00e9nny\u00e9 a f\u00fcrd\u0151z\u00e9st. A gyermekek r\u00e9sz\u00e9re k\u00fcl\u00f6n\u00e1ll\u00f3 gyermekmedence \u00e1ll rendelkez\u00e9sre, melyben ak\u00e1r a kisbab\u00e1k is \u00f6nfeledten pancsolhatnak. A strand f\u00fcves ter\u00fclet\u00e9n l\u00e1bteniszp\u00e1lya, j\u00e1tsz\u00f3t\u00e9r, homokos strandr\u00f6plabdap\u00e1lya valamint pingpongoz\u00e1si lehet\u0151s\u00e9g is v\u00e1rja a f\u00fcrd\u0151vend\u00e9geket. A f\u00fcrd\u0151z\u0151k \u00e9tkez\u00e9s\u00e9r\u0151l sz\u00e1mos vend\u00e9gl\u00e1t\u00f3egys\u00e9g, fagyiz\u00f3 \u00e9s l\u00e1ngoss\u00fct\u0151 is gondoskodik.<\/p>\n<div class=\"kv-page-margin-05\">\u00a0<\/div>\n<h3 class=\"kv-page-content-subtitle\">Fedett \u00e9lm\u00e9nyf\u00fcrd\u0151<\/h3>\n<p class=\"kv-page-content-paragraph\">2011 nyar\u00e1n \u00e1tadt\u00e1k a fedett \u00e9lm\u00e9nyf\u00fcrd\u0151t is, melyben egy h\u00e1rmas medenceegys\u00e9g szolg\u00e1lja az \u00f6nfeledt sz\u00f3rakoz\u00e1st \u00e9s f\u00fcrd\u0151z\u00e9st eg\u00e9sz \u00e9vben. A v\u00edzk\u00f6p\u0151s gyermekmedence, a v\u00edz-leveg\u0151 bef\u00fav\u00e1sos, h\u00e1t- \u00e9s der\u00e9kmassz\u00e1zzsal k\u00e9nyeztet\u0151 pezsg\u0151medence, valamint a sodr\u00f3folyos\u00f3val, buzg\u00e1rral, nyakzuhanyokkal, pezsg\u0151\u00e1ggyal, gejz\u00edrrel \u00e9s cs\u00faszd\u00e1val felszerelt fedett \u00e9lm\u00e9nymedence teszi teljess\u00e9 a f\u00fcrd\u0151z\u00e9s \u00e9lm\u00e9ny\u00e9t. A fedett \u00e9lm\u00e9nymedenc\u00e9hez szabad \u00e1tj\u00e1r\u00e1ssal k\u00f6zvetlen\u00fcl kapcsol\u00f3d\u00f3 k\u00fclt\u00e9ri \u00e9lm\u00e9nymedence, valamint a pezsg\u0151medence sodr\u00f3folyos\u00f3val, nyakzuhanyokkal, v\u00edz alatti pezsg\u0151lapokkal, oldalmassz\u00e1zzsal \u00e9s bef\u00fav\u00f3kkal biztos\u00edtja a csal\u00e1di kikapcsol\u00f3d\u00e1st ak\u00e1r a t\u00e9li id\u0151szakban is, \u00edgy a vend\u00e9gek m\u00e9g h\u00f3es\u00e9sben is \u00e9lvezhetik a szabadt\u00e9ri meleg vizes \u00e9lm\u00e9nyf\u00fcrd\u0151t.<\/p>\n<div class=\"kv-page-margin-05\">\u00a0<\/div>\n<h3 class=\"kv-page-content-subtitle\">Gy\u00f3gyf\u00fcrd\u0151<\/h3>\n<p>A kaposv\u00e1ri Vir\u00e1gf\u00fcrd\u0151 gy\u00f3gyf\u00fcrd\u0151je egy min\u0151s\u00edtett gy\u00f3gyvizes k\u00fattal \u00e9s egy gy\u00f3gyv\u00edzz\u00e9 min\u0151s\u00edtett meleg vizes k\u00fattal rendelkezik. A f\u00fcrd\u0151 gy\u00f3gyvize alk\u00e1li-kloridos \u00e9s hidrog\u00e9n-karbon\u00e1tos h\u00e9v\u00edz, mely br\u00f3mot, j\u00f3dot, fluoridiont tartalmaz, \u00edgy kiv\u00e1l\u00f3an alkalmas mozg\u00e1sszervi megbeteged\u00e9sek, baleseti s\u00e9r\u00fcl\u00e9sek kezel\u00e9s\u00e9re, idegseb\u00e9szeti m\u0171t\u00e9tek ut\u00e1ni rehabilit\u00e1ci\u00f3ra, \u00e9s eredm\u00e9nyesen haszn\u00e1lhat\u00f3 n\u0151gy\u00f3gy\u00e1szati kezel\u00e9sekn\u00e9l is. A min\u0151s\u00edtett gy\u00f3gyv\u00edz \u00f6sszes \u00e1sv\u00e1nyianyag-tartalma jelent\u0151s, h\u0151foka 51 \u00b0C. A f\u00fcrd\u0151 gy\u00f3gy\u00e1szati r\u00e9szleg\u00e9nek felszerelts\u00e9ge rendk\u00edv\u00fcl gazdag. H\u00e1rom gy\u00f3gyvizes medence, reumatol\u00f3giai szakorvosi fel\u00fcgyelet \u00e9s gy\u00f3gytorn\u00e1szok is rendelkez\u00e9sre \u00e1llnak. A komplex f\u00fcrd\u0151gy\u00f3gy\u00e1szati ell\u00e1t\u00e1s, a fizioter\u00e1pia, a hidro- \u00e9s balneoter\u00e1pi\u00e1s szolg\u00e1ltat\u00e1sok orvosi beutal\u00f3 n\u00e9lk\u00fcl is ig\u00e9nybe vehet\u0151ek.<\/p>\n<div class=\"kv-page-margin-05\">\u00a0<\/div>\n<h3 class=\"kv-page-content-paragraph kv-page-content-subtitle\">Uszoda<\/h3>\n<p>A kaposv\u00e1ri Vir\u00e1gf\u00fcrd\u0151ben egy belt\u00e9ri fedett \u00e9s egy szabadt\u00e9ri uszoda tal\u00e1lhat\u00f3. Az \u00e9p\u00fcleten bel\u00fcl helyezkedik el a 25 m\u00e9teres medence, mely jellemz\u0151en amat\u0151r \u00fasz\u00f3kat \u00e9s vend\u00e9geket fogad. Az id\u0151szakosan \u00fczemel\u0151 k\u00fclt\u00e9ri 50 m\u00e9teres versenymedence sportol\u00f3i ig\u00e9nyek kiszolg\u00e1l\u00e1s\u00e1ra is alkalmas. Mindk\u00e9t medence v\u00edzforgat\u00f3s \u00fczemm\u00f3dban m\u0171k\u00f6dik.<\/p>\n<div class=\"kv-page-margin-05\">\u00a0<\/div>\n<h3 class=\"kv-page-content-paragraph kv-page-content-subtitle\">Versenyuszoda<\/h3>\n<p>A Csik Ferenc olimpiai bajnok \u00fasz\u00f3r\u00f3l elnevezett versenyuszod\u00e1t 2019-ben adt\u00e1k \u00e1t. A r\u00e9szben meg\u00fajul\u00f3 energi\u00e1val m\u0171k\u00f6d\u0151 l\u00e9tes\u00edtm\u00e9ny a d\u00e9l-dun\u00e1nt\u00fali r\u00e9gi\u00f3 legkorszer\u0171bb uszod\u00e1ja. T\u00edzp\u00e1ly\u00e1s, \u00f6tvenm\u00e9teres medenc\u00e9j\u00e9vel nemzetk\u00f6zi \u00fasz\u00f3-, uszonyos\u00fasz\u00f3-, szinkron\u00fasz\u00f3-versenyek, v\u00edzilabda-m\u00e9rk\u0151z\u00e9sek rendez\u00e9s\u00e9re is alkalmas.<\/p>\n<p><img loading=\"lazy\" class=\"alignnone size-full wp-image-12307\" src=\"https:\/\/otthon.kaposvar.hu\/wp-content\/uploads\/2026\/02\/versenyuszoda-scaled.jpg\" alt=\"\" width=\"2560\" height=\"1706\" srcset=\"https:\/\/otthon.kaposvar.hu\/wp-content\/uploads\/2026\/02\/versenyuszoda-scaled.jpg 2560w, https:\/\/otthon.kaposvar.hu\/wp-content\/uploads\/2026\/02\/versenyuszoda-300x200.jpg 300w, https:\/\/otthon.kaposvar.hu\/wp-content\/uploads\/2026\/02\/versenyuszoda-1024x683.jpg 1024w, https:\/\/otthon.kaposvar.hu\/wp-content\/uploads\/2026\/02\/versenyuszoda-768x512.jpg 768w, https:\/\/otthon.kaposvar.hu\/wp-content\/uploads\/2026\/02\/versenyuszoda-1536x1024.jpg 1536w, https:\/\/otthon.kaposvar.hu\/wp-content\/uploads\/2026\/02\/versenyuszoda-2048x1365.jpg 2048w, https:\/\/otthon.kaposvar.hu\/wp-content\/uploads\/2026\/02\/versenyuszoda-1920x1280.jpg 1920w\" sizes=\"(max-width: 2560px) 100vw, 2560px\" \/><\/p>\n<div class=\"kv-page-margin-1\">\u00a0<\/div>\n<div>\n<h2 class=\"kv-page-content-title\">Ingyenes p\u00e1lyahaszn\u00e1lat a V\u00e1rosligetben<\/h2>\n<p>A v\u00e1rosligeti m\u0171f\u00fcves focip\u00e1lya haszn\u00e1lata el\u0151zetes bejelentkez\u00e9s \u00e9s regisztr\u00e1ci\u00f3 alapj\u00e1n.<br \/>\nInform\u00e1ci\u00f3: <a href=\"mailto:sportpalya2014@gmail.com\">sportpalya2014@gmail.com<\/a><\/p>\n<p>&nbsp;<\/p>\n<\/div>\n<p><\/p>","protected":false},"excerpt":{"rendered":"<p>Kapos Sport Nonprofit Kft. 7400 Kaposv\u00e1r, Arany J\u00e1nos utca 97. Telefon: +36 (82) 527 690, +36 (20) 272 6865 E-mail: titkarsag@kapossport.hu Web: www.kapossport.hu \u00a0 L\u00e9tes\u00edtm\u00e9nyek Asztalitenisz-csarnok J\u00e9gcsarnok Judocsarnok Kajak-kenu evez\u0151s tanmedence Kaposv\u00e1r Ar\u00e9na K\u00f6rcsarnok Labdar\u00fag\u00f3p\u00e1lya (m\u0171f\u00fcves kisp\u00e1lya) M\u0171anyag bor\u00edt\u00e1s\u00fa atl\u00e9tikai p\u00e1lya RG-csarnok (h\u00e1rom munkahelyes + balett-terem) \u00a0 Kaposv\u00e1ri Sportk\u00f6zpont \u00e9s Sportiskola Igazgat\u00f3: Fekete \u00c1d\u00e1m 7400 [&hellip;]<\/p>\n","protected":false},"author":1,"featured_media":12306,"parent":279,"menu_order":0,"comment_status":"closed","ping_status":"closed","template":"","meta":[],"acf":[],"yoast_head":"<!-- This site is optimized with the Yoast SEO plugin v19.8 - https:\/\/yoast.com\/wordpress\/plugins\/seo\/ -->\n<title>Sportl\u00e9tes\u00edtm\u00e9nyek - Kaposv\u00e1r Megyei Jog\u00fa V\u00e1ros<\/title>\n<meta name=\"robots\" content=\"index, follow, max-snippet:-1, max-image-preview:large, max-video-preview:-1\" \/>\n<link rel=\"canonical\" href=\"https:\/\/otthon.kaposvar.hu\/hu\/lakossagi-informaciok\/sport\/sportletesitmenyek\/\" \/>\n<meta property=\"og:locale\" content=\"hu_HU\" \/>\n<meta property=\"og:type\" content=\"article\" \/>\n<meta property=\"og:title\" content=\"Sportl\u00e9tes\u00edtm\u00e9nyek - Kaposv\u00e1r Megyei Jog\u00fa V\u00e1ros\" \/>\n<meta property=\"og:description\" content=\"Kapos Sport Nonprofit Kft. 7400 Kaposv\u00e1r, Arany J\u00e1nos utca 97. Telefon: +36 (82) 527 690, +36 (20) 272 6865 E-mail: titkarsag@kapossport.hu Web: www.kapossport.hu \u00a0 L\u00e9tes\u00edtm\u00e9nyek Asztalitenisz-csarnok J\u00e9gcsarnok Judocsarnok Kajak-kenu evez\u0151s tanmedence Kaposv\u00e1r Ar\u00e9na K\u00f6rcsarnok Labdar\u00fag\u00f3p\u00e1lya (m\u0171f\u00fcves kisp\u00e1lya) M\u0171anyag bor\u00edt\u00e1s\u00fa atl\u00e9tikai p\u00e1lya RG-csarnok (h\u00e1rom munkahelyes + balett-terem) \u00a0 Kaposv\u00e1ri Sportk\u00f6zpont \u00e9s Sportiskola Igazgat\u00f3: Fekete \u00c1d\u00e1m 7400 [&hellip;]\" \/>\n<meta property=\"og:url\" content=\"https:\/\/otthon.kaposvar.hu\/hu\/lakossagi-informaciok\/sport\/sportletesitmenyek\/\" \/>\n<meta property=\"og:site_name\" content=\"Kaposv\u00e1r Megyei Jog\u00fa V\u00e1ros\" \/>\n<meta property=\"article:publisher\" content=\"https:\/\/www.facebook.com\/cityofkaposvar\/\" \/>\n<meta property=\"article:modified_time\" content=\"2026-02-03T14:54:33+00:00\" \/>\n<meta property=\"og:image\" content=\"https:\/\/otthon.kaposvar.hu\/wp-content\/uploads\/2026\/02\/arena.jpg\" \/>\n\t<meta property=\"og:image:width\" content=\"2048\" \/>\n\t<meta property=\"og:image:height\" content=\"1366\" \/>\n\t<meta property=\"og:image:type\" content=\"image\/jpeg\" \/>\n<meta name=\"twitter:card\" content=\"summary_large_image\" \/>\n<meta name=\"twitter:label1\" content=\"Becs\u00fclt olvas\u00e1si id\u0151\" \/>\n\t<meta name=\"twitter:data1\" content=\"4 perc\" \/>\n<script type=\"application\/ld+json\" class=\"yoast-schema-graph\">{\"@context\":\"https:\/\/schema.org\",\"@graph\":[{\"@type\":\"WebPage\",\"@id\":\"https:\/\/otthon.kaposvar.hu\/hu\/lakossagi-informaciok\/sport\/sportletesitmenyek\/\",\"url\":\"https:\/\/otthon.kaposvar.hu\/hu\/lakossagi-informaciok\/sport\/sportletesitmenyek\/\",\"name\":\"Sportl\u00e9tes\u00edtm\u00e9nyek - Kaposv\u00e1r Megyei Jog\u00fa V\u00e1ros\",\"isPartOf\":{\"@id\":\"https:\/\/otthon.kaposvar.hu\/hu\/#website\"},\"datePublished\":\"2017-01-22T10:55:19+00:00\",\"dateModified\":\"2026-02-03T14:54:33+00:00\",\"breadcrumb\":{\"@id\":\"https:\/\/otthon.kaposvar.hu\/hu\/lakossagi-informaciok\/sport\/sportletesitmenyek\/#breadcrumb\"},\"inLanguage\":\"hu\",\"potentialAction\":[{\"@type\":\"ReadAction\",\"target\":[[\"https:\/\/otthon.kaposvar.hu\/hu\/lakossagi-informaciok\/sport\/sportletesitmenyek\/\"]]}]},{\"@type\":\"BreadcrumbList\",\"@id\":\"https:\/\/otthon.kaposvar.hu\/hu\/lakossagi-informaciok\/sport\/sportletesitmenyek\/#breadcrumb\",\"itemListElement\":[{\"@type\":\"ListItem\",\"position\":1,\"name\":\"Home\",\"item\":\"https:\/\/otthon.kaposvar.hu\/hu\/\"},{\"@type\":\"ListItem\",\"position\":2,\"name\":\"Lakoss\u00e1gi inform\u00e1ci\u00f3k\",\"item\":\"https:\/\/otthon.kaposvar.hu\/hu\/lakossagi-informaciok\/\"},{\"@type\":\"ListItem\",\"position\":3,\"name\":\"Sport\",\"item\":\"https:\/\/otthon.kaposvar.hu\/hu\/lakossagi-informaciok\/sport\/\"},{\"@type\":\"ListItem\",\"position\":4,\"name\":\"Sportl\u00e9tes\u00edtm\u00e9nyek\"}]},{\"@type\":\"WebSite\",\"@id\":\"https:\/\/otthon.kaposvar.hu\/hu\/#website\",\"url\":\"https:\/\/otthon.kaposvar.hu\/hu\/\",\"name\":\"Kaposv\u00e1r Megyei Jog\u00fa V\u00e1ros\",\"description\":\"\",\"publisher\":{\"@id\":\"https:\/\/otthon.kaposvar.hu\/hu\/#organization\"},\"potentialAction\":[{\"@type\":\"SearchAction\",\"target\":{\"@type\":\"EntryPoint\",\"urlTemplate\":\"https:\/\/otthon.kaposvar.hu\/hu\/?s={search_term_string}\"},\"query-input\":\"required name=search_term_string\"}],\"inLanguage\":\"hu\"},{\"@type\":\"Organization\",\"@id\":\"https:\/\/otthon.kaposvar.hu\/hu\/#organization\",\"name\":\"Kaposv\u00e1r Megyei Jog\u00fa V\u00e1ros\",\"url\":\"https:\/\/otthon.kaposvar.hu\/hu\/\",\"sameAs\":[\"https:\/\/www.instagram.com\/cityofkaposvar\/\",\"https:\/\/www.facebook.com\/cityofkaposvar\/\"],\"logo\":{\"@type\":\"ImageObject\",\"inLanguage\":\"hu\",\"@id\":\"https:\/\/otthon.kaposvar.hu\/hu\/#\/schema\/logo\/image\/\",\"url\":\"https:\/\/otthon.kaposvar.hu\/wp-content\/uploads\/2021\/10\/kaposvar_social.jpg\",\"contentUrl\":\"https:\/\/otthon.kaposvar.hu\/wp-content\/uploads\/2021\/10\/kaposvar_social.jpg\",\"width\":1200,\"height\":900,\"caption\":\"Kaposv\u00e1r Megyei Jog\u00fa V\u00e1ros\"},\"image\":{\"@id\":\"https:\/\/otthon.kaposvar.hu\/hu\/#\/schema\/logo\/image\/\"}}]}<\/script>\n<!-- \/ Yoast SEO plugin. -->","yoast_head_json":{"title":"Sportl\u00e9tes\u00edtm\u00e9nyek - Kaposv\u00e1r Megyei Jog\u00fa V\u00e1ros","robots":{"index":"index","follow":"follow","max-snippet":"max-snippet:-1","max-image-preview":"max-image-preview:large","max-video-preview":"max-video-preview:-1"},"canonical":"https:\/\/otthon.kaposvar.hu\/hu\/lakossagi-informaciok\/sport\/sportletesitmenyek\/","og_locale":"hu_HU","og_type":"article","og_title":"Sportl\u00e9tes\u00edtm\u00e9nyek - Kaposv\u00e1r Megyei Jog\u00fa V\u00e1ros","og_description":"Kapos Sport Nonprofit Kft. 7400 Kaposv\u00e1r, Arany J\u00e1nos utca 97. Telefon: +36 (82) 527 690, +36 (20) 272 6865 E-mail: titkarsag@kapossport.hu Web: www.kapossport.hu \u00a0 L\u00e9tes\u00edtm\u00e9nyek Asztalitenisz-csarnok J\u00e9gcsarnok Judocsarnok Kajak-kenu evez\u0151s tanmedence Kaposv\u00e1r Ar\u00e9na K\u00f6rcsarnok Labdar\u00fag\u00f3p\u00e1lya (m\u0171f\u00fcves kisp\u00e1lya) M\u0171anyag bor\u00edt\u00e1s\u00fa atl\u00e9tikai p\u00e1lya RG-csarnok (h\u00e1rom munkahelyes + balett-terem) \u00a0 Kaposv\u00e1ri Sportk\u00f6zpont \u00e9s Sportiskola Igazgat\u00f3: Fekete \u00c1d\u00e1m 7400 [&hellip;]","og_url":"https:\/\/otthon.kaposvar.hu\/hu\/lakossagi-informaciok\/sport\/sportletesitmenyek\/","og_site_name":"Kaposv\u00e1r Megyei Jog\u00fa V\u00e1ros","article_publisher":"https:\/\/www.facebook.com\/cityofkaposvar\/","article_modified_time":"2026-02-03T14:54:33+00:00","og_image":[{"width":2048,"height":1366,"url":"https:\/\/otthon.kaposvar.hu\/wp-content\/uploads\/2026\/02\/arena.jpg","type":"image\/jpeg"}],"twitter_card":"summary_large_image","twitter_misc":{"Becs\u00fclt olvas\u00e1si id\u0151":"4 perc"},"schema":{"@context":"https:\/\/schema.org","@graph":[{"@type":"WebPage","@id":"https:\/\/otthon.kaposvar.hu\/hu\/lakossagi-informaciok\/sport\/sportletesitmenyek\/","url":"https:\/\/otthon.kaposvar.hu\/hu\/lakossagi-informaciok\/sport\/sportletesitmenyek\/","name":"Sportl\u00e9tes\u00edtm\u00e9nyek - Kaposv\u00e1r Megyei Jog\u00fa V\u00e1ros","isPartOf":{"@id":"https:\/\/otthon.kaposvar.hu\/hu\/#website"},"datePublished":"2017-01-22T10:55:19+00:00","dateModified":"2026-02-03T14:54:33+00:00","breadcrumb":{"@id":"https:\/\/otthon.kaposvar.hu\/hu\/lakossagi-informaciok\/sport\/sportletesitmenyek\/#breadcrumb"},"inLanguage":"hu","potentialAction":[{"@type":"ReadAction","target":[["https:\/\/otthon.kaposvar.hu\/hu\/lakossagi-informaciok\/sport\/sportletesitmenyek\/"]]}]},{"@type":"BreadcrumbList","@id":"https:\/\/otthon.kaposvar.hu\/hu\/lakossagi-informaciok\/sport\/sportletesitmenyek\/#breadcrumb","itemListElement":[{"@type":"ListItem","position":1,"name":"Home","item":"https:\/\/otthon.kaposvar.hu\/hu\/"},{"@type":"ListItem","position":2,"name":"Lakoss\u00e1gi inform\u00e1ci\u00f3k","item":"https:\/\/otthon.kaposvar.hu\/hu\/lakossagi-informaciok\/"},{"@type":"ListItem","position":3,"name":"Sport","item":"https:\/\/otthon.kaposvar.hu\/hu\/lakossagi-informaciok\/sport\/"},{"@type":"ListItem","position":4,"name":"Sportl\u00e9tes\u00edtm\u00e9nyek"}]},{"@type":"WebSite","@id":"https:\/\/otthon.kaposvar.hu\/hu\/#website","url":"https:\/\/otthon.kaposvar.hu\/hu\/","name":"Kaposv\u00e1r Megyei Jog\u00fa V\u00e1ros","description":"","publisher":{"@id":"https:\/\/otthon.kaposvar.hu\/hu\/#organization"},"potentialAction":[{"@type":"SearchAction","target":{"@type":"EntryPoint","urlTemplate":"https:\/\/otthon.kaposvar.hu\/hu\/?s={search_term_string}"},"query-input":"required name=search_term_string"}],"inLanguage":"hu"},{"@type":"Organization","@id":"https:\/\/otthon.kaposvar.hu\/hu\/#organization","name":"Kaposv\u00e1r Megyei Jog\u00fa V\u00e1ros","url":"https:\/\/otthon.kaposvar.hu\/hu\/","sameAs":["https:\/\/www.instagram.com\/cityofkaposvar\/","https:\/\/www.facebook.com\/cityofkaposvar\/"],"logo":{"@type":"ImageObject","inLanguage":"hu","@id":"https:\/\/otthon.kaposvar.hu\/hu\/#\/schema\/logo\/image\/","url":"https:\/\/otthon.kaposvar.hu\/wp-content\/uploads\/2021\/10\/kaposvar_social.jpg","contentUrl":"https:\/\/otthon.kaposvar.hu\/wp-content\/uploads\/2021\/10\/kaposvar_social.jpg","width":1200,"height":900,"caption":"Kaposv\u00e1r Megyei Jog\u00fa V\u00e1ros"},"image":{"@id":"https:\/\/otthon.kaposvar.hu\/hu\/#\/schema\/logo\/image\/"}}]}},"_links":{"self":[{"href":"https:\/\/otthon.kaposvar.hu\/hu\/wp-json\/wp\/v2\/pages\/283"}],"collection":[{"href":"https:\/\/otthon.kaposvar.hu\/hu\/wp-json\/wp\/v2\/pages"}],"about":[{"href":"https:\/\/otthon.kaposvar.hu\/hu\/wp-json\/wp\/v2\/types\/page"}],"author":[{"embeddable":true,"href":"https:\/\/otthon.kaposvar.hu\/hu\/wp-json\/wp\/v2\/users\/1"}],"replies":[{"embeddable":true,"href":"https:\/\/otthon.kaposvar.hu\/hu\/wp-json\/wp\/v2\/comments?post=283"}],"version-history":[{"count":0,"href":"https:\/\/otthon.kaposvar.hu\/hu\/wp-json\/wp\/v2\/pages\/283\/revisions"}],"up":[{"embeddable":true,"href":"https:\/\/otthon.kaposvar.hu\/hu\/wp-json\/wp\/v2\/pages\/279"}],"wp:featuredmedia":[{"embeddable":true,"href":"https:\/\/otthon.kaposvar.hu\/hu\/wp-json\/wp\/v2\/media\/12306"}],"wp:attachment":[{"href":"https:\/\/otthon.kaposvar.hu\/hu\/wp-json\/wp\/v2\/media?parent=283"}],"curies":[{"name":"wp","href":"https:\/\/api.w.org\/{rel}","templated":true}]}}