{"id":281,"date":"2017-01-22T11:55:05","date_gmt":"2017-01-22T10:55:05","guid":{"rendered":"http:\/\/lakossag.gyori.co.hu\/?page_id=281"},"modified":"2026-02-03T15:42:17","modified_gmt":"2026-02-03T14:42:17","slug":"elvonalbeli_sportklubjaink","status":"publish","type":"page","link":"https:\/\/otthon.kaposvar.hu\/hu\/lakossagi-informaciok\/sport\/elvonalbeli_sportklubjaink\/","title":{"rendered":"\u00c9lvonalbeli sportklubjaink"},"content":{"rendered":"<p><\/p>\n<h4 class=\"kv-page-content-paragraphtitle\">N\u0151i r\u00f6plabda<\/h4>\n<h2 class=\"kv-page-content-title\">KHG Kaposv\u00e1ri N\u0151i R\u00f6plabda Club<\/h2>\n<p class=\"kv-page-content-paragraph\">Alap\u00edtva: 1969<br \/>\nKor\u00e1bbi nevek: BITT Kaposv\u00e1ri N\u0151i R\u00f6plabda Club, 1. MCM-Diamant\u00a0Kaposv\u00e1ri N\u0151i R\u00f6plabda Club<\/p>\n<p>Csapatsz\u00ednek: fekete-s\u00e1rga<\/p>\n<p>Kabala: z\u00f6ld b\u00e9ka<\/p>\n<p>Honlap: <a href=\"http:\/\/www.knrc.hu\">www.knrc.hu<\/a><br \/>\nSikerek:<\/p>\n<p>Extraliga 4. hely (2021), NB I. 5. hely (2008); 2020\/2021:\u00a0Challenge Kupa 4 k\u00f6z\u00e9 ker\u00fcl\u00e9s; 2021\/2022:\u00a0Extraliga 4. hely; 2022\/2023:\u00a0Extraliga 5. hely, Magyar Kupa 4. hely; 2023\/2024:\u00a0Extraliga 2. hely, Magyar Kupa 3. hely; 2024\/2025:\u00a0Extraliga 3. hely, Magyar Kupa 2. hely<\/p>\n<div class=\"kv-page-margin-1\">\u00a0<\/div>\n<h4 class=\"kv-page-content-paragraphtitle\">F\u00e9rfi r\u00f6plabda<\/h4>\n<h2 class=\"kv-page-content-title\">Fino Kaposv\u00e1ri R\u00f6plabda SE<\/h2>\n<p class=\"kv-page-content-paragraph\">Alap\u00edtva: 1953<br \/>\nKor\u00e1bbi nevek: Kaposv\u00e1ri D\u00f3zsa, Kapos Vol\u00e1n, Kaposv\u00e1ri Somogy SC, Balatel SE, Pini, Kom\u00e9ta Kaposv\u00e1r<br \/>\nCsapatsz\u00ednek: s\u00e1rga \u00e9s k\u00e9k<br \/>\nKabala: fekete p\u00e1rduc<br \/>\nHonlap: <a href=\"http:\/\/www.kaposvarvolley.hu\">www.kaposvarvolley.hu<\/a><br \/>\nSikerek: 20\u00d7 magyar bajnok (1992, 1993, 1994, 1997, 1999, 2000, 2001, 2005, 2007, 2008, 2009, 2010, 2011, 2012, 2013, 2015, 2016, 2017, 2023, 2024), 20\u00d7 magyarkupa-gy\u0151ztes (1992, 1994, 1997, 1998, 1999, 2000, 2002, 2003, 2006, 2007, 2008, 2009, 2010, 2011, 2012, 2013, 2015, 2016, 2024, 2026)<\/p>\n<div class=\"kv-page-margin-1\">\u00a0<\/div>\n<h4 class=\"kv-page-content-paragraphtitle\">F\u00e9rfi kos\u00e1rlabda<\/h4>\n<h2 class=\"kv-page-content-title\">KOMETA Kaposv\u00e1ri KK<\/h2>\n<p class=\"kv-page-content-paragraph\">Alap\u00edtva: 1960<br \/>\nKor\u00e1bbi nevek: Kaposv\u00e1ri Hunyady Vas\u00fat, Kaposv\u00e1ri Vasas Izz\u00f3, \u00c9p\u00edt\u0151k SC, S\u00c1\u00c9V, Kaposcukor, Kaposv\u00e1ri KC, Konstrukt\u0151r-KSE, Kl\u00edma-Vill KSE, Kaposv\u00e1ri KK<br \/>\nCsapatsz\u00ednek: k\u00e9k \u00e9s feh\u00e9r<br \/>\nKabala: delfin<br \/>\nHonlap: <a href=\"http:\/\/www.delfinek.hu\">www.delfinek.hu<\/a><br \/>\nSikerek: 2\u00d7 magyar bajnok (2001, 2004), magyarkupa-gy\u0151ztes (2004)<br \/>\nNemzetk\u00f6zi sikerek: Eur\u00f3pai Region\u00e1lis Kupa 3. hely (2003)<\/p>\n<div class=\"kv-page-margin-1\">\u00a0<\/div>\n<h4 class=\"kv-page-content-paragraphtitle\">F\u00e9rfi v\u00edzilabda<\/h4>\n<h2 class=\"kv-page-content-title\">Kaposv\u00e1ri V\u00edzilabda Klub<\/h2>\n<p class=\"kv-page-content-paragraph\">Alap\u00edtva: 1920<br \/>\nKor\u00e1bbi nevek: Kaposv\u00e1ri Turul Sport Egyes\u00fclet, Munk\u00e1s Testedz\u0151 Egyes\u00fclet, Vasutas Torna Egylet, R\u00e1k\u00f3czi, Kinizsi<br \/>\nCsapatsz\u00ednek: bord\u00f3 \u00e9s narancss\u00e1rga<br \/>\nKabala: sas<br \/>\nHonlap: <a href=\"http:\/\/www.kapospolo.hu\">www.kapospolo.hu<\/a><br \/>\nSikerek: OB I\/B bajnok (2011), Theodora F\u00e9rfi Magyar Kupa 3.helyezett (2013), EON F\u00e9rfi OB I. 8.helyezett (2013), EON F\u00e9rfi OB I. 7.helyezett (2014), EON F\u00e9rfi OB I. 11.helyezett (205), EON F\u00e9rfi OB I. 10.helyezett (2016), F\u00e9rfi OB I. 9.helyezett (2017), EON F\u00e9rfi OB I. 14.helyezett (2018), EON F\u00e9rfi OB I. 12.helyezett (2020), BENU F\u00e9rfi V\u00edzilabda Magyar Kupa 13.hely (2020), EON F\u00e9rfi OB I. 9.helyezett (2021), EON F\u00e9rfi OB I. 12.helyezett (2022), EON F\u00e9rfi OB I. 8.helyezett (2023), EON F\u00e9rfi OB I. 8.helyezett (2024)<\/p>\n<div class=\"kv-page-margin-1\">\u00a0<\/div>\n<h4 class=\"kv-page-content-paragraphtitle\">F\u00e9rfi labdar\u00fag\u00e1s<\/h4>\n<h2 class=\"kv-page-content-title\">Kaposv\u00e1ri R\u00e1k\u00f3czi FC<\/h2>\n<p class=\"kv-page-content-paragraph\">Alap\u00edtva: 1923<br \/>\nCsapatsz\u00ednek: z\u00f6ld \u00e9s feh\u00e9r<br \/>\nKabala: sas<br \/>\nHonlap: <a href=\"http:\/\/www.rakoczifc.hu\">www.rakoczifc.hu<\/a><br \/>\nSikerek: NB I. 6. helyezett (2008)<\/p>\n<div class=\"kv-page-margin-1\">\u00a0<\/div>\n<p><\/p>","protected":false},"excerpt":{"rendered":"<p>N\u0151i r\u00f6plabda KHG Kaposv\u00e1ri N\u0151i R\u00f6plabda Club Alap\u00edtva: 1969 Kor\u00e1bbi nevek: BITT Kaposv\u00e1ri N\u0151i R\u00f6plabda Club, 1. MCM-Diamant\u00a0Kaposv\u00e1ri N\u0151i R\u00f6plabda Club Csapatsz\u00ednek: fekete-s\u00e1rga Kabala: z\u00f6ld b\u00e9ka Honlap: www.knrc.hu Sikerek: Extraliga 4. hely (2021), NB I. 5. hely (2008); 2020\/2021:\u00a0Challenge Kupa 4 k\u00f6z\u00e9 ker\u00fcl\u00e9s; 2021\/2022:\u00a0Extraliga 4. hely; 2022\/2023:\u00a0Extraliga 5. hely, Magyar Kupa 4. hely; 2023\/2024:\u00a0Extraliga 2. [&hellip;]<\/p>\n","protected":false},"author":1,"featured_media":12305,"parent":279,"menu_order":0,"comment_status":"closed","ping_status":"closed","template":"","meta":[],"acf":[],"yoast_head":"<!-- This site is optimized with the Yoast SEO plugin v19.8 - https:\/\/yoast.com\/wordpress\/plugins\/seo\/ -->\n<title>\u00c9lvonalbeli sportklubjaink - Kaposv\u00e1r Megyei Jog\u00fa V\u00e1ros<\/title>\n<meta name=\"robots\" content=\"index, follow, max-snippet:-1, max-image-preview:large, max-video-preview:-1\" \/>\n<link rel=\"canonical\" href=\"https:\/\/otthon.kaposvar.hu\/hu\/lakossagi-informaciok\/sport\/elvonalbeli_sportklubjaink\/\" \/>\n<meta property=\"og:locale\" content=\"hu_HU\" \/>\n<meta property=\"og:type\" content=\"article\" \/>\n<meta property=\"og:title\" content=\"\u00c9lvonalbeli sportklubjaink - Kaposv\u00e1r Megyei Jog\u00fa V\u00e1ros\" \/>\n<meta property=\"og:description\" content=\"N\u0151i r\u00f6plabda KHG Kaposv\u00e1ri N\u0151i R\u00f6plabda Club Alap\u00edtva: 1969 Kor\u00e1bbi nevek: BITT Kaposv\u00e1ri N\u0151i R\u00f6plabda Club, 1. MCM-Diamant\u00a0Kaposv\u00e1ri N\u0151i R\u00f6plabda Club Csapatsz\u00ednek: fekete-s\u00e1rga Kabala: z\u00f6ld b\u00e9ka Honlap: www.knrc.hu Sikerek: Extraliga 4. hely (2021), NB I. 5. hely (2008); 2020\/2021:\u00a0Challenge Kupa 4 k\u00f6z\u00e9 ker\u00fcl\u00e9s; 2021\/2022:\u00a0Extraliga 4. hely; 2022\/2023:\u00a0Extraliga 5. hely, Magyar Kupa 4. hely; 2023\/2024:\u00a0Extraliga 2. [&hellip;]\" \/>\n<meta property=\"og:url\" content=\"https:\/\/otthon.kaposvar.hu\/hu\/lakossagi-informaciok\/sport\/elvonalbeli_sportklubjaink\/\" \/>\n<meta property=\"og:site_name\" content=\"Kaposv\u00e1r Megyei Jog\u00fa V\u00e1ros\" \/>\n<meta property=\"article:publisher\" content=\"https:\/\/www.facebook.com\/cityofkaposvar\/\" \/>\n<meta property=\"article:modified_time\" content=\"2026-02-03T14:42:17+00:00\" \/>\n<meta property=\"og:image\" content=\"https:\/\/otthon.kaposvar.hu\/wp-content\/uploads\/2026\/02\/1-scaled.jpg\" \/>\n\t<meta property=\"og:image:width\" content=\"2560\" \/>\n\t<meta property=\"og:image:height\" content=\"1707\" \/>\n\t<meta property=\"og:image:type\" content=\"image\/jpeg\" \/>\n<meta name=\"twitter:card\" content=\"summary_large_image\" \/>\n<meta name=\"twitter:label1\" content=\"Becs\u00fclt olvas\u00e1si id\u0151\" \/>\n\t<meta name=\"twitter:data1\" content=\"2 perc\" \/>\n<script type=\"application\/ld+json\" class=\"yoast-schema-graph\">{\"@context\":\"https:\/\/schema.org\",\"@graph\":[{\"@type\":\"WebPage\",\"@id\":\"https:\/\/otthon.kaposvar.hu\/hu\/lakossagi-informaciok\/sport\/elvonalbeli_sportklubjaink\/\",\"url\":\"https:\/\/otthon.kaposvar.hu\/hu\/lakossagi-informaciok\/sport\/elvonalbeli_sportklubjaink\/\",\"name\":\"\u00c9lvonalbeli sportklubjaink - Kaposv\u00e1r Megyei Jog\u00fa V\u00e1ros\",\"isPartOf\":{\"@id\":\"https:\/\/otthon.kaposvar.hu\/hu\/#website\"},\"datePublished\":\"2017-01-22T10:55:05+00:00\",\"dateModified\":\"2026-02-03T14:42:17+00:00\",\"breadcrumb\":{\"@id\":\"https:\/\/otthon.kaposvar.hu\/hu\/lakossagi-informaciok\/sport\/elvonalbeli_sportklubjaink\/#breadcrumb\"},\"inLanguage\":\"hu\",\"potentialAction\":[{\"@type\":\"ReadAction\",\"target\":[[\"https:\/\/otthon.kaposvar.hu\/hu\/lakossagi-informaciok\/sport\/elvonalbeli_sportklubjaink\/\"]]}]},{\"@type\":\"BreadcrumbList\",\"@id\":\"https:\/\/otthon.kaposvar.hu\/hu\/lakossagi-informaciok\/sport\/elvonalbeli_sportklubjaink\/#breadcrumb\",\"itemListElement\":[{\"@type\":\"ListItem\",\"position\":1,\"name\":\"Home\",\"item\":\"https:\/\/otthon.kaposvar.hu\/hu\/\"},{\"@type\":\"ListItem\",\"position\":2,\"name\":\"Lakoss\u00e1gi inform\u00e1ci\u00f3k\",\"item\":\"https:\/\/otthon.kaposvar.hu\/hu\/lakossagi-informaciok\/\"},{\"@type\":\"ListItem\",\"position\":3,\"name\":\"Sport\",\"item\":\"https:\/\/otthon.kaposvar.hu\/hu\/lakossagi-informaciok\/sport\/\"},{\"@type\":\"ListItem\",\"position\":4,\"name\":\"\u00c9lvonalbeli sportklubjaink\"}]},{\"@type\":\"WebSite\",\"@id\":\"https:\/\/otthon.kaposvar.hu\/hu\/#website\",\"url\":\"https:\/\/otthon.kaposvar.hu\/hu\/\",\"name\":\"Kaposv\u00e1r Megyei Jog\u00fa V\u00e1ros\",\"description\":\"\",\"publisher\":{\"@id\":\"https:\/\/otthon.kaposvar.hu\/hu\/#organization\"},\"potentialAction\":[{\"@type\":\"SearchAction\",\"target\":{\"@type\":\"EntryPoint\",\"urlTemplate\":\"https:\/\/otthon.kaposvar.hu\/hu\/?s={search_term_string}\"},\"query-input\":\"required name=search_term_string\"}],\"inLanguage\":\"hu\"},{\"@type\":\"Organization\",\"@id\":\"https:\/\/otthon.kaposvar.hu\/hu\/#organization\",\"name\":\"Kaposv\u00e1r Megyei Jog\u00fa V\u00e1ros\",\"url\":\"https:\/\/otthon.kaposvar.hu\/hu\/\",\"sameAs\":[\"https:\/\/www.instagram.com\/cityofkaposvar\/\",\"https:\/\/www.facebook.com\/cityofkaposvar\/\"],\"logo\":{\"@type\":\"ImageObject\",\"inLanguage\":\"hu\",\"@id\":\"https:\/\/otthon.kaposvar.hu\/hu\/#\/schema\/logo\/image\/\",\"url\":\"https:\/\/otthon.kaposvar.hu\/wp-content\/uploads\/2021\/10\/kaposvar_social.jpg\",\"contentUrl\":\"https:\/\/otthon.kaposvar.hu\/wp-content\/uploads\/2021\/10\/kaposvar_social.jpg\",\"width\":1200,\"height\":900,\"caption\":\"Kaposv\u00e1r Megyei Jog\u00fa V\u00e1ros\"},\"image\":{\"@id\":\"https:\/\/otthon.kaposvar.hu\/hu\/#\/schema\/logo\/image\/\"}}]}<\/script>\n<!-- \/ Yoast SEO plugin. -->","yoast_head_json":{"title":"\u00c9lvonalbeli sportklubjaink - Kaposv\u00e1r Megyei Jog\u00fa V\u00e1ros","robots":{"index":"index","follow":"follow","max-snippet":"max-snippet:-1","max-image-preview":"max-image-preview:large","max-video-preview":"max-video-preview:-1"},"canonical":"https:\/\/otthon.kaposvar.hu\/hu\/lakossagi-informaciok\/sport\/elvonalbeli_sportklubjaink\/","og_locale":"hu_HU","og_type":"article","og_title":"\u00c9lvonalbeli sportklubjaink - Kaposv\u00e1r Megyei Jog\u00fa V\u00e1ros","og_description":"N\u0151i r\u00f6plabda KHG Kaposv\u00e1ri N\u0151i R\u00f6plabda Club Alap\u00edtva: 1969 Kor\u00e1bbi nevek: BITT Kaposv\u00e1ri N\u0151i R\u00f6plabda Club, 1. MCM-Diamant\u00a0Kaposv\u00e1ri N\u0151i R\u00f6plabda Club Csapatsz\u00ednek: fekete-s\u00e1rga Kabala: z\u00f6ld b\u00e9ka Honlap: www.knrc.hu Sikerek: Extraliga 4. hely (2021), NB I. 5. hely (2008); 2020\/2021:\u00a0Challenge Kupa 4 k\u00f6z\u00e9 ker\u00fcl\u00e9s; 2021\/2022:\u00a0Extraliga 4. hely; 2022\/2023:\u00a0Extraliga 5. hely, Magyar Kupa 4. hely; 2023\/2024:\u00a0Extraliga 2. [&hellip;]","og_url":"https:\/\/otthon.kaposvar.hu\/hu\/lakossagi-informaciok\/sport\/elvonalbeli_sportklubjaink\/","og_site_name":"Kaposv\u00e1r Megyei Jog\u00fa V\u00e1ros","article_publisher":"https:\/\/www.facebook.com\/cityofkaposvar\/","article_modified_time":"2026-02-03T14:42:17+00:00","og_image":[{"width":2560,"height":1707,"url":"https:\/\/otthon.kaposvar.hu\/wp-content\/uploads\/2026\/02\/1-scaled.jpg","type":"image\/jpeg"}],"twitter_card":"summary_large_image","twitter_misc":{"Becs\u00fclt olvas\u00e1si id\u0151":"2 perc"},"schema":{"@context":"https:\/\/schema.org","@graph":[{"@type":"WebPage","@id":"https:\/\/otthon.kaposvar.hu\/hu\/lakossagi-informaciok\/sport\/elvonalbeli_sportklubjaink\/","url":"https:\/\/otthon.kaposvar.hu\/hu\/lakossagi-informaciok\/sport\/elvonalbeli_sportklubjaink\/","name":"\u00c9lvonalbeli sportklubjaink - Kaposv\u00e1r Megyei Jog\u00fa V\u00e1ros","isPartOf":{"@id":"https:\/\/otthon.kaposvar.hu\/hu\/#website"},"datePublished":"2017-01-22T10:55:05+00:00","dateModified":"2026-02-03T14:42:17+00:00","breadcrumb":{"@id":"https:\/\/otthon.kaposvar.hu\/hu\/lakossagi-informaciok\/sport\/elvonalbeli_sportklubjaink\/#breadcrumb"},"inLanguage":"hu","potentialAction":[{"@type":"ReadAction","target":[["https:\/\/otthon.kaposvar.hu\/hu\/lakossagi-informaciok\/sport\/elvonalbeli_sportklubjaink\/"]]}]},{"@type":"BreadcrumbList","@id":"https:\/\/otthon.kaposvar.hu\/hu\/lakossagi-informaciok\/sport\/elvonalbeli_sportklubjaink\/#breadcrumb","itemListElement":[{"@type":"ListItem","position":1,"name":"Home","item":"https:\/\/otthon.kaposvar.hu\/hu\/"},{"@type":"ListItem","position":2,"name":"Lakoss\u00e1gi inform\u00e1ci\u00f3k","item":"https:\/\/otthon.kaposvar.hu\/hu\/lakossagi-informaciok\/"},{"@type":"ListItem","position":3,"name":"Sport","item":"https:\/\/otthon.kaposvar.hu\/hu\/lakossagi-informaciok\/sport\/"},{"@type":"ListItem","position":4,"name":"\u00c9lvonalbeli sportklubjaink"}]},{"@type":"WebSite","@id":"https:\/\/otthon.kaposvar.hu\/hu\/#website","url":"https:\/\/otthon.kaposvar.hu\/hu\/","name":"Kaposv\u00e1r Megyei Jog\u00fa V\u00e1ros","description":"","publisher":{"@id":"https:\/\/otthon.kaposvar.hu\/hu\/#organization"},"potentialAction":[{"@type":"SearchAction","target":{"@type":"EntryPoint","urlTemplate":"https:\/\/otthon.kaposvar.hu\/hu\/?s={search_term_string}"},"query-input":"required name=search_term_string"}],"inLanguage":"hu"},{"@type":"Organization","@id":"https:\/\/otthon.kaposvar.hu\/hu\/#organization","name":"Kaposv\u00e1r Megyei Jog\u00fa V\u00e1ros","url":"https:\/\/otthon.kaposvar.hu\/hu\/","sameAs":["https:\/\/www.instagram.com\/cityofkaposvar\/","https:\/\/www.facebook.com\/cityofkaposvar\/"],"logo":{"@type":"ImageObject","inLanguage":"hu","@id":"https:\/\/otthon.kaposvar.hu\/hu\/#\/schema\/logo\/image\/","url":"https:\/\/otthon.kaposvar.hu\/wp-content\/uploads\/2021\/10\/kaposvar_social.jpg","contentUrl":"https:\/\/otthon.kaposvar.hu\/wp-content\/uploads\/2021\/10\/kaposvar_social.jpg","width":1200,"height":900,"caption":"Kaposv\u00e1r Megyei Jog\u00fa V\u00e1ros"},"image":{"@id":"https:\/\/otthon.kaposvar.hu\/hu\/#\/schema\/logo\/image\/"}}]}},"_links":{"self":[{"href":"https:\/\/otthon.kaposvar.hu\/hu\/wp-json\/wp\/v2\/pages\/281"}],"collection":[{"href":"https:\/\/otthon.kaposvar.hu\/hu\/wp-json\/wp\/v2\/pages"}],"about":[{"href":"https:\/\/otthon.kaposvar.hu\/hu\/wp-json\/wp\/v2\/types\/page"}],"author":[{"embeddable":true,"href":"https:\/\/otthon.kaposvar.hu\/hu\/wp-json\/wp\/v2\/users\/1"}],"replies":[{"embeddable":true,"href":"https:\/\/otthon.kaposvar.hu\/hu\/wp-json\/wp\/v2\/comments?post=281"}],"version-history":[{"count":0,"href":"https:\/\/otthon.kaposvar.hu\/hu\/wp-json\/wp\/v2\/pages\/281\/revisions"}],"up":[{"embeddable":true,"href":"https:\/\/otthon.kaposvar.hu\/hu\/wp-json\/wp\/v2\/pages\/279"}],"wp:featuredmedia":[{"embeddable":true,"href":"https:\/\/otthon.kaposvar.hu\/hu\/wp-json\/wp\/v2\/media\/12305"}],"wp:attachment":[{"href":"https:\/\/otthon.kaposvar.hu\/hu\/wp-json\/wp\/v2\/media?parent=281"}],"curies":[{"name":"wp","href":"https:\/\/api.w.org\/{rel}","templated":true}]}}