{"id":275,"date":"2017-01-22T11:53:46","date_gmt":"2017-01-22T10:53:46","guid":{"rendered":"http:\/\/lakossag.gyori.co.hu\/?page_id=275"},"modified":"2024-03-18T23:03:37","modified_gmt":"2024-03-18T22:03:37","slug":"kozalapitvanyok","status":"publish","type":"page","link":"https:\/\/otthon.kaposvar.hu\/hu\/lakossagi-informaciok\/kozossegek\/civil-szervezetek\/kozalapitvanyok\/","title":{"rendered":"K\u00f6zalap\u00edtv\u00e1nyok"},"content":{"rendered":"<p><\/p>\n<h2 class=\"kv-page-content-title\">Tudom\u00e1nyos \u00c9let\u00e9rt K\u00f6zalap\u00edtv\u00e1ny<\/h2>\n<div class=\"kv-page-margin-05\">\u00a0<\/div>\n<p class=\"kv-page-content-paragraph\">7400 Kaposv\u00e1r, Kossuth t\u00e9r 1.<br \/>\nTelefon: +36 (82) 321-749<br \/>\nE-mail: <a href=\"mailto:csapo@mail.ate.u-kaposvar.hu\">csapo@mail.ate.u-kaposvar.hu<\/a><br \/>\n<a href=\"https:\/\/kph.kaposvar.hu\/data\/lakos\/kozalapitvany\/download\/tek.pdf\" target=\"_blank\" rel=\"noopener\">Alap\u00edt\u00f3 okirat<\/a><\/p>\n<div class=\"kv-page-margin-15\">\u00a0<\/div>\n<h2 class=\"kv-page-content-title\">Rippl-R\u00f3nai \u00d6d\u00f6n M\u0171v\u00e9szeti K\u00f6zalap\u00edtv\u00e1ny<\/h2>\n<div class=\"kv-page-margin-05\">\u00a0<\/div>\n<p class=\"kv-page-content-paragraph\">7400 Kaposv\u00e1r, F\u0151 utca 10.<br \/>\nTelefon: +36 (20) 287 9323<br \/>\nE-mail: <a href=\"mailto:titkarsag@smmi.hu\">titkarsag@smmi.hu<\/a><br \/>\n<a href=\"https:\/\/kph.kaposvar.hu\/data\/lakos\/kozalapitvany\/download\/09.pdf\" target=\"_blank\" rel=\"noopener\">Alap\u00edt\u00f3 okirat<\/a><\/p>\n<div class=\"kv-page-margin-15\">\u00a0<\/div>\n<h2 class=\"kv-page-content-title\">Kaposv\u00e1r\u00e9rt K\u00f6zalap\u00edtv\u00e1ny<\/h2>\n<div class=\"kv-page-margin-05\">\u00a0<\/div>\n<p class=\"kv-page-content-paragraph\">7400 Kaposv\u00e1r, Kossuth t\u00e9r 1.<br \/>\nTelefon: +36 (82) 501-526<br \/>\nE-mail: <a href=\"mailto:gazdkolts@kaposvar.hu\">gazdkolts@kaposvar.hu<\/a><br \/>\n<a href=\"https:\/\/kph.kaposvar.hu\/data\/lakos\/kozalapitvany\/download\/03.pdf\" target=\"_blank\" rel=\"noopener\">Alap\u00edt\u00f3 okirat<\/a><\/p>\n<div class=\"kv-page-margin-15\">\u00a0<\/div>\n<h2 class=\"kv-page-content-title\">Kaposv\u00e1r V\u00e1ros K\u00f6zbiztons\u00e1g\u00e1\u00e9rt Alap\u00edtv\u00e1ny<\/h2>\n<div class=\"kv-page-margin-05\">\u00a0<\/div>\n<p class=\"kv-page-content-paragraph\">7400 Kaposv\u00e1r, Kossuth t\u00e9r 1.<br \/>\nTelefon: +36 (82) 501-595<br \/>\nE-mail: <a href=\"mailto:kozbiztonsag@kaposvar.hu\">kozbiztonsag@kaposvar.hu<\/a><br \/>\n<a href=\"https:\/\/kph.kaposvar.hu\/data\/lakos\/kozalapitvany\/download\/04.pdf\" target=\"_blank\" rel=\"noopener\">Alap\u00edt\u00f3 okirat<\/a><\/p>\n<div class=\"kv-page-margin-15\">\u00a0<\/div>\n<h2 class=\"kv-page-content-title\">\u201eCsiky Gergely Sz\u00ednh\u00e1z\u00e9rt\u201d Alap\u00edtv\u00e1ny<\/h2>\n<div class=\"kv-page-margin-05\">\u00a0<\/div>\n<p class=\"kv-page-content-paragraph\">7400 Kaposv\u00e1r, R\u00e1k\u00f3czi t\u00e9r<br \/>\nTelefon: +36 (82) 528-460<br \/>\nE-mail: <a href=\"mailto:csiky@hu.inter.net\">csiky@hu.inter.net<\/a><br \/>\nWeb: <a href=\"http:\/\/www.csiky.hu\">www.csiky.hu<\/a><br \/>\n<a href=\"https:\/\/kph.kaposvar.hu\/data\/lakos\/kozalapitvany\/download\/06.pdf\" target=\"_blank\" rel=\"noopener\">Alap\u00edt\u00f3 okirat<\/a><\/p>\n<div class=\"kv-page-margin-15\">\u00a0<\/div>\n<h2 class=\"kv-page-content-title\">Kaposi M\u00f3r Megyei K\u00f3rh\u00e1z\u00e9rt Alap\u00edtv\u00e1ny<\/h2>\n<div class=\"kv-page-margin-05\">\u00a0<\/div>\n<p class=\"kv-page-content-paragraph\">7400 Kaposv\u00e1r, Talli\u00e1n Gyula utca 20-32.<br \/>\nTelefon: +36 (82) 501-378<br \/>\nE-mail: <a href=\"mailto:alapitvany@kmmk.hu\">alapitvany@kmmk.hu<\/a><br \/>\nWeb: <a href=\"http:\/\/kmmk.hu\/szolgaltatasok\/alapitvany\">kmmk.hu\/szolgaltatasok\/alapitvany<\/a><br \/>\n<a href=\"https:\/\/kph.kaposvar.hu\/data\/lakos\/kozalapitvany\/download\/07.pdf\" target=\"_blank\" rel=\"noopener\">Alap\u00edt\u00f3 okirat<\/a><\/p>\n<div class=\"kv-page-margin-15\">\u00a0<\/div>\n<h2 class=\"kv-page-content-title\">M\u00e1rt\u00edrok \u00e9s H\u0151s\u00f6k K\u00f6zalap\u00edtv\u00e1ny<\/h2>\n<div class=\"kv-page-margin-05\">\u00a0<\/div>\n<p class=\"kv-page-content-paragraph\">7400 Kaposv\u00e1r, Mez\u0151 utca 2.<br \/>\nTelefon: +36 (82) 528-510<br \/>\nE-mail: <a href=\"mailto:martirokeshosok@freemail.hu\">martirokeshosok@freemail.hu<\/a><br \/>\n<a href=\"https:\/\/kph.kaposvar.hu\/data\/lakos\/kozalapitvany\/download\/08.pdf\" target=\"_blank\" rel=\"noopener\">Alap\u00edt\u00f3 okirat<\/a><\/p>\n<div class=\"kv-page-margin-1\">\u00a0<\/div>\n<p><\/p>","protected":false},"excerpt":{"rendered":"<p>Tudom\u00e1nyos \u00c9let\u00e9rt K\u00f6zalap\u00edtv\u00e1ny \u00a0 7400 Kaposv\u00e1r, Kossuth t\u00e9r 1. Telefon: +36 (82) 321-749 E-mail: csapo@mail.ate.u-kaposvar.hu Alap\u00edt\u00f3 okirat \u00a0 Rippl-R\u00f3nai \u00d6d\u00f6n M\u0171v\u00e9szeti K\u00f6zalap\u00edtv\u00e1ny \u00a0 7400 Kaposv\u00e1r, F\u0151 utca 10. Telefon: +36 (20) 287 9323 E-mail: titkarsag@smmi.hu Alap\u00edt\u00f3 okirat \u00a0 Kaposv\u00e1r\u00e9rt K\u00f6zalap\u00edtv\u00e1ny \u00a0 7400 Kaposv\u00e1r, Kossuth t\u00e9r 1. Telefon: +36 (82) 501-526 E-mail: gazdkolts@kaposvar.hu Alap\u00edt\u00f3 okirat \u00a0 [&hellip;]<\/p>\n","protected":false},"author":1,"featured_media":0,"parent":267,"menu_order":0,"comment_status":"closed","ping_status":"closed","template":"","meta":[],"acf":[],"yoast_head":"<!-- This site is optimized with the Yoast SEO plugin v19.8 - https:\/\/yoast.com\/wordpress\/plugins\/seo\/ -->\n<title>K\u00f6zalap\u00edtv\u00e1nyok - Kaposv\u00e1r Megyei Jog\u00fa V\u00e1ros<\/title>\n<meta name=\"robots\" content=\"index, follow, max-snippet:-1, max-image-preview:large, max-video-preview:-1\" \/>\n<link rel=\"canonical\" href=\"https:\/\/otthon.kaposvar.hu\/hu\/lakossagi-informaciok\/kozossegek\/civil-szervezetek\/kozalapitvanyok\/\" \/>\n<meta property=\"og:locale\" content=\"hu_HU\" \/>\n<meta property=\"og:type\" content=\"article\" \/>\n<meta property=\"og:title\" content=\"K\u00f6zalap\u00edtv\u00e1nyok - Kaposv\u00e1r Megyei Jog\u00fa V\u00e1ros\" \/>\n<meta property=\"og:description\" content=\"Tudom\u00e1nyos \u00c9let\u00e9rt K\u00f6zalap\u00edtv\u00e1ny \u00a0 7400 Kaposv\u00e1r, Kossuth t\u00e9r 1. Telefon: +36 (82) 321-749 E-mail: csapo@mail.ate.u-kaposvar.hu Alap\u00edt\u00f3 okirat \u00a0 Rippl-R\u00f3nai \u00d6d\u00f6n M\u0171v\u00e9szeti K\u00f6zalap\u00edtv\u00e1ny \u00a0 7400 Kaposv\u00e1r, F\u0151 utca 10. Telefon: +36 (20) 287 9323 E-mail: titkarsag@smmi.hu Alap\u00edt\u00f3 okirat \u00a0 Kaposv\u00e1r\u00e9rt K\u00f6zalap\u00edtv\u00e1ny \u00a0 7400 Kaposv\u00e1r, Kossuth t\u00e9r 1. Telefon: +36 (82) 501-526 E-mail: gazdkolts@kaposvar.hu Alap\u00edt\u00f3 okirat \u00a0 [&hellip;]\" \/>\n<meta property=\"og:url\" content=\"https:\/\/otthon.kaposvar.hu\/hu\/lakossagi-informaciok\/kozossegek\/civil-szervezetek\/kozalapitvanyok\/\" \/>\n<meta property=\"og:site_name\" content=\"Kaposv\u00e1r Megyei Jog\u00fa V\u00e1ros\" \/>\n<meta property=\"article:publisher\" content=\"https:\/\/www.facebook.com\/cityofkaposvar\/\" \/>\n<meta property=\"article:modified_time\" content=\"2024-03-18T22:03:37+00:00\" \/>\n<meta property=\"og:image\" content=\"https:\/\/otthon.kaposvar.hu\/wp-content\/uploads\/2021\/10\/kaposvar_social.jpg\" \/>\n\t<meta property=\"og:image:width\" content=\"1200\" \/>\n\t<meta property=\"og:image:height\" content=\"900\" \/>\n\t<meta property=\"og:image:type\" content=\"image\/jpeg\" \/>\n<meta name=\"twitter:card\" content=\"summary_large_image\" \/>\n<meta name=\"twitter:label1\" content=\"Becs\u00fclt olvas\u00e1si id\u0151\" \/>\n\t<meta name=\"twitter:data1\" content=\"1 perc\" \/>\n<script type=\"application\/ld+json\" class=\"yoast-schema-graph\">{\"@context\":\"https:\/\/schema.org\",\"@graph\":[{\"@type\":\"WebPage\",\"@id\":\"https:\/\/otthon.kaposvar.hu\/hu\/lakossagi-informaciok\/kozossegek\/civil-szervezetek\/kozalapitvanyok\/\",\"url\":\"https:\/\/otthon.kaposvar.hu\/hu\/lakossagi-informaciok\/kozossegek\/civil-szervezetek\/kozalapitvanyok\/\",\"name\":\"K\u00f6zalap\u00edtv\u00e1nyok - Kaposv\u00e1r Megyei Jog\u00fa V\u00e1ros\",\"isPartOf\":{\"@id\":\"https:\/\/otthon.kaposvar.hu\/hu\/#website\"},\"datePublished\":\"2017-01-22T10:53:46+00:00\",\"dateModified\":\"2024-03-18T22:03:37+00:00\",\"breadcrumb\":{\"@id\":\"https:\/\/otthon.kaposvar.hu\/hu\/lakossagi-informaciok\/kozossegek\/civil-szervezetek\/kozalapitvanyok\/#breadcrumb\"},\"inLanguage\":\"hu\",\"potentialAction\":[{\"@type\":\"ReadAction\",\"target\":[[\"https:\/\/otthon.kaposvar.hu\/hu\/lakossagi-informaciok\/kozossegek\/civil-szervezetek\/kozalapitvanyok\/\"]]}]},{\"@type\":\"BreadcrumbList\",\"@id\":\"https:\/\/otthon.kaposvar.hu\/hu\/lakossagi-informaciok\/kozossegek\/civil-szervezetek\/kozalapitvanyok\/#breadcrumb\",\"itemListElement\":[{\"@type\":\"ListItem\",\"position\":1,\"name\":\"Home\",\"item\":\"https:\/\/otthon.kaposvar.hu\/hu\/\"},{\"@type\":\"ListItem\",\"position\":2,\"name\":\"Lakoss\u00e1gi inform\u00e1ci\u00f3k\",\"item\":\"https:\/\/otthon.kaposvar.hu\/hu\/lakossagi-informaciok\/\"},{\"@type\":\"ListItem\",\"position\":3,\"name\":\"K\u00f6z\u00f6ss\u00e9gek\",\"item\":\"https:\/\/otthon.kaposvar.hu\/hu\/lakossagi-informaciok\/kozossegek\/\"},{\"@type\":\"ListItem\",\"position\":4,\"name\":\"Civil szervezetek\",\"item\":\"https:\/\/otthon.kaposvar.hu\/hu\/lakossagi-informaciok\/kozossegek\/civil-szervezetek\/\"},{\"@type\":\"ListItem\",\"position\":5,\"name\":\"K\u00f6zalap\u00edtv\u00e1nyok\"}]},{\"@type\":\"WebSite\",\"@id\":\"https:\/\/otthon.kaposvar.hu\/hu\/#website\",\"url\":\"https:\/\/otthon.kaposvar.hu\/hu\/\",\"name\":\"Kaposv\u00e1r Megyei Jog\u00fa V\u00e1ros\",\"description\":\"\",\"publisher\":{\"@id\":\"https:\/\/otthon.kaposvar.hu\/hu\/#organization\"},\"potentialAction\":[{\"@type\":\"SearchAction\",\"target\":{\"@type\":\"EntryPoint\",\"urlTemplate\":\"https:\/\/otthon.kaposvar.hu\/hu\/?s={search_term_string}\"},\"query-input\":\"required name=search_term_string\"}],\"inLanguage\":\"hu\"},{\"@type\":\"Organization\",\"@id\":\"https:\/\/otthon.kaposvar.hu\/hu\/#organization\",\"name\":\"Kaposv\u00e1r Megyei Jog\u00fa V\u00e1ros\",\"url\":\"https:\/\/otthon.kaposvar.hu\/hu\/\",\"sameAs\":[\"https:\/\/www.instagram.com\/cityofkaposvar\/\",\"https:\/\/www.facebook.com\/cityofkaposvar\/\"],\"logo\":{\"@type\":\"ImageObject\",\"inLanguage\":\"hu\",\"@id\":\"https:\/\/otthon.kaposvar.hu\/hu\/#\/schema\/logo\/image\/\",\"url\":\"https:\/\/otthon.kaposvar.hu\/wp-content\/uploads\/2021\/10\/kaposvar_social.jpg\",\"contentUrl\":\"https:\/\/otthon.kaposvar.hu\/wp-content\/uploads\/2021\/10\/kaposvar_social.jpg\",\"width\":1200,\"height\":900,\"caption\":\"Kaposv\u00e1r Megyei Jog\u00fa V\u00e1ros\"},\"image\":{\"@id\":\"https:\/\/otthon.kaposvar.hu\/hu\/#\/schema\/logo\/image\/\"}}]}<\/script>\n<!-- \/ Yoast SEO plugin. -->","yoast_head_json":{"title":"K\u00f6zalap\u00edtv\u00e1nyok - Kaposv\u00e1r Megyei Jog\u00fa V\u00e1ros","robots":{"index":"index","follow":"follow","max-snippet":"max-snippet:-1","max-image-preview":"max-image-preview:large","max-video-preview":"max-video-preview:-1"},"canonical":"https:\/\/otthon.kaposvar.hu\/hu\/lakossagi-informaciok\/kozossegek\/civil-szervezetek\/kozalapitvanyok\/","og_locale":"hu_HU","og_type":"article","og_title":"K\u00f6zalap\u00edtv\u00e1nyok - Kaposv\u00e1r Megyei Jog\u00fa V\u00e1ros","og_description":"Tudom\u00e1nyos \u00c9let\u00e9rt K\u00f6zalap\u00edtv\u00e1ny \u00a0 7400 Kaposv\u00e1r, Kossuth t\u00e9r 1. Telefon: +36 (82) 321-749 E-mail: csapo@mail.ate.u-kaposvar.hu Alap\u00edt\u00f3 okirat \u00a0 Rippl-R\u00f3nai \u00d6d\u00f6n M\u0171v\u00e9szeti K\u00f6zalap\u00edtv\u00e1ny \u00a0 7400 Kaposv\u00e1r, F\u0151 utca 10. Telefon: +36 (20) 287 9323 E-mail: titkarsag@smmi.hu Alap\u00edt\u00f3 okirat \u00a0 Kaposv\u00e1r\u00e9rt K\u00f6zalap\u00edtv\u00e1ny \u00a0 7400 Kaposv\u00e1r, Kossuth t\u00e9r 1. Telefon: +36 (82) 501-526 E-mail: gazdkolts@kaposvar.hu Alap\u00edt\u00f3 okirat \u00a0 [&hellip;]","og_url":"https:\/\/otthon.kaposvar.hu\/hu\/lakossagi-informaciok\/kozossegek\/civil-szervezetek\/kozalapitvanyok\/","og_site_name":"Kaposv\u00e1r Megyei Jog\u00fa V\u00e1ros","article_publisher":"https:\/\/www.facebook.com\/cityofkaposvar\/","article_modified_time":"2024-03-18T22:03:37+00:00","og_image":[{"width":1200,"height":900,"url":"https:\/\/otthon.kaposvar.hu\/wp-content\/uploads\/2021\/10\/kaposvar_social.jpg","type":"image\/jpeg"}],"twitter_card":"summary_large_image","twitter_misc":{"Becs\u00fclt olvas\u00e1si id\u0151":"1 perc"},"schema":{"@context":"https:\/\/schema.org","@graph":[{"@type":"WebPage","@id":"https:\/\/otthon.kaposvar.hu\/hu\/lakossagi-informaciok\/kozossegek\/civil-szervezetek\/kozalapitvanyok\/","url":"https:\/\/otthon.kaposvar.hu\/hu\/lakossagi-informaciok\/kozossegek\/civil-szervezetek\/kozalapitvanyok\/","name":"K\u00f6zalap\u00edtv\u00e1nyok - Kaposv\u00e1r Megyei Jog\u00fa V\u00e1ros","isPartOf":{"@id":"https:\/\/otthon.kaposvar.hu\/hu\/#website"},"datePublished":"2017-01-22T10:53:46+00:00","dateModified":"2024-03-18T22:03:37+00:00","breadcrumb":{"@id":"https:\/\/otthon.kaposvar.hu\/hu\/lakossagi-informaciok\/kozossegek\/civil-szervezetek\/kozalapitvanyok\/#breadcrumb"},"inLanguage":"hu","potentialAction":[{"@type":"ReadAction","target":[["https:\/\/otthon.kaposvar.hu\/hu\/lakossagi-informaciok\/kozossegek\/civil-szervezetek\/kozalapitvanyok\/"]]}]},{"@type":"BreadcrumbList","@id":"https:\/\/otthon.kaposvar.hu\/hu\/lakossagi-informaciok\/kozossegek\/civil-szervezetek\/kozalapitvanyok\/#breadcrumb","itemListElement":[{"@type":"ListItem","position":1,"name":"Home","item":"https:\/\/otthon.kaposvar.hu\/hu\/"},{"@type":"ListItem","position":2,"name":"Lakoss\u00e1gi inform\u00e1ci\u00f3k","item":"https:\/\/otthon.kaposvar.hu\/hu\/lakossagi-informaciok\/"},{"@type":"ListItem","position":3,"name":"K\u00f6z\u00f6ss\u00e9gek","item":"https:\/\/otthon.kaposvar.hu\/hu\/lakossagi-informaciok\/kozossegek\/"},{"@type":"ListItem","position":4,"name":"Civil szervezetek","item":"https:\/\/otthon.kaposvar.hu\/hu\/lakossagi-informaciok\/kozossegek\/civil-szervezetek\/"},{"@type":"ListItem","position":5,"name":"K\u00f6zalap\u00edtv\u00e1nyok"}]},{"@type":"WebSite","@id":"https:\/\/otthon.kaposvar.hu\/hu\/#website","url":"https:\/\/otthon.kaposvar.hu\/hu\/","name":"Kaposv\u00e1r Megyei Jog\u00fa V\u00e1ros","description":"","publisher":{"@id":"https:\/\/otthon.kaposvar.hu\/hu\/#organization"},"potentialAction":[{"@type":"SearchAction","target":{"@type":"EntryPoint","urlTemplate":"https:\/\/otthon.kaposvar.hu\/hu\/?s={search_term_string}"},"query-input":"required name=search_term_string"}],"inLanguage":"hu"},{"@type":"Organization","@id":"https:\/\/otthon.kaposvar.hu\/hu\/#organization","name":"Kaposv\u00e1r Megyei Jog\u00fa V\u00e1ros","url":"https:\/\/otthon.kaposvar.hu\/hu\/","sameAs":["https:\/\/www.instagram.com\/cityofkaposvar\/","https:\/\/www.facebook.com\/cityofkaposvar\/"],"logo":{"@type":"ImageObject","inLanguage":"hu","@id":"https:\/\/otthon.kaposvar.hu\/hu\/#\/schema\/logo\/image\/","url":"https:\/\/otthon.kaposvar.hu\/wp-content\/uploads\/2021\/10\/kaposvar_social.jpg","contentUrl":"https:\/\/otthon.kaposvar.hu\/wp-content\/uploads\/2021\/10\/kaposvar_social.jpg","width":1200,"height":900,"caption":"Kaposv\u00e1r Megyei Jog\u00fa V\u00e1ros"},"image":{"@id":"https:\/\/otthon.kaposvar.hu\/hu\/#\/schema\/logo\/image\/"}}]}},"_links":{"self":[{"href":"https:\/\/otthon.kaposvar.hu\/hu\/wp-json\/wp\/v2\/pages\/275"}],"collection":[{"href":"https:\/\/otthon.kaposvar.hu\/hu\/wp-json\/wp\/v2\/pages"}],"about":[{"href":"https:\/\/otthon.kaposvar.hu\/hu\/wp-json\/wp\/v2\/types\/page"}],"author":[{"embeddable":true,"href":"https:\/\/otthon.kaposvar.hu\/hu\/wp-json\/wp\/v2\/users\/1"}],"replies":[{"embeddable":true,"href":"https:\/\/otthon.kaposvar.hu\/hu\/wp-json\/wp\/v2\/comments?post=275"}],"version-history":[{"count":0,"href":"https:\/\/otthon.kaposvar.hu\/hu\/wp-json\/wp\/v2\/pages\/275\/revisions"}],"up":[{"embeddable":true,"href":"https:\/\/otthon.kaposvar.hu\/hu\/wp-json\/wp\/v2\/pages\/267"}],"wp:attachment":[{"href":"https:\/\/otthon.kaposvar.hu\/hu\/wp-json\/wp\/v2\/media?parent=275"}],"curies":[{"name":"wp","href":"https:\/\/api.w.org\/{rel}","templated":true}]}}