{"id":273,"date":"2017-01-22T11:53:32","date_gmt":"2017-01-22T10:53:32","guid":{"rendered":"http:\/\/lakossag.gyori.co.hu\/?page_id=273"},"modified":"2017-08-26T20:55:36","modified_gmt":"2017-08-26T19:55:36","slug":"onkormanyzati-tamogatasok","status":"publish","type":"page","link":"https:\/\/otthon.kaposvar.hu\/hu\/lakossagi-informaciok\/kozossegek\/civil-szervezetek\/onkormanyzati-tamogatasok\/","title":{"rendered":"\u00d6nkorm\u00e1nyzati t\u00e1mogat\u00e1sok"},"content":{"rendered":"<p><\/p>\n<h2 class=\"kv-page-content-title\">T\u00e1mogat\u00e1s civil \u00e9s nyugd\u00edjasszervezetek sz\u00e1m\u00e1ra<\/h2>\n<p class=\"kv-page-content-paragraph\">Kaposv\u00e1r Megyei Jog\u00fa V\u00e1ros K\u00f6zgy\u0171l\u00e9s\u00e9nek K\u00f6znevel\u00e9si, Tudom\u00e1nyos \u00e9s Kultur\u00e1lis Bizotts\u00e1ga minden \u00e9v febru\u00e1rj\u00e1ban p\u00e1ly\u00e1zatot hirdet<\/p>\n<ul>\n<li class=\"kv-page-content-paragraph\">a K\u00f6znevel\u00e9si \u00e9s kultur\u00e1lis t\u00e1mogat\u00e1si keret\u00e9b\u0151l (1.800.000 forint) kultur\u00e1lis \u00e9s k\u00f6zm\u0171vel\u0151d\u00e9si c\u00e9lok t\u00e1mogat\u00e1s\u00e1ra,<br \/>\n a Nyugd\u00edjasszervezetek t\u00e1mogat\u00e1si keret\u00e9b\u0151l (400.000 forint) m\u0171k\u00f6d\u00e9si, kultur\u00e1lis \u00e9s k\u00f6zm\u0171vel\u0151d\u00e9si c\u00e9lok t\u00e1mogat\u00e1s\u00e1ra.<\/li>\n<\/ul>\n<div class=\"kv-page-content-paragraph kv-page-margin-1\">\u00a0<\/div>\n<h2 class=\"kv-page-content-title\">T\u00e1mogat\u00e1s sportszervezetek sz\u00e1m\u00e1ra<\/h2>\n<p class=\"kv-page-content-paragraph\">Kaposv\u00e1r Megyei Jog\u00fa V\u00e1ros K\u00f6zgy\u0171l\u00e9s\u00e9nek Ifj\u00fas\u00e1gi \u00e9s Sport Bizotts\u00e1ga szint\u00e9n minden \u00e9v febru\u00e1rj\u00e1ban p\u00e1ly\u00e1zatot hirdet<\/p>\n<ul>\n<li class=\"kv-page-content-paragraph\">a Sportkeretb\u0151l (10.000.000 forint) eredm\u00e9nyess\u00e9g- \u00e9s ut\u00e1np\u00f3tl\u00e1s-t\u00e1mogat\u00e1sra, valamint a kiemelt rendezv\u00e9nyekre (7.000.000 Ft), a szabadid\u0151sport-tev\u00e9kenys\u00e9g t\u00e1mogat\u00e1s\u00e1ra (900.000 Ft), a fogyat\u00e9kkal \u00e9l\u0151k sportj\u00e1ra (100.000 Ft), rendk\u00edv\u00fcli t\u00e1mogat\u00e1sokra, valamint egy\u00e9b feladatok ell\u00e1t\u00e1s\u00e1ra (2.000.000 Ft).<\/li>\n<\/ul>\n<div class=\"kv-page-content-paragraph kv-page-margin-1\">\u00a0<\/div>\n<h3 class=\"kv-page-content-subtitle\">Inform\u00e1ci\u00f3<\/h3>\n<p class=\"kv-page-content-paragraph\"><strong>Batty\u00e1nyi Be\u00e1ta civil referens<\/strong><br \/>\n 7400 Kaposv\u00e1r, Kossuth t\u00e9r 1. \u00daj \u00e9p\u00fclet I\/112.<br \/>\n Telefon: +36 (82) 501 552<br \/>\n E-mail: civil@kaposvar.hu<\/p>\n<div class=\"kv-page-margin-05\">\u00a0<\/div>\n<p class=\"kv-page-content-paragraph\"><strong>J\u00e1gern\u00e9 Katona Zsuzsanna kultur\u00e1lis referens<\/strong><br \/>\n 7400 Kaposv\u00e1r, Kossuth t\u00e9r 1. \u00daj \u00e9p\u00fclet II\/214.<br \/>\n Telefon: +36 (82) 501 555<br \/>\n E-mail: kultura@kaposvar.hu<\/p>\n<div class=\"kv-page-margin-05\">\u00a0<\/div>\n<p class=\"kv-page-content-paragraph\"><strong>P\u00e9tern\u00e9 Szarka Kl\u00e1ra sportreferens<\/strong><br \/>\n 7400 Kaposv\u00e1r, Kossuth t\u00e9r 1. R\u00e9gi \u00e9p\u00fclet I\/109.<br \/>\n Telefon: +36 (82) 501 501\/640. mell\u00e9k<br \/>\n E-mail: sport@kaposvar.hu<\/p>\n<div class=\"kv-page-content-paragraph kv-page-margin-1\">\u00a0<\/div>\n<p><\/p>","protected":false},"excerpt":{"rendered":"<p>T\u00e1mogat\u00e1s civil \u00e9s nyugd\u00edjasszervezetek sz\u00e1m\u00e1ra Kaposv\u00e1r Megyei Jog\u00fa V\u00e1ros K\u00f6zgy\u0171l\u00e9s\u00e9nek K\u00f6znevel\u00e9si, Tudom\u00e1nyos \u00e9s Kultur\u00e1lis Bizotts\u00e1ga minden \u00e9v febru\u00e1rj\u00e1ban p\u00e1ly\u00e1zatot hirdet a K\u00f6znevel\u00e9si \u00e9s kultur\u00e1lis t\u00e1mogat\u00e1si keret\u00e9b\u0151l (1.800.000 forint) kultur\u00e1lis \u00e9s k\u00f6zm\u0171vel\u0151d\u00e9si c\u00e9lok t\u00e1mogat\u00e1s\u00e1ra, a Nyugd\u00edjasszervezetek t\u00e1mogat\u00e1si keret\u00e9b\u0151l (400.000 forint) m\u0171k\u00f6d\u00e9si, kultur\u00e1lis \u00e9s k\u00f6zm\u0171vel\u0151d\u00e9si c\u00e9lok t\u00e1mogat\u00e1s\u00e1ra. \u00a0 T\u00e1mogat\u00e1s sportszervezetek sz\u00e1m\u00e1ra Kaposv\u00e1r Megyei Jog\u00fa V\u00e1ros K\u00f6zgy\u0171l\u00e9s\u00e9nek Ifj\u00fas\u00e1gi [&hellip;]<\/p>\n","protected":false},"author":1,"featured_media":0,"parent":267,"menu_order":0,"comment_status":"closed","ping_status":"closed","template":"","meta":[],"acf":[],"yoast_head":"<!-- This site is optimized with the Yoast SEO plugin v19.8 - https:\/\/yoast.com\/wordpress\/plugins\/seo\/ -->\n<title>\u00d6nkorm\u00e1nyzati t\u00e1mogat\u00e1sok - Kaposv\u00e1r Megyei Jog\u00fa V\u00e1ros<\/title>\n<meta name=\"robots\" content=\"index, follow, max-snippet:-1, max-image-preview:large, max-video-preview:-1\" \/>\n<link rel=\"canonical\" href=\"https:\/\/otthon.kaposvar.hu\/hu\/lakossagi-informaciok\/kozossegek\/civil-szervezetek\/onkormanyzati-tamogatasok\/\" \/>\n<meta property=\"og:locale\" content=\"hu_HU\" \/>\n<meta property=\"og:type\" content=\"article\" \/>\n<meta property=\"og:title\" content=\"\u00d6nkorm\u00e1nyzati t\u00e1mogat\u00e1sok - Kaposv\u00e1r Megyei Jog\u00fa V\u00e1ros\" \/>\n<meta property=\"og:description\" content=\"T\u00e1mogat\u00e1s civil \u00e9s nyugd\u00edjasszervezetek sz\u00e1m\u00e1ra Kaposv\u00e1r Megyei Jog\u00fa V\u00e1ros K\u00f6zgy\u0171l\u00e9s\u00e9nek K\u00f6znevel\u00e9si, Tudom\u00e1nyos \u00e9s Kultur\u00e1lis Bizotts\u00e1ga minden \u00e9v febru\u00e1rj\u00e1ban p\u00e1ly\u00e1zatot hirdet a K\u00f6znevel\u00e9si \u00e9s kultur\u00e1lis t\u00e1mogat\u00e1si keret\u00e9b\u0151l (1.800.000 forint) kultur\u00e1lis \u00e9s k\u00f6zm\u0171vel\u0151d\u00e9si c\u00e9lok t\u00e1mogat\u00e1s\u00e1ra, a Nyugd\u00edjasszervezetek t\u00e1mogat\u00e1si keret\u00e9b\u0151l (400.000 forint) m\u0171k\u00f6d\u00e9si, kultur\u00e1lis \u00e9s k\u00f6zm\u0171vel\u0151d\u00e9si c\u00e9lok t\u00e1mogat\u00e1s\u00e1ra. \u00a0 T\u00e1mogat\u00e1s sportszervezetek sz\u00e1m\u00e1ra Kaposv\u00e1r Megyei Jog\u00fa V\u00e1ros K\u00f6zgy\u0171l\u00e9s\u00e9nek Ifj\u00fas\u00e1gi [&hellip;]\" \/>\n<meta property=\"og:url\" content=\"https:\/\/otthon.kaposvar.hu\/hu\/lakossagi-informaciok\/kozossegek\/civil-szervezetek\/onkormanyzati-tamogatasok\/\" \/>\n<meta property=\"og:site_name\" content=\"Kaposv\u00e1r Megyei Jog\u00fa V\u00e1ros\" \/>\n<meta property=\"article:publisher\" content=\"https:\/\/www.facebook.com\/cityofkaposvar\/\" \/>\n<meta property=\"article:modified_time\" content=\"2017-08-26T19:55:36+00:00\" \/>\n<meta property=\"og:image\" content=\"https:\/\/otthon.kaposvar.hu\/wp-content\/uploads\/2021\/10\/kaposvar_social.jpg\" \/>\n\t<meta property=\"og:image:width\" content=\"1200\" \/>\n\t<meta property=\"og:image:height\" content=\"900\" \/>\n\t<meta property=\"og:image:type\" content=\"image\/jpeg\" \/>\n<meta name=\"twitter:card\" content=\"summary_large_image\" \/>\n<meta name=\"twitter:label1\" content=\"Becs\u00fclt olvas\u00e1si id\u0151\" \/>\n\t<meta name=\"twitter:data1\" content=\"1 perc\" \/>\n<script type=\"application\/ld+json\" class=\"yoast-schema-graph\">{\"@context\":\"https:\/\/schema.org\",\"@graph\":[{\"@type\":\"WebPage\",\"@id\":\"https:\/\/otthon.kaposvar.hu\/hu\/lakossagi-informaciok\/kozossegek\/civil-szervezetek\/onkormanyzati-tamogatasok\/\",\"url\":\"https:\/\/otthon.kaposvar.hu\/hu\/lakossagi-informaciok\/kozossegek\/civil-szervezetek\/onkormanyzati-tamogatasok\/\",\"name\":\"\u00d6nkorm\u00e1nyzati t\u00e1mogat\u00e1sok - Kaposv\u00e1r Megyei Jog\u00fa V\u00e1ros\",\"isPartOf\":{\"@id\":\"https:\/\/otthon.kaposvar.hu\/hu\/#website\"},\"datePublished\":\"2017-01-22T10:53:32+00:00\",\"dateModified\":\"2017-08-26T19:55:36+00:00\",\"breadcrumb\":{\"@id\":\"https:\/\/otthon.kaposvar.hu\/hu\/lakossagi-informaciok\/kozossegek\/civil-szervezetek\/onkormanyzati-tamogatasok\/#breadcrumb\"},\"inLanguage\":\"hu\",\"potentialAction\":[{\"@type\":\"ReadAction\",\"target\":[[\"https:\/\/otthon.kaposvar.hu\/hu\/lakossagi-informaciok\/kozossegek\/civil-szervezetek\/onkormanyzati-tamogatasok\/\"]]}]},{\"@type\":\"BreadcrumbList\",\"@id\":\"https:\/\/otthon.kaposvar.hu\/hu\/lakossagi-informaciok\/kozossegek\/civil-szervezetek\/onkormanyzati-tamogatasok\/#breadcrumb\",\"itemListElement\":[{\"@type\":\"ListItem\",\"position\":1,\"name\":\"Home\",\"item\":\"https:\/\/otthon.kaposvar.hu\/hu\/\"},{\"@type\":\"ListItem\",\"position\":2,\"name\":\"Lakoss\u00e1gi inform\u00e1ci\u00f3k\",\"item\":\"https:\/\/otthon.kaposvar.hu\/hu\/lakossagi-informaciok\/\"},{\"@type\":\"ListItem\",\"position\":3,\"name\":\"K\u00f6z\u00f6ss\u00e9gek\",\"item\":\"https:\/\/otthon.kaposvar.hu\/hu\/lakossagi-informaciok\/kozossegek\/\"},{\"@type\":\"ListItem\",\"position\":4,\"name\":\"Civil szervezetek\",\"item\":\"https:\/\/otthon.kaposvar.hu\/hu\/lakossagi-informaciok\/kozossegek\/civil-szervezetek\/\"},{\"@type\":\"ListItem\",\"position\":5,\"name\":\"\u00d6nkorm\u00e1nyzati t\u00e1mogat\u00e1sok\"}]},{\"@type\":\"WebSite\",\"@id\":\"https:\/\/otthon.kaposvar.hu\/hu\/#website\",\"url\":\"https:\/\/otthon.kaposvar.hu\/hu\/\",\"name\":\"Kaposv\u00e1r Megyei Jog\u00fa V\u00e1ros\",\"description\":\"\",\"publisher\":{\"@id\":\"https:\/\/otthon.kaposvar.hu\/hu\/#organization\"},\"potentialAction\":[{\"@type\":\"SearchAction\",\"target\":{\"@type\":\"EntryPoint\",\"urlTemplate\":\"https:\/\/otthon.kaposvar.hu\/hu\/?s={search_term_string}\"},\"query-input\":\"required name=search_term_string\"}],\"inLanguage\":\"hu\"},{\"@type\":\"Organization\",\"@id\":\"https:\/\/otthon.kaposvar.hu\/hu\/#organization\",\"name\":\"Kaposv\u00e1r Megyei Jog\u00fa V\u00e1ros\",\"url\":\"https:\/\/otthon.kaposvar.hu\/hu\/\",\"sameAs\":[\"https:\/\/www.instagram.com\/cityofkaposvar\/\",\"https:\/\/www.facebook.com\/cityofkaposvar\/\"],\"logo\":{\"@type\":\"ImageObject\",\"inLanguage\":\"hu\",\"@id\":\"https:\/\/otthon.kaposvar.hu\/hu\/#\/schema\/logo\/image\/\",\"url\":\"https:\/\/otthon.kaposvar.hu\/wp-content\/uploads\/2021\/10\/kaposvar_social.jpg\",\"contentUrl\":\"https:\/\/otthon.kaposvar.hu\/wp-content\/uploads\/2021\/10\/kaposvar_social.jpg\",\"width\":1200,\"height\":900,\"caption\":\"Kaposv\u00e1r Megyei Jog\u00fa V\u00e1ros\"},\"image\":{\"@id\":\"https:\/\/otthon.kaposvar.hu\/hu\/#\/schema\/logo\/image\/\"}}]}<\/script>\n<!-- \/ Yoast SEO plugin. -->","yoast_head_json":{"title":"\u00d6nkorm\u00e1nyzati t\u00e1mogat\u00e1sok - Kaposv\u00e1r Megyei Jog\u00fa V\u00e1ros","robots":{"index":"index","follow":"follow","max-snippet":"max-snippet:-1","max-image-preview":"max-image-preview:large","max-video-preview":"max-video-preview:-1"},"canonical":"https:\/\/otthon.kaposvar.hu\/hu\/lakossagi-informaciok\/kozossegek\/civil-szervezetek\/onkormanyzati-tamogatasok\/","og_locale":"hu_HU","og_type":"article","og_title":"\u00d6nkorm\u00e1nyzati t\u00e1mogat\u00e1sok - Kaposv\u00e1r Megyei Jog\u00fa V\u00e1ros","og_description":"T\u00e1mogat\u00e1s civil \u00e9s nyugd\u00edjasszervezetek sz\u00e1m\u00e1ra Kaposv\u00e1r Megyei Jog\u00fa V\u00e1ros K\u00f6zgy\u0171l\u00e9s\u00e9nek K\u00f6znevel\u00e9si, Tudom\u00e1nyos \u00e9s Kultur\u00e1lis Bizotts\u00e1ga minden \u00e9v febru\u00e1rj\u00e1ban p\u00e1ly\u00e1zatot hirdet a K\u00f6znevel\u00e9si \u00e9s kultur\u00e1lis t\u00e1mogat\u00e1si keret\u00e9b\u0151l (1.800.000 forint) kultur\u00e1lis \u00e9s k\u00f6zm\u0171vel\u0151d\u00e9si c\u00e9lok t\u00e1mogat\u00e1s\u00e1ra, a Nyugd\u00edjasszervezetek t\u00e1mogat\u00e1si keret\u00e9b\u0151l (400.000 forint) m\u0171k\u00f6d\u00e9si, kultur\u00e1lis \u00e9s k\u00f6zm\u0171vel\u0151d\u00e9si c\u00e9lok t\u00e1mogat\u00e1s\u00e1ra. \u00a0 T\u00e1mogat\u00e1s sportszervezetek sz\u00e1m\u00e1ra Kaposv\u00e1r Megyei Jog\u00fa V\u00e1ros K\u00f6zgy\u0171l\u00e9s\u00e9nek Ifj\u00fas\u00e1gi [&hellip;]","og_url":"https:\/\/otthon.kaposvar.hu\/hu\/lakossagi-informaciok\/kozossegek\/civil-szervezetek\/onkormanyzati-tamogatasok\/","og_site_name":"Kaposv\u00e1r Megyei Jog\u00fa V\u00e1ros","article_publisher":"https:\/\/www.facebook.com\/cityofkaposvar\/","article_modified_time":"2017-08-26T19:55:36+00:00","og_image":[{"width":1200,"height":900,"url":"https:\/\/otthon.kaposvar.hu\/wp-content\/uploads\/2021\/10\/kaposvar_social.jpg","type":"image\/jpeg"}],"twitter_card":"summary_large_image","twitter_misc":{"Becs\u00fclt olvas\u00e1si id\u0151":"1 perc"},"schema":{"@context":"https:\/\/schema.org","@graph":[{"@type":"WebPage","@id":"https:\/\/otthon.kaposvar.hu\/hu\/lakossagi-informaciok\/kozossegek\/civil-szervezetek\/onkormanyzati-tamogatasok\/","url":"https:\/\/otthon.kaposvar.hu\/hu\/lakossagi-informaciok\/kozossegek\/civil-szervezetek\/onkormanyzati-tamogatasok\/","name":"\u00d6nkorm\u00e1nyzati t\u00e1mogat\u00e1sok - Kaposv\u00e1r Megyei Jog\u00fa V\u00e1ros","isPartOf":{"@id":"https:\/\/otthon.kaposvar.hu\/hu\/#website"},"datePublished":"2017-01-22T10:53:32+00:00","dateModified":"2017-08-26T19:55:36+00:00","breadcrumb":{"@id":"https:\/\/otthon.kaposvar.hu\/hu\/lakossagi-informaciok\/kozossegek\/civil-szervezetek\/onkormanyzati-tamogatasok\/#breadcrumb"},"inLanguage":"hu","potentialAction":[{"@type":"ReadAction","target":[["https:\/\/otthon.kaposvar.hu\/hu\/lakossagi-informaciok\/kozossegek\/civil-szervezetek\/onkormanyzati-tamogatasok\/"]]}]},{"@type":"BreadcrumbList","@id":"https:\/\/otthon.kaposvar.hu\/hu\/lakossagi-informaciok\/kozossegek\/civil-szervezetek\/onkormanyzati-tamogatasok\/#breadcrumb","itemListElement":[{"@type":"ListItem","position":1,"name":"Home","item":"https:\/\/otthon.kaposvar.hu\/hu\/"},{"@type":"ListItem","position":2,"name":"Lakoss\u00e1gi inform\u00e1ci\u00f3k","item":"https:\/\/otthon.kaposvar.hu\/hu\/lakossagi-informaciok\/"},{"@type":"ListItem","position":3,"name":"K\u00f6z\u00f6ss\u00e9gek","item":"https:\/\/otthon.kaposvar.hu\/hu\/lakossagi-informaciok\/kozossegek\/"},{"@type":"ListItem","position":4,"name":"Civil szervezetek","item":"https:\/\/otthon.kaposvar.hu\/hu\/lakossagi-informaciok\/kozossegek\/civil-szervezetek\/"},{"@type":"ListItem","position":5,"name":"\u00d6nkorm\u00e1nyzati t\u00e1mogat\u00e1sok"}]},{"@type":"WebSite","@id":"https:\/\/otthon.kaposvar.hu\/hu\/#website","url":"https:\/\/otthon.kaposvar.hu\/hu\/","name":"Kaposv\u00e1r Megyei Jog\u00fa V\u00e1ros","description":"","publisher":{"@id":"https:\/\/otthon.kaposvar.hu\/hu\/#organization"},"potentialAction":[{"@type":"SearchAction","target":{"@type":"EntryPoint","urlTemplate":"https:\/\/otthon.kaposvar.hu\/hu\/?s={search_term_string}"},"query-input":"required name=search_term_string"}],"inLanguage":"hu"},{"@type":"Organization","@id":"https:\/\/otthon.kaposvar.hu\/hu\/#organization","name":"Kaposv\u00e1r Megyei Jog\u00fa V\u00e1ros","url":"https:\/\/otthon.kaposvar.hu\/hu\/","sameAs":["https:\/\/www.instagram.com\/cityofkaposvar\/","https:\/\/www.facebook.com\/cityofkaposvar\/"],"logo":{"@type":"ImageObject","inLanguage":"hu","@id":"https:\/\/otthon.kaposvar.hu\/hu\/#\/schema\/logo\/image\/","url":"https:\/\/otthon.kaposvar.hu\/wp-content\/uploads\/2021\/10\/kaposvar_social.jpg","contentUrl":"https:\/\/otthon.kaposvar.hu\/wp-content\/uploads\/2021\/10\/kaposvar_social.jpg","width":1200,"height":900,"caption":"Kaposv\u00e1r Megyei Jog\u00fa V\u00e1ros"},"image":{"@id":"https:\/\/otthon.kaposvar.hu\/hu\/#\/schema\/logo\/image\/"}}]}},"_links":{"self":[{"href":"https:\/\/otthon.kaposvar.hu\/hu\/wp-json\/wp\/v2\/pages\/273"}],"collection":[{"href":"https:\/\/otthon.kaposvar.hu\/hu\/wp-json\/wp\/v2\/pages"}],"about":[{"href":"https:\/\/otthon.kaposvar.hu\/hu\/wp-json\/wp\/v2\/types\/page"}],"author":[{"embeddable":true,"href":"https:\/\/otthon.kaposvar.hu\/hu\/wp-json\/wp\/v2\/users\/1"}],"replies":[{"embeddable":true,"href":"https:\/\/otthon.kaposvar.hu\/hu\/wp-json\/wp\/v2\/comments?post=273"}],"version-history":[{"count":0,"href":"https:\/\/otthon.kaposvar.hu\/hu\/wp-json\/wp\/v2\/pages\/273\/revisions"}],"up":[{"embeddable":true,"href":"https:\/\/otthon.kaposvar.hu\/hu\/wp-json\/wp\/v2\/pages\/267"}],"wp:attachment":[{"href":"https:\/\/otthon.kaposvar.hu\/hu\/wp-json\/wp\/v2\/media?parent=273"}],"curies":[{"name":"wp","href":"https:\/\/api.w.org\/{rel}","templated":true}]}}