{"id":267,"date":"2017-01-22T11:52:30","date_gmt":"2017-01-22T10:52:30","guid":{"rendered":"http:\/\/lakossag.gyori.co.hu\/?page_id=267"},"modified":"2020-06-03T15:28:51","modified_gmt":"2020-06-03T14:28:51","slug":"civil-szervezetek","status":"publish","type":"page","link":"https:\/\/otthon.kaposvar.hu\/hu\/lakossagi-informaciok\/kozossegek\/civil-szervezetek\/","title":{"rendered":"Civil szervezetek"},"content":{"rendered":"<p><\/p>\n<h2 class=\"kv-page-content-title\">Kedves L\u00e1togat\u00f3!<\/h2>\n<p class=\"kv-page-content-paragraph\">\u00c9let\u00fcnk ma m\u00e1r elk\u00e9pzelhetetlen lenne polg\u00e1ri k\u00f6z\u00f6ss\u00e9gek n\u00e9lk\u00fcl.<\/p>\n<p class=\"kv-page-content-paragraph\">A t\u00e1rsadalom \u00e1llami, \u00f6nkorm\u00e1nyzati \u00e9s piaci r\u00e9sze mellett egyre jelent\u0151sebb szerepet t\u00f6ltenek be a civil szervezetek. Meggy\u0151z\u0151d\u00e9sem, hogy ez \u00edgy van rendj\u00e9n, hiszen a kisebb helyi k\u00f6z\u00f6ss\u00e9gek \u2013 a hozz\u00e1juk k\u00f6zel \u00e1ll\u00f3 t\u00e9m\u00e1k ir\u00e1nti \u00e9rz\u00e9kenys\u00e9g\u00fck miatt \u2013 sok tekintetben jobban k\u00e9pesek ell\u00e1tni bizonyos feladatokat, mint m\u00e1s. Igaz lehet ez a sport, a kult\u00fara, az eg\u00e9szs\u00e9g\u00fcgy vagy \u00e9ppen a szoci\u00e1lis gondoskod\u00e1s ter\u00fclet\u00e9n is.<\/p>\n<p class=\"kv-page-content-paragraph\">C\u00e9lunk, hogy v\u00e1rosunk honlapj\u00e1n kereszt\u00fcl naprak\u00e9sz inform\u00e1ci\u00f3kat szolg\u00e1ltassunk a v\u00e1rosunkban m\u0171k\u00f6d\u0151 civil szervezetekr\u0151l, lehet\u0151s\u00e9get biztos\u00edtva minden \u00e9rdekl\u0151d\u0151nek, hogy megismerje munk\u00e1jukat.<\/p>\n<p class=\"kv-page-content-paragraph\">Ennek \u00e9rdek\u00e9ben lehet\u0151v\u00e9 tessz\u00fck v\u00e1rosunk civil szervezeteinek, hogy regisztr\u00e1lj\u00e1k szervezet\u00fcket a v\u00e1ros honlapj\u00e1n.<\/p>\n<p class=\"kv-page-content-paragraph\">Biztos\u00edtjuk aktu\u00e1lis esem\u00e9nyeik, rendezv\u00e9nyeik megjelen\u00edt\u00e9s\u00e9t. \u00d6sszegy\u0171jtve rendelkez\u00e9sre bocs\u00e1jtjuk a civil szervezetek \u00e1ltal el\u00e9rhet\u0151 p\u00e1ly\u00e1zati forr\u00e1sokat, ezzel megk\u00f6nny\u00edtve m\u0171k\u00f6d\u00e9s\u00fck anyagi felt\u00e9teleinek \u00f6n\u00e1ll\u00f3 megteremt\u00e9s\u00e9t.<\/p>\n<p class=\"kv-page-content-paragraph\">B\u00edzom benne, hogy \u00e9lnek az \u00e1ltalunk k\u00edn\u00e1lt lehet\u0151s\u00e9ggel \u00e9s ezzel szorosabb egy\u00fcttm\u0171k\u00f6d\u00e9s alakulhat ki \u00d6nkorm\u00e1nyzatunk, v\u00e1rosunk civil szervezetei \u00e9s Kaposv\u00e1r v\u00e1ros polg\u00e1rai k\u00f6z\u00f6tt.<\/p>\n<p class=\"kv-page-content-paragraph\">\u00a0<\/p>\n<p>&nbsp;<\/p>\n<p class=\"kv-page-content-paragraph kv-page-content-title kv-page-content-subtitle\"><b>Borhi Zsombor<br \/>\n<\/b>alpolg\u00e1rmester<\/p>\n<p><\/p>","protected":false},"excerpt":{"rendered":"<p>Kedves L\u00e1togat\u00f3! \u00c9let\u00fcnk ma m\u00e1r elk\u00e9pzelhetetlen lenne polg\u00e1ri k\u00f6z\u00f6ss\u00e9gek n\u00e9lk\u00fcl. A t\u00e1rsadalom \u00e1llami, \u00f6nkorm\u00e1nyzati \u00e9s piaci r\u00e9sze mellett egyre jelent\u0151sebb szerepet t\u00f6ltenek be a civil szervezetek. Meggy\u0151z\u0151d\u00e9sem, hogy ez \u00edgy van rendj\u00e9n, hiszen a kisebb helyi k\u00f6z\u00f6ss\u00e9gek \u2013 a hozz\u00e1juk k\u00f6zel \u00e1ll\u00f3 t\u00e9m\u00e1k ir\u00e1nti \u00e9rz\u00e9kenys\u00e9g\u00fck miatt \u2013 sok tekintetben jobban k\u00e9pesek ell\u00e1tni bizonyos feladatokat, mint [&hellip;]<\/p>\n","protected":false},"author":1,"featured_media":0,"parent":251,"menu_order":0,"comment_status":"closed","ping_status":"closed","template":"","meta":[],"acf":[],"yoast_head":"<!-- This site is optimized with the Yoast SEO plugin v19.8 - https:\/\/yoast.com\/wordpress\/plugins\/seo\/ -->\n<title>Civil szervezetek - Kaposv\u00e1r Megyei Jog\u00fa V\u00e1ros<\/title>\n<meta name=\"robots\" content=\"index, follow, max-snippet:-1, max-image-preview:large, max-video-preview:-1\" \/>\n<link rel=\"canonical\" href=\"https:\/\/otthon.kaposvar.hu\/hu\/lakossagi-informaciok\/kozossegek\/civil-szervezetek\/\" \/>\n<meta property=\"og:locale\" content=\"hu_HU\" \/>\n<meta property=\"og:type\" content=\"article\" \/>\n<meta property=\"og:title\" content=\"Civil szervezetek - Kaposv\u00e1r Megyei Jog\u00fa V\u00e1ros\" \/>\n<meta property=\"og:description\" content=\"Kedves L\u00e1togat\u00f3! \u00c9let\u00fcnk ma m\u00e1r elk\u00e9pzelhetetlen lenne polg\u00e1ri k\u00f6z\u00f6ss\u00e9gek n\u00e9lk\u00fcl. A t\u00e1rsadalom \u00e1llami, \u00f6nkorm\u00e1nyzati \u00e9s piaci r\u00e9sze mellett egyre jelent\u0151sebb szerepet t\u00f6ltenek be a civil szervezetek. Meggy\u0151z\u0151d\u00e9sem, hogy ez \u00edgy van rendj\u00e9n, hiszen a kisebb helyi k\u00f6z\u00f6ss\u00e9gek \u2013 a hozz\u00e1juk k\u00f6zel \u00e1ll\u00f3 t\u00e9m\u00e1k ir\u00e1nti \u00e9rz\u00e9kenys\u00e9g\u00fck miatt \u2013 sok tekintetben jobban k\u00e9pesek ell\u00e1tni bizonyos feladatokat, mint [&hellip;]\" \/>\n<meta property=\"og:url\" content=\"https:\/\/otthon.kaposvar.hu\/hu\/lakossagi-informaciok\/kozossegek\/civil-szervezetek\/\" \/>\n<meta property=\"og:site_name\" content=\"Kaposv\u00e1r Megyei Jog\u00fa V\u00e1ros\" \/>\n<meta property=\"article:publisher\" content=\"https:\/\/www.facebook.com\/cityofkaposvar\/\" \/>\n<meta property=\"article:modified_time\" content=\"2020-06-03T14:28:51+00:00\" \/>\n<meta property=\"og:image\" content=\"https:\/\/otthon.kaposvar.hu\/wp-content\/uploads\/2021\/10\/kaposvar_social.jpg\" \/>\n\t<meta property=\"og:image:width\" content=\"1200\" \/>\n\t<meta property=\"og:image:height\" content=\"900\" \/>\n\t<meta property=\"og:image:type\" content=\"image\/jpeg\" \/>\n<meta name=\"twitter:card\" content=\"summary_large_image\" \/>\n<meta name=\"twitter:label1\" content=\"Becs\u00fclt olvas\u00e1si id\u0151\" \/>\n\t<meta name=\"twitter:data1\" content=\"1 perc\" \/>\n<script type=\"application\/ld+json\" class=\"yoast-schema-graph\">{\"@context\":\"https:\/\/schema.org\",\"@graph\":[{\"@type\":\"WebPage\",\"@id\":\"https:\/\/otthon.kaposvar.hu\/hu\/lakossagi-informaciok\/kozossegek\/civil-szervezetek\/\",\"url\":\"https:\/\/otthon.kaposvar.hu\/hu\/lakossagi-informaciok\/kozossegek\/civil-szervezetek\/\",\"name\":\"Civil szervezetek - Kaposv\u00e1r Megyei Jog\u00fa V\u00e1ros\",\"isPartOf\":{\"@id\":\"https:\/\/otthon.kaposvar.hu\/hu\/#website\"},\"datePublished\":\"2017-01-22T10:52:30+00:00\",\"dateModified\":\"2020-06-03T14:28:51+00:00\",\"breadcrumb\":{\"@id\":\"https:\/\/otthon.kaposvar.hu\/hu\/lakossagi-informaciok\/kozossegek\/civil-szervezetek\/#breadcrumb\"},\"inLanguage\":\"hu\",\"potentialAction\":[{\"@type\":\"ReadAction\",\"target\":[[\"https:\/\/otthon.kaposvar.hu\/hu\/lakossagi-informaciok\/kozossegek\/civil-szervezetek\/\"]]}]},{\"@type\":\"BreadcrumbList\",\"@id\":\"https:\/\/otthon.kaposvar.hu\/hu\/lakossagi-informaciok\/kozossegek\/civil-szervezetek\/#breadcrumb\",\"itemListElement\":[{\"@type\":\"ListItem\",\"position\":1,\"name\":\"Home\",\"item\":\"https:\/\/otthon.kaposvar.hu\/hu\/\"},{\"@type\":\"ListItem\",\"position\":2,\"name\":\"Lakoss\u00e1gi inform\u00e1ci\u00f3k\",\"item\":\"https:\/\/otthon.kaposvar.hu\/hu\/lakossagi-informaciok\/\"},{\"@type\":\"ListItem\",\"position\":3,\"name\":\"K\u00f6z\u00f6ss\u00e9gek\",\"item\":\"https:\/\/otthon.kaposvar.hu\/hu\/lakossagi-informaciok\/kozossegek\/\"},{\"@type\":\"ListItem\",\"position\":4,\"name\":\"Civil szervezetek\"}]},{\"@type\":\"WebSite\",\"@id\":\"https:\/\/otthon.kaposvar.hu\/hu\/#website\",\"url\":\"https:\/\/otthon.kaposvar.hu\/hu\/\",\"name\":\"Kaposv\u00e1r Megyei Jog\u00fa V\u00e1ros\",\"description\":\"\",\"publisher\":{\"@id\":\"https:\/\/otthon.kaposvar.hu\/hu\/#organization\"},\"potentialAction\":[{\"@type\":\"SearchAction\",\"target\":{\"@type\":\"EntryPoint\",\"urlTemplate\":\"https:\/\/otthon.kaposvar.hu\/hu\/?s={search_term_string}\"},\"query-input\":\"required name=search_term_string\"}],\"inLanguage\":\"hu\"},{\"@type\":\"Organization\",\"@id\":\"https:\/\/otthon.kaposvar.hu\/hu\/#organization\",\"name\":\"Kaposv\u00e1r Megyei Jog\u00fa V\u00e1ros\",\"url\":\"https:\/\/otthon.kaposvar.hu\/hu\/\",\"sameAs\":[\"https:\/\/www.instagram.com\/cityofkaposvar\/\",\"https:\/\/www.facebook.com\/cityofkaposvar\/\"],\"logo\":{\"@type\":\"ImageObject\",\"inLanguage\":\"hu\",\"@id\":\"https:\/\/otthon.kaposvar.hu\/hu\/#\/schema\/logo\/image\/\",\"url\":\"https:\/\/otthon.kaposvar.hu\/wp-content\/uploads\/2021\/10\/kaposvar_social.jpg\",\"contentUrl\":\"https:\/\/otthon.kaposvar.hu\/wp-content\/uploads\/2021\/10\/kaposvar_social.jpg\",\"width\":1200,\"height\":900,\"caption\":\"Kaposv\u00e1r Megyei Jog\u00fa V\u00e1ros\"},\"image\":{\"@id\":\"https:\/\/otthon.kaposvar.hu\/hu\/#\/schema\/logo\/image\/\"}}]}<\/script>\n<!-- \/ Yoast SEO plugin. -->","yoast_head_json":{"title":"Civil szervezetek - Kaposv\u00e1r Megyei Jog\u00fa V\u00e1ros","robots":{"index":"index","follow":"follow","max-snippet":"max-snippet:-1","max-image-preview":"max-image-preview:large","max-video-preview":"max-video-preview:-1"},"canonical":"https:\/\/otthon.kaposvar.hu\/hu\/lakossagi-informaciok\/kozossegek\/civil-szervezetek\/","og_locale":"hu_HU","og_type":"article","og_title":"Civil szervezetek - Kaposv\u00e1r Megyei Jog\u00fa V\u00e1ros","og_description":"Kedves L\u00e1togat\u00f3! \u00c9let\u00fcnk ma m\u00e1r elk\u00e9pzelhetetlen lenne polg\u00e1ri k\u00f6z\u00f6ss\u00e9gek n\u00e9lk\u00fcl. A t\u00e1rsadalom \u00e1llami, \u00f6nkorm\u00e1nyzati \u00e9s piaci r\u00e9sze mellett egyre jelent\u0151sebb szerepet t\u00f6ltenek be a civil szervezetek. Meggy\u0151z\u0151d\u00e9sem, hogy ez \u00edgy van rendj\u00e9n, hiszen a kisebb helyi k\u00f6z\u00f6ss\u00e9gek \u2013 a hozz\u00e1juk k\u00f6zel \u00e1ll\u00f3 t\u00e9m\u00e1k ir\u00e1nti \u00e9rz\u00e9kenys\u00e9g\u00fck miatt \u2013 sok tekintetben jobban k\u00e9pesek ell\u00e1tni bizonyos feladatokat, mint [&hellip;]","og_url":"https:\/\/otthon.kaposvar.hu\/hu\/lakossagi-informaciok\/kozossegek\/civil-szervezetek\/","og_site_name":"Kaposv\u00e1r Megyei Jog\u00fa V\u00e1ros","article_publisher":"https:\/\/www.facebook.com\/cityofkaposvar\/","article_modified_time":"2020-06-03T14:28:51+00:00","og_image":[{"width":1200,"height":900,"url":"https:\/\/otthon.kaposvar.hu\/wp-content\/uploads\/2021\/10\/kaposvar_social.jpg","type":"image\/jpeg"}],"twitter_card":"summary_large_image","twitter_misc":{"Becs\u00fclt olvas\u00e1si id\u0151":"1 perc"},"schema":{"@context":"https:\/\/schema.org","@graph":[{"@type":"WebPage","@id":"https:\/\/otthon.kaposvar.hu\/hu\/lakossagi-informaciok\/kozossegek\/civil-szervezetek\/","url":"https:\/\/otthon.kaposvar.hu\/hu\/lakossagi-informaciok\/kozossegek\/civil-szervezetek\/","name":"Civil szervezetek - Kaposv\u00e1r Megyei Jog\u00fa V\u00e1ros","isPartOf":{"@id":"https:\/\/otthon.kaposvar.hu\/hu\/#website"},"datePublished":"2017-01-22T10:52:30+00:00","dateModified":"2020-06-03T14:28:51+00:00","breadcrumb":{"@id":"https:\/\/otthon.kaposvar.hu\/hu\/lakossagi-informaciok\/kozossegek\/civil-szervezetek\/#breadcrumb"},"inLanguage":"hu","potentialAction":[{"@type":"ReadAction","target":[["https:\/\/otthon.kaposvar.hu\/hu\/lakossagi-informaciok\/kozossegek\/civil-szervezetek\/"]]}]},{"@type":"BreadcrumbList","@id":"https:\/\/otthon.kaposvar.hu\/hu\/lakossagi-informaciok\/kozossegek\/civil-szervezetek\/#breadcrumb","itemListElement":[{"@type":"ListItem","position":1,"name":"Home","item":"https:\/\/otthon.kaposvar.hu\/hu\/"},{"@type":"ListItem","position":2,"name":"Lakoss\u00e1gi inform\u00e1ci\u00f3k","item":"https:\/\/otthon.kaposvar.hu\/hu\/lakossagi-informaciok\/"},{"@type":"ListItem","position":3,"name":"K\u00f6z\u00f6ss\u00e9gek","item":"https:\/\/otthon.kaposvar.hu\/hu\/lakossagi-informaciok\/kozossegek\/"},{"@type":"ListItem","position":4,"name":"Civil szervezetek"}]},{"@type":"WebSite","@id":"https:\/\/otthon.kaposvar.hu\/hu\/#website","url":"https:\/\/otthon.kaposvar.hu\/hu\/","name":"Kaposv\u00e1r Megyei Jog\u00fa V\u00e1ros","description":"","publisher":{"@id":"https:\/\/otthon.kaposvar.hu\/hu\/#organization"},"potentialAction":[{"@type":"SearchAction","target":{"@type":"EntryPoint","urlTemplate":"https:\/\/otthon.kaposvar.hu\/hu\/?s={search_term_string}"},"query-input":"required name=search_term_string"}],"inLanguage":"hu"},{"@type":"Organization","@id":"https:\/\/otthon.kaposvar.hu\/hu\/#organization","name":"Kaposv\u00e1r Megyei Jog\u00fa V\u00e1ros","url":"https:\/\/otthon.kaposvar.hu\/hu\/","sameAs":["https:\/\/www.instagram.com\/cityofkaposvar\/","https:\/\/www.facebook.com\/cityofkaposvar\/"],"logo":{"@type":"ImageObject","inLanguage":"hu","@id":"https:\/\/otthon.kaposvar.hu\/hu\/#\/schema\/logo\/image\/","url":"https:\/\/otthon.kaposvar.hu\/wp-content\/uploads\/2021\/10\/kaposvar_social.jpg","contentUrl":"https:\/\/otthon.kaposvar.hu\/wp-content\/uploads\/2021\/10\/kaposvar_social.jpg","width":1200,"height":900,"caption":"Kaposv\u00e1r Megyei Jog\u00fa V\u00e1ros"},"image":{"@id":"https:\/\/otthon.kaposvar.hu\/hu\/#\/schema\/logo\/image\/"}}]}},"_links":{"self":[{"href":"https:\/\/otthon.kaposvar.hu\/hu\/wp-json\/wp\/v2\/pages\/267"}],"collection":[{"href":"https:\/\/otthon.kaposvar.hu\/hu\/wp-json\/wp\/v2\/pages"}],"about":[{"href":"https:\/\/otthon.kaposvar.hu\/hu\/wp-json\/wp\/v2\/types\/page"}],"author":[{"embeddable":true,"href":"https:\/\/otthon.kaposvar.hu\/hu\/wp-json\/wp\/v2\/users\/1"}],"replies":[{"embeddable":true,"href":"https:\/\/otthon.kaposvar.hu\/hu\/wp-json\/wp\/v2\/comments?post=267"}],"version-history":[{"count":0,"href":"https:\/\/otthon.kaposvar.hu\/hu\/wp-json\/wp\/v2\/pages\/267\/revisions"}],"up":[{"embeddable":true,"href":"https:\/\/otthon.kaposvar.hu\/hu\/wp-json\/wp\/v2\/pages\/251"}],"wp:attachment":[{"href":"https:\/\/otthon.kaposvar.hu\/hu\/wp-json\/wp\/v2\/media?parent=267"}],"curies":[{"name":"wp","href":"https:\/\/api.w.org\/{rel}","templated":true}]}}