{"id":265,"date":"2017-01-22T11:52:15","date_gmt":"2017-01-22T10:52:15","guid":{"rendered":"http:\/\/lakossag.gyori.co.hu\/?page_id=265"},"modified":"2026-01-20T12:18:16","modified_gmt":"2026-01-20T11:18:16","slug":"kabitoszerugyi-egyezteto-forum","status":"publish","type":"page","link":"https:\/\/otthon.kaposvar.hu\/hu\/lakossagi-informaciok\/kozossegek\/ifjusag\/kabitoszerugyi-egyezteto-forum\/","title":{"rendered":"K\u00e1b\u00edt\u00f3szer\u00fcgyi Egyeztet\u0151 F\u00f3rum"},"content":{"rendered":"<p><\/p>\n<p>Kaposv\u00e1r Megyei Jog\u00fa V\u00e1ros \u00d6nkorm\u00e1nyzata az els\u0151k k\u00f6z\u00f6tt, 2001-ben hozta l\u00e9tre a K\u00e1b\u00edt\u00f3szer\u00fcgyi Egyeztet\u0151 F\u00f3rumot (a tov\u00e1bbiakban: KEF). A kezdeti neh\u00e9zs\u00e9geket mi is \u00e1t\u00e9lt\u00fck, kerest\u00fck hely\u00fcnket, szerep\u00fcnket, hogy hogyan tudjuk megval\u00f3s\u00edtani a saj\u00e1t telep\u00fcl\u00e9s\u00fcnk\u00f6n a Nemzeti Strat\u00e9gi\u00e1t.<\/p>\n<p>A KEF tal\u00e1n legfontosabb szerepe az egy\u00fcttm\u0171k\u00f6d\u00e9s kialak\u00edt\u00e1sa. 2004-ben a helyi strat\u00e9gia meg\u00edr\u00e1s\u00e1nak kezdete alapozta meg a k\u00f6z\u00f6ss\u00e9gi egy\u00fcttm\u0171k\u00f6d\u00e9st. Egys\u00e9ges c\u00e9l \u00e9rdek\u00e9ben hat\u00e1rozta meg a r\u00f6vid, k\u00f6z\u00e9p- \u00e9s hossz\u00fa t\u00e1v\u00fa feladatait. A f\u00f3rum m\u0171k\u00f6d\u00e9s\u00e9nek alapdokumentuma a Szervezeti \u00e9s M\u0171k\u00f6d\u00e9si Szab\u00e1lyzat. Az \u00e9vek sor\u00e1n m\u00e1r sz\u00e1mos alkalommal m\u00f3dos\u00edtott\u00e1k, jelenleg is fontos kih\u00edv\u00e1s, hogy a mindennapi m\u0171k\u00f6d\u00e9shez, a folyamatos v\u00e1ltoz\u00e1sokhoz igaz\u00edtott dokumentumot k\u00e9sz\u00edtsenek.<\/p>\n<p>A KEF feladatait Kaposv\u00e1r drogellenes strat\u00e9gi\u00e1ja hat\u00e1rozza meg. Miel\u0151tt elk\u00e9sz\u00edtett\u00fck, t\u00f6bb ezer 8\u201310. \u00e9vfolyamos fiatal r\u00e9szv\u00e9tel\u00e9vel megalapozott sz\u00fcks\u00e9gletfelm\u00e9r\u00e9ssel vizsg\u00e1ltuk, hogy a v\u00e1rosban milyen m\u00e9rt\u00e9k\u0171 a k\u00e1b\u00edt\u00f3szer-\u00e9rintetts\u00e9g, s melyek a drogfogyaszt\u00e1si attit\u0171d\u00f6k. A kutat\u00e1s eredm\u00e9ny\u00e9t \u00e9s az ennek alapj\u00e1n elk\u00e9sz\u00fclt drogellenes strat\u00e9gi\u00e1t sz\u00e9les k\u00f6rben megismertett\u00fck.<\/p>\n<div class=\"kv-page-margin-1\">\u00a0<\/div>\n<h2 class=\"kv-page-content-title\">A kaposv\u00e1ri K\u00e1b\u00edt\u00f3szer\u00fcgyi Egyeztet\u0151 F\u00f3rum tagjai<\/h2>\n<ul>\n<li>Kaposv\u00e1r Megyei Jog\u00fa V\u00e1ros Polg\u00e1rmesteri Hivatal\u00e1nak n\u00e9pj\u00f3l\u00e9ti referense<\/li>\n<li>Somogy V\u00e1rmegyei Korm\u00e1nyhivatal Gy\u00e1m\u00fcgyi Oszt\u00e1lya<\/li>\n<li>Magyar V\u00f6r\u00f6skereszt Somogy V\u00e1rmegyei Szervezete<\/li>\n<li>Kaposv\u00e1ri Hum\u00e1nszolg\u00e1ltat\u00e1si Gondnoks\u00e1g Csal\u00e1dseg\u00edt\u0151 \u00e9s Gyermekj\u00f3l\u00e9ti K\u00f6zpont<\/li>\n<li>Kaposv\u00e1ri Tanker\u00fcleti K\u00f6zpont<\/li>\n<li>Somogy V\u00e1rmegyei Korm\u00e1nyhivatal Kaposv\u00e1ri J\u00e1r\u00e1si Hivatal N\u00e9peg\u00e9szs\u00e9g\u00fcgyi Oszt\u00e1lya<\/li>\n<li>MATE Kaposv\u00e1ri Campus Hallgat\u00f3i \u00d6nkorm\u00e1nyzat\u00e1nak k\u00e9pvisel\u0151je<\/li>\n<li>Somogy V\u00e1rmegyei Kaposi M\u00f3r Oktat\u00f3 K\u00f3rh\u00e1z Pszichi\u00e1triai Oszt\u00e1ly\u00e1nak vezet\u0151 f\u0151orvosa<\/li>\n<li>Kaposv\u00e1ri Hum\u00e1nszolg\u00e1ltat\u00e1si Gondnoks\u00e1g Iskola-eg\u00e9szs\u00e9g\u00fcgyi Szolg\u00e1lat\u00e1nak iskolaorvosa<\/li>\n<li>Somogy V\u00e1rmegyei Korm\u00e1nyhivatal Igazs\u00e1g\u00fcgyi Oszt\u00e1ly, P\u00e1rtfog\u00f3 Fel\u00fcgyelet<\/li>\n<li>\u201eT\u00dcK\u00d6R\u201d Somogy Megyei Drogambulancia \u00e9s Kaposv\u00e1r Szenved\u00e9lybetegek Nappali Ell\u00e1t\u00f3ja\u00a0<\/li>\n<li>Kaposv\u00e1ri Rend\u0151rkapit\u00e1nys\u00e1g<\/li>\n<li>Kaposv\u00e1ri Szabadid\u0151 Egyes\u00fclet<\/li>\n<li>Szigeti-Gyula J\u00e1nos Eg\u00e9szs\u00e9g\u00fcgyi Szakk\u00e9pz\u0151 Iskola drog\u00fcgyi koordin\u00e1tora, ifj\u00fas\u00e1gv\u00e9delmi felel\u0151se<\/li>\n<li>Kaposv\u00e1ri Zichy Mih\u00e1ly Iparm\u0171v\u00e9szeti Szakgimn\u00e1zium \u00e9s Koll\u00e9gium drog\u00fcgyi koordin\u00e1tora<\/li>\n<li>Compass Ifj\u00fas\u00e1gi Egyes\u00fclet<\/li>\n<\/ul>\n<div class=\"kv-page-margin-1\">\u00a0<\/div>\n<h2 class=\"kv-page-content-title\">El\u00e9rhet\u0151s\u00e9gek<\/h2>\n<p class=\"kv-page-content-paragraph\"><strong>Kov\u00e1cs Gergely eln\u00f6k<\/strong><br \/>\nTelefon: +36 (82) 511 634<br \/>\nE-mail: <a href=\"mailto:kovacs.g10@gmail.com\">nappali@indit.hu<\/a><\/p>\n<p class=\"kv-page-content-paragraph\"><strong>Nagyn\u00e9 Horv\u00e1th M\u00f3nika aleln\u00f6k<\/strong><br \/>\nTelefon: +36 (82) 501 529<br \/>\nE-mail: <a href=\"mailto:nepjoletiref@kaposvar.hu\">nepjoletiref@kaposvar.hu<\/a><\/p>\n<div class=\"kv-page-margin-1\">\u00a0<\/div>\n<p><\/p>","protected":false},"excerpt":{"rendered":"<p>Kaposv\u00e1r Megyei Jog\u00fa V\u00e1ros \u00d6nkorm\u00e1nyzata az els\u0151k k\u00f6z\u00f6tt, 2001-ben hozta l\u00e9tre a K\u00e1b\u00edt\u00f3szer\u00fcgyi Egyeztet\u0151 F\u00f3rumot (a tov\u00e1bbiakban: KEF). A kezdeti neh\u00e9zs\u00e9geket mi is \u00e1t\u00e9lt\u00fck, kerest\u00fck hely\u00fcnket, szerep\u00fcnket, hogy hogyan tudjuk megval\u00f3s\u00edtani a saj\u00e1t telep\u00fcl\u00e9s\u00fcnk\u00f6n a Nemzeti Strat\u00e9gi\u00e1t. A KEF tal\u00e1n legfontosabb szerepe az egy\u00fcttm\u0171k\u00f6d\u00e9s kialak\u00edt\u00e1sa. 2004-ben a helyi strat\u00e9gia meg\u00edr\u00e1s\u00e1nak kezdete alapozta meg a k\u00f6z\u00f6ss\u00e9gi [&hellip;]<\/p>\n","protected":false},"author":1,"featured_media":1352,"parent":253,"menu_order":0,"comment_status":"closed","ping_status":"closed","template":"","meta":[],"acf":[],"yoast_head":"<!-- This site is optimized with the Yoast SEO plugin v19.8 - https:\/\/yoast.com\/wordpress\/plugins\/seo\/ -->\n<title>K\u00e1b\u00edt\u00f3szer\u00fcgyi Egyeztet\u0151 F\u00f3rum - Kaposv\u00e1r Megyei Jog\u00fa V\u00e1ros<\/title>\n<meta name=\"robots\" content=\"index, follow, max-snippet:-1, max-image-preview:large, max-video-preview:-1\" \/>\n<link rel=\"canonical\" href=\"https:\/\/otthon.kaposvar.hu\/hu\/lakossagi-informaciok\/kozossegek\/ifjusag\/kabitoszerugyi-egyezteto-forum\/\" \/>\n<meta property=\"og:locale\" content=\"hu_HU\" \/>\n<meta property=\"og:type\" content=\"article\" \/>\n<meta property=\"og:title\" content=\"K\u00e1b\u00edt\u00f3szer\u00fcgyi Egyeztet\u0151 F\u00f3rum - Kaposv\u00e1r Megyei Jog\u00fa V\u00e1ros\" \/>\n<meta property=\"og:description\" content=\"Kaposv\u00e1r Megyei Jog\u00fa V\u00e1ros \u00d6nkorm\u00e1nyzata az els\u0151k k\u00f6z\u00f6tt, 2001-ben hozta l\u00e9tre a K\u00e1b\u00edt\u00f3szer\u00fcgyi Egyeztet\u0151 F\u00f3rumot (a tov\u00e1bbiakban: KEF). A kezdeti neh\u00e9zs\u00e9geket mi is \u00e1t\u00e9lt\u00fck, kerest\u00fck hely\u00fcnket, szerep\u00fcnket, hogy hogyan tudjuk megval\u00f3s\u00edtani a saj\u00e1t telep\u00fcl\u00e9s\u00fcnk\u00f6n a Nemzeti Strat\u00e9gi\u00e1t. A KEF tal\u00e1n legfontosabb szerepe az egy\u00fcttm\u0171k\u00f6d\u00e9s kialak\u00edt\u00e1sa. 2004-ben a helyi strat\u00e9gia meg\u00edr\u00e1s\u00e1nak kezdete alapozta meg a k\u00f6z\u00f6ss\u00e9gi [&hellip;]\" \/>\n<meta property=\"og:url\" content=\"https:\/\/otthon.kaposvar.hu\/hu\/lakossagi-informaciok\/kozossegek\/ifjusag\/kabitoszerugyi-egyezteto-forum\/\" \/>\n<meta property=\"og:site_name\" content=\"Kaposv\u00e1r Megyei Jog\u00fa V\u00e1ros\" \/>\n<meta property=\"article:publisher\" content=\"https:\/\/www.facebook.com\/cityofkaposvar\/\" \/>\n<meta property=\"article:modified_time\" content=\"2026-01-20T11:18:16+00:00\" \/>\n<meta property=\"og:image\" content=\"https:\/\/otthon.kaposvar.hu\/wp-content\/uploads\/2017\/01\/kef.jpg\" \/>\n\t<meta property=\"og:image:width\" content=\"3452\" \/>\n\t<meta property=\"og:image:height\" content=\"1440\" \/>\n\t<meta property=\"og:image:type\" content=\"image\/jpeg\" \/>\n<meta name=\"twitter:card\" content=\"summary_large_image\" \/>\n<meta name=\"twitter:label1\" content=\"Becs\u00fclt olvas\u00e1si id\u0151\" \/>\n\t<meta name=\"twitter:data1\" content=\"3 perc\" \/>\n<script type=\"application\/ld+json\" class=\"yoast-schema-graph\">{\"@context\":\"https:\/\/schema.org\",\"@graph\":[{\"@type\":\"WebPage\",\"@id\":\"https:\/\/otthon.kaposvar.hu\/hu\/lakossagi-informaciok\/kozossegek\/ifjusag\/kabitoszerugyi-egyezteto-forum\/\",\"url\":\"https:\/\/otthon.kaposvar.hu\/hu\/lakossagi-informaciok\/kozossegek\/ifjusag\/kabitoszerugyi-egyezteto-forum\/\",\"name\":\"K\u00e1b\u00edt\u00f3szer\u00fcgyi Egyeztet\u0151 F\u00f3rum - Kaposv\u00e1r Megyei Jog\u00fa V\u00e1ros\",\"isPartOf\":{\"@id\":\"https:\/\/otthon.kaposvar.hu\/hu\/#website\"},\"datePublished\":\"2017-01-22T10:52:15+00:00\",\"dateModified\":\"2026-01-20T11:18:16+00:00\",\"breadcrumb\":{\"@id\":\"https:\/\/otthon.kaposvar.hu\/hu\/lakossagi-informaciok\/kozossegek\/ifjusag\/kabitoszerugyi-egyezteto-forum\/#breadcrumb\"},\"inLanguage\":\"hu\",\"potentialAction\":[{\"@type\":\"ReadAction\",\"target\":[[\"https:\/\/otthon.kaposvar.hu\/hu\/lakossagi-informaciok\/kozossegek\/ifjusag\/kabitoszerugyi-egyezteto-forum\/\"]]}]},{\"@type\":\"BreadcrumbList\",\"@id\":\"https:\/\/otthon.kaposvar.hu\/hu\/lakossagi-informaciok\/kozossegek\/ifjusag\/kabitoszerugyi-egyezteto-forum\/#breadcrumb\",\"itemListElement\":[{\"@type\":\"ListItem\",\"position\":1,\"name\":\"Home\",\"item\":\"https:\/\/otthon.kaposvar.hu\/hu\/\"},{\"@type\":\"ListItem\",\"position\":2,\"name\":\"Lakoss\u00e1gi inform\u00e1ci\u00f3k\",\"item\":\"https:\/\/otthon.kaposvar.hu\/hu\/lakossagi-informaciok\/\"},{\"@type\":\"ListItem\",\"position\":3,\"name\":\"K\u00f6z\u00f6ss\u00e9gek\",\"item\":\"https:\/\/otthon.kaposvar.hu\/hu\/lakossagi-informaciok\/kozossegek\/\"},{\"@type\":\"ListItem\",\"position\":4,\"name\":\"Ifj\u00fas\u00e1g\",\"item\":\"https:\/\/otthon.kaposvar.hu\/hu\/lakossagi-informaciok\/kozossegek\/ifjusag\/\"},{\"@type\":\"ListItem\",\"position\":5,\"name\":\"K\u00e1b\u00edt\u00f3szer\u00fcgyi Egyeztet\u0151 F\u00f3rum\"}]},{\"@type\":\"WebSite\",\"@id\":\"https:\/\/otthon.kaposvar.hu\/hu\/#website\",\"url\":\"https:\/\/otthon.kaposvar.hu\/hu\/\",\"name\":\"Kaposv\u00e1r Megyei Jog\u00fa V\u00e1ros\",\"description\":\"\",\"publisher\":{\"@id\":\"https:\/\/otthon.kaposvar.hu\/hu\/#organization\"},\"potentialAction\":[{\"@type\":\"SearchAction\",\"target\":{\"@type\":\"EntryPoint\",\"urlTemplate\":\"https:\/\/otthon.kaposvar.hu\/hu\/?s={search_term_string}\"},\"query-input\":\"required name=search_term_string\"}],\"inLanguage\":\"hu\"},{\"@type\":\"Organization\",\"@id\":\"https:\/\/otthon.kaposvar.hu\/hu\/#organization\",\"name\":\"Kaposv\u00e1r Megyei Jog\u00fa V\u00e1ros\",\"url\":\"https:\/\/otthon.kaposvar.hu\/hu\/\",\"sameAs\":[\"https:\/\/www.instagram.com\/cityofkaposvar\/\",\"https:\/\/www.facebook.com\/cityofkaposvar\/\"],\"logo\":{\"@type\":\"ImageObject\",\"inLanguage\":\"hu\",\"@id\":\"https:\/\/otthon.kaposvar.hu\/hu\/#\/schema\/logo\/image\/\",\"url\":\"https:\/\/otthon.kaposvar.hu\/wp-content\/uploads\/2021\/10\/kaposvar_social.jpg\",\"contentUrl\":\"https:\/\/otthon.kaposvar.hu\/wp-content\/uploads\/2021\/10\/kaposvar_social.jpg\",\"width\":1200,\"height\":900,\"caption\":\"Kaposv\u00e1r Megyei Jog\u00fa V\u00e1ros\"},\"image\":{\"@id\":\"https:\/\/otthon.kaposvar.hu\/hu\/#\/schema\/logo\/image\/\"}}]}<\/script>\n<!-- \/ Yoast SEO plugin. -->","yoast_head_json":{"title":"K\u00e1b\u00edt\u00f3szer\u00fcgyi Egyeztet\u0151 F\u00f3rum - Kaposv\u00e1r Megyei Jog\u00fa V\u00e1ros","robots":{"index":"index","follow":"follow","max-snippet":"max-snippet:-1","max-image-preview":"max-image-preview:large","max-video-preview":"max-video-preview:-1"},"canonical":"https:\/\/otthon.kaposvar.hu\/hu\/lakossagi-informaciok\/kozossegek\/ifjusag\/kabitoszerugyi-egyezteto-forum\/","og_locale":"hu_HU","og_type":"article","og_title":"K\u00e1b\u00edt\u00f3szer\u00fcgyi Egyeztet\u0151 F\u00f3rum - Kaposv\u00e1r Megyei Jog\u00fa V\u00e1ros","og_description":"Kaposv\u00e1r Megyei Jog\u00fa V\u00e1ros \u00d6nkorm\u00e1nyzata az els\u0151k k\u00f6z\u00f6tt, 2001-ben hozta l\u00e9tre a K\u00e1b\u00edt\u00f3szer\u00fcgyi Egyeztet\u0151 F\u00f3rumot (a tov\u00e1bbiakban: KEF). A kezdeti neh\u00e9zs\u00e9geket mi is \u00e1t\u00e9lt\u00fck, kerest\u00fck hely\u00fcnket, szerep\u00fcnket, hogy hogyan tudjuk megval\u00f3s\u00edtani a saj\u00e1t telep\u00fcl\u00e9s\u00fcnk\u00f6n a Nemzeti Strat\u00e9gi\u00e1t. A KEF tal\u00e1n legfontosabb szerepe az egy\u00fcttm\u0171k\u00f6d\u00e9s kialak\u00edt\u00e1sa. 2004-ben a helyi strat\u00e9gia meg\u00edr\u00e1s\u00e1nak kezdete alapozta meg a k\u00f6z\u00f6ss\u00e9gi [&hellip;]","og_url":"https:\/\/otthon.kaposvar.hu\/hu\/lakossagi-informaciok\/kozossegek\/ifjusag\/kabitoszerugyi-egyezteto-forum\/","og_site_name":"Kaposv\u00e1r Megyei Jog\u00fa V\u00e1ros","article_publisher":"https:\/\/www.facebook.com\/cityofkaposvar\/","article_modified_time":"2026-01-20T11:18:16+00:00","og_image":[{"width":3452,"height":1440,"url":"https:\/\/otthon.kaposvar.hu\/wp-content\/uploads\/2017\/01\/kef.jpg","type":"image\/jpeg"}],"twitter_card":"summary_large_image","twitter_misc":{"Becs\u00fclt olvas\u00e1si id\u0151":"3 perc"},"schema":{"@context":"https:\/\/schema.org","@graph":[{"@type":"WebPage","@id":"https:\/\/otthon.kaposvar.hu\/hu\/lakossagi-informaciok\/kozossegek\/ifjusag\/kabitoszerugyi-egyezteto-forum\/","url":"https:\/\/otthon.kaposvar.hu\/hu\/lakossagi-informaciok\/kozossegek\/ifjusag\/kabitoszerugyi-egyezteto-forum\/","name":"K\u00e1b\u00edt\u00f3szer\u00fcgyi Egyeztet\u0151 F\u00f3rum - Kaposv\u00e1r Megyei Jog\u00fa V\u00e1ros","isPartOf":{"@id":"https:\/\/otthon.kaposvar.hu\/hu\/#website"},"datePublished":"2017-01-22T10:52:15+00:00","dateModified":"2026-01-20T11:18:16+00:00","breadcrumb":{"@id":"https:\/\/otthon.kaposvar.hu\/hu\/lakossagi-informaciok\/kozossegek\/ifjusag\/kabitoszerugyi-egyezteto-forum\/#breadcrumb"},"inLanguage":"hu","potentialAction":[{"@type":"ReadAction","target":[["https:\/\/otthon.kaposvar.hu\/hu\/lakossagi-informaciok\/kozossegek\/ifjusag\/kabitoszerugyi-egyezteto-forum\/"]]}]},{"@type":"BreadcrumbList","@id":"https:\/\/otthon.kaposvar.hu\/hu\/lakossagi-informaciok\/kozossegek\/ifjusag\/kabitoszerugyi-egyezteto-forum\/#breadcrumb","itemListElement":[{"@type":"ListItem","position":1,"name":"Home","item":"https:\/\/otthon.kaposvar.hu\/hu\/"},{"@type":"ListItem","position":2,"name":"Lakoss\u00e1gi inform\u00e1ci\u00f3k","item":"https:\/\/otthon.kaposvar.hu\/hu\/lakossagi-informaciok\/"},{"@type":"ListItem","position":3,"name":"K\u00f6z\u00f6ss\u00e9gek","item":"https:\/\/otthon.kaposvar.hu\/hu\/lakossagi-informaciok\/kozossegek\/"},{"@type":"ListItem","position":4,"name":"Ifj\u00fas\u00e1g","item":"https:\/\/otthon.kaposvar.hu\/hu\/lakossagi-informaciok\/kozossegek\/ifjusag\/"},{"@type":"ListItem","position":5,"name":"K\u00e1b\u00edt\u00f3szer\u00fcgyi Egyeztet\u0151 F\u00f3rum"}]},{"@type":"WebSite","@id":"https:\/\/otthon.kaposvar.hu\/hu\/#website","url":"https:\/\/otthon.kaposvar.hu\/hu\/","name":"Kaposv\u00e1r Megyei Jog\u00fa V\u00e1ros","description":"","publisher":{"@id":"https:\/\/otthon.kaposvar.hu\/hu\/#organization"},"potentialAction":[{"@type":"SearchAction","target":{"@type":"EntryPoint","urlTemplate":"https:\/\/otthon.kaposvar.hu\/hu\/?s={search_term_string}"},"query-input":"required name=search_term_string"}],"inLanguage":"hu"},{"@type":"Organization","@id":"https:\/\/otthon.kaposvar.hu\/hu\/#organization","name":"Kaposv\u00e1r Megyei Jog\u00fa V\u00e1ros","url":"https:\/\/otthon.kaposvar.hu\/hu\/","sameAs":["https:\/\/www.instagram.com\/cityofkaposvar\/","https:\/\/www.facebook.com\/cityofkaposvar\/"],"logo":{"@type":"ImageObject","inLanguage":"hu","@id":"https:\/\/otthon.kaposvar.hu\/hu\/#\/schema\/logo\/image\/","url":"https:\/\/otthon.kaposvar.hu\/wp-content\/uploads\/2021\/10\/kaposvar_social.jpg","contentUrl":"https:\/\/otthon.kaposvar.hu\/wp-content\/uploads\/2021\/10\/kaposvar_social.jpg","width":1200,"height":900,"caption":"Kaposv\u00e1r Megyei Jog\u00fa V\u00e1ros"},"image":{"@id":"https:\/\/otthon.kaposvar.hu\/hu\/#\/schema\/logo\/image\/"}}]}},"_links":{"self":[{"href":"https:\/\/otthon.kaposvar.hu\/hu\/wp-json\/wp\/v2\/pages\/265"}],"collection":[{"href":"https:\/\/otthon.kaposvar.hu\/hu\/wp-json\/wp\/v2\/pages"}],"about":[{"href":"https:\/\/otthon.kaposvar.hu\/hu\/wp-json\/wp\/v2\/types\/page"}],"author":[{"embeddable":true,"href":"https:\/\/otthon.kaposvar.hu\/hu\/wp-json\/wp\/v2\/users\/1"}],"replies":[{"embeddable":true,"href":"https:\/\/otthon.kaposvar.hu\/hu\/wp-json\/wp\/v2\/comments?post=265"}],"version-history":[{"count":0,"href":"https:\/\/otthon.kaposvar.hu\/hu\/wp-json\/wp\/v2\/pages\/265\/revisions"}],"up":[{"embeddable":true,"href":"https:\/\/otthon.kaposvar.hu\/hu\/wp-json\/wp\/v2\/pages\/253"}],"wp:featuredmedia":[{"embeddable":true,"href":"https:\/\/otthon.kaposvar.hu\/hu\/wp-json\/wp\/v2\/media\/1352"}],"wp:attachment":[{"href":"https:\/\/otthon.kaposvar.hu\/hu\/wp-json\/wp\/v2\/media?parent=265"}],"curies":[{"name":"wp","href":"https:\/\/api.w.org\/{rel}","templated":true}]}}