{"id":2598,"date":"2017-11-16T19:03:15","date_gmt":"2017-11-16T18:03:15","guid":{"rendered":"https:\/\/otthon.kaposvar.hu\/?page_id=2598"},"modified":"2026-01-20T12:15:18","modified_gmt":"2026-01-20T11:15:18","slug":"gyepmester","status":"publish","type":"page","link":"https:\/\/otthon.kaposvar.hu\/hu\/lakossagi-informaciok\/egeszsegugy\/allategeszsegugy\/gyepmester\/","title":{"rendered":"Gyepmester"},"content":{"rendered":"<p><\/p>\n<p>Kaposv\u00e1r k\u00f6zigazgat\u00e1si hat\u00e1rain bel\u00fcl az elhullott \u00e1llatok besz\u00e1ll\u00edt\u00e1sa, illetve \u00e9l\u0151 \u00e1llatok befog\u00e1sa a gyepmester feladata. Elhullott \u00e1llatokat legfeljebb 200 kg s\u00falyhat\u00e1rig vehet \u00e1t.<\/p>\n<div class=\"kv-page-margin-1\">\u00a0<\/div>\n<h3 class=\"kv-page-content-subtitle\">El\u00e9rhet\u0151s\u00e9g<\/h3>\n<p>+36 20 280 4493 (\u00e9jjel-nappali \u00fcgyelet)<\/p>\n<div class=\"kv-page-margin-05\">\u00a0<\/div>\n<h4 class=\"kv-page-content-paragraphtitle\">\u00c1llati hullad\u00e9kgy\u0171jt\u0151-\u00e1trak\u00f3 telep<\/h4>\n<p>7400 Kaposv\u00e1r, Szennyv\u00edztelep k\u00fclter\u00fclet 0325\/6 hrsz. (Kutyat\u00e1r mellett)<\/p>\n<p>Nyitvatart\u00e1s: H-P 8:30\u201310:00<\/p>\n<p>&nbsp;<\/p>\n<p>D\u00edjaink\u00a02022. okt\u00f3ber 10.\u00a0napj\u00e1t\u00f3l az al\u00e1bbiak szerint v\u00e1ltoznak:<\/p>\n<p>Kisz\u00e1ll\u00e1s d\u00edja: brutt\u00f3 5.500 Ft<\/p>\n<p>\u00c1llati hullad\u00e9k \u00e1tv\u00e9teli d\u00edja: brutt\u00f3 490 Ft\/kilogramm<\/p>\n<div class=\"kv-page-margin-1\">\u00a0<\/div>\n<p><\/p>","protected":false},"excerpt":{"rendered":"<p>Kaposv\u00e1r k\u00f6zigazgat\u00e1si hat\u00e1rain bel\u00fcl az elhullott \u00e1llatok besz\u00e1ll\u00edt\u00e1sa, illetve \u00e9l\u0151 \u00e1llatok befog\u00e1sa a gyepmester feladata. Elhullott \u00e1llatokat legfeljebb 200 kg s\u00falyhat\u00e1rig vehet \u00e1t. \u00a0 El\u00e9rhet\u0151s\u00e9g +36 20 280 4493 (\u00e9jjel-nappali \u00fcgyelet) \u00a0 \u00c1llati hullad\u00e9kgy\u0171jt\u0151-\u00e1trak\u00f3 telep 7400 Kaposv\u00e1r, Szennyv\u00edztelep k\u00fclter\u00fclet 0325\/6 hrsz. (Kutyat\u00e1r mellett) Nyitvatart\u00e1s: H-P 8:30\u201310:00 &nbsp; D\u00edjaink\u00a02022. okt\u00f3ber 10.\u00a0napj\u00e1t\u00f3l az al\u00e1bbiak szerint v\u00e1ltoznak: Kisz\u00e1ll\u00e1s [&hellip;]<\/p>\n","protected":false},"author":13,"featured_media":2599,"parent":2597,"menu_order":0,"comment_status":"closed","ping_status":"closed","template":"","meta":[],"acf":[],"yoast_head":"<!-- This site is optimized with the Yoast SEO plugin v19.8 - https:\/\/yoast.com\/wordpress\/plugins\/seo\/ -->\n<title>Gyepmester - Kaposv\u00e1r Megyei Jog\u00fa V\u00e1ros<\/title>\n<meta name=\"robots\" content=\"index, follow, max-snippet:-1, max-image-preview:large, max-video-preview:-1\" \/>\n<link rel=\"canonical\" href=\"https:\/\/otthon.kaposvar.hu\/hu\/lakossagi-informaciok\/egeszsegugy\/allategeszsegugy\/gyepmester\/\" \/>\n<meta property=\"og:locale\" content=\"hu_HU\" \/>\n<meta property=\"og:type\" content=\"article\" \/>\n<meta property=\"og:title\" content=\"Gyepmester - Kaposv\u00e1r Megyei Jog\u00fa V\u00e1ros\" \/>\n<meta property=\"og:description\" content=\"Kaposv\u00e1r k\u00f6zigazgat\u00e1si hat\u00e1rain bel\u00fcl az elhullott \u00e1llatok besz\u00e1ll\u00edt\u00e1sa, illetve \u00e9l\u0151 \u00e1llatok befog\u00e1sa a gyepmester feladata. Elhullott \u00e1llatokat legfeljebb 200 kg s\u00falyhat\u00e1rig vehet \u00e1t. \u00a0 El\u00e9rhet\u0151s\u00e9g +36 20 280 4493 (\u00e9jjel-nappali \u00fcgyelet) \u00a0 \u00c1llati hullad\u00e9kgy\u0171jt\u0151-\u00e1trak\u00f3 telep 7400 Kaposv\u00e1r, Szennyv\u00edztelep k\u00fclter\u00fclet 0325\/6 hrsz. (Kutyat\u00e1r mellett) Nyitvatart\u00e1s: H-P 8:30\u201310:00 &nbsp; D\u00edjaink\u00a02022. okt\u00f3ber 10.\u00a0napj\u00e1t\u00f3l az al\u00e1bbiak szerint v\u00e1ltoznak: Kisz\u00e1ll\u00e1s [&hellip;]\" \/>\n<meta property=\"og:url\" content=\"https:\/\/otthon.kaposvar.hu\/hu\/lakossagi-informaciok\/egeszsegugy\/allategeszsegugy\/gyepmester\/\" \/>\n<meta property=\"og:site_name\" content=\"Kaposv\u00e1r Megyei Jog\u00fa V\u00e1ros\" \/>\n<meta property=\"article:publisher\" content=\"https:\/\/www.facebook.com\/cityofkaposvar\/\" \/>\n<meta property=\"article:modified_time\" content=\"2026-01-20T11:15:18+00:00\" \/>\n<meta property=\"og:image\" content=\"https:\/\/otthon.kaposvar.hu\/wp-content\/uploads\/2017\/11\/gyepmester_web.jpg\" \/>\n\t<meta property=\"og:image:width\" content=\"2000\" \/>\n\t<meta property=\"og:image:height\" content=\"1333\" \/>\n\t<meta property=\"og:image:type\" content=\"image\/jpeg\" \/>\n<meta name=\"twitter:card\" content=\"summary_large_image\" \/>\n<meta name=\"twitter:label1\" content=\"Becs\u00fclt olvas\u00e1si id\u0151\" \/>\n\t<meta name=\"twitter:data1\" content=\"1 perc\" \/>\n<script type=\"application\/ld+json\" class=\"yoast-schema-graph\">{\"@context\":\"https:\/\/schema.org\",\"@graph\":[{\"@type\":\"WebPage\",\"@id\":\"https:\/\/otthon.kaposvar.hu\/hu\/lakossagi-informaciok\/egeszsegugy\/allategeszsegugy\/gyepmester\/\",\"url\":\"https:\/\/otthon.kaposvar.hu\/hu\/lakossagi-informaciok\/egeszsegugy\/allategeszsegugy\/gyepmester\/\",\"name\":\"Gyepmester - Kaposv\u00e1r Megyei Jog\u00fa V\u00e1ros\",\"isPartOf\":{\"@id\":\"https:\/\/otthon.kaposvar.hu\/hu\/#website\"},\"datePublished\":\"2017-11-16T18:03:15+00:00\",\"dateModified\":\"2026-01-20T11:15:18+00:00\",\"breadcrumb\":{\"@id\":\"https:\/\/otthon.kaposvar.hu\/hu\/lakossagi-informaciok\/egeszsegugy\/allategeszsegugy\/gyepmester\/#breadcrumb\"},\"inLanguage\":\"hu\",\"potentialAction\":[{\"@type\":\"ReadAction\",\"target\":[[\"https:\/\/otthon.kaposvar.hu\/hu\/lakossagi-informaciok\/egeszsegugy\/allategeszsegugy\/gyepmester\/\"]]}]},{\"@type\":\"BreadcrumbList\",\"@id\":\"https:\/\/otthon.kaposvar.hu\/hu\/lakossagi-informaciok\/egeszsegugy\/allategeszsegugy\/gyepmester\/#breadcrumb\",\"itemListElement\":[{\"@type\":\"ListItem\",\"position\":1,\"name\":\"Home\",\"item\":\"https:\/\/otthon.kaposvar.hu\/hu\/\"},{\"@type\":\"ListItem\",\"position\":2,\"name\":\"Lakoss\u00e1gi inform\u00e1ci\u00f3k\",\"item\":\"https:\/\/otthon.kaposvar.hu\/hu\/lakossagi-informaciok\/\"},{\"@type\":\"ListItem\",\"position\":3,\"name\":\"Eg\u00e9szs\u00e9g\u00fcgy\",\"item\":\"https:\/\/otthon.kaposvar.hu\/hu\/lakossagi-informaciok\/egeszsegugy\/\"},{\"@type\":\"ListItem\",\"position\":4,\"name\":\"\u00c1llateg\u00e9szs\u00e9g\u00fcgy\",\"item\":\"https:\/\/otthon.kaposvar.hu\/hu\/lakossagi-informaciok\/egeszsegugy\/allategeszsegugy\/\"},{\"@type\":\"ListItem\",\"position\":5,\"name\":\"Gyepmester\"}]},{\"@type\":\"WebSite\",\"@id\":\"https:\/\/otthon.kaposvar.hu\/hu\/#website\",\"url\":\"https:\/\/otthon.kaposvar.hu\/hu\/\",\"name\":\"Kaposv\u00e1r Megyei Jog\u00fa V\u00e1ros\",\"description\":\"\",\"publisher\":{\"@id\":\"https:\/\/otthon.kaposvar.hu\/hu\/#organization\"},\"potentialAction\":[{\"@type\":\"SearchAction\",\"target\":{\"@type\":\"EntryPoint\",\"urlTemplate\":\"https:\/\/otthon.kaposvar.hu\/hu\/?s={search_term_string}\"},\"query-input\":\"required name=search_term_string\"}],\"inLanguage\":\"hu\"},{\"@type\":\"Organization\",\"@id\":\"https:\/\/otthon.kaposvar.hu\/hu\/#organization\",\"name\":\"Kaposv\u00e1r Megyei Jog\u00fa V\u00e1ros\",\"url\":\"https:\/\/otthon.kaposvar.hu\/hu\/\",\"sameAs\":[\"https:\/\/www.instagram.com\/cityofkaposvar\/\",\"https:\/\/www.facebook.com\/cityofkaposvar\/\"],\"logo\":{\"@type\":\"ImageObject\",\"inLanguage\":\"hu\",\"@id\":\"https:\/\/otthon.kaposvar.hu\/hu\/#\/schema\/logo\/image\/\",\"url\":\"https:\/\/otthon.kaposvar.hu\/wp-content\/uploads\/2021\/10\/kaposvar_social.jpg\",\"contentUrl\":\"https:\/\/otthon.kaposvar.hu\/wp-content\/uploads\/2021\/10\/kaposvar_social.jpg\",\"width\":1200,\"height\":900,\"caption\":\"Kaposv\u00e1r Megyei Jog\u00fa V\u00e1ros\"},\"image\":{\"@id\":\"https:\/\/otthon.kaposvar.hu\/hu\/#\/schema\/logo\/image\/\"}}]}<\/script>\n<!-- \/ Yoast SEO plugin. -->","yoast_head_json":{"title":"Gyepmester - Kaposv\u00e1r Megyei Jog\u00fa V\u00e1ros","robots":{"index":"index","follow":"follow","max-snippet":"max-snippet:-1","max-image-preview":"max-image-preview:large","max-video-preview":"max-video-preview:-1"},"canonical":"https:\/\/otthon.kaposvar.hu\/hu\/lakossagi-informaciok\/egeszsegugy\/allategeszsegugy\/gyepmester\/","og_locale":"hu_HU","og_type":"article","og_title":"Gyepmester - Kaposv\u00e1r Megyei Jog\u00fa V\u00e1ros","og_description":"Kaposv\u00e1r k\u00f6zigazgat\u00e1si hat\u00e1rain bel\u00fcl az elhullott \u00e1llatok besz\u00e1ll\u00edt\u00e1sa, illetve \u00e9l\u0151 \u00e1llatok befog\u00e1sa a gyepmester feladata. Elhullott \u00e1llatokat legfeljebb 200 kg s\u00falyhat\u00e1rig vehet \u00e1t. \u00a0 El\u00e9rhet\u0151s\u00e9g +36 20 280 4493 (\u00e9jjel-nappali \u00fcgyelet) \u00a0 \u00c1llati hullad\u00e9kgy\u0171jt\u0151-\u00e1trak\u00f3 telep 7400 Kaposv\u00e1r, Szennyv\u00edztelep k\u00fclter\u00fclet 0325\/6 hrsz. (Kutyat\u00e1r mellett) Nyitvatart\u00e1s: H-P 8:30\u201310:00 &nbsp; D\u00edjaink\u00a02022. okt\u00f3ber 10.\u00a0napj\u00e1t\u00f3l az al\u00e1bbiak szerint v\u00e1ltoznak: Kisz\u00e1ll\u00e1s [&hellip;]","og_url":"https:\/\/otthon.kaposvar.hu\/hu\/lakossagi-informaciok\/egeszsegugy\/allategeszsegugy\/gyepmester\/","og_site_name":"Kaposv\u00e1r Megyei Jog\u00fa V\u00e1ros","article_publisher":"https:\/\/www.facebook.com\/cityofkaposvar\/","article_modified_time":"2026-01-20T11:15:18+00:00","og_image":[{"width":2000,"height":1333,"url":"https:\/\/otthon.kaposvar.hu\/wp-content\/uploads\/2017\/11\/gyepmester_web.jpg","type":"image\/jpeg"}],"twitter_card":"summary_large_image","twitter_misc":{"Becs\u00fclt olvas\u00e1si id\u0151":"1 perc"},"schema":{"@context":"https:\/\/schema.org","@graph":[{"@type":"WebPage","@id":"https:\/\/otthon.kaposvar.hu\/hu\/lakossagi-informaciok\/egeszsegugy\/allategeszsegugy\/gyepmester\/","url":"https:\/\/otthon.kaposvar.hu\/hu\/lakossagi-informaciok\/egeszsegugy\/allategeszsegugy\/gyepmester\/","name":"Gyepmester - Kaposv\u00e1r Megyei Jog\u00fa V\u00e1ros","isPartOf":{"@id":"https:\/\/otthon.kaposvar.hu\/hu\/#website"},"datePublished":"2017-11-16T18:03:15+00:00","dateModified":"2026-01-20T11:15:18+00:00","breadcrumb":{"@id":"https:\/\/otthon.kaposvar.hu\/hu\/lakossagi-informaciok\/egeszsegugy\/allategeszsegugy\/gyepmester\/#breadcrumb"},"inLanguage":"hu","potentialAction":[{"@type":"ReadAction","target":[["https:\/\/otthon.kaposvar.hu\/hu\/lakossagi-informaciok\/egeszsegugy\/allategeszsegugy\/gyepmester\/"]]}]},{"@type":"BreadcrumbList","@id":"https:\/\/otthon.kaposvar.hu\/hu\/lakossagi-informaciok\/egeszsegugy\/allategeszsegugy\/gyepmester\/#breadcrumb","itemListElement":[{"@type":"ListItem","position":1,"name":"Home","item":"https:\/\/otthon.kaposvar.hu\/hu\/"},{"@type":"ListItem","position":2,"name":"Lakoss\u00e1gi inform\u00e1ci\u00f3k","item":"https:\/\/otthon.kaposvar.hu\/hu\/lakossagi-informaciok\/"},{"@type":"ListItem","position":3,"name":"Eg\u00e9szs\u00e9g\u00fcgy","item":"https:\/\/otthon.kaposvar.hu\/hu\/lakossagi-informaciok\/egeszsegugy\/"},{"@type":"ListItem","position":4,"name":"\u00c1llateg\u00e9szs\u00e9g\u00fcgy","item":"https:\/\/otthon.kaposvar.hu\/hu\/lakossagi-informaciok\/egeszsegugy\/allategeszsegugy\/"},{"@type":"ListItem","position":5,"name":"Gyepmester"}]},{"@type":"WebSite","@id":"https:\/\/otthon.kaposvar.hu\/hu\/#website","url":"https:\/\/otthon.kaposvar.hu\/hu\/","name":"Kaposv\u00e1r Megyei Jog\u00fa V\u00e1ros","description":"","publisher":{"@id":"https:\/\/otthon.kaposvar.hu\/hu\/#organization"},"potentialAction":[{"@type":"SearchAction","target":{"@type":"EntryPoint","urlTemplate":"https:\/\/otthon.kaposvar.hu\/hu\/?s={search_term_string}"},"query-input":"required name=search_term_string"}],"inLanguage":"hu"},{"@type":"Organization","@id":"https:\/\/otthon.kaposvar.hu\/hu\/#organization","name":"Kaposv\u00e1r Megyei Jog\u00fa V\u00e1ros","url":"https:\/\/otthon.kaposvar.hu\/hu\/","sameAs":["https:\/\/www.instagram.com\/cityofkaposvar\/","https:\/\/www.facebook.com\/cityofkaposvar\/"],"logo":{"@type":"ImageObject","inLanguage":"hu","@id":"https:\/\/otthon.kaposvar.hu\/hu\/#\/schema\/logo\/image\/","url":"https:\/\/otthon.kaposvar.hu\/wp-content\/uploads\/2021\/10\/kaposvar_social.jpg","contentUrl":"https:\/\/otthon.kaposvar.hu\/wp-content\/uploads\/2021\/10\/kaposvar_social.jpg","width":1200,"height":900,"caption":"Kaposv\u00e1r Megyei Jog\u00fa V\u00e1ros"},"image":{"@id":"https:\/\/otthon.kaposvar.hu\/hu\/#\/schema\/logo\/image\/"}}]}},"_links":{"self":[{"href":"https:\/\/otthon.kaposvar.hu\/hu\/wp-json\/wp\/v2\/pages\/2598"}],"collection":[{"href":"https:\/\/otthon.kaposvar.hu\/hu\/wp-json\/wp\/v2\/pages"}],"about":[{"href":"https:\/\/otthon.kaposvar.hu\/hu\/wp-json\/wp\/v2\/types\/page"}],"author":[{"embeddable":true,"href":"https:\/\/otthon.kaposvar.hu\/hu\/wp-json\/wp\/v2\/users\/13"}],"replies":[{"embeddable":true,"href":"https:\/\/otthon.kaposvar.hu\/hu\/wp-json\/wp\/v2\/comments?post=2598"}],"version-history":[{"count":0,"href":"https:\/\/otthon.kaposvar.hu\/hu\/wp-json\/wp\/v2\/pages\/2598\/revisions"}],"up":[{"embeddable":true,"href":"https:\/\/otthon.kaposvar.hu\/hu\/wp-json\/wp\/v2\/pages\/2597"}],"wp:featuredmedia":[{"embeddable":true,"href":"https:\/\/otthon.kaposvar.hu\/hu\/wp-json\/wp\/v2\/media\/2599"}],"wp:attachment":[{"href":"https:\/\/otthon.kaposvar.hu\/hu\/wp-json\/wp\/v2\/media?parent=2598"}],"curies":[{"name":"wp","href":"https:\/\/api.w.org\/{rel}","templated":true}]}}