{"id":259,"date":"2017-01-22T11:51:20","date_gmt":"2017-01-22T10:51:20","guid":{"rendered":"http:\/\/lakossag.gyori.co.hu\/?page_id=259"},"modified":"2026-02-02T15:31:26","modified_gmt":"2026-02-02T14:31:26","slug":"ifjusagi-egyesuletek","status":"publish","type":"page","link":"https:\/\/otthon.kaposvar.hu\/hu\/lakossagi-informaciok\/kozossegek\/ifjusag\/ifjusagi-egyesuletek\/","title":{"rendered":"Ifj\u00fas\u00e1gi egyes\u00fcletek"},"content":{"rendered":"<p><\/p>\n<h2 class=\"kv-page-content-title\">AFS Magyarorsz\u00e1g Nemzetk\u00f6zi Csereprogram Alap\u00edtv\u00e1ny kaposv\u00e1ri k\u00f6rzete<\/h2>\n<p>Az AFS egy nemzetk\u00f6zi, \u00f6nk\u00e9ntes alapon m\u0171k\u00f6d\u0151, korm\u00e1nyokt\u00f3l \u00e9s vall\u00e1sokt\u00f3l f\u00fcggetlen, nem profitorient\u00e1lt szervezet, mely interkultur\u00e1lis tanul\u00e1shoz ny\u00fajt lehet\u0151s\u00e9get, ezzel is seg\u00edtve az embereket, hogy elsaj\u00e1t\u00edts\u00e1k azt a tud\u00e1st, k\u00e9pess\u00e9get \u00e9s meg\u00e9rt\u00e9st, mely egy igazs\u00e1gosabb \u00e9s b\u00e9k\u00e9sebb vil\u00e1g megteremt\u00e9s\u00e9hez sz\u00fcks\u00e9ges. Az AFS lehet\u0151v\u00e9 teszi az emberek sz\u00e1m\u00e1ra, hogy olyan felel\u0151ss\u00e9gteljes tagjai legyenek egy soksz\u00edn\u0171 vil\u00e1gnak, akik a b\u00e9k\u00e9\u00e9rt \u00e9s meg\u00e9rt\u00e9s\u00e9rt dolgoznak. Az AFS felismeri, hogy a b\u00e9k\u00e9t az igazs\u00e1gtalans\u00e1g, az egyenl\u0151tlens\u00e9g \u00e9s az intolerancia vesz\u00e9lyezteti.<\/p>\n<p>Az AFS hisz minden ember \u00e9rt\u00e9k\u00e9ben \u00e9s m\u00e9lt\u00f3s\u00e1g\u00e1ban, f\u00fcggetlen\u00fcl annak nemzetis\u00e9g\u00e9t\u0151l \u00e9s kult\u00far\u00e1j\u00e1t\u00f3l. T\u00e1mogatja az emberi jogok \u00e9s az alapvet\u0151 szabads\u00e1gjogok tiszteletben tart\u00e1s\u00e1t fajra, nemre, besz\u00e9lt nyelvre, vall\u00e1sra vagy t\u00e1rsadalmi st\u00e1tuszra val\u00f3 tekintet n\u00e9lk\u00fcl. Minden AFS-tev\u00e9kenys\u00e9g alapja az emberi m\u00e9lt\u00f3s\u00e1g, a k\u00fcl\u00f6nb\u00f6z\u0151s\u00e9gek tiszteletben tart\u00e1sa, a harm\u00f3ni\u00e1ra val\u00f3 t\u00f6rekv\u00e9s m\u00e1sokkal, az egy\u00fctt\u00e9rz\u00e9s \u00e9s a tolerancia. Az AFS a vil\u00e1g egyik legnagyobb \u00e9s legr\u00e9gebbi di\u00e1kcsere-szervezete. Nemzetk\u00f6zi elismer\u00e9s \u00f6vezi, 1989-ben elnyerte a Special Mention kit\u00fcntet\u00e9st az Egyes\u00fclt Nemzetek Szervezet\u00e9t\u0151l a vil\u00e1g fiataljai\u00e9rt v\u00e9gzett munka elismer\u00e9sek\u00e9ppen. Az AFS tev\u00e9kenys\u00e9g\u00e9t az UNESCO is elismeri.<\/p>\n<p><b>S\u00e1rk\u00f6zy Andrea<\/b><br \/>\nk\u00f6rzeteln\u00f6k<br \/>\nTelefon: +36 (20) 428 6544<br \/>\nE-mail: <a href=\"mailto:andrea.sarkozy@afs.org\">andrea.sarkozy@afs.org<\/a><\/p>\n<p><b>Nagyn\u00e9 Zimre M\u00e1rta<\/b><br \/>\nk\u00f6rzetseg\u00edt\u0151<br \/>\nTelefon: +36 (30) 455 9787<br \/>\nE-mail: <a href=\"mailto:martizimre@gmail.com\">martizimre@gmail.com<\/a><\/p>\n<div class=\"kv-page-margin-15\">\u00a0<\/div>\n<h2 class=\"kv-page-content-title\"><b>Cs\u00e1nyi Alap\u00edtv\u00e1ny \u2013 Kaposv\u00e1ri K\u00f6z\u00f6ss\u00e9gi H\u00e1z<\/b><\/h2>\n<p>Indul\u00e1s \u00e9ve: 2007<\/p>\n<p>C\u00edm\u00fcnk: 7400 Kaposv\u00e1r, Pet\u0151fi utca 11\/2.<\/p>\n<p>Mentorok: Feny\u0151 Zsuzsanna, Vancsur\u00e1n\u00e9 S\u00e1rk\u00f6zi Ang\u00e9la, Dr. Varga D\u00e1niel<\/p>\n<p>Kaposv\u00e1r dinamikusan fejl\u0151d\u0151 egyetemi v\u00e1ros egyar\u00e1nt ny\u00fajt sz\u00e1mos lehet\u0151s\u00e9get fiataljainknak is ismereteik b\u0151v\u00edt\u00e9s\u00e9re \u00e9s a mentoroknak a kultur\u00e1lis \u00e9s szabadid\u0151s tev\u00e9kenys\u00e9gek megszervez\u00e9s\u00e9re. A Kaposv\u00e1ri K\u00f6z\u00f6ss\u00e9gi H\u00e1z a somogyi megyesz\u00e9khely k\u00f6zpontj\u00e1ban, k\u00f6nnyen \u00e9s j\u00f3l megk\u00f6zel\u00edthet\u0151 \u00e9s csendes r\u00e9sz\u00e9n tal\u00e1lhat\u00f3. A 2022 m\u00e1jus\u00e1ban birtokba vett \u00faj K\u00f6z\u00f6ss\u00e9gi H\u00e1zunk bar\u00e1ts\u00e1gos \u00e9s egyben impoz\u00e1ns csal\u00e1di h\u00e1z. A t\u00e1mogatottjaink sz\u00edvesen tart\u00f3zkodnak a H\u00e1zban, ak\u00e1r fejleszt\u0151\u00f3r\u00e1kr\u00f3l, vagy bar\u00e1ti besz\u00e9lget\u00e9sekr\u0151l vagy ak\u00e1r a csal\u00e1djaink sz\u00e1m\u00e1ra szervezett rendezv\u00e9nyeinkr\u0151l legyen is sz\u00f3. Jelenleg csoportjaink tagjai \u00e1ltal\u00e1nos \u2013 \u00e9s k\u00f6z\u00e9piskol\u00e1s, valamint fels\u0151fok\u00fa tanulm\u00e1nyokat v\u00e9gz\u0151 fiatalokb\u00f3l \u00e1ll. K\u00f6z\u00f6ss\u00e9gi H\u00e1zunk adotts\u00e1gainak k\u00f6sz\u00f6nhet\u0151en ide\u00e1lis teret ny\u00fajt a csal\u00e1dias, meghitt hangulat\u00fa tal\u00e1lkoz\u00e1sokra, rendezett udvara a k\u00fclt\u00e9ri szabadid\u0151s tev\u00e9kenys\u00e9gek elt\u00f6lt\u00e9s\u00e9re, j\u00f3l felszerelt termeinkben a min\u0151s\u00e9gi oktat\u00e1sra.<\/p>\n<p>Hasonl\u00f3an a Cs\u00e1nyi Alap\u00edtv\u00e1ny K\u00f6z\u00f6ss\u00e9gi H\u00e1zaihoz, n\u00e1lunk is a korszer\u0171 oktat\u00e1si form\u00e1k kapnak vezet\u0151szerepet a fejleszt\u0151foglalkoz\u00e1sainkon, a projektoktat\u00e1s a k\u00fcl\u00f6nb\u00f6z\u0151 tudom\u00e1nyter\u00fcletek sz\u00e9lesk\u00f6r\u0171 ismereteinek \u00f6sszehangol\u00e1s\u00e1ban seg\u00edti tanul\u00f3inkat.\u00a0 Vannak \u00e1lland\u00f3 elemek, mint p\u00e9ld\u00e1ul az informatikai tud\u00e1s megszerz\u00e9s\u00e9t is t\u00e1mogat\u00f3 ECDL bizony\u00edtv\u00e1ny megszerz\u00e9se, az idegen nyelvi kompetenciafejleszt\u00e9s az alap, k\u00f6z\u00e9p, \u00e9s fels\u0151fok\u00fa nyelvvizsg\u00e1k megszerz\u00e9s\u00e9vel. B\u00fcszk\u00e9k vagyunk azokra, akik megyei, ter\u00fcleti \u00e9s orsz\u00e1gos tanulm\u00e1nyi, m\u0171v\u00e9szeti \u00e9s sport versenyeken \u00f6regb\u00edtik az Alap\u00edtv\u00e1ny h\u00edrnev\u00e9t is. K\u00fcl\u00f6n\u00f6sen j\u00f3 \u00e9rz\u00e9ssel t\u00f6lt el minket, hogy t\u00f6bben, az orsz\u00e1ghat\u00e1rainkon t\u00fal \u00e9rnek el kimagasl\u00f3 sikert ak\u00e1r tudom\u00e1nyos vagy sport ter\u00fclet\u00e9n.<\/p>\n<p>&nbsp;<\/p>\n<h2 class=\"kv-page-content-title\">Napker\u00e9k Egyes\u00fclet<\/h2>\n<p>\u00a0A Napker\u00e9k Egyes\u00fclet 2003. november 10-\u00e9n alakult a cig\u00e1nys\u00e1g felz\u00e1rk\u00f3ztat\u00e1s\u00e1ra, oktat\u00e1sra, tehets\u00e9gnevel\u00e9sre, interkultur\u00e1lis ismeretek \u00e1tad\u00e1s\u00e1ra az oktat\u00e1si int\u00e9zm\u00e9nyekben \u00e9s Somogy megye lakoss\u00e1g\u00e1nak k\u00f6r\u00e9ben. Ennek \u00e9rdek\u00e9ben a roma\/cig\u00e1ny kisebbs\u00e9g kultur\u00e1lis, t\u00e1rsadalmi \u00e9rt\u00e9keinek \u00e1pol\u00e1s\u00e1t \u00e9s \u00e1t\u00f6r\u00f6k\u00edt\u00e9s\u00e9t c\u00e9lz\u00f3 rendezv\u00e9nyeket szerveznek. Feladataik k\u00f6z\u00e9 tartozik egyebek mellett a rom\u00e1k\/cig\u00e1nyok kultur\u00e1lis \u00e9rt\u00e9keinek, hagyom\u00e1nyainak meg\u00f3v\u00e1sa, a k\u00f6zoktat\u00e1sban tanul\u00f3 fiatalok tant\u00e1rgyi \u00e9s k\u00e9szs\u00e9gfejleszt\u00e9se, felz\u00e1rk\u00f3ztat\u00e1sa, a tehets\u00e9ggondoz\u00e1s, valamint a roma\/cig\u00e1ny n\u00e9pismereti, multikultur\u00e1lis oktat\u00e1s szervez\u00e9se. 2006 \u00f3ta kompetenciafejleszt\u0151 programot ind\u00edtottak el a Kaposv\u00e1ron \u00e9s k\u00f6rny\u00e9k\u00e9n \u00e9l\u0151, illetve tanul\u00f3 fiatalok sz\u00e1m\u00e1ra. A tant\u00e1rgyi fejleszt\u00e9st gyakorl\u00f3 \u00e9s nyugd\u00edjas pedag\u00f3gusok, valamint f\u0151iskolai\/egyetemi hallgat\u00f3k v\u00e9gzik valamennyi tant\u00e1rgyb\u00f3l, ig\u00e9ny szerint. A programjuk ind\u00edt\u00e1sakor vil\u00e1goss\u00e1 v\u00e1lt sz\u00e1mukra, hogy t\u00e1mogat\u00f3 csal\u00e1di h\u00e1tt\u00e9r n\u00e9lk\u00fcl nagyon neh\u00e9z v\u00e1ltoz\u00e1st el\u00e9rni, \u00edgy m\u00e1r r\u00e9g\u00f3ta fontosnak tartj\u00e1k a csal\u00e1dok megsz\u00f3l\u00edt\u00e1s\u00e1t, bevon\u00e1s\u00e1t is programjaikba. Egyes\u00fclet\u00fck hossz\u00fa fenn\u00e1ll\u00e1s\u00e1nak k\u00f6sz\u00f6nhet\u0151en sz\u00e1mos, az eg\u00e9szs\u00e9gsz\u0171r\u00e9ssel, az \u00f6nk\u00e9ntess\u00e9ggel \u00e9s a csal\u00e1dokkal kapcsolatos rendezv\u00e9nyt bonyol\u00edtottak m\u00e1r le. Az egyes\u00fclet t\u00f6bb orsz\u00e1gos bizotts\u00e1g, t\u00f6bbek k\u00f6z\u00f6tt az Orsz\u00e1gos Roma Koordin\u00e1ci\u00f3s Tan\u00e1cs \u00e9s az EMMI Tanoda H\u00e1l\u00f3zat tagja.<\/p>\n<p>&nbsp;<\/p>\n<p>Eln\u00f6k: Bogd\u00e1n Imre<\/p>\n<p><a href=\"mailto:napkerek@gmail.com\">napkerek@gmail.com<\/a><\/p>\n<div class=\"kv-page-margin-15\">\u00a0<\/div>\n<h2 class=\"kv-page-content-title\">Vadvir\u00e1g Alap\u00edtv\u00e1ny<\/h2>\n<p>C\u00e9ljuk a s\u00e9r\u00fclt gyermekek integr\u00e1ci\u00f3j\u00e1nak el\u0151seg\u00edt\u00e9se \u00e9rdek\u00e9ben az integr\u00e1lt oktat\u00e1s, nevel\u00e9s felt\u00e9teleinek megteremt\u00e9s\u00e9hez szakmai, anyagi, szem\u00e9lyi t\u00e1mogat\u00e1s biztos\u00edt\u00e1sa az \u00f3vodai, \u00e1ltal\u00e1nos \u00e9s k\u00f6z\u00e9p-, valamint fels\u0151fok\u00fa k\u00e9pz\u00e9s ter\u00fclet\u00e9n egyar\u00e1nt. A s\u00e9r\u00fclt fiatalokat nevel\u0151 sz\u00fcl\u0151k sz\u00e1m\u00e1ra szoci\u00e1lis, ment\u00e1lis, k\u00e9pz\u00e9si t\u00e1mogat\u00e1s ny\u00fajt\u00e1sa, csal\u00e1dseg\u00edt\u0151 feladatok v\u00e9gz\u00e9se annak \u00e9rdek\u00e9ben, hogy a s\u00e9r\u00fclt gyermekek nevel\u00e9se sor\u00e1n az integr\u00e1ci\u00f3 el\u0151felt\u00e9teleit megteremthess\u00e9k. Feladatuk tov\u00e1bb\u00e1 a s\u00e9r\u00fclts\u00e9g miatt h\u00e1tr\u00e1nyos helyzet\u0171 fiatalok t\u00e1rsadalmi beilleszked\u00e9s\u00e9nek el\u0151seg\u00edt\u00e9se, es\u00e9lyegyenl\u0151s\u00e9g\u00fck megteremt\u00e9s\u00e9nek t\u00e1mogat\u00e1sa. A s\u00e9r\u00fclt emberek t\u00e1rsadalmi integr\u00e1ci\u00f3j\u00e1nak el\u0151seg\u00edt\u00e9se \u00e9rdek\u00e9ben a nem s\u00e9r\u00fclt emberek, gyermekek, fiatalok sz\u00e1m\u00e1ra a s\u00e9r\u00fclt emberekkel k\u00f6z\u00f6sen eg\u00e9szs\u00e9gnevel\u0151, eg\u00e9szs\u00e9gmeg\u0151rz\u0151, eg\u00e9szs\u00e9g\u00fcgyi rehabilit\u00e1ci\u00f3s, rekre\u00e1ci\u00f3s, sport-, kultur\u00e1lis, szabadid\u0151s programok szervez\u00e9se, szolg\u00e1ltat\u00e1sok ny\u00fajt\u00e1sa. A s\u00e9r\u00fclt gyermekek, fiatalok, feln\u0151ttek sz\u00e1m\u00e1ra \u00e9rdek\u00e9rv\u00e9nyes\u00edt\u00e9st el\u0151seg\u00edt\u0151, tudatoss\u00e1got n\u00f6vel\u0151 tev\u00e9kenys\u00e9gek felt\u00e9teleinek biztos\u00edt\u00e1sa, ennek \u00e9rdek\u00e9ben szolg\u00e1ltat\u00e1sok szervez\u00e9se \u00e9s ny\u00fajt\u00e1sa. Megv\u00e1ltozott munkak\u00e9pess\u00e9g\u0171, fogyat\u00e9koss\u00e1ggal \u00e9l\u0151 emberek sz\u00e1m\u00e1ra foglalkoztat\u00e1si lehet\u0151s\u00e9geik el\u0151seg\u00edt\u00e9se \u00e9rdek\u00e9ben rehabilit\u00e1ci\u00f3s tan\u00e1csad\u00f3, seg\u00edt\u0151 szolg\u00e1ltat\u00e1sok.<\/p>\n<p><i>A szervezet sz\u00e9khelye: 7400 Kaposv\u00e1r, N\u00e9meth Istv\u00e1n fasor 27.<\/i><\/p>\n<p>Eln\u00f6k: K\u00e1rp\u00e1ti Anik\u00f3<\/p>\n<p>Kapcsolattart\u00f3: V\u00f6lgyi Rita<\/p>\n<p><a href=\"mailto:info@vadviragalapitvany.hu\">info@vadviragalapitvany.hu<\/a><\/p>\n<p><a href=\"http:\/\/www.vadviragalapitvany.hu\">www.vadviragalapitvany.hu<\/a>\u00a0<\/p>\n<div class=\"kv-page-margin-05\">\u00a0<\/div>\n<div class=\"kv-page-margin-1\">\n<p><i>A szervezet sz\u00e9khelye: 7400 Kaposv\u00e1r, N\u00e9meth Istv\u00e1n fasor 27.<\/i><\/p>\n<p>Eln\u00f6k: K\u00e1rp\u00e1ti Anik\u00f3<\/p>\n<p>Kapcsolattart\u00f3: V\u00f6lgyi Rita<\/p>\n<p><a href=\"mailto:info@vadviragalapitvany.hu\">info@vadviragalapitvany.hu<\/a><\/p>\n<p><a href=\"http:\/\/www.vadviragalapitvany.hu\">www.vadviragalapitvany.hu<\/a>\u00a0<\/p>\n<p><i>A szervezet sz\u00e9khelye: 7400 Kaposv\u00e1r, N\u00e9meth Istv\u00e1n fasor 27.<\/i><\/p>\n<p>Eln\u00f6k: K\u00e1rp\u00e1ti Anik\u00f3<\/p>\n<p>Kapcsolattart\u00f3: V\u00f6lgyi Rita<\/p>\n<p><a href=\"mailto:info@vadviragalapitvany.hu\">info@vadviragalapitvany.hu<\/a><\/p>\n<p><a href=\"http:\/\/www.vadviragalapitvany.hu\">www.vadviragalapitvany.hu<\/a><\/p>\n<\/div>\n<p><\/p>","protected":false},"excerpt":{"rendered":"<p>AFS Magyarorsz\u00e1g Nemzetk\u00f6zi Csereprogram Alap\u00edtv\u00e1ny kaposv\u00e1ri k\u00f6rzete Az AFS egy nemzetk\u00f6zi, \u00f6nk\u00e9ntes alapon m\u0171k\u00f6d\u0151, korm\u00e1nyokt\u00f3l \u00e9s vall\u00e1sokt\u00f3l f\u00fcggetlen, nem profitorient\u00e1lt szervezet, mely interkultur\u00e1lis tanul\u00e1shoz ny\u00fajt lehet\u0151s\u00e9get, ezzel is seg\u00edtve az embereket, hogy elsaj\u00e1t\u00edts\u00e1k azt a tud\u00e1st, k\u00e9pess\u00e9get \u00e9s meg\u00e9rt\u00e9st, mely egy igazs\u00e1gosabb \u00e9s b\u00e9k\u00e9sebb vil\u00e1g megteremt\u00e9s\u00e9hez sz\u00fcks\u00e9ges. Az AFS lehet\u0151v\u00e9 teszi az emberek sz\u00e1m\u00e1ra, hogy [&hellip;]<\/p>\n","protected":false},"author":1,"featured_media":1349,"parent":253,"menu_order":0,"comment_status":"closed","ping_status":"closed","template":"","meta":[],"acf":[],"yoast_head":"<!-- This site is optimized with the Yoast SEO plugin v19.8 - https:\/\/yoast.com\/wordpress\/plugins\/seo\/ -->\n<title>Ifj\u00fas\u00e1gi egyes\u00fcletek - Kaposv\u00e1r Megyei Jog\u00fa V\u00e1ros<\/title>\n<meta name=\"robots\" content=\"index, follow, max-snippet:-1, max-image-preview:large, max-video-preview:-1\" \/>\n<link rel=\"canonical\" href=\"https:\/\/otthon.kaposvar.hu\/hu\/lakossagi-informaciok\/kozossegek\/ifjusag\/ifjusagi-egyesuletek\/\" \/>\n<meta property=\"og:locale\" content=\"hu_HU\" \/>\n<meta property=\"og:type\" content=\"article\" \/>\n<meta property=\"og:title\" content=\"Ifj\u00fas\u00e1gi egyes\u00fcletek - Kaposv\u00e1r Megyei Jog\u00fa V\u00e1ros\" \/>\n<meta property=\"og:description\" content=\"AFS Magyarorsz\u00e1g Nemzetk\u00f6zi Csereprogram Alap\u00edtv\u00e1ny kaposv\u00e1ri k\u00f6rzete Az AFS egy nemzetk\u00f6zi, \u00f6nk\u00e9ntes alapon m\u0171k\u00f6d\u0151, korm\u00e1nyokt\u00f3l \u00e9s vall\u00e1sokt\u00f3l f\u00fcggetlen, nem profitorient\u00e1lt szervezet, mely interkultur\u00e1lis tanul\u00e1shoz ny\u00fajt lehet\u0151s\u00e9get, ezzel is seg\u00edtve az embereket, hogy elsaj\u00e1t\u00edts\u00e1k azt a tud\u00e1st, k\u00e9pess\u00e9get \u00e9s meg\u00e9rt\u00e9st, mely egy igazs\u00e1gosabb \u00e9s b\u00e9k\u00e9sebb vil\u00e1g megteremt\u00e9s\u00e9hez sz\u00fcks\u00e9ges. Az AFS lehet\u0151v\u00e9 teszi az emberek sz\u00e1m\u00e1ra, hogy [&hellip;]\" \/>\n<meta property=\"og:url\" content=\"https:\/\/otthon.kaposvar.hu\/hu\/lakossagi-informaciok\/kozossegek\/ifjusag\/ifjusagi-egyesuletek\/\" \/>\n<meta property=\"og:site_name\" content=\"Kaposv\u00e1r Megyei Jog\u00fa V\u00e1ros\" \/>\n<meta property=\"article:publisher\" content=\"https:\/\/www.facebook.com\/cityofkaposvar\/\" \/>\n<meta property=\"article:modified_time\" content=\"2026-02-02T14:31:26+00:00\" \/>\n<meta property=\"og:image\" content=\"https:\/\/otthon.kaposvar.hu\/wp-content\/uploads\/2017\/01\/ifjusagi_egyesuletek.jpg\" \/>\n\t<meta property=\"og:image:width\" content=\"1920\" \/>\n\t<meta property=\"og:image:height\" content=\"1280\" \/>\n\t<meta property=\"og:image:type\" content=\"image\/jpeg\" \/>\n<meta name=\"twitter:card\" content=\"summary_large_image\" \/>\n<meta name=\"twitter:label1\" content=\"Becs\u00fclt olvas\u00e1si id\u0151\" \/>\n\t<meta name=\"twitter:data1\" content=\"7 perc\" \/>\n<script type=\"application\/ld+json\" class=\"yoast-schema-graph\">{\"@context\":\"https:\/\/schema.org\",\"@graph\":[{\"@type\":\"WebPage\",\"@id\":\"https:\/\/otthon.kaposvar.hu\/hu\/lakossagi-informaciok\/kozossegek\/ifjusag\/ifjusagi-egyesuletek\/\",\"url\":\"https:\/\/otthon.kaposvar.hu\/hu\/lakossagi-informaciok\/kozossegek\/ifjusag\/ifjusagi-egyesuletek\/\",\"name\":\"Ifj\u00fas\u00e1gi egyes\u00fcletek - Kaposv\u00e1r Megyei Jog\u00fa V\u00e1ros\",\"isPartOf\":{\"@id\":\"https:\/\/otthon.kaposvar.hu\/hu\/#website\"},\"datePublished\":\"2017-01-22T10:51:20+00:00\",\"dateModified\":\"2026-02-02T14:31:26+00:00\",\"breadcrumb\":{\"@id\":\"https:\/\/otthon.kaposvar.hu\/hu\/lakossagi-informaciok\/kozossegek\/ifjusag\/ifjusagi-egyesuletek\/#breadcrumb\"},\"inLanguage\":\"hu\",\"potentialAction\":[{\"@type\":\"ReadAction\",\"target\":[[\"https:\/\/otthon.kaposvar.hu\/hu\/lakossagi-informaciok\/kozossegek\/ifjusag\/ifjusagi-egyesuletek\/\"]]}]},{\"@type\":\"BreadcrumbList\",\"@id\":\"https:\/\/otthon.kaposvar.hu\/hu\/lakossagi-informaciok\/kozossegek\/ifjusag\/ifjusagi-egyesuletek\/#breadcrumb\",\"itemListElement\":[{\"@type\":\"ListItem\",\"position\":1,\"name\":\"Home\",\"item\":\"https:\/\/otthon.kaposvar.hu\/hu\/\"},{\"@type\":\"ListItem\",\"position\":2,\"name\":\"Lakoss\u00e1gi inform\u00e1ci\u00f3k\",\"item\":\"https:\/\/otthon.kaposvar.hu\/hu\/lakossagi-informaciok\/\"},{\"@type\":\"ListItem\",\"position\":3,\"name\":\"K\u00f6z\u00f6ss\u00e9gek\",\"item\":\"https:\/\/otthon.kaposvar.hu\/hu\/lakossagi-informaciok\/kozossegek\/\"},{\"@type\":\"ListItem\",\"position\":4,\"name\":\"Ifj\u00fas\u00e1g\",\"item\":\"https:\/\/otthon.kaposvar.hu\/hu\/lakossagi-informaciok\/kozossegek\/ifjusag\/\"},{\"@type\":\"ListItem\",\"position\":5,\"name\":\"Ifj\u00fas\u00e1gi egyes\u00fcletek\"}]},{\"@type\":\"WebSite\",\"@id\":\"https:\/\/otthon.kaposvar.hu\/hu\/#website\",\"url\":\"https:\/\/otthon.kaposvar.hu\/hu\/\",\"name\":\"Kaposv\u00e1r Megyei Jog\u00fa V\u00e1ros\",\"description\":\"\",\"publisher\":{\"@id\":\"https:\/\/otthon.kaposvar.hu\/hu\/#organization\"},\"potentialAction\":[{\"@type\":\"SearchAction\",\"target\":{\"@type\":\"EntryPoint\",\"urlTemplate\":\"https:\/\/otthon.kaposvar.hu\/hu\/?s={search_term_string}\"},\"query-input\":\"required name=search_term_string\"}],\"inLanguage\":\"hu\"},{\"@type\":\"Organization\",\"@id\":\"https:\/\/otthon.kaposvar.hu\/hu\/#organization\",\"name\":\"Kaposv\u00e1r Megyei Jog\u00fa V\u00e1ros\",\"url\":\"https:\/\/otthon.kaposvar.hu\/hu\/\",\"sameAs\":[\"https:\/\/www.instagram.com\/cityofkaposvar\/\",\"https:\/\/www.facebook.com\/cityofkaposvar\/\"],\"logo\":{\"@type\":\"ImageObject\",\"inLanguage\":\"hu\",\"@id\":\"https:\/\/otthon.kaposvar.hu\/hu\/#\/schema\/logo\/image\/\",\"url\":\"https:\/\/otthon.kaposvar.hu\/wp-content\/uploads\/2021\/10\/kaposvar_social.jpg\",\"contentUrl\":\"https:\/\/otthon.kaposvar.hu\/wp-content\/uploads\/2021\/10\/kaposvar_social.jpg\",\"width\":1200,\"height\":900,\"caption\":\"Kaposv\u00e1r Megyei Jog\u00fa V\u00e1ros\"},\"image\":{\"@id\":\"https:\/\/otthon.kaposvar.hu\/hu\/#\/schema\/logo\/image\/\"}}]}<\/script>\n<!-- \/ Yoast SEO plugin. -->","yoast_head_json":{"title":"Ifj\u00fas\u00e1gi egyes\u00fcletek - Kaposv\u00e1r Megyei Jog\u00fa V\u00e1ros","robots":{"index":"index","follow":"follow","max-snippet":"max-snippet:-1","max-image-preview":"max-image-preview:large","max-video-preview":"max-video-preview:-1"},"canonical":"https:\/\/otthon.kaposvar.hu\/hu\/lakossagi-informaciok\/kozossegek\/ifjusag\/ifjusagi-egyesuletek\/","og_locale":"hu_HU","og_type":"article","og_title":"Ifj\u00fas\u00e1gi egyes\u00fcletek - Kaposv\u00e1r Megyei Jog\u00fa V\u00e1ros","og_description":"AFS Magyarorsz\u00e1g Nemzetk\u00f6zi Csereprogram Alap\u00edtv\u00e1ny kaposv\u00e1ri k\u00f6rzete Az AFS egy nemzetk\u00f6zi, \u00f6nk\u00e9ntes alapon m\u0171k\u00f6d\u0151, korm\u00e1nyokt\u00f3l \u00e9s vall\u00e1sokt\u00f3l f\u00fcggetlen, nem profitorient\u00e1lt szervezet, mely interkultur\u00e1lis tanul\u00e1shoz ny\u00fajt lehet\u0151s\u00e9get, ezzel is seg\u00edtve az embereket, hogy elsaj\u00e1t\u00edts\u00e1k azt a tud\u00e1st, k\u00e9pess\u00e9get \u00e9s meg\u00e9rt\u00e9st, mely egy igazs\u00e1gosabb \u00e9s b\u00e9k\u00e9sebb vil\u00e1g megteremt\u00e9s\u00e9hez sz\u00fcks\u00e9ges. Az AFS lehet\u0151v\u00e9 teszi az emberek sz\u00e1m\u00e1ra, hogy [&hellip;]","og_url":"https:\/\/otthon.kaposvar.hu\/hu\/lakossagi-informaciok\/kozossegek\/ifjusag\/ifjusagi-egyesuletek\/","og_site_name":"Kaposv\u00e1r Megyei Jog\u00fa V\u00e1ros","article_publisher":"https:\/\/www.facebook.com\/cityofkaposvar\/","article_modified_time":"2026-02-02T14:31:26+00:00","og_image":[{"width":1920,"height":1280,"url":"https:\/\/otthon.kaposvar.hu\/wp-content\/uploads\/2017\/01\/ifjusagi_egyesuletek.jpg","type":"image\/jpeg"}],"twitter_card":"summary_large_image","twitter_misc":{"Becs\u00fclt olvas\u00e1si id\u0151":"7 perc"},"schema":{"@context":"https:\/\/schema.org","@graph":[{"@type":"WebPage","@id":"https:\/\/otthon.kaposvar.hu\/hu\/lakossagi-informaciok\/kozossegek\/ifjusag\/ifjusagi-egyesuletek\/","url":"https:\/\/otthon.kaposvar.hu\/hu\/lakossagi-informaciok\/kozossegek\/ifjusag\/ifjusagi-egyesuletek\/","name":"Ifj\u00fas\u00e1gi egyes\u00fcletek - Kaposv\u00e1r Megyei Jog\u00fa V\u00e1ros","isPartOf":{"@id":"https:\/\/otthon.kaposvar.hu\/hu\/#website"},"datePublished":"2017-01-22T10:51:20+00:00","dateModified":"2026-02-02T14:31:26+00:00","breadcrumb":{"@id":"https:\/\/otthon.kaposvar.hu\/hu\/lakossagi-informaciok\/kozossegek\/ifjusag\/ifjusagi-egyesuletek\/#breadcrumb"},"inLanguage":"hu","potentialAction":[{"@type":"ReadAction","target":[["https:\/\/otthon.kaposvar.hu\/hu\/lakossagi-informaciok\/kozossegek\/ifjusag\/ifjusagi-egyesuletek\/"]]}]},{"@type":"BreadcrumbList","@id":"https:\/\/otthon.kaposvar.hu\/hu\/lakossagi-informaciok\/kozossegek\/ifjusag\/ifjusagi-egyesuletek\/#breadcrumb","itemListElement":[{"@type":"ListItem","position":1,"name":"Home","item":"https:\/\/otthon.kaposvar.hu\/hu\/"},{"@type":"ListItem","position":2,"name":"Lakoss\u00e1gi inform\u00e1ci\u00f3k","item":"https:\/\/otthon.kaposvar.hu\/hu\/lakossagi-informaciok\/"},{"@type":"ListItem","position":3,"name":"K\u00f6z\u00f6ss\u00e9gek","item":"https:\/\/otthon.kaposvar.hu\/hu\/lakossagi-informaciok\/kozossegek\/"},{"@type":"ListItem","position":4,"name":"Ifj\u00fas\u00e1g","item":"https:\/\/otthon.kaposvar.hu\/hu\/lakossagi-informaciok\/kozossegek\/ifjusag\/"},{"@type":"ListItem","position":5,"name":"Ifj\u00fas\u00e1gi egyes\u00fcletek"}]},{"@type":"WebSite","@id":"https:\/\/otthon.kaposvar.hu\/hu\/#website","url":"https:\/\/otthon.kaposvar.hu\/hu\/","name":"Kaposv\u00e1r Megyei Jog\u00fa V\u00e1ros","description":"","publisher":{"@id":"https:\/\/otthon.kaposvar.hu\/hu\/#organization"},"potentialAction":[{"@type":"SearchAction","target":{"@type":"EntryPoint","urlTemplate":"https:\/\/otthon.kaposvar.hu\/hu\/?s={search_term_string}"},"query-input":"required name=search_term_string"}],"inLanguage":"hu"},{"@type":"Organization","@id":"https:\/\/otthon.kaposvar.hu\/hu\/#organization","name":"Kaposv\u00e1r Megyei Jog\u00fa V\u00e1ros","url":"https:\/\/otthon.kaposvar.hu\/hu\/","sameAs":["https:\/\/www.instagram.com\/cityofkaposvar\/","https:\/\/www.facebook.com\/cityofkaposvar\/"],"logo":{"@type":"ImageObject","inLanguage":"hu","@id":"https:\/\/otthon.kaposvar.hu\/hu\/#\/schema\/logo\/image\/","url":"https:\/\/otthon.kaposvar.hu\/wp-content\/uploads\/2021\/10\/kaposvar_social.jpg","contentUrl":"https:\/\/otthon.kaposvar.hu\/wp-content\/uploads\/2021\/10\/kaposvar_social.jpg","width":1200,"height":900,"caption":"Kaposv\u00e1r Megyei Jog\u00fa V\u00e1ros"},"image":{"@id":"https:\/\/otthon.kaposvar.hu\/hu\/#\/schema\/logo\/image\/"}}]}},"_links":{"self":[{"href":"https:\/\/otthon.kaposvar.hu\/hu\/wp-json\/wp\/v2\/pages\/259"}],"collection":[{"href":"https:\/\/otthon.kaposvar.hu\/hu\/wp-json\/wp\/v2\/pages"}],"about":[{"href":"https:\/\/otthon.kaposvar.hu\/hu\/wp-json\/wp\/v2\/types\/page"}],"author":[{"embeddable":true,"href":"https:\/\/otthon.kaposvar.hu\/hu\/wp-json\/wp\/v2\/users\/1"}],"replies":[{"embeddable":true,"href":"https:\/\/otthon.kaposvar.hu\/hu\/wp-json\/wp\/v2\/comments?post=259"}],"version-history":[{"count":0,"href":"https:\/\/otthon.kaposvar.hu\/hu\/wp-json\/wp\/v2\/pages\/259\/revisions"}],"up":[{"embeddable":true,"href":"https:\/\/otthon.kaposvar.hu\/hu\/wp-json\/wp\/v2\/pages\/253"}],"wp:featuredmedia":[{"embeddable":true,"href":"https:\/\/otthon.kaposvar.hu\/hu\/wp-json\/wp\/v2\/media\/1349"}],"wp:attachment":[{"href":"https:\/\/otthon.kaposvar.hu\/hu\/wp-json\/wp\/v2\/media?parent=259"}],"curies":[{"name":"wp","href":"https:\/\/api.w.org\/{rel}","templated":true}]}}