{"id":257,"date":"2017-01-22T11:51:09","date_gmt":"2017-01-22T10:51:09","guid":{"rendered":"http:\/\/lakossag.gyori.co.hu\/?page_id=257"},"modified":"2026-03-20T13:17:06","modified_gmt":"2026-03-20T12:17:06","slug":"eletfa","status":"publish","type":"page","link":"https:\/\/otthon.kaposvar.hu\/hu\/lakossagi-informaciok\/kozossegek\/ifjusag\/eletfa\/","title":{"rendered":"\u00c9letfa"},"content":{"rendered":"<p><\/p>\n<h2 class=\"kv-page-content-title\">Hagyom\u00e1ny<\/h2>\n<h4 class=\"kv-page-content-paragraphtitle\">\u00c9letf\u00e1k a V\u00e1rosligetben<\/h4>\n<div class=\"kv-page-margin-05\">\u00a0<\/div>\n<p class=\"kv-page-content-paragraph\">Kaposv\u00e1ron 2002 novembere \u00f3ta csal\u00e1dias jelleg\u0171 hagyom\u00e1ny volt, hogy Szita K\u00e1roly polg\u00e1rmester \u00e9l\u0151 facsemet\u00e9ket \u00fcltetett a v\u00e1ros \u00fajsz\u00fcl\u00f6ttjeinek k\u00f6sz\u00f6nt\u00e9s\u00e9re. Azonban amikor az erre sz\u00e1nt ter\u00fclet 2005-re megtelt, a v\u00e1ros k\u00f6zgy\u0171l\u00e9se egy \u00e9letfaszobor fel\u00e1ll\u00edt\u00e1s\u00e1r\u00f3l hat\u00e1rozott.<\/p>\n<p class=\"kv-page-content-paragraph\">Ennek k\u00f6sz\u00f6nhet\u0151en 2006-ban avattuk fel az els\u0151 \u00e9letf\u00e1t. A bronzb\u00f3l k\u00e9sz\u00fclt m\u0171alkot\u00e1s Gera Katalin szobr\u00e1szm\u0171v\u00e9sz munk\u00e1ja. A fa leveleit azok a kis r\u00e9zlapocsk\u00e1k jelentik, amelyekre felgrav\u00edrozzuk a legifjabb kaposv\u00e1riak nev\u00e9t \u00e9s sz\u00fclet\u00e9si d\u00e1tum\u00e1t.<\/p>\n<p class=\"kv-page-content-paragraph\">A lev\u00e9lk\u00e9ket az \u00e9vente n\u00e9gy alkalommal megrendezett \u00c9letfa-\u00fcnneps\u00e9gek keret\u00e9ben helyezz\u00fck fel, ahol a felker\u00fcl\u0151 levelek m\u00e1solat\u00e1t minden csal\u00e1d szem\u00e9lyesen veheti \u00e1t a polg\u00e1rmestert\u0151l. A csal\u00e1dias hangulat\u00fa rendezv\u00e9nyen gyerekm\u0171sor sz\u00f3rakoztatja, valamint fagylalt, illetve \u2013 az id\u0151j\u00e1r\u00e1st\u00f3l f\u00fcgg\u0151en \u2013 s\u00fclt gesztenye v\u00e1rja a csal\u00e1dokat. Az els\u0151 \u00e9letfa 2120 n\u00e9vvel \u201elombosodott ki\u201d, \u00edgy \u00fajat kellett \u201e\u00fcltetn\u00fcnk\u201d. A v\u00e1ros ism\u00e9t Gera Katalin m\u0171v\u00e9szn\u0151t k\u00e9rte fel annak elk\u00e9sz\u00edt\u00e9s\u00e9re. Az \u00faj f\u00e1t 2012 m\u00e1jus\u00e1ban avattuk fel, \u00e1gaira \u00f6sszesen 3300 kisgyermek neve f\u00e9r fel, 2020-ban ez is megtelt. A hagyom\u00e1nyt folytatand\u00f3 elk\u00e9sz\u00fclt a harmadik szobor, melyet 2021. augusztus 30-\u00e1n adtunk \u00e1t.<\/p>\n<p class=\"kv-page-content-paragraph\">\u00dagy v\u00e9lj\u00fck, az \u00e9letf\u00e1k Kaposv\u00e1r leg\u00e9rt\u00e9kesebb \u00e9s legjelent\u0151sebb szimb\u00f3lumai. A legifjabb kaposv\u00e1riak lev\u00e9lk\u00e9inek felhelyez\u00e9se az\u00e9rt is fontos sz\u00e1munkra, mert ily m\u00f3don is lehet\u0151s\u00e9g\u00fcnk ny\u00edlik k\u00f6sz\u00f6netet mondani a sz\u00fcl\u0151knek, hogy munk\u00e1juk mellett gyermeket is v\u00e1llalnak, ezzel is er\u0151s\u00edtve a kaposv\u00e1riak k\u00f6z\u00f6ss\u00e9g\u00e9t.<\/p>\n<div class=\"kv-page-margin-1\">\u00a0<\/div>\n<h2 class=\"kv-page-content-title\">Jelentkez\u00e9s<\/h2>\n<p class=\"kv-page-content-paragraph\">Hagyom\u00e1nyosan a hivatal munkat\u00e1rsai \u2013 az anyak\u00f6nyvb\u0151l lek\u00e9rt adatok alapj\u00e1n \u2013 azon sz\u00fcl\u0151ket keresik fel egy alkalommal, postai \u00faton, az \u00fcnneps\u00e9g el\u0151tt kb. 1,5-2 h\u00f3nappal, akiknek gyermekei bet\u00f6lt\u00f6tt\u00e9k els\u0151 \u00e9let\u00e9v\u00fcket, \u00e9s Kaposv\u00e1ron van az \u00e1lland\u00f3 lakc\u00edm\u00fck.<\/p>\n<h3 class=\"kv-page-content-paragraph kv-page-content-subtitle\">A k\u00f6vetkez\u0151 \u00fcnneps\u00e9get 2026 m\u00e1jus\u00e1ban tartjuk.<\/h3>\n<h4 class=\"kv-page-content-subtitle kv-page-content-paragraphtitle\">2026-os \u00fcnneps\u00e9geink tervezett \u00fctemez\u00e9se:<\/h4>\n<ul>\n<li style=\"list-style-type: none;\">\n<ul>\n<li>2026. m\u00e1jus: 2024. november 1. \u00e9s 2025. febru\u00e1r 28. k\u00f6z\u00f6tt sz\u00fcletettek<\/li>\n<li>2026. j\u00fanius: 2025. m\u00e1rcius 1. \u00e9s 2025. j\u00fanius 30. k\u00f6z\u00f6tt sz\u00fcletettek<\/li>\n<li>2026. szeptember: 2025. j\u00falius 1. \u00e9s 2025. okt\u00f3ber 31. k\u00f6z\u00f6tt sz\u00fcletettek<\/li>\n<\/ul>\n<\/li>\n<\/ul>\n<p class=\"kv-page-content-paragraph\">El\u0151fordul, hogy az \u00e1ltalunk kik\u00fcld\u00f6tt \u00e9rtes\u00edt\u0151lev\u00e9l nem jut el a Kaposv\u00e1ron \u00e9l\u0151 gyermek sz\u00fcleihez \u2013 ez esetben ut\u00f3lagos jelentkez\u00e9s alapj\u00e1n szoktuk p\u00f3tolni a hi\u00e1nyoss\u00e1got.<\/p>\n<p class=\"kv-page-content-paragraph\">Amennyiben a fenti felt\u00e9teleknek megfelelnek, \u00e9s az \u00fcnneps\u00e9gen szeretn\u00e9nek r\u00e9szt venni, \u00e1m m\u00e9gsem kaptak \u00e9rtes\u00edt\u00e9st, k\u00e9rj\u00fck, t\u00f6lts\u00e9k ki az al\u00e1bbi \u0171rlapot.<\/p>\n<noscript class=\"ninja-forms-noscript-message\">\n    Notice: JavaScript is required for this content.<\/noscript><div id=\"nf-form-3-cont\" class=\"nf-form-cont kv-form\" aria-live=\"polite\" aria-labelledby=\"nf-form-title-3\" aria-describedby=\"nf-form-errors-3\" role=\"form\">\n\n    <div class=\"nf-loading-spinner\"><\/div>\n\n<\/div>\n        <!-- TODO: Move to Template File. -->\n        <script>var formDisplay=1;var nfForms=nfForms||[];var form=[];form.id='3';form.settings={\"objectType\":\"Form Setting\",\"editActive\":true,\"title\":\"Jelentkez\\u00e9s\",\"show_title\":0,\"clear_complete\":1,\"hide_complete\":1,\"default_label_pos\":\"left\",\"wrapper_class\":\"kv-form\",\"element_class\":\"\",\"key\":\"\",\"add_submit\":1,\"changeEmailErrorMsg\":\"\\u00c9rv\\u00e9nytelen e-mail c\\u00edm\",\"confirmFieldErrorMsg\":\"These fields must match!\",\"fieldNumberNumMinError\":\"Number Min Error\",\"fieldNumberNumMaxError\":\"Number Max Error\",\"fieldNumberIncrementBy\":\"Please increment by \",\"formErrorsCorrectErrors\":\"K\\u00e9rj\\u00fck t\\u00f6ltse ki az \\u00f6sszes *-al jel\\u00f6lt mez\\u0151t!\",\"validateRequiredField\":\"K\\u00f6telez\\u0151 mez\\u0151\",\"honeypotHoneypotError\":\"Honeypot Error\",\"fieldsMarkedRequired\":\" \",\"currency\":\"\",\"logged_in\":false,\"not_logged_in_msg\":\"\",\"sub_limit_number\":null,\"sub_limit_msg\":\"\",\"calculations\":[],\"formContentData\":[\"gyermek_neve_1488749708860\",\"szueletesi_hely_1488749726954\",\"szueletesi_datum_1488751146041\",\"edesanya_edesapa_neve_1488749753604\",\"edesanya_edesapa_postai_elerhetosege_1488749783911\",\"edesanya_edesapa_e-mail_elerhetosege_1504017689932\",\"edesanya_edesapa_telefonos_elerhetosege_1504017701273\",\"megjegyzes_1506443719585\",\"jelentkezem_1488749892116\"],\"unique_field_error\":\"A form with this value has already been submitted.\",\"ninjaForms\":\"Ninja Forms\",\"changeDateErrorMsg\":\"Please enter a valid date!\",\"fieldTextareaRTEInsertLink\":\"Insert Link\",\"fieldTextareaRTEInsertMedia\":\"Insert Media\",\"fieldTextareaRTESelectAFile\":\"Select a file\",\"formHoneypot\":\"If you are a human seeing this field, please leave it empty.\",\"fileUploadOldCodeFileUploadInProgress\":\"File Upload in Progress.\",\"fileUploadOldCodeFileUpload\":\"FILE UPLOAD\",\"currencySymbol\":\"&#70;&#116;\",\"thousands_sep\":\"&nbsp;\",\"decimal_point\":\",\",\"siteLocale\":\"hu_HU\",\"dateFormat\":\"Y-m-d\",\"startOfWeek\":\"1\",\"of\":\"of\",\"previousMonth\":\"Previous Month\",\"nextMonth\":\"Next Month\",\"months\":[\"January\",\"February\",\"March\",\"April\",\"May\",\"June\",\"July\",\"August\",\"September\",\"October\",\"November\",\"December\"],\"monthsShort\":[\"Jan\",\"Feb\",\"Mar\",\"Apr\",\"May\",\"Jun\",\"Jul\",\"Aug\",\"Sep\",\"Oct\",\"Nov\",\"Dec\"],\"weekdays\":[\"Sunday\",\"Monday\",\"Tuesday\",\"Wednesday\",\"Thursday\",\"Friday\",\"Saturday\"],\"weekdaysShort\":[\"Sun\",\"Mon\",\"Tue\",\"Wed\",\"Thu\",\"Fri\",\"Sat\"],\"weekdaysMin\":[\"Su\",\"Mo\",\"Tu\",\"We\",\"Th\",\"Fr\",\"Sa\"],\"recaptchaConsentMissing\":\"reCapctha validation couldn&#039;t load.\",\"recaptchaMissingCookie\":\"reCaptcha v3 validation couldn&#039;t load the cookie needed to submit the form.\",\"recaptchaConsentEvent\":\"Accept reCaptcha cookies before sending the form.\",\"embed_form\":\"\",\"currency_symbol\":\"\",\"beforeForm\":\"\",\"beforeFields\":\"\",\"afterFields\":\"\",\"afterForm\":\"\"};form.fields=[{\"objectType\":\"Field\",\"objectDomain\":\"fields\",\"editActive\":false,\"order\":1,\"label\":\"Gyermek neve\",\"type\":\"textbox\",\"key\":\"gyermek_neve_1488749708860\",\"label_pos\":\"left\",\"required\":1,\"input_limit_type\":\"characters\",\"input_limit_msg\":\"Character(s) left\",\"manual_key\":false,\"default\":\"\",\"placeholder\":\"\",\"container_class\":\"\",\"element_class\":\"\",\"input_limit\":\"\",\"disable_input\":\"\",\"admin_label\":\"\",\"help_text\":\"\",\"desc_text\":\"\",\"disable_browser_autocomplete\":\"\",\"mask\":\"\",\"custom_mask\":\"\",\"id\":35,\"beforeField\":\"\",\"afterField\":\"\",\"value\":\"\",\"parentType\":\"textbox\",\"element_templates\":[\"textbox\",\"input\"],\"old_classname\":\"\",\"wrap_template\":\"wrap\"},{\"objectType\":\"Field\",\"objectDomain\":\"fields\",\"editActive\":false,\"order\":2,\"label\":\"Sz\\u00fclet\\u00e9si hely\",\"type\":\"textbox\",\"key\":\"szueletesi_hely_1488749726954\",\"label_pos\":\"left\",\"required\":1,\"input_limit_type\":\"characters\",\"input_limit_msg\":\"Character(s) left\",\"manual_key\":false,\"default\":\"\",\"placeholder\":\"\",\"container_class\":\"\",\"element_class\":\"\",\"input_limit\":\"\",\"disable_input\":\"\",\"admin_label\":\"\",\"help_text\":\"\",\"desc_text\":\"\",\"disable_browser_autocomplete\":\"\",\"mask\":\"\",\"custom_mask\":\"\",\"id\":36,\"beforeField\":\"\",\"afterField\":\"\",\"value\":\"\",\"parentType\":\"textbox\",\"element_templates\":[\"textbox\",\"input\"],\"old_classname\":\"\",\"wrap_template\":\"wrap\"},{\"objectType\":\"Field\",\"objectDomain\":\"fields\",\"editActive\":false,\"order\":3,\"label\":\"Sz\\u00fclet\\u00e9si d\\u00e1tum\",\"type\":\"textbox\",\"key\":\"szueletesi_datum_1488751146041\",\"label_pos\":\"left\",\"required\":1,\"input_limit_type\":\"characters\",\"input_limit_msg\":\"Character(s) left\",\"manual_key\":false,\"default\":\"\",\"placeholder\":\"\",\"container_class\":\"\",\"element_class\":\"\",\"input_limit\":\"\",\"disable_input\":\"\",\"admin_label\":\"\",\"help_text\":\"\",\"desc_text\":\"\",\"disable_browser_autocomplete\":\"\",\"mask\":\"\",\"custom_mask\":\"\",\"id\":77,\"beforeField\":\"\",\"afterField\":\"\",\"value\":\"\",\"parentType\":\"textbox\",\"element_templates\":[\"textbox\",\"input\"],\"old_classname\":\"\",\"wrap_template\":\"wrap\"},{\"objectType\":\"Field\",\"objectDomain\":\"fields\",\"editActive\":false,\"order\":4,\"label\":\"\\u00c9desanya\\\/\\u00e9desapa neve\",\"type\":\"textbox\",\"key\":\"edesanya_edesapa_neve_1488749753604\",\"label_pos\":\"left\",\"required\":1,\"input_limit_type\":\"characters\",\"input_limit_msg\":\"Character(s) left\",\"manual_key\":false,\"default\":\"\",\"placeholder\":\"\",\"container_class\":\"\",\"element_class\":\"\",\"input_limit\":\"\",\"disable_input\":\"\",\"admin_label\":\"\",\"help_text\":\"\",\"desc_text\":\"\",\"disable_browser_autocomplete\":\"\",\"mask\":\"\",\"custom_mask\":\"\",\"id\":38,\"beforeField\":\"\",\"afterField\":\"\",\"value\":\"\",\"parentType\":\"textbox\",\"element_templates\":[\"textbox\",\"input\"],\"old_classname\":\"\",\"wrap_template\":\"wrap\"},{\"objectType\":\"Field\",\"objectDomain\":\"fields\",\"editActive\":false,\"order\":5,\"label\":\"\\u00c9desanya\\\/\\u00e9desapa postai el\\u00e9rhet\\u0151s\\u00e9ge\",\"type\":\"textbox\",\"key\":\"edesanya_edesapa_postai_elerhetosege_1488749783911\",\"label_pos\":\"left\",\"required\":1,\"input_limit_type\":\"characters\",\"input_limit_msg\":\"Character(s) left\",\"manual_key\":false,\"default\":\"\",\"placeholder\":\"\",\"container_class\":\"\",\"element_class\":\"\",\"input_limit\":\"\",\"disable_input\":\"\",\"admin_label\":\"\",\"help_text\":\"\",\"desc_text\":\"\",\"disable_browser_autocomplete\":\"\",\"mask\":\"\",\"custom_mask\":\"\",\"id\":39,\"beforeField\":\"\",\"afterField\":\"\",\"value\":\"\",\"parentType\":\"textbox\",\"element_templates\":[\"textbox\",\"input\"],\"old_classname\":\"\",\"wrap_template\":\"wrap\"},{\"objectType\":\"Field\",\"objectDomain\":\"fields\",\"editActive\":false,\"order\":6,\"label\":\"\\u00c9desanya\\\/\\u00e9desapa e-mail el\\u00e9rhet\\u0151s\\u00e9ge\",\"type\":\"email\",\"key\":\"edesanya_edesapa_e-mail_elerhetosege_1504017689932\",\"label_pos\":\"left\",\"required\":1,\"default\":\"\",\"placeholder\":\"\",\"container_class\":\"\",\"element_class\":\"\",\"admin_label\":\"\",\"help_text\":\"\",\"desc_text\":\"\",\"drawerDisabled\":false,\"id\":40,\"beforeField\":\"\",\"afterField\":\"\",\"value\":\"\",\"parentType\":\"email\",\"element_templates\":[\"email\",\"input\"],\"old_classname\":\"\",\"wrap_template\":\"wrap\"},{\"objectType\":\"Field\",\"objectDomain\":\"fields\",\"editActive\":false,\"order\":7,\"label\":\"\\u00c9desanya\\\/\\u00e9desapa telefonos el\\u00e9rhet\\u0151s\\u00e9ge\",\"type\":\"textbox\",\"key\":\"edesanya_edesapa_telefonos_elerhetosege_1504017701273\",\"label_pos\":\"left\",\"required\":1,\"input_limit_type\":\"characters\",\"input_limit_msg\":\"Character(s) left\",\"manual_key\":false,\"default\":\"\",\"placeholder\":\"\",\"container_class\":\"\",\"element_class\":\"\",\"input_limit\":\"\",\"disable_input\":\"\",\"admin_label\":\"\",\"help_text\":\"\",\"desc_text\":\"\",\"disable_browser_autocomplete\":\"\",\"mask\":\"\",\"custom_mask\":\"\",\"drawerDisabled\":false,\"id\":49,\"beforeField\":\"\",\"afterField\":\"\",\"value\":\"\",\"parentType\":\"textbox\",\"element_templates\":[\"textbox\",\"input\"],\"old_classname\":\"\",\"wrap_template\":\"wrap\"},{\"objectType\":\"Field\",\"objectDomain\":\"fields\",\"editActive\":false,\"order\":8,\"label\":\"Megjegyz\\u00e9s\",\"type\":\"textarea\",\"key\":\"megjegyzes_1506443719585\",\"label_pos\":\"left\",\"required\":false,\"default\":\"\",\"placeholder\":\"\",\"container_class\":\"\",\"element_class\":\"\",\"input_limit\":\"\",\"input_limit_type\":\"characters\",\"input_limit_msg\":\"Character(s) left\",\"manual_key\":true,\"disable_input\":\"\",\"admin_label\":\"\",\"help_text\":\"\",\"desc_text\":\"\",\"disable_browser_autocomplete\":\"\",\"textarea_rte\":\"\",\"disable_rte_mobile\":\"\",\"textarea_media\":\"\",\"drawerDisabled\":false,\"id\":118,\"beforeField\":\"\",\"afterField\":\"\",\"value\":\"\",\"parentType\":\"textarea\",\"element_templates\":[\"textarea\",\"input\"],\"old_classname\":\"\",\"wrap_template\":\"wrap\"},{\"objectType\":\"Field\",\"objectDomain\":\"fields\",\"editActive\":false,\"order\":9,\"type\":\"submit\",\"label\":\"Jelentkezem\",\"processing_label\":\"Feldolgoz\\u00e1s folyamatban\",\"key\":\"jelentkezem_1488749892116\",\"container_class\":\"\",\"element_class\":\"\",\"id\":50,\"beforeField\":\"\",\"afterField\":\"\",\"value\":\"\",\"label_pos\":\"left\",\"parentType\":\"textbox\",\"element_templates\":[\"submit\",\"button\",\"input\"],\"old_classname\":\"\",\"wrap_template\":\"wrap-no-label\"}];nfForms.push(form);<\/script>\n        \n<p><\/p>","protected":false},"excerpt":{"rendered":"<p>Hagyom\u00e1ny \u00c9letf\u00e1k a V\u00e1rosligetben \u00a0 Kaposv\u00e1ron 2002 novembere \u00f3ta csal\u00e1dias jelleg\u0171 hagyom\u00e1ny volt, hogy Szita K\u00e1roly polg\u00e1rmester \u00e9l\u0151 facsemet\u00e9ket \u00fcltetett a v\u00e1ros \u00fajsz\u00fcl\u00f6ttjeinek k\u00f6sz\u00f6nt\u00e9s\u00e9re. Azonban amikor az erre sz\u00e1nt ter\u00fclet 2005-re megtelt, a v\u00e1ros k\u00f6zgy\u0171l\u00e9se egy \u00e9letfaszobor fel\u00e1ll\u00edt\u00e1s\u00e1r\u00f3l hat\u00e1rozott. Ennek k\u00f6sz\u00f6nhet\u0151en 2006-ban avattuk fel az els\u0151 \u00e9letf\u00e1t. A bronzb\u00f3l k\u00e9sz\u00fclt m\u0171alkot\u00e1s Gera Katalin szobr\u00e1szm\u0171v\u00e9sz munk\u00e1ja. [&hellip;]<\/p>\n","protected":false},"author":1,"featured_media":1353,"parent":253,"menu_order":0,"comment_status":"closed","ping_status":"closed","template":"","meta":[],"acf":[],"yoast_head":"<!-- This site is optimized with the Yoast SEO plugin v19.8 - https:\/\/yoast.com\/wordpress\/plugins\/seo\/ -->\n<title>\u00c9letfa - Kaposv\u00e1r Megyei Jog\u00fa V\u00e1ros<\/title>\n<meta name=\"robots\" content=\"index, follow, max-snippet:-1, max-image-preview:large, max-video-preview:-1\" \/>\n<link rel=\"canonical\" href=\"https:\/\/otthon.kaposvar.hu\/hu\/lakossagi-informaciok\/kozossegek\/ifjusag\/eletfa\/\" \/>\n<meta property=\"og:locale\" content=\"hu_HU\" \/>\n<meta property=\"og:type\" content=\"article\" \/>\n<meta property=\"og:title\" content=\"\u00c9letfa - Kaposv\u00e1r Megyei Jog\u00fa V\u00e1ros\" \/>\n<meta property=\"og:description\" content=\"Hagyom\u00e1ny \u00c9letf\u00e1k a V\u00e1rosligetben \u00a0 Kaposv\u00e1ron 2002 novembere \u00f3ta csal\u00e1dias jelleg\u0171 hagyom\u00e1ny volt, hogy Szita K\u00e1roly polg\u00e1rmester \u00e9l\u0151 facsemet\u00e9ket \u00fcltetett a v\u00e1ros \u00fajsz\u00fcl\u00f6ttjeinek k\u00f6sz\u00f6nt\u00e9s\u00e9re. Azonban amikor az erre sz\u00e1nt ter\u00fclet 2005-re megtelt, a v\u00e1ros k\u00f6zgy\u0171l\u00e9se egy \u00e9letfaszobor fel\u00e1ll\u00edt\u00e1s\u00e1r\u00f3l hat\u00e1rozott. Ennek k\u00f6sz\u00f6nhet\u0151en 2006-ban avattuk fel az els\u0151 \u00e9letf\u00e1t. A bronzb\u00f3l k\u00e9sz\u00fclt m\u0171alkot\u00e1s Gera Katalin szobr\u00e1szm\u0171v\u00e9sz munk\u00e1ja. [&hellip;]\" \/>\n<meta property=\"og:url\" content=\"https:\/\/otthon.kaposvar.hu\/hu\/lakossagi-informaciok\/kozossegek\/ifjusag\/eletfa\/\" \/>\n<meta property=\"og:site_name\" content=\"Kaposv\u00e1r Megyei Jog\u00fa V\u00e1ros\" \/>\n<meta property=\"article:publisher\" content=\"https:\/\/www.facebook.com\/cityofkaposvar\/\" \/>\n<meta property=\"article:modified_time\" content=\"2026-03-20T12:17:06+00:00\" \/>\n<meta property=\"og:image\" content=\"https:\/\/otthon.kaposvar.hu\/wp-content\/uploads\/2017\/01\/eletfa.jpg\" \/>\n\t<meta property=\"og:image:width\" content=\"3456\" \/>\n\t<meta property=\"og:image:height\" content=\"2304\" \/>\n\t<meta property=\"og:image:type\" content=\"image\/jpeg\" \/>\n<meta name=\"twitter:card\" content=\"summary_large_image\" \/>\n<meta name=\"twitter:label1\" content=\"Becs\u00fclt olvas\u00e1si id\u0151\" \/>\n\t<meta name=\"twitter:data1\" content=\"2 perc\" \/>\n<script type=\"application\/ld+json\" class=\"yoast-schema-graph\">{\"@context\":\"https:\/\/schema.org\",\"@graph\":[{\"@type\":\"WebPage\",\"@id\":\"https:\/\/otthon.kaposvar.hu\/hu\/lakossagi-informaciok\/kozossegek\/ifjusag\/eletfa\/\",\"url\":\"https:\/\/otthon.kaposvar.hu\/hu\/lakossagi-informaciok\/kozossegek\/ifjusag\/eletfa\/\",\"name\":\"\u00c9letfa - Kaposv\u00e1r Megyei Jog\u00fa V\u00e1ros\",\"isPartOf\":{\"@id\":\"https:\/\/otthon.kaposvar.hu\/hu\/#website\"},\"datePublished\":\"2017-01-22T10:51:09+00:00\",\"dateModified\":\"2026-03-20T12:17:06+00:00\",\"breadcrumb\":{\"@id\":\"https:\/\/otthon.kaposvar.hu\/hu\/lakossagi-informaciok\/kozossegek\/ifjusag\/eletfa\/#breadcrumb\"},\"inLanguage\":\"hu\",\"potentialAction\":[{\"@type\":\"ReadAction\",\"target\":[[\"https:\/\/otthon.kaposvar.hu\/hu\/lakossagi-informaciok\/kozossegek\/ifjusag\/eletfa\/\"]]}]},{\"@type\":\"BreadcrumbList\",\"@id\":\"https:\/\/otthon.kaposvar.hu\/hu\/lakossagi-informaciok\/kozossegek\/ifjusag\/eletfa\/#breadcrumb\",\"itemListElement\":[{\"@type\":\"ListItem\",\"position\":1,\"name\":\"Home\",\"item\":\"https:\/\/otthon.kaposvar.hu\/hu\/\"},{\"@type\":\"ListItem\",\"position\":2,\"name\":\"Lakoss\u00e1gi inform\u00e1ci\u00f3k\",\"item\":\"https:\/\/otthon.kaposvar.hu\/hu\/lakossagi-informaciok\/\"},{\"@type\":\"ListItem\",\"position\":3,\"name\":\"K\u00f6z\u00f6ss\u00e9gek\",\"item\":\"https:\/\/otthon.kaposvar.hu\/hu\/lakossagi-informaciok\/kozossegek\/\"},{\"@type\":\"ListItem\",\"position\":4,\"name\":\"Ifj\u00fas\u00e1g\",\"item\":\"https:\/\/otthon.kaposvar.hu\/hu\/lakossagi-informaciok\/kozossegek\/ifjusag\/\"},{\"@type\":\"ListItem\",\"position\":5,\"name\":\"\u00c9letfa\"}]},{\"@type\":\"WebSite\",\"@id\":\"https:\/\/otthon.kaposvar.hu\/hu\/#website\",\"url\":\"https:\/\/otthon.kaposvar.hu\/hu\/\",\"name\":\"Kaposv\u00e1r Megyei Jog\u00fa V\u00e1ros\",\"description\":\"\",\"publisher\":{\"@id\":\"https:\/\/otthon.kaposvar.hu\/hu\/#organization\"},\"potentialAction\":[{\"@type\":\"SearchAction\",\"target\":{\"@type\":\"EntryPoint\",\"urlTemplate\":\"https:\/\/otthon.kaposvar.hu\/hu\/?s={search_term_string}\"},\"query-input\":\"required name=search_term_string\"}],\"inLanguage\":\"hu\"},{\"@type\":\"Organization\",\"@id\":\"https:\/\/otthon.kaposvar.hu\/hu\/#organization\",\"name\":\"Kaposv\u00e1r Megyei Jog\u00fa V\u00e1ros\",\"url\":\"https:\/\/otthon.kaposvar.hu\/hu\/\",\"sameAs\":[\"https:\/\/www.instagram.com\/cityofkaposvar\/\",\"https:\/\/www.facebook.com\/cityofkaposvar\/\"],\"logo\":{\"@type\":\"ImageObject\",\"inLanguage\":\"hu\",\"@id\":\"https:\/\/otthon.kaposvar.hu\/hu\/#\/schema\/logo\/image\/\",\"url\":\"https:\/\/otthon.kaposvar.hu\/wp-content\/uploads\/2021\/10\/kaposvar_social.jpg\",\"contentUrl\":\"https:\/\/otthon.kaposvar.hu\/wp-content\/uploads\/2021\/10\/kaposvar_social.jpg\",\"width\":1200,\"height\":900,\"caption\":\"Kaposv\u00e1r Megyei Jog\u00fa V\u00e1ros\"},\"image\":{\"@id\":\"https:\/\/otthon.kaposvar.hu\/hu\/#\/schema\/logo\/image\/\"}}]}<\/script>\n<!-- \/ Yoast SEO plugin. -->","yoast_head_json":{"title":"\u00c9letfa - Kaposv\u00e1r Megyei Jog\u00fa V\u00e1ros","robots":{"index":"index","follow":"follow","max-snippet":"max-snippet:-1","max-image-preview":"max-image-preview:large","max-video-preview":"max-video-preview:-1"},"canonical":"https:\/\/otthon.kaposvar.hu\/hu\/lakossagi-informaciok\/kozossegek\/ifjusag\/eletfa\/","og_locale":"hu_HU","og_type":"article","og_title":"\u00c9letfa - Kaposv\u00e1r Megyei Jog\u00fa V\u00e1ros","og_description":"Hagyom\u00e1ny \u00c9letf\u00e1k a V\u00e1rosligetben \u00a0 Kaposv\u00e1ron 2002 novembere \u00f3ta csal\u00e1dias jelleg\u0171 hagyom\u00e1ny volt, hogy Szita K\u00e1roly polg\u00e1rmester \u00e9l\u0151 facsemet\u00e9ket \u00fcltetett a v\u00e1ros \u00fajsz\u00fcl\u00f6ttjeinek k\u00f6sz\u00f6nt\u00e9s\u00e9re. Azonban amikor az erre sz\u00e1nt ter\u00fclet 2005-re megtelt, a v\u00e1ros k\u00f6zgy\u0171l\u00e9se egy \u00e9letfaszobor fel\u00e1ll\u00edt\u00e1s\u00e1r\u00f3l hat\u00e1rozott. Ennek k\u00f6sz\u00f6nhet\u0151en 2006-ban avattuk fel az els\u0151 \u00e9letf\u00e1t. A bronzb\u00f3l k\u00e9sz\u00fclt m\u0171alkot\u00e1s Gera Katalin szobr\u00e1szm\u0171v\u00e9sz munk\u00e1ja. [&hellip;]","og_url":"https:\/\/otthon.kaposvar.hu\/hu\/lakossagi-informaciok\/kozossegek\/ifjusag\/eletfa\/","og_site_name":"Kaposv\u00e1r Megyei Jog\u00fa V\u00e1ros","article_publisher":"https:\/\/www.facebook.com\/cityofkaposvar\/","article_modified_time":"2026-03-20T12:17:06+00:00","og_image":[{"width":3456,"height":2304,"url":"https:\/\/otthon.kaposvar.hu\/wp-content\/uploads\/2017\/01\/eletfa.jpg","type":"image\/jpeg"}],"twitter_card":"summary_large_image","twitter_misc":{"Becs\u00fclt olvas\u00e1si id\u0151":"2 perc"},"schema":{"@context":"https:\/\/schema.org","@graph":[{"@type":"WebPage","@id":"https:\/\/otthon.kaposvar.hu\/hu\/lakossagi-informaciok\/kozossegek\/ifjusag\/eletfa\/","url":"https:\/\/otthon.kaposvar.hu\/hu\/lakossagi-informaciok\/kozossegek\/ifjusag\/eletfa\/","name":"\u00c9letfa - Kaposv\u00e1r Megyei Jog\u00fa V\u00e1ros","isPartOf":{"@id":"https:\/\/otthon.kaposvar.hu\/hu\/#website"},"datePublished":"2017-01-22T10:51:09+00:00","dateModified":"2026-03-20T12:17:06+00:00","breadcrumb":{"@id":"https:\/\/otthon.kaposvar.hu\/hu\/lakossagi-informaciok\/kozossegek\/ifjusag\/eletfa\/#breadcrumb"},"inLanguage":"hu","potentialAction":[{"@type":"ReadAction","target":[["https:\/\/otthon.kaposvar.hu\/hu\/lakossagi-informaciok\/kozossegek\/ifjusag\/eletfa\/"]]}]},{"@type":"BreadcrumbList","@id":"https:\/\/otthon.kaposvar.hu\/hu\/lakossagi-informaciok\/kozossegek\/ifjusag\/eletfa\/#breadcrumb","itemListElement":[{"@type":"ListItem","position":1,"name":"Home","item":"https:\/\/otthon.kaposvar.hu\/hu\/"},{"@type":"ListItem","position":2,"name":"Lakoss\u00e1gi inform\u00e1ci\u00f3k","item":"https:\/\/otthon.kaposvar.hu\/hu\/lakossagi-informaciok\/"},{"@type":"ListItem","position":3,"name":"K\u00f6z\u00f6ss\u00e9gek","item":"https:\/\/otthon.kaposvar.hu\/hu\/lakossagi-informaciok\/kozossegek\/"},{"@type":"ListItem","position":4,"name":"Ifj\u00fas\u00e1g","item":"https:\/\/otthon.kaposvar.hu\/hu\/lakossagi-informaciok\/kozossegek\/ifjusag\/"},{"@type":"ListItem","position":5,"name":"\u00c9letfa"}]},{"@type":"WebSite","@id":"https:\/\/otthon.kaposvar.hu\/hu\/#website","url":"https:\/\/otthon.kaposvar.hu\/hu\/","name":"Kaposv\u00e1r Megyei Jog\u00fa V\u00e1ros","description":"","publisher":{"@id":"https:\/\/otthon.kaposvar.hu\/hu\/#organization"},"potentialAction":[{"@type":"SearchAction","target":{"@type":"EntryPoint","urlTemplate":"https:\/\/otthon.kaposvar.hu\/hu\/?s={search_term_string}"},"query-input":"required name=search_term_string"}],"inLanguage":"hu"},{"@type":"Organization","@id":"https:\/\/otthon.kaposvar.hu\/hu\/#organization","name":"Kaposv\u00e1r Megyei Jog\u00fa V\u00e1ros","url":"https:\/\/otthon.kaposvar.hu\/hu\/","sameAs":["https:\/\/www.instagram.com\/cityofkaposvar\/","https:\/\/www.facebook.com\/cityofkaposvar\/"],"logo":{"@type":"ImageObject","inLanguage":"hu","@id":"https:\/\/otthon.kaposvar.hu\/hu\/#\/schema\/logo\/image\/","url":"https:\/\/otthon.kaposvar.hu\/wp-content\/uploads\/2021\/10\/kaposvar_social.jpg","contentUrl":"https:\/\/otthon.kaposvar.hu\/wp-content\/uploads\/2021\/10\/kaposvar_social.jpg","width":1200,"height":900,"caption":"Kaposv\u00e1r Megyei Jog\u00fa V\u00e1ros"},"image":{"@id":"https:\/\/otthon.kaposvar.hu\/hu\/#\/schema\/logo\/image\/"}}]}},"_links":{"self":[{"href":"https:\/\/otthon.kaposvar.hu\/hu\/wp-json\/wp\/v2\/pages\/257"}],"collection":[{"href":"https:\/\/otthon.kaposvar.hu\/hu\/wp-json\/wp\/v2\/pages"}],"about":[{"href":"https:\/\/otthon.kaposvar.hu\/hu\/wp-json\/wp\/v2\/types\/page"}],"author":[{"embeddable":true,"href":"https:\/\/otthon.kaposvar.hu\/hu\/wp-json\/wp\/v2\/users\/1"}],"replies":[{"embeddable":true,"href":"https:\/\/otthon.kaposvar.hu\/hu\/wp-json\/wp\/v2\/comments?post=257"}],"version-history":[{"count":0,"href":"https:\/\/otthon.kaposvar.hu\/hu\/wp-json\/wp\/v2\/pages\/257\/revisions"}],"up":[{"embeddable":true,"href":"https:\/\/otthon.kaposvar.hu\/hu\/wp-json\/wp\/v2\/pages\/253"}],"wp:featuredmedia":[{"embeddable":true,"href":"https:\/\/otthon.kaposvar.hu\/hu\/wp-json\/wp\/v2\/media\/1353"}],"wp:attachment":[{"href":"https:\/\/otthon.kaposvar.hu\/hu\/wp-json\/wp\/v2\/media?parent=257"}],"curies":[{"name":"wp","href":"https:\/\/api.w.org\/{rel}","templated":true}]}}