{"id":249,"date":"2017-01-22T11:49:58","date_gmt":"2017-01-22T10:49:58","guid":{"rendered":"http:\/\/lakossag.gyori.co.hu\/?page_id=249"},"modified":"2026-02-02T15:17:36","modified_gmt":"2026-02-02T14:17:36","slug":"leveltar","status":"publish","type":"page","link":"https:\/\/otthon.kaposvar.hu\/hu\/lakossagi-informaciok\/kultura\/leveltar\/","title":{"rendered":"Lev\u00e9lt\u00e1r"},"content":{"rendered":"<p><\/p>\n<h2 class=\"kv-page-content-title\">Magyar Nemzeti Lev\u00e9lt\u00e1r Somogy V\u00e1rmegyei Lev\u00e9lt\u00e1ra<\/h2>\n<div class=\"kv-page-margin-05\">\u00a0<\/div>\n<p>A Magyar Nemzeti Lev\u00e9lt\u00e1r somogyi tagint\u00e9zm\u00e9nye t\u00f6bb mint h\u00e1romsz\u00e1z \u00e9ves m\u00falttal rendelkezik. Az 1723. \u00e9vi LXXIII. t\u00f6rv\u00e9nycikk k\u00f6telezte a v\u00e1rmegy\u00e9ket \u00e1lland\u00f3 sz\u00e9khelyt jelent\u0151, a gy\u0171l\u00e9sek, az \u00edt\u00e9l\u0151sz\u00e9k, a levelest\u00e1r \u00e9s a t\u00f6ml\u00f6c\u00f6k befogad\u00e1s\u00e1ra alkalmas \u00e9p\u00fclet(ek) l\u00e9tes\u00edt\u00e9s\u00e9re. Az \u00f6n\u00e1ll\u00f3s\u00e1g\u00e1t jogilag 1715-ben visszanyer\u0151 v\u00e1rmegye levelest\u00e1ra a kezdetekben a mindenkori alisp\u00e1n, f\u0151isp\u00e1n vagy a (f\u0151)jegyz\u0151 lak\u00f3hely\u00e9n volt. Az 1720-as \u00e9vek k\u00f6zep\u00e9t\u0151l a sz\u00e1zad derek\u00e1ig Tapsony adott neki otthont. Kaposv\u00e1r ekkori v\u00e1rmegyesz\u00e9khelly\u00e9 v\u00e1l\u00e1s\u00e1t k\u00f6vet\u0151en a levelest\u00e1r is itt \u00e1llapodott meg, az 1750-es \u00e9vek legelej\u00e9n \u00e9p\u00fclt els\u0151 v\u00e1rmegyeh\u00e1z\u00e1n.<\/p>\n<p>A F\u0151 utcai m\u00e1sodik kaposv\u00e1ri v\u00e1rmegyeh\u00e1zzal egy\u00fctt az 1820-as \u00e9vek v\u00e9g\u00e9n, az 1830-as \u00e9vek elej\u00e9n fel\u00e9p\u00fclt a mai Rippl-R\u00f3nai t\u00e9ren \u00e1ll\u00f3 kis v\u00e1rmegyeh\u00e1za, benne a levelest\u00e1rral \u00e9s a t\u00f6ml\u00f6ccel. A XX. sz\u00e1zad elej\u00e9n a k\u00e9tszintes \u00e9p\u00fcletet egy \u00fajabb emelettel b\u0151v\u00edtett\u00e9k. Az 1940-es \u00e9vekben a Teleki utc\u00e1ra ny\u00edl\u00f3 f\u0151bej\u00e1ratot nyitottak rajta.<\/p>\n<p>Az 1950-ig az alisp\u00e1ni hivatal egyik r\u00e9szlegek\u00e9nt m\u0171k\u00f6d\u0151 arch\u00edvum sok\u00e1ig t\u00f6bbf\u00e9le t\u00e1rsb\u00e9rletre k\u00e9nyszer\u00fclt. Nagyj\u00e1b\u00f3l 1990-t\u0151l \u00f6n\u00e1ll\u00f3an haszn\u00e1lta ezt az \u00e9p\u00fcletet.<\/p>\n<p>A Somogy Megyei Lev\u00e9lt\u00e1r 2012. okt\u00f3ber 1-j\u00e9vel a Magyart Nemzeti Lev\u00e9lt\u00e1r tagint\u00e9zm\u00e9nye lett. A 2010-es \u00e9vek k\u00f6zep\u00e9n \u2013 2017-tel bez\u00e1r\u00f3lag \u2013 a kis v\u00e1rmegyeh\u00e1z\u00e1b\u00f3l, illetve a k\u00fcls\u0151 rakt\u00e1rakb\u00f3l, a fel\u00faj\u00edtott, \u00e1talak\u00edtott \u00e9s kib\u0151v\u00edtett, volt Bart\u00f3k B\u00e9la Utcai \u00c1ltal\u00e1nos Iskola \u00e9p\u00fcleteibe k\u00f6lt\u00f6z\u00f6tt \u00e1t. A v\u00e1rosk\u00f6zpontban \u00e1ll\u00f3, eredetileg j\u00f3r\u00e9szt arch\u00edvum c\u00e9lj\u00e1ra emelt \u00e9p\u00fclet az\u00f3ta a Rippl-R\u00f3nai V\u00e1rmegyei Hat\u00f3k\u00f6rt\u0171 V\u00e1rosi M\u00fazeum kezel\u00e9s\u00e9ben \u00e1ll.<\/p>\n<p>A XVIII. sz\u00e1zad v\u00e9g\u00e9n Eperjessy S\u00e1muel, a reformkorban Bezer\u00e9dy P\u00e1l lev\u00e9lt\u00e1rnok v\u00e9gzett jelent\u0151s levelest\u00e1ri munk\u00e1t. Az 1861\u20131863 \u00e9s 1865\u20131890 k\u00f6z\u00f6tti \u00e9vek lev\u00e9lt\u00e1rnok\u00e1nak, Nagy Lajosnak k\u00f6sz\u00f6nhet\u0151 az iratanyag hat\u00e9konyabb kutathat\u00f3s\u00e1g\u00e1t biztos\u00edt\u00f3 els\u0151 fontos seg\u00e9dletek elk\u00e9sz\u00edt\u00e9se. Az 1930-as \u00e9vekben \u00e9s az 1940-es \u00e9vek legelej\u00e9n, az 1913-t\u00f3l 1949-es nyugd\u00edjaz\u00e1s\u00e1ig itt dolgoz\u00f3 Moln\u00e1r Istv\u00e1n f\u0151lev\u00e9lt\u00e1ros idej\u00e9n k\u00e9sz\u00fclt el a kis v\u00e1rmegyeh\u00e1za els\u0151 emelet\u00e9nek reprezentat\u00edv berendez\u00e9se, k\u00f6zt\u00fck a sz\u00ednezett \u00f3lom\u00fcveg ablakok, rajtuk a v\u00e1rmegye sz\u00e1mos nemes csal\u00e1dj\u00e1nak c\u00edmer\u00e9vel \u2013 alapvet\u0151en Stephaich P\u00e1l alisp\u00e1n j\u00f3volt\u00e1b\u00f3l.<\/p>\n<p>Az 1940-es \u00e9vek v\u00e9g\u00e9t\u0151l \u2013 1950-t\u0151l k\u00f6zgy\u0171jtem\u00e9nyi int\u00e9zm\u00e9nyk\u00e9nt \u2013 1987 december\u00e9ig Kanyar J\u00f3zsef vezette a lev\u00e9lt\u00e1rat, amely az \u0151 \u00e9r\u00e1ja alatt tudom\u00e1nyos m\u0171helly\u00e9, kultur\u00e1lis centrumm\u00e1 v\u00e1lt. T\u00f6bbek k\u00f6z\u00f6tt sz\u00e1mos h\u00edres k\u00f6tet, a lev\u00e9lt\u00e1ri \u00e9vk\u00f6nyvsorozat \u00e9s egy\u00e9b k\u00f6nyvsorozatok kiad\u00e1sa f\u0171z\u0151dik Kanyar J\u00f3zsef nev\u00e9hez. Ut\u00f3dai, az 1990-ben meghalt Andr\u00e1ssy Antal, Szili Ferenc \u00e9s a 2014-ben elhunyt B\u0151sze S\u00e1ndor tov\u00e1bb \u00f6regb\u00edtett\u00e9k a lev\u00e9lt\u00e1r j\u00f3 h\u00edr\u00e9t. B\u0151sze igazgat\u00f3 alatt az int\u00e9zm\u00e9ny kapcsolatba ker\u00fclt a Rijekai \u00c1llami Lev\u00e9lt\u00e1rral, \u00e9s ott fontos rendez\u00e9si \u00e9s jegyz\u00e9kel\u00e9si munk\u00e1t folytattak a somogyi lev\u00e9lt\u00e1rosok a magyar uralom (1868\u20131918) alatti korszak irataiban. Polg\u00e1r Tam\u00e1s 2014-ben megb\u00edzott, majd kinevezett igazgat\u00f3ja lett a tagint\u00e9zm\u00e9nynek.<\/p>\n<p>A somogyi k\u00f6zgy\u0171jtem\u00e9ny 2025-ben mintegy 17\u00a0000 iratfoly\u00f3m\u00e9ternyi iratanyagot \u0151rz\u00f6tt. A v\u00e1rmegye \u00f6nkorm\u00e1nyzati, hivatali, b\u00edr\u00f3s\u00e1gi iratai adj\u00e1k az anyag gerinc\u00e9t. E mellett jelent\u0151s iskolai fondokkal, csal\u00e1di \u00e9s szem\u00e9lyi hagyat\u00e9kokkal is rendelkezik. Legr\u00e9gebbi irata 1232-b\u0151l val\u00f3. A v\u00e1rmegyei k\u00f6zgy\u0171l\u00e9si jegyz\u0151k\u00f6nyvek \u2013 m\u00e9g a 18. sz\u00e1zadban k\u00e9sz\u00edtett tiszt\u00e1zatai, m\u00e1solatai \u2013 az 1710-es \u00e9vekt\u0151l \u00e1llnak rendelkez\u00e9sre. A gy\u0171jtem\u00e9ny d\u00f6nt\u0151 t\u00f6bbs\u00e9g\u00e9t a XX. sz\u00e1zadi iratok adj\u00e1k. Kaposv\u00e1rnak 1920 el\u0151ttr\u0151l csak eleny\u00e9sz\u0151 mennyis\u00e9g\u0171 irata ker\u00fclt be a somogyi k\u00f6zgy\u0171jtem\u00e9nybe.<\/p>\n<p>Az int\u00e9zm\u00e9ny t\u00e1gas kutat\u00f3teremmel, k\u00fcl\u00f6n mikrofilmolvas\u00f3 szob\u00e1val, t\u00f6bb t\u00edzezer k\u00f6tetes k\u00f6nyvt\u00e1rral, j\u00f3l felszerelt el\u0151ad\u00f3teremmel rendelkezik.<\/p>\n<p>\u00c9vente t\u00f6bb mint sz\u00e1z kutat\u00f3 keresi fel a taglev\u00e9lt\u00e1rat, amely t\u00f6bbsz\u00e1z kutat\u00e1si alkalmat jelent. Az \u00fcgyfelek sz\u00e1ma \u00e9vente k\u00f6zel ezret tesz ki.<\/p>\n<p>Minden \u00e9vben tudom\u00e1nyos konferenci\u00e1kat \u2013 k\u00f6zt\u00fck a <i>Somogyi lev\u00e9lt\u00e1ri nap<\/i>ot \u2013 rendeznek. Emellett m\u0171helybesz\u00e9lget\u00e9sek, k\u00f6nyvbemutat\u00f3k, k\u00fcl\u00f6nf\u00e9le ki\u00e1ll\u00edt\u00e1sok sz\u00ednes\u00edtik a tudom\u00e1nyos k\u00edn\u00e1latot.<\/p>\n<p>A <i>Lev\u00e9lt\u00e1rak \u00e9jszak\u00e1ja<\/i> programban a k\u00e9tezres \u00e9vek v\u00e9g\u00e9t\u0151l m\u0171k\u00f6dik k\u00f6zre a somogyi lev\u00e9lt\u00e1r. A csal\u00e1dfa- \u00e9s csal\u00e1dt\u00f6rt\u00e9netkutat\u00f3 kurzusok 2018-t\u00f3l vonzott\u00e1k be az \u00e9rdekl\u0151d\u0151ket. A <i>Lev\u00e9lt\u00e1ri est\u00e9k<\/i>et 2019-t\u0151l rendezik meg. Tagint\u00e9zm\u00e9nyk\u00e9nt \u00faj tev\u00e9kenys\u00e9gi k\u00f6rt kellett kialak\u00edtani: az oktat\u00e1st. A lev\u00e9lt\u00e1r-pedag\u00f3giai foglalkoz\u00e1sokat rendhagy\u00f3 t\u00f6rt\u00e9nelem\u00f3r\u00e1kk\u00e9nt illeszthett\u00e9k be az iskol\u00e1k k\u00e9pz\u00e9si palett\u00e1jukba.<\/p>\n<div class=\"kv-page-margin-1\">\u00a0<\/div>\n<h3 class=\"kv-page-content-subtitle\">El\u00e9rhet\u0151s\u00e9gek<\/h3>\n<p class=\"kv-page-content-paragraph\"><strong>Magyar Nemzeti Lev\u00e9lt\u00e1r Somogy V\u00e1rmegyei Lev\u00e9lt\u00e1ra<\/strong><br \/>\n7404 Kaposv\u00e1r, Bart\u00f3k B\u00e9la utca 8\u201310. Pf.: 16.<br \/>\nTelefon: 06-82-528-200<br \/>\nE-mail: <a href=\"mailto:sml@mnl.gov.hu\">sml@mnl.gov.hu<\/a><br \/>\nhonlap: <a href=\"http:\/\/mnl.gov.hu\/sml\">mnl.gov.hu\/sml<\/a><\/p>\n<div class=\"kv-page-margin-1\">\u00a0<\/div>\n<p><\/p>","protected":false},"excerpt":{"rendered":"<p>Magyar Nemzeti Lev\u00e9lt\u00e1r Somogy V\u00e1rmegyei Lev\u00e9lt\u00e1ra \u00a0 A Magyar Nemzeti Lev\u00e9lt\u00e1r somogyi tagint\u00e9zm\u00e9nye t\u00f6bb mint h\u00e1romsz\u00e1z \u00e9ves m\u00falttal rendelkezik. Az 1723. \u00e9vi LXXIII. t\u00f6rv\u00e9nycikk k\u00f6telezte a v\u00e1rmegy\u00e9ket \u00e1lland\u00f3 sz\u00e9khelyt jelent\u0151, a gy\u0171l\u00e9sek, az \u00edt\u00e9l\u0151sz\u00e9k, a levelest\u00e1r \u00e9s a t\u00f6ml\u00f6c\u00f6k befogad\u00e1s\u00e1ra alkalmas \u00e9p\u00fclet(ek) l\u00e9tes\u00edt\u00e9s\u00e9re. Az \u00f6n\u00e1ll\u00f3s\u00e1g\u00e1t jogilag 1715-ben visszanyer\u0151 v\u00e1rmegye levelest\u00e1ra a kezdetekben a mindenkori alisp\u00e1n, [&hellip;]<\/p>\n","protected":false},"author":1,"featured_media":1369,"parent":239,"menu_order":0,"comment_status":"closed","ping_status":"closed","template":"","meta":[],"acf":[],"yoast_head":"<!-- This site is optimized with the Yoast SEO plugin v19.8 - https:\/\/yoast.com\/wordpress\/plugins\/seo\/ -->\n<title>Lev\u00e9lt\u00e1r - Kaposv\u00e1r Megyei Jog\u00fa V\u00e1ros<\/title>\n<meta name=\"robots\" content=\"index, follow, max-snippet:-1, max-image-preview:large, max-video-preview:-1\" \/>\n<link rel=\"canonical\" href=\"https:\/\/otthon.kaposvar.hu\/hu\/lakossagi-informaciok\/kultura\/leveltar\/\" \/>\n<meta property=\"og:locale\" content=\"hu_HU\" \/>\n<meta property=\"og:type\" content=\"article\" \/>\n<meta property=\"og:title\" content=\"Lev\u00e9lt\u00e1r - Kaposv\u00e1r Megyei Jog\u00fa V\u00e1ros\" \/>\n<meta property=\"og:description\" content=\"Magyar Nemzeti Lev\u00e9lt\u00e1r Somogy V\u00e1rmegyei Lev\u00e9lt\u00e1ra \u00a0 A Magyar Nemzeti Lev\u00e9lt\u00e1r somogyi tagint\u00e9zm\u00e9nye t\u00f6bb mint h\u00e1romsz\u00e1z \u00e9ves m\u00falttal rendelkezik. Az 1723. \u00e9vi LXXIII. t\u00f6rv\u00e9nycikk k\u00f6telezte a v\u00e1rmegy\u00e9ket \u00e1lland\u00f3 sz\u00e9khelyt jelent\u0151, a gy\u0171l\u00e9sek, az \u00edt\u00e9l\u0151sz\u00e9k, a levelest\u00e1r \u00e9s a t\u00f6ml\u00f6c\u00f6k befogad\u00e1s\u00e1ra alkalmas \u00e9p\u00fclet(ek) l\u00e9tes\u00edt\u00e9s\u00e9re. Az \u00f6n\u00e1ll\u00f3s\u00e1g\u00e1t jogilag 1715-ben visszanyer\u0151 v\u00e1rmegye levelest\u00e1ra a kezdetekben a mindenkori alisp\u00e1n, [&hellip;]\" \/>\n<meta property=\"og:url\" content=\"https:\/\/otthon.kaposvar.hu\/hu\/lakossagi-informaciok\/kultura\/leveltar\/\" \/>\n<meta property=\"og:site_name\" content=\"Kaposv\u00e1r Megyei Jog\u00fa V\u00e1ros\" \/>\n<meta property=\"article:publisher\" content=\"https:\/\/www.facebook.com\/cityofkaposvar\/\" \/>\n<meta property=\"article:modified_time\" content=\"2026-02-02T14:17:36+00:00\" \/>\n<meta property=\"og:image\" content=\"https:\/\/otthon.kaposvar.hu\/wp-content\/uploads\/2017\/01\/leveltar.jpg\" \/>\n\t<meta property=\"og:image:width\" content=\"2144\" \/>\n\t<meta property=\"og:image:height\" content=\"1424\" \/>\n\t<meta property=\"og:image:type\" content=\"image\/jpeg\" \/>\n<meta name=\"twitter:card\" content=\"summary_large_image\" \/>\n<meta name=\"twitter:label1\" content=\"Becs\u00fclt olvas\u00e1si id\u0151\" \/>\n\t<meta name=\"twitter:data1\" content=\"5 perc\" \/>\n<script type=\"application\/ld+json\" class=\"yoast-schema-graph\">{\"@context\":\"https:\/\/schema.org\",\"@graph\":[{\"@type\":\"WebPage\",\"@id\":\"https:\/\/otthon.kaposvar.hu\/hu\/lakossagi-informaciok\/kultura\/leveltar\/\",\"url\":\"https:\/\/otthon.kaposvar.hu\/hu\/lakossagi-informaciok\/kultura\/leveltar\/\",\"name\":\"Lev\u00e9lt\u00e1r - Kaposv\u00e1r Megyei Jog\u00fa V\u00e1ros\",\"isPartOf\":{\"@id\":\"https:\/\/otthon.kaposvar.hu\/hu\/#website\"},\"datePublished\":\"2017-01-22T10:49:58+00:00\",\"dateModified\":\"2026-02-02T14:17:36+00:00\",\"breadcrumb\":{\"@id\":\"https:\/\/otthon.kaposvar.hu\/hu\/lakossagi-informaciok\/kultura\/leveltar\/#breadcrumb\"},\"inLanguage\":\"hu\",\"potentialAction\":[{\"@type\":\"ReadAction\",\"target\":[[\"https:\/\/otthon.kaposvar.hu\/hu\/lakossagi-informaciok\/kultura\/leveltar\/\"]]}]},{\"@type\":\"BreadcrumbList\",\"@id\":\"https:\/\/otthon.kaposvar.hu\/hu\/lakossagi-informaciok\/kultura\/leveltar\/#breadcrumb\",\"itemListElement\":[{\"@type\":\"ListItem\",\"position\":1,\"name\":\"Home\",\"item\":\"https:\/\/otthon.kaposvar.hu\/hu\/\"},{\"@type\":\"ListItem\",\"position\":2,\"name\":\"Lakoss\u00e1gi inform\u00e1ci\u00f3k\",\"item\":\"https:\/\/otthon.kaposvar.hu\/hu\/lakossagi-informaciok\/\"},{\"@type\":\"ListItem\",\"position\":3,\"name\":\"Kult\u00fara\",\"item\":\"https:\/\/otthon.kaposvar.hu\/hu\/lakossagi-informaciok\/kultura\/\"},{\"@type\":\"ListItem\",\"position\":4,\"name\":\"Lev\u00e9lt\u00e1r\"}]},{\"@type\":\"WebSite\",\"@id\":\"https:\/\/otthon.kaposvar.hu\/hu\/#website\",\"url\":\"https:\/\/otthon.kaposvar.hu\/hu\/\",\"name\":\"Kaposv\u00e1r Megyei Jog\u00fa V\u00e1ros\",\"description\":\"\",\"publisher\":{\"@id\":\"https:\/\/otthon.kaposvar.hu\/hu\/#organization\"},\"potentialAction\":[{\"@type\":\"SearchAction\",\"target\":{\"@type\":\"EntryPoint\",\"urlTemplate\":\"https:\/\/otthon.kaposvar.hu\/hu\/?s={search_term_string}\"},\"query-input\":\"required name=search_term_string\"}],\"inLanguage\":\"hu\"},{\"@type\":\"Organization\",\"@id\":\"https:\/\/otthon.kaposvar.hu\/hu\/#organization\",\"name\":\"Kaposv\u00e1r Megyei Jog\u00fa V\u00e1ros\",\"url\":\"https:\/\/otthon.kaposvar.hu\/hu\/\",\"sameAs\":[\"https:\/\/www.instagram.com\/cityofkaposvar\/\",\"https:\/\/www.facebook.com\/cityofkaposvar\/\"],\"logo\":{\"@type\":\"ImageObject\",\"inLanguage\":\"hu\",\"@id\":\"https:\/\/otthon.kaposvar.hu\/hu\/#\/schema\/logo\/image\/\",\"url\":\"https:\/\/otthon.kaposvar.hu\/wp-content\/uploads\/2021\/10\/kaposvar_social.jpg\",\"contentUrl\":\"https:\/\/otthon.kaposvar.hu\/wp-content\/uploads\/2021\/10\/kaposvar_social.jpg\",\"width\":1200,\"height\":900,\"caption\":\"Kaposv\u00e1r Megyei Jog\u00fa V\u00e1ros\"},\"image\":{\"@id\":\"https:\/\/otthon.kaposvar.hu\/hu\/#\/schema\/logo\/image\/\"}}]}<\/script>\n<!-- \/ Yoast SEO plugin. -->","yoast_head_json":{"title":"Lev\u00e9lt\u00e1r - Kaposv\u00e1r Megyei Jog\u00fa V\u00e1ros","robots":{"index":"index","follow":"follow","max-snippet":"max-snippet:-1","max-image-preview":"max-image-preview:large","max-video-preview":"max-video-preview:-1"},"canonical":"https:\/\/otthon.kaposvar.hu\/hu\/lakossagi-informaciok\/kultura\/leveltar\/","og_locale":"hu_HU","og_type":"article","og_title":"Lev\u00e9lt\u00e1r - Kaposv\u00e1r Megyei Jog\u00fa V\u00e1ros","og_description":"Magyar Nemzeti Lev\u00e9lt\u00e1r Somogy V\u00e1rmegyei Lev\u00e9lt\u00e1ra \u00a0 A Magyar Nemzeti Lev\u00e9lt\u00e1r somogyi tagint\u00e9zm\u00e9nye t\u00f6bb mint h\u00e1romsz\u00e1z \u00e9ves m\u00falttal rendelkezik. Az 1723. \u00e9vi LXXIII. t\u00f6rv\u00e9nycikk k\u00f6telezte a v\u00e1rmegy\u00e9ket \u00e1lland\u00f3 sz\u00e9khelyt jelent\u0151, a gy\u0171l\u00e9sek, az \u00edt\u00e9l\u0151sz\u00e9k, a levelest\u00e1r \u00e9s a t\u00f6ml\u00f6c\u00f6k befogad\u00e1s\u00e1ra alkalmas \u00e9p\u00fclet(ek) l\u00e9tes\u00edt\u00e9s\u00e9re. Az \u00f6n\u00e1ll\u00f3s\u00e1g\u00e1t jogilag 1715-ben visszanyer\u0151 v\u00e1rmegye levelest\u00e1ra a kezdetekben a mindenkori alisp\u00e1n, [&hellip;]","og_url":"https:\/\/otthon.kaposvar.hu\/hu\/lakossagi-informaciok\/kultura\/leveltar\/","og_site_name":"Kaposv\u00e1r Megyei Jog\u00fa V\u00e1ros","article_publisher":"https:\/\/www.facebook.com\/cityofkaposvar\/","article_modified_time":"2026-02-02T14:17:36+00:00","og_image":[{"width":2144,"height":1424,"url":"https:\/\/otthon.kaposvar.hu\/wp-content\/uploads\/2017\/01\/leveltar.jpg","type":"image\/jpeg"}],"twitter_card":"summary_large_image","twitter_misc":{"Becs\u00fclt olvas\u00e1si id\u0151":"5 perc"},"schema":{"@context":"https:\/\/schema.org","@graph":[{"@type":"WebPage","@id":"https:\/\/otthon.kaposvar.hu\/hu\/lakossagi-informaciok\/kultura\/leveltar\/","url":"https:\/\/otthon.kaposvar.hu\/hu\/lakossagi-informaciok\/kultura\/leveltar\/","name":"Lev\u00e9lt\u00e1r - Kaposv\u00e1r Megyei Jog\u00fa V\u00e1ros","isPartOf":{"@id":"https:\/\/otthon.kaposvar.hu\/hu\/#website"},"datePublished":"2017-01-22T10:49:58+00:00","dateModified":"2026-02-02T14:17:36+00:00","breadcrumb":{"@id":"https:\/\/otthon.kaposvar.hu\/hu\/lakossagi-informaciok\/kultura\/leveltar\/#breadcrumb"},"inLanguage":"hu","potentialAction":[{"@type":"ReadAction","target":[["https:\/\/otthon.kaposvar.hu\/hu\/lakossagi-informaciok\/kultura\/leveltar\/"]]}]},{"@type":"BreadcrumbList","@id":"https:\/\/otthon.kaposvar.hu\/hu\/lakossagi-informaciok\/kultura\/leveltar\/#breadcrumb","itemListElement":[{"@type":"ListItem","position":1,"name":"Home","item":"https:\/\/otthon.kaposvar.hu\/hu\/"},{"@type":"ListItem","position":2,"name":"Lakoss\u00e1gi inform\u00e1ci\u00f3k","item":"https:\/\/otthon.kaposvar.hu\/hu\/lakossagi-informaciok\/"},{"@type":"ListItem","position":3,"name":"Kult\u00fara","item":"https:\/\/otthon.kaposvar.hu\/hu\/lakossagi-informaciok\/kultura\/"},{"@type":"ListItem","position":4,"name":"Lev\u00e9lt\u00e1r"}]},{"@type":"WebSite","@id":"https:\/\/otthon.kaposvar.hu\/hu\/#website","url":"https:\/\/otthon.kaposvar.hu\/hu\/","name":"Kaposv\u00e1r Megyei Jog\u00fa V\u00e1ros","description":"","publisher":{"@id":"https:\/\/otthon.kaposvar.hu\/hu\/#organization"},"potentialAction":[{"@type":"SearchAction","target":{"@type":"EntryPoint","urlTemplate":"https:\/\/otthon.kaposvar.hu\/hu\/?s={search_term_string}"},"query-input":"required name=search_term_string"}],"inLanguage":"hu"},{"@type":"Organization","@id":"https:\/\/otthon.kaposvar.hu\/hu\/#organization","name":"Kaposv\u00e1r Megyei Jog\u00fa V\u00e1ros","url":"https:\/\/otthon.kaposvar.hu\/hu\/","sameAs":["https:\/\/www.instagram.com\/cityofkaposvar\/","https:\/\/www.facebook.com\/cityofkaposvar\/"],"logo":{"@type":"ImageObject","inLanguage":"hu","@id":"https:\/\/otthon.kaposvar.hu\/hu\/#\/schema\/logo\/image\/","url":"https:\/\/otthon.kaposvar.hu\/wp-content\/uploads\/2021\/10\/kaposvar_social.jpg","contentUrl":"https:\/\/otthon.kaposvar.hu\/wp-content\/uploads\/2021\/10\/kaposvar_social.jpg","width":1200,"height":900,"caption":"Kaposv\u00e1r Megyei Jog\u00fa V\u00e1ros"},"image":{"@id":"https:\/\/otthon.kaposvar.hu\/hu\/#\/schema\/logo\/image\/"}}]}},"_links":{"self":[{"href":"https:\/\/otthon.kaposvar.hu\/hu\/wp-json\/wp\/v2\/pages\/249"}],"collection":[{"href":"https:\/\/otthon.kaposvar.hu\/hu\/wp-json\/wp\/v2\/pages"}],"about":[{"href":"https:\/\/otthon.kaposvar.hu\/hu\/wp-json\/wp\/v2\/types\/page"}],"author":[{"embeddable":true,"href":"https:\/\/otthon.kaposvar.hu\/hu\/wp-json\/wp\/v2\/users\/1"}],"replies":[{"embeddable":true,"href":"https:\/\/otthon.kaposvar.hu\/hu\/wp-json\/wp\/v2\/comments?post=249"}],"version-history":[{"count":0,"href":"https:\/\/otthon.kaposvar.hu\/hu\/wp-json\/wp\/v2\/pages\/249\/revisions"}],"up":[{"embeddable":true,"href":"https:\/\/otthon.kaposvar.hu\/hu\/wp-json\/wp\/v2\/pages\/239"}],"wp:featuredmedia":[{"embeddable":true,"href":"https:\/\/otthon.kaposvar.hu\/hu\/wp-json\/wp\/v2\/media\/1369"}],"wp:attachment":[{"href":"https:\/\/otthon.kaposvar.hu\/hu\/wp-json\/wp\/v2\/media?parent=249"}],"curies":[{"name":"wp","href":"https:\/\/api.w.org\/{rel}","templated":true}]}}