{"id":241,"date":"2017-01-22T11:49:05","date_gmt":"2017-01-22T10:49:05","guid":{"rendered":"http:\/\/lakossag.gyori.co.hu\/?page_id=241"},"modified":"2026-02-02T15:12:44","modified_gmt":"2026-02-02T14:12:44","slug":"konyvtar","status":"publish","type":"page","link":"https:\/\/otthon.kaposvar.hu\/hu\/lakossagi-informaciok\/kultura\/konyvtar\/","title":{"rendered":"K\u00f6nyvt\u00e1r"},"content":{"rendered":"<p><\/p>\n<h2 class=\"kv-page-content-title\">Tak\u00e1ts Gyula Megyei Hat\u00f3k\u00f6r\u0171 V\u00e1rosi K\u00f6nyvt\u00e1r<\/h2>\n<h4 class=\"kv-page-content-paragraphtitle\">Int\u00e9zm\u00e9nyvezet\u0151: R\u00e1zsits Veronika<\/h4>\n<p>A kaposv\u00e1ri Tak\u00e1ts Gyula V\u00e1rmegyei Hat\u00f3k\u00f6r\u0171 V\u00e1rosi K\u00f6nyvt\u00e1r Somogy megye leggazdagabb \u00e1llom\u00e1ny\u00fa nyilv\u00e1nos k\u00f6nyvt\u00e1ra, k\u00f6zm\u0171vel\u0151d\u00e9si k\u00f6nyvt\u00e1rainak h\u00e1l\u00f3zati k\u00f6zpontja. Feladata, hogy szolg\u00e1ltat\u00e1saival minden \u00e1llampolg\u00e1r sz\u00e1m\u00e1ra biztos\u00edtsa a m\u0171vel\u0151d\u00e9s, az inform\u00e1ci\u00f3, a t\u00e1j\u00e9koz\u00f3d\u00e1s lehet\u0151s\u00e9g\u00e9t. Alapoz\u00f3 jelleg\u0171 szolg\u00e1ltat\u00e1st ny\u00fajt a lakoss\u00e1g sz\u00e9les r\u00e9tegeinek.<\/p>\n<p>A kr\u00f3nika szerint 1825-ben Festetics L\u00e1szl\u00f3 gr\u00f3f 1000 forintot adom\u00e1nyozott a nemes v\u00e1rmegye kebel\u00e9n fel\u00e1ll\u00edtand\u00f3, a nemzeti nyelv \u00e9s m\u0171vel\u0151d\u00e9s csinosod\u00e1s\u00e1ra szolg\u00e1l\u00f3 \u201eolvas\u00f3 int\u00e9zet\u201d jav\u00e1ra. Az alap\u00edt\u00e1ssal egy id\u0151ben k\u00f6nyvv\u00e1s\u00e1rl\u00f3 bizotts\u00e1g alakult, melynek tagja volt Berzsenyi D\u00e1niel is, aki mint tan\u00e1csad\u00f3 jeleskedett, nem mellesleg pedig az egyik legh\u0171s\u00e9gesebb olvas\u00f3ja is volt a k\u00f6nyvt\u00e1rnak.<\/p>\n<p>A k\u00f6nyvt\u00e1r megalakul\u00e1s\u00e1t\u00f3l 1866-ig a v\u00e1rmegyeh\u00e1z\u00e1n, ut\u00e1na a gimn\u00e1zium \u00e9p\u00fclet\u00e9ben, majd ism\u00e9t a v\u00e1rmegyeh\u00e1z\u00e1n m\u0171k\u00f6d\u00f6tt 1952-ig. A megyei k\u00f6nyvt\u00e1r 1952-ben l\u00e9tes\u00fclt, 1964-ben k\u00f6lt\u00f6z\u00f6tt jelenlegi \u00e9p\u00fclet\u00e9be. Az \u00faj hely mellett \u00faj nevet is kapott (Palmiro Togliatti Megyei K\u00f6nyvt\u00e1r 1990-ig). A megyei, a v\u00e1rosi \u00e9s a szakszervezeti k\u00f6nyvt\u00e1r 1992-ben fuzion\u00e1lt, az \u00f6sszevon\u00e1s ut\u00e1n Kaposv\u00e1r v\u00e1ros \u00e9s a Somogy megyei \u00f6nkorm\u00e1nyzat k\u00f6z\u00f6s fenntart\u00e1s\u00e1ban m\u0171k\u00f6d\u00f6tt tov\u00e1bb. 2012. janu\u00e1r 1-j\u00e9t\u0151l a Somogy Megyei Int\u00e9zm\u00e9nyfenntart\u00f3 K\u00f6zpont fennhat\u00f3s\u00e1ga al\u00e1 ker\u00fclt, 2013. janu\u00e1r 1-j\u00e9t\u0151l pedig Kaposv\u00e1r Megyei Jog\u00fa V\u00e1ros a fenntart\u00f3ja. A k\u00f6zponti k\u00f6nyvt\u00e1ron k\u00edv\u00fcl 2014-t\u0151l egy fi\u00f3kk\u00f6nyvt\u00e1r (Pet\u0151fi Eml\u00e9kk\u00f6nyvt\u00e1r) \u00e1ll az olvas\u00f3k rendelkez\u00e9s\u00e9re.<\/p>\n<p>A k\u00f6nyvt\u00e1r ell\u00e1tja Kaposv\u00e1r v\u00e1ros k\u00f6zk\u00f6nyvt\u00e1ri funkci\u00f3it az alapszolg\u00e1ltat\u00e1sokt\u00f3l a fels\u0151 szint\u0171 k\u00f6nyvt\u00e1ri ell\u00e1t\u00e1s k\u00f6vetelm\u00e9nyeinek teljes\u00edt\u00e9s\u00e9ig. Somogy megye eg\u00e9sz ter\u00fclet\u00e9n r\u00e9szt vesz az olvas\u00f3i ig\u00e9nyek kiel\u00e9g\u00edt\u00e9s\u00e9ben, \u00e9s k\u00f6zvet\u00edti az orsz\u00e1gos nagy- \u00e9s szakk\u00f6nyvt\u00e1rak k\u00f6nyvt\u00e1rk\u00f6zi szolg\u00e1ltat\u00e1sait, t\u00e1maszkodik e k\u00f6nyvt\u00e1rak speci\u00e1lis gy\u0171jtem\u00e9nyeire. A Tak\u00e1ts Gyula V\u00e1rmegyei Hat\u00f3k\u00f6r\u0171 V\u00e1rosi K\u00f6nyvt\u00e1r mint t\u00e1j\u00e9koztat\u00f3 k\u00f6zpont saj\u00e1t int\u00e9zm\u00e9ny\u00e9n bel\u00fcl k\u00f6z\u00e9rdek\u0171 inform\u00e1ci\u00f3s szolg\u00e1latot vezet. K\u00f6nyvt\u00e1runk a KSZR keret\u00e9ben a k\u00f6nyvt\u00e1rak szolg\u00e1ltat\u00e1sainak ell\u00e1t\u00e1s\u00e1ban koordin\u00e1tori szerepet t\u00f6lt be, de az orsz\u00e1ghat\u00e1rokon t\u00fali k\u00f6nyvt\u00e1ri rendszerek ir\u00e1ny\u00e1ban is nyitott. A k\u00f6nyvt\u00e1rosk\u00e9pz\u0151, -tov\u00e1bbk\u00e9pz\u0151 int\u00e9zm\u00e9nyekkel egy\u00fcttm\u0171k\u00f6dve ir\u00e1ny\u00edtja, seg\u00edti a k\u00e9pz\u00e9sben, tov\u00e1bbk\u00e9pz\u00e9sben r\u00e9szt vev\u0151 hallgat\u00f3kat, munkat\u00e1rsakat. A k\u00f6nyvt\u00e1r k\u00f6nyvk\u00f6t\u00e9szet\u00e9ben az ig\u00e9nyess\u00e9gre t\u00f6rekszik, kultur\u00e1lis rendezv\u00e9nyeivel, k\u00f6nyvbemutat\u00f3ival, k\u00f6nyvt\u00e1rhaszn\u00e1lati foglalkoz\u00e1saival az olvas\u00e1skult\u00fara fejleszt\u00e9s\u00e9t seg\u00edti, az irodalom, a sokoldal\u00fa m\u0171vel\u0151d\u00e9s \u00e9s a sz\u00e9les k\u00f6r\u0171 ismeretszerz\u00e9s n\u00e9pszer\u0171s\u00edt\u00e9s\u00e9t szolg\u00e1lja.<\/p>\n<div class=\"kv-page-margin-1\">\u00a0<\/div>\n<h3 class=\"kv-page-content-subtitle\">El\u00e9rhet\u0151s\u00e9gek<\/h3>\n<p class=\"kv-page-content-paragraph\">Tak\u00e1ts Gyula Megyei Hat\u00f3k\u00f6r\u0171 V\u00e1rosi K\u00f6nyvt\u00e1r<br \/>\n7400 Kaposv\u00e1r, Csokonai utca 4.<br \/>\nTel: +36 (82) 527 350, fax: +36 (82) 527 358<br \/>\nE-mail: mvkk@konyvtar.mvkkvar.hu<br \/>\nHonlap: www.mvkkvar.hu<\/p>\n<div class=\"kv-page-margin-1\">\u00a0<\/div>\n<h3 class=\"kv-page-content-subtitle\">Nyitvatart\u00e1s (a ny\u00e1ri id\u0151szakban v\u00e1ltozhat!)<\/h3>\n<p class=\"kv-page-content-paragraph\">H\u00e9tf\u0151: 9\u201319<br \/>\nKedd: 12\u201316<br \/>\nSzerda: 9\u201319<br \/>\nCs\u00fct\u00f6rt\u00f6k: 9\u201319<br \/>\nP\u00e9ntek: 9\u201319<br \/>\nSzombat: 9\u201313<\/p>\n<div class=\"kv-page-margin-1\">\u00a0<\/div>\n<h3 class=\"kv-page-content-subtitle\">Szolg\u00e1ltat\u00e1sok<\/h3>\n<p>K\u00f6lcs\u00f6nz\u00e9s (k\u00f6nyv, foly\u00f3irat, CD, DVD, hangosk\u00f6nyv); dokumentumok helyben haszn\u00e1lata; k\u00f6nyvt\u00e1rk\u00f6zi k\u00f6lcs\u00f6nz\u00e9s; el\u0151jegyz\u00e9s; irodalomkutat\u00e1s; t\u00e9mafigyel\u00e9s; sz\u00e1m\u00edt\u00f3g\u00e9pes inform\u00e1ci\u00f3keres\u00e9s: on-line \u00e9s off-line adatb\u00e1zisok (p\u00e9ld\u00e1ul Jogt\u00e1r, Arcanum Digit\u00e1lis Tudom\u00e1nyt\u00e1r), Somogyi Elektronikus K\u00f6nyvt\u00e1r, internethaszn\u00e1lat, ingyenes wifi, rendezv\u00e9nyszervez\u00e9s.<\/p>\n<h2 class=\"kv-page-content-title\">Pet\u0151fi S\u00e1ndor Eml\u00e9kk\u00f6nyvt\u00e1r<\/h2>\n<h4 class=\"kv-page-content-paragraphtitle\">K\u00f6nyvt\u00e1ros: Zsid\u00e1kovits Zita<\/h4>\n<p class=\"kv-page-content-paragraph\">7400 Kaposv\u00e1r, Honv\u00e9d utca 1.<br \/>\nTelefon: +36 (82) 320 232<br \/>\nE-mail: petofikt@konyvtar.mvkkvar.hu<br \/>\nHonlap: www.mvkkvar.hu\/fiok\/petofi<\/p>\n<h3 class=\"kv-page-content-subtitle\">Nyitva tart\u00e1s<\/h3>\n<p class=\"kv-page-content-paragraph\">H\u00e9tf\u0151: 9\u201318<br \/>\nKedd: sz\u00fcnnap<br \/>\nSzerda: 9\u201318<br \/>\nCs\u00fct\u00f6rt\u00f6k: 9\u201318<br \/>\nP\u00e9ntek: 9\u201318<\/p>\n<p class=\"kv-page-content-paragraph\"><em>Eb\u00e9dsz\u00fcnet: 12\u201313<\/em><\/p>\n<div class=\"kv-page-margin-1\">\u00a0<\/div>\n<h3 class=\"kv-page-content-subtitle\">Szolg\u00e1ltat\u00e1sok<\/h3>\n<p class=\"kv-page-content-paragraph\">k\u00f6lcs\u00f6nz\u00e9s<br \/>\nhelyben haszn\u00e1lat<br \/>\nf\u00e9nym\u00e1sol\u00e1s<br \/>\ninternethaszn\u00e1lat<br \/>\nfaxk\u00fcld\u00e9s<\/p>\n<div class=\"kv-page-margin-1\">\u00a0<\/div>\n<p><\/p>","protected":false},"excerpt":{"rendered":"<p>Tak\u00e1ts Gyula Megyei Hat\u00f3k\u00f6r\u0171 V\u00e1rosi K\u00f6nyvt\u00e1r Int\u00e9zm\u00e9nyvezet\u0151: R\u00e1zsits Veronika A kaposv\u00e1ri Tak\u00e1ts Gyula V\u00e1rmegyei Hat\u00f3k\u00f6r\u0171 V\u00e1rosi K\u00f6nyvt\u00e1r Somogy megye leggazdagabb \u00e1llom\u00e1ny\u00fa nyilv\u00e1nos k\u00f6nyvt\u00e1ra, k\u00f6zm\u0171vel\u0151d\u00e9si k\u00f6nyvt\u00e1rainak h\u00e1l\u00f3zati k\u00f6zpontja. Feladata, hogy szolg\u00e1ltat\u00e1saival minden \u00e1llampolg\u00e1r sz\u00e1m\u00e1ra biztos\u00edtsa a m\u0171vel\u0151d\u00e9s, az inform\u00e1ci\u00f3, a t\u00e1j\u00e9koz\u00f3d\u00e1s lehet\u0151s\u00e9g\u00e9t. Alapoz\u00f3 jelleg\u0171 szolg\u00e1ltat\u00e1st ny\u00fajt a lakoss\u00e1g sz\u00e9les r\u00e9tegeinek. A kr\u00f3nika szerint 1825-ben Festetics L\u00e1szl\u00f3 [&hellip;]<\/p>\n","protected":false},"author":1,"featured_media":1361,"parent":239,"menu_order":0,"comment_status":"closed","ping_status":"closed","template":"","meta":[],"acf":[],"yoast_head":"<!-- This site is optimized with the Yoast SEO plugin v19.8 - https:\/\/yoast.com\/wordpress\/plugins\/seo\/ -->\n<title>K\u00f6nyvt\u00e1r - Kaposv\u00e1r Megyei Jog\u00fa V\u00e1ros<\/title>\n<meta name=\"robots\" content=\"index, follow, max-snippet:-1, max-image-preview:large, max-video-preview:-1\" \/>\n<link rel=\"canonical\" href=\"https:\/\/otthon.kaposvar.hu\/hu\/lakossagi-informaciok\/kultura\/konyvtar\/\" \/>\n<meta property=\"og:locale\" content=\"hu_HU\" \/>\n<meta property=\"og:type\" content=\"article\" \/>\n<meta property=\"og:title\" content=\"K\u00f6nyvt\u00e1r - Kaposv\u00e1r Megyei Jog\u00fa V\u00e1ros\" \/>\n<meta property=\"og:description\" content=\"Tak\u00e1ts Gyula Megyei Hat\u00f3k\u00f6r\u0171 V\u00e1rosi K\u00f6nyvt\u00e1r Int\u00e9zm\u00e9nyvezet\u0151: R\u00e1zsits Veronika A kaposv\u00e1ri Tak\u00e1ts Gyula V\u00e1rmegyei Hat\u00f3k\u00f6r\u0171 V\u00e1rosi K\u00f6nyvt\u00e1r Somogy megye leggazdagabb \u00e1llom\u00e1ny\u00fa nyilv\u00e1nos k\u00f6nyvt\u00e1ra, k\u00f6zm\u0171vel\u0151d\u00e9si k\u00f6nyvt\u00e1rainak h\u00e1l\u00f3zati k\u00f6zpontja. Feladata, hogy szolg\u00e1ltat\u00e1saival minden \u00e1llampolg\u00e1r sz\u00e1m\u00e1ra biztos\u00edtsa a m\u0171vel\u0151d\u00e9s, az inform\u00e1ci\u00f3, a t\u00e1j\u00e9koz\u00f3d\u00e1s lehet\u0151s\u00e9g\u00e9t. Alapoz\u00f3 jelleg\u0171 szolg\u00e1ltat\u00e1st ny\u00fajt a lakoss\u00e1g sz\u00e9les r\u00e9tegeinek. A kr\u00f3nika szerint 1825-ben Festetics L\u00e1szl\u00f3 [&hellip;]\" \/>\n<meta property=\"og:url\" content=\"https:\/\/otthon.kaposvar.hu\/hu\/lakossagi-informaciok\/kultura\/konyvtar\/\" \/>\n<meta property=\"og:site_name\" content=\"Kaposv\u00e1r Megyei Jog\u00fa V\u00e1ros\" \/>\n<meta property=\"article:publisher\" content=\"https:\/\/www.facebook.com\/cityofkaposvar\/\" \/>\n<meta property=\"article:modified_time\" content=\"2026-02-02T14:12:44+00:00\" \/>\n<meta property=\"og:image\" content=\"https:\/\/otthon.kaposvar.hu\/wp-content\/uploads\/2017\/01\/konyvtar.jpg\" \/>\n\t<meta property=\"og:image:width\" content=\"1920\" \/>\n\t<meta property=\"og:image:height\" content=\"1280\" \/>\n\t<meta property=\"og:image:type\" content=\"image\/jpeg\" \/>\n<meta name=\"twitter:card\" content=\"summary_large_image\" \/>\n<meta name=\"twitter:label1\" content=\"Becs\u00fclt olvas\u00e1si id\u0151\" \/>\n\t<meta name=\"twitter:data1\" content=\"4 perc\" \/>\n<script type=\"application\/ld+json\" class=\"yoast-schema-graph\">{\"@context\":\"https:\/\/schema.org\",\"@graph\":[{\"@type\":\"WebPage\",\"@id\":\"https:\/\/otthon.kaposvar.hu\/hu\/lakossagi-informaciok\/kultura\/konyvtar\/\",\"url\":\"https:\/\/otthon.kaposvar.hu\/hu\/lakossagi-informaciok\/kultura\/konyvtar\/\",\"name\":\"K\u00f6nyvt\u00e1r - Kaposv\u00e1r Megyei Jog\u00fa V\u00e1ros\",\"isPartOf\":{\"@id\":\"https:\/\/otthon.kaposvar.hu\/hu\/#website\"},\"datePublished\":\"2017-01-22T10:49:05+00:00\",\"dateModified\":\"2026-02-02T14:12:44+00:00\",\"breadcrumb\":{\"@id\":\"https:\/\/otthon.kaposvar.hu\/hu\/lakossagi-informaciok\/kultura\/konyvtar\/#breadcrumb\"},\"inLanguage\":\"hu\",\"potentialAction\":[{\"@type\":\"ReadAction\",\"target\":[[\"https:\/\/otthon.kaposvar.hu\/hu\/lakossagi-informaciok\/kultura\/konyvtar\/\"]]}]},{\"@type\":\"BreadcrumbList\",\"@id\":\"https:\/\/otthon.kaposvar.hu\/hu\/lakossagi-informaciok\/kultura\/konyvtar\/#breadcrumb\",\"itemListElement\":[{\"@type\":\"ListItem\",\"position\":1,\"name\":\"Home\",\"item\":\"https:\/\/otthon.kaposvar.hu\/hu\/\"},{\"@type\":\"ListItem\",\"position\":2,\"name\":\"Lakoss\u00e1gi inform\u00e1ci\u00f3k\",\"item\":\"https:\/\/otthon.kaposvar.hu\/hu\/lakossagi-informaciok\/\"},{\"@type\":\"ListItem\",\"position\":3,\"name\":\"Kult\u00fara\",\"item\":\"https:\/\/otthon.kaposvar.hu\/hu\/lakossagi-informaciok\/kultura\/\"},{\"@type\":\"ListItem\",\"position\":4,\"name\":\"K\u00f6nyvt\u00e1r\"}]},{\"@type\":\"WebSite\",\"@id\":\"https:\/\/otthon.kaposvar.hu\/hu\/#website\",\"url\":\"https:\/\/otthon.kaposvar.hu\/hu\/\",\"name\":\"Kaposv\u00e1r Megyei Jog\u00fa V\u00e1ros\",\"description\":\"\",\"publisher\":{\"@id\":\"https:\/\/otthon.kaposvar.hu\/hu\/#organization\"},\"potentialAction\":[{\"@type\":\"SearchAction\",\"target\":{\"@type\":\"EntryPoint\",\"urlTemplate\":\"https:\/\/otthon.kaposvar.hu\/hu\/?s={search_term_string}\"},\"query-input\":\"required name=search_term_string\"}],\"inLanguage\":\"hu\"},{\"@type\":\"Organization\",\"@id\":\"https:\/\/otthon.kaposvar.hu\/hu\/#organization\",\"name\":\"Kaposv\u00e1r Megyei Jog\u00fa V\u00e1ros\",\"url\":\"https:\/\/otthon.kaposvar.hu\/hu\/\",\"sameAs\":[\"https:\/\/www.instagram.com\/cityofkaposvar\/\",\"https:\/\/www.facebook.com\/cityofkaposvar\/\"],\"logo\":{\"@type\":\"ImageObject\",\"inLanguage\":\"hu\",\"@id\":\"https:\/\/otthon.kaposvar.hu\/hu\/#\/schema\/logo\/image\/\",\"url\":\"https:\/\/otthon.kaposvar.hu\/wp-content\/uploads\/2021\/10\/kaposvar_social.jpg\",\"contentUrl\":\"https:\/\/otthon.kaposvar.hu\/wp-content\/uploads\/2021\/10\/kaposvar_social.jpg\",\"width\":1200,\"height\":900,\"caption\":\"Kaposv\u00e1r Megyei Jog\u00fa V\u00e1ros\"},\"image\":{\"@id\":\"https:\/\/otthon.kaposvar.hu\/hu\/#\/schema\/logo\/image\/\"}}]}<\/script>\n<!-- \/ Yoast SEO plugin. -->","yoast_head_json":{"title":"K\u00f6nyvt\u00e1r - Kaposv\u00e1r Megyei Jog\u00fa V\u00e1ros","robots":{"index":"index","follow":"follow","max-snippet":"max-snippet:-1","max-image-preview":"max-image-preview:large","max-video-preview":"max-video-preview:-1"},"canonical":"https:\/\/otthon.kaposvar.hu\/hu\/lakossagi-informaciok\/kultura\/konyvtar\/","og_locale":"hu_HU","og_type":"article","og_title":"K\u00f6nyvt\u00e1r - Kaposv\u00e1r Megyei Jog\u00fa V\u00e1ros","og_description":"Tak\u00e1ts Gyula Megyei Hat\u00f3k\u00f6r\u0171 V\u00e1rosi K\u00f6nyvt\u00e1r Int\u00e9zm\u00e9nyvezet\u0151: R\u00e1zsits Veronika A kaposv\u00e1ri Tak\u00e1ts Gyula V\u00e1rmegyei Hat\u00f3k\u00f6r\u0171 V\u00e1rosi K\u00f6nyvt\u00e1r Somogy megye leggazdagabb \u00e1llom\u00e1ny\u00fa nyilv\u00e1nos k\u00f6nyvt\u00e1ra, k\u00f6zm\u0171vel\u0151d\u00e9si k\u00f6nyvt\u00e1rainak h\u00e1l\u00f3zati k\u00f6zpontja. Feladata, hogy szolg\u00e1ltat\u00e1saival minden \u00e1llampolg\u00e1r sz\u00e1m\u00e1ra biztos\u00edtsa a m\u0171vel\u0151d\u00e9s, az inform\u00e1ci\u00f3, a t\u00e1j\u00e9koz\u00f3d\u00e1s lehet\u0151s\u00e9g\u00e9t. Alapoz\u00f3 jelleg\u0171 szolg\u00e1ltat\u00e1st ny\u00fajt a lakoss\u00e1g sz\u00e9les r\u00e9tegeinek. A kr\u00f3nika szerint 1825-ben Festetics L\u00e1szl\u00f3 [&hellip;]","og_url":"https:\/\/otthon.kaposvar.hu\/hu\/lakossagi-informaciok\/kultura\/konyvtar\/","og_site_name":"Kaposv\u00e1r Megyei Jog\u00fa V\u00e1ros","article_publisher":"https:\/\/www.facebook.com\/cityofkaposvar\/","article_modified_time":"2026-02-02T14:12:44+00:00","og_image":[{"width":1920,"height":1280,"url":"https:\/\/otthon.kaposvar.hu\/wp-content\/uploads\/2017\/01\/konyvtar.jpg","type":"image\/jpeg"}],"twitter_card":"summary_large_image","twitter_misc":{"Becs\u00fclt olvas\u00e1si id\u0151":"4 perc"},"schema":{"@context":"https:\/\/schema.org","@graph":[{"@type":"WebPage","@id":"https:\/\/otthon.kaposvar.hu\/hu\/lakossagi-informaciok\/kultura\/konyvtar\/","url":"https:\/\/otthon.kaposvar.hu\/hu\/lakossagi-informaciok\/kultura\/konyvtar\/","name":"K\u00f6nyvt\u00e1r - Kaposv\u00e1r Megyei Jog\u00fa V\u00e1ros","isPartOf":{"@id":"https:\/\/otthon.kaposvar.hu\/hu\/#website"},"datePublished":"2017-01-22T10:49:05+00:00","dateModified":"2026-02-02T14:12:44+00:00","breadcrumb":{"@id":"https:\/\/otthon.kaposvar.hu\/hu\/lakossagi-informaciok\/kultura\/konyvtar\/#breadcrumb"},"inLanguage":"hu","potentialAction":[{"@type":"ReadAction","target":[["https:\/\/otthon.kaposvar.hu\/hu\/lakossagi-informaciok\/kultura\/konyvtar\/"]]}]},{"@type":"BreadcrumbList","@id":"https:\/\/otthon.kaposvar.hu\/hu\/lakossagi-informaciok\/kultura\/konyvtar\/#breadcrumb","itemListElement":[{"@type":"ListItem","position":1,"name":"Home","item":"https:\/\/otthon.kaposvar.hu\/hu\/"},{"@type":"ListItem","position":2,"name":"Lakoss\u00e1gi inform\u00e1ci\u00f3k","item":"https:\/\/otthon.kaposvar.hu\/hu\/lakossagi-informaciok\/"},{"@type":"ListItem","position":3,"name":"Kult\u00fara","item":"https:\/\/otthon.kaposvar.hu\/hu\/lakossagi-informaciok\/kultura\/"},{"@type":"ListItem","position":4,"name":"K\u00f6nyvt\u00e1r"}]},{"@type":"WebSite","@id":"https:\/\/otthon.kaposvar.hu\/hu\/#website","url":"https:\/\/otthon.kaposvar.hu\/hu\/","name":"Kaposv\u00e1r Megyei Jog\u00fa V\u00e1ros","description":"","publisher":{"@id":"https:\/\/otthon.kaposvar.hu\/hu\/#organization"},"potentialAction":[{"@type":"SearchAction","target":{"@type":"EntryPoint","urlTemplate":"https:\/\/otthon.kaposvar.hu\/hu\/?s={search_term_string}"},"query-input":"required name=search_term_string"}],"inLanguage":"hu"},{"@type":"Organization","@id":"https:\/\/otthon.kaposvar.hu\/hu\/#organization","name":"Kaposv\u00e1r Megyei Jog\u00fa V\u00e1ros","url":"https:\/\/otthon.kaposvar.hu\/hu\/","sameAs":["https:\/\/www.instagram.com\/cityofkaposvar\/","https:\/\/www.facebook.com\/cityofkaposvar\/"],"logo":{"@type":"ImageObject","inLanguage":"hu","@id":"https:\/\/otthon.kaposvar.hu\/hu\/#\/schema\/logo\/image\/","url":"https:\/\/otthon.kaposvar.hu\/wp-content\/uploads\/2021\/10\/kaposvar_social.jpg","contentUrl":"https:\/\/otthon.kaposvar.hu\/wp-content\/uploads\/2021\/10\/kaposvar_social.jpg","width":1200,"height":900,"caption":"Kaposv\u00e1r Megyei Jog\u00fa V\u00e1ros"},"image":{"@id":"https:\/\/otthon.kaposvar.hu\/hu\/#\/schema\/logo\/image\/"}}]}},"_links":{"self":[{"href":"https:\/\/otthon.kaposvar.hu\/hu\/wp-json\/wp\/v2\/pages\/241"}],"collection":[{"href":"https:\/\/otthon.kaposvar.hu\/hu\/wp-json\/wp\/v2\/pages"}],"about":[{"href":"https:\/\/otthon.kaposvar.hu\/hu\/wp-json\/wp\/v2\/types\/page"}],"author":[{"embeddable":true,"href":"https:\/\/otthon.kaposvar.hu\/hu\/wp-json\/wp\/v2\/users\/1"}],"replies":[{"embeddable":true,"href":"https:\/\/otthon.kaposvar.hu\/hu\/wp-json\/wp\/v2\/comments?post=241"}],"version-history":[{"count":0,"href":"https:\/\/otthon.kaposvar.hu\/hu\/wp-json\/wp\/v2\/pages\/241\/revisions"}],"up":[{"embeddable":true,"href":"https:\/\/otthon.kaposvar.hu\/hu\/wp-json\/wp\/v2\/pages\/239"}],"wp:featuredmedia":[{"embeddable":true,"href":"https:\/\/otthon.kaposvar.hu\/hu\/wp-json\/wp\/v2\/media\/1361"}],"wp:attachment":[{"href":"https:\/\/otthon.kaposvar.hu\/hu\/wp-json\/wp\/v2\/media?parent=241"}],"curies":[{"name":"wp","href":"https:\/\/api.w.org\/{rel}","templated":true}]}}