{"id":235,"date":"2017-01-22T11:48:06","date_gmt":"2017-01-22T10:48:06","guid":{"rendered":"http:\/\/lakossag.gyori.co.hu\/?page_id=235"},"modified":"2024-02-27T09:16:49","modified_gmt":"2024-02-27T08:16:49","slug":"kollegiumok","status":"publish","type":"page","link":"https:\/\/otthon.kaposvar.hu\/hu\/lakossagi-informaciok\/oktatas\/kollegiumok\/","title":{"rendered":"Koll\u00e9giumok"},"content":{"rendered":"<p><\/p>\n<h2 class=\"kv-page-content-title\">PTE\u2013ETK Kaposv\u00e1ri Koll\u00e9gium<\/h2>\n<p class=\"kv-page-content-paragraph\">7400 Kaposv\u00e1r, Szent Imre utca 14\/B<br \/>\nTelefon: +36 (72) 501 500 \/ 12014. mell\u00e9k<br \/>\nE-mail: <a href=\"mailto:elnokititkarsag.ehok@pte.hu\">elnokititkarsag.ehok@pte.hu<\/a><br \/>\nHonlap: <a href=\"http:\/\/www.pteehok.hu\/kollegiumok\/videki-kollegiumok\" target=\"_blank\" rel=\"noopener\">www.pteehok.hu<\/a><\/p>\n<div class=\"kv-page-margin-05\">\u00a0<\/div>\n<h2 class=\"kv-page-content-title\">Kaffka Margit Koll\u00e9gium<\/h2>\n<p class=\"kv-page-content-paragraph\">7400 Kaposv\u00e1r, Bajcsy-Zsilinszky utca 6.<br \/>\nTelefon: +36 (82) 502 517<br \/>\nE-mail: <a href=\"mailto:kolber.kitti@uni-mate.hu\">kolber.kitti@uni-mate.hu<\/a><br \/>\nHonlap: <a href=\"http:\/\/kaposvaricampus.uni-mate.hu\/kollegiumok\" target=\"_blank\" rel=\"noopener\">kaposvaricampus.uni-mate.hu<\/a><\/p>\n<div class=\"kv-page-margin-05\">\u00a0<\/div>\n<h2 class=\"kv-page-content-title\">MATE Kaposv\u00e1ri Campus: \u00daj Koll\u00e9gium<\/h2>\n<p class=\"kv-page-content-paragraph\">7400 Kaposv\u00e1r, Guba S\u00e1ndor utca 40.<br \/>\nTelefon: +36 (82) 505 832<br \/>\nE-mail: <a href=\"mailto:kolber.kitti@uni-mate.hu\">kolber.kitti@uni-mate.hu<\/a><br \/>\nHonlap: <a href=\"http:\/\/kaposvaricampus.uni-mate.hu\/kollegiumok\" target=\"_blank\" rel=\"noopener\">kaposvaricampus.uni-mate.hu<\/a><\/p>\n<div class=\"kv-page-margin-05\">\u00a0<\/div>\n<h2 class=\"kv-page-content-title\">MATE Kaposv\u00e1ri Campus: Csuk\u00e1s Zolt\u00e1n Koll\u00e9gium<\/h2>\n<p class=\"kv-page-content-paragraph\">7400 Kaposv\u00e1r, Guba S\u00e1ndor utca 40.<br \/>\nTelefon: +36 (82) 505 832<br \/>\nE-mail: <a href=\"mailto:kolber.kitti@uni-mate.hu\">kolber.kitti@uni-mate.hu<\/a><br \/>\nHonlap: <a href=\"http:\/\/kaposvaricampus.uni-mate.hu\/kollegiumok\" target=\"_blank\" rel=\"noopener\">kaposvaricampus.uni-mate.hu<\/a><\/p>\n<div class=\"kv-page-margin-05\">\u00a0<\/div>\n<h2 class=\"kv-page-content-title\">Kaposv\u00e1ri SZC E\u00f6tv\u00f6s Lor\u00e1nd M\u0171szaki Technikum \u00e9s Koll\u00e9giuma<\/h2>\n<p class=\"kv-page-content-paragraph\">7400 Kaposv\u00e1r, P\u00e1zm\u00e1ny P\u00e9ter utca 17.<br \/>\nTelefon: +36 (82) 318 525, +36 (82) 310 614<br \/>\nE-mail: <a href=\"mailto:kaposvari.eotvos@gmail.com\">kaposvari.eotvos@gmail.com<\/a><br \/>\nHonlap: <a href=\"http:\/\/elmki.edu.hu\" target=\"_blank\" rel=\"noopener\">elmki.edu.hu<\/a><\/p>\n<div class=\"kv-page-margin-05\">\u00a0<\/div>\n<h2 class=\"kv-page-content-title\">Klebelsberg K\u00f6z\u00e9piskolai Koll\u00e9gium<\/h2>\n<p class=\"kv-page-content-paragraph\">7400 Kaposv\u00e1r, \u00c1lmos vez\u00e9r utca 1.<br \/>\nTelefon: +36 (82) 555 902<br \/>\nE-mail: <a href=\"mailto:titkarsag@klebi.edu.hu\">titkarsag@klebi.edu.hu<\/a><br \/>\nHonlap: <a href=\"http:\/\/klebi.edu.hu\" target=\"_blank\" rel=\"noopener\">klebi.edu.hu<\/a><\/p>\n<div class=\"kv-page-margin-05\">\u00a0<\/div>\n<h2 class=\"kv-page-content-title\">Dur\u00e1czky J\u00f3zsef EGYMI<\/h2>\n<p class=\"kv-page-content-paragraph\"><em>(sz\u00e1ll\u00e1s korl\u00e1tozott sz\u00e1mban, el\u0151re bejelentkez\u00e9ssel)<\/em><br \/>\n7400 Kaposv\u00e1r, Somssich P\u00e1l utca 8.<br \/>\nTelefon: +36 (82) 527 430<br \/>\nE-mail: <a href=\"mailto:gyurina.eva@liveedu.duraczky.hu\">gyurina.eva@liveedu.duraczky.hu<\/a><br \/>\nHonlap: <a href=\"http:\/\/www.duraczky.hu\/szervezetek\/kollegium\/kollegium\/\" target=\"_blank\" rel=\"noopener\">www.duraczky.hu<\/a><\/p>\n<div class=\"kv-page-margin-05\">\u00a0<\/div>\n<h2 class=\"kv-page-content-title\">Cseri \u00dati Koll\u00e9gium<\/h2>\n<p class=\"kv-page-content-paragraph\">7400 Kaposv\u00e1r, Cseri \u00fat 14.<br \/>\nTelefon: +36 (82) 222 914<br \/>\nE-mail: <a href=\"mailto:cseriutikollegium@gmail.com\">cseriutikollegium@gmail.com<\/a><br \/>\nHonlap: <a href=\"http:\/\/www.cseriutikollegium.hu\" target=\"_blank\" rel=\"noopener\">www.cseriutikollegium.hu<\/a><\/p>\n<div class=\"kv-page-margin-05\">\u00a0<\/div>\n<h2 class=\"kv-page-content-title\">Zichy Mih\u00e1ly Iparm\u0171v\u00e9szeti Technikum \u00e9s Koll\u00e9gium<\/h2>\n<p class=\"kv-page-content-paragraph\">7400 Kaposv\u00e1r, Sz\u00e1nt\u00f3 utca 11.<br \/>\nTelefon: +36 (82) 527 340 \/ 119. mell\u00e9k<br \/>\nHonlap: <a href=\"http:\/\/www.kapos-zichy.hu\/index.php\/kollegium\" target=\"_blank\" rel=\"noopener\">www.kapos-zichy.hu<\/a><\/p>\n<div class=\"kv-page-margin-05\">\u00a0<\/div>\n<h2 class=\"kv-page-content-title\">D\u00e9li ASZC M\u00f3ricz Zsigmond Mez\u0151gazdas\u00e1gi Technikum, Szakk\u00e9pz\u0151 Iskola \u00e9s Koll\u00e9gium<\/h2>\n<p class=\"kv-page-content-paragraph\">7400 Kaposv\u00e1r, Guba S\u00e1ndor utca 40.<br \/>\nTelefon: +36 (82) 510 601<br \/>\nHonlap: <a href=\"http:\/\/www.mezgaz.hu\/kollegium\/\" target=\"_blank\" rel=\"noopener\">www.mezgaz.hu<\/a><\/p>\n<div class=\"kv-page-margin-1\">\u00a0<\/div>\n<p><\/p>","protected":false},"excerpt":{"rendered":"<p>PTE\u2013ETK Kaposv\u00e1ri Koll\u00e9gium 7400 Kaposv\u00e1r, Szent Imre utca 14\/B Telefon: +36 (72) 501 500 \/ 12014. mell\u00e9k E-mail: elnokititkarsag.ehok@pte.hu Honlap: www.pteehok.hu \u00a0 Kaffka Margit Koll\u00e9gium 7400 Kaposv\u00e1r, Bajcsy-Zsilinszky utca 6. Telefon: +36 (82) 502 517 E-mail: kolber.kitti@uni-mate.hu Honlap: kaposvaricampus.uni-mate.hu \u00a0 MATE Kaposv\u00e1ri Campus: \u00daj Koll\u00e9gium 7400 Kaposv\u00e1r, Guba S\u00e1ndor utca 40. Telefon: +36 (82) 505 [&hellip;]<\/p>\n","protected":false},"author":1,"featured_media":1537,"parent":223,"menu_order":0,"comment_status":"closed","ping_status":"closed","template":"","meta":[],"acf":[],"yoast_head":"<!-- This site is optimized with the Yoast SEO plugin v19.8 - https:\/\/yoast.com\/wordpress\/plugins\/seo\/ -->\n<title>Koll\u00e9giumok - Kaposv\u00e1r Megyei Jog\u00fa V\u00e1ros<\/title>\n<meta name=\"robots\" content=\"index, follow, max-snippet:-1, max-image-preview:large, max-video-preview:-1\" \/>\n<link rel=\"canonical\" href=\"https:\/\/otthon.kaposvar.hu\/hu\/lakossagi-informaciok\/oktatas\/kollegiumok\/\" \/>\n<meta property=\"og:locale\" content=\"hu_HU\" \/>\n<meta property=\"og:type\" content=\"article\" \/>\n<meta property=\"og:title\" content=\"Koll\u00e9giumok - Kaposv\u00e1r Megyei Jog\u00fa V\u00e1ros\" \/>\n<meta property=\"og:description\" content=\"PTE\u2013ETK Kaposv\u00e1ri Koll\u00e9gium 7400 Kaposv\u00e1r, Szent Imre utca 14\/B Telefon: +36 (72) 501 500 \/ 12014. mell\u00e9k E-mail: elnokititkarsag.ehok@pte.hu Honlap: www.pteehok.hu \u00a0 Kaffka Margit Koll\u00e9gium 7400 Kaposv\u00e1r, Bajcsy-Zsilinszky utca 6. Telefon: +36 (82) 502 517 E-mail: kolber.kitti@uni-mate.hu Honlap: kaposvaricampus.uni-mate.hu \u00a0 MATE Kaposv\u00e1ri Campus: \u00daj Koll\u00e9gium 7400 Kaposv\u00e1r, Guba S\u00e1ndor utca 40. Telefon: +36 (82) 505 [&hellip;]\" \/>\n<meta property=\"og:url\" content=\"https:\/\/otthon.kaposvar.hu\/hu\/lakossagi-informaciok\/oktatas\/kollegiumok\/\" \/>\n<meta property=\"og:site_name\" content=\"Kaposv\u00e1r Megyei Jog\u00fa V\u00e1ros\" \/>\n<meta property=\"article:publisher\" content=\"https:\/\/www.facebook.com\/cityofkaposvar\/\" \/>\n<meta property=\"article:modified_time\" content=\"2024-02-27T08:16:49+00:00\" \/>\n<meta property=\"og:image\" content=\"https:\/\/otthon.kaposvar.hu\/wp-content\/uploads\/2017\/01\/klebelsberg_web.jpg\" \/>\n\t<meta property=\"og:image:width\" content=\"2000\" \/>\n\t<meta property=\"og:image:height\" content=\"1500\" \/>\n\t<meta property=\"og:image:type\" content=\"image\/jpeg\" \/>\n<meta name=\"twitter:card\" content=\"summary_large_image\" \/>\n<meta name=\"twitter:label1\" content=\"Becs\u00fclt olvas\u00e1si id\u0151\" \/>\n\t<meta name=\"twitter:data1\" content=\"1 perc\" \/>\n<script type=\"application\/ld+json\" class=\"yoast-schema-graph\">{\"@context\":\"https:\/\/schema.org\",\"@graph\":[{\"@type\":\"WebPage\",\"@id\":\"https:\/\/otthon.kaposvar.hu\/hu\/lakossagi-informaciok\/oktatas\/kollegiumok\/\",\"url\":\"https:\/\/otthon.kaposvar.hu\/hu\/lakossagi-informaciok\/oktatas\/kollegiumok\/\",\"name\":\"Koll\u00e9giumok - Kaposv\u00e1r Megyei Jog\u00fa V\u00e1ros\",\"isPartOf\":{\"@id\":\"https:\/\/otthon.kaposvar.hu\/hu\/#website\"},\"datePublished\":\"2017-01-22T10:48:06+00:00\",\"dateModified\":\"2024-02-27T08:16:49+00:00\",\"breadcrumb\":{\"@id\":\"https:\/\/otthon.kaposvar.hu\/hu\/lakossagi-informaciok\/oktatas\/kollegiumok\/#breadcrumb\"},\"inLanguage\":\"hu\",\"potentialAction\":[{\"@type\":\"ReadAction\",\"target\":[[\"https:\/\/otthon.kaposvar.hu\/hu\/lakossagi-informaciok\/oktatas\/kollegiumok\/\"]]}]},{\"@type\":\"BreadcrumbList\",\"@id\":\"https:\/\/otthon.kaposvar.hu\/hu\/lakossagi-informaciok\/oktatas\/kollegiumok\/#breadcrumb\",\"itemListElement\":[{\"@type\":\"ListItem\",\"position\":1,\"name\":\"Home\",\"item\":\"https:\/\/otthon.kaposvar.hu\/hu\/\"},{\"@type\":\"ListItem\",\"position\":2,\"name\":\"Lakoss\u00e1gi inform\u00e1ci\u00f3k\",\"item\":\"https:\/\/otthon.kaposvar.hu\/hu\/lakossagi-informaciok\/\"},{\"@type\":\"ListItem\",\"position\":3,\"name\":\"Oktat\u00e1s\",\"item\":\"https:\/\/otthon.kaposvar.hu\/hu\/lakossagi-informaciok\/oktatas\/\"},{\"@type\":\"ListItem\",\"position\":4,\"name\":\"Koll\u00e9giumok\"}]},{\"@type\":\"WebSite\",\"@id\":\"https:\/\/otthon.kaposvar.hu\/hu\/#website\",\"url\":\"https:\/\/otthon.kaposvar.hu\/hu\/\",\"name\":\"Kaposv\u00e1r Megyei Jog\u00fa V\u00e1ros\",\"description\":\"\",\"publisher\":{\"@id\":\"https:\/\/otthon.kaposvar.hu\/hu\/#organization\"},\"potentialAction\":[{\"@type\":\"SearchAction\",\"target\":{\"@type\":\"EntryPoint\",\"urlTemplate\":\"https:\/\/otthon.kaposvar.hu\/hu\/?s={search_term_string}\"},\"query-input\":\"required name=search_term_string\"}],\"inLanguage\":\"hu\"},{\"@type\":\"Organization\",\"@id\":\"https:\/\/otthon.kaposvar.hu\/hu\/#organization\",\"name\":\"Kaposv\u00e1r Megyei Jog\u00fa V\u00e1ros\",\"url\":\"https:\/\/otthon.kaposvar.hu\/hu\/\",\"sameAs\":[\"https:\/\/www.instagram.com\/cityofkaposvar\/\",\"https:\/\/www.facebook.com\/cityofkaposvar\/\"],\"logo\":{\"@type\":\"ImageObject\",\"inLanguage\":\"hu\",\"@id\":\"https:\/\/otthon.kaposvar.hu\/hu\/#\/schema\/logo\/image\/\",\"url\":\"https:\/\/otthon.kaposvar.hu\/wp-content\/uploads\/2021\/10\/kaposvar_social.jpg\",\"contentUrl\":\"https:\/\/otthon.kaposvar.hu\/wp-content\/uploads\/2021\/10\/kaposvar_social.jpg\",\"width\":1200,\"height\":900,\"caption\":\"Kaposv\u00e1r Megyei Jog\u00fa V\u00e1ros\"},\"image\":{\"@id\":\"https:\/\/otthon.kaposvar.hu\/hu\/#\/schema\/logo\/image\/\"}}]}<\/script>\n<!-- \/ Yoast SEO plugin. -->","yoast_head_json":{"title":"Koll\u00e9giumok - Kaposv\u00e1r Megyei Jog\u00fa V\u00e1ros","robots":{"index":"index","follow":"follow","max-snippet":"max-snippet:-1","max-image-preview":"max-image-preview:large","max-video-preview":"max-video-preview:-1"},"canonical":"https:\/\/otthon.kaposvar.hu\/hu\/lakossagi-informaciok\/oktatas\/kollegiumok\/","og_locale":"hu_HU","og_type":"article","og_title":"Koll\u00e9giumok - Kaposv\u00e1r Megyei Jog\u00fa V\u00e1ros","og_description":"PTE\u2013ETK Kaposv\u00e1ri Koll\u00e9gium 7400 Kaposv\u00e1r, Szent Imre utca 14\/B Telefon: +36 (72) 501 500 \/ 12014. mell\u00e9k E-mail: elnokititkarsag.ehok@pte.hu Honlap: www.pteehok.hu \u00a0 Kaffka Margit Koll\u00e9gium 7400 Kaposv\u00e1r, Bajcsy-Zsilinszky utca 6. Telefon: +36 (82) 502 517 E-mail: kolber.kitti@uni-mate.hu Honlap: kaposvaricampus.uni-mate.hu \u00a0 MATE Kaposv\u00e1ri Campus: \u00daj Koll\u00e9gium 7400 Kaposv\u00e1r, Guba S\u00e1ndor utca 40. Telefon: +36 (82) 505 [&hellip;]","og_url":"https:\/\/otthon.kaposvar.hu\/hu\/lakossagi-informaciok\/oktatas\/kollegiumok\/","og_site_name":"Kaposv\u00e1r Megyei Jog\u00fa V\u00e1ros","article_publisher":"https:\/\/www.facebook.com\/cityofkaposvar\/","article_modified_time":"2024-02-27T08:16:49+00:00","og_image":[{"width":2000,"height":1500,"url":"https:\/\/otthon.kaposvar.hu\/wp-content\/uploads\/2017\/01\/klebelsberg_web.jpg","type":"image\/jpeg"}],"twitter_card":"summary_large_image","twitter_misc":{"Becs\u00fclt olvas\u00e1si id\u0151":"1 perc"},"schema":{"@context":"https:\/\/schema.org","@graph":[{"@type":"WebPage","@id":"https:\/\/otthon.kaposvar.hu\/hu\/lakossagi-informaciok\/oktatas\/kollegiumok\/","url":"https:\/\/otthon.kaposvar.hu\/hu\/lakossagi-informaciok\/oktatas\/kollegiumok\/","name":"Koll\u00e9giumok - Kaposv\u00e1r Megyei Jog\u00fa V\u00e1ros","isPartOf":{"@id":"https:\/\/otthon.kaposvar.hu\/hu\/#website"},"datePublished":"2017-01-22T10:48:06+00:00","dateModified":"2024-02-27T08:16:49+00:00","breadcrumb":{"@id":"https:\/\/otthon.kaposvar.hu\/hu\/lakossagi-informaciok\/oktatas\/kollegiumok\/#breadcrumb"},"inLanguage":"hu","potentialAction":[{"@type":"ReadAction","target":[["https:\/\/otthon.kaposvar.hu\/hu\/lakossagi-informaciok\/oktatas\/kollegiumok\/"]]}]},{"@type":"BreadcrumbList","@id":"https:\/\/otthon.kaposvar.hu\/hu\/lakossagi-informaciok\/oktatas\/kollegiumok\/#breadcrumb","itemListElement":[{"@type":"ListItem","position":1,"name":"Home","item":"https:\/\/otthon.kaposvar.hu\/hu\/"},{"@type":"ListItem","position":2,"name":"Lakoss\u00e1gi inform\u00e1ci\u00f3k","item":"https:\/\/otthon.kaposvar.hu\/hu\/lakossagi-informaciok\/"},{"@type":"ListItem","position":3,"name":"Oktat\u00e1s","item":"https:\/\/otthon.kaposvar.hu\/hu\/lakossagi-informaciok\/oktatas\/"},{"@type":"ListItem","position":4,"name":"Koll\u00e9giumok"}]},{"@type":"WebSite","@id":"https:\/\/otthon.kaposvar.hu\/hu\/#website","url":"https:\/\/otthon.kaposvar.hu\/hu\/","name":"Kaposv\u00e1r Megyei Jog\u00fa V\u00e1ros","description":"","publisher":{"@id":"https:\/\/otthon.kaposvar.hu\/hu\/#organization"},"potentialAction":[{"@type":"SearchAction","target":{"@type":"EntryPoint","urlTemplate":"https:\/\/otthon.kaposvar.hu\/hu\/?s={search_term_string}"},"query-input":"required name=search_term_string"}],"inLanguage":"hu"},{"@type":"Organization","@id":"https:\/\/otthon.kaposvar.hu\/hu\/#organization","name":"Kaposv\u00e1r Megyei Jog\u00fa V\u00e1ros","url":"https:\/\/otthon.kaposvar.hu\/hu\/","sameAs":["https:\/\/www.instagram.com\/cityofkaposvar\/","https:\/\/www.facebook.com\/cityofkaposvar\/"],"logo":{"@type":"ImageObject","inLanguage":"hu","@id":"https:\/\/otthon.kaposvar.hu\/hu\/#\/schema\/logo\/image\/","url":"https:\/\/otthon.kaposvar.hu\/wp-content\/uploads\/2021\/10\/kaposvar_social.jpg","contentUrl":"https:\/\/otthon.kaposvar.hu\/wp-content\/uploads\/2021\/10\/kaposvar_social.jpg","width":1200,"height":900,"caption":"Kaposv\u00e1r Megyei Jog\u00fa V\u00e1ros"},"image":{"@id":"https:\/\/otthon.kaposvar.hu\/hu\/#\/schema\/logo\/image\/"}}]}},"_links":{"self":[{"href":"https:\/\/otthon.kaposvar.hu\/hu\/wp-json\/wp\/v2\/pages\/235"}],"collection":[{"href":"https:\/\/otthon.kaposvar.hu\/hu\/wp-json\/wp\/v2\/pages"}],"about":[{"href":"https:\/\/otthon.kaposvar.hu\/hu\/wp-json\/wp\/v2\/types\/page"}],"author":[{"embeddable":true,"href":"https:\/\/otthon.kaposvar.hu\/hu\/wp-json\/wp\/v2\/users\/1"}],"replies":[{"embeddable":true,"href":"https:\/\/otthon.kaposvar.hu\/hu\/wp-json\/wp\/v2\/comments?post=235"}],"version-history":[{"count":0,"href":"https:\/\/otthon.kaposvar.hu\/hu\/wp-json\/wp\/v2\/pages\/235\/revisions"}],"up":[{"embeddable":true,"href":"https:\/\/otthon.kaposvar.hu\/hu\/wp-json\/wp\/v2\/pages\/223"}],"wp:featuredmedia":[{"embeddable":true,"href":"https:\/\/otthon.kaposvar.hu\/hu\/wp-json\/wp\/v2\/media\/1537"}],"wp:attachment":[{"href":"https:\/\/otthon.kaposvar.hu\/hu\/wp-json\/wp\/v2\/media?parent=235"}],"curies":[{"name":"wp","href":"https:\/\/api.w.org\/{rel}","templated":true}]}}