{"id":231,"date":"2017-01-22T11:47:37","date_gmt":"2017-01-22T10:47:37","guid":{"rendered":"http:\/\/lakossag.gyori.co.hu\/?page_id=231"},"modified":"2023-02-02T14:33:20","modified_gmt":"2023-02-02T13:33:20","slug":"kozepiskolak","status":"publish","type":"page","link":"https:\/\/otthon.kaposvar.hu\/hu\/lakossagi-informaciok\/oktatas\/kozepiskolak\/","title":{"rendered":"K\u00f6z\u00e9piskol\u00e1k"},"content":{"rendered":"<p><\/p>\n<h2 class=\"kv-page-content-paragraph kv-page-content-title\">Kaposv\u00e1ri Csokonai Vit\u00e9z Mih\u00e1ly \u00c1ltal\u00e1nos Iskola \u00e9s Gimn\u00e1zium<\/h2>\n<p class=\"kv-page-content-paragraph\"><em> Igazgat\u00f3: Moln\u00e1r Anna<\/em><\/p>\n<p class=\"kv-page-content-paragraph\">7400 Kaposv\u00e1r, B\u00e9ke utca 75.<br \/>\nTelefon: +36 (82) 411 628<br \/>\nE-mail: <a href=\"mailto:titkar@gyakorlo-kap.edu.hu\">titkar@gyakorlo-kap.edu.hu<\/a><br \/>\nHonlap: <a href=\"http:\/\/www.gyakorlo-kap.edu.hu\/\">www.gyakorlo-kap.edu.hu<\/a><\/p>\n<div class=\"kv-page-content-paragraph clearfix kv-page-margin-05\">\u00a0<\/div>\n<h2 class=\"kv-page-content-paragraph kv-page-content-title\">Kaposv\u00e1ri Munk\u00e1csy Mih\u00e1ly Gimn\u00e1zium<\/h2>\n<p class=\"kv-page-content-paragraph\"><em>Igazgat\u00f3: Gyallai Katalin<\/em><\/p>\n<p class=\"kv-page-content-paragraph\">7400 Kaposv\u00e1r, Kossuth Lajos utca 48.<br \/>\nTelefon: +36 (82) 510 133<br \/>\nE-mail: <a href=\"mailto:gyallaikatalin@gmail.com\">gyallaikatalin@gmail.com<\/a><br \/>\nHonlap: <a href=\"http:\/\/www.munkacsykaposvar.hu\/\" target=\"_blank\" rel=\"noopener\">www.munkacsykaposvar.hu<\/a><\/p>\n<div class=\"kv-page-content-paragraph clearfix kv-page-margin-05\">\u00a0<\/div>\n<h2 class=\"kv-page-content-paragraph kv-page-content-title\">KSZC E\u00f6tv\u00f6s Lor\u00e1nd M\u0171szaki Technikum \u00e9s Koll\u00e9gium<\/h2>\n<p class=\"kv-page-content-paragraph\"><em> Igazgat\u00f3: Tak\u00e1cs Szilvia<br \/>\n<\/em><\/p>\n<p class=\"kv-page-content-paragraph\">7400 Kaposv\u00e1r, P\u00e1zm\u00e1ny P\u00e9ter utca 17.<br \/>\nTelefon: +36 (82) 528 191<br \/>\nE-mail: <a href=\"mailto:kaposvari.eotvos@gmail.com\">kaposvari.eotvos@gmail.com<\/a><br \/>\nHonlap: <a href=\"http:\/\/www.elmki.edu.hu\/\" target=\"_blank\" rel=\"noopener\">www.elmki.edu.hu<\/a><\/p>\n<div class=\"kv-page-content-paragraph clearfix kv-page-margin-05\">\u00a0<\/div>\n<h2 class=\"kv-page-content-paragraph kv-page-content-title\">KSZC Lamping J\u00f3zsef Technikum \u00e9s Szakk\u00e9pz\u0151 Iskola<\/h2>\n<p class=\"kv-page-content-paragraph\"><em> Igazgat\u00f3: Ag\u00f3cs Attila<\/em><\/p>\n<p class=\"kv-page-content-paragraph\">7400 Kaposv\u00e1r, Cseri \u00fat 6.<br \/>\nTelefon: +36 (82) 318 213<br \/>\nE-mail: <a href=\"mailto:epitoipari034173@gmail.com\">epitoipari034173@gmail.com<\/a><br \/>\nHonlap: <a href=\"http:\/\/www.epitoipari-kap.edu.hu\" target=\"_blank\" rel=\"noopener\">www.epitoipari-kap.edu.hu<\/a><\/p>\n<div class=\"kv-page-content-paragraph clearfix kv-page-margin-05\">\u00a0<\/div>\n<h2 class=\"kv-page-content-paragraph kv-page-content-title\">KSZC Sz\u00e9chenyi Istv\u00e1n Kereskedelmi Technikum \u00e9s Szakk\u00e9pz\u0151 Iskola<\/h2>\n<p class=\"kv-page-content-paragraph\"><em>Igazgat\u00f3: K\u00e1r\u00e1sz L\u00e1szl\u00f3<br \/>\n<\/em><\/p>\n<p class=\"kv-page-content-paragraph\">7400 Kaposv\u00e1r, Rippl-R\u00f3nai utca 15.<br \/>\nTelefon: +36 (82) 510 941<br \/>\nE-mail: <a href=\"mailto:titkarsag@szechenyi-kaposvar.hu\">titkarsag@szechenyi-kaposvar.hu<\/a><br \/>\nHonlap: <a href=\"http:\/\/www.szechenyi-kaposvar.hu\/\" target=\"_blank\" rel=\"noopener\">www.szechenyi-kaposvar.hu<\/a><\/p>\n<div class=\"kv-page-content-paragraph clearfix kv-page-margin-05\">\u00a0<\/div>\n<h2 class=\"kv-page-content-paragraph kv-page-content-title\">Kaposv\u00e1ri Zichy Mih\u00e1ly Iparm\u0171v\u00e9szeti Szakgimn\u00e1zium, Technikum \u00e9s Koll\u00e9gium<\/h2>\n<p class=\"kv-page-content-paragraph\"><em>Igazgat\u00f3: Sur\u00e1nyi P\u00e9ter<br \/>\n<\/em><\/p>\n<p class=\"kv-page-content-paragraph\">7400 Kaposv\u00e1r, Sz\u00e1nt\u00f3 utca 11.<br \/>\nTelefon: +36 (82) 527 345<br \/>\nE-mail: <a href=\"mailto:zichy.iskolatitkar@gmail.com\">zichy.iskolatitkar@gmail.com<\/a><br \/>\nHonlap: <a href=\"http:\/\/www.kapos-zichy.hu\/\" target=\"_blank\" rel=\"noopener\">www.kapos-zichy.hu<\/a><\/p>\n<div class=\"kv-page-content-paragraph clearfix kv-page-margin-05\">\u00a0<\/div>\n<h2 class=\"kv-page-content-paragraph kv-page-content-title\">D\u00e9li ASZC Kinizsi P\u00e1l \u00c9lelmiszeripari Technikum \u00e9s Szakk\u00e9pz\u0151 Iskola<\/h2>\n<p class=\"kv-page-content-paragraph\"><em>Igazgat\u00f3: Papn\u00e9 Szab\u00f3 Ibolya<\/em><\/p>\n<p class=\"kv-page-content-paragraph\">7400 Kaposv\u00e1r, Baross G\u00e1bor utca 19.<br \/>\nTelefon: +36 (82) 312 177<br \/>\nE-mail: <a href=\"mailto:kinizsi.kaposvar@deliaszc.hu\">kinizsi.kaposvar@deliaszc.hu<\/a><br \/>\nHonlap: <a href=\"http:\/\/www.kinizsi-kap.hu\/\" target=\"_blank\" rel=\"noopener\">www.kinizsi-kap.hu<\/a><\/p>\n<div class=\"kv-page-content-paragraph clearfix kv-page-margin-05\">\u00a0<\/div>\n<h2 class=\"kv-page-content-paragraph kv-page-content-title\">Lor\u00e1ntffy Zsuzsanna Reform\u00e1tus \u00c1ltal\u00e1nos Iskola \u00e9s Gimn\u00e1zium<\/h2>\n<p class=\"kv-page-content-paragraph\"><em>Igazgat\u00f3: dr. Farkasn\u00e9 Papp \u00c1gnes<\/em><\/p>\n<p class=\"kv-page-content-paragraph\">7400 Kaposv\u00e1r, Somssich P\u00e1l utca 15.<br \/>\nTelefon: +36 (82) 511 487<br \/>\nE-mail: <a href=\"mailto:titkarsag@lozsu.hu\">titkarsag@lozsu.hu<\/a><br \/>\nHonlap: <a href=\"http:\/\/lozsu.hu\/\" target=\"_blank\" rel=\"noopener\">www.lozsu.hu<\/a><\/p>\n<div class=\"kv-page-content-paragraph clearfix kv-page-margin-05\">\u00a0<\/div>\n<h2 class=\"kv-page-content-paragraph kv-page-content-title\">Nagyboldogasszony R\u00f3mai Katolikus Gimn\u00e1zium, \u00c1ltal\u00e1nos Iskola \u00e9s Alapfok\u00fa M\u0171v\u00e9szeti Iskola<\/h2>\n<p class=\"kv-page-content-paragraph\"><em>Igazgat\u00f3: Varga B\u00e1lint<\/em><\/p>\n<p class=\"kv-page-content-paragraph\">7400 Kaposv\u00e1r, Z\u00e1rda utca 2.<br \/>\nTelefon: +36 (82) 511 805<br \/>\nE-mail: <a href=\"mailto:katgim@katgim.hu\">katgim@katgim.hu<\/a><br \/>\nHonlap: <a href=\"http:\/\/www.katgim.hu\" target=\"_blank\" rel=\"noopener\">www.katgim.hu<\/a><\/p>\n<div class=\"kv-page-content-paragraph clearfix kv-page-margin-05\">\u00a0<\/div>\n<h2 class=\"kv-page-content-paragraph kv-page-content-title\">P\u00e9csi Tudom\u00e1nyegyetem Szigeti-Gyula J\u00e1nos Eg\u00e9szs\u00e9g\u00fcgyi Technikum \u00e9s Szakk\u00e9pz\u0151 Iskola<\/h2>\n<p class=\"kv-page-content-paragraph\"><em>Igazgat\u00f3: Veiger Katalin<\/em><\/p>\n<p class=\"kv-page-content-paragraph\">7400 Kaposv\u00e1r, Szent Imre utca 14\/D<br \/>\nTelefon: +36 (82) 512 935<br \/>\nE-mail: <a href=\"mailto:szigeti@pte.hu\">szigeti@pte.hu<\/a><br \/>\nHonlap: <a href=\"http:\/\/szigeti.pte.hu\" target=\"_blank\" rel=\"noopener\">szigeti.pte.hu<\/a><\/p>\n<div class=\"kv-page-content-paragraph clearfix kv-page-margin-05\">\u00a0<\/div>\n<h2 class=\"kv-page-content-paragraph kv-page-content-title\">Kaposv\u00e1ri SZC Noszlopy G\u00e1sp\u00e1r K\u00f6zgazdas\u00e1gi Technikum<\/h2>\n<p class=\"kv-page-content-paragraph\"><em>Igazgat\u00f3: Keczeli L\u00e1szl\u00f3<br \/>\n<\/em><\/p>\n<p class=\"kv-page-content-paragraph\">7400 Kaposv\u00e1r, Szent Imre utca 2.<br \/>\nTelefon: +36 (82) 528 861<br \/>\nE-mail: <a href=\"mailto:noszlopykszki@gmail.com\">noszlopykszki@gmail.com<\/a><br \/>\nHonlap: <a href=\"http:\/\/www.ngkszki.hu\" target=\"_blank\" rel=\"noopener\">www.ngkszki.hu<\/a><\/p>\n<div class=\"kv-page-content-paragraph clearfix kv-page-margin-05\">\u00a0<\/div>\n<h2 class=\"kv-page-content-paragraph kv-page-content-title\">T\u00e1ncsics Mih\u00e1ly Gimn\u00e1zium<\/h2>\n<p class=\"kv-page-content-paragraph\"><em> Igazgat\u00f3: V\u00e1mosi L\u00e1szl\u00f3<\/em><\/p>\n<p class=\"kv-page-content-paragraph\">7400 Kaposv\u00e1r, Bajcsy-Zsilinszky utca 17.<br \/>\nTelefon: +36 (82) 512 128<br \/>\nE-mail: <a href=\"mailto:titkar.ktmg@gmail.com\">titkar.ktmg@gmail.com<\/a><br \/>\nHonlap: <a href=\"http:\/\/www.tancsics.hu\" target=\"_blank\" rel=\"noopener\">www.tancsics.hu<\/a><\/p>\n<div class=\"kv-page-content-paragraph clearfix kv-page-margin-05\">\u00a0<\/div>\n<h2 class=\"kv-page-content-paragraph kv-page-content-title\">D\u00e9li ASZC M\u00f3ricz Zsigmond Mez\u0151gazdas\u00e1gi Technikum, Szakk\u00e9pz\u0151 Iskola \u00e9s Koll\u00e9gium<\/h2>\n<p class=\"kv-page-content-paragraph\"><em> Igazgat\u00f3: dr. Princz Zolt\u00e1n<\/em><\/p>\n<p class=\"kv-page-content-paragraph\">7400 Kaposv\u00e1r, Guba S\u00e1ndor utca 40.<br \/>\nTelefon: +36 (82) 510 207<br \/>\nE-mail: <a href=\"mailto:info@mezgaz.hu\">info@mezgaz.hu<\/a><br \/>\nHonlap: <a href=\"http:\/\/www.mezgaz.hu\/\" target=\"_blank\" rel=\"noopener\">www.mezgaz.hu<\/a><\/p>\n<div class=\"kv-page-margin-1\">\u00a0<\/div>\n<p><\/p>","protected":false},"excerpt":{"rendered":"<p>Kaposv\u00e1ri Csokonai Vit\u00e9z Mih\u00e1ly \u00c1ltal\u00e1nos Iskola \u00e9s Gimn\u00e1zium Igazgat\u00f3: Moln\u00e1r Anna 7400 Kaposv\u00e1r, B\u00e9ke utca 75. Telefon: +36 (82) 411 628 E-mail: titkar@gyakorlo-kap.edu.hu Honlap: www.gyakorlo-kap.edu.hu \u00a0 Kaposv\u00e1ri Munk\u00e1csy Mih\u00e1ly Gimn\u00e1zium Igazgat\u00f3: Gyallai Katalin 7400 Kaposv\u00e1r, Kossuth Lajos utca 48. Telefon: +36 (82) 510 133 E-mail: gyallaikatalin@gmail.com Honlap: www.munkacsykaposvar.hu \u00a0 KSZC E\u00f6tv\u00f6s Lor\u00e1nd M\u0171szaki Technikum \u00e9s [&hellip;]<\/p>\n","protected":false},"author":1,"featured_media":1412,"parent":223,"menu_order":0,"comment_status":"closed","ping_status":"closed","template":"","meta":[],"acf":[],"yoast_head":"<!-- This site is optimized with the Yoast SEO plugin v19.8 - https:\/\/yoast.com\/wordpress\/plugins\/seo\/ -->\n<title>K\u00f6z\u00e9piskol\u00e1k - Kaposv\u00e1r Megyei Jog\u00fa V\u00e1ros<\/title>\n<meta name=\"robots\" content=\"index, follow, max-snippet:-1, max-image-preview:large, max-video-preview:-1\" \/>\n<link rel=\"canonical\" href=\"https:\/\/otthon.kaposvar.hu\/hu\/lakossagi-informaciok\/oktatas\/kozepiskolak\/\" \/>\n<meta property=\"og:locale\" content=\"hu_HU\" \/>\n<meta property=\"og:type\" content=\"article\" \/>\n<meta property=\"og:title\" content=\"K\u00f6z\u00e9piskol\u00e1k - Kaposv\u00e1r Megyei Jog\u00fa V\u00e1ros\" \/>\n<meta property=\"og:description\" content=\"Kaposv\u00e1ri Csokonai Vit\u00e9z Mih\u00e1ly \u00c1ltal\u00e1nos Iskola \u00e9s Gimn\u00e1zium Igazgat\u00f3: Moln\u00e1r Anna 7400 Kaposv\u00e1r, B\u00e9ke utca 75. Telefon: +36 (82) 411 628 E-mail: titkar@gyakorlo-kap.edu.hu Honlap: www.gyakorlo-kap.edu.hu \u00a0 Kaposv\u00e1ri Munk\u00e1csy Mih\u00e1ly Gimn\u00e1zium Igazgat\u00f3: Gyallai Katalin 7400 Kaposv\u00e1r, Kossuth Lajos utca 48. Telefon: +36 (82) 510 133 E-mail: gyallaikatalin@gmail.com Honlap: www.munkacsykaposvar.hu \u00a0 KSZC E\u00f6tv\u00f6s Lor\u00e1nd M\u0171szaki Technikum \u00e9s [&hellip;]\" \/>\n<meta property=\"og:url\" content=\"https:\/\/otthon.kaposvar.hu\/hu\/lakossagi-informaciok\/oktatas\/kozepiskolak\/\" \/>\n<meta property=\"og:site_name\" content=\"Kaposv\u00e1r Megyei Jog\u00fa V\u00e1ros\" \/>\n<meta property=\"article:publisher\" content=\"https:\/\/www.facebook.com\/cityofkaposvar\/\" \/>\n<meta property=\"article:modified_time\" content=\"2023-02-02T13:33:20+00:00\" \/>\n<meta property=\"og:image\" content=\"https:\/\/otthon.kaposvar.hu\/wp-content\/uploads\/2017\/01\/kozepiskolak2-1024x683.jpg\" \/>\n\t<meta property=\"og:image:width\" content=\"1024\" \/>\n\t<meta property=\"og:image:height\" content=\"683\" \/>\n\t<meta property=\"og:image:type\" content=\"image\/jpeg\" \/>\n<meta name=\"twitter:card\" content=\"summary_large_image\" \/>\n<meta name=\"twitter:label1\" content=\"Becs\u00fclt olvas\u00e1si id\u0151\" \/>\n\t<meta name=\"twitter:data1\" content=\"2 perc\" \/>\n<script type=\"application\/ld+json\" class=\"yoast-schema-graph\">{\"@context\":\"https:\/\/schema.org\",\"@graph\":[{\"@type\":\"WebPage\",\"@id\":\"https:\/\/otthon.kaposvar.hu\/hu\/lakossagi-informaciok\/oktatas\/kozepiskolak\/\",\"url\":\"https:\/\/otthon.kaposvar.hu\/hu\/lakossagi-informaciok\/oktatas\/kozepiskolak\/\",\"name\":\"K\u00f6z\u00e9piskol\u00e1k - Kaposv\u00e1r Megyei Jog\u00fa V\u00e1ros\",\"isPartOf\":{\"@id\":\"https:\/\/otthon.kaposvar.hu\/hu\/#website\"},\"datePublished\":\"2017-01-22T10:47:37+00:00\",\"dateModified\":\"2023-02-02T13:33:20+00:00\",\"breadcrumb\":{\"@id\":\"https:\/\/otthon.kaposvar.hu\/hu\/lakossagi-informaciok\/oktatas\/kozepiskolak\/#breadcrumb\"},\"inLanguage\":\"hu\",\"potentialAction\":[{\"@type\":\"ReadAction\",\"target\":[[\"https:\/\/otthon.kaposvar.hu\/hu\/lakossagi-informaciok\/oktatas\/kozepiskolak\/\"]]}]},{\"@type\":\"BreadcrumbList\",\"@id\":\"https:\/\/otthon.kaposvar.hu\/hu\/lakossagi-informaciok\/oktatas\/kozepiskolak\/#breadcrumb\",\"itemListElement\":[{\"@type\":\"ListItem\",\"position\":1,\"name\":\"Home\",\"item\":\"https:\/\/otthon.kaposvar.hu\/hu\/\"},{\"@type\":\"ListItem\",\"position\":2,\"name\":\"Lakoss\u00e1gi inform\u00e1ci\u00f3k\",\"item\":\"https:\/\/otthon.kaposvar.hu\/hu\/lakossagi-informaciok\/\"},{\"@type\":\"ListItem\",\"position\":3,\"name\":\"Oktat\u00e1s\",\"item\":\"https:\/\/otthon.kaposvar.hu\/hu\/lakossagi-informaciok\/oktatas\/\"},{\"@type\":\"ListItem\",\"position\":4,\"name\":\"K\u00f6z\u00e9piskol\u00e1k\"}]},{\"@type\":\"WebSite\",\"@id\":\"https:\/\/otthon.kaposvar.hu\/hu\/#website\",\"url\":\"https:\/\/otthon.kaposvar.hu\/hu\/\",\"name\":\"Kaposv\u00e1r Megyei Jog\u00fa V\u00e1ros\",\"description\":\"\",\"publisher\":{\"@id\":\"https:\/\/otthon.kaposvar.hu\/hu\/#organization\"},\"potentialAction\":[{\"@type\":\"SearchAction\",\"target\":{\"@type\":\"EntryPoint\",\"urlTemplate\":\"https:\/\/otthon.kaposvar.hu\/hu\/?s={search_term_string}\"},\"query-input\":\"required name=search_term_string\"}],\"inLanguage\":\"hu\"},{\"@type\":\"Organization\",\"@id\":\"https:\/\/otthon.kaposvar.hu\/hu\/#organization\",\"name\":\"Kaposv\u00e1r Megyei Jog\u00fa V\u00e1ros\",\"url\":\"https:\/\/otthon.kaposvar.hu\/hu\/\",\"sameAs\":[\"https:\/\/www.instagram.com\/cityofkaposvar\/\",\"https:\/\/www.facebook.com\/cityofkaposvar\/\"],\"logo\":{\"@type\":\"ImageObject\",\"inLanguage\":\"hu\",\"@id\":\"https:\/\/otthon.kaposvar.hu\/hu\/#\/schema\/logo\/image\/\",\"url\":\"https:\/\/otthon.kaposvar.hu\/wp-content\/uploads\/2021\/10\/kaposvar_social.jpg\",\"contentUrl\":\"https:\/\/otthon.kaposvar.hu\/wp-content\/uploads\/2021\/10\/kaposvar_social.jpg\",\"width\":1200,\"height\":900,\"caption\":\"Kaposv\u00e1r Megyei Jog\u00fa V\u00e1ros\"},\"image\":{\"@id\":\"https:\/\/otthon.kaposvar.hu\/hu\/#\/schema\/logo\/image\/\"}}]}<\/script>\n<!-- \/ Yoast SEO plugin. -->","yoast_head_json":{"title":"K\u00f6z\u00e9piskol\u00e1k - Kaposv\u00e1r Megyei Jog\u00fa V\u00e1ros","robots":{"index":"index","follow":"follow","max-snippet":"max-snippet:-1","max-image-preview":"max-image-preview:large","max-video-preview":"max-video-preview:-1"},"canonical":"https:\/\/otthon.kaposvar.hu\/hu\/lakossagi-informaciok\/oktatas\/kozepiskolak\/","og_locale":"hu_HU","og_type":"article","og_title":"K\u00f6z\u00e9piskol\u00e1k - Kaposv\u00e1r Megyei Jog\u00fa V\u00e1ros","og_description":"Kaposv\u00e1ri Csokonai Vit\u00e9z Mih\u00e1ly \u00c1ltal\u00e1nos Iskola \u00e9s Gimn\u00e1zium Igazgat\u00f3: Moln\u00e1r Anna 7400 Kaposv\u00e1r, B\u00e9ke utca 75. Telefon: +36 (82) 411 628 E-mail: titkar@gyakorlo-kap.edu.hu Honlap: www.gyakorlo-kap.edu.hu \u00a0 Kaposv\u00e1ri Munk\u00e1csy Mih\u00e1ly Gimn\u00e1zium Igazgat\u00f3: Gyallai Katalin 7400 Kaposv\u00e1r, Kossuth Lajos utca 48. Telefon: +36 (82) 510 133 E-mail: gyallaikatalin@gmail.com Honlap: www.munkacsykaposvar.hu \u00a0 KSZC E\u00f6tv\u00f6s Lor\u00e1nd M\u0171szaki Technikum \u00e9s [&hellip;]","og_url":"https:\/\/otthon.kaposvar.hu\/hu\/lakossagi-informaciok\/oktatas\/kozepiskolak\/","og_site_name":"Kaposv\u00e1r Megyei Jog\u00fa V\u00e1ros","article_publisher":"https:\/\/www.facebook.com\/cityofkaposvar\/","article_modified_time":"2023-02-02T13:33:20+00:00","og_image":[{"width":1024,"height":683,"url":"https:\/\/otthon.kaposvar.hu\/wp-content\/uploads\/2017\/01\/kozepiskolak2-1024x683.jpg","type":"image\/jpeg"}],"twitter_card":"summary_large_image","twitter_misc":{"Becs\u00fclt olvas\u00e1si id\u0151":"2 perc"},"schema":{"@context":"https:\/\/schema.org","@graph":[{"@type":"WebPage","@id":"https:\/\/otthon.kaposvar.hu\/hu\/lakossagi-informaciok\/oktatas\/kozepiskolak\/","url":"https:\/\/otthon.kaposvar.hu\/hu\/lakossagi-informaciok\/oktatas\/kozepiskolak\/","name":"K\u00f6z\u00e9piskol\u00e1k - Kaposv\u00e1r Megyei Jog\u00fa V\u00e1ros","isPartOf":{"@id":"https:\/\/otthon.kaposvar.hu\/hu\/#website"},"datePublished":"2017-01-22T10:47:37+00:00","dateModified":"2023-02-02T13:33:20+00:00","breadcrumb":{"@id":"https:\/\/otthon.kaposvar.hu\/hu\/lakossagi-informaciok\/oktatas\/kozepiskolak\/#breadcrumb"},"inLanguage":"hu","potentialAction":[{"@type":"ReadAction","target":[["https:\/\/otthon.kaposvar.hu\/hu\/lakossagi-informaciok\/oktatas\/kozepiskolak\/"]]}]},{"@type":"BreadcrumbList","@id":"https:\/\/otthon.kaposvar.hu\/hu\/lakossagi-informaciok\/oktatas\/kozepiskolak\/#breadcrumb","itemListElement":[{"@type":"ListItem","position":1,"name":"Home","item":"https:\/\/otthon.kaposvar.hu\/hu\/"},{"@type":"ListItem","position":2,"name":"Lakoss\u00e1gi inform\u00e1ci\u00f3k","item":"https:\/\/otthon.kaposvar.hu\/hu\/lakossagi-informaciok\/"},{"@type":"ListItem","position":3,"name":"Oktat\u00e1s","item":"https:\/\/otthon.kaposvar.hu\/hu\/lakossagi-informaciok\/oktatas\/"},{"@type":"ListItem","position":4,"name":"K\u00f6z\u00e9piskol\u00e1k"}]},{"@type":"WebSite","@id":"https:\/\/otthon.kaposvar.hu\/hu\/#website","url":"https:\/\/otthon.kaposvar.hu\/hu\/","name":"Kaposv\u00e1r Megyei Jog\u00fa V\u00e1ros","description":"","publisher":{"@id":"https:\/\/otthon.kaposvar.hu\/hu\/#organization"},"potentialAction":[{"@type":"SearchAction","target":{"@type":"EntryPoint","urlTemplate":"https:\/\/otthon.kaposvar.hu\/hu\/?s={search_term_string}"},"query-input":"required name=search_term_string"}],"inLanguage":"hu"},{"@type":"Organization","@id":"https:\/\/otthon.kaposvar.hu\/hu\/#organization","name":"Kaposv\u00e1r Megyei Jog\u00fa V\u00e1ros","url":"https:\/\/otthon.kaposvar.hu\/hu\/","sameAs":["https:\/\/www.instagram.com\/cityofkaposvar\/","https:\/\/www.facebook.com\/cityofkaposvar\/"],"logo":{"@type":"ImageObject","inLanguage":"hu","@id":"https:\/\/otthon.kaposvar.hu\/hu\/#\/schema\/logo\/image\/","url":"https:\/\/otthon.kaposvar.hu\/wp-content\/uploads\/2021\/10\/kaposvar_social.jpg","contentUrl":"https:\/\/otthon.kaposvar.hu\/wp-content\/uploads\/2021\/10\/kaposvar_social.jpg","width":1200,"height":900,"caption":"Kaposv\u00e1r Megyei Jog\u00fa V\u00e1ros"},"image":{"@id":"https:\/\/otthon.kaposvar.hu\/hu\/#\/schema\/logo\/image\/"}}]}},"_links":{"self":[{"href":"https:\/\/otthon.kaposvar.hu\/hu\/wp-json\/wp\/v2\/pages\/231"}],"collection":[{"href":"https:\/\/otthon.kaposvar.hu\/hu\/wp-json\/wp\/v2\/pages"}],"about":[{"href":"https:\/\/otthon.kaposvar.hu\/hu\/wp-json\/wp\/v2\/types\/page"}],"author":[{"embeddable":true,"href":"https:\/\/otthon.kaposvar.hu\/hu\/wp-json\/wp\/v2\/users\/1"}],"replies":[{"embeddable":true,"href":"https:\/\/otthon.kaposvar.hu\/hu\/wp-json\/wp\/v2\/comments?post=231"}],"version-history":[{"count":0,"href":"https:\/\/otthon.kaposvar.hu\/hu\/wp-json\/wp\/v2\/pages\/231\/revisions"}],"up":[{"embeddable":true,"href":"https:\/\/otthon.kaposvar.hu\/hu\/wp-json\/wp\/v2\/pages\/223"}],"wp:featuredmedia":[{"embeddable":true,"href":"https:\/\/otthon.kaposvar.hu\/hu\/wp-json\/wp\/v2\/media\/1412"}],"wp:attachment":[{"href":"https:\/\/otthon.kaposvar.hu\/hu\/wp-json\/wp\/v2\/media?parent=231"}],"curies":[{"name":"wp","href":"https:\/\/api.w.org\/{rel}","templated":true}]}}