{"id":229,"date":"2017-01-22T11:47:25","date_gmt":"2017-01-22T10:47:25","guid":{"rendered":"http:\/\/lakossag.gyori.co.hu\/?page_id=229"},"modified":"2026-01-20T05:26:49","modified_gmt":"2026-01-20T04:26:49","slug":"altalanos-iskolak","status":"publish","type":"page","link":"https:\/\/otthon.kaposvar.hu\/hu\/lakossagi-informaciok\/oktatas\/altalanos-iskolak\/","title":{"rendered":"\u00c1ltal\u00e1nos iskol\u00e1k"},"content":{"rendered":"<p><\/p>\n<h2 class=\"kv-page-content-paragraph kv-page-content-title\"><span style=\"font-weight: 400\">B\u00e1rczi Guszt\u00e1v \u00d3voda, \u00c1ltal\u00e1nos Iskola, Szakiskola, K\u00e9szs\u00e9gfejleszt\u0151 Iskola, Fejleszt\u0151 Nevel\u00e9s-Oktat\u00e1st V\u00e9gz\u0151 Iskola, Koll\u00e9gium, Egys\u00e9ges Gy\u00f3gypedag\u00f3giai M\u00f3dszertani Int\u00e9zm\u00e9ny<\/span><\/h2>\n<p class=\"kv-page-content-paragraph kv-page-content-subtitle\"><em>F\u0151igazgat\u00f3: <i><span style=\"font-weight: 400\">Kov\u00e1cs Attila<\/span><\/i><\/em><\/p>\n<p class=\"kv-page-content-paragraph\">7400 Kaposv\u00e1r, B\u00e1rczi Guszt\u00e1v utca 2.<br \/>\nTelefon: +36 (82) 512 766<br \/>\nE-mail: <a href=\"mailto:barcziiskola@barcziiskola.hu\">barcziiskola@barcziiskola.hu<\/a><br \/>\nHonlap: <a href=\"http:\/\/www.barcziiskola.hu\/\" target=\"_blank\" rel=\"noopener\">www.barcziiskola.hu<\/a><\/p>\n<div class=\"kv-page-margin-05\">\u00a0<\/div>\n<h2 class=\"kv-page-content-paragraph kv-page-content-title\"><span style=\"font-weight: 400\">Kaposv\u00e1ri Kod\u00e1ly Zolt\u00e1n K\u00f6zponti \u00c1ltal\u00e1nos Iskola Benedek Elek Tagiskol\u00e1ja<\/span><\/h2>\n<p class=\"kv-page-content-paragraph kv-page-content-subtitle\"><em>Igazgat\u00f3: Patakin\u00e9 Horv\u00e1th Vivien<\/em><\/p>\n<p class=\"kv-page-content-paragraph\">7400 Kaposv\u00e1r, Kaposf\u00fcredi \u00fat 173.<br \/>\nTelefon: +36 (82) 425 443<br \/>\nE-mail: <a href=\"mailto:benedek-kvar@benedek-kvar.edu.hu\">benedek-kvar@benedek-kvar.edu.hu<\/a><br \/>\nHonlap: <a href=\"http:\/\/www.benedekkaposvar.webnode.hu\" target=\"_blank\" rel=\"noopener\">www.benedekkaposvar.webnode.hu<\/a><\/p>\n<div class=\"kv-page-content-paragraph clearfix kv-page-margin-05\">\u00a0<\/div>\n<h2 class=\"kv-page-content-paragraph kv-page-content-title\">Berzsenyi D\u00e1niel Tagiskola<\/h2>\n<p class=\"kv-page-content-paragraph\"><em>Igazgat\u00f3: Husz\u00e1rn\u00e9 Forintos M\u00f3nika<\/em><\/p>\n<p class=\"kv-page-content-paragraph\">7400 Kaposv\u00e1r, Szent Imre utca 29\/C<br \/>\nTelefon: +36 (82) 510 895<br \/>\nE-mail: <a href=\"mailto:kaposvar.berzsenyi@gmail.com\">kaposvar.berzsenyi@gmail.com<\/a><br \/>\nHonlap: <a href=\"http:\/\/www.berzsenyi-kvar.edu.hu\" target=\"_blank\" rel=\"noopener\">www.berzsenyi-kvar.edu.hu<\/a><\/p>\n<div class=\"kv-page-margin-05\">\u00a0<\/div>\n<h2 class=\"kv-page-content-paragraph kv-page-content-title\"><span style=\"font-weight: 400\">Egy\u00fcd \u00c1rp\u00e1d Alapfok\u00fa M\u0171v\u00e9szeti Iskola<\/span><\/h2>\n<p class=\"kv-page-content-paragraph\"><em>Igazgat\u00f3: Pataky Annam\u00e1ria<\/em><\/p>\n<p class=\"kv-page-content-paragraph\">7400 Kaposv\u00e1r, Nagy Imre t\u00e9r 2.<br \/>\nTelefon: +36 (82) 527-340 (120-as mell\u00e9k)<br \/>\nE-mail: <a href=\"mailto:igazgato@egyudmuveszetiiskola.hu\">igazgato@egyudmuveszetiiskola.hu<\/a><br \/>\nHonlap: <a href=\"http:\/\/www.egyudmuveszetiiskola.hu\" target=\"_blank\" rel=\"noopener\">www.egyudmuveszetiiskola.hu<\/a><\/p>\n<div class=\"kv-page-margin-05\">\u00a0<\/div>\n<h2 class=\"kv-page-content-paragraph kv-page-content-title\"><span style=\"font-weight: 400\">Kaposv\u00e1ri Kod\u00e1ly Zolt\u00e1n K\u00f6zponti \u00c1ltal\u00e1nos Iskola G\u00e1rdonyi G\u00e9za Tagiskol\u00e1ja<\/span><\/h2>\n<p class=\"kv-page-content-paragraph\"><em>Igazgat\u00f3: B\u00f3dog-Csek Judit<\/em><\/p>\n<p class=\"kv-page-content-paragraph\">7400 Kaposv\u00e1r, Mad\u00e1r utca 16.<br \/>\nTelefon: +36 (82) 512 402<br \/>\nE-mail: <a href=\"gardonyi@gardonyisuli.com\">gardonyi@gardonyisuli.com<\/a><br \/>\nHonlap: <a href=\"http:\/\/www.gardonyi-kaposvar.edu.hu\" target=\"_blank\" rel=\"noopener\">www.gardonyi-kaposvar.edu.hu<\/a><\/p>\n<div class=\"kv-page-content-paragraph clearfix kv-page-margin-05\">\u00a0<\/div>\n<h2 class=\"kv-page-content-paragraph kv-page-content-title\"><span style=\"font-weight: 400\">Kaposv\u00e1ri Kod\u00e1ly Zolt\u00e1n K\u00f6zponti \u00c1ltal\u00e1nos Iskola Honv\u00e9d Utcai Tagiskol\u00e1ja<\/span><\/h2>\n<p class=\"kv-page-content-paragraph\"><em>Igazgat\u00f3: Delyn\u00e9 Horv\u00e1th Andrea<\/em><\/p>\n<p class=\"kv-page-content-paragraph\">7400 Kaposv\u00e1r, Honv\u00e9d utca 33.<br \/>\nTelefon: +36 (82) 512 267<br \/>\nE-mail: <a href=\"mailto:honvedis@honved-kvar.edu.hu\">honvedis@honved-kvar.edu.hu<\/a><br \/>\nHonlap: <a href=\"http:\/\/www.sites.google.com\/site\/honvedkaposvar\" target=\"_blank\" rel=\"noopener\">www.sites.google.com\/site\/honvedkaposvar<\/a><\/p>\n<div class=\"kv-page-content-paragraph clearfix kv-page-margin-05\">\u00a0<\/div>\n<h2 class=\"kv-page-content-paragraph kv-page-content-title\"><span style=\"font-weight: 400\">Kaposv\u00e1ri Kod\u00e1ly Zolt\u00e1n K\u00f6zponti \u00c1ltal\u00e1nos Iskola II. R\u00e1k\u00f3czi Ferenc Tagiskol\u00e1ja<\/span><\/h2>\n<p class=\"kv-page-content-paragraph\"><em> Igazgat\u00f3: Andr\u00e1ssy Tiborn\u00e9<\/em><\/p>\n<p class=\"kv-page-content-paragraph\">7400 Kaposv\u00e1r, Kanizsai utca 67.<br \/>\nTelefon: +36 (82) 512 960<br \/>\nE-mail: <a href=\"rakocziiskola.kaposvar@gmail.com\">rakocziiskola.kaposvar@gmail.com<\/a><br \/>\nHonlap: <a href=\"http:\/\/www.rafeisk.hu\">www.rafeisk.hu<\/a><\/p>\n<div class=\"kv-page-content-paragraph clearfix kv-page-margin-05\">\u00a0<\/div>\n<h2 class=\"kv-page-content-paragraph kv-page-content-title\"><span style=\"font-weight: 400\">Kaposv\u00e1ri Csokonai Vit\u00e9z Mih\u00e1ly \u00c1ltal\u00e1nos Iskola, Gimn\u00e1zium \u00e9s Szakgimn\u00e1zium<\/span><\/h2>\n<p class=\"kv-page-content-paragraph\"><em>Igazgat\u00f3: <i><span style=\"font-weight: 400\">Feny\u0151n\u00e9 Antal Judit<\/span><\/i><\/em><\/p>\n<p class=\"kv-page-content-paragraph\">7400 Kaposv\u00e1r, B\u00e9ke utca 75.<br \/>\nTelefon: +36 (82) 411 628<br \/>\nE-mail: <a href=\"mailto:titkar@gyakorlo-kap.edu.hu\">titkar@gyakorlo-kap.edu.hu<\/a><br \/>\nHonlap: <a href=\"http:\/\/www.gyakorlo-kap.edu.hu\">www.gyakorlo-kap.edu.hu<\/a><\/p>\n<div class=\"kv-page-content-paragraph clearfix kv-page-margin-05\">\u00a0<\/div>\n<h2 class=\"kv-page-content-paragraph kv-page-content-title\">Kaposv\u00e1ri Kod\u00e1ly Zolt\u00e1n K\u00f6zponti \u00c1ltal\u00e1nos Iskola<\/h2>\n<p class=\"kv-page-content-paragraph\"><em>Igazgat\u00f3: Szab\u00f3 Zolt\u00e1nn\u00e9 Kudomr\u00e1k Zsuzsanna<\/em><\/p>\n<p class=\"kv-page-content-paragraph\">7400 Kaposv\u00e1r, F\u0151 utca 44.<br \/>\nTelefon: +36 (82) 526 418<br \/>\nE-mail: <a href=\"mailto:kodalyzoltan.kozpont@gmail.com\">kodalyzoltan.kozpont@gmail.com<\/a><br \/>\nHonlap: <a href=\"http:\/\/www.kodaly-kap.edu.hu\">www.kodaly-kap.edu.hu<\/a><\/p>\n<div class=\"kv-page-margin-05\">\u00a0<\/div>\n<h2 class=\"kv-page-content-paragraph kv-page-content-title\">Kaposv\u00e1ri Liszt Ferenc Zeneiskola &#8211; Alapfok\u00fa M\u0171v\u00e9szeti Iskola<\/h2>\n<p class=\"kv-page-content-paragraph\"><em>Igazgat\u00f3: Nagy Tam\u00e1s<\/em><\/p>\n<p class=\"kv-page-content-paragraph\">7400 Kaposv\u00e1r, Kossuth Lajos utca 21.<br \/>\nTelefon: +36 (82) 512 762<br \/>\nE-mail: <a href=\"lisztzenekapos@liszt-kaposvar.edu.hu\">lisztzenekapos@liszt-kaposvar.edu.hu<\/a><br \/>\nHonlap: <a href=\"http:\/\/www.kaposvarizeneiskola.hu\" target=\"_blank\" rel=\"noopener\">www.kaposvarizeneiskola.hu<\/a><\/p>\n<div class=\"kv-page-content-paragraph clearfix kv-page-margin-05\">\u00a0<\/div>\n<h2 class=\"kv-page-content-paragraph kv-page-content-title\"><span style=\"font-weight: 400\">Kaposv\u00e1ri Kod\u00e1ly Zolt\u00e1n K\u00f6zponti \u00c1ltal\u00e1nos Iskola Kinizsi Lak\u00f3telepi Tagiskol\u00e1ja<\/span><\/h2>\n<p class=\"kv-page-content-paragraph\"><em>Igazgat\u00f3: Gelencs\u00e9r Zsolt<\/em><\/p>\n<p class=\"kv-page-content-paragraph\">7400 Kaposv\u00e1r, B\u00fazavir\u00e1g utca 21.<br \/>\nTelefon: +36 (82) 510 247<br \/>\nE-mail: <a href=\"kinizsitagiskola@gmail.com\">kinizsitagiskola@gmail.com<\/a><br \/>\nHonlap: <a href=\"http:\/\/www.kinizsisuli.hu\" target=\"_blank\" rel=\"noopener\">www.kinizsisuli.hu<\/a><\/p>\n<div class=\"kv-page-content-paragraph clearfix kv-page-margin-05\">\u00a0<\/div>\n<h2 class=\"kv-page-content-paragraph kv-page-content-title\"><span style=\"font-weight: 400\">Kaposv\u00e1ri Kod\u00e1ly Zolt\u00e1n K\u00f6zponti \u00c1ltal\u00e1nos Iskola Kisfaludy Utcai Tagiskol\u00e1ja<\/span><\/h2>\n<p class=\"kv-page-content-paragraph\"><em>Igazgat\u00f3: Ag\u00f3csn\u00e9 Horv\u00e1th Andrea<\/em><\/p>\n<p class=\"kv-page-content-paragraph\">7400 Kaposv\u00e1r, Kisfaludy utca 26\/A<br \/>\nTelefon: +36 (82) 419 828<br \/>\nE-mail: <a href=\"kisfaludyutcaitagiskola@gmail.com\">kisfaludyutcaitagiskola@gmail.com<\/a><br \/>\nHonlap: <a href=\"http:\/\/www.kisfaludy-kvar.edu.hu\">www.kisfaludy-kvar.edu.hu<\/a><\/p>\n<div class=\"kv-page-content-paragraph clearfix kv-page-margin-05\">\u00a0<\/div>\n<h2 class=\"kv-page-content-paragraph kv-page-content-title\">Lor\u00e1ntffy Zsuzsanna Reform\u00e1tus \u00d3voda, \u00c1ltal\u00e1nos Iskola, Gimn\u00e1zium \u00e9s Koll\u00e9gium<\/h2>\n<p class=\"kv-page-content-paragraph\"><em>Igazgat\u00f3: Farkasn\u00e9 Papp \u00c1gnes<\/em><\/p>\n<p class=\"kv-page-content-paragraph\">7400 Kaposv\u00e1r, Somssich P\u00e1l utca 15.<br \/>\nTelefon: +36 (82) 511 487<br \/>\nE-mail: <a href=\"mailto:titkarsag@lozsu.hu\">titkarsag@lozsu.hu<\/a><br \/>\nHonlap: <a href=\"http:\/\/www.lozsu.hu\" target=\"_blank\" rel=\"noopener\">www.lozsu.hu<\/a><\/p>\n<div class=\"kv-page-content-paragraph clearfix kv-page-margin-05\">\u00a0<\/div>\n<h2 class=\"kv-page-content-paragraph kv-page-content-title\">Nagyboldogasszony R\u00f3mai Katolikus Gimn\u00e1zium, \u00c1ltal\u00e1nos Iskola \u00e9s Alapfok\u00fa M\u0171v\u00e9szeti Iskola<\/h2>\n<p class=\"kv-page-content-paragraph\"><em>Igazgat\u00f3: Varga B\u00e1lint<\/em><\/p>\n<p class=\"kv-page-content-paragraph\">7400 Kaposv\u00e1r, Z\u00e1rda utca 2.<br \/>\nTelefon: +36 (82) 511 805<br \/>\nE-mail: <a href=\"mailto:katgim@katgim.hu\">katgim@katgim.hu<\/a><br \/>\nHonlap: <a href=\"http:\/\/www.katgim.hu\" target=\"_blank\" rel=\"noopener\">www.katgim.hu<\/a><\/p>\n<div class=\"kv-page-content-paragraph clearfix kv-page-margin-05\">\u00a0<\/div>\n<h2 class=\"kv-page-content-paragraph kv-page-content-title\">Berzsenyi D\u00e1niel Evang\u00e9likus \u00c1ltal\u00e1nos Iskola<\/h2>\n<p class=\"kv-page-content-paragraph\"><em>Megb\u00edzott igazgat\u00f3: Horv\u00e1th Bal\u00e1zs<\/em><\/p>\n<p class=\"kv-page-content-paragraph\">7400 Kaposv\u00e1r, Szent Imre utca 29\/C<br \/>\nTelefon: +36 (82) 510 894<br \/>\nE-mail: <a href=\"mailto:kaposvar.berzsenyi@gmail.com\">kaposvar.berzsenyi@gmail.com<\/a><br \/>\nHonlap: <a href=\"http:\/\/www.katgim.hu\" target=\"_blank\" rel=\"noopener\">www.berzsenyi-kvar.edu.hu<\/a><\/p>\n<div class=\"kv-page-margin-05\">\u00a0<\/div>\n<h2 class=\"kv-page-content-paragraph kv-page-content-title\"><span style=\"font-weight: 400\">Somogy V\u00e1rmegyei Dur\u00e1czky J\u00f3zsef \u00d3voda, \u00c1ltal\u00e1nos Iskola, Egys\u00e9ges Gy\u00f3gypedag\u00f3giai M\u00f3dszertani Int\u00e9zm\u00e9ny \u00e9s Koll\u00e9gium<\/span><\/h2>\n<p class=\"kv-page-content-paragraph\"><em>F\u0151igazgat\u00f3: Gyurina \u00c9va<\/em><\/p>\n<p class=\"kv-page-content-paragraph\">7400 Kaposv\u00e1r, Somssich P\u00e1l utca 8.<br \/>\nTelefon: <span style=\"font-weight: 400\">+36 (82) 527 440<\/span><br \/>\nE-mail: <a href=\"mailto:http:\/\/gyurina.eva@liveedu.duraczky.hu\">gyurina.eva@liveedu.duraczky.hu<\/a><br \/>\nHonlap: <a href=\"http:\/\/www.duraczky.hu\/\">www.duraczky.hu<\/a><\/p>\n<div class=\"kv-page-content-paragraph clearfix kv-page-margin-05\">\u00a0<\/div>\n<h2 class=\"kv-page-content-paragraph kv-page-content-title\"><span style=\"font-weight: 400\">Kaposv\u00e1ri Kod\u00e1ly Zolt\u00e1n K\u00f6zponti \u00c1ltal\u00e1nos Iskola Toldi Lak\u00f3telepi Tagiskol\u00e1ja<\/span><\/h2>\n<p class=\"kv-page-content-paragraph\"><em>Igazgat\u00f3: Magyar L\u00e1szl\u00f3 Istv\u00e1n<\/em><\/p>\n<p class=\"kv-page-content-paragraph\">7400 Kaposv\u00e1r, Szondi utca 3.<br \/>\nTelefon: +36 (82) 511 627<br \/>\nE-mail: <a href=\"mailto:toldiiskola@gmail.com\">toldiiskola@gmail.com<\/a><br \/>\nHonlap: <a href=\"http:\/\/www.toldi-kap.edu.hu\">www.toldi-kap.edu.hu<\/a><\/p>\n<div class=\"kv-page-content-paragraph clearfix kv-page-margin-05\">\u00a0<\/div>\n<h2 class=\"kv-page-content-paragraph kv-page-content-title\"><span style=\"font-weight: 400\">Kaposv\u00e1ri Kod\u00e1ly Zolt\u00e1n K\u00f6zponti \u00c1ltal\u00e1nos Iskola Topon\u00e1ri Tagiskol\u00e1ja<\/span><\/h2>\n<p class=\"kv-page-content-paragraph\"><em> Igazgat\u00f3: Bokor Be\u00e1ta<\/em><\/p>\n<p class=\"kv-page-content-paragraph\">7400 Kaposv\u00e1r, Topon\u00e1ri \u00fat 62.<br \/>\nTelefon: +36 (82) 313 112<br \/>\nE-mail: <a href=\"mailto:igazgato@toponari-kvar.edu.hu\">igazgato@toponari-kvar.edu.hu<\/a><br \/>\nHonlap: <a href=\"https:\/\/topsuli.wordpress.com\/\" target=\"_blank\" rel=\"noopener\">topsuli.wordpress.com<\/a><\/p>\n<div class=\"kv-page-content-paragraph clearfix kv-page-margin-05\">\u00a0<\/div>\n<h2 class=\"kv-page-content-paragraph kv-page-content-title\"><span style=\"font-weight: 400\">Kaposv\u00e1ri Kod\u00e1ly Zolt\u00e1n K\u00f6zponti \u00c1ltal\u00e1nos Iskola Zr\u00ednyi Ilona Magyar-Angol K\u00e9t Tan\u00edt\u00e1si Nyelv\u0171 Tagiskol\u00e1ja<\/span><\/h2>\n<p class=\"kv-page-content-paragraph\"><em>Igazgat\u00f3: Puska Zolt\u00e1n<\/em><\/p>\n<p class=\"kv-page-content-paragraph\">7400 Kaposv\u00e1r, P\u00e1zm\u00e1ny P\u00e9ter utca 32\/B<br \/>\nTelefon: +36 (82) 420 224<br \/>\nE-mail: <a href=\"mailto:zrinyi@somogy.hu\">zrinyi@somogy.hu<\/a><br \/>\nHonlap: <a href=\"http:\/\/www.kaposvar.net\/www.zrinyi-sulinet.hu\">www.kaposvar.net\/www.zrinyi-sulinet.hu<\/a><\/p>\n<div class=\"kv-page-content-paragraph clearfix kv-page-margin-05\">\u00a0<\/div>\n<h2 class=\"kv-page-content-paragraph kv-page-content-title\">Somogy V\u00e1rmegyei Pedag\u00f3giai Szakszolg\u00e1lat Kaposv\u00e1ri Tagint\u00e9zm\u00e9nye<\/h2>\n<p class=\"kv-page-content-paragraph\"><em>Igazgat\u00f3: dr. Gy\u00f6ngy\u00f6sin\u00e9 Ball\u00e9r Krisztina<\/em><\/p>\n<p class=\"kv-page-content-paragraph\">7400 Kaposv\u00e1r, B\u00e1rczi Guszt\u00e1v utca 2.<br \/>\nTelefon: +36 (82) 512 263<br \/>\nE-mail: <a href=\"mailto:kaposvariszakszolg@gmail.com\">kaposvariszakszolg@gmail.com<\/a><br \/>\nHonlap: <a href=\"http:\/\/www.pedagogiai-szakszolgalat.hu\/kaposvar\/kaposvar\/koszonto\">www.pedagogiai-szakszolgalat.hu<\/a><\/p>\n<div class=\"kv-page-margin-1\">\u00a0<\/div>\n<p><\/p>","protected":false},"excerpt":{"rendered":"<p>B\u00e1rczi Guszt\u00e1v \u00d3voda, \u00c1ltal\u00e1nos Iskola, Szakiskola, K\u00e9szs\u00e9gfejleszt\u0151 Iskola, Fejleszt\u0151 Nevel\u00e9s-Oktat\u00e1st V\u00e9gz\u0151 Iskola, Koll\u00e9gium, Egys\u00e9ges Gy\u00f3gypedag\u00f3giai M\u00f3dszertani Int\u00e9zm\u00e9ny F\u0151igazgat\u00f3: Kov\u00e1cs Attila 7400 Kaposv\u00e1r, B\u00e1rczi Guszt\u00e1v utca 2. Telefon: +36 (82) 512 766 E-mail: barcziiskola@barcziiskola.hu Honlap: www.barcziiskola.hu \u00a0 Kaposv\u00e1ri Kod\u00e1ly Zolt\u00e1n K\u00f6zponti \u00c1ltal\u00e1nos Iskola Benedek Elek Tagiskol\u00e1ja Igazgat\u00f3: Patakin\u00e9 Horv\u00e1th Vivien 7400 Kaposv\u00e1r, Kaposf\u00fcredi \u00fat 173. Telefon: [&hellip;]<\/p>\n","protected":false},"author":1,"featured_media":1407,"parent":223,"menu_order":0,"comment_status":"closed","ping_status":"closed","template":"","meta":[],"acf":[],"yoast_head":"<!-- This site is optimized with the Yoast SEO plugin v19.8 - https:\/\/yoast.com\/wordpress\/plugins\/seo\/ -->\n<title>\u00c1ltal\u00e1nos iskol\u00e1k - Kaposv\u00e1r Megyei Jog\u00fa V\u00e1ros<\/title>\n<meta name=\"robots\" content=\"index, follow, max-snippet:-1, max-image-preview:large, max-video-preview:-1\" \/>\n<link rel=\"canonical\" href=\"https:\/\/otthon.kaposvar.hu\/hu\/lakossagi-informaciok\/oktatas\/altalanos-iskolak\/\" \/>\n<meta property=\"og:locale\" content=\"hu_HU\" \/>\n<meta property=\"og:type\" content=\"article\" \/>\n<meta property=\"og:title\" content=\"\u00c1ltal\u00e1nos iskol\u00e1k - Kaposv\u00e1r Megyei Jog\u00fa V\u00e1ros\" \/>\n<meta property=\"og:description\" content=\"B\u00e1rczi Guszt\u00e1v \u00d3voda, \u00c1ltal\u00e1nos Iskola, Szakiskola, K\u00e9szs\u00e9gfejleszt\u0151 Iskola, Fejleszt\u0151 Nevel\u00e9s-Oktat\u00e1st V\u00e9gz\u0151 Iskola, Koll\u00e9gium, Egys\u00e9ges Gy\u00f3gypedag\u00f3giai M\u00f3dszertani Int\u00e9zm\u00e9ny F\u0151igazgat\u00f3: Kov\u00e1cs Attila 7400 Kaposv\u00e1r, B\u00e1rczi Guszt\u00e1v utca 2. Telefon: +36 (82) 512 766 E-mail: barcziiskola@barcziiskola.hu Honlap: www.barcziiskola.hu \u00a0 Kaposv\u00e1ri Kod\u00e1ly Zolt\u00e1n K\u00f6zponti \u00c1ltal\u00e1nos Iskola Benedek Elek Tagiskol\u00e1ja Igazgat\u00f3: Patakin\u00e9 Horv\u00e1th Vivien 7400 Kaposv\u00e1r, Kaposf\u00fcredi \u00fat 173. Telefon: [&hellip;]\" \/>\n<meta property=\"og:url\" content=\"https:\/\/otthon.kaposvar.hu\/hu\/lakossagi-informaciok\/oktatas\/altalanos-iskolak\/\" \/>\n<meta property=\"og:site_name\" content=\"Kaposv\u00e1r Megyei Jog\u00fa V\u00e1ros\" \/>\n<meta property=\"article:publisher\" content=\"https:\/\/www.facebook.com\/cityofkaposvar\/\" \/>\n<meta property=\"article:modified_time\" content=\"2026-01-20T04:26:49+00:00\" \/>\n<meta property=\"og:image\" content=\"https:\/\/otthon.kaposvar.hu\/wp-content\/uploads\/2017\/01\/altalanos_iskolak-1024x682.jpg\" \/>\n\t<meta property=\"og:image:width\" content=\"1024\" \/>\n\t<meta property=\"og:image:height\" content=\"682\" \/>\n\t<meta property=\"og:image:type\" content=\"image\/jpeg\" \/>\n<meta name=\"twitter:card\" content=\"summary_large_image\" \/>\n<meta name=\"twitter:label1\" content=\"Becs\u00fclt olvas\u00e1si id\u0151\" \/>\n\t<meta name=\"twitter:data1\" content=\"4 perc\" \/>\n<script type=\"application\/ld+json\" class=\"yoast-schema-graph\">{\"@context\":\"https:\/\/schema.org\",\"@graph\":[{\"@type\":\"WebPage\",\"@id\":\"https:\/\/otthon.kaposvar.hu\/hu\/lakossagi-informaciok\/oktatas\/altalanos-iskolak\/\",\"url\":\"https:\/\/otthon.kaposvar.hu\/hu\/lakossagi-informaciok\/oktatas\/altalanos-iskolak\/\",\"name\":\"\u00c1ltal\u00e1nos iskol\u00e1k - Kaposv\u00e1r Megyei Jog\u00fa V\u00e1ros\",\"isPartOf\":{\"@id\":\"https:\/\/otthon.kaposvar.hu\/hu\/#website\"},\"datePublished\":\"2017-01-22T10:47:25+00:00\",\"dateModified\":\"2026-01-20T04:26:49+00:00\",\"breadcrumb\":{\"@id\":\"https:\/\/otthon.kaposvar.hu\/hu\/lakossagi-informaciok\/oktatas\/altalanos-iskolak\/#breadcrumb\"},\"inLanguage\":\"hu\",\"potentialAction\":[{\"@type\":\"ReadAction\",\"target\":[[\"https:\/\/otthon.kaposvar.hu\/hu\/lakossagi-informaciok\/oktatas\/altalanos-iskolak\/\"]]}]},{\"@type\":\"BreadcrumbList\",\"@id\":\"https:\/\/otthon.kaposvar.hu\/hu\/lakossagi-informaciok\/oktatas\/altalanos-iskolak\/#breadcrumb\",\"itemListElement\":[{\"@type\":\"ListItem\",\"position\":1,\"name\":\"Home\",\"item\":\"https:\/\/otthon.kaposvar.hu\/hu\/\"},{\"@type\":\"ListItem\",\"position\":2,\"name\":\"Lakoss\u00e1gi inform\u00e1ci\u00f3k\",\"item\":\"https:\/\/otthon.kaposvar.hu\/hu\/lakossagi-informaciok\/\"},{\"@type\":\"ListItem\",\"position\":3,\"name\":\"Oktat\u00e1s\",\"item\":\"https:\/\/otthon.kaposvar.hu\/hu\/lakossagi-informaciok\/oktatas\/\"},{\"@type\":\"ListItem\",\"position\":4,\"name\":\"\u00c1ltal\u00e1nos iskol\u00e1k\"}]},{\"@type\":\"WebSite\",\"@id\":\"https:\/\/otthon.kaposvar.hu\/hu\/#website\",\"url\":\"https:\/\/otthon.kaposvar.hu\/hu\/\",\"name\":\"Kaposv\u00e1r Megyei Jog\u00fa V\u00e1ros\",\"description\":\"\",\"publisher\":{\"@id\":\"https:\/\/otthon.kaposvar.hu\/hu\/#organization\"},\"potentialAction\":[{\"@type\":\"SearchAction\",\"target\":{\"@type\":\"EntryPoint\",\"urlTemplate\":\"https:\/\/otthon.kaposvar.hu\/hu\/?s={search_term_string}\"},\"query-input\":\"required name=search_term_string\"}],\"inLanguage\":\"hu\"},{\"@type\":\"Organization\",\"@id\":\"https:\/\/otthon.kaposvar.hu\/hu\/#organization\",\"name\":\"Kaposv\u00e1r Megyei Jog\u00fa V\u00e1ros\",\"url\":\"https:\/\/otthon.kaposvar.hu\/hu\/\",\"sameAs\":[\"https:\/\/www.instagram.com\/cityofkaposvar\/\",\"https:\/\/www.facebook.com\/cityofkaposvar\/\"],\"logo\":{\"@type\":\"ImageObject\",\"inLanguage\":\"hu\",\"@id\":\"https:\/\/otthon.kaposvar.hu\/hu\/#\/schema\/logo\/image\/\",\"url\":\"https:\/\/otthon.kaposvar.hu\/wp-content\/uploads\/2021\/10\/kaposvar_social.jpg\",\"contentUrl\":\"https:\/\/otthon.kaposvar.hu\/wp-content\/uploads\/2021\/10\/kaposvar_social.jpg\",\"width\":1200,\"height\":900,\"caption\":\"Kaposv\u00e1r Megyei Jog\u00fa V\u00e1ros\"},\"image\":{\"@id\":\"https:\/\/otthon.kaposvar.hu\/hu\/#\/schema\/logo\/image\/\"}}]}<\/script>\n<!-- \/ Yoast SEO plugin. -->","yoast_head_json":{"title":"\u00c1ltal\u00e1nos iskol\u00e1k - Kaposv\u00e1r Megyei Jog\u00fa V\u00e1ros","robots":{"index":"index","follow":"follow","max-snippet":"max-snippet:-1","max-image-preview":"max-image-preview:large","max-video-preview":"max-video-preview:-1"},"canonical":"https:\/\/otthon.kaposvar.hu\/hu\/lakossagi-informaciok\/oktatas\/altalanos-iskolak\/","og_locale":"hu_HU","og_type":"article","og_title":"\u00c1ltal\u00e1nos iskol\u00e1k - Kaposv\u00e1r Megyei Jog\u00fa V\u00e1ros","og_description":"B\u00e1rczi Guszt\u00e1v \u00d3voda, \u00c1ltal\u00e1nos Iskola, Szakiskola, K\u00e9szs\u00e9gfejleszt\u0151 Iskola, Fejleszt\u0151 Nevel\u00e9s-Oktat\u00e1st V\u00e9gz\u0151 Iskola, Koll\u00e9gium, Egys\u00e9ges Gy\u00f3gypedag\u00f3giai M\u00f3dszertani Int\u00e9zm\u00e9ny F\u0151igazgat\u00f3: Kov\u00e1cs Attila 7400 Kaposv\u00e1r, B\u00e1rczi Guszt\u00e1v utca 2. Telefon: +36 (82) 512 766 E-mail: barcziiskola@barcziiskola.hu Honlap: www.barcziiskola.hu \u00a0 Kaposv\u00e1ri Kod\u00e1ly Zolt\u00e1n K\u00f6zponti \u00c1ltal\u00e1nos Iskola Benedek Elek Tagiskol\u00e1ja Igazgat\u00f3: Patakin\u00e9 Horv\u00e1th Vivien 7400 Kaposv\u00e1r, Kaposf\u00fcredi \u00fat 173. Telefon: [&hellip;]","og_url":"https:\/\/otthon.kaposvar.hu\/hu\/lakossagi-informaciok\/oktatas\/altalanos-iskolak\/","og_site_name":"Kaposv\u00e1r Megyei Jog\u00fa V\u00e1ros","article_publisher":"https:\/\/www.facebook.com\/cityofkaposvar\/","article_modified_time":"2026-01-20T04:26:49+00:00","og_image":[{"width":1024,"height":682,"url":"https:\/\/otthon.kaposvar.hu\/wp-content\/uploads\/2017\/01\/altalanos_iskolak-1024x682.jpg","type":"image\/jpeg"}],"twitter_card":"summary_large_image","twitter_misc":{"Becs\u00fclt olvas\u00e1si id\u0151":"4 perc"},"schema":{"@context":"https:\/\/schema.org","@graph":[{"@type":"WebPage","@id":"https:\/\/otthon.kaposvar.hu\/hu\/lakossagi-informaciok\/oktatas\/altalanos-iskolak\/","url":"https:\/\/otthon.kaposvar.hu\/hu\/lakossagi-informaciok\/oktatas\/altalanos-iskolak\/","name":"\u00c1ltal\u00e1nos iskol\u00e1k - Kaposv\u00e1r Megyei Jog\u00fa V\u00e1ros","isPartOf":{"@id":"https:\/\/otthon.kaposvar.hu\/hu\/#website"},"datePublished":"2017-01-22T10:47:25+00:00","dateModified":"2026-01-20T04:26:49+00:00","breadcrumb":{"@id":"https:\/\/otthon.kaposvar.hu\/hu\/lakossagi-informaciok\/oktatas\/altalanos-iskolak\/#breadcrumb"},"inLanguage":"hu","potentialAction":[{"@type":"ReadAction","target":[["https:\/\/otthon.kaposvar.hu\/hu\/lakossagi-informaciok\/oktatas\/altalanos-iskolak\/"]]}]},{"@type":"BreadcrumbList","@id":"https:\/\/otthon.kaposvar.hu\/hu\/lakossagi-informaciok\/oktatas\/altalanos-iskolak\/#breadcrumb","itemListElement":[{"@type":"ListItem","position":1,"name":"Home","item":"https:\/\/otthon.kaposvar.hu\/hu\/"},{"@type":"ListItem","position":2,"name":"Lakoss\u00e1gi inform\u00e1ci\u00f3k","item":"https:\/\/otthon.kaposvar.hu\/hu\/lakossagi-informaciok\/"},{"@type":"ListItem","position":3,"name":"Oktat\u00e1s","item":"https:\/\/otthon.kaposvar.hu\/hu\/lakossagi-informaciok\/oktatas\/"},{"@type":"ListItem","position":4,"name":"\u00c1ltal\u00e1nos iskol\u00e1k"}]},{"@type":"WebSite","@id":"https:\/\/otthon.kaposvar.hu\/hu\/#website","url":"https:\/\/otthon.kaposvar.hu\/hu\/","name":"Kaposv\u00e1r Megyei Jog\u00fa V\u00e1ros","description":"","publisher":{"@id":"https:\/\/otthon.kaposvar.hu\/hu\/#organization"},"potentialAction":[{"@type":"SearchAction","target":{"@type":"EntryPoint","urlTemplate":"https:\/\/otthon.kaposvar.hu\/hu\/?s={search_term_string}"},"query-input":"required name=search_term_string"}],"inLanguage":"hu"},{"@type":"Organization","@id":"https:\/\/otthon.kaposvar.hu\/hu\/#organization","name":"Kaposv\u00e1r Megyei Jog\u00fa V\u00e1ros","url":"https:\/\/otthon.kaposvar.hu\/hu\/","sameAs":["https:\/\/www.instagram.com\/cityofkaposvar\/","https:\/\/www.facebook.com\/cityofkaposvar\/"],"logo":{"@type":"ImageObject","inLanguage":"hu","@id":"https:\/\/otthon.kaposvar.hu\/hu\/#\/schema\/logo\/image\/","url":"https:\/\/otthon.kaposvar.hu\/wp-content\/uploads\/2021\/10\/kaposvar_social.jpg","contentUrl":"https:\/\/otthon.kaposvar.hu\/wp-content\/uploads\/2021\/10\/kaposvar_social.jpg","width":1200,"height":900,"caption":"Kaposv\u00e1r Megyei Jog\u00fa V\u00e1ros"},"image":{"@id":"https:\/\/otthon.kaposvar.hu\/hu\/#\/schema\/logo\/image\/"}}]}},"_links":{"self":[{"href":"https:\/\/otthon.kaposvar.hu\/hu\/wp-json\/wp\/v2\/pages\/229"}],"collection":[{"href":"https:\/\/otthon.kaposvar.hu\/hu\/wp-json\/wp\/v2\/pages"}],"about":[{"href":"https:\/\/otthon.kaposvar.hu\/hu\/wp-json\/wp\/v2\/types\/page"}],"author":[{"embeddable":true,"href":"https:\/\/otthon.kaposvar.hu\/hu\/wp-json\/wp\/v2\/users\/1"}],"replies":[{"embeddable":true,"href":"https:\/\/otthon.kaposvar.hu\/hu\/wp-json\/wp\/v2\/comments?post=229"}],"version-history":[{"count":0,"href":"https:\/\/otthon.kaposvar.hu\/hu\/wp-json\/wp\/v2\/pages\/229\/revisions"}],"up":[{"embeddable":true,"href":"https:\/\/otthon.kaposvar.hu\/hu\/wp-json\/wp\/v2\/pages\/223"}],"wp:featuredmedia":[{"embeddable":true,"href":"https:\/\/otthon.kaposvar.hu\/hu\/wp-json\/wp\/v2\/media\/1407"}],"wp:attachment":[{"href":"https:\/\/otthon.kaposvar.hu\/hu\/wp-json\/wp\/v2\/media?parent=229"}],"curies":[{"name":"wp","href":"https:\/\/api.w.org\/{rel}","templated":true}]}}