{"id":227,"date":"2017-01-22T11:47:14","date_gmt":"2017-01-22T10:47:14","guid":{"rendered":"http:\/\/lakossag.gyori.co.hu\/?page_id=227"},"modified":"2026-01-20T12:58:15","modified_gmt":"2026-01-20T11:58:15","slug":"ovodak","status":"publish","type":"page","link":"https:\/\/otthon.kaposvar.hu\/hu\/lakossagi-informaciok\/oktatas\/ovodak\/","title":{"rendered":"\u00d3vod\u00e1k"},"content":{"rendered":"<p><\/p>\n<p><span style=\"font-family: MB Empire Bold;\"><strong><span style=\"font-size: 20px;\">Kaposv\u00e1ri \u00d3vodai K\u00f6zpont<\/span><\/strong><\/span><\/p>\n<p>7400 Kaposv\u00e1r, Pet\u0151fi S. utca 20.<br \/>\nTelefonsz\u00e1m: +3670\/9530385<\/p>\n<p>Igazgat\u00f3: <em>Sz\u0151ll\u0151sin\u00e9 Gy\u00fcre Gabriella<\/em><\/p>\n<p><a href=\"mailto:kaposvariovodaikozpont@gmail.com\">kaposvariovodaikozpont@gmail.com<\/a><\/p>\n<h3 class=\"kv-page-content-subtitle\">\u00a0<\/h3>\n<h2 class=\"kv-page-content-title\">Arany J\u00e1nos Tag\u00f3voda<\/h2>\n<h4 class=\"kv-page-content-paragraphtitle\">Tag\u00f3voda-vezet\u0151: Horv\u00e1th Gy\u00f6rgyn\u00e9<\/h4>\n<p class=\"kv-page-content-paragraph\">7400 Kaposv\u00e1r, Arany J\u00e1nos u. 2\/a<br \/>\nTelefon: +36 (82) 415 701<br \/>\nE-mail: <a href=\"mailto:aranyjanosovoda@gmail.com\">aranyjanosovoda@gmail.com<\/a><\/p>\n<p>&nbsp;<\/p>\n<h2 class=\"kv-page-content-title\">B\u00e9ke Utcai Tag\u00f3voda<\/h2>\n<h4 class=\"kv-page-content-paragraphtitle\">Tag\u00f3voda-vezet\u0151: T\u00f3th-Jakab Judit<\/h4>\n<p class=\"kv-page-content-paragraph\">7400 Kaposv\u00e1r, B\u00e9ke utca 51.<br \/>\nTelefon: +36 (82) 411 639<br \/>\nE-mail: <a href=\"mailto:bekeovoda@gmail.com\">bekeovoda@gmail.com<\/a><\/p>\n<p>&nbsp;<\/p>\n<h2 class=\"kv-page-content-title\">B\u00fazavir\u00e1g Tag\u00f3voda<\/h2>\n<h4 class=\"kv-page-content-paragraphtitle\">Tag\u00f3voda-vezet\u0151: Semosty\u00e1n R\u00f3bertn\u00e9<\/h4>\n<p class=\"kv-page-content-paragraph\">7400 Kaposv\u00e1r, B\u00fazavir\u00e1g utca 19.<br \/>\nTelefon: +36 (82) 511 074<br \/>\nE-mail: <a href=\"mailto:buzavirag.ovoda19@gmail.com\">buzavirag.ovoda19@gmail.com<\/a><\/p>\n<p>&nbsp;<\/p>\n<h2 class=\"kv-page-content-title\">Damjanich Utcai Tag\u00f3voda<\/h2>\n<h4 class=\"kv-page-content-paragraphtitle\">Tag\u00f3voda-vezet\u0151: T\u00f3th Szilvia<\/h4>\n<p class=\"kv-page-content-paragraph\">7400 Kaposv\u00e1r, Damjanich u. 38.<br \/>\nTelefon: +36 (82) 512 167<br \/>\nE-mail: <a href=\"mailto:damjanich.ovoda@gmail.com\">damjanich.ovoda@gmail.com<\/a><\/p>\n<p>&nbsp;<\/p>\n<h2 class=\"kv-page-content-title\">Festetics Karolina Tag\u00f3voda<\/h2>\n<h4 class=\"kv-page-content-paragraphtitle\">Int\u00e9zm\u00e9nyvezet\u0151: Koll\u00e1rn\u00e9 Kiss M\u00e1rta<\/h4>\n<p class=\"kv-page-content-paragraph\">7400 Kaposv\u00e1r, Topon\u00e1ri \u00fat 49.<br \/>\nTelefon: +36 (82) 413 454<br \/>\nE-mail: <a href=\"mailto:festetics.karolina@gmail.com\">festetics.karolina@gmail.com<\/a><\/p>\n<p>&nbsp;<\/p>\n<h2 class=\"kv-page-content-title\">F\u00e9s\u0171s \u00c9va Tag\u00f3voda<\/h2>\n<h4 class=\"kv-page-content-paragraphtitle\">Int\u00e9zm\u00e9nyvezet\u0151: Stanicsn\u00e9 T\u00f3th T\u00edmea<\/h4>\n<p class=\"kv-page-content-paragraph\">7400 Kaposv\u00e1r, Bajcsy-Zsilinszky utca 20.<br \/>\nTelefon: +36 (82) 526 674<br \/>\nE-mail: <a href=\"mailto:fesusevaovoda@gmail.com\">fesusevaovoda@gmail.com<\/a><\/p>\n<p>&nbsp;<\/p>\n<h2 class=\"kv-page-content-title\">Honv\u00e9d Utcai Tag\u00f3voda<\/h2>\n<h4 class=\"kv-page-content-paragraphtitle\">Tag\u00f3voda-vezet\u0151: Tuba Gabriella<\/h4>\n<p class=\"kv-page-content-paragraph\">7400 Kaposv\u00e1r, Honv\u00e9d utca 24\/b<br \/>\nTelefon: +36 (82) 321 674<br \/>\nE-mail: <a href=\"mailto:honvedtagovoda@gmail.com\">honvedtagovoda@gmail.com<\/a><\/p>\n<p>&nbsp;<\/p>\n<h2 class=\"kv-page-content-title\">Jutai \u00dati Tag\u00f3voda<\/h2>\n<h4 class=\"kv-page-content-paragraphtitle\">Tag\u00f3voda-vezet\u0151: Mioveczn\u00e9 Vida Szilvia<\/h4>\n<p class=\"kv-page-content-paragraph\">7400 Kaposv\u00e1r, Jutai \u00fat 24.<\/p>\n<p class=\"kv-page-content-paragraph\">Telefon: +36 (82) 433 720<br \/>\nE-mail: <a href=\"mailto:jutaiutiovi24@gmail.com\">jutaiutiovi24@gmail.com<\/a><\/p>\n<p>&nbsp;<\/p>\n<h2 class=\"kv-page-content-title\">Kaposf\u00fcredi Tag\u00f3voda<\/h2>\n<h4 class=\"kv-page-content-paragraphtitle\">Tag\u00f3voda-vezet\u0151: Endr\u00e9di \u00c9va<\/h4>\n<p class=\"kv-page-content-paragraph\">7400 Kaposv\u00e1r, Kaposf\u00fcredi \u00fat 181.<br \/>\nTelefon: +36 (82) 425 293<br \/>\nE-mail: <a href=\"mailto:kaposfured.ovoda@gmail.com\">kaposfured.ovoda@gmail.com<\/a><\/p>\n<h2 class=\"kv-page-content-title\">Mad\u00e1r Utcai Tag\u00f3voda<\/h2>\n<h4 class=\"kv-page-content-paragraphtitle\">Tag\u00f3voda-vezet\u0151: Hartner-Kalota Adrienn<\/h4>\n<p class=\"kv-page-content-paragraph\">7400 Kaposv\u00e1r, Mad\u00e1r utca 14.<br \/>\nTelefon: +36 (82) 526 011<br \/>\nE-mail: <a href=\"mailto:madarutcaitagovoda@gmail.com\">madarutcaitagovoda@gmail.com<\/a><\/p>\n<p>&nbsp;<\/p>\n<h2 class=\"kv-page-content-title\">Nemzet\u0151r Sori Tag\u00f3voda<\/h2>\n<h4 class=\"kv-page-content-paragraphtitle\">Int\u00e9zm\u00e9nyvezet\u0151: Nagy P\u00e9tern\u00e9<\/h4>\n<p class=\"kv-page-content-paragraph\">7400 Kaposv\u00e1r, Damjanich utca 3.<br \/>\nTelefon: +36 (82) 512 794<br \/>\nE-mail: <a href=\"mailto:nemzetorsoriovoda@gmail.com\">nemzetorsoriovoda@gmail.com<\/a><\/p>\n<p>&nbsp;<\/p>\n<h2 class=\"kv-page-content-title\">Pet\u0151fi S\u00e1ndor Sz\u00e9khely\u00f3voda<\/h2>\n<h4 class=\"kv-page-content-paragraphtitle\">Int\u00e9zm\u00e9nyvezet\u0151: dr. Bertalann\u00e9 Per\u00e9nyi Andrea<\/h4>\n<p class=\"kv-page-content-paragraph\">7400 Kaposv\u00e1r, Pet\u0151fi utca 20.<br \/>\nTelefon: +36 (82) 512 759<br \/>\nE-mail: <a href=\"mailto:petofi.ovoda20@gmail.com\">petofi.ovoda20@gmail.com<\/a><\/p>\n<p>&nbsp;<\/p>\n<h2 class=\"kv-page-content-title\">R\u00e9t Utcai Tag\u00f3voda<\/h2>\n<h4 class=\"kv-page-content-paragraphtitle\">Int\u00e9zm\u00e9nyvezet\u0151: Drahos Szilvia<\/h4>\n<p class=\"kv-page-content-paragraph\">7400 Kaposv\u00e1r, R\u00e9t utca 4.<br \/>\nTelefon: +36 (82) 512 978<br \/>\nE-mail: <a href=\"mailto:retovoda@gmail.com\">retovoda@gmail.com<\/a><\/p>\n<p>&nbsp;<\/p>\n<h2 class=\"kv-page-content-title\">Sz\u00e1nt\u00f3 Utcai Tag\u00f3voda<\/h2>\n<h4 class=\"kv-page-content-paragraphtitle\">Tag\u00f3voda-vezet\u0151: Fodor Zolt\u00e1nn\u00e9<\/h4>\n<p class=\"kv-page-content-paragraph\">7400 Kaposv\u00e1r, Sz\u00e1nt\u00f3 utca 15\/a<br \/>\nTelefon: +36 (82) 526 212<br \/>\nE-mail: <a href=\"mailto:ovoda.szanto@gmail.com\">ovoda.szanto@gmail.com<\/a><\/p>\n<p>&nbsp;<\/p>\n<h2 class=\"kv-page-content-title\">Szentjakabi Tag\u00f3voda<\/h2>\n<h4 class=\"kv-page-content-paragraphtitle\">Tag\u00f3voda-vezet\u0151: T\u00f6r\u00f6k Csab\u00e1n\u00e9<\/h4>\n<p class=\"kv-page-content-paragraph\">7400 Kaposv\u00e1r, P\u00e9csi utca 124.<br \/>\nTelefon: +36 (82) 512 786<br \/>\nE-mail: <a href=\"mailto:szentjakabi@gmail.com\">szentjakabi@gmail.com<\/a><\/p>\n<p>&nbsp;<\/p>\n<h2 class=\"kv-page-content-title\">Szigetv\u00e1ri Utcai Tag\u00f3voda<\/h2>\n<h4 class=\"kv-page-content-paragraphtitle\">Tag\u00f3voda-vezet\u0151: Gyuricza Gy\u00f6ngyi<\/h4>\n<p class=\"kv-page-content-paragraph\">7400 Kaposv\u00e1r, Szigetv\u00e1ri utca 9.<br \/>\nTelefon: +36 (82) 311 954<br \/>\nE-mail: <a href=\"mailto:szigetvariovi@gmail.com\">szigetvariovi@gmail.com<\/a><\/p>\n<p>&nbsp;<\/p>\n<h2 class=\"kv-page-content-title\">Talli\u00e1n Gyula Utcai Tag\u00f3voda<\/h2>\n<h4 class=\"kv-page-content-paragraphtitle\">Tag\u00f3voda-vezet\u0151: Horv\u00e1thn\u00e9 Weil Katalin<\/h4>\n<p class=\"kv-page-content-paragraph\">7400 Kaposv\u00e1r, Talli\u00e1n Gyula utca 127.<br \/>\nTelefon: +36 (82) 512 851<br \/>\nE-mail: <a href=\"mailto:tallianovoda@gmail.com\">tallianovoda@gmail.com<\/a><\/p>\n<p>&nbsp;<\/p>\n<h2 class=\"kv-page-content-title\">Tar Csat\u00e1r Tag\u00f3voda<\/h2>\n<h4 class=\"kv-page-content-paragraphtitle\">Int\u00e9zm\u00e9nyvezet\u0151: Kirkovitsn\u00e9 Moln\u00e1r Anita<\/h4>\n<p class=\"kv-page-content-paragraph\">7400 Kaposv\u00e1r, P\u00e9csi utca 1.<br \/>\nTelefon: +36 (82) 512 764<br \/>\nE-mail: <a href=\"mailto:tarcsatar.ovoda@gmail.com\">tarcsatar.ovoda@gmail.com<\/a><\/p>\n<p>&nbsp;<\/p>\n<h2 class=\"kv-page-content-title\">Temesv\u00e1r Utcai Tag\u00f3voda<\/h2>\n<h4 class=\"kv-page-content-paragraphtitle\">Tag\u00f3voda-vezet\u0151: Torma Tam\u00e1s Zolt\u00e1nn\u00e9<\/h4>\n<p class=\"kv-page-content-paragraph\">7400 Kaposv\u00e1r, Temesv\u00e1r utca 2.<br \/>\nTelefon: +36 (82) 410 535<br \/>\nE-mail: <a href=\"mailto:temesvarovi@freemail.hu\">temesvarovi@freemail.hu<\/a><\/p>\n<div class=\"clearfix\">\u00a0<\/div>\n<div class=\"kv-page-content-paragraph clearfix\">\n<hr \/>\n<\/div>\n<div class=\"clearfix\">\u00a0<\/div>\n<h2 class=\"kv-page-content-title\">Nem \u00f6nkorm\u00e1nyzati fenntart\u00e1s\u00fa int\u00e9zm\u00e9nyek:<\/h2>\n<div class=\"kv-page-content-paragraph kv-page-content-title clearfix\">\u00a0<\/div>\n<h2 class=\"kv-page-content-title\">Magyar Agr\u00e1r- \u00e9s \u00c9lettudom\u00e1nyi Egyetem Kaposv\u00e1ri Campus Gyakorl\u00f3 \u00d3voda<\/h2>\n<h4 class=\"kv-page-content-paragraphtitle\">Megb\u00edzott int\u00e9zm\u00e9nyvezet\u0151: Nagyn\u00e9 Zsilovics T\u00edmea<\/h4>\n<p class=\"kv-page-content-paragraph\">7400 Kaposv\u00e1r, F\u00fcredi utca 76.<br \/>\nTelefon: +36 (82) 512 255<br \/>\nE-mail: <a href=\"mailto:nagyne.zsilovics.timea@uni-mate.hu\">nagyne.zsilovics.timea@uni-mate.hu<\/a><br \/>\nHonlap: <a href=\"https:\/\/kaposvaricampus.uni-mate.hu\/gyakovi\" target=\"_blank\" rel=\"noopener noreferrer\">kaposvaricampus.uni-mate.hu<\/a><\/p>\n<div class=\"kv-page-content-paragraph kv-page-margin-05\">\u00a0<\/div>\n<h2 class=\"kv-page-content-title\">Szent Margit Katolikus \u00d3voda<\/h2>\n<h4 class=\"kv-page-content-paragraphtitle\">Int\u00e9zm\u00e9nyvezet\u0151: Bicskei Szilvia<\/h4>\n<p class=\"kv-page-content-paragraph\">7400 Kaposv\u00e1r, B\u00fazavir\u00e1g utca 19.<br \/>\nTelefon: +36 (82) 320 357<br \/>\nE-mail: <a href=\"mailto:sztmargit.ovoda@gmail.com\">sztmargit.ovoda@gmail.com<\/a><br \/>\nHonlap: <a href=\"http:\/\/www.szentmargit-ovoda.hu\" target=\"_blank\" rel=\"noopener noreferrer\">www.szentmargit-ovoda.hu<\/a><\/p>\n<div class=\"kv-page-content-paragraph kv-page-margin-05\">\u00a0<\/div>\n<h2 class=\"kv-page-content-title\">Szent Csal\u00e1d Katolikus \u00d3voda<\/h2>\n<h4 class=\"kv-page-content-paragraphtitle\">Int\u00e9zm\u00e9nyvezet\u0151: Ball\u00e1n\u00e9 L\u00e9r\u00e1nt Katalin<\/h4>\n<p class=\"kv-page-content-paragraph\">7400 Kaposv\u00e1r, B\u00e1rczi Guszt\u00e1v utca 19.<br \/>\nTelefon: +36 (30) 201 1828<br \/>\nE-mail: <a href=\"mailto:szentcsaladovoda.kvar@gmail.com\">szentcsaladovoda.kvar@gmail.com<\/a><\/p>\n<div class=\"kv-page-content-paragraph kv-page-margin-05\">\u00a0<\/div>\n<h2 class=\"kv-page-content-title\">B\u00e9kev\u00e1r \u00d3voda<\/h2>\n<h4 class=\"kv-page-content-paragraphtitle\">Int\u00e9zm\u00e9nyvezet\u0151: J\u00f3f\u00f6ldin\u00e9 Ambrus Ildik\u00f3<\/h4>\n<p class=\"kv-page-content-paragraph\">7400 Kaposv\u00e1r, B\u00e9ke utca 30.<br \/>\nTelefon: +36 (20) 318 7943<br \/>\nE-mail: <a href=\"mailto:jofildi@gmail.com\">jofildi@gmail.com<\/a><br \/>\nHonlap: <a href=\"http:\/\/www.bkkaposvar.arteries.hu\/ovoda\" target=\"_blank\" rel=\"noopener noreferrer\">www.bkkaposvar.arteries.hu\/ovoda<\/a><\/p>\n<div class=\"kv-page-content-paragraph kv-page-margin-05\">\u00a0<\/div>\n<h2 class=\"kv-page-content-title\">Lor\u00e1ntffy Zsuzsanna Reform\u00e1tus \u00d3voda, \u00c1ltal\u00e1nos Iskola, Gimn\u00e1zium \u00e9s Koll\u00e9gium<\/h2>\n<h4 class=\"kv-page-content-paragraphtitle\">Int\u00e9zm\u00e9nyvezet\u0151: dr. Farkasn\u00e9 Papp \u00c1gnes<\/h4>\n<p class=\"kv-page-content-paragraph\">7400 Kaposv\u00e1r, Somssich P\u00e1l utca 15.<br \/>\nTelefon: +36 (82) 411 005<br \/>\nE-mail: <a href=\"mailto:titkarsag@lozsu.hu\">titkarsag@lozsu.hu<\/a><br \/>\nHonlap: <a href=\"http:\/\/www.lozsu.hu\" target=\"_blank\" rel=\"noopener noreferrer\">www.lozsu.hu<\/a><\/p>\n<div class=\"kv-page-content-paragraph kv-page-margin-05\">\u00a0<\/div>\n<h2 class=\"kv-page-content-title\">SVM. Dur\u00e1czky J\u00f3zsef EGYMI \u00e9s Koll\u00e9gium \u00d3vod\u00e1ja<\/h2>\n<h4 class=\"kv-page-content-paragraphtitle\">Int\u00e9zm\u00e9nyvezet\u0151: Gyurina \u00c9va<\/h4>\n<p class=\"kv-page-content-paragraph\">7400 Kaposv\u00e1r, Somssich P\u00e1l utca 8.<br \/>\nTelefon: +36 (82) 527 430<br \/>\nE-mail: <a href=\"mailto:titkarsag@liveedu.duraczky.hu\">titkarsag@liveedu.duraczky.hu<\/a><br \/>\nHonlap: <a href=\"http:\/\/www.duraczky.hu\/szervezetek\/ovoda\/ovoda\" target=\"_blank\" rel=\"noopener noreferrer\">www.duraczky.hu<\/a><\/p>\n<div class=\"kv-page-content-paragraph kv-page-margin-05\">\u00a0<\/div>\n<h2 class=\"kv-page-content-title\">B\u00e1rczi Guszt\u00e1v \u00d3voda, \u00c1lt. Iskola, Speci\u00e1lis Szakiskola, Koll\u00e9gium, EGYMI<\/h2>\n<h4 class=\"kv-page-content-paragraphtitle\">F\u0151igazgat\u00f3: Kov\u00e1cs Attila<\/h4>\n<p class=\"kv-page-content-paragraph\">7400 Kaposv\u00e1r, B\u00e1rczi Guszt\u00e1v utca 2.<br \/>\nTelefon: +36 (82) 512 766<br \/>\nE-mail: <a href=\"mailto:titkarsag@barcziiskola.hu\">titkarsag@barcziiskola.hu<\/a><br \/>\nHonlap: <a href=\"http:\/\/www.barcziiskola.hu\/ovoda\" target=\"_blank\" rel=\"noopener noreferrer\">www.barcziiskola.hu<\/a><\/p>\n<div class=\"kv-page-margin-1\">\u00a0<\/div>\n<p><\/p>","protected":false},"excerpt":{"rendered":"<p>Kaposv\u00e1ri \u00d3vodai K\u00f6zpont 7400 Kaposv\u00e1r, Pet\u0151fi S. utca 20. Telefonsz\u00e1m: +3670\/9530385 Igazgat\u00f3: Sz\u0151ll\u0151sin\u00e9 Gy\u00fcre Gabriella kaposvariovodaikozpont@gmail.com \u00a0 Arany J\u00e1nos Tag\u00f3voda Tag\u00f3voda-vezet\u0151: Horv\u00e1th Gy\u00f6rgyn\u00e9 7400 Kaposv\u00e1r, Arany J\u00e1nos u. 2\/a Telefon: +36 (82) 415 701 E-mail: aranyjanosovoda@gmail.com &nbsp; B\u00e9ke Utcai Tag\u00f3voda Tag\u00f3voda-vezet\u0151: T\u00f3th-Jakab Judit 7400 Kaposv\u00e1r, B\u00e9ke utca 51. Telefon: +36 (82) 411 639 E-mail: bekeovoda@gmail.com [&hellip;]<\/p>\n","protected":false},"author":1,"featured_media":12289,"parent":223,"menu_order":0,"comment_status":"closed","ping_status":"closed","template":"","meta":[],"acf":[],"yoast_head":"<!-- This site is optimized with the Yoast SEO plugin v19.8 - https:\/\/yoast.com\/wordpress\/plugins\/seo\/ -->\n<title>\u00d3vod\u00e1k - Kaposv\u00e1r Megyei Jog\u00fa V\u00e1ros<\/title>\n<meta name=\"robots\" content=\"index, follow, max-snippet:-1, max-image-preview:large, max-video-preview:-1\" \/>\n<link rel=\"canonical\" href=\"https:\/\/otthon.kaposvar.hu\/hu\/lakossagi-informaciok\/oktatas\/ovodak\/\" \/>\n<meta property=\"og:locale\" content=\"hu_HU\" \/>\n<meta property=\"og:type\" content=\"article\" \/>\n<meta property=\"og:title\" content=\"\u00d3vod\u00e1k - Kaposv\u00e1r Megyei Jog\u00fa V\u00e1ros\" \/>\n<meta property=\"og:description\" content=\"Kaposv\u00e1ri \u00d3vodai K\u00f6zpont 7400 Kaposv\u00e1r, Pet\u0151fi S. utca 20. Telefonsz\u00e1m: +3670\/9530385 Igazgat\u00f3: Sz\u0151ll\u0151sin\u00e9 Gy\u00fcre Gabriella kaposvariovodaikozpont@gmail.com \u00a0 Arany J\u00e1nos Tag\u00f3voda Tag\u00f3voda-vezet\u0151: Horv\u00e1th Gy\u00f6rgyn\u00e9 7400 Kaposv\u00e1r, Arany J\u00e1nos u. 2\/a Telefon: +36 (82) 415 701 E-mail: aranyjanosovoda@gmail.com &nbsp; B\u00e9ke Utcai Tag\u00f3voda Tag\u00f3voda-vezet\u0151: T\u00f3th-Jakab Judit 7400 Kaposv\u00e1r, B\u00e9ke utca 51. Telefon: +36 (82) 411 639 E-mail: bekeovoda@gmail.com [&hellip;]\" \/>\n<meta property=\"og:url\" content=\"https:\/\/otthon.kaposvar.hu\/hu\/lakossagi-informaciok\/oktatas\/ovodak\/\" \/>\n<meta property=\"og:site_name\" content=\"Kaposv\u00e1r Megyei Jog\u00fa V\u00e1ros\" \/>\n<meta property=\"article:publisher\" content=\"https:\/\/www.facebook.com\/cityofkaposvar\/\" \/>\n<meta property=\"article:modified_time\" content=\"2026-01-20T11:58:15+00:00\" \/>\n<meta property=\"og:image\" content=\"https:\/\/otthon.kaposvar.hu\/wp-content\/uploads\/2026\/01\/DSC_5229-scaled.jpg\" \/>\n\t<meta property=\"og:image:width\" content=\"2560\" \/>\n\t<meta property=\"og:image:height\" content=\"1707\" \/>\n\t<meta property=\"og:image:type\" content=\"image\/jpeg\" \/>\n<meta name=\"twitter:card\" content=\"summary_large_image\" \/>\n<meta name=\"twitter:label1\" content=\"Becs\u00fclt olvas\u00e1si id\u0151\" \/>\n\t<meta name=\"twitter:data1\" content=\"3 perc\" \/>\n<script type=\"application\/ld+json\" class=\"yoast-schema-graph\">{\"@context\":\"https:\/\/schema.org\",\"@graph\":[{\"@type\":\"WebPage\",\"@id\":\"https:\/\/otthon.kaposvar.hu\/hu\/lakossagi-informaciok\/oktatas\/ovodak\/\",\"url\":\"https:\/\/otthon.kaposvar.hu\/hu\/lakossagi-informaciok\/oktatas\/ovodak\/\",\"name\":\"\u00d3vod\u00e1k - Kaposv\u00e1r Megyei Jog\u00fa V\u00e1ros\",\"isPartOf\":{\"@id\":\"https:\/\/otthon.kaposvar.hu\/hu\/#website\"},\"datePublished\":\"2017-01-22T10:47:14+00:00\",\"dateModified\":\"2026-01-20T11:58:15+00:00\",\"breadcrumb\":{\"@id\":\"https:\/\/otthon.kaposvar.hu\/hu\/lakossagi-informaciok\/oktatas\/ovodak\/#breadcrumb\"},\"inLanguage\":\"hu\",\"potentialAction\":[{\"@type\":\"ReadAction\",\"target\":[[\"https:\/\/otthon.kaposvar.hu\/hu\/lakossagi-informaciok\/oktatas\/ovodak\/\"]]}]},{\"@type\":\"BreadcrumbList\",\"@id\":\"https:\/\/otthon.kaposvar.hu\/hu\/lakossagi-informaciok\/oktatas\/ovodak\/#breadcrumb\",\"itemListElement\":[{\"@type\":\"ListItem\",\"position\":1,\"name\":\"Home\",\"item\":\"https:\/\/otthon.kaposvar.hu\/hu\/\"},{\"@type\":\"ListItem\",\"position\":2,\"name\":\"Lakoss\u00e1gi inform\u00e1ci\u00f3k\",\"item\":\"https:\/\/otthon.kaposvar.hu\/hu\/lakossagi-informaciok\/\"},{\"@type\":\"ListItem\",\"position\":3,\"name\":\"Oktat\u00e1s\",\"item\":\"https:\/\/otthon.kaposvar.hu\/hu\/lakossagi-informaciok\/oktatas\/\"},{\"@type\":\"ListItem\",\"position\":4,\"name\":\"\u00d3vod\u00e1k\"}]},{\"@type\":\"WebSite\",\"@id\":\"https:\/\/otthon.kaposvar.hu\/hu\/#website\",\"url\":\"https:\/\/otthon.kaposvar.hu\/hu\/\",\"name\":\"Kaposv\u00e1r Megyei Jog\u00fa V\u00e1ros\",\"description\":\"\",\"publisher\":{\"@id\":\"https:\/\/otthon.kaposvar.hu\/hu\/#organization\"},\"potentialAction\":[{\"@type\":\"SearchAction\",\"target\":{\"@type\":\"EntryPoint\",\"urlTemplate\":\"https:\/\/otthon.kaposvar.hu\/hu\/?s={search_term_string}\"},\"query-input\":\"required name=search_term_string\"}],\"inLanguage\":\"hu\"},{\"@type\":\"Organization\",\"@id\":\"https:\/\/otthon.kaposvar.hu\/hu\/#organization\",\"name\":\"Kaposv\u00e1r Megyei Jog\u00fa V\u00e1ros\",\"url\":\"https:\/\/otthon.kaposvar.hu\/hu\/\",\"sameAs\":[\"https:\/\/www.instagram.com\/cityofkaposvar\/\",\"https:\/\/www.facebook.com\/cityofkaposvar\/\"],\"logo\":{\"@type\":\"ImageObject\",\"inLanguage\":\"hu\",\"@id\":\"https:\/\/otthon.kaposvar.hu\/hu\/#\/schema\/logo\/image\/\",\"url\":\"https:\/\/otthon.kaposvar.hu\/wp-content\/uploads\/2021\/10\/kaposvar_social.jpg\",\"contentUrl\":\"https:\/\/otthon.kaposvar.hu\/wp-content\/uploads\/2021\/10\/kaposvar_social.jpg\",\"width\":1200,\"height\":900,\"caption\":\"Kaposv\u00e1r Megyei Jog\u00fa V\u00e1ros\"},\"image\":{\"@id\":\"https:\/\/otthon.kaposvar.hu\/hu\/#\/schema\/logo\/image\/\"}}]}<\/script>\n<!-- \/ Yoast SEO plugin. -->","yoast_head_json":{"title":"\u00d3vod\u00e1k - Kaposv\u00e1r Megyei Jog\u00fa V\u00e1ros","robots":{"index":"index","follow":"follow","max-snippet":"max-snippet:-1","max-image-preview":"max-image-preview:large","max-video-preview":"max-video-preview:-1"},"canonical":"https:\/\/otthon.kaposvar.hu\/hu\/lakossagi-informaciok\/oktatas\/ovodak\/","og_locale":"hu_HU","og_type":"article","og_title":"\u00d3vod\u00e1k - Kaposv\u00e1r Megyei Jog\u00fa V\u00e1ros","og_description":"Kaposv\u00e1ri \u00d3vodai K\u00f6zpont 7400 Kaposv\u00e1r, Pet\u0151fi S. utca 20. Telefonsz\u00e1m: +3670\/9530385 Igazgat\u00f3: Sz\u0151ll\u0151sin\u00e9 Gy\u00fcre Gabriella kaposvariovodaikozpont@gmail.com \u00a0 Arany J\u00e1nos Tag\u00f3voda Tag\u00f3voda-vezet\u0151: Horv\u00e1th Gy\u00f6rgyn\u00e9 7400 Kaposv\u00e1r, Arany J\u00e1nos u. 2\/a Telefon: +36 (82) 415 701 E-mail: aranyjanosovoda@gmail.com &nbsp; B\u00e9ke Utcai Tag\u00f3voda Tag\u00f3voda-vezet\u0151: T\u00f3th-Jakab Judit 7400 Kaposv\u00e1r, B\u00e9ke utca 51. Telefon: +36 (82) 411 639 E-mail: bekeovoda@gmail.com [&hellip;]","og_url":"https:\/\/otthon.kaposvar.hu\/hu\/lakossagi-informaciok\/oktatas\/ovodak\/","og_site_name":"Kaposv\u00e1r Megyei Jog\u00fa V\u00e1ros","article_publisher":"https:\/\/www.facebook.com\/cityofkaposvar\/","article_modified_time":"2026-01-20T11:58:15+00:00","og_image":[{"width":2560,"height":1707,"url":"https:\/\/otthon.kaposvar.hu\/wp-content\/uploads\/2026\/01\/DSC_5229-scaled.jpg","type":"image\/jpeg"}],"twitter_card":"summary_large_image","twitter_misc":{"Becs\u00fclt olvas\u00e1si id\u0151":"3 perc"},"schema":{"@context":"https:\/\/schema.org","@graph":[{"@type":"WebPage","@id":"https:\/\/otthon.kaposvar.hu\/hu\/lakossagi-informaciok\/oktatas\/ovodak\/","url":"https:\/\/otthon.kaposvar.hu\/hu\/lakossagi-informaciok\/oktatas\/ovodak\/","name":"\u00d3vod\u00e1k - Kaposv\u00e1r Megyei Jog\u00fa V\u00e1ros","isPartOf":{"@id":"https:\/\/otthon.kaposvar.hu\/hu\/#website"},"datePublished":"2017-01-22T10:47:14+00:00","dateModified":"2026-01-20T11:58:15+00:00","breadcrumb":{"@id":"https:\/\/otthon.kaposvar.hu\/hu\/lakossagi-informaciok\/oktatas\/ovodak\/#breadcrumb"},"inLanguage":"hu","potentialAction":[{"@type":"ReadAction","target":[["https:\/\/otthon.kaposvar.hu\/hu\/lakossagi-informaciok\/oktatas\/ovodak\/"]]}]},{"@type":"BreadcrumbList","@id":"https:\/\/otthon.kaposvar.hu\/hu\/lakossagi-informaciok\/oktatas\/ovodak\/#breadcrumb","itemListElement":[{"@type":"ListItem","position":1,"name":"Home","item":"https:\/\/otthon.kaposvar.hu\/hu\/"},{"@type":"ListItem","position":2,"name":"Lakoss\u00e1gi inform\u00e1ci\u00f3k","item":"https:\/\/otthon.kaposvar.hu\/hu\/lakossagi-informaciok\/"},{"@type":"ListItem","position":3,"name":"Oktat\u00e1s","item":"https:\/\/otthon.kaposvar.hu\/hu\/lakossagi-informaciok\/oktatas\/"},{"@type":"ListItem","position":4,"name":"\u00d3vod\u00e1k"}]},{"@type":"WebSite","@id":"https:\/\/otthon.kaposvar.hu\/hu\/#website","url":"https:\/\/otthon.kaposvar.hu\/hu\/","name":"Kaposv\u00e1r Megyei Jog\u00fa V\u00e1ros","description":"","publisher":{"@id":"https:\/\/otthon.kaposvar.hu\/hu\/#organization"},"potentialAction":[{"@type":"SearchAction","target":{"@type":"EntryPoint","urlTemplate":"https:\/\/otthon.kaposvar.hu\/hu\/?s={search_term_string}"},"query-input":"required name=search_term_string"}],"inLanguage":"hu"},{"@type":"Organization","@id":"https:\/\/otthon.kaposvar.hu\/hu\/#organization","name":"Kaposv\u00e1r Megyei Jog\u00fa V\u00e1ros","url":"https:\/\/otthon.kaposvar.hu\/hu\/","sameAs":["https:\/\/www.instagram.com\/cityofkaposvar\/","https:\/\/www.facebook.com\/cityofkaposvar\/"],"logo":{"@type":"ImageObject","inLanguage":"hu","@id":"https:\/\/otthon.kaposvar.hu\/hu\/#\/schema\/logo\/image\/","url":"https:\/\/otthon.kaposvar.hu\/wp-content\/uploads\/2021\/10\/kaposvar_social.jpg","contentUrl":"https:\/\/otthon.kaposvar.hu\/wp-content\/uploads\/2021\/10\/kaposvar_social.jpg","width":1200,"height":900,"caption":"Kaposv\u00e1r Megyei Jog\u00fa V\u00e1ros"},"image":{"@id":"https:\/\/otthon.kaposvar.hu\/hu\/#\/schema\/logo\/image\/"}}]}},"_links":{"self":[{"href":"https:\/\/otthon.kaposvar.hu\/hu\/wp-json\/wp\/v2\/pages\/227"}],"collection":[{"href":"https:\/\/otthon.kaposvar.hu\/hu\/wp-json\/wp\/v2\/pages"}],"about":[{"href":"https:\/\/otthon.kaposvar.hu\/hu\/wp-json\/wp\/v2\/types\/page"}],"author":[{"embeddable":true,"href":"https:\/\/otthon.kaposvar.hu\/hu\/wp-json\/wp\/v2\/users\/1"}],"replies":[{"embeddable":true,"href":"https:\/\/otthon.kaposvar.hu\/hu\/wp-json\/wp\/v2\/comments?post=227"}],"version-history":[{"count":0,"href":"https:\/\/otthon.kaposvar.hu\/hu\/wp-json\/wp\/v2\/pages\/227\/revisions"}],"up":[{"embeddable":true,"href":"https:\/\/otthon.kaposvar.hu\/hu\/wp-json\/wp\/v2\/pages\/223"}],"wp:featuredmedia":[{"embeddable":true,"href":"https:\/\/otthon.kaposvar.hu\/hu\/wp-json\/wp\/v2\/media\/12289"}],"wp:attachment":[{"href":"https:\/\/otthon.kaposvar.hu\/hu\/wp-json\/wp\/v2\/media?parent=227"}],"curies":[{"name":"wp","href":"https:\/\/api.w.org\/{rel}","templated":true}]}}