{"id":219,"date":"2017-01-22T11:46:12","date_gmt":"2017-01-22T10:46:12","guid":{"rendered":"http:\/\/lakossag.gyori.co.hu\/?page_id=219"},"modified":"2024-12-04T15:11:26","modified_gmt":"2024-12-04T14:11:26","slug":"iskolafogaszati-korzetek","status":"publish","type":"page","link":"https:\/\/otthon.kaposvar.hu\/hu\/lakossagi-informaciok\/egeszsegugy\/fogorvosi-korzetek\/iskolafogaszati-korzetek\/","title":{"rendered":"Iskolafog\u00e1szati k\u00f6rzetek"},"content":{"rendered":"<p><\/p>\n<h2 class=\"kv-page-content-paragraph kv-page-content-title\">11. k\u00f6rzet: Dr. Czonev Alexandra<\/h2>\n<p class=\"kv-page-content-paragraph\"><em>7400 Kaposv\u00e1r, 7400 Kaposv\u00e1r, Ezred\u00e9v utca 13.\u00a0 2. emelet (utcafronti \u00e9p\u00fclet)<\/em><br \/>\n<em> Telefon: +36 (82) 333 060<\/em><br \/>\n<em> E-mail: <a href=\"mailto:iskfog@gmail.com\">iskfog@gmail.com<\/a><\/em><br \/>\n<em> Rendel\u00e9si id\u0151: H, Sz: 7.30\u201313.30 K, Cs: 13.00\u201319.00, p\u00e1ratlan P: 7.30\u201313.30, p\u00e1ros P:13.00\u201319.00<\/em><br \/>\n<em> Helyettes\u00edt\u0151: Dr. S\u00e1gi Zs\u00f3fia, Dr. N\u00e9meth Gabriele<\/em><\/p>\n<p class=\"kv-page-content-paragraph\">Bajcsy-Zsilinszky Utcai K\u00f6zponti \u00d3voda, Szentbal\u00e1zsi \u00c1ltal\u00e1nos Iskola, \u00c9lelmiszeripari SZKI \u00e9s Gimn\u00e1zium, Damjanich Utcai Tag\u00f3voda, T\u00e1ncsics Mih\u00e1ly Gimn\u00e1zium, E\u00f6tv\u00f6s M\u0171szaki SZKI (P\u00e1zm\u00e1ny P\u00e9ter utca)<\/p>\n<div class=\"kv-page-content-paragraph clearfix\">\u00a0<\/div>\n<h2 class=\"kv-page-content-paragraph kv-page-content-title\">12. k\u00f6rzet: Dr. Ulrich \u00c1gota<\/h2>\n<p class=\"kv-page-content-paragraph\"><em>7400 Kaposv\u00e1r, Arany J\u00e1nos utca 13\u201315.<\/em><br \/>\n<em> Telefon: +36 (82) 810 388<\/em><br \/>\n<em> Rendel\u00e9si id\u0151: H, Sz: 13.30\u201319.30 K, Cs, P: 7.30\u201313.30<\/em><br \/>\n<em> Helyettes\u00edt\u0151: Dr. B\u00fcki Ram\u00f3na, Dr. S\u00e1gi Zs\u00f3fia, Dr. Bert\u00f3k Gabriella, Dr. N\u00e9meth Gabriele, Dr. Priszt\u00e1cs Anik\u00f3, Dr. Czonev Alexandra, Dr. Katona Enik\u0151<\/em><\/p>\n<p class=\"kv-page-content-paragraph\">Tar Csat\u00e1r K\u00f6zponti \u00d3voda, B\u00e1rczi Guszt\u00e1v \u00c1ltal\u00e1nos Iskola Speci\u00e1lis Szakiskola, Noszlopy G\u00e1sp\u00e1r K\u00f6zgazdas\u00e1gi SZKI, Szentjakabi Tag\u00f3voda, Dur\u00e1czky M\u00f3dszertani K\u00f6zpont, TIT Alap\u00edtv\u00e1nyi K\u00f6z\u00e9piskola, Szentbal\u00e1zs \u00d3voda, Magyarat\u00e1d Tagiskola, Simonfa \u00d3voda, P\u00e9csi Utcai Tagiskola, G\u00e1losfa \u00d3voda, Honv\u00e9d Utcai Tagiskola, Magyarat\u00e1di Tag\u00f3voda, Arany J\u00e1nos Tag\u00f3voda<\/p>\n<div class=\"kv-page-content-paragraph clearfix\">\u00a0<\/div>\n<h2 class=\"kv-page-content-paragraph kv-page-content-title\">13. k\u00f6rzet<\/h2>\n<p class=\"kv-page-content-paragraph\"><em>2016. szeptember 1-j\u00e9t\u0151l megsz\u0171nt<\/em><\/p>\n<div class=\"kv-page-content-paragraph clearfix\">\u00a0<\/div>\n<h2 class=\"kv-page-content-paragraph kv-page-content-title\">14. k\u00f6rzet: Dr. Varga Lilla<\/h2>\n<p class=\"kv-page-content-paragraph\"><em>7400 Kaposv\u00e1r, Honv\u00e9d utca 16\/c<\/em><br \/>\n<em> Telefon: +36 (82) 321 388<\/em><br \/>\n<em> Rendel\u00e9si id\u0151: H: 8.00\u201317.00, K: 8.00\u201310.00, Sz, Cs: 8.00\u201316.00, P: 8.00\u201311.00<\/em><br \/>\n<em> Helyettes\u00edt\u0151: Dr. B\u00fcki Ram\u00f3na<\/em><\/p>\n<p class=\"kv-page-content-paragraph\">Nemzet\u0151r sori b\u00f6lcs\u0151de, Honv\u00e9d Utcai Tag\u00f3voda, Nemzet\u0151r sori K\u00f6zponti \u00d3voda, Festetics Karolina K\u00f6zponti \u00d3voda, Reform\u00e1tus \u00c1ltal\u00e1nos Iskola Katolikus \u00c1lt. Iskola, Munk\u00e1csy M. Gimn\u00e1zium, Katolikus Gimn\u00e1zium<\/p>\n<div class=\"kv-page-content-paragraph clearfix\">\u00a0<\/div>\n<h2 class=\"kv-page-content-paragraph kv-page-content-title\">15. k\u00f6rzet: Dr. Katona Enik\u0151<\/h2>\n<p class=\"kv-page-content-paragraph\"><em>7400 Kaposv\u00e1r, B\u00e9ke utca 31.<\/em><br \/>\n<em> Telefon: +36 (82) 416 272<\/em><br \/>\n<em> Rendel\u00e9si id\u0151: H, Cs: 12.30\u201318.30, K, Sz: 7.30\u201313.30, p\u00e1ros P: 7.30\u201313.30, p\u00e1ratlan P: 12.30\u201318.30<\/em><br \/>\n<em> Helyettes\u00edt\u0151: Dr. S\u00e1gi Zs\u00f3fia, Dr. N\u00e9meth Gabriele<\/em><\/p>\n<p class=\"kv-page-content-paragraph\">B\u00fazavir\u00e1g Utcai Tag\u00f3voda, Gyakorl\u00f3 \u00d3voda, Kinizsi Lak\u00f3telepi Tagiskola, Kisfaludy Utcai Tagiskola, Toldi Tagiskola, Szigethy-Gyula J\u00e1nos Eg\u00e9szs\u00e9g\u00fcgyi SZKI, Gyakorl\u00f3 Gimn\u00e1zium, Zichy Iparm\u0171v\u00e9szeti SZKI<\/p>\n<div class=\"kv-page-content-paragraph clearfix\">\u00a0<\/div>\n<h2 class=\"kv-page-content-paragraph kv-page-content-title\">16. k\u00f6rzet: Dr. N\u00e9meth Gabriele<\/h2>\n<p class=\"kv-page-content-paragraph\"><em>7400 Kaposv\u00e1r, B\u00e9ke utca 31.<\/em><br \/>\n<em> Telefon: +36 (82) 311 036<\/em><br \/>\n<em> Rendel\u00e9si id\u0151: H, Sz: 13.00\u201318.30, K, Cs: 7.30\u201313.00, p\u00e1ros P:7.30\u201313.30, p\u00e1ratlan P:13.00\u201318.30<\/em><br \/>\n<em> Helyettes\u00edt\u0151: Dr. Fekete \u00c9va, Dr. S\u00e1gi Zs\u00f3fia, Dr. Katona Enik\u0151<\/em><\/p>\n<p class=\"kv-page-content-paragraph\">Pet\u0151fi B\u00f6lcs\u0151de, Pet\u0151fi S\u00e1ndor K\u00f6zponti \u00d3voda, Bodrog \u00d3voda, Sz\u00e1nt\u00f3 Utcai Tag\u00f3voda, Zr\u00ednyi Ilona Tagiskola, Kod\u00e1ly Zolt\u00e1n K\u00f6zponti \u00c1ltal\u00e1nos Iskola, Bodrog \u00c1ltal\u00e1nos Iskola, E\u00f6tv\u00f6s M\u0171szaki SZKI (Vir\u00e1g utca)<\/p>\n<div class=\"kv-page-content-paragraph clearfix\">\u00a0<\/div>\n<h2 class=\"kv-page-content-paragraph kv-page-content-title\">17. k\u00f6rzet: Dr. S\u00e1gi Zs\u00f3fia<\/h2>\n<p class=\"kv-page-content-paragraph\"><em>7400 Kaposv\u00e1r, B\u00e9ke utca 31.<\/em><br \/>\n<em> Telefon: +36 (82) 311 036<\/em><br \/>\n<em> Rendel\u00e9si id\u0151: H, Sz,: 7.30\u201313.30, K, Cs: 12.30\u201318.30, p\u00e1ratlan P: 7.30\u201313.30, p\u00e1ros P: 12.30\u201318.30<\/em><br \/>\n<em> Helyettes\u00edt\u0151: Dr. N\u00e9meth Gabriele, Dr. Fekete \u00c9va<\/em><\/p>\n<p class=\"kv-page-content-paragraph\">B\u00e9ke Utcai Tag\u00f3voda, Jutai Utcai Tag\u00f3voda, Kaposf\u00fcredi Tag\u00f3voda, Szenna \u00d3voda, Kaposszerdahelyi \u00d3voda, Berzsenyi D\u00e1niel Tagiskola, Benedek Elek Tagiskola, Szennai \u00c1ltal\u00e1nos Iskola, Gyakorl\u00f3 \u00c1ltal\u00e1nos Iskola, Sz\u00e9chenyi Istv\u00e1n Kereskedelmi \u00e9s Vend\u00e9gl\u00e1t\u00f3ipari SZKI<\/p>\n<div class=\"kv-page-content-paragraph clearfix\">\u00a0<\/div>\n<h2 class=\"kv-page-content-paragraph kv-page-content-title\">18. k\u00f6rzet: Dr. B\u00fcki Ram\u00f3na<\/h2>\n<p class=\"kv-page-content-paragraph\"><em>7400 Kaposv\u00e1r, Honv\u00e9d utca 16\/c<\/em><br \/>\n<em> Telefon: +36 (82) 321 413<\/em><br \/>\n<em> Rendel\u00e9si id\u0151: H: 6.45\u201312.15, K, Cs: 7.00\u201313.15, P: 7.00\u201313.00<\/em><br \/>\n<em> Helyettes\u00edt\u0151: Dr. Katona Enik\u0151, Dr. N\u00e9meth Gabriele, Dr. S\u00e1gi Zs\u00f3fia, Dr. Ulrich \u00c1gota, Dr. Priszt\u00e1cs Anik\u00f3, Dr. Czonev Alexandra<\/em><\/p>\n<p class=\"kv-page-content-paragraph\">Somssich Utcai B\u00f6lcs\u0151de, Szigetv\u00e1ri Utcai B\u00f6lcs\u0151de, B\u00fazavir\u00e1g Utcai B\u00f6lcs\u0151de, R\u00e9t Utcai K\u00f6zponti \u00d3voda, Szigetv\u00e1ri Utcai Tag\u00f3voda, Mad\u00e1r Utcai Tag\u00f3voda, Katolikus \u00d3voda, Talli\u00e1n Gyula Utcai Tag\u00f3voda, Temesv\u00e1ri Utcai Tag\u00f3voda, II. R\u00e1k\u00f3czi Ferenc Tagiskola, G\u00e1rdonyi G\u00e9za Tagiskola, Topon\u00e1ri Tagiskola, \u00c9p\u00edt\u0151ipari SZKI, Mez\u0151gazdas\u00e1gi SZKI<\/p>\n<div class=\"kv-page-margin-15\">\u00a0<\/div>\n<p><\/p>","protected":false},"excerpt":{"rendered":"<p>11. k\u00f6rzet: Dr. Czonev Alexandra 7400 Kaposv\u00e1r, 7400 Kaposv\u00e1r, Ezred\u00e9v utca 13.\u00a0 2. emelet (utcafronti \u00e9p\u00fclet) Telefon: +36 (82) 333 060 E-mail: iskfog@gmail.com Rendel\u00e9si id\u0151: H, Sz: 7.30\u201313.30 K, Cs: 13.00\u201319.00, p\u00e1ratlan P: 7.30\u201313.30, p\u00e1ros P:13.00\u201319.00 Helyettes\u00edt\u0151: Dr. S\u00e1gi Zs\u00f3fia, Dr. N\u00e9meth Gabriele Bajcsy-Zsilinszky Utcai K\u00f6zponti \u00d3voda, Szentbal\u00e1zsi \u00c1ltal\u00e1nos Iskola, \u00c9lelmiszeripari SZKI \u00e9s Gimn\u00e1zium, Damjanich [&hellip;]<\/p>\n","protected":false},"author":1,"featured_media":0,"parent":217,"menu_order":2,"comment_status":"closed","ping_status":"closed","template":"","meta":[],"acf":[],"yoast_head":"<!-- This site is optimized with the Yoast SEO plugin v19.8 - https:\/\/yoast.com\/wordpress\/plugins\/seo\/ -->\n<title>Iskolafog\u00e1szati k\u00f6rzetek - Kaposv\u00e1r Megyei Jog\u00fa V\u00e1ros<\/title>\n<meta name=\"robots\" content=\"index, follow, max-snippet:-1, max-image-preview:large, max-video-preview:-1\" \/>\n<link rel=\"canonical\" href=\"https:\/\/otthon.kaposvar.hu\/hu\/lakossagi-informaciok\/egeszsegugy\/fogorvosi-korzetek\/iskolafogaszati-korzetek\/\" \/>\n<meta property=\"og:locale\" content=\"hu_HU\" \/>\n<meta property=\"og:type\" content=\"article\" \/>\n<meta property=\"og:title\" content=\"Iskolafog\u00e1szati k\u00f6rzetek - Kaposv\u00e1r Megyei Jog\u00fa V\u00e1ros\" \/>\n<meta property=\"og:description\" content=\"11. k\u00f6rzet: Dr. Czonev Alexandra 7400 Kaposv\u00e1r, 7400 Kaposv\u00e1r, Ezred\u00e9v utca 13.\u00a0 2. emelet (utcafronti \u00e9p\u00fclet) Telefon: +36 (82) 333 060 E-mail: iskfog@gmail.com Rendel\u00e9si id\u0151: H, Sz: 7.30\u201313.30 K, Cs: 13.00\u201319.00, p\u00e1ratlan P: 7.30\u201313.30, p\u00e1ros P:13.00\u201319.00 Helyettes\u00edt\u0151: Dr. S\u00e1gi Zs\u00f3fia, Dr. N\u00e9meth Gabriele Bajcsy-Zsilinszky Utcai K\u00f6zponti \u00d3voda, Szentbal\u00e1zsi \u00c1ltal\u00e1nos Iskola, \u00c9lelmiszeripari SZKI \u00e9s Gimn\u00e1zium, Damjanich [&hellip;]\" \/>\n<meta property=\"og:url\" content=\"https:\/\/otthon.kaposvar.hu\/hu\/lakossagi-informaciok\/egeszsegugy\/fogorvosi-korzetek\/iskolafogaszati-korzetek\/\" \/>\n<meta property=\"og:site_name\" content=\"Kaposv\u00e1r Megyei Jog\u00fa V\u00e1ros\" \/>\n<meta property=\"article:publisher\" content=\"https:\/\/www.facebook.com\/cityofkaposvar\/\" \/>\n<meta property=\"article:modified_time\" content=\"2024-12-04T14:11:26+00:00\" \/>\n<meta property=\"og:image\" content=\"https:\/\/otthon.kaposvar.hu\/wp-content\/uploads\/2021\/10\/kaposvar_social.jpg\" \/>\n\t<meta property=\"og:image:width\" content=\"1200\" \/>\n\t<meta property=\"og:image:height\" content=\"900\" \/>\n\t<meta property=\"og:image:type\" content=\"image\/jpeg\" \/>\n<meta name=\"twitter:card\" content=\"summary_large_image\" \/>\n<meta name=\"twitter:label1\" content=\"Becs\u00fclt olvas\u00e1si id\u0151\" \/>\n\t<meta name=\"twitter:data1\" content=\"3 perc\" \/>\n<script type=\"application\/ld+json\" class=\"yoast-schema-graph\">{\"@context\":\"https:\/\/schema.org\",\"@graph\":[{\"@type\":\"WebPage\",\"@id\":\"https:\/\/otthon.kaposvar.hu\/hu\/lakossagi-informaciok\/egeszsegugy\/fogorvosi-korzetek\/iskolafogaszati-korzetek\/\",\"url\":\"https:\/\/otthon.kaposvar.hu\/hu\/lakossagi-informaciok\/egeszsegugy\/fogorvosi-korzetek\/iskolafogaszati-korzetek\/\",\"name\":\"Iskolafog\u00e1szati k\u00f6rzetek - Kaposv\u00e1r Megyei Jog\u00fa V\u00e1ros\",\"isPartOf\":{\"@id\":\"https:\/\/otthon.kaposvar.hu\/hu\/#website\"},\"datePublished\":\"2017-01-22T10:46:12+00:00\",\"dateModified\":\"2024-12-04T14:11:26+00:00\",\"breadcrumb\":{\"@id\":\"https:\/\/otthon.kaposvar.hu\/hu\/lakossagi-informaciok\/egeszsegugy\/fogorvosi-korzetek\/iskolafogaszati-korzetek\/#breadcrumb\"},\"inLanguage\":\"hu\",\"potentialAction\":[{\"@type\":\"ReadAction\",\"target\":[[\"https:\/\/otthon.kaposvar.hu\/hu\/lakossagi-informaciok\/egeszsegugy\/fogorvosi-korzetek\/iskolafogaszati-korzetek\/\"]]}]},{\"@type\":\"BreadcrumbList\",\"@id\":\"https:\/\/otthon.kaposvar.hu\/hu\/lakossagi-informaciok\/egeszsegugy\/fogorvosi-korzetek\/iskolafogaszati-korzetek\/#breadcrumb\",\"itemListElement\":[{\"@type\":\"ListItem\",\"position\":1,\"name\":\"Home\",\"item\":\"https:\/\/otthon.kaposvar.hu\/hu\/\"},{\"@type\":\"ListItem\",\"position\":2,\"name\":\"Lakoss\u00e1gi inform\u00e1ci\u00f3k\",\"item\":\"https:\/\/otthon.kaposvar.hu\/hu\/lakossagi-informaciok\/\"},{\"@type\":\"ListItem\",\"position\":3,\"name\":\"Eg\u00e9szs\u00e9g\u00fcgy\",\"item\":\"https:\/\/otthon.kaposvar.hu\/hu\/lakossagi-informaciok\/egeszsegugy\/\"},{\"@type\":\"ListItem\",\"position\":4,\"name\":\"Fogorvosi k\u00f6rzetek\",\"item\":\"https:\/\/otthon.kaposvar.hu\/hu\/lakossagi-informaciok\/egeszsegugy\/fogorvosi-korzetek\/\"},{\"@type\":\"ListItem\",\"position\":5,\"name\":\"Iskolafog\u00e1szati k\u00f6rzetek\"}]},{\"@type\":\"WebSite\",\"@id\":\"https:\/\/otthon.kaposvar.hu\/hu\/#website\",\"url\":\"https:\/\/otthon.kaposvar.hu\/hu\/\",\"name\":\"Kaposv\u00e1r Megyei Jog\u00fa V\u00e1ros\",\"description\":\"\",\"publisher\":{\"@id\":\"https:\/\/otthon.kaposvar.hu\/hu\/#organization\"},\"potentialAction\":[{\"@type\":\"SearchAction\",\"target\":{\"@type\":\"EntryPoint\",\"urlTemplate\":\"https:\/\/otthon.kaposvar.hu\/hu\/?s={search_term_string}\"},\"query-input\":\"required name=search_term_string\"}],\"inLanguage\":\"hu\"},{\"@type\":\"Organization\",\"@id\":\"https:\/\/otthon.kaposvar.hu\/hu\/#organization\",\"name\":\"Kaposv\u00e1r Megyei Jog\u00fa V\u00e1ros\",\"url\":\"https:\/\/otthon.kaposvar.hu\/hu\/\",\"sameAs\":[\"https:\/\/www.instagram.com\/cityofkaposvar\/\",\"https:\/\/www.facebook.com\/cityofkaposvar\/\"],\"logo\":{\"@type\":\"ImageObject\",\"inLanguage\":\"hu\",\"@id\":\"https:\/\/otthon.kaposvar.hu\/hu\/#\/schema\/logo\/image\/\",\"url\":\"https:\/\/otthon.kaposvar.hu\/wp-content\/uploads\/2021\/10\/kaposvar_social.jpg\",\"contentUrl\":\"https:\/\/otthon.kaposvar.hu\/wp-content\/uploads\/2021\/10\/kaposvar_social.jpg\",\"width\":1200,\"height\":900,\"caption\":\"Kaposv\u00e1r Megyei Jog\u00fa V\u00e1ros\"},\"image\":{\"@id\":\"https:\/\/otthon.kaposvar.hu\/hu\/#\/schema\/logo\/image\/\"}}]}<\/script>\n<!-- \/ Yoast SEO plugin. -->","yoast_head_json":{"title":"Iskolafog\u00e1szati k\u00f6rzetek - Kaposv\u00e1r Megyei Jog\u00fa V\u00e1ros","robots":{"index":"index","follow":"follow","max-snippet":"max-snippet:-1","max-image-preview":"max-image-preview:large","max-video-preview":"max-video-preview:-1"},"canonical":"https:\/\/otthon.kaposvar.hu\/hu\/lakossagi-informaciok\/egeszsegugy\/fogorvosi-korzetek\/iskolafogaszati-korzetek\/","og_locale":"hu_HU","og_type":"article","og_title":"Iskolafog\u00e1szati k\u00f6rzetek - Kaposv\u00e1r Megyei Jog\u00fa V\u00e1ros","og_description":"11. k\u00f6rzet: Dr. Czonev Alexandra 7400 Kaposv\u00e1r, 7400 Kaposv\u00e1r, Ezred\u00e9v utca 13.\u00a0 2. emelet (utcafronti \u00e9p\u00fclet) Telefon: +36 (82) 333 060 E-mail: iskfog@gmail.com Rendel\u00e9si id\u0151: H, Sz: 7.30\u201313.30 K, Cs: 13.00\u201319.00, p\u00e1ratlan P: 7.30\u201313.30, p\u00e1ros P:13.00\u201319.00 Helyettes\u00edt\u0151: Dr. S\u00e1gi Zs\u00f3fia, Dr. N\u00e9meth Gabriele Bajcsy-Zsilinszky Utcai K\u00f6zponti \u00d3voda, Szentbal\u00e1zsi \u00c1ltal\u00e1nos Iskola, \u00c9lelmiszeripari SZKI \u00e9s Gimn\u00e1zium, Damjanich [&hellip;]","og_url":"https:\/\/otthon.kaposvar.hu\/hu\/lakossagi-informaciok\/egeszsegugy\/fogorvosi-korzetek\/iskolafogaszati-korzetek\/","og_site_name":"Kaposv\u00e1r Megyei Jog\u00fa V\u00e1ros","article_publisher":"https:\/\/www.facebook.com\/cityofkaposvar\/","article_modified_time":"2024-12-04T14:11:26+00:00","og_image":[{"width":1200,"height":900,"url":"https:\/\/otthon.kaposvar.hu\/wp-content\/uploads\/2021\/10\/kaposvar_social.jpg","type":"image\/jpeg"}],"twitter_card":"summary_large_image","twitter_misc":{"Becs\u00fclt olvas\u00e1si id\u0151":"3 perc"},"schema":{"@context":"https:\/\/schema.org","@graph":[{"@type":"WebPage","@id":"https:\/\/otthon.kaposvar.hu\/hu\/lakossagi-informaciok\/egeszsegugy\/fogorvosi-korzetek\/iskolafogaszati-korzetek\/","url":"https:\/\/otthon.kaposvar.hu\/hu\/lakossagi-informaciok\/egeszsegugy\/fogorvosi-korzetek\/iskolafogaszati-korzetek\/","name":"Iskolafog\u00e1szati k\u00f6rzetek - Kaposv\u00e1r Megyei Jog\u00fa V\u00e1ros","isPartOf":{"@id":"https:\/\/otthon.kaposvar.hu\/hu\/#website"},"datePublished":"2017-01-22T10:46:12+00:00","dateModified":"2024-12-04T14:11:26+00:00","breadcrumb":{"@id":"https:\/\/otthon.kaposvar.hu\/hu\/lakossagi-informaciok\/egeszsegugy\/fogorvosi-korzetek\/iskolafogaszati-korzetek\/#breadcrumb"},"inLanguage":"hu","potentialAction":[{"@type":"ReadAction","target":[["https:\/\/otthon.kaposvar.hu\/hu\/lakossagi-informaciok\/egeszsegugy\/fogorvosi-korzetek\/iskolafogaszati-korzetek\/"]]}]},{"@type":"BreadcrumbList","@id":"https:\/\/otthon.kaposvar.hu\/hu\/lakossagi-informaciok\/egeszsegugy\/fogorvosi-korzetek\/iskolafogaszati-korzetek\/#breadcrumb","itemListElement":[{"@type":"ListItem","position":1,"name":"Home","item":"https:\/\/otthon.kaposvar.hu\/hu\/"},{"@type":"ListItem","position":2,"name":"Lakoss\u00e1gi inform\u00e1ci\u00f3k","item":"https:\/\/otthon.kaposvar.hu\/hu\/lakossagi-informaciok\/"},{"@type":"ListItem","position":3,"name":"Eg\u00e9szs\u00e9g\u00fcgy","item":"https:\/\/otthon.kaposvar.hu\/hu\/lakossagi-informaciok\/egeszsegugy\/"},{"@type":"ListItem","position":4,"name":"Fogorvosi k\u00f6rzetek","item":"https:\/\/otthon.kaposvar.hu\/hu\/lakossagi-informaciok\/egeszsegugy\/fogorvosi-korzetek\/"},{"@type":"ListItem","position":5,"name":"Iskolafog\u00e1szati k\u00f6rzetek"}]},{"@type":"WebSite","@id":"https:\/\/otthon.kaposvar.hu\/hu\/#website","url":"https:\/\/otthon.kaposvar.hu\/hu\/","name":"Kaposv\u00e1r Megyei Jog\u00fa V\u00e1ros","description":"","publisher":{"@id":"https:\/\/otthon.kaposvar.hu\/hu\/#organization"},"potentialAction":[{"@type":"SearchAction","target":{"@type":"EntryPoint","urlTemplate":"https:\/\/otthon.kaposvar.hu\/hu\/?s={search_term_string}"},"query-input":"required name=search_term_string"}],"inLanguage":"hu"},{"@type":"Organization","@id":"https:\/\/otthon.kaposvar.hu\/hu\/#organization","name":"Kaposv\u00e1r Megyei Jog\u00fa V\u00e1ros","url":"https:\/\/otthon.kaposvar.hu\/hu\/","sameAs":["https:\/\/www.instagram.com\/cityofkaposvar\/","https:\/\/www.facebook.com\/cityofkaposvar\/"],"logo":{"@type":"ImageObject","inLanguage":"hu","@id":"https:\/\/otthon.kaposvar.hu\/hu\/#\/schema\/logo\/image\/","url":"https:\/\/otthon.kaposvar.hu\/wp-content\/uploads\/2021\/10\/kaposvar_social.jpg","contentUrl":"https:\/\/otthon.kaposvar.hu\/wp-content\/uploads\/2021\/10\/kaposvar_social.jpg","width":1200,"height":900,"caption":"Kaposv\u00e1r Megyei Jog\u00fa V\u00e1ros"},"image":{"@id":"https:\/\/otthon.kaposvar.hu\/hu\/#\/schema\/logo\/image\/"}}]}},"_links":{"self":[{"href":"https:\/\/otthon.kaposvar.hu\/hu\/wp-json\/wp\/v2\/pages\/219"}],"collection":[{"href":"https:\/\/otthon.kaposvar.hu\/hu\/wp-json\/wp\/v2\/pages"}],"about":[{"href":"https:\/\/otthon.kaposvar.hu\/hu\/wp-json\/wp\/v2\/types\/page"}],"author":[{"embeddable":true,"href":"https:\/\/otthon.kaposvar.hu\/hu\/wp-json\/wp\/v2\/users\/1"}],"replies":[{"embeddable":true,"href":"https:\/\/otthon.kaposvar.hu\/hu\/wp-json\/wp\/v2\/comments?post=219"}],"version-history":[{"count":0,"href":"https:\/\/otthon.kaposvar.hu\/hu\/wp-json\/wp\/v2\/pages\/219\/revisions"}],"up":[{"embeddable":true,"href":"https:\/\/otthon.kaposvar.hu\/hu\/wp-json\/wp\/v2\/pages\/217"}],"wp:attachment":[{"href":"https:\/\/otthon.kaposvar.hu\/hu\/wp-json\/wp\/v2\/media?parent=219"}],"curies":[{"name":"wp","href":"https:\/\/api.w.org\/{rel}","templated":true}]}}