{"id":2090,"date":"2017-10-02T10:23:12","date_gmt":"2017-10-02T09:23:12","guid":{"rendered":"https:\/\/otthon.kaposvar.hu\/?page_id=2090"},"modified":"2025-02-18T09:28:06","modified_gmt":"2025-02-18T08:28:06","slug":"kaposvar-partnervarosai","status":"publish","type":"page","link":"https:\/\/otthon.kaposvar.hu\/hu\/varostortenet\/kaposvar-testver-es-partnervarosai\/kaposvar-partnervarosai\/","title":{"rendered":"Kaposv\u00e1r partnerv\u00e1rosai"},"content":{"rendered":"<p><\/p>\n<h2><img loading=\"lazy\" class=\"alignnone wp-image-2091 size-full\" src=\"https:\/\/otthon.kaposvar.hu\/wp-content\/uploads\/2017\/10\/cixi_web.jpg\" alt=\"\" width=\"1023\" height=\"575\" srcset=\"https:\/\/otthon.kaposvar.hu\/wp-content\/uploads\/2017\/10\/cixi_web.jpg 1023w, https:\/\/otthon.kaposvar.hu\/wp-content\/uploads\/2017\/10\/cixi_web-300x169.jpg 300w, https:\/\/otthon.kaposvar.hu\/wp-content\/uploads\/2017\/10\/cixi_web-768x432.jpg 768w\" sizes=\"(max-width: 1023px) 100vw, 1023px\" \/><\/h2>\n<div class=\"kv-page-margin-1\">\u00a0<\/div>\n<h2 class=\"kv-page-content-title\">Cixi<\/h2>\n<h4 class=\"kv-page-content-paragraphtitle\">K\u00edna<\/h4>\n<p class=\"kv-page-content-paragraph\">Polg\u00e1rmester: Xu Huajing<br \/>\nKapcsolatfelv\u00e9tel: 2010<br \/>\nEgy\u00fcttm\u0171k\u00f6d\u00e9si szerz\u0151d\u00e9s: 2010<\/p>\n<p class=\"kv-page-content-paragraph\">Honlap: <span lang=\"EN-US\"><a href=\"http:\/\/www.cixi.gov.cn\" target=\"_blank\" rel=\"noopener\">cixi.gov.cn<\/a><\/span><\/p>\n<div class=\"kv-page-margin-1\">\u00a0<\/div>\n<p><img loading=\"lazy\" class=\"alignnone wp-image-2087 size-large\" src=\"https:\/\/otthon.kaposvar.hu\/wp-content\/uploads\/2017\/10\/mostar_web-1024x576.jpg\" alt=\"\" width=\"1024\" height=\"576\" srcset=\"https:\/\/otthon.kaposvar.hu\/wp-content\/uploads\/2017\/10\/mostar_web-1024x576.jpg 1024w, https:\/\/otthon.kaposvar.hu\/wp-content\/uploads\/2017\/10\/mostar_web-300x169.jpg 300w, https:\/\/otthon.kaposvar.hu\/wp-content\/uploads\/2017\/10\/mostar_web-768x432.jpg 768w, https:\/\/otthon.kaposvar.hu\/wp-content\/uploads\/2017\/10\/mostar_web.jpg 1920w\" sizes=\"(max-width: 1024px) 100vw, 1024px\" \/><\/p>\n<div class=\"kv-page-margin-1\">\u00a0<\/div>\n<h2 class=\"kv-page-content-title\">Mostar<\/h2>\n<h4 class=\"kv-page-content-paragraphtitle\">Bosznia-Hercegovina<\/h4>\n<p class=\"kv-page-content-paragraph\">Polg\u00e1rmester: Mario Kordi\u0107<br \/>\nKapcsolatfelv\u00e9tel: 2007<br \/>\nPartnerszerz\u0151d\u00e9s: 2008<\/p>\n<p class=\"kv-page-content-paragraph\">Honlap: <span lang=\"EN-US\"><a href=\"http:\/\/www.mostar.ba\" target=\"_blank\" rel=\"noopener\">mostar.ba<\/a><\/span><\/p>\n<div class=\"kv-page-margin-1\">\u00a0<\/div>\n<p><img loading=\"lazy\" class=\"alignnone wp-image-2086 size-large\" src=\"https:\/\/otthon.kaposvar.hu\/wp-content\/uploads\/2017\/10\/villach_web-1024x576.jpg\" alt=\"\" width=\"1024\" height=\"576\" srcset=\"https:\/\/otthon.kaposvar.hu\/wp-content\/uploads\/2017\/10\/villach_web-1024x576.jpg 1024w, https:\/\/otthon.kaposvar.hu\/wp-content\/uploads\/2017\/10\/villach_web-300x169.jpg 300w, https:\/\/otthon.kaposvar.hu\/wp-content\/uploads\/2017\/10\/villach_web-768x432.jpg 768w, https:\/\/otthon.kaposvar.hu\/wp-content\/uploads\/2017\/10\/villach_web.jpg 2000w\" sizes=\"(max-width: 1024px) 100vw, 1024px\" \/><\/p>\n<div class=\"kv-page-margin-1\">\u00a0<\/div>\n<h2 class=\"kv-page-content-title\">Villach<\/h2>\n<h4 class=\"kv-page-content-paragraphtitle\">Ausztria<\/h4>\n<p class=\"kv-page-content-paragraph\">Polg\u00e1rmester: G\u00fcnther Albel<br \/>\nKapcsolatfelv\u00e9tel: 1991<\/p>\n<p class=\"kv-page-content-paragraph\">Homepage: <span lang=\"EN-US\"><a href=\"http:\/\/www.villach.at\" target=\"_blank\" rel=\"noopener\">villach.at<\/a><\/span><\/p>\n<div class=\"kv-page-margin-15\">\u00a0<\/div>\n<p><\/p>","protected":false},"excerpt":{"rendered":"<p>\u00a0 Cixi K\u00edna Polg\u00e1rmester: Xu Huajing Kapcsolatfelv\u00e9tel: 2010 Egy\u00fcttm\u0171k\u00f6d\u00e9si szerz\u0151d\u00e9s: 2010 Honlap: cixi.gov.cn \u00a0 \u00a0 Mostar Bosznia-Hercegovina Polg\u00e1rmester: Mario Kordi\u0107 Kapcsolatfelv\u00e9tel: 2007 Partnerszerz\u0151d\u00e9s: 2008 Honlap: mostar.ba \u00a0 \u00a0 Villach Ausztria Polg\u00e1rmester: G\u00fcnther Albel Kapcsolatfelv\u00e9tel: 1991 Homepage: villach.at \u00a0<\/p>\n","protected":false},"author":13,"featured_media":2264,"parent":2092,"menu_order":0,"comment_status":"closed","ping_status":"closed","template":"","meta":[],"acf":[],"yoast_head":"<!-- This site is optimized with the Yoast SEO plugin v19.8 - https:\/\/yoast.com\/wordpress\/plugins\/seo\/ -->\n<title>Kaposv\u00e1r partnerv\u00e1rosai - Kaposv\u00e1r Megyei Jog\u00fa V\u00e1ros<\/title>\n<meta name=\"robots\" content=\"index, follow, max-snippet:-1, max-image-preview:large, max-video-preview:-1\" \/>\n<link rel=\"canonical\" href=\"https:\/\/otthon.kaposvar.hu\/hu\/varostortenet\/kaposvar-testver-es-partnervarosai\/kaposvar-partnervarosai\/\" \/>\n<meta property=\"og:locale\" content=\"hu_HU\" \/>\n<meta property=\"og:type\" content=\"article\" \/>\n<meta property=\"og:title\" content=\"Kaposv\u00e1r partnerv\u00e1rosai - Kaposv\u00e1r Megyei Jog\u00fa V\u00e1ros\" \/>\n<meta property=\"og:description\" content=\"\u00a0 Cixi K\u00edna Polg\u00e1rmester: Xu Huajing Kapcsolatfelv\u00e9tel: 2010 Egy\u00fcttm\u0171k\u00f6d\u00e9si szerz\u0151d\u00e9s: 2010 Honlap: cixi.gov.cn \u00a0 \u00a0 Mostar Bosznia-Hercegovina Polg\u00e1rmester: Mario Kordi\u0107 Kapcsolatfelv\u00e9tel: 2007 Partnerszerz\u0151d\u00e9s: 2008 Honlap: mostar.ba \u00a0 \u00a0 Villach Ausztria Polg\u00e1rmester: G\u00fcnther Albel Kapcsolatfelv\u00e9tel: 1991 Homepage: villach.at \u00a0\" \/>\n<meta property=\"og:url\" content=\"https:\/\/otthon.kaposvar.hu\/hu\/varostortenet\/kaposvar-testver-es-partnervarosai\/kaposvar-partnervarosai\/\" \/>\n<meta property=\"og:site_name\" content=\"Kaposv\u00e1r Megyei Jog\u00fa V\u00e1ros\" \/>\n<meta property=\"article:publisher\" content=\"https:\/\/www.facebook.com\/cityofkaposvar\/\" \/>\n<meta property=\"article:modified_time\" content=\"2025-02-18T08:28:06+00:00\" \/>\n<meta property=\"og:image\" content=\"https:\/\/otthon.kaposvar.hu\/wp-content\/uploads\/2017\/10\/IMG_6613-1.jpg\" \/>\n\t<meta property=\"og:image:width\" content=\"3262\" \/>\n\t<meta property=\"og:image:height\" content=\"1835\" \/>\n\t<meta property=\"og:image:type\" content=\"image\/jpeg\" \/>\n<meta name=\"twitter:card\" content=\"summary_large_image\" \/>\n<script type=\"application\/ld+json\" class=\"yoast-schema-graph\">{\"@context\":\"https:\/\/schema.org\",\"@graph\":[{\"@type\":\"WebPage\",\"@id\":\"https:\/\/otthon.kaposvar.hu\/hu\/varostortenet\/kaposvar-testver-es-partnervarosai\/kaposvar-partnervarosai\/\",\"url\":\"https:\/\/otthon.kaposvar.hu\/hu\/varostortenet\/kaposvar-testver-es-partnervarosai\/kaposvar-partnervarosai\/\",\"name\":\"Kaposv\u00e1r partnerv\u00e1rosai - Kaposv\u00e1r Megyei Jog\u00fa V\u00e1ros\",\"isPartOf\":{\"@id\":\"https:\/\/otthon.kaposvar.hu\/hu\/#website\"},\"datePublished\":\"2017-10-02T09:23:12+00:00\",\"dateModified\":\"2025-02-18T08:28:06+00:00\",\"breadcrumb\":{\"@id\":\"https:\/\/otthon.kaposvar.hu\/hu\/varostortenet\/kaposvar-testver-es-partnervarosai\/kaposvar-partnervarosai\/#breadcrumb\"},\"inLanguage\":\"hu\",\"potentialAction\":[{\"@type\":\"ReadAction\",\"target\":[[\"https:\/\/otthon.kaposvar.hu\/hu\/varostortenet\/kaposvar-testver-es-partnervarosai\/kaposvar-partnervarosai\/\"]]}]},{\"@type\":\"BreadcrumbList\",\"@id\":\"https:\/\/otthon.kaposvar.hu\/hu\/varostortenet\/kaposvar-testver-es-partnervarosai\/kaposvar-partnervarosai\/#breadcrumb\",\"itemListElement\":[{\"@type\":\"ListItem\",\"position\":1,\"name\":\"Home\",\"item\":\"https:\/\/otthon.kaposvar.hu\/hu\/\"},{\"@type\":\"ListItem\",\"position\":2,\"name\":\"V\u00e1rost\u00f6rt\u00e9net\",\"item\":\"https:\/\/otthon.kaposvar.hu\/hu\/varostortenet\/\"},{\"@type\":\"ListItem\",\"position\":3,\"name\":\"Kaposv\u00e1r testv\u00e9r- \u00e9s partnerv\u00e1rosai\",\"item\":\"https:\/\/otthon.kaposvar.hu\/hu\/varostortenet\/kaposvar-testver-es-partnervarosai\/\"},{\"@type\":\"ListItem\",\"position\":4,\"name\":\"Kaposv\u00e1r partnerv\u00e1rosai\"}]},{\"@type\":\"WebSite\",\"@id\":\"https:\/\/otthon.kaposvar.hu\/hu\/#website\",\"url\":\"https:\/\/otthon.kaposvar.hu\/hu\/\",\"name\":\"Kaposv\u00e1r Megyei Jog\u00fa V\u00e1ros\",\"description\":\"\",\"publisher\":{\"@id\":\"https:\/\/otthon.kaposvar.hu\/hu\/#organization\"},\"potentialAction\":[{\"@type\":\"SearchAction\",\"target\":{\"@type\":\"EntryPoint\",\"urlTemplate\":\"https:\/\/otthon.kaposvar.hu\/hu\/?s={search_term_string}\"},\"query-input\":\"required name=search_term_string\"}],\"inLanguage\":\"hu\"},{\"@type\":\"Organization\",\"@id\":\"https:\/\/otthon.kaposvar.hu\/hu\/#organization\",\"name\":\"Kaposv\u00e1r Megyei Jog\u00fa V\u00e1ros\",\"url\":\"https:\/\/otthon.kaposvar.hu\/hu\/\",\"sameAs\":[\"https:\/\/www.instagram.com\/cityofkaposvar\/\",\"https:\/\/www.facebook.com\/cityofkaposvar\/\"],\"logo\":{\"@type\":\"ImageObject\",\"inLanguage\":\"hu\",\"@id\":\"https:\/\/otthon.kaposvar.hu\/hu\/#\/schema\/logo\/image\/\",\"url\":\"https:\/\/otthon.kaposvar.hu\/wp-content\/uploads\/2021\/10\/kaposvar_social.jpg\",\"contentUrl\":\"https:\/\/otthon.kaposvar.hu\/wp-content\/uploads\/2021\/10\/kaposvar_social.jpg\",\"width\":1200,\"height\":900,\"caption\":\"Kaposv\u00e1r Megyei Jog\u00fa V\u00e1ros\"},\"image\":{\"@id\":\"https:\/\/otthon.kaposvar.hu\/hu\/#\/schema\/logo\/image\/\"}}]}<\/script>\n<!-- \/ Yoast SEO plugin. -->","yoast_head_json":{"title":"Kaposv\u00e1r partnerv\u00e1rosai - Kaposv\u00e1r Megyei Jog\u00fa V\u00e1ros","robots":{"index":"index","follow":"follow","max-snippet":"max-snippet:-1","max-image-preview":"max-image-preview:large","max-video-preview":"max-video-preview:-1"},"canonical":"https:\/\/otthon.kaposvar.hu\/hu\/varostortenet\/kaposvar-testver-es-partnervarosai\/kaposvar-partnervarosai\/","og_locale":"hu_HU","og_type":"article","og_title":"Kaposv\u00e1r partnerv\u00e1rosai - Kaposv\u00e1r Megyei Jog\u00fa V\u00e1ros","og_description":"\u00a0 Cixi K\u00edna Polg\u00e1rmester: Xu Huajing Kapcsolatfelv\u00e9tel: 2010 Egy\u00fcttm\u0171k\u00f6d\u00e9si szerz\u0151d\u00e9s: 2010 Honlap: cixi.gov.cn \u00a0 \u00a0 Mostar Bosznia-Hercegovina Polg\u00e1rmester: Mario Kordi\u0107 Kapcsolatfelv\u00e9tel: 2007 Partnerszerz\u0151d\u00e9s: 2008 Honlap: mostar.ba \u00a0 \u00a0 Villach Ausztria Polg\u00e1rmester: G\u00fcnther Albel Kapcsolatfelv\u00e9tel: 1991 Homepage: villach.at \u00a0","og_url":"https:\/\/otthon.kaposvar.hu\/hu\/varostortenet\/kaposvar-testver-es-partnervarosai\/kaposvar-partnervarosai\/","og_site_name":"Kaposv\u00e1r Megyei Jog\u00fa V\u00e1ros","article_publisher":"https:\/\/www.facebook.com\/cityofkaposvar\/","article_modified_time":"2025-02-18T08:28:06+00:00","og_image":[{"width":3262,"height":1835,"url":"https:\/\/otthon.kaposvar.hu\/wp-content\/uploads\/2017\/10\/IMG_6613-1.jpg","type":"image\/jpeg"}],"twitter_card":"summary_large_image","schema":{"@context":"https:\/\/schema.org","@graph":[{"@type":"WebPage","@id":"https:\/\/otthon.kaposvar.hu\/hu\/varostortenet\/kaposvar-testver-es-partnervarosai\/kaposvar-partnervarosai\/","url":"https:\/\/otthon.kaposvar.hu\/hu\/varostortenet\/kaposvar-testver-es-partnervarosai\/kaposvar-partnervarosai\/","name":"Kaposv\u00e1r partnerv\u00e1rosai - Kaposv\u00e1r Megyei Jog\u00fa V\u00e1ros","isPartOf":{"@id":"https:\/\/otthon.kaposvar.hu\/hu\/#website"},"datePublished":"2017-10-02T09:23:12+00:00","dateModified":"2025-02-18T08:28:06+00:00","breadcrumb":{"@id":"https:\/\/otthon.kaposvar.hu\/hu\/varostortenet\/kaposvar-testver-es-partnervarosai\/kaposvar-partnervarosai\/#breadcrumb"},"inLanguage":"hu","potentialAction":[{"@type":"ReadAction","target":[["https:\/\/otthon.kaposvar.hu\/hu\/varostortenet\/kaposvar-testver-es-partnervarosai\/kaposvar-partnervarosai\/"]]}]},{"@type":"BreadcrumbList","@id":"https:\/\/otthon.kaposvar.hu\/hu\/varostortenet\/kaposvar-testver-es-partnervarosai\/kaposvar-partnervarosai\/#breadcrumb","itemListElement":[{"@type":"ListItem","position":1,"name":"Home","item":"https:\/\/otthon.kaposvar.hu\/hu\/"},{"@type":"ListItem","position":2,"name":"V\u00e1rost\u00f6rt\u00e9net","item":"https:\/\/otthon.kaposvar.hu\/hu\/varostortenet\/"},{"@type":"ListItem","position":3,"name":"Kaposv\u00e1r testv\u00e9r- \u00e9s partnerv\u00e1rosai","item":"https:\/\/otthon.kaposvar.hu\/hu\/varostortenet\/kaposvar-testver-es-partnervarosai\/"},{"@type":"ListItem","position":4,"name":"Kaposv\u00e1r partnerv\u00e1rosai"}]},{"@type":"WebSite","@id":"https:\/\/otthon.kaposvar.hu\/hu\/#website","url":"https:\/\/otthon.kaposvar.hu\/hu\/","name":"Kaposv\u00e1r Megyei Jog\u00fa V\u00e1ros","description":"","publisher":{"@id":"https:\/\/otthon.kaposvar.hu\/hu\/#organization"},"potentialAction":[{"@type":"SearchAction","target":{"@type":"EntryPoint","urlTemplate":"https:\/\/otthon.kaposvar.hu\/hu\/?s={search_term_string}"},"query-input":"required name=search_term_string"}],"inLanguage":"hu"},{"@type":"Organization","@id":"https:\/\/otthon.kaposvar.hu\/hu\/#organization","name":"Kaposv\u00e1r Megyei Jog\u00fa V\u00e1ros","url":"https:\/\/otthon.kaposvar.hu\/hu\/","sameAs":["https:\/\/www.instagram.com\/cityofkaposvar\/","https:\/\/www.facebook.com\/cityofkaposvar\/"],"logo":{"@type":"ImageObject","inLanguage":"hu","@id":"https:\/\/otthon.kaposvar.hu\/hu\/#\/schema\/logo\/image\/","url":"https:\/\/otthon.kaposvar.hu\/wp-content\/uploads\/2021\/10\/kaposvar_social.jpg","contentUrl":"https:\/\/otthon.kaposvar.hu\/wp-content\/uploads\/2021\/10\/kaposvar_social.jpg","width":1200,"height":900,"caption":"Kaposv\u00e1r Megyei Jog\u00fa V\u00e1ros"},"image":{"@id":"https:\/\/otthon.kaposvar.hu\/hu\/#\/schema\/logo\/image\/"}}]}},"_links":{"self":[{"href":"https:\/\/otthon.kaposvar.hu\/hu\/wp-json\/wp\/v2\/pages\/2090"}],"collection":[{"href":"https:\/\/otthon.kaposvar.hu\/hu\/wp-json\/wp\/v2\/pages"}],"about":[{"href":"https:\/\/otthon.kaposvar.hu\/hu\/wp-json\/wp\/v2\/types\/page"}],"author":[{"embeddable":true,"href":"https:\/\/otthon.kaposvar.hu\/hu\/wp-json\/wp\/v2\/users\/13"}],"replies":[{"embeddable":true,"href":"https:\/\/otthon.kaposvar.hu\/hu\/wp-json\/wp\/v2\/comments?post=2090"}],"version-history":[{"count":0,"href":"https:\/\/otthon.kaposvar.hu\/hu\/wp-json\/wp\/v2\/pages\/2090\/revisions"}],"up":[{"embeddable":true,"href":"https:\/\/otthon.kaposvar.hu\/hu\/wp-json\/wp\/v2\/pages\/2092"}],"wp:featuredmedia":[{"embeddable":true,"href":"https:\/\/otthon.kaposvar.hu\/hu\/wp-json\/wp\/v2\/media\/2264"}],"wp:attachment":[{"href":"https:\/\/otthon.kaposvar.hu\/hu\/wp-json\/wp\/v2\/media?parent=2090"}],"curies":[{"name":"wp","href":"https:\/\/api.w.org\/{rel}","templated":true}]}}