{"id":2038,"date":"2017-09-05T17:48:24","date_gmt":"2017-09-05T16:48:24","guid":{"rendered":"https:\/\/otthon.kaposvar.hu\/?page_id=2038"},"modified":"2017-09-06T14:43:04","modified_gmt":"2017-09-06T13:43:04","slug":"a-parkolas-tizparancsolata","status":"publish","type":"page","link":"https:\/\/otthon.kaposvar.hu\/hu\/lakossagi-informaciok\/kozlekedes\/parkolas\/a-parkolas-tizparancsolata\/","title":{"rendered":"A parkol\u00e1s \u201et\u00edzparancsolata\u201d"},"content":{"rendered":"<p><\/p>\n<h3 class=\"kv-page-content-subtitle\">1) Fokozottan kell \u00fcgyelni a parkol\u00e1si z\u00f3n\u00e1kat jelz\u0151 t\u00e1bl\u00e1kra<\/h3>\n<p class=\"kv-page-content-paragraph\">Minden esetben j\u00e1rjanak el k\u00f6r\u00fcltekint\u0151en az aut\u00f3sok, ha j\u00e1rm\u0171v\u00fckkel v\u00e1rakoz\u00e1sra k\u00e9sz\u00fclnek, \u00e9s figyelj\u00e9k az erre vonatkoz\u00f3 t\u00e1j\u00e9koztat\u00e1st ad\u00f3 jelz\u0151t\u00e1bl\u00e1kat. Ez k\u00fcl\u00f6n\u00f6sen az\u00e9rt fontos, mert a \u201eV\u00e1rakoz\u00e1si \u00f6vezet z\u00f3na\u201d t\u00e1bla egy teljes z\u00f3n\u00e1t jel\u00f6l ki, \u00edgy azon bel\u00fcl a v\u00e1rakoz\u00f3helyek el\u0151tt k\u00fcl\u00f6n t\u00e1j\u00e9koztat\u00f3 t\u00e1bl\u00e1t nem sz\u00fcks\u00e9gszer\u0171en helyeznek ki, ha k\u00fcl\u00f6n\u00f6s felt\u00e9tele nincs az adott \u00fatszakaszon t\u00f6rt\u00e9n\u0151 v\u00e1rakoz\u00e1snak.<\/p>\n<div class=\"kv-page-margin-05\">\u00a0<\/div>\n<h3 class=\"kv-page-content-subtitle\">2) Amilyen gyorsan csak lehet, meg kell v\u00e1ltani a parkol\u00f3jegyet, vagy ind\u00edtani kell a mobilparkol\u00e1st<\/h3>\n<p class=\"kv-page-content-paragraph\">Nagyon fontos, hogy a parkol\u00f3jegy\u00fcket a v\u00e1rakoz\u00e1s megkezd\u00e9s\u00e9t k\u00f6vet\u0151en halad\u00e9ktalanul meg kell v\u00e1ltaniuk a fogyaszt\u00f3knak. T\u00f6rekedjenek arra, hogy a parkol\u00f3automat\u00e1b\u00f3l v\u00e1ltott jeggyel a j\u00e1rm\u0171v\u00fckh\u00f6z miel\u0151bb vissza\u00e9rjenek, mobilparkol\u00e1s eset\u00e9n pedig a visszaigazol\u00f3 SMS meg\u00e9rkez\u00e9s\u00e9ig ne hagyj\u00e1k el a j\u00e1rm\u0171v\u00fcket, v\u00e1rj\u00e1k azt meg.<\/p>\n<div class=\"kv-page-margin-05\">\u00a0<\/div>\n<h3 class=\"kv-page-content-subtitle\">3) A parkol\u00f3jegyet mindig j\u00f3l l\u00e1that\u00f3an kell kitenni a sz\u00e9lv\u00e9d\u0151 m\u00f6g\u00e9<\/h3>\n<p class=\"kv-page-content-paragraph\">Tarts\u00e1k \u00e9szben a fogyaszt\u00f3k, hogy a parkol\u00f3automat\u00e1b\u00f3l v\u00e1ltott jegyet az els\u0151 sz\u00e9lv\u00e9d\u0151 m\u00f6g\u00f6tt, k\u00edv\u00fclr\u0151l j\u00f3l l\u00e1that\u00f3an kell elhelyezni\u00fck \u00fagy, hogy az \u00e9rv\u00e9nyess\u00e9gi id\u0151 j\u00f3l olvashat\u00f3 legyen. Sok bossz\u00fas\u00e1gt\u00f3l k\u00edm\u00e9lhetik meg magukat, ha a j\u00e1rm\u0171 elhagy\u00e1sakor ellen\u0151rzik a szelv\u00e9ny olvashat\u00f3s\u00e1g\u00e1t. Nincs helye ut\u00f3lagos bemutat\u00e1snak, \u00e9s nem mentes\u00fclhetnek a fogyaszt\u00f3k a p\u00f3td\u00edj megfizet\u00e9se al\u00f3l akkor, ha az \u00e9rv\u00e9nyes parkol\u00f3jegy\u00fcket nem megfelel\u0151en helyezt\u00e9k el a g\u00e9pj\u00e1rm\u0171ben.<\/p>\n<div class=\"kv-page-margin-05\">\u00a0<\/div>\n<h3 class=\"kv-page-content-subtitle\">4) Nagyon kell figyelni a mobilparkol\u00e1s le\u00e1ll\u00edt\u00e1s\u00e1ra is<\/h3>\n<p class=\"kv-page-content-paragraph\">A mobilparkol\u00e1s a maxim\u00e1lis v\u00e1rakoz\u00e1si id\u0151 eltelt\u00e9vel le\u00e1ll. K\u00fcl\u00f6n\u00f6sen \u00fcgyeljenek ez\u00e9rt mobilparkol\u00e1sn\u00e1l, \u00e9s mindig ford\u00edtsanak figyelmet a szolg\u00e1ltat\u00f3t\u00f3l kapott \u00fczenetekre.<\/p>\n<div class=\"kv-page-margin-05\">\u00a0<\/div>\n<h3 class=\"kv-page-content-subtitle\">5) Ezekben az esetekben szabhatnak ki p\u00f3td\u00edjat<\/h3>\n<p class=\"kv-page-content-paragraph\">Ha a j\u00e1rm\u0171 d\u00edjfizet\u00e9si k\u00f6telezetts\u00e9g al\u00e1 es\u0151 v\u00e1rakoz\u00e1si ter\u00fcleten d\u00edjfizet\u00e9s n\u00e9lk\u00fcl v\u00e1rakozik, vagy a kifizetett v\u00e1rakoz\u00e1si id\u0151t egy \u00f3r\u00e1n\u00e1l r\u00f6videbb id\u0151re t\u00f6rt\u00e9nt fizet\u00e9s eset\u00e9n 5 perccel, egy \u00f3r\u00e1ra vagy ann\u00e1l hosszabb id\u0151re t\u00f6rt\u00e9nt fizet\u00e9s eset\u00e9n legal\u00e1bb 15 perccel t\u00fall\u00e9pi, v\u00e1rakoz\u00e1si esetenk\u00e9nt egy\u00f3rai v\u00e1rakoz\u00e1si d\u00edjat, tov\u00e1bb\u00e1 p\u00f3td\u00edjat kell fizetni. A parkol\u00f3jegy \u00fajrav\u00e1lt\u00e1s\u00e1val az 5 perces t\u00fcrelmi id\u0151t 15 percesre hosszabb\u00edtani nem lehet. Nem a v\u00e1rakoz\u00e1s ideje sz\u00e1m\u00edt teh\u00e1t, hanem az utols\u00f3 parkol\u00f3jegy \u00e9rv\u00e9nyess\u00e9gi idej\u00e9nek hossza.<\/p>\n<div class=\"kv-page-margin-05\">\u00a0<\/div>\n<h3 class=\"kv-page-content-subtitle\">6) Egy aut\u00f3s egy nap maximum csak egyszer kaphat Mikul\u00e1s-csomagot<\/h3>\n<p class=\"kv-page-content-paragraph\">A d\u00edjfizet\u00e9si k\u00f6telezetts\u00e9g al\u00e1 es\u0151 v\u00e1rakoz\u00e1si ter\u00fcleten d\u00edjfizet\u00e9s n\u00e9lk\u00fcl v\u00e1rakoz\u00f3 j\u00e1rm\u0171re ugyanazon a v\u00e1rakoz\u00e1si ter\u00fcleten egy napt\u00e1ri napon bel\u00fcl p\u00f3td\u00edj csak egyszer szabhat\u00f3 ki.<\/p>\n<div class=\"kv-page-margin-05\">\u00a0<\/div>\n<h3 class=\"kv-page-content-subtitle\">7) \u00daj parkol\u00e1sn\u00e1l a r\u00e9gi, lej\u00e1rt jegyet el kell t\u00e1vol\u00edtani a sz\u00e9lv\u00e9d\u0151 m\u00f6g\u00fcl<\/h3>\n<p class=\"kv-page-content-paragraph\">Arra is figyeljenek oda a fogyaszt\u00f3k, hogy \u00faj parkol\u00e1si esem\u00e9ny megkezd\u00e9sekor a kor\u00e1bbi, lej\u00e1rt jegyet t\u00e1vol\u00edts\u00e1k el a sz\u00e9lv\u00e9d\u0151 m\u00f6g\u00fcl. Ezzel elker\u00fclhet\u0151, hogy a v\u00e1rakoz\u00e1si esem\u00e9nyt f\u00e9lre\u00e9rt\u00e9sb\u0151l lej\u00e1rt parkol\u00e1si esem\u00e9nynek v\u00e9lj\u00e9k, mely esetben nem alkalmazhat\u00f3 az 5 perces t\u00fcrelmi id\u0151.<\/p>\n<div class=\"kv-page-margin-05\">\u00a0<\/div>\n<h3 class=\"kv-page-content-subtitle\">8) Mozg\u00e1skorl\u00e1tozottak ingyenes parkol\u00e1sa csak akkor szab\u00e1lyos, ha kihelyezt\u00e9k az igazolv\u00e1nyt a sz\u00e9lv\u00e9d\u0151 m\u00f6g\u00e9<\/h3>\n<p class=\"kv-page-content-paragraph\">A mozg\u00e1sukban korl\u00e1tozott fogyaszt\u00f3k kiz\u00e1r\u00f3lag akkor mentes\u00fclhetnek a p\u00f3td\u00edj megfizet\u00e9se al\u00f3l, ha eredeti \u00e9s \u00e9rv\u00e9nyes parkol\u00e1si igazolv\u00e1nyukat a g\u00e9pj\u00e1rm\u0171 els\u0151 sz\u00e9lv\u00e9d\u0151je m\u00f6g\u00f6tt j\u00f3l l\u00e1that\u00f3an elhelyezt\u00e9k.<\/p>\n<p class=\"kv-page-content-paragraph\">Az igazolv\u00e1ny ut\u00f3lagos bemutat\u00e1sa lehets\u00e9ges.<\/p>\n<div class=\"kv-page-margin-05\">\u00a0<\/div>\n<h3 class=\"kv-page-content-subtitle\">9) A mobilparkol\u00e1s k\u00e9nyelmes, de nagyon \u00e9rdemes odafigyelni egy-k\u00e9t dologra<\/h3>\n<p class=\"kv-page-content-paragraph\">Mobilparkol\u00e1s eset\u00e9n is j\u00e1rjanak el k\u00f6r\u00fcltekint\u0151en a fogyaszt\u00f3k. A v\u00e9letlen karaktert\u00e9veszt\u00e9s eset\u00e9n a jogszab\u00e1ly nem ad mentes\u00fcl\u00e9si lehet\u0151s\u00e9get a p\u00f3td\u00edj al\u00f3l. Ha a z\u00f3nak\u00f3d megad\u00e1sa sor\u00e1n t\u00e9vesztenek sz\u00e1mjegyet a fogyaszt\u00f3k, \u00fagy nem a v\u00e1rakoz\u00e1si helynek megfelel\u0151 z\u00f3n\u00e1ba v\u00e1ltanak jegyet, amennyiben pedig a rendsz\u00e1mban \u00fctnek el karaktert, \u00fagy az adott j\u00e1rm\u0171 vonatkoz\u00e1s\u00e1ban nem lesz \u00e9rv\u00e9nyesen elind\u00edtott parkol\u00e1suk.<\/p>\n<p class=\"kv-page-content-paragraph\">Ne b\u00edzzanak meg felt\u00e9tel n\u00e9lk\u00fcl a mobilparkol\u00e1st seg\u00edt\u0151 applik\u00e1ci\u00f3kban, hanem ellen\u0151rizz\u00e9k a z\u00f3nak\u00f3d helyess\u00e9g\u00e9t, alkalmank\u00e9nt el\u0151fordul ugyanis, hogy az automatikusan felk\u00edn\u00e1lt z\u00f3nak\u00f3d nem a v\u00e1rakoz\u00e1s hely\u00e9nek megfelel\u0151 z\u00f3n\u00e1ra vonatkozik.<\/p>\n<div class=\"kv-page-margin-05\">\u00a0<\/div>\n<h3 class=\"kv-page-content-subtitle\">10) Utaz\u00e1s sor\u00e1n vagy ismeretlen v\u00e1rosban legy\u00fcnk sokkal k\u00f6r\u00fcltekint\u0151bbek<\/h3>\n<p class=\"kv-page-content-paragraph\">Legyenek k\u00f6r\u00fcltekint\u0151ek a fogyaszt\u00f3k akkor, ha \u00e1ltaluk ismeretlen v\u00e1rosban v\u00e1rakoznak j\u00e1rm\u0171v\u00fckkel. A v\u00e1rakoz\u00e1s rendj\u00e9t, \u00edgy p\u00e9ld\u00e1ul a v\u00e1rakoz\u00e1si d\u00edj megfizet\u00e9s\u00e9nek lehets\u00e9ges m\u00f3djait r\u00e9szletesebben az egyes telep\u00fcl\u00e9si \u00f6nkorm\u00e1nyzatok rendeletei szab\u00e1lyozz\u00e1k, esetlegesen egym\u00e1st\u00f3l is elt\u00e9r\u0151en.<\/p>\n<div class=\"kv-page-margin-15\">\u00a0<\/div>\n<p><\/p>","protected":false},"excerpt":{"rendered":"<p>1) Fokozottan kell \u00fcgyelni a parkol\u00e1si z\u00f3n\u00e1kat jelz\u0151 t\u00e1bl\u00e1kra Minden esetben j\u00e1rjanak el k\u00f6r\u00fcltekint\u0151en az aut\u00f3sok, ha j\u00e1rm\u0171v\u00fckkel v\u00e1rakoz\u00e1sra k\u00e9sz\u00fclnek, \u00e9s figyelj\u00e9k az erre vonatkoz\u00f3 t\u00e1j\u00e9koztat\u00e1st ad\u00f3 jelz\u0151t\u00e1bl\u00e1kat. Ez k\u00fcl\u00f6n\u00f6sen az\u00e9rt fontos, mert a \u201eV\u00e1rakoz\u00e1si \u00f6vezet z\u00f3na\u201d t\u00e1bla egy teljes z\u00f3n\u00e1t jel\u00f6l ki, \u00edgy azon bel\u00fcl a v\u00e1rakoz\u00f3helyek el\u0151tt k\u00fcl\u00f6n t\u00e1j\u00e9koztat\u00f3 t\u00e1bl\u00e1t nem sz\u00fcks\u00e9gszer\u0171en helyeznek [&hellip;]<\/p>\n","protected":false},"author":13,"featured_media":1535,"parent":296,"menu_order":0,"comment_status":"closed","ping_status":"closed","template":"","meta":[],"acf":[],"yoast_head":"<!-- This site is optimized with the Yoast SEO plugin v19.8 - https:\/\/yoast.com\/wordpress\/plugins\/seo\/ -->\n<title>A parkol\u00e1s \u201et\u00edzparancsolata\u201d - Kaposv\u00e1r Megyei Jog\u00fa V\u00e1ros<\/title>\n<meta name=\"robots\" content=\"index, follow, max-snippet:-1, max-image-preview:large, max-video-preview:-1\" \/>\n<link rel=\"canonical\" href=\"https:\/\/otthon.kaposvar.hu\/hu\/lakossagi-informaciok\/kozlekedes\/parkolas\/a-parkolas-tizparancsolata\/\" \/>\n<meta property=\"og:locale\" content=\"hu_HU\" \/>\n<meta property=\"og:type\" content=\"article\" \/>\n<meta property=\"og:title\" content=\"A parkol\u00e1s \u201et\u00edzparancsolata\u201d - Kaposv\u00e1r Megyei Jog\u00fa V\u00e1ros\" \/>\n<meta property=\"og:description\" content=\"1) Fokozottan kell \u00fcgyelni a parkol\u00e1si z\u00f3n\u00e1kat jelz\u0151 t\u00e1bl\u00e1kra Minden esetben j\u00e1rjanak el k\u00f6r\u00fcltekint\u0151en az aut\u00f3sok, ha j\u00e1rm\u0171v\u00fckkel v\u00e1rakoz\u00e1sra k\u00e9sz\u00fclnek, \u00e9s figyelj\u00e9k az erre vonatkoz\u00f3 t\u00e1j\u00e9koztat\u00e1st ad\u00f3 jelz\u0151t\u00e1bl\u00e1kat. Ez k\u00fcl\u00f6n\u00f6sen az\u00e9rt fontos, mert a \u201eV\u00e1rakoz\u00e1si \u00f6vezet z\u00f3na\u201d t\u00e1bla egy teljes z\u00f3n\u00e1t jel\u00f6l ki, \u00edgy azon bel\u00fcl a v\u00e1rakoz\u00f3helyek el\u0151tt k\u00fcl\u00f6n t\u00e1j\u00e9koztat\u00f3 t\u00e1bl\u00e1t nem sz\u00fcks\u00e9gszer\u0171en helyeznek [&hellip;]\" \/>\n<meta property=\"og:url\" content=\"https:\/\/otthon.kaposvar.hu\/hu\/lakossagi-informaciok\/kozlekedes\/parkolas\/a-parkolas-tizparancsolata\/\" \/>\n<meta property=\"og:site_name\" content=\"Kaposv\u00e1r Megyei Jog\u00fa V\u00e1ros\" \/>\n<meta property=\"article:publisher\" content=\"https:\/\/www.facebook.com\/cityofkaposvar\/\" \/>\n<meta property=\"article:modified_time\" content=\"2017-09-06T13:43:04+00:00\" \/>\n<meta property=\"og:image\" content=\"https:\/\/otthon.kaposvar.hu\/wp-content\/uploads\/2017\/01\/parkolas.jpg\" \/>\n\t<meta property=\"og:image:width\" content=\"1920\" \/>\n\t<meta property=\"og:image:height\" content=\"1280\" \/>\n\t<meta property=\"og:image:type\" content=\"image\/jpeg\" \/>\n<meta name=\"twitter:card\" content=\"summary_large_image\" \/>\n<meta name=\"twitter:label1\" content=\"Becs\u00fclt olvas\u00e1si id\u0151\" \/>\n\t<meta name=\"twitter:data1\" content=\"5 perc\" \/>\n<script type=\"application\/ld+json\" class=\"yoast-schema-graph\">{\"@context\":\"https:\/\/schema.org\",\"@graph\":[{\"@type\":\"WebPage\",\"@id\":\"https:\/\/otthon.kaposvar.hu\/hu\/lakossagi-informaciok\/kozlekedes\/parkolas\/a-parkolas-tizparancsolata\/\",\"url\":\"https:\/\/otthon.kaposvar.hu\/hu\/lakossagi-informaciok\/kozlekedes\/parkolas\/a-parkolas-tizparancsolata\/\",\"name\":\"A parkol\u00e1s \u201et\u00edzparancsolata\u201d - Kaposv\u00e1r Megyei Jog\u00fa V\u00e1ros\",\"isPartOf\":{\"@id\":\"https:\/\/otthon.kaposvar.hu\/hu\/#website\"},\"datePublished\":\"2017-09-05T16:48:24+00:00\",\"dateModified\":\"2017-09-06T13:43:04+00:00\",\"breadcrumb\":{\"@id\":\"https:\/\/otthon.kaposvar.hu\/hu\/lakossagi-informaciok\/kozlekedes\/parkolas\/a-parkolas-tizparancsolata\/#breadcrumb\"},\"inLanguage\":\"hu\",\"potentialAction\":[{\"@type\":\"ReadAction\",\"target\":[[\"https:\/\/otthon.kaposvar.hu\/hu\/lakossagi-informaciok\/kozlekedes\/parkolas\/a-parkolas-tizparancsolata\/\"]]}]},{\"@type\":\"BreadcrumbList\",\"@id\":\"https:\/\/otthon.kaposvar.hu\/hu\/lakossagi-informaciok\/kozlekedes\/parkolas\/a-parkolas-tizparancsolata\/#breadcrumb\",\"itemListElement\":[{\"@type\":\"ListItem\",\"position\":1,\"name\":\"Home\",\"item\":\"https:\/\/otthon.kaposvar.hu\/hu\/\"},{\"@type\":\"ListItem\",\"position\":2,\"name\":\"Lakoss\u00e1gi inform\u00e1ci\u00f3k\",\"item\":\"https:\/\/otthon.kaposvar.hu\/hu\/lakossagi-informaciok\/\"},{\"@type\":\"ListItem\",\"position\":3,\"name\":\"K\u00f6zleked\u00e9s\",\"item\":\"https:\/\/otthon.kaposvar.hu\/hu\/lakossagi-informaciok\/kozlekedes\/\"},{\"@type\":\"ListItem\",\"position\":4,\"name\":\"Parkol\u00e1s\",\"item\":\"https:\/\/otthon.kaposvar.hu\/hu\/lakossagi-informaciok\/kozlekedes\/parkolas\/\"},{\"@type\":\"ListItem\",\"position\":5,\"name\":\"A parkol\u00e1s \u201et\u00edzparancsolata\u201d\"}]},{\"@type\":\"WebSite\",\"@id\":\"https:\/\/otthon.kaposvar.hu\/hu\/#website\",\"url\":\"https:\/\/otthon.kaposvar.hu\/hu\/\",\"name\":\"Kaposv\u00e1r Megyei Jog\u00fa V\u00e1ros\",\"description\":\"\",\"publisher\":{\"@id\":\"https:\/\/otthon.kaposvar.hu\/hu\/#organization\"},\"potentialAction\":[{\"@type\":\"SearchAction\",\"target\":{\"@type\":\"EntryPoint\",\"urlTemplate\":\"https:\/\/otthon.kaposvar.hu\/hu\/?s={search_term_string}\"},\"query-input\":\"required name=search_term_string\"}],\"inLanguage\":\"hu\"},{\"@type\":\"Organization\",\"@id\":\"https:\/\/otthon.kaposvar.hu\/hu\/#organization\",\"name\":\"Kaposv\u00e1r Megyei Jog\u00fa V\u00e1ros\",\"url\":\"https:\/\/otthon.kaposvar.hu\/hu\/\",\"sameAs\":[\"https:\/\/www.instagram.com\/cityofkaposvar\/\",\"https:\/\/www.facebook.com\/cityofkaposvar\/\"],\"logo\":{\"@type\":\"ImageObject\",\"inLanguage\":\"hu\",\"@id\":\"https:\/\/otthon.kaposvar.hu\/hu\/#\/schema\/logo\/image\/\",\"url\":\"https:\/\/otthon.kaposvar.hu\/wp-content\/uploads\/2021\/10\/kaposvar_social.jpg\",\"contentUrl\":\"https:\/\/otthon.kaposvar.hu\/wp-content\/uploads\/2021\/10\/kaposvar_social.jpg\",\"width\":1200,\"height\":900,\"caption\":\"Kaposv\u00e1r Megyei Jog\u00fa V\u00e1ros\"},\"image\":{\"@id\":\"https:\/\/otthon.kaposvar.hu\/hu\/#\/schema\/logo\/image\/\"}}]}<\/script>\n<!-- \/ Yoast SEO plugin. -->","yoast_head_json":{"title":"A parkol\u00e1s \u201et\u00edzparancsolata\u201d - Kaposv\u00e1r Megyei Jog\u00fa V\u00e1ros","robots":{"index":"index","follow":"follow","max-snippet":"max-snippet:-1","max-image-preview":"max-image-preview:large","max-video-preview":"max-video-preview:-1"},"canonical":"https:\/\/otthon.kaposvar.hu\/hu\/lakossagi-informaciok\/kozlekedes\/parkolas\/a-parkolas-tizparancsolata\/","og_locale":"hu_HU","og_type":"article","og_title":"A parkol\u00e1s \u201et\u00edzparancsolata\u201d - Kaposv\u00e1r Megyei Jog\u00fa V\u00e1ros","og_description":"1) Fokozottan kell \u00fcgyelni a parkol\u00e1si z\u00f3n\u00e1kat jelz\u0151 t\u00e1bl\u00e1kra Minden esetben j\u00e1rjanak el k\u00f6r\u00fcltekint\u0151en az aut\u00f3sok, ha j\u00e1rm\u0171v\u00fckkel v\u00e1rakoz\u00e1sra k\u00e9sz\u00fclnek, \u00e9s figyelj\u00e9k az erre vonatkoz\u00f3 t\u00e1j\u00e9koztat\u00e1st ad\u00f3 jelz\u0151t\u00e1bl\u00e1kat. Ez k\u00fcl\u00f6n\u00f6sen az\u00e9rt fontos, mert a \u201eV\u00e1rakoz\u00e1si \u00f6vezet z\u00f3na\u201d t\u00e1bla egy teljes z\u00f3n\u00e1t jel\u00f6l ki, \u00edgy azon bel\u00fcl a v\u00e1rakoz\u00f3helyek el\u0151tt k\u00fcl\u00f6n t\u00e1j\u00e9koztat\u00f3 t\u00e1bl\u00e1t nem sz\u00fcks\u00e9gszer\u0171en helyeznek [&hellip;]","og_url":"https:\/\/otthon.kaposvar.hu\/hu\/lakossagi-informaciok\/kozlekedes\/parkolas\/a-parkolas-tizparancsolata\/","og_site_name":"Kaposv\u00e1r Megyei Jog\u00fa V\u00e1ros","article_publisher":"https:\/\/www.facebook.com\/cityofkaposvar\/","article_modified_time":"2017-09-06T13:43:04+00:00","og_image":[{"width":1920,"height":1280,"url":"https:\/\/otthon.kaposvar.hu\/wp-content\/uploads\/2017\/01\/parkolas.jpg","type":"image\/jpeg"}],"twitter_card":"summary_large_image","twitter_misc":{"Becs\u00fclt olvas\u00e1si id\u0151":"5 perc"},"schema":{"@context":"https:\/\/schema.org","@graph":[{"@type":"WebPage","@id":"https:\/\/otthon.kaposvar.hu\/hu\/lakossagi-informaciok\/kozlekedes\/parkolas\/a-parkolas-tizparancsolata\/","url":"https:\/\/otthon.kaposvar.hu\/hu\/lakossagi-informaciok\/kozlekedes\/parkolas\/a-parkolas-tizparancsolata\/","name":"A parkol\u00e1s \u201et\u00edzparancsolata\u201d - Kaposv\u00e1r Megyei Jog\u00fa V\u00e1ros","isPartOf":{"@id":"https:\/\/otthon.kaposvar.hu\/hu\/#website"},"datePublished":"2017-09-05T16:48:24+00:00","dateModified":"2017-09-06T13:43:04+00:00","breadcrumb":{"@id":"https:\/\/otthon.kaposvar.hu\/hu\/lakossagi-informaciok\/kozlekedes\/parkolas\/a-parkolas-tizparancsolata\/#breadcrumb"},"inLanguage":"hu","potentialAction":[{"@type":"ReadAction","target":[["https:\/\/otthon.kaposvar.hu\/hu\/lakossagi-informaciok\/kozlekedes\/parkolas\/a-parkolas-tizparancsolata\/"]]}]},{"@type":"BreadcrumbList","@id":"https:\/\/otthon.kaposvar.hu\/hu\/lakossagi-informaciok\/kozlekedes\/parkolas\/a-parkolas-tizparancsolata\/#breadcrumb","itemListElement":[{"@type":"ListItem","position":1,"name":"Home","item":"https:\/\/otthon.kaposvar.hu\/hu\/"},{"@type":"ListItem","position":2,"name":"Lakoss\u00e1gi inform\u00e1ci\u00f3k","item":"https:\/\/otthon.kaposvar.hu\/hu\/lakossagi-informaciok\/"},{"@type":"ListItem","position":3,"name":"K\u00f6zleked\u00e9s","item":"https:\/\/otthon.kaposvar.hu\/hu\/lakossagi-informaciok\/kozlekedes\/"},{"@type":"ListItem","position":4,"name":"Parkol\u00e1s","item":"https:\/\/otthon.kaposvar.hu\/hu\/lakossagi-informaciok\/kozlekedes\/parkolas\/"},{"@type":"ListItem","position":5,"name":"A parkol\u00e1s \u201et\u00edzparancsolata\u201d"}]},{"@type":"WebSite","@id":"https:\/\/otthon.kaposvar.hu\/hu\/#website","url":"https:\/\/otthon.kaposvar.hu\/hu\/","name":"Kaposv\u00e1r Megyei Jog\u00fa V\u00e1ros","description":"","publisher":{"@id":"https:\/\/otthon.kaposvar.hu\/hu\/#organization"},"potentialAction":[{"@type":"SearchAction","target":{"@type":"EntryPoint","urlTemplate":"https:\/\/otthon.kaposvar.hu\/hu\/?s={search_term_string}"},"query-input":"required name=search_term_string"}],"inLanguage":"hu"},{"@type":"Organization","@id":"https:\/\/otthon.kaposvar.hu\/hu\/#organization","name":"Kaposv\u00e1r Megyei Jog\u00fa V\u00e1ros","url":"https:\/\/otthon.kaposvar.hu\/hu\/","sameAs":["https:\/\/www.instagram.com\/cityofkaposvar\/","https:\/\/www.facebook.com\/cityofkaposvar\/"],"logo":{"@type":"ImageObject","inLanguage":"hu","@id":"https:\/\/otthon.kaposvar.hu\/hu\/#\/schema\/logo\/image\/","url":"https:\/\/otthon.kaposvar.hu\/wp-content\/uploads\/2021\/10\/kaposvar_social.jpg","contentUrl":"https:\/\/otthon.kaposvar.hu\/wp-content\/uploads\/2021\/10\/kaposvar_social.jpg","width":1200,"height":900,"caption":"Kaposv\u00e1r Megyei Jog\u00fa V\u00e1ros"},"image":{"@id":"https:\/\/otthon.kaposvar.hu\/hu\/#\/schema\/logo\/image\/"}}]}},"_links":{"self":[{"href":"https:\/\/otthon.kaposvar.hu\/hu\/wp-json\/wp\/v2\/pages\/2038"}],"collection":[{"href":"https:\/\/otthon.kaposvar.hu\/hu\/wp-json\/wp\/v2\/pages"}],"about":[{"href":"https:\/\/otthon.kaposvar.hu\/hu\/wp-json\/wp\/v2\/types\/page"}],"author":[{"embeddable":true,"href":"https:\/\/otthon.kaposvar.hu\/hu\/wp-json\/wp\/v2\/users\/13"}],"replies":[{"embeddable":true,"href":"https:\/\/otthon.kaposvar.hu\/hu\/wp-json\/wp\/v2\/comments?post=2038"}],"version-history":[{"count":0,"href":"https:\/\/otthon.kaposvar.hu\/hu\/wp-json\/wp\/v2\/pages\/2038\/revisions"}],"up":[{"embeddable":true,"href":"https:\/\/otthon.kaposvar.hu\/hu\/wp-json\/wp\/v2\/pages\/296"}],"wp:featuredmedia":[{"embeddable":true,"href":"https:\/\/otthon.kaposvar.hu\/hu\/wp-json\/wp\/v2\/media\/1535"}],"wp:attachment":[{"href":"https:\/\/otthon.kaposvar.hu\/hu\/wp-json\/wp\/v2\/media?parent=2038"}],"curies":[{"name":"wp","href":"https:\/\/api.w.org\/{rel}","templated":true}]}}