{"id":2006,"date":"2017-09-01T10:09:02","date_gmt":"2017-09-01T09:09:02","guid":{"rendered":"https:\/\/otthon.kaposvar.hu\/?page_id=2006"},"modified":"2023-11-06T14:14:10","modified_gmt":"2023-11-06T13:14:10","slug":"orvosi-ugyelet","status":"publish","type":"page","link":"https:\/\/otthon.kaposvar.hu\/hu\/lakossagi-informaciok\/egeszsegugy\/haziorvosi-korzetek\/orvosi-ugyelet\/","title":{"rendered":"Orvosi \u00fcgyelet"},"content":{"rendered":"<p><\/p>\n<h2 class=\"kv-page-content-title\">Feln\u0151tt- \u00e9s gyermekh\u00e1ziorvosi \u00fcgyelet<\/h2>\n<p class=\"kv-page-content-paragraph\"><em>7400 Kaposv\u00e1r, Talli\u00e1n Gyula utca 20\u201332. (az \u00fcgyelet a k\u00f3rh\u00e1z \u00e9p\u00fclet\u00e9nek N\u00e9meth Istv\u00e1n fasor fel\u0151li bej\u00e1rat\u00e1n kereszt\u00fcl \u00e9rhet\u0151 el)<br \/>\n<\/em><\/p>\n<p class=\"kv-page-content-paragraph\">Telefon: 1830<\/p>\n<p class=\"kv-page-content-paragraph\">Rendel\u00e9si id\u0151: h\u00e9tk\u00f6znapokon: 16.00\u201322.00, szombat, vas\u00e1rnap \u00e9s \u00fcnnepnap: 8.00\u201314.00<\/p>\n<div class=\"kv-page-margin-05\">\u00a0<\/div>\n<h2 class=\"kv-page-content-title\">S\u00fcrg\u0151ss\u00e9gi \u00fcgyelet<\/h2>\n<p class=\"kv-page-content-paragraph\"><em>7400 Kaposv\u00e1r, Talli\u00e1n Gyula utca 20\u201332. (az \u00fcgyelet a k\u00f3rh\u00e1z \u00e9p\u00fclet\u00e9nek N\u00e9meth Istv\u00e1n fasor fel\u0151li bej\u00e1rat\u00e1n kereszt\u00fcl \u00e9rhet\u0151 el)<br \/>\n<\/em><\/p>\n<p class=\"kv-page-content-paragraph\">Telefon: 1830<\/p>\n<p class=\"kv-page-content-paragraph\">Rendel\u00e9si id\u0151: h\u00e9tk\u00f6znapokon: 22.00\u20138.00, szombat, vas\u00e1rnap \u00e9s \u00fcnnepnap: 14.00\u20138.00<\/p>\n<div class=\"kv-page-margin-15\">\u00a0<\/div>\n<p><\/p>","protected":false},"excerpt":{"rendered":"<p>Feln\u0151tt- \u00e9s gyermekh\u00e1ziorvosi \u00fcgyelet 7400 Kaposv\u00e1r, Talli\u00e1n Gyula utca 20\u201332. (az \u00fcgyelet a k\u00f3rh\u00e1z \u00e9p\u00fclet\u00e9nek N\u00e9meth Istv\u00e1n fasor fel\u0151li bej\u00e1rat\u00e1n kereszt\u00fcl \u00e9rhet\u0151 el) Telefon: 1830 Rendel\u00e9si id\u0151: h\u00e9tk\u00f6znapokon: 16.00\u201322.00, szombat, vas\u00e1rnap \u00e9s \u00fcnnepnap: 8.00\u201314.00 \u00a0 S\u00fcrg\u0151ss\u00e9gi \u00fcgyelet 7400 Kaposv\u00e1r, Talli\u00e1n Gyula utca 20\u201332. (az \u00fcgyelet a k\u00f3rh\u00e1z \u00e9p\u00fclet\u00e9nek N\u00e9meth Istv\u00e1n fasor fel\u0151li bej\u00e1rat\u00e1n kereszt\u00fcl \u00e9rhet\u0151 [&hellip;]<\/p>\n","protected":false},"author":13,"featured_media":0,"parent":211,"menu_order":0,"comment_status":"closed","ping_status":"closed","template":"","meta":[],"acf":[],"yoast_head":"<!-- This site is optimized with the Yoast SEO plugin v19.8 - https:\/\/yoast.com\/wordpress\/plugins\/seo\/ -->\n<title>Orvosi \u00fcgyelet - Kaposv\u00e1r Megyei Jog\u00fa V\u00e1ros<\/title>\n<meta name=\"robots\" content=\"index, follow, max-snippet:-1, max-image-preview:large, max-video-preview:-1\" \/>\n<link rel=\"canonical\" href=\"https:\/\/otthon.kaposvar.hu\/hu\/lakossagi-informaciok\/egeszsegugy\/haziorvosi-korzetek\/orvosi-ugyelet\/\" \/>\n<meta property=\"og:locale\" content=\"hu_HU\" \/>\n<meta property=\"og:type\" content=\"article\" \/>\n<meta property=\"og:title\" content=\"Orvosi \u00fcgyelet - Kaposv\u00e1r Megyei Jog\u00fa V\u00e1ros\" \/>\n<meta property=\"og:description\" content=\"Feln\u0151tt- \u00e9s gyermekh\u00e1ziorvosi \u00fcgyelet 7400 Kaposv\u00e1r, Talli\u00e1n Gyula utca 20\u201332. (az \u00fcgyelet a k\u00f3rh\u00e1z \u00e9p\u00fclet\u00e9nek N\u00e9meth Istv\u00e1n fasor fel\u0151li bej\u00e1rat\u00e1n kereszt\u00fcl \u00e9rhet\u0151 el) Telefon: 1830 Rendel\u00e9si id\u0151: h\u00e9tk\u00f6znapokon: 16.00\u201322.00, szombat, vas\u00e1rnap \u00e9s \u00fcnnepnap: 8.00\u201314.00 \u00a0 S\u00fcrg\u0151ss\u00e9gi \u00fcgyelet 7400 Kaposv\u00e1r, Talli\u00e1n Gyula utca 20\u201332. (az \u00fcgyelet a k\u00f3rh\u00e1z \u00e9p\u00fclet\u00e9nek N\u00e9meth Istv\u00e1n fasor fel\u0151li bej\u00e1rat\u00e1n kereszt\u00fcl \u00e9rhet\u0151 [&hellip;]\" \/>\n<meta property=\"og:url\" content=\"https:\/\/otthon.kaposvar.hu\/hu\/lakossagi-informaciok\/egeszsegugy\/haziorvosi-korzetek\/orvosi-ugyelet\/\" \/>\n<meta property=\"og:site_name\" content=\"Kaposv\u00e1r Megyei Jog\u00fa V\u00e1ros\" \/>\n<meta property=\"article:publisher\" content=\"https:\/\/www.facebook.com\/cityofkaposvar\/\" \/>\n<meta property=\"article:modified_time\" content=\"2023-11-06T13:14:10+00:00\" \/>\n<meta property=\"og:image\" content=\"https:\/\/otthon.kaposvar.hu\/wp-content\/uploads\/2021\/10\/kaposvar_social.jpg\" \/>\n\t<meta property=\"og:image:width\" content=\"1200\" \/>\n\t<meta property=\"og:image:height\" content=\"900\" \/>\n\t<meta property=\"og:image:type\" content=\"image\/jpeg\" \/>\n<meta name=\"twitter:card\" content=\"summary_large_image\" \/>\n<script type=\"application\/ld+json\" class=\"yoast-schema-graph\">{\"@context\":\"https:\/\/schema.org\",\"@graph\":[{\"@type\":\"WebPage\",\"@id\":\"https:\/\/otthon.kaposvar.hu\/hu\/lakossagi-informaciok\/egeszsegugy\/haziorvosi-korzetek\/orvosi-ugyelet\/\",\"url\":\"https:\/\/otthon.kaposvar.hu\/hu\/lakossagi-informaciok\/egeszsegugy\/haziorvosi-korzetek\/orvosi-ugyelet\/\",\"name\":\"Orvosi \u00fcgyelet - Kaposv\u00e1r Megyei Jog\u00fa V\u00e1ros\",\"isPartOf\":{\"@id\":\"https:\/\/otthon.kaposvar.hu\/hu\/#website\"},\"datePublished\":\"2017-09-01T09:09:02+00:00\",\"dateModified\":\"2023-11-06T13:14:10+00:00\",\"breadcrumb\":{\"@id\":\"https:\/\/otthon.kaposvar.hu\/hu\/lakossagi-informaciok\/egeszsegugy\/haziorvosi-korzetek\/orvosi-ugyelet\/#breadcrumb\"},\"inLanguage\":\"hu\",\"potentialAction\":[{\"@type\":\"ReadAction\",\"target\":[[\"https:\/\/otthon.kaposvar.hu\/hu\/lakossagi-informaciok\/egeszsegugy\/haziorvosi-korzetek\/orvosi-ugyelet\/\"]]}]},{\"@type\":\"BreadcrumbList\",\"@id\":\"https:\/\/otthon.kaposvar.hu\/hu\/lakossagi-informaciok\/egeszsegugy\/haziorvosi-korzetek\/orvosi-ugyelet\/#breadcrumb\",\"itemListElement\":[{\"@type\":\"ListItem\",\"position\":1,\"name\":\"Home\",\"item\":\"https:\/\/otthon.kaposvar.hu\/hu\/\"},{\"@type\":\"ListItem\",\"position\":2,\"name\":\"Lakoss\u00e1gi inform\u00e1ci\u00f3k\",\"item\":\"https:\/\/otthon.kaposvar.hu\/hu\/lakossagi-informaciok\/\"},{\"@type\":\"ListItem\",\"position\":3,\"name\":\"Eg\u00e9szs\u00e9g\u00fcgy\",\"item\":\"https:\/\/otthon.kaposvar.hu\/hu\/lakossagi-informaciok\/egeszsegugy\/\"},{\"@type\":\"ListItem\",\"position\":4,\"name\":\"H\u00e1ziorvosi k\u00f6rzetek\",\"item\":\"https:\/\/otthon.kaposvar.hu\/hu\/lakossagi-informaciok\/egeszsegugy\/haziorvosi-korzetek\/\"},{\"@type\":\"ListItem\",\"position\":5,\"name\":\"Orvosi \u00fcgyelet\"}]},{\"@type\":\"WebSite\",\"@id\":\"https:\/\/otthon.kaposvar.hu\/hu\/#website\",\"url\":\"https:\/\/otthon.kaposvar.hu\/hu\/\",\"name\":\"Kaposv\u00e1r Megyei Jog\u00fa V\u00e1ros\",\"description\":\"\",\"publisher\":{\"@id\":\"https:\/\/otthon.kaposvar.hu\/hu\/#organization\"},\"potentialAction\":[{\"@type\":\"SearchAction\",\"target\":{\"@type\":\"EntryPoint\",\"urlTemplate\":\"https:\/\/otthon.kaposvar.hu\/hu\/?s={search_term_string}\"},\"query-input\":\"required name=search_term_string\"}],\"inLanguage\":\"hu\"},{\"@type\":\"Organization\",\"@id\":\"https:\/\/otthon.kaposvar.hu\/hu\/#organization\",\"name\":\"Kaposv\u00e1r Megyei Jog\u00fa V\u00e1ros\",\"url\":\"https:\/\/otthon.kaposvar.hu\/hu\/\",\"sameAs\":[\"https:\/\/www.instagram.com\/cityofkaposvar\/\",\"https:\/\/www.facebook.com\/cityofkaposvar\/\"],\"logo\":{\"@type\":\"ImageObject\",\"inLanguage\":\"hu\",\"@id\":\"https:\/\/otthon.kaposvar.hu\/hu\/#\/schema\/logo\/image\/\",\"url\":\"https:\/\/otthon.kaposvar.hu\/wp-content\/uploads\/2021\/10\/kaposvar_social.jpg\",\"contentUrl\":\"https:\/\/otthon.kaposvar.hu\/wp-content\/uploads\/2021\/10\/kaposvar_social.jpg\",\"width\":1200,\"height\":900,\"caption\":\"Kaposv\u00e1r Megyei Jog\u00fa V\u00e1ros\"},\"image\":{\"@id\":\"https:\/\/otthon.kaposvar.hu\/hu\/#\/schema\/logo\/image\/\"}}]}<\/script>\n<!-- \/ Yoast SEO plugin. -->","yoast_head_json":{"title":"Orvosi \u00fcgyelet - Kaposv\u00e1r Megyei Jog\u00fa V\u00e1ros","robots":{"index":"index","follow":"follow","max-snippet":"max-snippet:-1","max-image-preview":"max-image-preview:large","max-video-preview":"max-video-preview:-1"},"canonical":"https:\/\/otthon.kaposvar.hu\/hu\/lakossagi-informaciok\/egeszsegugy\/haziorvosi-korzetek\/orvosi-ugyelet\/","og_locale":"hu_HU","og_type":"article","og_title":"Orvosi \u00fcgyelet - Kaposv\u00e1r Megyei Jog\u00fa V\u00e1ros","og_description":"Feln\u0151tt- \u00e9s gyermekh\u00e1ziorvosi \u00fcgyelet 7400 Kaposv\u00e1r, Talli\u00e1n Gyula utca 20\u201332. (az \u00fcgyelet a k\u00f3rh\u00e1z \u00e9p\u00fclet\u00e9nek N\u00e9meth Istv\u00e1n fasor fel\u0151li bej\u00e1rat\u00e1n kereszt\u00fcl \u00e9rhet\u0151 el) Telefon: 1830 Rendel\u00e9si id\u0151: h\u00e9tk\u00f6znapokon: 16.00\u201322.00, szombat, vas\u00e1rnap \u00e9s \u00fcnnepnap: 8.00\u201314.00 \u00a0 S\u00fcrg\u0151ss\u00e9gi \u00fcgyelet 7400 Kaposv\u00e1r, Talli\u00e1n Gyula utca 20\u201332. (az \u00fcgyelet a k\u00f3rh\u00e1z \u00e9p\u00fclet\u00e9nek N\u00e9meth Istv\u00e1n fasor fel\u0151li bej\u00e1rat\u00e1n kereszt\u00fcl \u00e9rhet\u0151 [&hellip;]","og_url":"https:\/\/otthon.kaposvar.hu\/hu\/lakossagi-informaciok\/egeszsegugy\/haziorvosi-korzetek\/orvosi-ugyelet\/","og_site_name":"Kaposv\u00e1r Megyei Jog\u00fa V\u00e1ros","article_publisher":"https:\/\/www.facebook.com\/cityofkaposvar\/","article_modified_time":"2023-11-06T13:14:10+00:00","og_image":[{"width":1200,"height":900,"url":"https:\/\/otthon.kaposvar.hu\/wp-content\/uploads\/2021\/10\/kaposvar_social.jpg","type":"image\/jpeg"}],"twitter_card":"summary_large_image","schema":{"@context":"https:\/\/schema.org","@graph":[{"@type":"WebPage","@id":"https:\/\/otthon.kaposvar.hu\/hu\/lakossagi-informaciok\/egeszsegugy\/haziorvosi-korzetek\/orvosi-ugyelet\/","url":"https:\/\/otthon.kaposvar.hu\/hu\/lakossagi-informaciok\/egeszsegugy\/haziorvosi-korzetek\/orvosi-ugyelet\/","name":"Orvosi \u00fcgyelet - Kaposv\u00e1r Megyei Jog\u00fa V\u00e1ros","isPartOf":{"@id":"https:\/\/otthon.kaposvar.hu\/hu\/#website"},"datePublished":"2017-09-01T09:09:02+00:00","dateModified":"2023-11-06T13:14:10+00:00","breadcrumb":{"@id":"https:\/\/otthon.kaposvar.hu\/hu\/lakossagi-informaciok\/egeszsegugy\/haziorvosi-korzetek\/orvosi-ugyelet\/#breadcrumb"},"inLanguage":"hu","potentialAction":[{"@type":"ReadAction","target":[["https:\/\/otthon.kaposvar.hu\/hu\/lakossagi-informaciok\/egeszsegugy\/haziorvosi-korzetek\/orvosi-ugyelet\/"]]}]},{"@type":"BreadcrumbList","@id":"https:\/\/otthon.kaposvar.hu\/hu\/lakossagi-informaciok\/egeszsegugy\/haziorvosi-korzetek\/orvosi-ugyelet\/#breadcrumb","itemListElement":[{"@type":"ListItem","position":1,"name":"Home","item":"https:\/\/otthon.kaposvar.hu\/hu\/"},{"@type":"ListItem","position":2,"name":"Lakoss\u00e1gi inform\u00e1ci\u00f3k","item":"https:\/\/otthon.kaposvar.hu\/hu\/lakossagi-informaciok\/"},{"@type":"ListItem","position":3,"name":"Eg\u00e9szs\u00e9g\u00fcgy","item":"https:\/\/otthon.kaposvar.hu\/hu\/lakossagi-informaciok\/egeszsegugy\/"},{"@type":"ListItem","position":4,"name":"H\u00e1ziorvosi k\u00f6rzetek","item":"https:\/\/otthon.kaposvar.hu\/hu\/lakossagi-informaciok\/egeszsegugy\/haziorvosi-korzetek\/"},{"@type":"ListItem","position":5,"name":"Orvosi \u00fcgyelet"}]},{"@type":"WebSite","@id":"https:\/\/otthon.kaposvar.hu\/hu\/#website","url":"https:\/\/otthon.kaposvar.hu\/hu\/","name":"Kaposv\u00e1r Megyei Jog\u00fa V\u00e1ros","description":"","publisher":{"@id":"https:\/\/otthon.kaposvar.hu\/hu\/#organization"},"potentialAction":[{"@type":"SearchAction","target":{"@type":"EntryPoint","urlTemplate":"https:\/\/otthon.kaposvar.hu\/hu\/?s={search_term_string}"},"query-input":"required name=search_term_string"}],"inLanguage":"hu"},{"@type":"Organization","@id":"https:\/\/otthon.kaposvar.hu\/hu\/#organization","name":"Kaposv\u00e1r Megyei Jog\u00fa V\u00e1ros","url":"https:\/\/otthon.kaposvar.hu\/hu\/","sameAs":["https:\/\/www.instagram.com\/cityofkaposvar\/","https:\/\/www.facebook.com\/cityofkaposvar\/"],"logo":{"@type":"ImageObject","inLanguage":"hu","@id":"https:\/\/otthon.kaposvar.hu\/hu\/#\/schema\/logo\/image\/","url":"https:\/\/otthon.kaposvar.hu\/wp-content\/uploads\/2021\/10\/kaposvar_social.jpg","contentUrl":"https:\/\/otthon.kaposvar.hu\/wp-content\/uploads\/2021\/10\/kaposvar_social.jpg","width":1200,"height":900,"caption":"Kaposv\u00e1r Megyei Jog\u00fa V\u00e1ros"},"image":{"@id":"https:\/\/otthon.kaposvar.hu\/hu\/#\/schema\/logo\/image\/"}}]}},"_links":{"self":[{"href":"https:\/\/otthon.kaposvar.hu\/hu\/wp-json\/wp\/v2\/pages\/2006"}],"collection":[{"href":"https:\/\/otthon.kaposvar.hu\/hu\/wp-json\/wp\/v2\/pages"}],"about":[{"href":"https:\/\/otthon.kaposvar.hu\/hu\/wp-json\/wp\/v2\/types\/page"}],"author":[{"embeddable":true,"href":"https:\/\/otthon.kaposvar.hu\/hu\/wp-json\/wp\/v2\/users\/13"}],"replies":[{"embeddable":true,"href":"https:\/\/otthon.kaposvar.hu\/hu\/wp-json\/wp\/v2\/comments?post=2006"}],"version-history":[{"count":0,"href":"https:\/\/otthon.kaposvar.hu\/hu\/wp-json\/wp\/v2\/pages\/2006\/revisions"}],"up":[{"embeddable":true,"href":"https:\/\/otthon.kaposvar.hu\/hu\/wp-json\/wp\/v2\/pages\/211"}],"wp:attachment":[{"href":"https:\/\/otthon.kaposvar.hu\/hu\/wp-json\/wp\/v2\/media?parent=2006"}],"curies":[{"name":"wp","href":"https:\/\/api.w.org\/{rel}","templated":true}]}}