{"id":1877,"date":"2017-08-29T15:26:29","date_gmt":"2017-08-29T14:26:29","guid":{"rendered":"http:\/\/lakossag.gyori.co.hu\/?page_id=1877"},"modified":"2017-09-26T19:12:55","modified_gmt":"2017-09-26T18:12:55","slug":"kutyafuttatok-kaposvaron","status":"publish","type":"page","link":"https:\/\/otthon.kaposvar.hu\/hu\/lakossagi-informaciok\/kisallattartas\/kutyafuttatok-kaposvaron\/","title":{"rendered":"Kutyafuttat\u00f3k Kaposv\u00e1ron"},"content":{"rendered":"<p><div class=\"kv-map-container\">\n    <div id=\"kv-map\"><\/div>\n<\/div>\n<script>\n    function initMap() {\n        var map;\n        var kaposvar = new google.maps.LatLng(46.359476, 17.7865593);\n\n        var stylez = [\n            {\n                featureType: \"all\",\n                elementType: \"all\",\n                stylers: [\n                    {saturation: -100} \/\/ <-- THIS\n                ]\n            }\n        ];\n\n        var mapOptions = {\n            zoom: 14,\n            center: kaposvar,\n            mapTypeControlOptions: {\n                mapTypeIds: [google.maps.MapTypeId.ROADMAP, 'tehgrayz']\n            },\n            zoomControl: true,\n            mapTypeControl: false,\n            scaleControl: false,\n            streetViewControl: false,\n            rotateControl: false,\n            fullscreenControl: false,\n            scrollwheel: false,\n        };\n\n        map = new google.maps.Map(document.getElementById(\"kv-map\"), mapOptions);\n        var center = map.getCenter();\n        google.maps.event.addDomListener(window, 'resize', function () {\n            map.setCenter(center);\n        });\n        var mapType = new google.maps.StyledMapType(stylez, {name: \"Grayscale\"});\n        map.mapTypes.set('tehgrayz', mapType);\n        map.setMapTypeId('tehgrayz');\n\n        var iconBase = \"https:\/\/otthon.kaposvar.hu\/wp-content\/themes\/kaposvar\/global\/images\/\";\n        var icons = {\n            defibrillator: {\n                url: iconBase + 'Kutya_ikon.png',\n                size: new google.maps.Size(72, 112),\n                anchor: new google.maps.Point(15, 47),\n                scaledSize: new google.maps.Size(30, 47)\n            }\n        };\n\n        function addMarker(feature) {\n            var marker = new google.maps.Marker({\n                position: feature.position,\n                icon: icons[feature.type],\n                map: map\n            });\n            marker.addListener('click', function () {\n                feature.label.open(map, marker);\n            });\n        }\n\n        var features = [];\n\n        \n        for (var i = 0, feature; feature = features[i]; i++) {\n            addMarker(feature);\n        }\n\n    }\n<\/script>\n<script async defer\n        src=\"https:\/\/maps.googleapis.com\/maps\/api\/js?key=AIzaSyAfA6_n5KbAgI27EkboYiHODJe9nYOKXa8&callback=initMap\">\n<\/script><\/p>","protected":false},"excerpt":{"rendered":"","protected":false},"author":1,"featured_media":0,"parent":1873,"menu_order":0,"comment_status":"closed","ping_status":"closed","template":"","meta":[],"acf":[],"yoast_head":"<!-- This site is optimized with the Yoast SEO plugin v19.8 - https:\/\/yoast.com\/wordpress\/plugins\/seo\/ -->\n<title>Kutyafuttat\u00f3k Kaposv\u00e1ron - Kaposv\u00e1r Megyei Jog\u00fa V\u00e1ros<\/title>\n<meta name=\"robots\" content=\"index, follow, max-snippet:-1, max-image-preview:large, max-video-preview:-1\" \/>\n<link rel=\"canonical\" href=\"https:\/\/otthon.kaposvar.hu\/hu\/lakossagi-informaciok\/kisallattartas\/kutyafuttatok-kaposvaron\/\" \/>\n<meta property=\"og:locale\" content=\"hu_HU\" \/>\n<meta property=\"og:type\" content=\"article\" \/>\n<meta property=\"og:title\" content=\"Kutyafuttat\u00f3k Kaposv\u00e1ron - Kaposv\u00e1r Megyei Jog\u00fa V\u00e1ros\" \/>\n<meta property=\"og:url\" content=\"https:\/\/otthon.kaposvar.hu\/hu\/lakossagi-informaciok\/kisallattartas\/kutyafuttatok-kaposvaron\/\" \/>\n<meta property=\"og:site_name\" content=\"Kaposv\u00e1r Megyei Jog\u00fa V\u00e1ros\" \/>\n<meta property=\"article:publisher\" content=\"https:\/\/www.facebook.com\/cityofkaposvar\/\" \/>\n<meta property=\"article:modified_time\" content=\"2017-09-26T18:12:55+00:00\" \/>\n<meta property=\"og:image\" content=\"https:\/\/otthon.kaposvar.hu\/wp-content\/uploads\/2021\/10\/kaposvar_social.jpg\" \/>\n\t<meta property=\"og:image:width\" content=\"1200\" \/>\n\t<meta property=\"og:image:height\" content=\"900\" \/>\n\t<meta property=\"og:image:type\" content=\"image\/jpeg\" \/>\n<meta name=\"twitter:card\" content=\"summary_large_image\" \/>\n<script type=\"application\/ld+json\" class=\"yoast-schema-graph\">{\"@context\":\"https:\/\/schema.org\",\"@graph\":[{\"@type\":\"WebPage\",\"@id\":\"https:\/\/otthon.kaposvar.hu\/hu\/lakossagi-informaciok\/kisallattartas\/kutyafuttatok-kaposvaron\/\",\"url\":\"https:\/\/otthon.kaposvar.hu\/hu\/lakossagi-informaciok\/kisallattartas\/kutyafuttatok-kaposvaron\/\",\"name\":\"Kutyafuttat\u00f3k Kaposv\u00e1ron - Kaposv\u00e1r Megyei Jog\u00fa V\u00e1ros\",\"isPartOf\":{\"@id\":\"https:\/\/otthon.kaposvar.hu\/hu\/#website\"},\"datePublished\":\"2017-08-29T14:26:29+00:00\",\"dateModified\":\"2017-09-26T18:12:55+00:00\",\"breadcrumb\":{\"@id\":\"https:\/\/otthon.kaposvar.hu\/hu\/lakossagi-informaciok\/kisallattartas\/kutyafuttatok-kaposvaron\/#breadcrumb\"},\"inLanguage\":\"hu\",\"potentialAction\":[{\"@type\":\"ReadAction\",\"target\":[[\"https:\/\/otthon.kaposvar.hu\/hu\/lakossagi-informaciok\/kisallattartas\/kutyafuttatok-kaposvaron\/\"]]}]},{\"@type\":\"BreadcrumbList\",\"@id\":\"https:\/\/otthon.kaposvar.hu\/hu\/lakossagi-informaciok\/kisallattartas\/kutyafuttatok-kaposvaron\/#breadcrumb\",\"itemListElement\":[{\"@type\":\"ListItem\",\"position\":1,\"name\":\"Home\",\"item\":\"https:\/\/otthon.kaposvar.hu\/hu\/\"},{\"@type\":\"ListItem\",\"position\":2,\"name\":\"Lakoss\u00e1gi inform\u00e1ci\u00f3k\",\"item\":\"https:\/\/otthon.kaposvar.hu\/hu\/lakossagi-informaciok\/\"},{\"@type\":\"ListItem\",\"position\":3,\"name\":\"Kis\u00e1llattart\u00e1s\",\"item\":\"https:\/\/otthon.kaposvar.hu\/hu\/lakossagi-informaciok\/kisallattartas\/\"},{\"@type\":\"ListItem\",\"position\":4,\"name\":\"Kutyafuttat\u00f3k Kaposv\u00e1ron\"}]},{\"@type\":\"WebSite\",\"@id\":\"https:\/\/otthon.kaposvar.hu\/hu\/#website\",\"url\":\"https:\/\/otthon.kaposvar.hu\/hu\/\",\"name\":\"Kaposv\u00e1r Megyei Jog\u00fa V\u00e1ros\",\"description\":\"\",\"publisher\":{\"@id\":\"https:\/\/otthon.kaposvar.hu\/hu\/#organization\"},\"potentialAction\":[{\"@type\":\"SearchAction\",\"target\":{\"@type\":\"EntryPoint\",\"urlTemplate\":\"https:\/\/otthon.kaposvar.hu\/hu\/?s={search_term_string}\"},\"query-input\":\"required name=search_term_string\"}],\"inLanguage\":\"hu\"},{\"@type\":\"Organization\",\"@id\":\"https:\/\/otthon.kaposvar.hu\/hu\/#organization\",\"name\":\"Kaposv\u00e1r Megyei Jog\u00fa V\u00e1ros\",\"url\":\"https:\/\/otthon.kaposvar.hu\/hu\/\",\"sameAs\":[\"https:\/\/www.instagram.com\/cityofkaposvar\/\",\"https:\/\/www.facebook.com\/cityofkaposvar\/\"],\"logo\":{\"@type\":\"ImageObject\",\"inLanguage\":\"hu\",\"@id\":\"https:\/\/otthon.kaposvar.hu\/hu\/#\/schema\/logo\/image\/\",\"url\":\"https:\/\/otthon.kaposvar.hu\/wp-content\/uploads\/2021\/10\/kaposvar_social.jpg\",\"contentUrl\":\"https:\/\/otthon.kaposvar.hu\/wp-content\/uploads\/2021\/10\/kaposvar_social.jpg\",\"width\":1200,\"height\":900,\"caption\":\"Kaposv\u00e1r Megyei Jog\u00fa V\u00e1ros\"},\"image\":{\"@id\":\"https:\/\/otthon.kaposvar.hu\/hu\/#\/schema\/logo\/image\/\"}}]}<\/script>\n<!-- \/ Yoast SEO plugin. -->","yoast_head_json":{"title":"Kutyafuttat\u00f3k Kaposv\u00e1ron - Kaposv\u00e1r Megyei Jog\u00fa V\u00e1ros","robots":{"index":"index","follow":"follow","max-snippet":"max-snippet:-1","max-image-preview":"max-image-preview:large","max-video-preview":"max-video-preview:-1"},"canonical":"https:\/\/otthon.kaposvar.hu\/hu\/lakossagi-informaciok\/kisallattartas\/kutyafuttatok-kaposvaron\/","og_locale":"hu_HU","og_type":"article","og_title":"Kutyafuttat\u00f3k Kaposv\u00e1ron - Kaposv\u00e1r Megyei Jog\u00fa V\u00e1ros","og_url":"https:\/\/otthon.kaposvar.hu\/hu\/lakossagi-informaciok\/kisallattartas\/kutyafuttatok-kaposvaron\/","og_site_name":"Kaposv\u00e1r Megyei Jog\u00fa V\u00e1ros","article_publisher":"https:\/\/www.facebook.com\/cityofkaposvar\/","article_modified_time":"2017-09-26T18:12:55+00:00","og_image":[{"width":1200,"height":900,"url":"https:\/\/otthon.kaposvar.hu\/wp-content\/uploads\/2021\/10\/kaposvar_social.jpg","type":"image\/jpeg"}],"twitter_card":"summary_large_image","schema":{"@context":"https:\/\/schema.org","@graph":[{"@type":"WebPage","@id":"https:\/\/otthon.kaposvar.hu\/hu\/lakossagi-informaciok\/kisallattartas\/kutyafuttatok-kaposvaron\/","url":"https:\/\/otthon.kaposvar.hu\/hu\/lakossagi-informaciok\/kisallattartas\/kutyafuttatok-kaposvaron\/","name":"Kutyafuttat\u00f3k Kaposv\u00e1ron - Kaposv\u00e1r Megyei Jog\u00fa V\u00e1ros","isPartOf":{"@id":"https:\/\/otthon.kaposvar.hu\/hu\/#website"},"datePublished":"2017-08-29T14:26:29+00:00","dateModified":"2017-09-26T18:12:55+00:00","breadcrumb":{"@id":"https:\/\/otthon.kaposvar.hu\/hu\/lakossagi-informaciok\/kisallattartas\/kutyafuttatok-kaposvaron\/#breadcrumb"},"inLanguage":"hu","potentialAction":[{"@type":"ReadAction","target":[["https:\/\/otthon.kaposvar.hu\/hu\/lakossagi-informaciok\/kisallattartas\/kutyafuttatok-kaposvaron\/"]]}]},{"@type":"BreadcrumbList","@id":"https:\/\/otthon.kaposvar.hu\/hu\/lakossagi-informaciok\/kisallattartas\/kutyafuttatok-kaposvaron\/#breadcrumb","itemListElement":[{"@type":"ListItem","position":1,"name":"Home","item":"https:\/\/otthon.kaposvar.hu\/hu\/"},{"@type":"ListItem","position":2,"name":"Lakoss\u00e1gi inform\u00e1ci\u00f3k","item":"https:\/\/otthon.kaposvar.hu\/hu\/lakossagi-informaciok\/"},{"@type":"ListItem","position":3,"name":"Kis\u00e1llattart\u00e1s","item":"https:\/\/otthon.kaposvar.hu\/hu\/lakossagi-informaciok\/kisallattartas\/"},{"@type":"ListItem","position":4,"name":"Kutyafuttat\u00f3k Kaposv\u00e1ron"}]},{"@type":"WebSite","@id":"https:\/\/otthon.kaposvar.hu\/hu\/#website","url":"https:\/\/otthon.kaposvar.hu\/hu\/","name":"Kaposv\u00e1r Megyei Jog\u00fa V\u00e1ros","description":"","publisher":{"@id":"https:\/\/otthon.kaposvar.hu\/hu\/#organization"},"potentialAction":[{"@type":"SearchAction","target":{"@type":"EntryPoint","urlTemplate":"https:\/\/otthon.kaposvar.hu\/hu\/?s={search_term_string}"},"query-input":"required name=search_term_string"}],"inLanguage":"hu"},{"@type":"Organization","@id":"https:\/\/otthon.kaposvar.hu\/hu\/#organization","name":"Kaposv\u00e1r Megyei Jog\u00fa V\u00e1ros","url":"https:\/\/otthon.kaposvar.hu\/hu\/","sameAs":["https:\/\/www.instagram.com\/cityofkaposvar\/","https:\/\/www.facebook.com\/cityofkaposvar\/"],"logo":{"@type":"ImageObject","inLanguage":"hu","@id":"https:\/\/otthon.kaposvar.hu\/hu\/#\/schema\/logo\/image\/","url":"https:\/\/otthon.kaposvar.hu\/wp-content\/uploads\/2021\/10\/kaposvar_social.jpg","contentUrl":"https:\/\/otthon.kaposvar.hu\/wp-content\/uploads\/2021\/10\/kaposvar_social.jpg","width":1200,"height":900,"caption":"Kaposv\u00e1r Megyei Jog\u00fa V\u00e1ros"},"image":{"@id":"https:\/\/otthon.kaposvar.hu\/hu\/#\/schema\/logo\/image\/"}}]}},"_links":{"self":[{"href":"https:\/\/otthon.kaposvar.hu\/hu\/wp-json\/wp\/v2\/pages\/1877"}],"collection":[{"href":"https:\/\/otthon.kaposvar.hu\/hu\/wp-json\/wp\/v2\/pages"}],"about":[{"href":"https:\/\/otthon.kaposvar.hu\/hu\/wp-json\/wp\/v2\/types\/page"}],"author":[{"embeddable":true,"href":"https:\/\/otthon.kaposvar.hu\/hu\/wp-json\/wp\/v2\/users\/1"}],"replies":[{"embeddable":true,"href":"https:\/\/otthon.kaposvar.hu\/hu\/wp-json\/wp\/v2\/comments?post=1877"}],"version-history":[{"count":0,"href":"https:\/\/otthon.kaposvar.hu\/hu\/wp-json\/wp\/v2\/pages\/1877\/revisions"}],"up":[{"embeddable":true,"href":"https:\/\/otthon.kaposvar.hu\/hu\/wp-json\/wp\/v2\/pages\/1873"}],"wp:attachment":[{"href":"https:\/\/otthon.kaposvar.hu\/hu\/wp-json\/wp\/v2\/media?parent=1877"}],"curies":[{"name":"wp","href":"https:\/\/api.w.org\/{rel}","templated":true}]}}