{"id":1385,"date":"2017-03-27T10:54:32","date_gmt":"2017-03-27T09:54:32","guid":{"rendered":"http:\/\/lakossag.gyori.co.hu\/?page_id=1385"},"modified":"2018-02-11T23:36:22","modified_gmt":"2018-02-11T22:36:22","slug":"a-rendszervaltozas-utan-1990-tol-napjainkig","status":"publish","type":"page","link":"https:\/\/otthon.kaposvar.hu\/hu\/barangolas-a-varostortenetben\/a-rendszervaltozas-utan-1990-tol-napjainkig\/","title":{"rendered":"A rendszerv\u00e1ltoz\u00e1s ut\u00e1n (1990-t\u0151l napjainkig)"},"content":{"rendered":"<p><\/p>\n<p class=\"kv-page-content-paragraph\">Az erk\u00f6lcsileg kezdett\u0151l fogva ingatag l\u00e1bakon \u00e1ll\u00f3 K\u00e1d\u00e1r-rendszer gazdas\u00e1gi \u00e9s kultur\u00e1lis tartal\u00e9kait is fel\u00e9lte. Jelk\u00e9pes jelent\u0151s\u00e9ge is volt annak, hogy 1990 tavasz\u00e1n, a hossz\u00fa \u00e9vtizedek \u00f3ta els\u0151 \u00edzben megrendezett t\u00f6bbp\u00e1rti orsz\u00e1ggy\u0171l\u00e9si v\u00e1laszt\u00e1sokon az egy\u00e9ni indul\u00f3k k\u00f6z\u00fcl Kir\u00e1ly B\u00e9la t\u00e1bornok \u00e9s t\u00f6rt\u00e9n\u00e9sz, az 1956-os Nemzet\u0151rs\u00e9g parancsnoka szerezte meg a k\u00e9pvisel\u0151i mand\u00e1tumot az 1. sz\u00e1m\u00fa v\u00e1laszt\u00f3ker\u00fcletben. 1990 \u0151sz\u00e9n MDF-es polg\u00e1rmester (Szabados P\u00e9ter) ker\u00fclt a v\u00e1ros \u00e9l\u00e9re, 1994-t\u0151l pedig fideszes politikus (Szita K\u00e1roly) ir\u00e1ny\u00edtja az 1993 p\u00fcnk\u00f6sdj\u00e9n <a href=\"\/varostortenet\/b-206\">p\u00fcsp\u00f6ki sz\u00e9khelly\u00e9 lett<\/a>, egyetem\u00e9t is fejleszt\u0151 megyesz\u00e9khelyt. A rendszerv\u00e1ltoz\u00e1s \u00f3ta kit\u00e1gultak a keretek, amelyek k\u00f6z\u00f6tt a v\u00e1ros \u00e9lete zajlik: a t\u00f6rv\u00e9nyhat\u00f3s\u00e1gi jogos\u00edtv\u00e1nyait\u00f3l m\u00e9g 1950-ben megfosztott telep\u00fcl\u00e9st 1990 v\u00e9g\u00e9n \u00fajb\u00f3l megyei jog\u00fa v\u00e1ross\u00e1 nyilv\u00e1n\u00edtott\u00e1k.<\/p>\n<div class=\"kv-page-margin-1\">\u00a0<\/div>\n<p><\/p>","protected":false},"excerpt":{"rendered":"<p>Az erk\u00f6lcsileg kezdett\u0151l fogva ingatag l\u00e1bakon \u00e1ll\u00f3 K\u00e1d\u00e1r-rendszer gazdas\u00e1gi \u00e9s kultur\u00e1lis tartal\u00e9kait is fel\u00e9lte. Jelk\u00e9pes jelent\u0151s\u00e9ge is volt annak, hogy 1990 tavasz\u00e1n, a hossz\u00fa \u00e9vtizedek \u00f3ta els\u0151 \u00edzben megrendezett t\u00f6bbp\u00e1rti orsz\u00e1ggy\u0171l\u00e9si v\u00e1laszt\u00e1sokon az egy\u00e9ni indul\u00f3k k\u00f6z\u00fcl Kir\u00e1ly B\u00e9la t\u00e1bornok \u00e9s t\u00f6rt\u00e9n\u00e9sz, az 1956-os Nemzet\u0151rs\u00e9g parancsnoka szerezte meg a k\u00e9pvisel\u0151i mand\u00e1tumot az 1. sz\u00e1m\u00fa v\u00e1laszt\u00f3ker\u00fcletben. 1990 [&hellip;]<\/p>\n","protected":false},"author":13,"featured_media":2732,"parent":1179,"menu_order":0,"comment_status":"closed","ping_status":"closed","template":"","meta":[],"acf":[],"yoast_head":"<!-- This site is optimized with the Yoast SEO plugin v19.8 - https:\/\/yoast.com\/wordpress\/plugins\/seo\/ -->\n<title>A rendszerv\u00e1ltoz\u00e1s ut\u00e1n (1990-t\u0151l napjainkig) - Kaposv\u00e1r Megyei Jog\u00fa V\u00e1ros<\/title>\n<meta name=\"robots\" content=\"index, follow, max-snippet:-1, max-image-preview:large, max-video-preview:-1\" \/>\n<link rel=\"canonical\" href=\"https:\/\/otthon.kaposvar.hu\/hu\/barangolas-a-varostortenetben\/a-rendszervaltozas-utan-1990-tol-napjainkig\/\" \/>\n<meta property=\"og:locale\" content=\"hu_HU\" \/>\n<meta property=\"og:type\" content=\"article\" \/>\n<meta property=\"og:title\" content=\"A rendszerv\u00e1ltoz\u00e1s ut\u00e1n (1990-t\u0151l napjainkig) - Kaposv\u00e1r Megyei Jog\u00fa V\u00e1ros\" \/>\n<meta property=\"og:description\" content=\"Az erk\u00f6lcsileg kezdett\u0151l fogva ingatag l\u00e1bakon \u00e1ll\u00f3 K\u00e1d\u00e1r-rendszer gazdas\u00e1gi \u00e9s kultur\u00e1lis tartal\u00e9kait is fel\u00e9lte. Jelk\u00e9pes jelent\u0151s\u00e9ge is volt annak, hogy 1990 tavasz\u00e1n, a hossz\u00fa \u00e9vtizedek \u00f3ta els\u0151 \u00edzben megrendezett t\u00f6bbp\u00e1rti orsz\u00e1ggy\u0171l\u00e9si v\u00e1laszt\u00e1sokon az egy\u00e9ni indul\u00f3k k\u00f6z\u00fcl Kir\u00e1ly B\u00e9la t\u00e1bornok \u00e9s t\u00f6rt\u00e9n\u00e9sz, az 1956-os Nemzet\u0151rs\u00e9g parancsnoka szerezte meg a k\u00e9pvisel\u0151i mand\u00e1tumot az 1. sz\u00e1m\u00fa v\u00e1laszt\u00f3ker\u00fcletben. 1990 [&hellip;]\" \/>\n<meta property=\"og:url\" content=\"https:\/\/otthon.kaposvar.hu\/hu\/barangolas-a-varostortenetben\/a-rendszervaltozas-utan-1990-tol-napjainkig\/\" \/>\n<meta property=\"og:site_name\" content=\"Kaposv\u00e1r Megyei Jog\u00fa V\u00e1ros\" \/>\n<meta property=\"article:publisher\" content=\"https:\/\/www.facebook.com\/cityofkaposvar\/\" \/>\n<meta property=\"article:modified_time\" content=\"2018-02-11T22:36:22+00:00\" \/>\n<meta property=\"og:image\" content=\"https:\/\/otthon.kaposvar.hu\/wp-content\/uploads\/2018\/02\/1990-L\u00e9gi-felv\u00e9tel-a-belv\u00e1rosr\u00f3l_web.jpg\" \/>\n\t<meta property=\"og:image:width\" content=\"2000\" \/>\n\t<meta property=\"og:image:height\" content=\"1339\" \/>\n\t<meta property=\"og:image:type\" content=\"image\/jpeg\" \/>\n<meta name=\"twitter:card\" content=\"summary_large_image\" \/>\n<meta name=\"twitter:label1\" content=\"Becs\u00fclt olvas\u00e1si id\u0151\" \/>\n\t<meta name=\"twitter:data1\" content=\"1 perc\" \/>\n<script type=\"application\/ld+json\" class=\"yoast-schema-graph\">{\"@context\":\"https:\/\/schema.org\",\"@graph\":[{\"@type\":\"WebPage\",\"@id\":\"https:\/\/otthon.kaposvar.hu\/hu\/barangolas-a-varostortenetben\/a-rendszervaltozas-utan-1990-tol-napjainkig\/\",\"url\":\"https:\/\/otthon.kaposvar.hu\/hu\/barangolas-a-varostortenetben\/a-rendszervaltozas-utan-1990-tol-napjainkig\/\",\"name\":\"A rendszerv\u00e1ltoz\u00e1s ut\u00e1n (1990-t\u0151l napjainkig) - Kaposv\u00e1r Megyei Jog\u00fa V\u00e1ros\",\"isPartOf\":{\"@id\":\"https:\/\/otthon.kaposvar.hu\/hu\/#website\"},\"datePublished\":\"2017-03-27T09:54:32+00:00\",\"dateModified\":\"2018-02-11T22:36:22+00:00\",\"breadcrumb\":{\"@id\":\"https:\/\/otthon.kaposvar.hu\/hu\/barangolas-a-varostortenetben\/a-rendszervaltozas-utan-1990-tol-napjainkig\/#breadcrumb\"},\"inLanguage\":\"hu\",\"potentialAction\":[{\"@type\":\"ReadAction\",\"target\":[[\"https:\/\/otthon.kaposvar.hu\/hu\/barangolas-a-varostortenetben\/a-rendszervaltozas-utan-1990-tol-napjainkig\/\"]]}]},{\"@type\":\"BreadcrumbList\",\"@id\":\"https:\/\/otthon.kaposvar.hu\/hu\/barangolas-a-varostortenetben\/a-rendszervaltozas-utan-1990-tol-napjainkig\/#breadcrumb\",\"itemListElement\":[{\"@type\":\"ListItem\",\"position\":1,\"name\":\"Home\",\"item\":\"https:\/\/otthon.kaposvar.hu\/hu\/\"},{\"@type\":\"ListItem\",\"position\":2,\"name\":\"Barangol\u00e1s a v\u00e1rost\u00f6rt\u00e9netben\",\"item\":\"https:\/\/otthon.kaposvar.hu\/hu\/barangolas-a-varostortenetben\/\"},{\"@type\":\"ListItem\",\"position\":3,\"name\":\"A rendszerv\u00e1ltoz\u00e1s ut\u00e1n (1990-t\u0151l napjainkig)\"}]},{\"@type\":\"WebSite\",\"@id\":\"https:\/\/otthon.kaposvar.hu\/hu\/#website\",\"url\":\"https:\/\/otthon.kaposvar.hu\/hu\/\",\"name\":\"Kaposv\u00e1r Megyei Jog\u00fa V\u00e1ros\",\"description\":\"\",\"publisher\":{\"@id\":\"https:\/\/otthon.kaposvar.hu\/hu\/#organization\"},\"potentialAction\":[{\"@type\":\"SearchAction\",\"target\":{\"@type\":\"EntryPoint\",\"urlTemplate\":\"https:\/\/otthon.kaposvar.hu\/hu\/?s={search_term_string}\"},\"query-input\":\"required name=search_term_string\"}],\"inLanguage\":\"hu\"},{\"@type\":\"Organization\",\"@id\":\"https:\/\/otthon.kaposvar.hu\/hu\/#organization\",\"name\":\"Kaposv\u00e1r Megyei Jog\u00fa V\u00e1ros\",\"url\":\"https:\/\/otthon.kaposvar.hu\/hu\/\",\"sameAs\":[\"https:\/\/www.instagram.com\/cityofkaposvar\/\",\"https:\/\/www.facebook.com\/cityofkaposvar\/\"],\"logo\":{\"@type\":\"ImageObject\",\"inLanguage\":\"hu\",\"@id\":\"https:\/\/otthon.kaposvar.hu\/hu\/#\/schema\/logo\/image\/\",\"url\":\"https:\/\/otthon.kaposvar.hu\/wp-content\/uploads\/2021\/10\/kaposvar_social.jpg\",\"contentUrl\":\"https:\/\/otthon.kaposvar.hu\/wp-content\/uploads\/2021\/10\/kaposvar_social.jpg\",\"width\":1200,\"height\":900,\"caption\":\"Kaposv\u00e1r Megyei Jog\u00fa V\u00e1ros\"},\"image\":{\"@id\":\"https:\/\/otthon.kaposvar.hu\/hu\/#\/schema\/logo\/image\/\"}}]}<\/script>\n<!-- \/ Yoast SEO plugin. -->","yoast_head_json":{"title":"A rendszerv\u00e1ltoz\u00e1s ut\u00e1n (1990-t\u0151l napjainkig) - Kaposv\u00e1r Megyei Jog\u00fa V\u00e1ros","robots":{"index":"index","follow":"follow","max-snippet":"max-snippet:-1","max-image-preview":"max-image-preview:large","max-video-preview":"max-video-preview:-1"},"canonical":"https:\/\/otthon.kaposvar.hu\/hu\/barangolas-a-varostortenetben\/a-rendszervaltozas-utan-1990-tol-napjainkig\/","og_locale":"hu_HU","og_type":"article","og_title":"A rendszerv\u00e1ltoz\u00e1s ut\u00e1n (1990-t\u0151l napjainkig) - Kaposv\u00e1r Megyei Jog\u00fa V\u00e1ros","og_description":"Az erk\u00f6lcsileg kezdett\u0151l fogva ingatag l\u00e1bakon \u00e1ll\u00f3 K\u00e1d\u00e1r-rendszer gazdas\u00e1gi \u00e9s kultur\u00e1lis tartal\u00e9kait is fel\u00e9lte. Jelk\u00e9pes jelent\u0151s\u00e9ge is volt annak, hogy 1990 tavasz\u00e1n, a hossz\u00fa \u00e9vtizedek \u00f3ta els\u0151 \u00edzben megrendezett t\u00f6bbp\u00e1rti orsz\u00e1ggy\u0171l\u00e9si v\u00e1laszt\u00e1sokon az egy\u00e9ni indul\u00f3k k\u00f6z\u00fcl Kir\u00e1ly B\u00e9la t\u00e1bornok \u00e9s t\u00f6rt\u00e9n\u00e9sz, az 1956-os Nemzet\u0151rs\u00e9g parancsnoka szerezte meg a k\u00e9pvisel\u0151i mand\u00e1tumot az 1. sz\u00e1m\u00fa v\u00e1laszt\u00f3ker\u00fcletben. 1990 [&hellip;]","og_url":"https:\/\/otthon.kaposvar.hu\/hu\/barangolas-a-varostortenetben\/a-rendszervaltozas-utan-1990-tol-napjainkig\/","og_site_name":"Kaposv\u00e1r Megyei Jog\u00fa V\u00e1ros","article_publisher":"https:\/\/www.facebook.com\/cityofkaposvar\/","article_modified_time":"2018-02-11T22:36:22+00:00","og_image":[{"width":2000,"height":1339,"url":"https:\/\/otthon.kaposvar.hu\/wp-content\/uploads\/2018\/02\/1990-L\u00e9gi-felv\u00e9tel-a-belv\u00e1rosr\u00f3l_web.jpg","type":"image\/jpeg"}],"twitter_card":"summary_large_image","twitter_misc":{"Becs\u00fclt olvas\u00e1si id\u0151":"1 perc"},"schema":{"@context":"https:\/\/schema.org","@graph":[{"@type":"WebPage","@id":"https:\/\/otthon.kaposvar.hu\/hu\/barangolas-a-varostortenetben\/a-rendszervaltozas-utan-1990-tol-napjainkig\/","url":"https:\/\/otthon.kaposvar.hu\/hu\/barangolas-a-varostortenetben\/a-rendszervaltozas-utan-1990-tol-napjainkig\/","name":"A rendszerv\u00e1ltoz\u00e1s ut\u00e1n (1990-t\u0151l napjainkig) - Kaposv\u00e1r Megyei Jog\u00fa V\u00e1ros","isPartOf":{"@id":"https:\/\/otthon.kaposvar.hu\/hu\/#website"},"datePublished":"2017-03-27T09:54:32+00:00","dateModified":"2018-02-11T22:36:22+00:00","breadcrumb":{"@id":"https:\/\/otthon.kaposvar.hu\/hu\/barangolas-a-varostortenetben\/a-rendszervaltozas-utan-1990-tol-napjainkig\/#breadcrumb"},"inLanguage":"hu","potentialAction":[{"@type":"ReadAction","target":[["https:\/\/otthon.kaposvar.hu\/hu\/barangolas-a-varostortenetben\/a-rendszervaltozas-utan-1990-tol-napjainkig\/"]]}]},{"@type":"BreadcrumbList","@id":"https:\/\/otthon.kaposvar.hu\/hu\/barangolas-a-varostortenetben\/a-rendszervaltozas-utan-1990-tol-napjainkig\/#breadcrumb","itemListElement":[{"@type":"ListItem","position":1,"name":"Home","item":"https:\/\/otthon.kaposvar.hu\/hu\/"},{"@type":"ListItem","position":2,"name":"Barangol\u00e1s a v\u00e1rost\u00f6rt\u00e9netben","item":"https:\/\/otthon.kaposvar.hu\/hu\/barangolas-a-varostortenetben\/"},{"@type":"ListItem","position":3,"name":"A rendszerv\u00e1ltoz\u00e1s ut\u00e1n (1990-t\u0151l napjainkig)"}]},{"@type":"WebSite","@id":"https:\/\/otthon.kaposvar.hu\/hu\/#website","url":"https:\/\/otthon.kaposvar.hu\/hu\/","name":"Kaposv\u00e1r Megyei Jog\u00fa V\u00e1ros","description":"","publisher":{"@id":"https:\/\/otthon.kaposvar.hu\/hu\/#organization"},"potentialAction":[{"@type":"SearchAction","target":{"@type":"EntryPoint","urlTemplate":"https:\/\/otthon.kaposvar.hu\/hu\/?s={search_term_string}"},"query-input":"required name=search_term_string"}],"inLanguage":"hu"},{"@type":"Organization","@id":"https:\/\/otthon.kaposvar.hu\/hu\/#organization","name":"Kaposv\u00e1r Megyei Jog\u00fa V\u00e1ros","url":"https:\/\/otthon.kaposvar.hu\/hu\/","sameAs":["https:\/\/www.instagram.com\/cityofkaposvar\/","https:\/\/www.facebook.com\/cityofkaposvar\/"],"logo":{"@type":"ImageObject","inLanguage":"hu","@id":"https:\/\/otthon.kaposvar.hu\/hu\/#\/schema\/logo\/image\/","url":"https:\/\/otthon.kaposvar.hu\/wp-content\/uploads\/2021\/10\/kaposvar_social.jpg","contentUrl":"https:\/\/otthon.kaposvar.hu\/wp-content\/uploads\/2021\/10\/kaposvar_social.jpg","width":1200,"height":900,"caption":"Kaposv\u00e1r Megyei Jog\u00fa V\u00e1ros"},"image":{"@id":"https:\/\/otthon.kaposvar.hu\/hu\/#\/schema\/logo\/image\/"}}]}},"_links":{"self":[{"href":"https:\/\/otthon.kaposvar.hu\/hu\/wp-json\/wp\/v2\/pages\/1385"}],"collection":[{"href":"https:\/\/otthon.kaposvar.hu\/hu\/wp-json\/wp\/v2\/pages"}],"about":[{"href":"https:\/\/otthon.kaposvar.hu\/hu\/wp-json\/wp\/v2\/types\/page"}],"author":[{"embeddable":true,"href":"https:\/\/otthon.kaposvar.hu\/hu\/wp-json\/wp\/v2\/users\/13"}],"replies":[{"embeddable":true,"href":"https:\/\/otthon.kaposvar.hu\/hu\/wp-json\/wp\/v2\/comments?post=1385"}],"version-history":[{"count":0,"href":"https:\/\/otthon.kaposvar.hu\/hu\/wp-json\/wp\/v2\/pages\/1385\/revisions"}],"up":[{"embeddable":true,"href":"https:\/\/otthon.kaposvar.hu\/hu\/wp-json\/wp\/v2\/pages\/1179"}],"wp:featuredmedia":[{"embeddable":true,"href":"https:\/\/otthon.kaposvar.hu\/hu\/wp-json\/wp\/v2\/media\/2732"}],"wp:attachment":[{"href":"https:\/\/otthon.kaposvar.hu\/hu\/wp-json\/wp\/v2\/media?parent=1385"}],"curies":[{"name":"wp","href":"https:\/\/api.w.org\/{rel}","templated":true}]}}