{"id":1383,"date":"2017-03-27T10:53:02","date_gmt":"2017-03-27T09:53:02","guid":{"rendered":"http:\/\/lakossag.gyori.co.hu\/?page_id=1383"},"modified":"2018-02-11T23:35:41","modified_gmt":"2018-02-11T22:35:41","slug":"diktatura-szuletik-1945-1956","status":"publish","type":"page","link":"https:\/\/otthon.kaposvar.hu\/hu\/barangolas-a-varostortenetben\/diktatura-szuletik-1945-1956\/","title":{"rendered":"Diktat\u00fara sz\u00fcletik (1945\u20131956)"},"content":{"rendered":"<p><\/p>\n<p class=\"kv-page-content-paragraph\">Az 1945 ut\u00e1ni kommunista hatalom\u00e1tv\u00e9tel forgat\u00f3k\u00f6nyve n\u00e1lunk is hasonl\u00f3 volt, mint szerte az orsz\u00e1gban: a szovjet katonai t\u00e1mogat\u00e1ssal a h\u00e1tt\u00e9rben a rend\u0151rs\u00e9g megszerz\u00e9se, a sajt\u00f3 megsz\u00e1ll\u00e1sa, a k\u00f6zigazgat\u00e1s \u201emegtiszt\u00edt\u00e1sa\u201d, a polg\u00e1ri tiszts\u00e9gvisel\u0151k \u00e9s a polg\u00e1ri t\u00e1rsadalom meghat\u00e1roz\u00f3 szem\u00e9lyis\u00e9gei elleni hajsza. A negyvenes \u00e9vek v\u00e9g\u00e9re a gazdas\u00e1gi \u00e9lett\u0151l az iskola\u00fcgyig Kaposv\u00e1ron is \u201eszovjetiz\u00e1l\u00f3dott\u201d az \u00e9let minden ter\u00fclete, a politikai \u00e9let felsz\u00edne pedig kem\u00e9nyre fagyott. Nem is siker\u00fclt felt\u00f6rni eg\u00e9szen 1956-ig. Ekkor viszont az a kaposv\u00e1ri munk\u00e1ss\u00e1g, amelyet a nagy ipartelep\u00edt\u00e9sek korszak\u00e1ban er\u0151s\u00edtett meg a hatalom, s amelyt\u0151l a kommunista rendszer t\u00e1rsadalmi b\u00e1zis\u00e1nak sz\u00e9les\u00edt\u00e9s\u00e9t rem\u00e9lte, k\u00e9sleked\u00e9s n\u00e9lk\u00fcl csatlakozott a forradalomhoz.<\/p>\n<div class=\"kv-page-margin-1\">\u00a0<\/div>\n<p><\/p>","protected":false},"excerpt":{"rendered":"<p>Az 1945 ut\u00e1ni kommunista hatalom\u00e1tv\u00e9tel forgat\u00f3k\u00f6nyve n\u00e1lunk is hasonl\u00f3 volt, mint szerte az orsz\u00e1gban: a szovjet katonai t\u00e1mogat\u00e1ssal a h\u00e1tt\u00e9rben a rend\u0151rs\u00e9g megszerz\u00e9se, a sajt\u00f3 megsz\u00e1ll\u00e1sa, a k\u00f6zigazgat\u00e1s \u201emegtiszt\u00edt\u00e1sa\u201d, a polg\u00e1ri tiszts\u00e9gvisel\u0151k \u00e9s a polg\u00e1ri t\u00e1rsadalom meghat\u00e1roz\u00f3 szem\u00e9lyis\u00e9gei elleni hajsza. A negyvenes \u00e9vek v\u00e9g\u00e9re a gazdas\u00e1gi \u00e9lett\u0151l az iskola\u00fcgyig Kaposv\u00e1ron is \u201eszovjetiz\u00e1l\u00f3dott\u201d az \u00e9let minden [&hellip;]<\/p>\n","protected":false},"author":13,"featured_media":2730,"parent":1179,"menu_order":0,"comment_status":"closed","ping_status":"closed","template":"","meta":[],"acf":[],"yoast_head":"<!-- This site is optimized with the Yoast SEO plugin v19.8 - https:\/\/yoast.com\/wordpress\/plugins\/seo\/ -->\n<title>Diktat\u00fara sz\u00fcletik (1945\u20131956) - Kaposv\u00e1r Megyei Jog\u00fa V\u00e1ros<\/title>\n<meta name=\"robots\" content=\"index, follow, max-snippet:-1, max-image-preview:large, max-video-preview:-1\" \/>\n<link rel=\"canonical\" href=\"https:\/\/otthon.kaposvar.hu\/hu\/barangolas-a-varostortenetben\/diktatura-szuletik-1945-1956\/\" \/>\n<meta property=\"og:locale\" content=\"hu_HU\" \/>\n<meta property=\"og:type\" content=\"article\" \/>\n<meta property=\"og:title\" content=\"Diktat\u00fara sz\u00fcletik (1945\u20131956) - Kaposv\u00e1r Megyei Jog\u00fa V\u00e1ros\" \/>\n<meta property=\"og:description\" content=\"Az 1945 ut\u00e1ni kommunista hatalom\u00e1tv\u00e9tel forgat\u00f3k\u00f6nyve n\u00e1lunk is hasonl\u00f3 volt, mint szerte az orsz\u00e1gban: a szovjet katonai t\u00e1mogat\u00e1ssal a h\u00e1tt\u00e9rben a rend\u0151rs\u00e9g megszerz\u00e9se, a sajt\u00f3 megsz\u00e1ll\u00e1sa, a k\u00f6zigazgat\u00e1s \u201emegtiszt\u00edt\u00e1sa\u201d, a polg\u00e1ri tiszts\u00e9gvisel\u0151k \u00e9s a polg\u00e1ri t\u00e1rsadalom meghat\u00e1roz\u00f3 szem\u00e9lyis\u00e9gei elleni hajsza. A negyvenes \u00e9vek v\u00e9g\u00e9re a gazdas\u00e1gi \u00e9lett\u0151l az iskola\u00fcgyig Kaposv\u00e1ron is \u201eszovjetiz\u00e1l\u00f3dott\u201d az \u00e9let minden [&hellip;]\" \/>\n<meta property=\"og:url\" content=\"https:\/\/otthon.kaposvar.hu\/hu\/barangolas-a-varostortenetben\/diktatura-szuletik-1945-1956\/\" \/>\n<meta property=\"og:site_name\" content=\"Kaposv\u00e1r Megyei Jog\u00fa V\u00e1ros\" \/>\n<meta property=\"article:publisher\" content=\"https:\/\/www.facebook.com\/cityofkaposvar\/\" \/>\n<meta property=\"article:modified_time\" content=\"2018-02-11T22:35:41+00:00\" \/>\n<meta property=\"og:image\" content=\"https:\/\/otthon.kaposvar.hu\/wp-content\/uploads\/2018\/02\/1945-1956-Kaposv\u00e1ri-Textilm\u0171vek_web.jpg\" \/>\n\t<meta property=\"og:image:width\" content=\"1346\" \/>\n\t<meta property=\"og:image:height\" content=\"698\" \/>\n\t<meta property=\"og:image:type\" content=\"image\/jpeg\" \/>\n<meta name=\"twitter:card\" content=\"summary_large_image\" \/>\n<meta name=\"twitter:label1\" content=\"Becs\u00fclt olvas\u00e1si id\u0151\" \/>\n\t<meta name=\"twitter:data1\" content=\"1 perc\" \/>\n<script type=\"application\/ld+json\" class=\"yoast-schema-graph\">{\"@context\":\"https:\/\/schema.org\",\"@graph\":[{\"@type\":\"WebPage\",\"@id\":\"https:\/\/otthon.kaposvar.hu\/hu\/barangolas-a-varostortenetben\/diktatura-szuletik-1945-1956\/\",\"url\":\"https:\/\/otthon.kaposvar.hu\/hu\/barangolas-a-varostortenetben\/diktatura-szuletik-1945-1956\/\",\"name\":\"Diktat\u00fara sz\u00fcletik (1945\u20131956) - Kaposv\u00e1r Megyei Jog\u00fa V\u00e1ros\",\"isPartOf\":{\"@id\":\"https:\/\/otthon.kaposvar.hu\/hu\/#website\"},\"datePublished\":\"2017-03-27T09:53:02+00:00\",\"dateModified\":\"2018-02-11T22:35:41+00:00\",\"breadcrumb\":{\"@id\":\"https:\/\/otthon.kaposvar.hu\/hu\/barangolas-a-varostortenetben\/diktatura-szuletik-1945-1956\/#breadcrumb\"},\"inLanguage\":\"hu\",\"potentialAction\":[{\"@type\":\"ReadAction\",\"target\":[[\"https:\/\/otthon.kaposvar.hu\/hu\/barangolas-a-varostortenetben\/diktatura-szuletik-1945-1956\/\"]]}]},{\"@type\":\"BreadcrumbList\",\"@id\":\"https:\/\/otthon.kaposvar.hu\/hu\/barangolas-a-varostortenetben\/diktatura-szuletik-1945-1956\/#breadcrumb\",\"itemListElement\":[{\"@type\":\"ListItem\",\"position\":1,\"name\":\"Home\",\"item\":\"https:\/\/otthon.kaposvar.hu\/hu\/\"},{\"@type\":\"ListItem\",\"position\":2,\"name\":\"Barangol\u00e1s a v\u00e1rost\u00f6rt\u00e9netben\",\"item\":\"https:\/\/otthon.kaposvar.hu\/hu\/barangolas-a-varostortenetben\/\"},{\"@type\":\"ListItem\",\"position\":3,\"name\":\"Diktat\u00fara sz\u00fcletik (1945\u20131956)\"}]},{\"@type\":\"WebSite\",\"@id\":\"https:\/\/otthon.kaposvar.hu\/hu\/#website\",\"url\":\"https:\/\/otthon.kaposvar.hu\/hu\/\",\"name\":\"Kaposv\u00e1r Megyei Jog\u00fa V\u00e1ros\",\"description\":\"\",\"publisher\":{\"@id\":\"https:\/\/otthon.kaposvar.hu\/hu\/#organization\"},\"potentialAction\":[{\"@type\":\"SearchAction\",\"target\":{\"@type\":\"EntryPoint\",\"urlTemplate\":\"https:\/\/otthon.kaposvar.hu\/hu\/?s={search_term_string}\"},\"query-input\":\"required name=search_term_string\"}],\"inLanguage\":\"hu\"},{\"@type\":\"Organization\",\"@id\":\"https:\/\/otthon.kaposvar.hu\/hu\/#organization\",\"name\":\"Kaposv\u00e1r Megyei Jog\u00fa V\u00e1ros\",\"url\":\"https:\/\/otthon.kaposvar.hu\/hu\/\",\"sameAs\":[\"https:\/\/www.instagram.com\/cityofkaposvar\/\",\"https:\/\/www.facebook.com\/cityofkaposvar\/\"],\"logo\":{\"@type\":\"ImageObject\",\"inLanguage\":\"hu\",\"@id\":\"https:\/\/otthon.kaposvar.hu\/hu\/#\/schema\/logo\/image\/\",\"url\":\"https:\/\/otthon.kaposvar.hu\/wp-content\/uploads\/2021\/10\/kaposvar_social.jpg\",\"contentUrl\":\"https:\/\/otthon.kaposvar.hu\/wp-content\/uploads\/2021\/10\/kaposvar_social.jpg\",\"width\":1200,\"height\":900,\"caption\":\"Kaposv\u00e1r Megyei Jog\u00fa V\u00e1ros\"},\"image\":{\"@id\":\"https:\/\/otthon.kaposvar.hu\/hu\/#\/schema\/logo\/image\/\"}}]}<\/script>\n<!-- \/ Yoast SEO plugin. -->","yoast_head_json":{"title":"Diktat\u00fara sz\u00fcletik (1945\u20131956) - Kaposv\u00e1r Megyei Jog\u00fa V\u00e1ros","robots":{"index":"index","follow":"follow","max-snippet":"max-snippet:-1","max-image-preview":"max-image-preview:large","max-video-preview":"max-video-preview:-1"},"canonical":"https:\/\/otthon.kaposvar.hu\/hu\/barangolas-a-varostortenetben\/diktatura-szuletik-1945-1956\/","og_locale":"hu_HU","og_type":"article","og_title":"Diktat\u00fara sz\u00fcletik (1945\u20131956) - Kaposv\u00e1r Megyei Jog\u00fa V\u00e1ros","og_description":"Az 1945 ut\u00e1ni kommunista hatalom\u00e1tv\u00e9tel forgat\u00f3k\u00f6nyve n\u00e1lunk is hasonl\u00f3 volt, mint szerte az orsz\u00e1gban: a szovjet katonai t\u00e1mogat\u00e1ssal a h\u00e1tt\u00e9rben a rend\u0151rs\u00e9g megszerz\u00e9se, a sajt\u00f3 megsz\u00e1ll\u00e1sa, a k\u00f6zigazgat\u00e1s \u201emegtiszt\u00edt\u00e1sa\u201d, a polg\u00e1ri tiszts\u00e9gvisel\u0151k \u00e9s a polg\u00e1ri t\u00e1rsadalom meghat\u00e1roz\u00f3 szem\u00e9lyis\u00e9gei elleni hajsza. A negyvenes \u00e9vek v\u00e9g\u00e9re a gazdas\u00e1gi \u00e9lett\u0151l az iskola\u00fcgyig Kaposv\u00e1ron is \u201eszovjetiz\u00e1l\u00f3dott\u201d az \u00e9let minden [&hellip;]","og_url":"https:\/\/otthon.kaposvar.hu\/hu\/barangolas-a-varostortenetben\/diktatura-szuletik-1945-1956\/","og_site_name":"Kaposv\u00e1r Megyei Jog\u00fa V\u00e1ros","article_publisher":"https:\/\/www.facebook.com\/cityofkaposvar\/","article_modified_time":"2018-02-11T22:35:41+00:00","og_image":[{"width":1346,"height":698,"url":"https:\/\/otthon.kaposvar.hu\/wp-content\/uploads\/2018\/02\/1945-1956-Kaposv\u00e1ri-Textilm\u0171vek_web.jpg","type":"image\/jpeg"}],"twitter_card":"summary_large_image","twitter_misc":{"Becs\u00fclt olvas\u00e1si id\u0151":"1 perc"},"schema":{"@context":"https:\/\/schema.org","@graph":[{"@type":"WebPage","@id":"https:\/\/otthon.kaposvar.hu\/hu\/barangolas-a-varostortenetben\/diktatura-szuletik-1945-1956\/","url":"https:\/\/otthon.kaposvar.hu\/hu\/barangolas-a-varostortenetben\/diktatura-szuletik-1945-1956\/","name":"Diktat\u00fara sz\u00fcletik (1945\u20131956) - Kaposv\u00e1r Megyei Jog\u00fa V\u00e1ros","isPartOf":{"@id":"https:\/\/otthon.kaposvar.hu\/hu\/#website"},"datePublished":"2017-03-27T09:53:02+00:00","dateModified":"2018-02-11T22:35:41+00:00","breadcrumb":{"@id":"https:\/\/otthon.kaposvar.hu\/hu\/barangolas-a-varostortenetben\/diktatura-szuletik-1945-1956\/#breadcrumb"},"inLanguage":"hu","potentialAction":[{"@type":"ReadAction","target":[["https:\/\/otthon.kaposvar.hu\/hu\/barangolas-a-varostortenetben\/diktatura-szuletik-1945-1956\/"]]}]},{"@type":"BreadcrumbList","@id":"https:\/\/otthon.kaposvar.hu\/hu\/barangolas-a-varostortenetben\/diktatura-szuletik-1945-1956\/#breadcrumb","itemListElement":[{"@type":"ListItem","position":1,"name":"Home","item":"https:\/\/otthon.kaposvar.hu\/hu\/"},{"@type":"ListItem","position":2,"name":"Barangol\u00e1s a v\u00e1rost\u00f6rt\u00e9netben","item":"https:\/\/otthon.kaposvar.hu\/hu\/barangolas-a-varostortenetben\/"},{"@type":"ListItem","position":3,"name":"Diktat\u00fara sz\u00fcletik (1945\u20131956)"}]},{"@type":"WebSite","@id":"https:\/\/otthon.kaposvar.hu\/hu\/#website","url":"https:\/\/otthon.kaposvar.hu\/hu\/","name":"Kaposv\u00e1r Megyei Jog\u00fa V\u00e1ros","description":"","publisher":{"@id":"https:\/\/otthon.kaposvar.hu\/hu\/#organization"},"potentialAction":[{"@type":"SearchAction","target":{"@type":"EntryPoint","urlTemplate":"https:\/\/otthon.kaposvar.hu\/hu\/?s={search_term_string}"},"query-input":"required name=search_term_string"}],"inLanguage":"hu"},{"@type":"Organization","@id":"https:\/\/otthon.kaposvar.hu\/hu\/#organization","name":"Kaposv\u00e1r Megyei Jog\u00fa V\u00e1ros","url":"https:\/\/otthon.kaposvar.hu\/hu\/","sameAs":["https:\/\/www.instagram.com\/cityofkaposvar\/","https:\/\/www.facebook.com\/cityofkaposvar\/"],"logo":{"@type":"ImageObject","inLanguage":"hu","@id":"https:\/\/otthon.kaposvar.hu\/hu\/#\/schema\/logo\/image\/","url":"https:\/\/otthon.kaposvar.hu\/wp-content\/uploads\/2021\/10\/kaposvar_social.jpg","contentUrl":"https:\/\/otthon.kaposvar.hu\/wp-content\/uploads\/2021\/10\/kaposvar_social.jpg","width":1200,"height":900,"caption":"Kaposv\u00e1r Megyei Jog\u00fa V\u00e1ros"},"image":{"@id":"https:\/\/otthon.kaposvar.hu\/hu\/#\/schema\/logo\/image\/"}}]}},"_links":{"self":[{"href":"https:\/\/otthon.kaposvar.hu\/hu\/wp-json\/wp\/v2\/pages\/1383"}],"collection":[{"href":"https:\/\/otthon.kaposvar.hu\/hu\/wp-json\/wp\/v2\/pages"}],"about":[{"href":"https:\/\/otthon.kaposvar.hu\/hu\/wp-json\/wp\/v2\/types\/page"}],"author":[{"embeddable":true,"href":"https:\/\/otthon.kaposvar.hu\/hu\/wp-json\/wp\/v2\/users\/13"}],"replies":[{"embeddable":true,"href":"https:\/\/otthon.kaposvar.hu\/hu\/wp-json\/wp\/v2\/comments?post=1383"}],"version-history":[{"count":0,"href":"https:\/\/otthon.kaposvar.hu\/hu\/wp-json\/wp\/v2\/pages\/1383\/revisions"}],"up":[{"embeddable":true,"href":"https:\/\/otthon.kaposvar.hu\/hu\/wp-json\/wp\/v2\/pages\/1179"}],"wp:featuredmedia":[{"embeddable":true,"href":"https:\/\/otthon.kaposvar.hu\/hu\/wp-json\/wp\/v2\/media\/2730"}],"wp:attachment":[{"href":"https:\/\/otthon.kaposvar.hu\/hu\/wp-json\/wp\/v2\/media?parent=1383"}],"curies":[{"name":"wp","href":"https:\/\/api.w.org\/{rel}","templated":true}]}}