{"id":1382,"date":"2017-03-27T10:52:09","date_gmt":"2017-03-27T09:52:09","guid":{"rendered":"http:\/\/lakossag.gyori.co.hu\/?page_id=1382"},"modified":"2018-02-11T23:34:39","modified_gmt":"2018-02-11T22:34:39","slug":"ket-vereseg-kozott-1918-1945","status":"publish","type":"page","link":"https:\/\/otthon.kaposvar.hu\/hu\/barangolas-a-varostortenetben\/ket-vereseg-kozott-1918-1945\/","title":{"rendered":"K\u00e9t veres\u00e9g k\u00f6z\u00f6tt (1918\u20131945)"},"content":{"rendered":"<p><\/p>\n<p class=\"kv-page-content-paragraph\">A vil\u00e1gh\u00e1bor\u00fas veres\u00e9g sokkj\u00e1t tet\u00e9zte, hogy az \u00e9vtized v\u00e9g\u00e9n kirobbant forradalom diktat\u00far\u00e1ba torkollott, azt\u00e1n k\u00f6vetkezett az orsz\u00e1got alapjaiban megrenget\u0151 trianoni dikt\u00e1tum. Ebb\u0151l a k\u00e1ty\u00fab\u00f3l Kaposv\u00e1ron dr. V\u00e9tek (1934-t\u0151l: Kaposv\u00e1ry) Gy\u00f6rgy polg\u00e1rmesters\u00e9ge alatt kellett megtal\u00e1lni a kiutat. Az \u0151 kez\u00e9be akkor ker\u00fclt a korm\u00e1nyr\u00fad, amikor egy \u00f6t\u00e9ves \u201einterregnum\u201d ut\u00e1n 1922-ben v\u00e9gre megszil\u00e1rdult a v\u00e1rosvezet\u00e9s. Felt\u0171n\u0151en modern \u00f6tletekre \u00e9p\u00fcltek ezek a nem is sikertelen kit\u00f6r\u00e9si k\u00eds\u00e9rletek: val\u00f3di iskolav\u00e1ross\u00e1 tenni Kaposv\u00e1rt, felkarolni a Vir\u00e1gos Kaposv\u00e1r mozgalmat, park\u00e9p\u00edt\u00e9sekbe fogni, \u00faj alapokra helyezni a k\u00f6zleked\u00e9st, meger\u0151s\u00edteni az idegenforgalmat, tov\u00e1bb \u00e9ltetni a tudatos v\u00e1rosfejleszt\u00e9s N\u00e9meth Istv\u00e1n-i hagyom\u00e1nyait. Fel\u00e9p\u00fclt a polg\u00e1ri fi\u00faiskola, a le\u00e1nygimn\u00e1zium \u00e9s a V\u00e1rosi mozi, s a kultur\u00e1lis \u00e9letet az \u00fajj\u00e1alakult <a href=\"\/varostortenet\/b-101\">Berzsenyi T\u00e1rsas\u00e1g<\/a> mellett tud\u00f3s pedag\u00f3gusok is seg\u00edtettek mozg\u00e1sban tartani; olyanok, mint <a href=\"\/varostortenet\/b-106\">dr. Bicz\u00f3 Ferenc<\/a> \u00e9s <a href=\"\/varostortenet\/b-105\">dr. Mer\u00e9nyi Oszk\u00e1r<\/a>. A fellend\u00fcl\u00e9sre azonban mind s\u00f6t\u00e9tebb \u00e1rny\u00e9kot vetett a politikai jobbratol\u00f3d\u00e1s, s az \u00fajabb vil\u00e1g\u00e9g\u00e9s is egyre ink\u00e1bb beh\u00e1l\u00f3zta a kaposv\u00e1riak \u00e9let\u00e9t. Ism\u00e9t kider\u00fclt, hogy milyen k\u00f6nnyen sz\u00fcl diktat\u00far\u00e1t a h\u00e1bor\u00fa \u2013 az a h\u00e1bor\u00fa, amely m\u00e1r nem csup\u00e1n t\u00e1voli csatatereken k\u00edv\u00e1nt \u00e1ldozatokat a kaposv\u00e1ri katon\u00e1kt\u00f3l, hanem a somogyi sz\u00e9kv\u00e1roson is \u00e1tviharzott.<\/p>\n<div class=\"kv-page-margin-1\">\u00a0<\/div>\n<p><\/p>","protected":false},"excerpt":{"rendered":"<p>A vil\u00e1gh\u00e1bor\u00fas veres\u00e9g sokkj\u00e1t tet\u00e9zte, hogy az \u00e9vtized v\u00e9g\u00e9n kirobbant forradalom diktat\u00far\u00e1ba torkollott, azt\u00e1n k\u00f6vetkezett az orsz\u00e1got alapjaiban megrenget\u0151 trianoni dikt\u00e1tum. Ebb\u0151l a k\u00e1ty\u00fab\u00f3l Kaposv\u00e1ron dr. V\u00e9tek (1934-t\u0151l: Kaposv\u00e1ry) Gy\u00f6rgy polg\u00e1rmesters\u00e9ge alatt kellett megtal\u00e1lni a kiutat. Az \u0151 kez\u00e9be akkor ker\u00fclt a korm\u00e1nyr\u00fad, amikor egy \u00f6t\u00e9ves \u201einterregnum\u201d ut\u00e1n 1922-ben v\u00e9gre megszil\u00e1rdult a v\u00e1rosvezet\u00e9s. Felt\u0171n\u0151en modern [&hellip;]<\/p>\n","protected":false},"author":13,"featured_media":2729,"parent":1179,"menu_order":0,"comment_status":"closed","ping_status":"closed","template":"","meta":[],"acf":[],"yoast_head":"<!-- This site is optimized with the Yoast SEO plugin v19.8 - https:\/\/yoast.com\/wordpress\/plugins\/seo\/ -->\n<title>K\u00e9t veres\u00e9g k\u00f6z\u00f6tt (1918\u20131945) - Kaposv\u00e1r Megyei Jog\u00fa V\u00e1ros<\/title>\n<meta name=\"robots\" content=\"index, follow, max-snippet:-1, max-image-preview:large, max-video-preview:-1\" \/>\n<link rel=\"canonical\" href=\"https:\/\/otthon.kaposvar.hu\/hu\/barangolas-a-varostortenetben\/ket-vereseg-kozott-1918-1945\/\" \/>\n<meta property=\"og:locale\" content=\"hu_HU\" \/>\n<meta property=\"og:type\" content=\"article\" \/>\n<meta property=\"og:title\" content=\"K\u00e9t veres\u00e9g k\u00f6z\u00f6tt (1918\u20131945) - Kaposv\u00e1r Megyei Jog\u00fa V\u00e1ros\" \/>\n<meta property=\"og:description\" content=\"A vil\u00e1gh\u00e1bor\u00fas veres\u00e9g sokkj\u00e1t tet\u00e9zte, hogy az \u00e9vtized v\u00e9g\u00e9n kirobbant forradalom diktat\u00far\u00e1ba torkollott, azt\u00e1n k\u00f6vetkezett az orsz\u00e1got alapjaiban megrenget\u0151 trianoni dikt\u00e1tum. Ebb\u0151l a k\u00e1ty\u00fab\u00f3l Kaposv\u00e1ron dr. V\u00e9tek (1934-t\u0151l: Kaposv\u00e1ry) Gy\u00f6rgy polg\u00e1rmesters\u00e9ge alatt kellett megtal\u00e1lni a kiutat. Az \u0151 kez\u00e9be akkor ker\u00fclt a korm\u00e1nyr\u00fad, amikor egy \u00f6t\u00e9ves \u201einterregnum\u201d ut\u00e1n 1922-ben v\u00e9gre megszil\u00e1rdult a v\u00e1rosvezet\u00e9s. Felt\u0171n\u0151en modern [&hellip;]\" \/>\n<meta property=\"og:url\" content=\"https:\/\/otthon.kaposvar.hu\/hu\/barangolas-a-varostortenetben\/ket-vereseg-kozott-1918-1945\/\" \/>\n<meta property=\"og:site_name\" content=\"Kaposv\u00e1r Megyei Jog\u00fa V\u00e1ros\" \/>\n<meta property=\"article:publisher\" content=\"https:\/\/www.facebook.com\/cityofkaposvar\/\" \/>\n<meta property=\"article:modified_time\" content=\"2018-02-11T22:34:39+00:00\" \/>\n<meta property=\"og:image\" content=\"https:\/\/otthon.kaposvar.hu\/wp-content\/uploads\/2018\/02\/1918-1945-V\u00e1rosi-mozi_web.jpg\" \/>\n\t<meta property=\"og:image:width\" content=\"6000\" \/>\n\t<meta property=\"og:image:height\" content=\"4000\" \/>\n\t<meta property=\"og:image:type\" content=\"image\/jpeg\" \/>\n<meta name=\"twitter:card\" content=\"summary_large_image\" \/>\n<meta name=\"twitter:label1\" content=\"Becs\u00fclt olvas\u00e1si id\u0151\" \/>\n\t<meta name=\"twitter:data1\" content=\"1 perc\" \/>\n<script type=\"application\/ld+json\" class=\"yoast-schema-graph\">{\"@context\":\"https:\/\/schema.org\",\"@graph\":[{\"@type\":\"WebPage\",\"@id\":\"https:\/\/otthon.kaposvar.hu\/hu\/barangolas-a-varostortenetben\/ket-vereseg-kozott-1918-1945\/\",\"url\":\"https:\/\/otthon.kaposvar.hu\/hu\/barangolas-a-varostortenetben\/ket-vereseg-kozott-1918-1945\/\",\"name\":\"K\u00e9t veres\u00e9g k\u00f6z\u00f6tt (1918\u20131945) - Kaposv\u00e1r Megyei Jog\u00fa V\u00e1ros\",\"isPartOf\":{\"@id\":\"https:\/\/otthon.kaposvar.hu\/hu\/#website\"},\"datePublished\":\"2017-03-27T09:52:09+00:00\",\"dateModified\":\"2018-02-11T22:34:39+00:00\",\"breadcrumb\":{\"@id\":\"https:\/\/otthon.kaposvar.hu\/hu\/barangolas-a-varostortenetben\/ket-vereseg-kozott-1918-1945\/#breadcrumb\"},\"inLanguage\":\"hu\",\"potentialAction\":[{\"@type\":\"ReadAction\",\"target\":[[\"https:\/\/otthon.kaposvar.hu\/hu\/barangolas-a-varostortenetben\/ket-vereseg-kozott-1918-1945\/\"]]}]},{\"@type\":\"BreadcrumbList\",\"@id\":\"https:\/\/otthon.kaposvar.hu\/hu\/barangolas-a-varostortenetben\/ket-vereseg-kozott-1918-1945\/#breadcrumb\",\"itemListElement\":[{\"@type\":\"ListItem\",\"position\":1,\"name\":\"Home\",\"item\":\"https:\/\/otthon.kaposvar.hu\/hu\/\"},{\"@type\":\"ListItem\",\"position\":2,\"name\":\"Barangol\u00e1s a v\u00e1rost\u00f6rt\u00e9netben\",\"item\":\"https:\/\/otthon.kaposvar.hu\/hu\/barangolas-a-varostortenetben\/\"},{\"@type\":\"ListItem\",\"position\":3,\"name\":\"K\u00e9t veres\u00e9g k\u00f6z\u00f6tt (1918\u20131945)\"}]},{\"@type\":\"WebSite\",\"@id\":\"https:\/\/otthon.kaposvar.hu\/hu\/#website\",\"url\":\"https:\/\/otthon.kaposvar.hu\/hu\/\",\"name\":\"Kaposv\u00e1r Megyei Jog\u00fa V\u00e1ros\",\"description\":\"\",\"publisher\":{\"@id\":\"https:\/\/otthon.kaposvar.hu\/hu\/#organization\"},\"potentialAction\":[{\"@type\":\"SearchAction\",\"target\":{\"@type\":\"EntryPoint\",\"urlTemplate\":\"https:\/\/otthon.kaposvar.hu\/hu\/?s={search_term_string}\"},\"query-input\":\"required name=search_term_string\"}],\"inLanguage\":\"hu\"},{\"@type\":\"Organization\",\"@id\":\"https:\/\/otthon.kaposvar.hu\/hu\/#organization\",\"name\":\"Kaposv\u00e1r Megyei Jog\u00fa V\u00e1ros\",\"url\":\"https:\/\/otthon.kaposvar.hu\/hu\/\",\"sameAs\":[\"https:\/\/www.instagram.com\/cityofkaposvar\/\",\"https:\/\/www.facebook.com\/cityofkaposvar\/\"],\"logo\":{\"@type\":\"ImageObject\",\"inLanguage\":\"hu\",\"@id\":\"https:\/\/otthon.kaposvar.hu\/hu\/#\/schema\/logo\/image\/\",\"url\":\"https:\/\/otthon.kaposvar.hu\/wp-content\/uploads\/2021\/10\/kaposvar_social.jpg\",\"contentUrl\":\"https:\/\/otthon.kaposvar.hu\/wp-content\/uploads\/2021\/10\/kaposvar_social.jpg\",\"width\":1200,\"height\":900,\"caption\":\"Kaposv\u00e1r Megyei Jog\u00fa V\u00e1ros\"},\"image\":{\"@id\":\"https:\/\/otthon.kaposvar.hu\/hu\/#\/schema\/logo\/image\/\"}}]}<\/script>\n<!-- \/ Yoast SEO plugin. -->","yoast_head_json":{"title":"K\u00e9t veres\u00e9g k\u00f6z\u00f6tt (1918\u20131945) - Kaposv\u00e1r Megyei Jog\u00fa V\u00e1ros","robots":{"index":"index","follow":"follow","max-snippet":"max-snippet:-1","max-image-preview":"max-image-preview:large","max-video-preview":"max-video-preview:-1"},"canonical":"https:\/\/otthon.kaposvar.hu\/hu\/barangolas-a-varostortenetben\/ket-vereseg-kozott-1918-1945\/","og_locale":"hu_HU","og_type":"article","og_title":"K\u00e9t veres\u00e9g k\u00f6z\u00f6tt (1918\u20131945) - Kaposv\u00e1r Megyei Jog\u00fa V\u00e1ros","og_description":"A vil\u00e1gh\u00e1bor\u00fas veres\u00e9g sokkj\u00e1t tet\u00e9zte, hogy az \u00e9vtized v\u00e9g\u00e9n kirobbant forradalom diktat\u00far\u00e1ba torkollott, azt\u00e1n k\u00f6vetkezett az orsz\u00e1got alapjaiban megrenget\u0151 trianoni dikt\u00e1tum. Ebb\u0151l a k\u00e1ty\u00fab\u00f3l Kaposv\u00e1ron dr. V\u00e9tek (1934-t\u0151l: Kaposv\u00e1ry) Gy\u00f6rgy polg\u00e1rmesters\u00e9ge alatt kellett megtal\u00e1lni a kiutat. Az \u0151 kez\u00e9be akkor ker\u00fclt a korm\u00e1nyr\u00fad, amikor egy \u00f6t\u00e9ves \u201einterregnum\u201d ut\u00e1n 1922-ben v\u00e9gre megszil\u00e1rdult a v\u00e1rosvezet\u00e9s. Felt\u0171n\u0151en modern [&hellip;]","og_url":"https:\/\/otthon.kaposvar.hu\/hu\/barangolas-a-varostortenetben\/ket-vereseg-kozott-1918-1945\/","og_site_name":"Kaposv\u00e1r Megyei Jog\u00fa V\u00e1ros","article_publisher":"https:\/\/www.facebook.com\/cityofkaposvar\/","article_modified_time":"2018-02-11T22:34:39+00:00","og_image":[{"width":6000,"height":4000,"url":"https:\/\/otthon.kaposvar.hu\/wp-content\/uploads\/2018\/02\/1918-1945-V\u00e1rosi-mozi_web.jpg","type":"image\/jpeg"}],"twitter_card":"summary_large_image","twitter_misc":{"Becs\u00fclt olvas\u00e1si id\u0151":"1 perc"},"schema":{"@context":"https:\/\/schema.org","@graph":[{"@type":"WebPage","@id":"https:\/\/otthon.kaposvar.hu\/hu\/barangolas-a-varostortenetben\/ket-vereseg-kozott-1918-1945\/","url":"https:\/\/otthon.kaposvar.hu\/hu\/barangolas-a-varostortenetben\/ket-vereseg-kozott-1918-1945\/","name":"K\u00e9t veres\u00e9g k\u00f6z\u00f6tt (1918\u20131945) - Kaposv\u00e1r Megyei Jog\u00fa V\u00e1ros","isPartOf":{"@id":"https:\/\/otthon.kaposvar.hu\/hu\/#website"},"datePublished":"2017-03-27T09:52:09+00:00","dateModified":"2018-02-11T22:34:39+00:00","breadcrumb":{"@id":"https:\/\/otthon.kaposvar.hu\/hu\/barangolas-a-varostortenetben\/ket-vereseg-kozott-1918-1945\/#breadcrumb"},"inLanguage":"hu","potentialAction":[{"@type":"ReadAction","target":[["https:\/\/otthon.kaposvar.hu\/hu\/barangolas-a-varostortenetben\/ket-vereseg-kozott-1918-1945\/"]]}]},{"@type":"BreadcrumbList","@id":"https:\/\/otthon.kaposvar.hu\/hu\/barangolas-a-varostortenetben\/ket-vereseg-kozott-1918-1945\/#breadcrumb","itemListElement":[{"@type":"ListItem","position":1,"name":"Home","item":"https:\/\/otthon.kaposvar.hu\/hu\/"},{"@type":"ListItem","position":2,"name":"Barangol\u00e1s a v\u00e1rost\u00f6rt\u00e9netben","item":"https:\/\/otthon.kaposvar.hu\/hu\/barangolas-a-varostortenetben\/"},{"@type":"ListItem","position":3,"name":"K\u00e9t veres\u00e9g k\u00f6z\u00f6tt (1918\u20131945)"}]},{"@type":"WebSite","@id":"https:\/\/otthon.kaposvar.hu\/hu\/#website","url":"https:\/\/otthon.kaposvar.hu\/hu\/","name":"Kaposv\u00e1r Megyei Jog\u00fa V\u00e1ros","description":"","publisher":{"@id":"https:\/\/otthon.kaposvar.hu\/hu\/#organization"},"potentialAction":[{"@type":"SearchAction","target":{"@type":"EntryPoint","urlTemplate":"https:\/\/otthon.kaposvar.hu\/hu\/?s={search_term_string}"},"query-input":"required name=search_term_string"}],"inLanguage":"hu"},{"@type":"Organization","@id":"https:\/\/otthon.kaposvar.hu\/hu\/#organization","name":"Kaposv\u00e1r Megyei Jog\u00fa V\u00e1ros","url":"https:\/\/otthon.kaposvar.hu\/hu\/","sameAs":["https:\/\/www.instagram.com\/cityofkaposvar\/","https:\/\/www.facebook.com\/cityofkaposvar\/"],"logo":{"@type":"ImageObject","inLanguage":"hu","@id":"https:\/\/otthon.kaposvar.hu\/hu\/#\/schema\/logo\/image\/","url":"https:\/\/otthon.kaposvar.hu\/wp-content\/uploads\/2021\/10\/kaposvar_social.jpg","contentUrl":"https:\/\/otthon.kaposvar.hu\/wp-content\/uploads\/2021\/10\/kaposvar_social.jpg","width":1200,"height":900,"caption":"Kaposv\u00e1r Megyei Jog\u00fa V\u00e1ros"},"image":{"@id":"https:\/\/otthon.kaposvar.hu\/hu\/#\/schema\/logo\/image\/"}}]}},"_links":{"self":[{"href":"https:\/\/otthon.kaposvar.hu\/hu\/wp-json\/wp\/v2\/pages\/1382"}],"collection":[{"href":"https:\/\/otthon.kaposvar.hu\/hu\/wp-json\/wp\/v2\/pages"}],"about":[{"href":"https:\/\/otthon.kaposvar.hu\/hu\/wp-json\/wp\/v2\/types\/page"}],"author":[{"embeddable":true,"href":"https:\/\/otthon.kaposvar.hu\/hu\/wp-json\/wp\/v2\/users\/13"}],"replies":[{"embeddable":true,"href":"https:\/\/otthon.kaposvar.hu\/hu\/wp-json\/wp\/v2\/comments?post=1382"}],"version-history":[{"count":0,"href":"https:\/\/otthon.kaposvar.hu\/hu\/wp-json\/wp\/v2\/pages\/1382\/revisions"}],"up":[{"embeddable":true,"href":"https:\/\/otthon.kaposvar.hu\/hu\/wp-json\/wp\/v2\/pages\/1179"}],"wp:featuredmedia":[{"embeddable":true,"href":"https:\/\/otthon.kaposvar.hu\/hu\/wp-json\/wp\/v2\/media\/2729"}],"wp:attachment":[{"href":"https:\/\/otthon.kaposvar.hu\/hu\/wp-json\/wp\/v2\/media?parent=1382"}],"curies":[{"name":"wp","href":"https:\/\/api.w.org\/{rel}","templated":true}]}}