{"id":1381,"date":"2017-03-27T10:51:08","date_gmt":"2017-03-27T09:51:08","guid":{"rendered":"http:\/\/lakossag.gyori.co.hu\/?page_id=1381"},"modified":"2018-02-11T23:35:07","modified_gmt":"2018-02-11T22:35:07","slug":"aranykor-es-vaskor-1895-1918","status":"publish","type":"page","link":"https:\/\/otthon.kaposvar.hu\/hu\/barangolas-a-varostortenetben\/aranykor-es-vaskor-1895-1918\/","title":{"rendered":"Aranykor \u00e9s vaskor (1895\u20131918)"},"content":{"rendered":"<p><\/p>\n<p class=\"kv-page-content-paragraph\">A korszak els\u0151 m\u00e1sf\u00e9l \u00e9vtized\u00e9ben <a href=\"\/varostortenet\/b-074\">N\u00e9meth Istv\u00e1n<\/a> neve f\u00e9mjelezte a <a href=\"\/varostortenet\/b-076\">Meggyes-telek<\/a> megszerz\u00e9s\u00e9vel \u00e9szak fel\u00e9 is terjeszked\u0151 v\u00e1ros alaposan <a href=\"\/varostortenet\/b-078\">felgyorsult fejl\u0151d\u00e9s\u00e9t<\/a>. A polg\u00e1rmester alakja az\u00f3ta is ott van a kaposv\u00e1riak legjobb eml\u00e9kezet\u00e9ben. D\u00f6nt\u0151en ekkor alakult ki Kaposv\u00e1r belv\u00e1ros\u00e1nak mai \u00e9p\u00edt\u00e9szeti arculata az \u00faj sz\u00e1llod\u00e1kkal (<a href=\"\/varostortenet\/b-128\">Erzs\u00e9bet<\/a>, Turul) \u00e9s iskol\u00e1kkal (p\u00e9ld\u00e1ul a <a href=\"\/varostortenet\/b-232\">M\u00c1V-intern\u00e1tussal<\/a> \u00e9s a <a href=\"\/varostortenet\/b-226\">f\u0151gimn\u00e1ziummal<\/a>), a p\u00e9nzint\u00e9zetek palot\u00e1ival (Anker-h\u00e1z), az \u00faj <a href=\"\/varostortenet\/b-189\">vas\u00fat\u00e1llom\u00e1ssal<\/a>, igazs\u00e1g\u00fcgyi palot\u00e1val, <a href=\"\/varostortenet\/b-218\">reform\u00e1tus templommal<\/a>, <a href=\"\/varostortenet\/b-111\">sz\u00ednh\u00e1zzal<\/a> \u2013 \u00e9s az \u00faj <a href=\"\/varostortenet\/b-139\">v\u00e1rosh\u00e1z\u00e1val<\/a>. Az utc\u00e1k aszfaltoz\u00e1sa, a v\u00edzm\u0171 \u00e9s a csatorn\u00e1z\u00e1s \u00e9rezhet\u0151en jav\u00edtotta az \u00e9letk\u00f6r\u00fclm\u00e9nyeket Kaposv\u00e1ron, ahov\u00e1 visszat\u00e9rt <a href=\"\/varostortenet\/b-156\">Rippl-R\u00f3nai J\u00f3zsef<\/a> fest\u0151m\u0171v\u00e9sz, amelyet k\u00e9tszer is megl\u00e1togatott <a href=\"\/varostortenet\/b-149\">Ady Endre<\/a> \u00e9s \u2013 \u00fajra \u2013 <a href=\"\/varostortenet\/b-127\">Blaha Lujza<\/a>, ahol <a href=\"\/varostortenet\/b-176\">napilapokat<\/a> alap\u00edtottak az \u00fajs\u00e1g\u00edr\u00f3k, egyes\u00fcletet a zenekedvel\u0151k, az <a href=\"\/varostortenet\/b-100\">irodalm\u00e1rok<\/a> \u00e9s a v\u00e1rossz\u00e9p\u00edt\u0151k, s ahol Kossuth Lajos szobr\u00e1t helyezt\u00e9k el a f\u0151t\u00e9ren. A N\u00e9meth Istv\u00e1nt k\u00f6vet\u0151 <a href=\"\/varostortenet\/b-152\">dr. Kov\u00e1cs-Sebest\u00e9ny Gyula<\/a> polg\u00e1rmesteri programj\u00e1t azonban m\u00e1r nem engedte kibontakozni az els\u0151 vil\u00e1gh\u00e1bor\u00fa. A nagy h\u00e1bor\u00fab\u00f3l, amely v\u00e9get vetett Kaposv\u00e1r dinamikus fejl\u0151d\u00e9s\u00e9nek, a 44-es katon\u00e1k is alaposan kivett\u00e9k a r\u00e9sz\u00fcket\u2026<\/p>\n<div class=\"kv-page-margin-1\">\u00a0<\/div>\n<p><\/p>","protected":false},"excerpt":{"rendered":"<p>A korszak els\u0151 m\u00e1sf\u00e9l \u00e9vtized\u00e9ben N\u00e9meth Istv\u00e1n neve f\u00e9mjelezte a Meggyes-telek megszerz\u00e9s\u00e9vel \u00e9szak fel\u00e9 is terjeszked\u0151 v\u00e1ros alaposan felgyorsult fejl\u0151d\u00e9s\u00e9t. A polg\u00e1rmester alakja az\u00f3ta is ott van a kaposv\u00e1riak legjobb eml\u00e9kezet\u00e9ben. D\u00f6nt\u0151en ekkor alakult ki Kaposv\u00e1r belv\u00e1ros\u00e1nak mai \u00e9p\u00edt\u00e9szeti arculata az \u00faj sz\u00e1llod\u00e1kkal (Erzs\u00e9bet, Turul) \u00e9s iskol\u00e1kkal (p\u00e9ld\u00e1ul a M\u00c1V-intern\u00e1tussal \u00e9s a f\u0151gimn\u00e1ziummal), a p\u00e9nzint\u00e9zetek [&hellip;]<\/p>\n","protected":false},"author":13,"featured_media":2733,"parent":1179,"menu_order":0,"comment_status":"closed","ping_status":"closed","template":"","meta":[],"acf":[],"yoast_head":"<!-- This site is optimized with the Yoast SEO plugin v19.8 - https:\/\/yoast.com\/wordpress\/plugins\/seo\/ -->\n<title>Aranykor \u00e9s vaskor (1895\u20131918) - Kaposv\u00e1r Megyei Jog\u00fa V\u00e1ros<\/title>\n<meta name=\"robots\" content=\"index, follow, max-snippet:-1, max-image-preview:large, max-video-preview:-1\" \/>\n<link rel=\"canonical\" href=\"https:\/\/otthon.kaposvar.hu\/hu\/barangolas-a-varostortenetben\/aranykor-es-vaskor-1895-1918\/\" \/>\n<meta property=\"og:locale\" content=\"hu_HU\" \/>\n<meta property=\"og:type\" content=\"article\" \/>\n<meta property=\"og:title\" content=\"Aranykor \u00e9s vaskor (1895\u20131918) - Kaposv\u00e1r Megyei Jog\u00fa V\u00e1ros\" \/>\n<meta property=\"og:description\" content=\"A korszak els\u0151 m\u00e1sf\u00e9l \u00e9vtized\u00e9ben N\u00e9meth Istv\u00e1n neve f\u00e9mjelezte a Meggyes-telek megszerz\u00e9s\u00e9vel \u00e9szak fel\u00e9 is terjeszked\u0151 v\u00e1ros alaposan felgyorsult fejl\u0151d\u00e9s\u00e9t. A polg\u00e1rmester alakja az\u00f3ta is ott van a kaposv\u00e1riak legjobb eml\u00e9kezet\u00e9ben. D\u00f6nt\u0151en ekkor alakult ki Kaposv\u00e1r belv\u00e1ros\u00e1nak mai \u00e9p\u00edt\u00e9szeti arculata az \u00faj sz\u00e1llod\u00e1kkal (Erzs\u00e9bet, Turul) \u00e9s iskol\u00e1kkal (p\u00e9ld\u00e1ul a M\u00c1V-intern\u00e1tussal \u00e9s a f\u0151gimn\u00e1ziummal), a p\u00e9nzint\u00e9zetek [&hellip;]\" \/>\n<meta property=\"og:url\" content=\"https:\/\/otthon.kaposvar.hu\/hu\/barangolas-a-varostortenetben\/aranykor-es-vaskor-1895-1918\/\" \/>\n<meta property=\"og:site_name\" content=\"Kaposv\u00e1r Megyei Jog\u00fa V\u00e1ros\" \/>\n<meta property=\"article:publisher\" content=\"https:\/\/www.facebook.com\/cityofkaposvar\/\" \/>\n<meta property=\"article:modified_time\" content=\"2018-02-11T22:35:07+00:00\" \/>\n<meta property=\"og:image\" content=\"https:\/\/otthon.kaposvar.hu\/wp-content\/uploads\/2018\/02\/1895-1918-A-cukorgy\u00e1r_web.jpg\" \/>\n\t<meta property=\"og:image:width\" content=\"787\" \/>\n\t<meta property=\"og:image:height\" content=\"476\" \/>\n\t<meta property=\"og:image:type\" content=\"image\/jpeg\" \/>\n<meta name=\"twitter:card\" content=\"summary_large_image\" \/>\n<meta name=\"twitter:label1\" content=\"Becs\u00fclt olvas\u00e1si id\u0151\" \/>\n\t<meta name=\"twitter:data1\" content=\"1 perc\" \/>\n<script type=\"application\/ld+json\" class=\"yoast-schema-graph\">{\"@context\":\"https:\/\/schema.org\",\"@graph\":[{\"@type\":\"WebPage\",\"@id\":\"https:\/\/otthon.kaposvar.hu\/hu\/barangolas-a-varostortenetben\/aranykor-es-vaskor-1895-1918\/\",\"url\":\"https:\/\/otthon.kaposvar.hu\/hu\/barangolas-a-varostortenetben\/aranykor-es-vaskor-1895-1918\/\",\"name\":\"Aranykor \u00e9s vaskor (1895\u20131918) - Kaposv\u00e1r Megyei Jog\u00fa V\u00e1ros\",\"isPartOf\":{\"@id\":\"https:\/\/otthon.kaposvar.hu\/hu\/#website\"},\"datePublished\":\"2017-03-27T09:51:08+00:00\",\"dateModified\":\"2018-02-11T22:35:07+00:00\",\"breadcrumb\":{\"@id\":\"https:\/\/otthon.kaposvar.hu\/hu\/barangolas-a-varostortenetben\/aranykor-es-vaskor-1895-1918\/#breadcrumb\"},\"inLanguage\":\"hu\",\"potentialAction\":[{\"@type\":\"ReadAction\",\"target\":[[\"https:\/\/otthon.kaposvar.hu\/hu\/barangolas-a-varostortenetben\/aranykor-es-vaskor-1895-1918\/\"]]}]},{\"@type\":\"BreadcrumbList\",\"@id\":\"https:\/\/otthon.kaposvar.hu\/hu\/barangolas-a-varostortenetben\/aranykor-es-vaskor-1895-1918\/#breadcrumb\",\"itemListElement\":[{\"@type\":\"ListItem\",\"position\":1,\"name\":\"Home\",\"item\":\"https:\/\/otthon.kaposvar.hu\/hu\/\"},{\"@type\":\"ListItem\",\"position\":2,\"name\":\"Barangol\u00e1s a v\u00e1rost\u00f6rt\u00e9netben\",\"item\":\"https:\/\/otthon.kaposvar.hu\/hu\/barangolas-a-varostortenetben\/\"},{\"@type\":\"ListItem\",\"position\":3,\"name\":\"Aranykor \u00e9s vaskor (1895\u20131918)\"}]},{\"@type\":\"WebSite\",\"@id\":\"https:\/\/otthon.kaposvar.hu\/hu\/#website\",\"url\":\"https:\/\/otthon.kaposvar.hu\/hu\/\",\"name\":\"Kaposv\u00e1r Megyei Jog\u00fa V\u00e1ros\",\"description\":\"\",\"publisher\":{\"@id\":\"https:\/\/otthon.kaposvar.hu\/hu\/#organization\"},\"potentialAction\":[{\"@type\":\"SearchAction\",\"target\":{\"@type\":\"EntryPoint\",\"urlTemplate\":\"https:\/\/otthon.kaposvar.hu\/hu\/?s={search_term_string}\"},\"query-input\":\"required name=search_term_string\"}],\"inLanguage\":\"hu\"},{\"@type\":\"Organization\",\"@id\":\"https:\/\/otthon.kaposvar.hu\/hu\/#organization\",\"name\":\"Kaposv\u00e1r Megyei Jog\u00fa V\u00e1ros\",\"url\":\"https:\/\/otthon.kaposvar.hu\/hu\/\",\"sameAs\":[\"https:\/\/www.instagram.com\/cityofkaposvar\/\",\"https:\/\/www.facebook.com\/cityofkaposvar\/\"],\"logo\":{\"@type\":\"ImageObject\",\"inLanguage\":\"hu\",\"@id\":\"https:\/\/otthon.kaposvar.hu\/hu\/#\/schema\/logo\/image\/\",\"url\":\"https:\/\/otthon.kaposvar.hu\/wp-content\/uploads\/2021\/10\/kaposvar_social.jpg\",\"contentUrl\":\"https:\/\/otthon.kaposvar.hu\/wp-content\/uploads\/2021\/10\/kaposvar_social.jpg\",\"width\":1200,\"height\":900,\"caption\":\"Kaposv\u00e1r Megyei Jog\u00fa V\u00e1ros\"},\"image\":{\"@id\":\"https:\/\/otthon.kaposvar.hu\/hu\/#\/schema\/logo\/image\/\"}}]}<\/script>\n<!-- \/ Yoast SEO plugin. -->","yoast_head_json":{"title":"Aranykor \u00e9s vaskor (1895\u20131918) - Kaposv\u00e1r Megyei Jog\u00fa V\u00e1ros","robots":{"index":"index","follow":"follow","max-snippet":"max-snippet:-1","max-image-preview":"max-image-preview:large","max-video-preview":"max-video-preview:-1"},"canonical":"https:\/\/otthon.kaposvar.hu\/hu\/barangolas-a-varostortenetben\/aranykor-es-vaskor-1895-1918\/","og_locale":"hu_HU","og_type":"article","og_title":"Aranykor \u00e9s vaskor (1895\u20131918) - Kaposv\u00e1r Megyei Jog\u00fa V\u00e1ros","og_description":"A korszak els\u0151 m\u00e1sf\u00e9l \u00e9vtized\u00e9ben N\u00e9meth Istv\u00e1n neve f\u00e9mjelezte a Meggyes-telek megszerz\u00e9s\u00e9vel \u00e9szak fel\u00e9 is terjeszked\u0151 v\u00e1ros alaposan felgyorsult fejl\u0151d\u00e9s\u00e9t. A polg\u00e1rmester alakja az\u00f3ta is ott van a kaposv\u00e1riak legjobb eml\u00e9kezet\u00e9ben. D\u00f6nt\u0151en ekkor alakult ki Kaposv\u00e1r belv\u00e1ros\u00e1nak mai \u00e9p\u00edt\u00e9szeti arculata az \u00faj sz\u00e1llod\u00e1kkal (Erzs\u00e9bet, Turul) \u00e9s iskol\u00e1kkal (p\u00e9ld\u00e1ul a M\u00c1V-intern\u00e1tussal \u00e9s a f\u0151gimn\u00e1ziummal), a p\u00e9nzint\u00e9zetek [&hellip;]","og_url":"https:\/\/otthon.kaposvar.hu\/hu\/barangolas-a-varostortenetben\/aranykor-es-vaskor-1895-1918\/","og_site_name":"Kaposv\u00e1r Megyei Jog\u00fa V\u00e1ros","article_publisher":"https:\/\/www.facebook.com\/cityofkaposvar\/","article_modified_time":"2018-02-11T22:35:07+00:00","og_image":[{"width":787,"height":476,"url":"https:\/\/otthon.kaposvar.hu\/wp-content\/uploads\/2018\/02\/1895-1918-A-cukorgy\u00e1r_web.jpg","type":"image\/jpeg"}],"twitter_card":"summary_large_image","twitter_misc":{"Becs\u00fclt olvas\u00e1si id\u0151":"1 perc"},"schema":{"@context":"https:\/\/schema.org","@graph":[{"@type":"WebPage","@id":"https:\/\/otthon.kaposvar.hu\/hu\/barangolas-a-varostortenetben\/aranykor-es-vaskor-1895-1918\/","url":"https:\/\/otthon.kaposvar.hu\/hu\/barangolas-a-varostortenetben\/aranykor-es-vaskor-1895-1918\/","name":"Aranykor \u00e9s vaskor (1895\u20131918) - Kaposv\u00e1r Megyei Jog\u00fa V\u00e1ros","isPartOf":{"@id":"https:\/\/otthon.kaposvar.hu\/hu\/#website"},"datePublished":"2017-03-27T09:51:08+00:00","dateModified":"2018-02-11T22:35:07+00:00","breadcrumb":{"@id":"https:\/\/otthon.kaposvar.hu\/hu\/barangolas-a-varostortenetben\/aranykor-es-vaskor-1895-1918\/#breadcrumb"},"inLanguage":"hu","potentialAction":[{"@type":"ReadAction","target":[["https:\/\/otthon.kaposvar.hu\/hu\/barangolas-a-varostortenetben\/aranykor-es-vaskor-1895-1918\/"]]}]},{"@type":"BreadcrumbList","@id":"https:\/\/otthon.kaposvar.hu\/hu\/barangolas-a-varostortenetben\/aranykor-es-vaskor-1895-1918\/#breadcrumb","itemListElement":[{"@type":"ListItem","position":1,"name":"Home","item":"https:\/\/otthon.kaposvar.hu\/hu\/"},{"@type":"ListItem","position":2,"name":"Barangol\u00e1s a v\u00e1rost\u00f6rt\u00e9netben","item":"https:\/\/otthon.kaposvar.hu\/hu\/barangolas-a-varostortenetben\/"},{"@type":"ListItem","position":3,"name":"Aranykor \u00e9s vaskor (1895\u20131918)"}]},{"@type":"WebSite","@id":"https:\/\/otthon.kaposvar.hu\/hu\/#website","url":"https:\/\/otthon.kaposvar.hu\/hu\/","name":"Kaposv\u00e1r Megyei Jog\u00fa V\u00e1ros","description":"","publisher":{"@id":"https:\/\/otthon.kaposvar.hu\/hu\/#organization"},"potentialAction":[{"@type":"SearchAction","target":{"@type":"EntryPoint","urlTemplate":"https:\/\/otthon.kaposvar.hu\/hu\/?s={search_term_string}"},"query-input":"required name=search_term_string"}],"inLanguage":"hu"},{"@type":"Organization","@id":"https:\/\/otthon.kaposvar.hu\/hu\/#organization","name":"Kaposv\u00e1r Megyei Jog\u00fa V\u00e1ros","url":"https:\/\/otthon.kaposvar.hu\/hu\/","sameAs":["https:\/\/www.instagram.com\/cityofkaposvar\/","https:\/\/www.facebook.com\/cityofkaposvar\/"],"logo":{"@type":"ImageObject","inLanguage":"hu","@id":"https:\/\/otthon.kaposvar.hu\/hu\/#\/schema\/logo\/image\/","url":"https:\/\/otthon.kaposvar.hu\/wp-content\/uploads\/2021\/10\/kaposvar_social.jpg","contentUrl":"https:\/\/otthon.kaposvar.hu\/wp-content\/uploads\/2021\/10\/kaposvar_social.jpg","width":1200,"height":900,"caption":"Kaposv\u00e1r Megyei Jog\u00fa V\u00e1ros"},"image":{"@id":"https:\/\/otthon.kaposvar.hu\/hu\/#\/schema\/logo\/image\/"}}]}},"_links":{"self":[{"href":"https:\/\/otthon.kaposvar.hu\/hu\/wp-json\/wp\/v2\/pages\/1381"}],"collection":[{"href":"https:\/\/otthon.kaposvar.hu\/hu\/wp-json\/wp\/v2\/pages"}],"about":[{"href":"https:\/\/otthon.kaposvar.hu\/hu\/wp-json\/wp\/v2\/types\/page"}],"author":[{"embeddable":true,"href":"https:\/\/otthon.kaposvar.hu\/hu\/wp-json\/wp\/v2\/users\/13"}],"replies":[{"embeddable":true,"href":"https:\/\/otthon.kaposvar.hu\/hu\/wp-json\/wp\/v2\/comments?post=1381"}],"version-history":[{"count":0,"href":"https:\/\/otthon.kaposvar.hu\/hu\/wp-json\/wp\/v2\/pages\/1381\/revisions"}],"up":[{"embeddable":true,"href":"https:\/\/otthon.kaposvar.hu\/hu\/wp-json\/wp\/v2\/pages\/1179"}],"wp:featuredmedia":[{"embeddable":true,"href":"https:\/\/otthon.kaposvar.hu\/hu\/wp-json\/wp\/v2\/media\/2733"}],"wp:attachment":[{"href":"https:\/\/otthon.kaposvar.hu\/hu\/wp-json\/wp\/v2\/media?parent=1381"}],"curies":[{"name":"wp","href":"https:\/\/api.w.org\/{rel}","templated":true}]}}