{"id":1379,"date":"2017-03-27T10:48:35","date_gmt":"2017-03-27T09:48:35","guid":{"rendered":"http:\/\/lakossag.gyori.co.hu\/?page_id=1379"},"modified":"2018-02-11T23:30:00","modified_gmt":"2018-02-11T22:30:00","slug":"a-rendezett-tanacstol-a-rendezett-tanacsig-1848-1873","status":"publish","type":"page","link":"https:\/\/otthon.kaposvar.hu\/hu\/barangolas-a-varostortenetben\/a-rendezett-tanacstol-a-rendezett-tanacsig-1848-1873\/","title":{"rendered":"A rendezett tan\u00e1cst\u00f3l a rendezett tan\u00e1csig (1848\u20131873)"},"content":{"rendered":"<p><\/p>\n<p class=\"kv-page-content-paragraph\">A <a href=\"\/varostortenet\/b-046\">forradalom \u00e9s szabads\u00e1gharc<\/a> idej\u00e9n t\u00f6bbsz\u00f6r \u00e9lt \u00e1t katonai megsz\u00e1ll\u00e1st \u00e9s politikai rendszerv\u00e1ltoz\u00e1st Kaposv\u00e1r, amely h\u00e1rom h\u00f3napon \u00e1t a <a href=\"\/varostortenet\/b-045\">cs\u00e1sz\u00e1ri uralmat<\/a> felsz\u00e1mol\u00f3 <a href=\"\/varostortenet\/b-047\">Noszlopy G\u00e1sp\u00e1r<\/a> korm\u00e1nybiztos sz\u00e9khelye volt. A telep\u00fcl\u00e9st <a href=\"\/varostortenet\/b-048\">a szabads\u00e1gharc veres\u00e9ge<\/a> ut\u00e1n sem lehetett let\u00e9r\u00edteni a polg\u00e1ri fejl\u0151d\u00e9s \u00fatj\u00e1r\u00f3l, m\u00e1r csak az\u00e9rt sem, mert az 1848-as jobb\u00e1gyfelszabad\u00edt\u00e1s a mez\u0151gazdas\u00e1gon t\u00fal a t\u00e1rsadalmi \u00e9s a politikai \u00e9letben, s\u0151t a megyesz\u00e9khely \u00e9s az uradalom viszony\u00e1ban is \u00faj helyzetet teremtett. A <a href=\"\/varostortenet\/b-050\">cs\u00e1sz\u00e1rl\u00e1togat\u00e1s<\/a> is l\u00e1tv\u00e1nyoss\u00e1 tette, hogy berendezkedett az abszolutizmus, amely egyszerre volt a politikai elnyom\u00e1ssal szembeni <a href=\"\/varostortenet\/b-049\">ellen\u00e1ll\u00e1s<\/a> \u00e9s a gazdas\u00e1gi er\u0151s\u00f6d\u00e9s id\u0151szaka. El\u0151t\u00e9rbe ker\u00fclt egy \u00faj gener\u00e1ci\u00f3 (soraiban a politikus <a href=\"\/varostortenet\/b-052\">Somssich P\u00e1llal<\/a> \u00e9s az \u00fajs\u00e1g\u00edr\u00f3 <a href=\"\/varostortenet\/b-056\">Roboz Istv\u00e1nnal<\/a>), s Kaposv\u00e1r \u2013 <a href=\"\/varostortenet\/b-180\">Donner J\u00e1nos<\/a> r\u00e9v\u00e9n \u2013 a Kaposon t\u00fal is terjeszkedni kezdett. A megyesz\u00e9khely \u00e9lni tudott a kiegyez\u00e9s ut\u00e1n megny\u00edlt lehet\u0151s\u00e9gekkel: a <a href=\"\/varostortenet\/b-061\">Kossuth Lajost<\/a> k\u00e9pvisel\u0151j\u00e9v\u00e9 v\u00e1laszt\u00f3, <a href=\"\/varostortenet\/b-175\">gimn\u00e1zium\u00e1t<\/a> meger\u0151s\u00edt\u0151, <a href=\"\/varostortenet\/b-125\">\u00f3vod\u00e1val<\/a> is gazdagod\u00f3, <a href=\"\/varostortenet\/b-058\">Prielle Korn\u00e9li\u00e1t<\/a> vend\u00e9g\u00fcl l\u00e1t\u00f3, a <a href=\"\/varostortenet\/b-053\">44-es gyalogezred<\/a> katon\u00e1it egyre ink\u00e1bb a saj\u00e1t fiainak tekint\u0151, <a href=\"\/varostortenet\/b-183\">vas\u00fatvonalat<\/a> kap\u00f3 \u00e9s <a href=\"\/varostortenet\/b-136\">v\u00e1rosh\u00e1z\u00e1t<\/a> \u00e9p\u00edt\u0151 Kaposv\u00e1rt 1873-ban <a href=\"\/varostortenet\/b-064\">v\u00e9glegesen v\u00e1ross\u00e1 nyilv\u00e1n\u00edtott\u00e1k<\/a>.<\/p>\n<div class=\"kv-page-margin-1\">\u00a0<\/div>\n<p><\/p>","protected":false},"excerpt":{"rendered":"<p>A forradalom \u00e9s szabads\u00e1gharc idej\u00e9n t\u00f6bbsz\u00f6r \u00e9lt \u00e1t katonai megsz\u00e1ll\u00e1st \u00e9s politikai rendszerv\u00e1ltoz\u00e1st Kaposv\u00e1r, amely h\u00e1rom h\u00f3napon \u00e1t a cs\u00e1sz\u00e1ri uralmat felsz\u00e1mol\u00f3 Noszlopy G\u00e1sp\u00e1r korm\u00e1nybiztos sz\u00e9khelye volt. A telep\u00fcl\u00e9st a szabads\u00e1gharc veres\u00e9ge ut\u00e1n sem lehetett let\u00e9r\u00edteni a polg\u00e1ri fejl\u0151d\u00e9s \u00fatj\u00e1r\u00f3l, m\u00e1r csak az\u00e9rt sem, mert az 1848-as jobb\u00e1gyfelszabad\u00edt\u00e1s a mez\u0151gazdas\u00e1gon t\u00fal a t\u00e1rsadalmi \u00e9s a [&hellip;]<\/p>\n","protected":false},"author":13,"featured_media":2727,"parent":1179,"menu_order":0,"comment_status":"closed","ping_status":"closed","template":"","meta":[],"acf":[],"yoast_head":"<!-- This site is optimized with the Yoast SEO plugin v19.8 - https:\/\/yoast.com\/wordpress\/plugins\/seo\/ -->\n<title>A rendezett tan\u00e1cst\u00f3l a rendezett tan\u00e1csig (1848\u20131873) - Kaposv\u00e1r Megyei Jog\u00fa V\u00e1ros<\/title>\n<meta name=\"robots\" content=\"index, follow, max-snippet:-1, max-image-preview:large, max-video-preview:-1\" \/>\n<link rel=\"canonical\" href=\"https:\/\/otthon.kaposvar.hu\/hu\/barangolas-a-varostortenetben\/a-rendezett-tanacstol-a-rendezett-tanacsig-1848-1873\/\" \/>\n<meta property=\"og:locale\" content=\"hu_HU\" \/>\n<meta property=\"og:type\" content=\"article\" \/>\n<meta property=\"og:title\" content=\"A rendezett tan\u00e1cst\u00f3l a rendezett tan\u00e1csig (1848\u20131873) - Kaposv\u00e1r Megyei Jog\u00fa V\u00e1ros\" \/>\n<meta property=\"og:description\" content=\"A forradalom \u00e9s szabads\u00e1gharc idej\u00e9n t\u00f6bbsz\u00f6r \u00e9lt \u00e1t katonai megsz\u00e1ll\u00e1st \u00e9s politikai rendszerv\u00e1ltoz\u00e1st Kaposv\u00e1r, amely h\u00e1rom h\u00f3napon \u00e1t a cs\u00e1sz\u00e1ri uralmat felsz\u00e1mol\u00f3 Noszlopy G\u00e1sp\u00e1r korm\u00e1nybiztos sz\u00e9khelye volt. A telep\u00fcl\u00e9st a szabads\u00e1gharc veres\u00e9ge ut\u00e1n sem lehetett let\u00e9r\u00edteni a polg\u00e1ri fejl\u0151d\u00e9s \u00fatj\u00e1r\u00f3l, m\u00e1r csak az\u00e9rt sem, mert az 1848-as jobb\u00e1gyfelszabad\u00edt\u00e1s a mez\u0151gazdas\u00e1gon t\u00fal a t\u00e1rsadalmi \u00e9s a [&hellip;]\" \/>\n<meta property=\"og:url\" content=\"https:\/\/otthon.kaposvar.hu\/hu\/barangolas-a-varostortenetben\/a-rendezett-tanacstol-a-rendezett-tanacsig-1848-1873\/\" \/>\n<meta property=\"og:site_name\" content=\"Kaposv\u00e1r Megyei Jog\u00fa V\u00e1ros\" \/>\n<meta property=\"article:publisher\" content=\"https:\/\/www.facebook.com\/cityofkaposvar\/\" \/>\n<meta property=\"article:modified_time\" content=\"2018-02-11T22:30:00+00:00\" \/>\n<meta property=\"og:image\" content=\"https:\/\/otthon.kaposvar.hu\/wp-content\/uploads\/2018\/02\/1848-1873-Kaposv\u00e1r-l\u00e1tk\u00e9pe-1860_web.jpg\" \/>\n\t<meta property=\"og:image:width\" content=\"1133\" \/>\n\t<meta property=\"og:image:height\" content=\"801\" \/>\n\t<meta property=\"og:image:type\" content=\"image\/jpeg\" \/>\n<meta name=\"twitter:card\" content=\"summary_large_image\" \/>\n<meta name=\"twitter:label1\" content=\"Becs\u00fclt olvas\u00e1si id\u0151\" \/>\n\t<meta name=\"twitter:data1\" content=\"1 perc\" \/>\n<script type=\"application\/ld+json\" class=\"yoast-schema-graph\">{\"@context\":\"https:\/\/schema.org\",\"@graph\":[{\"@type\":\"WebPage\",\"@id\":\"https:\/\/otthon.kaposvar.hu\/hu\/barangolas-a-varostortenetben\/a-rendezett-tanacstol-a-rendezett-tanacsig-1848-1873\/\",\"url\":\"https:\/\/otthon.kaposvar.hu\/hu\/barangolas-a-varostortenetben\/a-rendezett-tanacstol-a-rendezett-tanacsig-1848-1873\/\",\"name\":\"A rendezett tan\u00e1cst\u00f3l a rendezett tan\u00e1csig (1848\u20131873) - Kaposv\u00e1r Megyei Jog\u00fa V\u00e1ros\",\"isPartOf\":{\"@id\":\"https:\/\/otthon.kaposvar.hu\/hu\/#website\"},\"datePublished\":\"2017-03-27T09:48:35+00:00\",\"dateModified\":\"2018-02-11T22:30:00+00:00\",\"breadcrumb\":{\"@id\":\"https:\/\/otthon.kaposvar.hu\/hu\/barangolas-a-varostortenetben\/a-rendezett-tanacstol-a-rendezett-tanacsig-1848-1873\/#breadcrumb\"},\"inLanguage\":\"hu\",\"potentialAction\":[{\"@type\":\"ReadAction\",\"target\":[[\"https:\/\/otthon.kaposvar.hu\/hu\/barangolas-a-varostortenetben\/a-rendezett-tanacstol-a-rendezett-tanacsig-1848-1873\/\"]]}]},{\"@type\":\"BreadcrumbList\",\"@id\":\"https:\/\/otthon.kaposvar.hu\/hu\/barangolas-a-varostortenetben\/a-rendezett-tanacstol-a-rendezett-tanacsig-1848-1873\/#breadcrumb\",\"itemListElement\":[{\"@type\":\"ListItem\",\"position\":1,\"name\":\"Home\",\"item\":\"https:\/\/otthon.kaposvar.hu\/hu\/\"},{\"@type\":\"ListItem\",\"position\":2,\"name\":\"Barangol\u00e1s a v\u00e1rost\u00f6rt\u00e9netben\",\"item\":\"https:\/\/otthon.kaposvar.hu\/hu\/barangolas-a-varostortenetben\/\"},{\"@type\":\"ListItem\",\"position\":3,\"name\":\"A rendezett tan\u00e1cst\u00f3l a rendezett tan\u00e1csig (1848\u20131873)\"}]},{\"@type\":\"WebSite\",\"@id\":\"https:\/\/otthon.kaposvar.hu\/hu\/#website\",\"url\":\"https:\/\/otthon.kaposvar.hu\/hu\/\",\"name\":\"Kaposv\u00e1r Megyei Jog\u00fa V\u00e1ros\",\"description\":\"\",\"publisher\":{\"@id\":\"https:\/\/otthon.kaposvar.hu\/hu\/#organization\"},\"potentialAction\":[{\"@type\":\"SearchAction\",\"target\":{\"@type\":\"EntryPoint\",\"urlTemplate\":\"https:\/\/otthon.kaposvar.hu\/hu\/?s={search_term_string}\"},\"query-input\":\"required name=search_term_string\"}],\"inLanguage\":\"hu\"},{\"@type\":\"Organization\",\"@id\":\"https:\/\/otthon.kaposvar.hu\/hu\/#organization\",\"name\":\"Kaposv\u00e1r Megyei Jog\u00fa V\u00e1ros\",\"url\":\"https:\/\/otthon.kaposvar.hu\/hu\/\",\"sameAs\":[\"https:\/\/www.instagram.com\/cityofkaposvar\/\",\"https:\/\/www.facebook.com\/cityofkaposvar\/\"],\"logo\":{\"@type\":\"ImageObject\",\"inLanguage\":\"hu\",\"@id\":\"https:\/\/otthon.kaposvar.hu\/hu\/#\/schema\/logo\/image\/\",\"url\":\"https:\/\/otthon.kaposvar.hu\/wp-content\/uploads\/2021\/10\/kaposvar_social.jpg\",\"contentUrl\":\"https:\/\/otthon.kaposvar.hu\/wp-content\/uploads\/2021\/10\/kaposvar_social.jpg\",\"width\":1200,\"height\":900,\"caption\":\"Kaposv\u00e1r Megyei Jog\u00fa V\u00e1ros\"},\"image\":{\"@id\":\"https:\/\/otthon.kaposvar.hu\/hu\/#\/schema\/logo\/image\/\"}}]}<\/script>\n<!-- \/ Yoast SEO plugin. -->","yoast_head_json":{"title":"A rendezett tan\u00e1cst\u00f3l a rendezett tan\u00e1csig (1848\u20131873) - Kaposv\u00e1r Megyei Jog\u00fa V\u00e1ros","robots":{"index":"index","follow":"follow","max-snippet":"max-snippet:-1","max-image-preview":"max-image-preview:large","max-video-preview":"max-video-preview:-1"},"canonical":"https:\/\/otthon.kaposvar.hu\/hu\/barangolas-a-varostortenetben\/a-rendezett-tanacstol-a-rendezett-tanacsig-1848-1873\/","og_locale":"hu_HU","og_type":"article","og_title":"A rendezett tan\u00e1cst\u00f3l a rendezett tan\u00e1csig (1848\u20131873) - Kaposv\u00e1r Megyei Jog\u00fa V\u00e1ros","og_description":"A forradalom \u00e9s szabads\u00e1gharc idej\u00e9n t\u00f6bbsz\u00f6r \u00e9lt \u00e1t katonai megsz\u00e1ll\u00e1st \u00e9s politikai rendszerv\u00e1ltoz\u00e1st Kaposv\u00e1r, amely h\u00e1rom h\u00f3napon \u00e1t a cs\u00e1sz\u00e1ri uralmat felsz\u00e1mol\u00f3 Noszlopy G\u00e1sp\u00e1r korm\u00e1nybiztos sz\u00e9khelye volt. A telep\u00fcl\u00e9st a szabads\u00e1gharc veres\u00e9ge ut\u00e1n sem lehetett let\u00e9r\u00edteni a polg\u00e1ri fejl\u0151d\u00e9s \u00fatj\u00e1r\u00f3l, m\u00e1r csak az\u00e9rt sem, mert az 1848-as jobb\u00e1gyfelszabad\u00edt\u00e1s a mez\u0151gazdas\u00e1gon t\u00fal a t\u00e1rsadalmi \u00e9s a [&hellip;]","og_url":"https:\/\/otthon.kaposvar.hu\/hu\/barangolas-a-varostortenetben\/a-rendezett-tanacstol-a-rendezett-tanacsig-1848-1873\/","og_site_name":"Kaposv\u00e1r Megyei Jog\u00fa V\u00e1ros","article_publisher":"https:\/\/www.facebook.com\/cityofkaposvar\/","article_modified_time":"2018-02-11T22:30:00+00:00","og_image":[{"width":1133,"height":801,"url":"https:\/\/otthon.kaposvar.hu\/wp-content\/uploads\/2018\/02\/1848-1873-Kaposv\u00e1r-l\u00e1tk\u00e9pe-1860_web.jpg","type":"image\/jpeg"}],"twitter_card":"summary_large_image","twitter_misc":{"Becs\u00fclt olvas\u00e1si id\u0151":"1 perc"},"schema":{"@context":"https:\/\/schema.org","@graph":[{"@type":"WebPage","@id":"https:\/\/otthon.kaposvar.hu\/hu\/barangolas-a-varostortenetben\/a-rendezett-tanacstol-a-rendezett-tanacsig-1848-1873\/","url":"https:\/\/otthon.kaposvar.hu\/hu\/barangolas-a-varostortenetben\/a-rendezett-tanacstol-a-rendezett-tanacsig-1848-1873\/","name":"A rendezett tan\u00e1cst\u00f3l a rendezett tan\u00e1csig (1848\u20131873) - Kaposv\u00e1r Megyei Jog\u00fa V\u00e1ros","isPartOf":{"@id":"https:\/\/otthon.kaposvar.hu\/hu\/#website"},"datePublished":"2017-03-27T09:48:35+00:00","dateModified":"2018-02-11T22:30:00+00:00","breadcrumb":{"@id":"https:\/\/otthon.kaposvar.hu\/hu\/barangolas-a-varostortenetben\/a-rendezett-tanacstol-a-rendezett-tanacsig-1848-1873\/#breadcrumb"},"inLanguage":"hu","potentialAction":[{"@type":"ReadAction","target":[["https:\/\/otthon.kaposvar.hu\/hu\/barangolas-a-varostortenetben\/a-rendezett-tanacstol-a-rendezett-tanacsig-1848-1873\/"]]}]},{"@type":"BreadcrumbList","@id":"https:\/\/otthon.kaposvar.hu\/hu\/barangolas-a-varostortenetben\/a-rendezett-tanacstol-a-rendezett-tanacsig-1848-1873\/#breadcrumb","itemListElement":[{"@type":"ListItem","position":1,"name":"Home","item":"https:\/\/otthon.kaposvar.hu\/hu\/"},{"@type":"ListItem","position":2,"name":"Barangol\u00e1s a v\u00e1rost\u00f6rt\u00e9netben","item":"https:\/\/otthon.kaposvar.hu\/hu\/barangolas-a-varostortenetben\/"},{"@type":"ListItem","position":3,"name":"A rendezett tan\u00e1cst\u00f3l a rendezett tan\u00e1csig (1848\u20131873)"}]},{"@type":"WebSite","@id":"https:\/\/otthon.kaposvar.hu\/hu\/#website","url":"https:\/\/otthon.kaposvar.hu\/hu\/","name":"Kaposv\u00e1r Megyei Jog\u00fa V\u00e1ros","description":"","publisher":{"@id":"https:\/\/otthon.kaposvar.hu\/hu\/#organization"},"potentialAction":[{"@type":"SearchAction","target":{"@type":"EntryPoint","urlTemplate":"https:\/\/otthon.kaposvar.hu\/hu\/?s={search_term_string}"},"query-input":"required name=search_term_string"}],"inLanguage":"hu"},{"@type":"Organization","@id":"https:\/\/otthon.kaposvar.hu\/hu\/#organization","name":"Kaposv\u00e1r Megyei Jog\u00fa V\u00e1ros","url":"https:\/\/otthon.kaposvar.hu\/hu\/","sameAs":["https:\/\/www.instagram.com\/cityofkaposvar\/","https:\/\/www.facebook.com\/cityofkaposvar\/"],"logo":{"@type":"ImageObject","inLanguage":"hu","@id":"https:\/\/otthon.kaposvar.hu\/hu\/#\/schema\/logo\/image\/","url":"https:\/\/otthon.kaposvar.hu\/wp-content\/uploads\/2021\/10\/kaposvar_social.jpg","contentUrl":"https:\/\/otthon.kaposvar.hu\/wp-content\/uploads\/2021\/10\/kaposvar_social.jpg","width":1200,"height":900,"caption":"Kaposv\u00e1r Megyei Jog\u00fa V\u00e1ros"},"image":{"@id":"https:\/\/otthon.kaposvar.hu\/hu\/#\/schema\/logo\/image\/"}}]}},"_links":{"self":[{"href":"https:\/\/otthon.kaposvar.hu\/hu\/wp-json\/wp\/v2\/pages\/1379"}],"collection":[{"href":"https:\/\/otthon.kaposvar.hu\/hu\/wp-json\/wp\/v2\/pages"}],"about":[{"href":"https:\/\/otthon.kaposvar.hu\/hu\/wp-json\/wp\/v2\/types\/page"}],"author":[{"embeddable":true,"href":"https:\/\/otthon.kaposvar.hu\/hu\/wp-json\/wp\/v2\/users\/13"}],"replies":[{"embeddable":true,"href":"https:\/\/otthon.kaposvar.hu\/hu\/wp-json\/wp\/v2\/comments?post=1379"}],"version-history":[{"count":0,"href":"https:\/\/otthon.kaposvar.hu\/hu\/wp-json\/wp\/v2\/pages\/1379\/revisions"}],"up":[{"embeddable":true,"href":"https:\/\/otthon.kaposvar.hu\/hu\/wp-json\/wp\/v2\/pages\/1179"}],"wp:featuredmedia":[{"embeddable":true,"href":"https:\/\/otthon.kaposvar.hu\/hu\/wp-json\/wp\/v2\/media\/2727"}],"wp:attachment":[{"href":"https:\/\/otthon.kaposvar.hu\/hu\/wp-json\/wp\/v2\/media?parent=1379"}],"curies":[{"name":"wp","href":"https:\/\/api.w.org\/{rel}","templated":true}]}}