{"id":1378,"date":"2017-03-27T10:24:21","date_gmt":"2017-03-27T09:24:21","guid":{"rendered":"http:\/\/lakossag.gyori.co.hu\/?page_id=1378"},"modified":"2018-02-11T23:28:59","modified_gmt":"2018-02-11T22:28:59","slug":"varosiasodas-1802-1848","status":"publish","type":"page","link":"https:\/\/otthon.kaposvar.hu\/hu\/barangolas-a-varostortenetben\/varosiasodas-1802-1848\/","title":{"rendered":"V\u00e1rosiasod\u00e1s (1802\u20131848)"},"content":{"rendered":"<p><\/p>\n<p class=\"kv-page-content-paragraph\">Ez a sz\u0171k f\u00e9l \u00e9vsz\u00e1zad m\u00e1r egy\u00e9rtelm\u0171en az emelked\u00e9s korszaka, fejl\u0151d\u0151 k\u00f6zint\u00e9zm\u00e9nyekkel, \u00faj k\u00f6z\u00e9p\u00fcletekkel, kibontakoz\u00f3 kultur\u00e1lis \u00e9lettel. M\u00e1r az 1800-as \u00e9vek elej\u00e9n megny\u00edlt a <a href=\"\/varostortenet\/b-036\">gimn\u00e1zium<\/a> \u00e9s az <a href=\"\/varostortenet\/b-037\">agg\u00e1polda<\/a>, megalakult az <a href=\"\/varostortenet\/b-107\">els\u0151 sz\u00ednj\u00e1tsz\u00f3 csoport<\/a>, \u00e9s <a href=\"\/varostortenet\/b-096\">Berzsenyi D\u00e1niel<\/a> is t\u00f6bbsz\u00f6r vend\u00e9geskedett a mez\u0151v\u00e1rosban. K\u00e9s\u0151bb a <a href=\"\/varostortenet\/b-178\">reformkor<\/a> sodr\u00e1s\u00e1t is meg\u00e9rezt\u00e9k a Kapos partj\u00e1n \u2013 a jelk\u00e9pesn\u00e9l j\u00f3val nagyobb a jelent\u0151s\u00e9ge annak, hogy a n\u00e9vad\u00f3 foly\u00f3 <a href=\"\/varostortenet\/b-038\">szab\u00e1lyoz\u00e1s\u00e1hoz<\/a> is ekkor fogtak hozz\u00e1 igaz\u00e1n. Az impoz\u00e1ns <a href=\"\/varostortenet\/b-119\">v\u00e1rmegyeh\u00e1za<\/a> \u00e9s a <a href=\"\/varostortenet\/b-179\">k\u00f3rh\u00e1z<\/a> csak\u00fagy reformkori v\u00edvm\u00e1ny, mint <a href=\"\/varostortenet\/b-131\">\u201ea haza kis polg\u00e1rainak\u201d iskol\u00e1ja<\/a> \u00e9s az els\u0151 <a href=\"\/varostortenet\/b-177\">nyomda<\/a>; a polg\u00e1rosod\u00e1st mutatja <a href=\"\/varostortenet\/b-134\">a S\u00e9tat\u00e9r kialak\u00edt\u00e1sa<\/a>, a <a href=\"\/varostortenet\/b-107\">sz\u00ednh\u00e1zi kult\u00fara<\/a> meggy\u00f6keresed\u00e9se, s ugyanezt szimboliz\u00e1lja <a href=\"\/varostortenet\/b-132\">gr\u00f3f Sz\u00e9chenyi Istv\u00e1n<\/a> d\u00edszpolg\u00e1rr\u00e1 v\u00e1laszt\u00e1sa is. Nem v\u00e9letlen, hogy a <a href=\"\/varostortenet\/b-041\">forradalom kirobban\u00e1sa<\/a> ut\u00e1n n\u00e9h\u00e1ny h\u00f3nappal m\u00e1r val\u00f3ban <a href=\"\/varostortenet\/b-042\">v\u00e1rosi rangot<\/a> kapott Kaposv\u00e1r \u2013 noha ekkor m\u00e9g nem \u00e9lhetett vele sok\u00e1ig\u2026<\/p>\n<div class=\"kv-page-margin-1\">\u00a0<\/div>\n<p><\/p>","protected":false},"excerpt":{"rendered":"<p>Ez a sz\u0171k f\u00e9l \u00e9vsz\u00e1zad m\u00e1r egy\u00e9rtelm\u0171en az emelked\u00e9s korszaka, fejl\u0151d\u0151 k\u00f6zint\u00e9zm\u00e9nyekkel, \u00faj k\u00f6z\u00e9p\u00fcletekkel, kibontakoz\u00f3 kultur\u00e1lis \u00e9lettel. M\u00e1r az 1800-as \u00e9vek elej\u00e9n megny\u00edlt a gimn\u00e1zium \u00e9s az agg\u00e1polda, megalakult az els\u0151 sz\u00ednj\u00e1tsz\u00f3 csoport, \u00e9s Berzsenyi D\u00e1niel is t\u00f6bbsz\u00f6r vend\u00e9geskedett a mez\u0151v\u00e1rosban. K\u00e9s\u0151bb a reformkor sodr\u00e1s\u00e1t is meg\u00e9rezt\u00e9k a Kapos partj\u00e1n \u2013 a jelk\u00e9pesn\u00e9l j\u00f3val nagyobb [&hellip;]<\/p>\n","protected":false},"author":13,"featured_media":2726,"parent":1179,"menu_order":0,"comment_status":"closed","ping_status":"closed","template":"","meta":[],"acf":[],"yoast_head":"<!-- This site is optimized with the Yoast SEO plugin v19.8 - https:\/\/yoast.com\/wordpress\/plugins\/seo\/ -->\n<title>V\u00e1rosiasod\u00e1s (1802\u20131848) - Kaposv\u00e1r Megyei Jog\u00fa V\u00e1ros<\/title>\n<meta name=\"robots\" content=\"index, follow, max-snippet:-1, max-image-preview:large, max-video-preview:-1\" \/>\n<link rel=\"canonical\" href=\"https:\/\/otthon.kaposvar.hu\/hu\/barangolas-a-varostortenetben\/varosiasodas-1802-1848\/\" \/>\n<meta property=\"og:locale\" content=\"hu_HU\" \/>\n<meta property=\"og:type\" content=\"article\" \/>\n<meta property=\"og:title\" content=\"V\u00e1rosiasod\u00e1s (1802\u20131848) - Kaposv\u00e1r Megyei Jog\u00fa V\u00e1ros\" \/>\n<meta property=\"og:description\" content=\"Ez a sz\u0171k f\u00e9l \u00e9vsz\u00e1zad m\u00e1r egy\u00e9rtelm\u0171en az emelked\u00e9s korszaka, fejl\u0151d\u0151 k\u00f6zint\u00e9zm\u00e9nyekkel, \u00faj k\u00f6z\u00e9p\u00fcletekkel, kibontakoz\u00f3 kultur\u00e1lis \u00e9lettel. M\u00e1r az 1800-as \u00e9vek elej\u00e9n megny\u00edlt a gimn\u00e1zium \u00e9s az agg\u00e1polda, megalakult az els\u0151 sz\u00ednj\u00e1tsz\u00f3 csoport, \u00e9s Berzsenyi D\u00e1niel is t\u00f6bbsz\u00f6r vend\u00e9geskedett a mez\u0151v\u00e1rosban. K\u00e9s\u0151bb a reformkor sodr\u00e1s\u00e1t is meg\u00e9rezt\u00e9k a Kapos partj\u00e1n \u2013 a jelk\u00e9pesn\u00e9l j\u00f3val nagyobb [&hellip;]\" \/>\n<meta property=\"og:url\" content=\"https:\/\/otthon.kaposvar.hu\/hu\/barangolas-a-varostortenetben\/varosiasodas-1802-1848\/\" \/>\n<meta property=\"og:site_name\" content=\"Kaposv\u00e1r Megyei Jog\u00fa V\u00e1ros\" \/>\n<meta property=\"article:publisher\" content=\"https:\/\/www.facebook.com\/cityofkaposvar\/\" \/>\n<meta property=\"article:modified_time\" content=\"2018-02-11T22:28:59+00:00\" \/>\n<meta property=\"og:image\" content=\"https:\/\/otthon.kaposvar.hu\/wp-content\/uploads\/2018\/02\/1802-1848-A-megyeh\u00e1za-homlokzata_web.jpg\" \/>\n\t<meta property=\"og:image:width\" content=\"2000\" \/>\n\t<meta property=\"og:image:height\" content=\"1333\" \/>\n\t<meta property=\"og:image:type\" content=\"image\/jpeg\" \/>\n<meta name=\"twitter:card\" content=\"summary_large_image\" \/>\n<meta name=\"twitter:label1\" content=\"Becs\u00fclt olvas\u00e1si id\u0151\" \/>\n\t<meta name=\"twitter:data1\" content=\"1 perc\" \/>\n<script type=\"application\/ld+json\" class=\"yoast-schema-graph\">{\"@context\":\"https:\/\/schema.org\",\"@graph\":[{\"@type\":\"WebPage\",\"@id\":\"https:\/\/otthon.kaposvar.hu\/hu\/barangolas-a-varostortenetben\/varosiasodas-1802-1848\/\",\"url\":\"https:\/\/otthon.kaposvar.hu\/hu\/barangolas-a-varostortenetben\/varosiasodas-1802-1848\/\",\"name\":\"V\u00e1rosiasod\u00e1s (1802\u20131848) - Kaposv\u00e1r Megyei Jog\u00fa V\u00e1ros\",\"isPartOf\":{\"@id\":\"https:\/\/otthon.kaposvar.hu\/hu\/#website\"},\"datePublished\":\"2017-03-27T09:24:21+00:00\",\"dateModified\":\"2018-02-11T22:28:59+00:00\",\"breadcrumb\":{\"@id\":\"https:\/\/otthon.kaposvar.hu\/hu\/barangolas-a-varostortenetben\/varosiasodas-1802-1848\/#breadcrumb\"},\"inLanguage\":\"hu\",\"potentialAction\":[{\"@type\":\"ReadAction\",\"target\":[[\"https:\/\/otthon.kaposvar.hu\/hu\/barangolas-a-varostortenetben\/varosiasodas-1802-1848\/\"]]}]},{\"@type\":\"BreadcrumbList\",\"@id\":\"https:\/\/otthon.kaposvar.hu\/hu\/barangolas-a-varostortenetben\/varosiasodas-1802-1848\/#breadcrumb\",\"itemListElement\":[{\"@type\":\"ListItem\",\"position\":1,\"name\":\"Home\",\"item\":\"https:\/\/otthon.kaposvar.hu\/hu\/\"},{\"@type\":\"ListItem\",\"position\":2,\"name\":\"Barangol\u00e1s a v\u00e1rost\u00f6rt\u00e9netben\",\"item\":\"https:\/\/otthon.kaposvar.hu\/hu\/barangolas-a-varostortenetben\/\"},{\"@type\":\"ListItem\",\"position\":3,\"name\":\"V\u00e1rosiasod\u00e1s (1802\u20131848)\"}]},{\"@type\":\"WebSite\",\"@id\":\"https:\/\/otthon.kaposvar.hu\/hu\/#website\",\"url\":\"https:\/\/otthon.kaposvar.hu\/hu\/\",\"name\":\"Kaposv\u00e1r Megyei Jog\u00fa V\u00e1ros\",\"description\":\"\",\"publisher\":{\"@id\":\"https:\/\/otthon.kaposvar.hu\/hu\/#organization\"},\"potentialAction\":[{\"@type\":\"SearchAction\",\"target\":{\"@type\":\"EntryPoint\",\"urlTemplate\":\"https:\/\/otthon.kaposvar.hu\/hu\/?s={search_term_string}\"},\"query-input\":\"required name=search_term_string\"}],\"inLanguage\":\"hu\"},{\"@type\":\"Organization\",\"@id\":\"https:\/\/otthon.kaposvar.hu\/hu\/#organization\",\"name\":\"Kaposv\u00e1r Megyei Jog\u00fa V\u00e1ros\",\"url\":\"https:\/\/otthon.kaposvar.hu\/hu\/\",\"sameAs\":[\"https:\/\/www.instagram.com\/cityofkaposvar\/\",\"https:\/\/www.facebook.com\/cityofkaposvar\/\"],\"logo\":{\"@type\":\"ImageObject\",\"inLanguage\":\"hu\",\"@id\":\"https:\/\/otthon.kaposvar.hu\/hu\/#\/schema\/logo\/image\/\",\"url\":\"https:\/\/otthon.kaposvar.hu\/wp-content\/uploads\/2021\/10\/kaposvar_social.jpg\",\"contentUrl\":\"https:\/\/otthon.kaposvar.hu\/wp-content\/uploads\/2021\/10\/kaposvar_social.jpg\",\"width\":1200,\"height\":900,\"caption\":\"Kaposv\u00e1r Megyei Jog\u00fa V\u00e1ros\"},\"image\":{\"@id\":\"https:\/\/otthon.kaposvar.hu\/hu\/#\/schema\/logo\/image\/\"}}]}<\/script>\n<!-- \/ Yoast SEO plugin. -->","yoast_head_json":{"title":"V\u00e1rosiasod\u00e1s (1802\u20131848) - Kaposv\u00e1r Megyei Jog\u00fa V\u00e1ros","robots":{"index":"index","follow":"follow","max-snippet":"max-snippet:-1","max-image-preview":"max-image-preview:large","max-video-preview":"max-video-preview:-1"},"canonical":"https:\/\/otthon.kaposvar.hu\/hu\/barangolas-a-varostortenetben\/varosiasodas-1802-1848\/","og_locale":"hu_HU","og_type":"article","og_title":"V\u00e1rosiasod\u00e1s (1802\u20131848) - Kaposv\u00e1r Megyei Jog\u00fa V\u00e1ros","og_description":"Ez a sz\u0171k f\u00e9l \u00e9vsz\u00e1zad m\u00e1r egy\u00e9rtelm\u0171en az emelked\u00e9s korszaka, fejl\u0151d\u0151 k\u00f6zint\u00e9zm\u00e9nyekkel, \u00faj k\u00f6z\u00e9p\u00fcletekkel, kibontakoz\u00f3 kultur\u00e1lis \u00e9lettel. M\u00e1r az 1800-as \u00e9vek elej\u00e9n megny\u00edlt a gimn\u00e1zium \u00e9s az agg\u00e1polda, megalakult az els\u0151 sz\u00ednj\u00e1tsz\u00f3 csoport, \u00e9s Berzsenyi D\u00e1niel is t\u00f6bbsz\u00f6r vend\u00e9geskedett a mez\u0151v\u00e1rosban. K\u00e9s\u0151bb a reformkor sodr\u00e1s\u00e1t is meg\u00e9rezt\u00e9k a Kapos partj\u00e1n \u2013 a jelk\u00e9pesn\u00e9l j\u00f3val nagyobb [&hellip;]","og_url":"https:\/\/otthon.kaposvar.hu\/hu\/barangolas-a-varostortenetben\/varosiasodas-1802-1848\/","og_site_name":"Kaposv\u00e1r Megyei Jog\u00fa V\u00e1ros","article_publisher":"https:\/\/www.facebook.com\/cityofkaposvar\/","article_modified_time":"2018-02-11T22:28:59+00:00","og_image":[{"width":2000,"height":1333,"url":"https:\/\/otthon.kaposvar.hu\/wp-content\/uploads\/2018\/02\/1802-1848-A-megyeh\u00e1za-homlokzata_web.jpg","type":"image\/jpeg"}],"twitter_card":"summary_large_image","twitter_misc":{"Becs\u00fclt olvas\u00e1si id\u0151":"1 perc"},"schema":{"@context":"https:\/\/schema.org","@graph":[{"@type":"WebPage","@id":"https:\/\/otthon.kaposvar.hu\/hu\/barangolas-a-varostortenetben\/varosiasodas-1802-1848\/","url":"https:\/\/otthon.kaposvar.hu\/hu\/barangolas-a-varostortenetben\/varosiasodas-1802-1848\/","name":"V\u00e1rosiasod\u00e1s (1802\u20131848) - Kaposv\u00e1r Megyei Jog\u00fa V\u00e1ros","isPartOf":{"@id":"https:\/\/otthon.kaposvar.hu\/hu\/#website"},"datePublished":"2017-03-27T09:24:21+00:00","dateModified":"2018-02-11T22:28:59+00:00","breadcrumb":{"@id":"https:\/\/otthon.kaposvar.hu\/hu\/barangolas-a-varostortenetben\/varosiasodas-1802-1848\/#breadcrumb"},"inLanguage":"hu","potentialAction":[{"@type":"ReadAction","target":[["https:\/\/otthon.kaposvar.hu\/hu\/barangolas-a-varostortenetben\/varosiasodas-1802-1848\/"]]}]},{"@type":"BreadcrumbList","@id":"https:\/\/otthon.kaposvar.hu\/hu\/barangolas-a-varostortenetben\/varosiasodas-1802-1848\/#breadcrumb","itemListElement":[{"@type":"ListItem","position":1,"name":"Home","item":"https:\/\/otthon.kaposvar.hu\/hu\/"},{"@type":"ListItem","position":2,"name":"Barangol\u00e1s a v\u00e1rost\u00f6rt\u00e9netben","item":"https:\/\/otthon.kaposvar.hu\/hu\/barangolas-a-varostortenetben\/"},{"@type":"ListItem","position":3,"name":"V\u00e1rosiasod\u00e1s (1802\u20131848)"}]},{"@type":"WebSite","@id":"https:\/\/otthon.kaposvar.hu\/hu\/#website","url":"https:\/\/otthon.kaposvar.hu\/hu\/","name":"Kaposv\u00e1r Megyei Jog\u00fa V\u00e1ros","description":"","publisher":{"@id":"https:\/\/otthon.kaposvar.hu\/hu\/#organization"},"potentialAction":[{"@type":"SearchAction","target":{"@type":"EntryPoint","urlTemplate":"https:\/\/otthon.kaposvar.hu\/hu\/?s={search_term_string}"},"query-input":"required name=search_term_string"}],"inLanguage":"hu"},{"@type":"Organization","@id":"https:\/\/otthon.kaposvar.hu\/hu\/#organization","name":"Kaposv\u00e1r Megyei Jog\u00fa V\u00e1ros","url":"https:\/\/otthon.kaposvar.hu\/hu\/","sameAs":["https:\/\/www.instagram.com\/cityofkaposvar\/","https:\/\/www.facebook.com\/cityofkaposvar\/"],"logo":{"@type":"ImageObject","inLanguage":"hu","@id":"https:\/\/otthon.kaposvar.hu\/hu\/#\/schema\/logo\/image\/","url":"https:\/\/otthon.kaposvar.hu\/wp-content\/uploads\/2021\/10\/kaposvar_social.jpg","contentUrl":"https:\/\/otthon.kaposvar.hu\/wp-content\/uploads\/2021\/10\/kaposvar_social.jpg","width":1200,"height":900,"caption":"Kaposv\u00e1r Megyei Jog\u00fa V\u00e1ros"},"image":{"@id":"https:\/\/otthon.kaposvar.hu\/hu\/#\/schema\/logo\/image\/"}}]}},"_links":{"self":[{"href":"https:\/\/otthon.kaposvar.hu\/hu\/wp-json\/wp\/v2\/pages\/1378"}],"collection":[{"href":"https:\/\/otthon.kaposvar.hu\/hu\/wp-json\/wp\/v2\/pages"}],"about":[{"href":"https:\/\/otthon.kaposvar.hu\/hu\/wp-json\/wp\/v2\/types\/page"}],"author":[{"embeddable":true,"href":"https:\/\/otthon.kaposvar.hu\/hu\/wp-json\/wp\/v2\/users\/13"}],"replies":[{"embeddable":true,"href":"https:\/\/otthon.kaposvar.hu\/hu\/wp-json\/wp\/v2\/comments?post=1378"}],"version-history":[{"count":0,"href":"https:\/\/otthon.kaposvar.hu\/hu\/wp-json\/wp\/v2\/pages\/1378\/revisions"}],"up":[{"embeddable":true,"href":"https:\/\/otthon.kaposvar.hu\/hu\/wp-json\/wp\/v2\/pages\/1179"}],"wp:featuredmedia":[{"embeddable":true,"href":"https:\/\/otthon.kaposvar.hu\/hu\/wp-json\/wp\/v2\/media\/2726"}],"wp:attachment":[{"href":"https:\/\/otthon.kaposvar.hu\/hu\/wp-json\/wp\/v2\/media?parent=1378"}],"curies":[{"name":"wp","href":"https:\/\/api.w.org\/{rel}","templated":true}]}}