{"id":1370,"date":"2017-03-08T17:47:04","date_gmt":"2017-03-08T16:47:04","guid":{"rendered":"http:\/\/lakossag.gyori.co.hu\/?page_id=1370"},"modified":"2026-02-02T14:31:17","modified_gmt":"2026-02-02T13:31:17","slug":"szivarvany-kulturpalota","status":"publish","type":"page","link":"https:\/\/otthon.kaposvar.hu\/hu\/lakossagi-informaciok\/kultura\/szivarvany-kulturpalota\/","title":{"rendered":"Sziv\u00e1rv\u00e1ny Kult\u00farpalota"},"content":{"rendered":"<p><\/p>\n<p>A t\u00f6rt\u00e9nelmi v\u00e1rosk\u00f6zpontban tal\u00e1lhat\u00f3 \u00e9p\u00fclet Lamping J\u00f3zsef tervei alapj\u00e1n, szecesszi\u00f3s \u00e9s art deco st\u00edlusban \u00e9p\u00fclt 1927 \u00e9s 1928 k\u00f6z\u00f6tt. Itt m\u0171k\u00f6d\u00f6tt a V\u00e1rosi Mozg\u00f3k\u00e9psz\u00ednh\u00e1z. Gazdagon d\u00edsz\u00edtett bels\u0151 tereiben keverednek a magyaros \u00e9s az idegen mot\u00edvumok, f\u0151k\u00e9nt az egyiptomi m\u0171v\u00e9szet elemei. Az \u00e9p\u00fclet k\u00fcls\u0151 homlokzat\u00e1n is megjelennek az egyiptomi \u00e9p\u00edt\u00e9szet ornamentikai d\u00edsz\u00edt\u00e9sei. Sz\u00e9p alkot\u00e1s a f\u0151bej\u00e1rat feletti \u00fcvegablak, meglep\u0151 a Nap\u00f3leon sapk\u00e1t ut\u00e1nz\u00f3 el\u0151tet\u0151. Az \u00e9p\u00fclet fal\u00e1n 2003-ban avatt\u00e1k fel a v\u00e1rostervez\u0151 \u00e9p\u00edt\u00e9sz, Lamping J\u00f3zsef eml\u00e9kt\u00e1bl\u00e1j\u00e1t.\u00a0 2009 \u00f3ta orsz\u00e1gos v\u00e9detts\u00e9g\u0171 m\u0171eml\u00e9k. A kult\u00farpalota 2010-es fel\u00faj\u00edt\u00e1sa \u00f3ta kultur\u00e1lis \u00e9s m\u0171v\u00e9szeti esem\u00e9nyeknek \u00e9s az eredeti funkci\u00f3t t\u00fckr\u00f6z\u0151 mozinak ad otthont.\u00a0<\/p>\n<div class=\"kv-page-margin-1\">\u00a0<\/div>\n<h3 class=\"kv-page-content-subtitle\">Nyitvatart\u00e1s<\/h3>\n<p class=\"kv-page-content-paragraph\">A jegyp\u00e9nzt\u00e1r el\u0151ad\u00e1sok kezdete el\u0151tt egy \u00f3r\u00e1val nyit, az utols\u00f3 el\u0151ad\u00e1s kezdete ut\u00e1n negyed \u00f3r\u00e1val z\u00e1r.<\/p>\n<div class=\"kv-page-margin-05\">\u00a0<\/div>\n<h3 class=\"kv-page-content-subtitle\">El\u00e9rhet\u0151s\u00e9gek<\/h3>\n<p class=\"kv-page-content-paragraph\">7400 Kaposv\u00e1r, Noszlopy G\u00e1sp\u00e1r utca 1.<br \/>\nTelefon: +36 (20) 316 4841 (nyitvatart\u00e1si id\u0151ben)<br \/>\nEmail: info@szivarvanykulturpalota.hu<br \/>\nHonlap: www.szivarvanykulturpalota.hu<\/p>\n<div class=\"kv-page-margin-1\">\u00a0<\/div>\n<p><\/p>","protected":false},"excerpt":{"rendered":"<p>A t\u00f6rt\u00e9nelmi v\u00e1rosk\u00f6zpontban tal\u00e1lhat\u00f3 \u00e9p\u00fclet Lamping J\u00f3zsef tervei alapj\u00e1n, szecesszi\u00f3s \u00e9s art deco st\u00edlusban \u00e9p\u00fclt 1927 \u00e9s 1928 k\u00f6z\u00f6tt. Itt m\u0171k\u00f6d\u00f6tt a V\u00e1rosi Mozg\u00f3k\u00e9psz\u00ednh\u00e1z. Gazdagon d\u00edsz\u00edtett bels\u0151 tereiben keverednek a magyaros \u00e9s az idegen mot\u00edvumok, f\u0151k\u00e9nt az egyiptomi m\u0171v\u00e9szet elemei. Az \u00e9p\u00fclet k\u00fcls\u0151 homlokzat\u00e1n is megjelennek az egyiptomi \u00e9p\u00edt\u00e9szet ornamentikai d\u00edsz\u00edt\u00e9sei. Sz\u00e9p alkot\u00e1s a f\u0151bej\u00e1rat [&hellip;]<\/p>\n","protected":false},"author":1,"featured_media":1374,"parent":239,"menu_order":0,"comment_status":"closed","ping_status":"closed","template":"","meta":[],"acf":[],"yoast_head":"<!-- This site is optimized with the Yoast SEO plugin v19.8 - https:\/\/yoast.com\/wordpress\/plugins\/seo\/ -->\n<title>Sziv\u00e1rv\u00e1ny Kult\u00farpalota - Kaposv\u00e1r Megyei Jog\u00fa V\u00e1ros<\/title>\n<meta name=\"robots\" content=\"index, follow, max-snippet:-1, max-image-preview:large, max-video-preview:-1\" \/>\n<link rel=\"canonical\" href=\"https:\/\/otthon.kaposvar.hu\/hu\/lakossagi-informaciok\/kultura\/szivarvany-kulturpalota\/\" \/>\n<meta property=\"og:locale\" content=\"hu_HU\" \/>\n<meta property=\"og:type\" content=\"article\" \/>\n<meta property=\"og:title\" content=\"Sziv\u00e1rv\u00e1ny Kult\u00farpalota - Kaposv\u00e1r Megyei Jog\u00fa V\u00e1ros\" \/>\n<meta property=\"og:description\" content=\"A t\u00f6rt\u00e9nelmi v\u00e1rosk\u00f6zpontban tal\u00e1lhat\u00f3 \u00e9p\u00fclet Lamping J\u00f3zsef tervei alapj\u00e1n, szecesszi\u00f3s \u00e9s art deco st\u00edlusban \u00e9p\u00fclt 1927 \u00e9s 1928 k\u00f6z\u00f6tt. Itt m\u0171k\u00f6d\u00f6tt a V\u00e1rosi Mozg\u00f3k\u00e9psz\u00ednh\u00e1z. Gazdagon d\u00edsz\u00edtett bels\u0151 tereiben keverednek a magyaros \u00e9s az idegen mot\u00edvumok, f\u0151k\u00e9nt az egyiptomi m\u0171v\u00e9szet elemei. Az \u00e9p\u00fclet k\u00fcls\u0151 homlokzat\u00e1n is megjelennek az egyiptomi \u00e9p\u00edt\u00e9szet ornamentikai d\u00edsz\u00edt\u00e9sei. Sz\u00e9p alkot\u00e1s a f\u0151bej\u00e1rat [&hellip;]\" \/>\n<meta property=\"og:url\" content=\"https:\/\/otthon.kaposvar.hu\/hu\/lakossagi-informaciok\/kultura\/szivarvany-kulturpalota\/\" \/>\n<meta property=\"og:site_name\" content=\"Kaposv\u00e1r Megyei Jog\u00fa V\u00e1ros\" \/>\n<meta property=\"article:publisher\" content=\"https:\/\/www.facebook.com\/cityofkaposvar\/\" \/>\n<meta property=\"article:modified_time\" content=\"2026-02-02T13:31:17+00:00\" \/>\n<meta property=\"og:image\" content=\"https:\/\/otthon.kaposvar.hu\/wp-content\/uploads\/2017\/03\/szivarvany-1024x683.jpg\" \/>\n\t<meta property=\"og:image:width\" content=\"1024\" \/>\n\t<meta property=\"og:image:height\" content=\"683\" \/>\n\t<meta property=\"og:image:type\" content=\"image\/jpeg\" \/>\n<meta name=\"twitter:card\" content=\"summary_large_image\" \/>\n<meta name=\"twitter:label1\" content=\"Becs\u00fclt olvas\u00e1si id\u0151\" \/>\n\t<meta name=\"twitter:data1\" content=\"1 perc\" \/>\n<script type=\"application\/ld+json\" class=\"yoast-schema-graph\">{\"@context\":\"https:\/\/schema.org\",\"@graph\":[{\"@type\":\"WebPage\",\"@id\":\"https:\/\/otthon.kaposvar.hu\/hu\/lakossagi-informaciok\/kultura\/szivarvany-kulturpalota\/\",\"url\":\"https:\/\/otthon.kaposvar.hu\/hu\/lakossagi-informaciok\/kultura\/szivarvany-kulturpalota\/\",\"name\":\"Sziv\u00e1rv\u00e1ny Kult\u00farpalota - Kaposv\u00e1r Megyei Jog\u00fa V\u00e1ros\",\"isPartOf\":{\"@id\":\"https:\/\/otthon.kaposvar.hu\/hu\/#website\"},\"datePublished\":\"2017-03-08T16:47:04+00:00\",\"dateModified\":\"2026-02-02T13:31:17+00:00\",\"breadcrumb\":{\"@id\":\"https:\/\/otthon.kaposvar.hu\/hu\/lakossagi-informaciok\/kultura\/szivarvany-kulturpalota\/#breadcrumb\"},\"inLanguage\":\"hu\",\"potentialAction\":[{\"@type\":\"ReadAction\",\"target\":[[\"https:\/\/otthon.kaposvar.hu\/hu\/lakossagi-informaciok\/kultura\/szivarvany-kulturpalota\/\"]]}]},{\"@type\":\"BreadcrumbList\",\"@id\":\"https:\/\/otthon.kaposvar.hu\/hu\/lakossagi-informaciok\/kultura\/szivarvany-kulturpalota\/#breadcrumb\",\"itemListElement\":[{\"@type\":\"ListItem\",\"position\":1,\"name\":\"Home\",\"item\":\"https:\/\/otthon.kaposvar.hu\/hu\/\"},{\"@type\":\"ListItem\",\"position\":2,\"name\":\"Lakoss\u00e1gi inform\u00e1ci\u00f3k\",\"item\":\"https:\/\/otthon.kaposvar.hu\/hu\/lakossagi-informaciok\/\"},{\"@type\":\"ListItem\",\"position\":3,\"name\":\"Kult\u00fara\",\"item\":\"https:\/\/otthon.kaposvar.hu\/hu\/lakossagi-informaciok\/kultura\/\"},{\"@type\":\"ListItem\",\"position\":4,\"name\":\"Sziv\u00e1rv\u00e1ny Kult\u00farpalota\"}]},{\"@type\":\"WebSite\",\"@id\":\"https:\/\/otthon.kaposvar.hu\/hu\/#website\",\"url\":\"https:\/\/otthon.kaposvar.hu\/hu\/\",\"name\":\"Kaposv\u00e1r Megyei Jog\u00fa V\u00e1ros\",\"description\":\"\",\"publisher\":{\"@id\":\"https:\/\/otthon.kaposvar.hu\/hu\/#organization\"},\"potentialAction\":[{\"@type\":\"SearchAction\",\"target\":{\"@type\":\"EntryPoint\",\"urlTemplate\":\"https:\/\/otthon.kaposvar.hu\/hu\/?s={search_term_string}\"},\"query-input\":\"required name=search_term_string\"}],\"inLanguage\":\"hu\"},{\"@type\":\"Organization\",\"@id\":\"https:\/\/otthon.kaposvar.hu\/hu\/#organization\",\"name\":\"Kaposv\u00e1r Megyei Jog\u00fa V\u00e1ros\",\"url\":\"https:\/\/otthon.kaposvar.hu\/hu\/\",\"sameAs\":[\"https:\/\/www.instagram.com\/cityofkaposvar\/\",\"https:\/\/www.facebook.com\/cityofkaposvar\/\"],\"logo\":{\"@type\":\"ImageObject\",\"inLanguage\":\"hu\",\"@id\":\"https:\/\/otthon.kaposvar.hu\/hu\/#\/schema\/logo\/image\/\",\"url\":\"https:\/\/otthon.kaposvar.hu\/wp-content\/uploads\/2021\/10\/kaposvar_social.jpg\",\"contentUrl\":\"https:\/\/otthon.kaposvar.hu\/wp-content\/uploads\/2021\/10\/kaposvar_social.jpg\",\"width\":1200,\"height\":900,\"caption\":\"Kaposv\u00e1r Megyei Jog\u00fa V\u00e1ros\"},\"image\":{\"@id\":\"https:\/\/otthon.kaposvar.hu\/hu\/#\/schema\/logo\/image\/\"}}]}<\/script>\n<!-- \/ Yoast SEO plugin. -->","yoast_head_json":{"title":"Sziv\u00e1rv\u00e1ny Kult\u00farpalota - Kaposv\u00e1r Megyei Jog\u00fa V\u00e1ros","robots":{"index":"index","follow":"follow","max-snippet":"max-snippet:-1","max-image-preview":"max-image-preview:large","max-video-preview":"max-video-preview:-1"},"canonical":"https:\/\/otthon.kaposvar.hu\/hu\/lakossagi-informaciok\/kultura\/szivarvany-kulturpalota\/","og_locale":"hu_HU","og_type":"article","og_title":"Sziv\u00e1rv\u00e1ny Kult\u00farpalota - Kaposv\u00e1r Megyei Jog\u00fa V\u00e1ros","og_description":"A t\u00f6rt\u00e9nelmi v\u00e1rosk\u00f6zpontban tal\u00e1lhat\u00f3 \u00e9p\u00fclet Lamping J\u00f3zsef tervei alapj\u00e1n, szecesszi\u00f3s \u00e9s art deco st\u00edlusban \u00e9p\u00fclt 1927 \u00e9s 1928 k\u00f6z\u00f6tt. Itt m\u0171k\u00f6d\u00f6tt a V\u00e1rosi Mozg\u00f3k\u00e9psz\u00ednh\u00e1z. Gazdagon d\u00edsz\u00edtett bels\u0151 tereiben keverednek a magyaros \u00e9s az idegen mot\u00edvumok, f\u0151k\u00e9nt az egyiptomi m\u0171v\u00e9szet elemei. Az \u00e9p\u00fclet k\u00fcls\u0151 homlokzat\u00e1n is megjelennek az egyiptomi \u00e9p\u00edt\u00e9szet ornamentikai d\u00edsz\u00edt\u00e9sei. Sz\u00e9p alkot\u00e1s a f\u0151bej\u00e1rat [&hellip;]","og_url":"https:\/\/otthon.kaposvar.hu\/hu\/lakossagi-informaciok\/kultura\/szivarvany-kulturpalota\/","og_site_name":"Kaposv\u00e1r Megyei Jog\u00fa V\u00e1ros","article_publisher":"https:\/\/www.facebook.com\/cityofkaposvar\/","article_modified_time":"2026-02-02T13:31:17+00:00","og_image":[{"width":1024,"height":683,"url":"https:\/\/otthon.kaposvar.hu\/wp-content\/uploads\/2017\/03\/szivarvany-1024x683.jpg","type":"image\/jpeg"}],"twitter_card":"summary_large_image","twitter_misc":{"Becs\u00fclt olvas\u00e1si id\u0151":"1 perc"},"schema":{"@context":"https:\/\/schema.org","@graph":[{"@type":"WebPage","@id":"https:\/\/otthon.kaposvar.hu\/hu\/lakossagi-informaciok\/kultura\/szivarvany-kulturpalota\/","url":"https:\/\/otthon.kaposvar.hu\/hu\/lakossagi-informaciok\/kultura\/szivarvany-kulturpalota\/","name":"Sziv\u00e1rv\u00e1ny Kult\u00farpalota - Kaposv\u00e1r Megyei Jog\u00fa V\u00e1ros","isPartOf":{"@id":"https:\/\/otthon.kaposvar.hu\/hu\/#website"},"datePublished":"2017-03-08T16:47:04+00:00","dateModified":"2026-02-02T13:31:17+00:00","breadcrumb":{"@id":"https:\/\/otthon.kaposvar.hu\/hu\/lakossagi-informaciok\/kultura\/szivarvany-kulturpalota\/#breadcrumb"},"inLanguage":"hu","potentialAction":[{"@type":"ReadAction","target":[["https:\/\/otthon.kaposvar.hu\/hu\/lakossagi-informaciok\/kultura\/szivarvany-kulturpalota\/"]]}]},{"@type":"BreadcrumbList","@id":"https:\/\/otthon.kaposvar.hu\/hu\/lakossagi-informaciok\/kultura\/szivarvany-kulturpalota\/#breadcrumb","itemListElement":[{"@type":"ListItem","position":1,"name":"Home","item":"https:\/\/otthon.kaposvar.hu\/hu\/"},{"@type":"ListItem","position":2,"name":"Lakoss\u00e1gi inform\u00e1ci\u00f3k","item":"https:\/\/otthon.kaposvar.hu\/hu\/lakossagi-informaciok\/"},{"@type":"ListItem","position":3,"name":"Kult\u00fara","item":"https:\/\/otthon.kaposvar.hu\/hu\/lakossagi-informaciok\/kultura\/"},{"@type":"ListItem","position":4,"name":"Sziv\u00e1rv\u00e1ny Kult\u00farpalota"}]},{"@type":"WebSite","@id":"https:\/\/otthon.kaposvar.hu\/hu\/#website","url":"https:\/\/otthon.kaposvar.hu\/hu\/","name":"Kaposv\u00e1r Megyei Jog\u00fa V\u00e1ros","description":"","publisher":{"@id":"https:\/\/otthon.kaposvar.hu\/hu\/#organization"},"potentialAction":[{"@type":"SearchAction","target":{"@type":"EntryPoint","urlTemplate":"https:\/\/otthon.kaposvar.hu\/hu\/?s={search_term_string}"},"query-input":"required name=search_term_string"}],"inLanguage":"hu"},{"@type":"Organization","@id":"https:\/\/otthon.kaposvar.hu\/hu\/#organization","name":"Kaposv\u00e1r Megyei Jog\u00fa V\u00e1ros","url":"https:\/\/otthon.kaposvar.hu\/hu\/","sameAs":["https:\/\/www.instagram.com\/cityofkaposvar\/","https:\/\/www.facebook.com\/cityofkaposvar\/"],"logo":{"@type":"ImageObject","inLanguage":"hu","@id":"https:\/\/otthon.kaposvar.hu\/hu\/#\/schema\/logo\/image\/","url":"https:\/\/otthon.kaposvar.hu\/wp-content\/uploads\/2021\/10\/kaposvar_social.jpg","contentUrl":"https:\/\/otthon.kaposvar.hu\/wp-content\/uploads\/2021\/10\/kaposvar_social.jpg","width":1200,"height":900,"caption":"Kaposv\u00e1r Megyei Jog\u00fa V\u00e1ros"},"image":{"@id":"https:\/\/otthon.kaposvar.hu\/hu\/#\/schema\/logo\/image\/"}}]}},"_links":{"self":[{"href":"https:\/\/otthon.kaposvar.hu\/hu\/wp-json\/wp\/v2\/pages\/1370"}],"collection":[{"href":"https:\/\/otthon.kaposvar.hu\/hu\/wp-json\/wp\/v2\/pages"}],"about":[{"href":"https:\/\/otthon.kaposvar.hu\/hu\/wp-json\/wp\/v2\/types\/page"}],"author":[{"embeddable":true,"href":"https:\/\/otthon.kaposvar.hu\/hu\/wp-json\/wp\/v2\/users\/1"}],"replies":[{"embeddable":true,"href":"https:\/\/otthon.kaposvar.hu\/hu\/wp-json\/wp\/v2\/comments?post=1370"}],"version-history":[{"count":0,"href":"https:\/\/otthon.kaposvar.hu\/hu\/wp-json\/wp\/v2\/pages\/1370\/revisions"}],"up":[{"embeddable":true,"href":"https:\/\/otthon.kaposvar.hu\/hu\/wp-json\/wp\/v2\/pages\/239"}],"wp:featuredmedia":[{"embeddable":true,"href":"https:\/\/otthon.kaposvar.hu\/hu\/wp-json\/wp\/v2\/media\/1374"}],"wp:attachment":[{"href":"https:\/\/otthon.kaposvar.hu\/hu\/wp-json\/wp\/v2\/media?parent=1370"}],"curies":[{"name":"wp","href":"https:\/\/api.w.org\/{rel}","templated":true}]}}