{"id":1357,"date":"2017-03-06T12:30:39","date_gmt":"2017-03-06T11:30:39","guid":{"rendered":"http:\/\/lakossag.gyori.co.hu\/?page_id=1357"},"modified":"2018-02-11T23:28:34","modified_gmt":"2018-02-11T22:28:34","slug":"harmadik-korszak","status":"publish","type":"page","link":"https:\/\/otthon.kaposvar.hu\/hu\/barangolas-a-varostortenetben\/harmadik-korszak\/","title":{"rendered":"Gyors telep\u00edt\u00e9s, lass\u00fa gyarapod\u00e1s (1712\u20131802)"},"content":{"rendered":"<p><\/p>\n<p class=\"kv-page-content-paragraph\">A 18. sz\u00e1zad legnagyobb r\u00e9sze a gyarapod\u00e1s id\u0151szaka volt, s az el\u0151z\u0151 sz\u00e1zadok megpr\u00f3b\u00e1ltat\u00e1sai ut\u00e1n val\u00f3ban siker\u00fclt megalapozni a 19. sz\u00e1zadban lend\u00fcletess\u00e9 v\u00e1l\u00f3 fejl\u0151d\u00e9st. Ekkor j\u00f6ttek l\u00e9tre a mez\u0151v\u00e1ros \u2013 \u00e9s a <a href=\"\/varostortenet\/b-025\">megyesz\u00e9khely<\/a> \u2013 feladataihoz ill\u0151 int\u00e9zm\u00e9nyek: egyebek k\u00f6zt a <a href=\"\/varostortenet\/b-086\">pl\u00e9b\u00e1nia<\/a>, az <a href=\"\/varostortenet\/b-024\">els\u0151 iskola<\/a>, a <a href=\"\/varostortenet\/b-029\">gy\u00f3gyszert\u00e1r<\/a>, rendez\u0151d\u00f6tt a <a href=\"\/varostortenet\/b-028\">temet\u0151k<\/a> helyzete, <a href=\"\/varostortenet\/b-092\">b\u00f6rt\u00f6n<\/a> \u00e9p\u00fclt. Ekkort\u00e1jt m\u00e1r az irodalomt\u00f6rt\u00e9net t\u00e9rk\u00e9p\u00e9re is felker\u00fclt a v\u00e1roska, hiszen t\u00f6bbsz\u00f6r megl\u00e1togatta <a href=\"\/varostortenet\/b-031\">Csokonai Vit\u00e9z Mih\u00e1ly<\/a>. Alapvet\u0151en b\u00e9k\u00e9s id\u0151szak volt ez, b\u00e1r n\u00e9h\u00e1ny kr\u00edzist az\u00e9rt \u00e1t\u00e9lt Kaposv\u00e1r: ilyen volt a <a href=\"\/varostortenet\/b-027\">jobb\u00e1gy-<\/a>, majd az <a href=\"\/varostortenet\/b-088\">\u00fajoncl\u00e1zad\u00e1s<\/a>, s a korszak v\u00e9g\u00e9t szint\u00e9n egy radi\u00e1lisan \u201ev\u00e1rosk\u00e9p-alak\u00edt\u00f3\u201d esem\u00e9ny jelzi: az <a href=\"\/varostortenet\/b-034\">1802-es t\u0171zv\u00e9sz<\/a>.<\/p>\n<div class=\"kv-page-margin-1\">\u00a0<\/div>\n<p><\/p>","protected":false},"excerpt":{"rendered":"<p>A 18. sz\u00e1zad legnagyobb r\u00e9sze a gyarapod\u00e1s id\u0151szaka volt, s az el\u0151z\u0151 sz\u00e1zadok megpr\u00f3b\u00e1ltat\u00e1sai ut\u00e1n val\u00f3ban siker\u00fclt megalapozni a 19. sz\u00e1zadban lend\u00fcletess\u00e9 v\u00e1l\u00f3 fejl\u0151d\u00e9st. Ekkor j\u00f6ttek l\u00e9tre a mez\u0151v\u00e1ros \u2013 \u00e9s a megyesz\u00e9khely \u2013 feladataihoz ill\u0151 int\u00e9zm\u00e9nyek: egyebek k\u00f6zt a pl\u00e9b\u00e1nia, az els\u0151 iskola, a gy\u00f3gyszert\u00e1r, rendez\u0151d\u00f6tt a temet\u0151k helyzete, b\u00f6rt\u00f6n \u00e9p\u00fclt. Ekkort\u00e1jt m\u00e1r az [&hellip;]<\/p>\n","protected":false},"author":13,"featured_media":2725,"parent":1179,"menu_order":0,"comment_status":"closed","ping_status":"closed","template":"","meta":[],"acf":[],"yoast_head":"<!-- This site is optimized with the Yoast SEO plugin v19.8 - https:\/\/yoast.com\/wordpress\/plugins\/seo\/ -->\n<title>Gyors telep\u00edt\u00e9s, lass\u00fa gyarapod\u00e1s (1712\u20131802) - Kaposv\u00e1r Megyei Jog\u00fa V\u00e1ros<\/title>\n<meta name=\"robots\" content=\"index, follow, max-snippet:-1, max-image-preview:large, max-video-preview:-1\" \/>\n<link rel=\"canonical\" href=\"https:\/\/otthon.kaposvar.hu\/hu\/barangolas-a-varostortenetben\/harmadik-korszak\/\" \/>\n<meta property=\"og:locale\" content=\"hu_HU\" \/>\n<meta property=\"og:type\" content=\"article\" \/>\n<meta property=\"og:title\" content=\"Gyors telep\u00edt\u00e9s, lass\u00fa gyarapod\u00e1s (1712\u20131802) - Kaposv\u00e1r Megyei Jog\u00fa V\u00e1ros\" \/>\n<meta property=\"og:description\" content=\"A 18. sz\u00e1zad legnagyobb r\u00e9sze a gyarapod\u00e1s id\u0151szaka volt, s az el\u0151z\u0151 sz\u00e1zadok megpr\u00f3b\u00e1ltat\u00e1sai ut\u00e1n val\u00f3ban siker\u00fclt megalapozni a 19. sz\u00e1zadban lend\u00fcletess\u00e9 v\u00e1l\u00f3 fejl\u0151d\u00e9st. Ekkor j\u00f6ttek l\u00e9tre a mez\u0151v\u00e1ros \u2013 \u00e9s a megyesz\u00e9khely \u2013 feladataihoz ill\u0151 int\u00e9zm\u00e9nyek: egyebek k\u00f6zt a pl\u00e9b\u00e1nia, az els\u0151 iskola, a gy\u00f3gyszert\u00e1r, rendez\u0151d\u00f6tt a temet\u0151k helyzete, b\u00f6rt\u00f6n \u00e9p\u00fclt. Ekkort\u00e1jt m\u00e1r az [&hellip;]\" \/>\n<meta property=\"og:url\" content=\"https:\/\/otthon.kaposvar.hu\/hu\/barangolas-a-varostortenetben\/harmadik-korszak\/\" \/>\n<meta property=\"og:site_name\" content=\"Kaposv\u00e1r Megyei Jog\u00fa V\u00e1ros\" \/>\n<meta property=\"article:publisher\" content=\"https:\/\/www.facebook.com\/cityofkaposvar\/\" \/>\n<meta property=\"article:modified_time\" content=\"2018-02-11T22:28:34+00:00\" \/>\n<meta property=\"og:image\" content=\"https:\/\/otthon.kaposvar.hu\/wp-content\/uploads\/2018\/02\/1712-1802-Arany-Oroszl\u00e1n-gy\u00f3gyszert\u00e1r_web.jpg\" \/>\n\t<meta property=\"og:image:width\" content=\"2000\" \/>\n\t<meta property=\"og:image:height\" content=\"1341\" \/>\n\t<meta property=\"og:image:type\" content=\"image\/jpeg\" \/>\n<meta name=\"twitter:card\" content=\"summary_large_image\" \/>\n<meta name=\"twitter:label1\" content=\"Becs\u00fclt olvas\u00e1si id\u0151\" \/>\n\t<meta name=\"twitter:data1\" content=\"1 perc\" \/>\n<script type=\"application\/ld+json\" class=\"yoast-schema-graph\">{\"@context\":\"https:\/\/schema.org\",\"@graph\":[{\"@type\":\"WebPage\",\"@id\":\"https:\/\/otthon.kaposvar.hu\/hu\/barangolas-a-varostortenetben\/harmadik-korszak\/\",\"url\":\"https:\/\/otthon.kaposvar.hu\/hu\/barangolas-a-varostortenetben\/harmadik-korszak\/\",\"name\":\"Gyors telep\u00edt\u00e9s, lass\u00fa gyarapod\u00e1s (1712\u20131802) - Kaposv\u00e1r Megyei Jog\u00fa V\u00e1ros\",\"isPartOf\":{\"@id\":\"https:\/\/otthon.kaposvar.hu\/hu\/#website\"},\"datePublished\":\"2017-03-06T11:30:39+00:00\",\"dateModified\":\"2018-02-11T22:28:34+00:00\",\"breadcrumb\":{\"@id\":\"https:\/\/otthon.kaposvar.hu\/hu\/barangolas-a-varostortenetben\/harmadik-korszak\/#breadcrumb\"},\"inLanguage\":\"hu\",\"potentialAction\":[{\"@type\":\"ReadAction\",\"target\":[[\"https:\/\/otthon.kaposvar.hu\/hu\/barangolas-a-varostortenetben\/harmadik-korszak\/\"]]}]},{\"@type\":\"BreadcrumbList\",\"@id\":\"https:\/\/otthon.kaposvar.hu\/hu\/barangolas-a-varostortenetben\/harmadik-korszak\/#breadcrumb\",\"itemListElement\":[{\"@type\":\"ListItem\",\"position\":1,\"name\":\"Home\",\"item\":\"https:\/\/otthon.kaposvar.hu\/hu\/\"},{\"@type\":\"ListItem\",\"position\":2,\"name\":\"Barangol\u00e1s a v\u00e1rost\u00f6rt\u00e9netben\",\"item\":\"https:\/\/otthon.kaposvar.hu\/hu\/barangolas-a-varostortenetben\/\"},{\"@type\":\"ListItem\",\"position\":3,\"name\":\"Gyors telep\u00edt\u00e9s, lass\u00fa gyarapod\u00e1s (1712\u20131802)\"}]},{\"@type\":\"WebSite\",\"@id\":\"https:\/\/otthon.kaposvar.hu\/hu\/#website\",\"url\":\"https:\/\/otthon.kaposvar.hu\/hu\/\",\"name\":\"Kaposv\u00e1r Megyei Jog\u00fa V\u00e1ros\",\"description\":\"\",\"publisher\":{\"@id\":\"https:\/\/otthon.kaposvar.hu\/hu\/#organization\"},\"potentialAction\":[{\"@type\":\"SearchAction\",\"target\":{\"@type\":\"EntryPoint\",\"urlTemplate\":\"https:\/\/otthon.kaposvar.hu\/hu\/?s={search_term_string}\"},\"query-input\":\"required name=search_term_string\"}],\"inLanguage\":\"hu\"},{\"@type\":\"Organization\",\"@id\":\"https:\/\/otthon.kaposvar.hu\/hu\/#organization\",\"name\":\"Kaposv\u00e1r Megyei Jog\u00fa V\u00e1ros\",\"url\":\"https:\/\/otthon.kaposvar.hu\/hu\/\",\"sameAs\":[\"https:\/\/www.instagram.com\/cityofkaposvar\/\",\"https:\/\/www.facebook.com\/cityofkaposvar\/\"],\"logo\":{\"@type\":\"ImageObject\",\"inLanguage\":\"hu\",\"@id\":\"https:\/\/otthon.kaposvar.hu\/hu\/#\/schema\/logo\/image\/\",\"url\":\"https:\/\/otthon.kaposvar.hu\/wp-content\/uploads\/2021\/10\/kaposvar_social.jpg\",\"contentUrl\":\"https:\/\/otthon.kaposvar.hu\/wp-content\/uploads\/2021\/10\/kaposvar_social.jpg\",\"width\":1200,\"height\":900,\"caption\":\"Kaposv\u00e1r Megyei Jog\u00fa V\u00e1ros\"},\"image\":{\"@id\":\"https:\/\/otthon.kaposvar.hu\/hu\/#\/schema\/logo\/image\/\"}}]}<\/script>\n<!-- \/ Yoast SEO plugin. -->","yoast_head_json":{"title":"Gyors telep\u00edt\u00e9s, lass\u00fa gyarapod\u00e1s (1712\u20131802) - Kaposv\u00e1r Megyei Jog\u00fa V\u00e1ros","robots":{"index":"index","follow":"follow","max-snippet":"max-snippet:-1","max-image-preview":"max-image-preview:large","max-video-preview":"max-video-preview:-1"},"canonical":"https:\/\/otthon.kaposvar.hu\/hu\/barangolas-a-varostortenetben\/harmadik-korszak\/","og_locale":"hu_HU","og_type":"article","og_title":"Gyors telep\u00edt\u00e9s, lass\u00fa gyarapod\u00e1s (1712\u20131802) - Kaposv\u00e1r Megyei Jog\u00fa V\u00e1ros","og_description":"A 18. sz\u00e1zad legnagyobb r\u00e9sze a gyarapod\u00e1s id\u0151szaka volt, s az el\u0151z\u0151 sz\u00e1zadok megpr\u00f3b\u00e1ltat\u00e1sai ut\u00e1n val\u00f3ban siker\u00fclt megalapozni a 19. sz\u00e1zadban lend\u00fcletess\u00e9 v\u00e1l\u00f3 fejl\u0151d\u00e9st. Ekkor j\u00f6ttek l\u00e9tre a mez\u0151v\u00e1ros \u2013 \u00e9s a megyesz\u00e9khely \u2013 feladataihoz ill\u0151 int\u00e9zm\u00e9nyek: egyebek k\u00f6zt a pl\u00e9b\u00e1nia, az els\u0151 iskola, a gy\u00f3gyszert\u00e1r, rendez\u0151d\u00f6tt a temet\u0151k helyzete, b\u00f6rt\u00f6n \u00e9p\u00fclt. Ekkort\u00e1jt m\u00e1r az [&hellip;]","og_url":"https:\/\/otthon.kaposvar.hu\/hu\/barangolas-a-varostortenetben\/harmadik-korszak\/","og_site_name":"Kaposv\u00e1r Megyei Jog\u00fa V\u00e1ros","article_publisher":"https:\/\/www.facebook.com\/cityofkaposvar\/","article_modified_time":"2018-02-11T22:28:34+00:00","og_image":[{"width":2000,"height":1341,"url":"https:\/\/otthon.kaposvar.hu\/wp-content\/uploads\/2018\/02\/1712-1802-Arany-Oroszl\u00e1n-gy\u00f3gyszert\u00e1r_web.jpg","type":"image\/jpeg"}],"twitter_card":"summary_large_image","twitter_misc":{"Becs\u00fclt olvas\u00e1si id\u0151":"1 perc"},"schema":{"@context":"https:\/\/schema.org","@graph":[{"@type":"WebPage","@id":"https:\/\/otthon.kaposvar.hu\/hu\/barangolas-a-varostortenetben\/harmadik-korszak\/","url":"https:\/\/otthon.kaposvar.hu\/hu\/barangolas-a-varostortenetben\/harmadik-korszak\/","name":"Gyors telep\u00edt\u00e9s, lass\u00fa gyarapod\u00e1s (1712\u20131802) - Kaposv\u00e1r Megyei Jog\u00fa V\u00e1ros","isPartOf":{"@id":"https:\/\/otthon.kaposvar.hu\/hu\/#website"},"datePublished":"2017-03-06T11:30:39+00:00","dateModified":"2018-02-11T22:28:34+00:00","breadcrumb":{"@id":"https:\/\/otthon.kaposvar.hu\/hu\/barangolas-a-varostortenetben\/harmadik-korszak\/#breadcrumb"},"inLanguage":"hu","potentialAction":[{"@type":"ReadAction","target":[["https:\/\/otthon.kaposvar.hu\/hu\/barangolas-a-varostortenetben\/harmadik-korszak\/"]]}]},{"@type":"BreadcrumbList","@id":"https:\/\/otthon.kaposvar.hu\/hu\/barangolas-a-varostortenetben\/harmadik-korszak\/#breadcrumb","itemListElement":[{"@type":"ListItem","position":1,"name":"Home","item":"https:\/\/otthon.kaposvar.hu\/hu\/"},{"@type":"ListItem","position":2,"name":"Barangol\u00e1s a v\u00e1rost\u00f6rt\u00e9netben","item":"https:\/\/otthon.kaposvar.hu\/hu\/barangolas-a-varostortenetben\/"},{"@type":"ListItem","position":3,"name":"Gyors telep\u00edt\u00e9s, lass\u00fa gyarapod\u00e1s (1712\u20131802)"}]},{"@type":"WebSite","@id":"https:\/\/otthon.kaposvar.hu\/hu\/#website","url":"https:\/\/otthon.kaposvar.hu\/hu\/","name":"Kaposv\u00e1r Megyei Jog\u00fa V\u00e1ros","description":"","publisher":{"@id":"https:\/\/otthon.kaposvar.hu\/hu\/#organization"},"potentialAction":[{"@type":"SearchAction","target":{"@type":"EntryPoint","urlTemplate":"https:\/\/otthon.kaposvar.hu\/hu\/?s={search_term_string}"},"query-input":"required name=search_term_string"}],"inLanguage":"hu"},{"@type":"Organization","@id":"https:\/\/otthon.kaposvar.hu\/hu\/#organization","name":"Kaposv\u00e1r Megyei Jog\u00fa V\u00e1ros","url":"https:\/\/otthon.kaposvar.hu\/hu\/","sameAs":["https:\/\/www.instagram.com\/cityofkaposvar\/","https:\/\/www.facebook.com\/cityofkaposvar\/"],"logo":{"@type":"ImageObject","inLanguage":"hu","@id":"https:\/\/otthon.kaposvar.hu\/hu\/#\/schema\/logo\/image\/","url":"https:\/\/otthon.kaposvar.hu\/wp-content\/uploads\/2021\/10\/kaposvar_social.jpg","contentUrl":"https:\/\/otthon.kaposvar.hu\/wp-content\/uploads\/2021\/10\/kaposvar_social.jpg","width":1200,"height":900,"caption":"Kaposv\u00e1r Megyei Jog\u00fa V\u00e1ros"},"image":{"@id":"https:\/\/otthon.kaposvar.hu\/hu\/#\/schema\/logo\/image\/"}}]}},"_links":{"self":[{"href":"https:\/\/otthon.kaposvar.hu\/hu\/wp-json\/wp\/v2\/pages\/1357"}],"collection":[{"href":"https:\/\/otthon.kaposvar.hu\/hu\/wp-json\/wp\/v2\/pages"}],"about":[{"href":"https:\/\/otthon.kaposvar.hu\/hu\/wp-json\/wp\/v2\/types\/page"}],"author":[{"embeddable":true,"href":"https:\/\/otthon.kaposvar.hu\/hu\/wp-json\/wp\/v2\/users\/13"}],"replies":[{"embeddable":true,"href":"https:\/\/otthon.kaposvar.hu\/hu\/wp-json\/wp\/v2\/comments?post=1357"}],"version-history":[{"count":0,"href":"https:\/\/otthon.kaposvar.hu\/hu\/wp-json\/wp\/v2\/pages\/1357\/revisions"}],"up":[{"embeddable":true,"href":"https:\/\/otthon.kaposvar.hu\/hu\/wp-json\/wp\/v2\/pages\/1179"}],"wp:featuredmedia":[{"embeddable":true,"href":"https:\/\/otthon.kaposvar.hu\/hu\/wp-json\/wp\/v2\/media\/2725"}],"wp:attachment":[{"href":"https:\/\/otthon.kaposvar.hu\/hu\/wp-json\/wp\/v2\/media?parent=1357"}],"curies":[{"name":"wp","href":"https:\/\/api.w.org\/{rel}","templated":true}]}}