{"id":1356,"date":"2017-03-06T12:29:39","date_gmt":"2017-03-06T11:29:39","guid":{"rendered":"http:\/\/lakossag.gyori.co.hu\/?page_id=1356"},"modified":"2018-02-11T23:27:57","modified_gmt":"2018-02-11T22:27:57","slug":"masodik-korszak","status":"publish","type":"page","link":"https:\/\/otthon.kaposvar.hu\/hu\/barangolas-a-varostortenetben\/masodik-korszak\/","title":{"rendered":"K\u00fczdelmes id\u0151k (1555\u20131712)"},"content":{"rendered":"<p><\/p>\n<p class=\"kv-page-content-paragraph\">A <a href=\"\/varostortenet\/b-010\">t\u00f6r\u00f6k h\u00f3dolts\u00e1got<\/a> a kaposi v\u00e1r sem ker\u00fclhette el. De az <a href=\"\/varostortenet\/b-011\">1686. \u00e9vi felszabadul\u00e1s<\/a> felem\u00e1s korszakhat\u00e1rnak bizonyult: v\u00e9get vetett ugyan egy zs\u00e1kutc\u00e1s, a ter\u00fcletet egy keleti monarchia sors\u00e1hoz kapcsol\u00f3 id\u0151szaknak, de m\u00e9g nem jelentette a val\u00f3di meg\u00fajul\u00e1s nyit\u00e1ny\u00e1t. Megjelentek a fejl\u0151d\u00e9s cs\u00edr\u00e1i (nemsok\u00e1ra megalakultak az els\u0151 <a href=\"\/varostortenet\/b-023\">c\u00e9hek<\/a>, <a href=\"\/varostortenet\/b-017\">templom \u00e9p\u00fclt<\/a>, kibocs\u00e1tott\u00e1k az els\u0151 <a href=\"\/varostortenet\/b-027\">urb\u00e1riumot<\/a>), de a <a href=\"\/varostortenet\/b-015\">v\u00e1rat felrobbantott\u00e1k<\/a>, \u00e9s a visszafoglal\u00e1s ut\u00e1ni negyed \u00e9vsz\u00e1zad esem\u00e9nyei \u2013 els\u0151sorban a <a href=\"\/varostortenet\/b-020\">R\u00e1k\u00f3czi-szabads\u00e1gharc<\/a> alatt t\u00f6rt\u00e9ntek \u2013 a teljes pusztul\u00e1s sz\u00e9l\u00e9re sodort\u00e1k a lassan \u00e9ledez\u0151 Kaposv\u00e1rt. Csak az <a href=\"\/varostortenet\/b-022\">Esterh\u00e1zy P\u00e1l herceg<\/a> \u00e1ltal 1712 v\u00e9g\u00e9n al\u00e1\u00edrt <a href=\"\/varostortenet\/b-021\">telep\u00edt\u00e9si szerz\u0151d\u00e9s<\/a> jelentette a val\u00f3di \u00fajrakezd\u00e9st.<\/p>\n<div class=\"kv-page-margin-1\">\u00a0<\/div>\n<p><\/p>","protected":false},"excerpt":{"rendered":"<p>A t\u00f6r\u00f6k h\u00f3dolts\u00e1got a kaposi v\u00e1r sem ker\u00fclhette el. De az 1686. \u00e9vi felszabadul\u00e1s felem\u00e1s korszakhat\u00e1rnak bizonyult: v\u00e9get vetett ugyan egy zs\u00e1kutc\u00e1s, a ter\u00fcletet egy keleti monarchia sors\u00e1hoz kapcsol\u00f3 id\u0151szaknak, de m\u00e9g nem jelentette a val\u00f3di meg\u00fajul\u00e1s nyit\u00e1ny\u00e1t. Megjelentek a fejl\u0151d\u00e9s cs\u00edr\u00e1i (nemsok\u00e1ra megalakultak az els\u0151 c\u00e9hek, templom \u00e9p\u00fclt, kibocs\u00e1tott\u00e1k az els\u0151 urb\u00e1riumot), de a [&hellip;]<\/p>\n","protected":false},"author":13,"featured_media":2724,"parent":1179,"menu_order":0,"comment_status":"closed","ping_status":"closed","template":"","meta":[],"acf":[],"yoast_head":"<!-- This site is optimized with the Yoast SEO plugin v19.8 - https:\/\/yoast.com\/wordpress\/plugins\/seo\/ -->\n<title>K\u00fczdelmes id\u0151k (1555\u20131712) - Kaposv\u00e1r Megyei Jog\u00fa V\u00e1ros<\/title>\n<meta name=\"robots\" content=\"index, follow, max-snippet:-1, max-image-preview:large, max-video-preview:-1\" \/>\n<link rel=\"canonical\" href=\"https:\/\/otthon.kaposvar.hu\/hu\/barangolas-a-varostortenetben\/masodik-korszak\/\" \/>\n<meta property=\"og:locale\" content=\"hu_HU\" \/>\n<meta property=\"og:type\" content=\"article\" \/>\n<meta property=\"og:title\" content=\"K\u00fczdelmes id\u0151k (1555\u20131712) - Kaposv\u00e1r Megyei Jog\u00fa V\u00e1ros\" \/>\n<meta property=\"og:description\" content=\"A t\u00f6r\u00f6k h\u00f3dolts\u00e1got a kaposi v\u00e1r sem ker\u00fclhette el. De az 1686. \u00e9vi felszabadul\u00e1s felem\u00e1s korszakhat\u00e1rnak bizonyult: v\u00e9get vetett ugyan egy zs\u00e1kutc\u00e1s, a ter\u00fcletet egy keleti monarchia sors\u00e1hoz kapcsol\u00f3 id\u0151szaknak, de m\u00e9g nem jelentette a val\u00f3di meg\u00fajul\u00e1s nyit\u00e1ny\u00e1t. Megjelentek a fejl\u0151d\u00e9s cs\u00edr\u00e1i (nemsok\u00e1ra megalakultak az els\u0151 c\u00e9hek, templom \u00e9p\u00fclt, kibocs\u00e1tott\u00e1k az els\u0151 urb\u00e1riumot), de a [&hellip;]\" \/>\n<meta property=\"og:url\" content=\"https:\/\/otthon.kaposvar.hu\/hu\/barangolas-a-varostortenetben\/masodik-korszak\/\" \/>\n<meta property=\"og:site_name\" content=\"Kaposv\u00e1r Megyei Jog\u00fa V\u00e1ros\" \/>\n<meta property=\"article:publisher\" content=\"https:\/\/www.facebook.com\/cityofkaposvar\/\" \/>\n<meta property=\"article:modified_time\" content=\"2018-02-11T22:27:57+00:00\" \/>\n<meta property=\"og:image\" content=\"https:\/\/otthon.kaposvar.hu\/wp-content\/uploads\/2018\/02\/1555-1712-A-Carlo-Manone-f\u00e9le-metszet-1686_web.jpg\" \/>\n\t<meta property=\"og:image:width\" content=\"1668\" \/>\n\t<meta property=\"og:image:height\" content=\"1085\" \/>\n\t<meta property=\"og:image:type\" content=\"image\/jpeg\" \/>\n<meta name=\"twitter:card\" content=\"summary_large_image\" \/>\n<meta name=\"twitter:label1\" content=\"Becs\u00fclt olvas\u00e1si id\u0151\" \/>\n\t<meta name=\"twitter:data1\" content=\"1 perc\" \/>\n<script type=\"application\/ld+json\" class=\"yoast-schema-graph\">{\"@context\":\"https:\/\/schema.org\",\"@graph\":[{\"@type\":\"WebPage\",\"@id\":\"https:\/\/otthon.kaposvar.hu\/hu\/barangolas-a-varostortenetben\/masodik-korszak\/\",\"url\":\"https:\/\/otthon.kaposvar.hu\/hu\/barangolas-a-varostortenetben\/masodik-korszak\/\",\"name\":\"K\u00fczdelmes id\u0151k (1555\u20131712) - Kaposv\u00e1r Megyei Jog\u00fa V\u00e1ros\",\"isPartOf\":{\"@id\":\"https:\/\/otthon.kaposvar.hu\/hu\/#website\"},\"datePublished\":\"2017-03-06T11:29:39+00:00\",\"dateModified\":\"2018-02-11T22:27:57+00:00\",\"breadcrumb\":{\"@id\":\"https:\/\/otthon.kaposvar.hu\/hu\/barangolas-a-varostortenetben\/masodik-korszak\/#breadcrumb\"},\"inLanguage\":\"hu\",\"potentialAction\":[{\"@type\":\"ReadAction\",\"target\":[[\"https:\/\/otthon.kaposvar.hu\/hu\/barangolas-a-varostortenetben\/masodik-korszak\/\"]]}]},{\"@type\":\"BreadcrumbList\",\"@id\":\"https:\/\/otthon.kaposvar.hu\/hu\/barangolas-a-varostortenetben\/masodik-korszak\/#breadcrumb\",\"itemListElement\":[{\"@type\":\"ListItem\",\"position\":1,\"name\":\"Home\",\"item\":\"https:\/\/otthon.kaposvar.hu\/hu\/\"},{\"@type\":\"ListItem\",\"position\":2,\"name\":\"Barangol\u00e1s a v\u00e1rost\u00f6rt\u00e9netben\",\"item\":\"https:\/\/otthon.kaposvar.hu\/hu\/barangolas-a-varostortenetben\/\"},{\"@type\":\"ListItem\",\"position\":3,\"name\":\"K\u00fczdelmes id\u0151k (1555\u20131712)\"}]},{\"@type\":\"WebSite\",\"@id\":\"https:\/\/otthon.kaposvar.hu\/hu\/#website\",\"url\":\"https:\/\/otthon.kaposvar.hu\/hu\/\",\"name\":\"Kaposv\u00e1r Megyei Jog\u00fa V\u00e1ros\",\"description\":\"\",\"publisher\":{\"@id\":\"https:\/\/otthon.kaposvar.hu\/hu\/#organization\"},\"potentialAction\":[{\"@type\":\"SearchAction\",\"target\":{\"@type\":\"EntryPoint\",\"urlTemplate\":\"https:\/\/otthon.kaposvar.hu\/hu\/?s={search_term_string}\"},\"query-input\":\"required name=search_term_string\"}],\"inLanguage\":\"hu\"},{\"@type\":\"Organization\",\"@id\":\"https:\/\/otthon.kaposvar.hu\/hu\/#organization\",\"name\":\"Kaposv\u00e1r Megyei Jog\u00fa V\u00e1ros\",\"url\":\"https:\/\/otthon.kaposvar.hu\/hu\/\",\"sameAs\":[\"https:\/\/www.instagram.com\/cityofkaposvar\/\",\"https:\/\/www.facebook.com\/cityofkaposvar\/\"],\"logo\":{\"@type\":\"ImageObject\",\"inLanguage\":\"hu\",\"@id\":\"https:\/\/otthon.kaposvar.hu\/hu\/#\/schema\/logo\/image\/\",\"url\":\"https:\/\/otthon.kaposvar.hu\/wp-content\/uploads\/2021\/10\/kaposvar_social.jpg\",\"contentUrl\":\"https:\/\/otthon.kaposvar.hu\/wp-content\/uploads\/2021\/10\/kaposvar_social.jpg\",\"width\":1200,\"height\":900,\"caption\":\"Kaposv\u00e1r Megyei Jog\u00fa V\u00e1ros\"},\"image\":{\"@id\":\"https:\/\/otthon.kaposvar.hu\/hu\/#\/schema\/logo\/image\/\"}}]}<\/script>\n<!-- \/ Yoast SEO plugin. -->","yoast_head_json":{"title":"K\u00fczdelmes id\u0151k (1555\u20131712) - Kaposv\u00e1r Megyei Jog\u00fa V\u00e1ros","robots":{"index":"index","follow":"follow","max-snippet":"max-snippet:-1","max-image-preview":"max-image-preview:large","max-video-preview":"max-video-preview:-1"},"canonical":"https:\/\/otthon.kaposvar.hu\/hu\/barangolas-a-varostortenetben\/masodik-korszak\/","og_locale":"hu_HU","og_type":"article","og_title":"K\u00fczdelmes id\u0151k (1555\u20131712) - Kaposv\u00e1r Megyei Jog\u00fa V\u00e1ros","og_description":"A t\u00f6r\u00f6k h\u00f3dolts\u00e1got a kaposi v\u00e1r sem ker\u00fclhette el. De az 1686. \u00e9vi felszabadul\u00e1s felem\u00e1s korszakhat\u00e1rnak bizonyult: v\u00e9get vetett ugyan egy zs\u00e1kutc\u00e1s, a ter\u00fcletet egy keleti monarchia sors\u00e1hoz kapcsol\u00f3 id\u0151szaknak, de m\u00e9g nem jelentette a val\u00f3di meg\u00fajul\u00e1s nyit\u00e1ny\u00e1t. Megjelentek a fejl\u0151d\u00e9s cs\u00edr\u00e1i (nemsok\u00e1ra megalakultak az els\u0151 c\u00e9hek, templom \u00e9p\u00fclt, kibocs\u00e1tott\u00e1k az els\u0151 urb\u00e1riumot), de a [&hellip;]","og_url":"https:\/\/otthon.kaposvar.hu\/hu\/barangolas-a-varostortenetben\/masodik-korszak\/","og_site_name":"Kaposv\u00e1r Megyei Jog\u00fa V\u00e1ros","article_publisher":"https:\/\/www.facebook.com\/cityofkaposvar\/","article_modified_time":"2018-02-11T22:27:57+00:00","og_image":[{"width":1668,"height":1085,"url":"https:\/\/otthon.kaposvar.hu\/wp-content\/uploads\/2018\/02\/1555-1712-A-Carlo-Manone-f\u00e9le-metszet-1686_web.jpg","type":"image\/jpeg"}],"twitter_card":"summary_large_image","twitter_misc":{"Becs\u00fclt olvas\u00e1si id\u0151":"1 perc"},"schema":{"@context":"https:\/\/schema.org","@graph":[{"@type":"WebPage","@id":"https:\/\/otthon.kaposvar.hu\/hu\/barangolas-a-varostortenetben\/masodik-korszak\/","url":"https:\/\/otthon.kaposvar.hu\/hu\/barangolas-a-varostortenetben\/masodik-korszak\/","name":"K\u00fczdelmes id\u0151k (1555\u20131712) - Kaposv\u00e1r Megyei Jog\u00fa V\u00e1ros","isPartOf":{"@id":"https:\/\/otthon.kaposvar.hu\/hu\/#website"},"datePublished":"2017-03-06T11:29:39+00:00","dateModified":"2018-02-11T22:27:57+00:00","breadcrumb":{"@id":"https:\/\/otthon.kaposvar.hu\/hu\/barangolas-a-varostortenetben\/masodik-korszak\/#breadcrumb"},"inLanguage":"hu","potentialAction":[{"@type":"ReadAction","target":[["https:\/\/otthon.kaposvar.hu\/hu\/barangolas-a-varostortenetben\/masodik-korszak\/"]]}]},{"@type":"BreadcrumbList","@id":"https:\/\/otthon.kaposvar.hu\/hu\/barangolas-a-varostortenetben\/masodik-korszak\/#breadcrumb","itemListElement":[{"@type":"ListItem","position":1,"name":"Home","item":"https:\/\/otthon.kaposvar.hu\/hu\/"},{"@type":"ListItem","position":2,"name":"Barangol\u00e1s a v\u00e1rost\u00f6rt\u00e9netben","item":"https:\/\/otthon.kaposvar.hu\/hu\/barangolas-a-varostortenetben\/"},{"@type":"ListItem","position":3,"name":"K\u00fczdelmes id\u0151k (1555\u20131712)"}]},{"@type":"WebSite","@id":"https:\/\/otthon.kaposvar.hu\/hu\/#website","url":"https:\/\/otthon.kaposvar.hu\/hu\/","name":"Kaposv\u00e1r Megyei Jog\u00fa V\u00e1ros","description":"","publisher":{"@id":"https:\/\/otthon.kaposvar.hu\/hu\/#organization"},"potentialAction":[{"@type":"SearchAction","target":{"@type":"EntryPoint","urlTemplate":"https:\/\/otthon.kaposvar.hu\/hu\/?s={search_term_string}"},"query-input":"required name=search_term_string"}],"inLanguage":"hu"},{"@type":"Organization","@id":"https:\/\/otthon.kaposvar.hu\/hu\/#organization","name":"Kaposv\u00e1r Megyei Jog\u00fa V\u00e1ros","url":"https:\/\/otthon.kaposvar.hu\/hu\/","sameAs":["https:\/\/www.instagram.com\/cityofkaposvar\/","https:\/\/www.facebook.com\/cityofkaposvar\/"],"logo":{"@type":"ImageObject","inLanguage":"hu","@id":"https:\/\/otthon.kaposvar.hu\/hu\/#\/schema\/logo\/image\/","url":"https:\/\/otthon.kaposvar.hu\/wp-content\/uploads\/2021\/10\/kaposvar_social.jpg","contentUrl":"https:\/\/otthon.kaposvar.hu\/wp-content\/uploads\/2021\/10\/kaposvar_social.jpg","width":1200,"height":900,"caption":"Kaposv\u00e1r Megyei Jog\u00fa V\u00e1ros"},"image":{"@id":"https:\/\/otthon.kaposvar.hu\/hu\/#\/schema\/logo\/image\/"}}]}},"_links":{"self":[{"href":"https:\/\/otthon.kaposvar.hu\/hu\/wp-json\/wp\/v2\/pages\/1356"}],"collection":[{"href":"https:\/\/otthon.kaposvar.hu\/hu\/wp-json\/wp\/v2\/pages"}],"about":[{"href":"https:\/\/otthon.kaposvar.hu\/hu\/wp-json\/wp\/v2\/types\/page"}],"author":[{"embeddable":true,"href":"https:\/\/otthon.kaposvar.hu\/hu\/wp-json\/wp\/v2\/users\/13"}],"replies":[{"embeddable":true,"href":"https:\/\/otthon.kaposvar.hu\/hu\/wp-json\/wp\/v2\/comments?post=1356"}],"version-history":[{"count":0,"href":"https:\/\/otthon.kaposvar.hu\/hu\/wp-json\/wp\/v2\/pages\/1356\/revisions"}],"up":[{"embeddable":true,"href":"https:\/\/otthon.kaposvar.hu\/hu\/wp-json\/wp\/v2\/pages\/1179"}],"wp:featuredmedia":[{"embeddable":true,"href":"https:\/\/otthon.kaposvar.hu\/hu\/wp-json\/wp\/v2\/media\/2724"}],"wp:attachment":[{"href":"https:\/\/otthon.kaposvar.hu\/hu\/wp-json\/wp\/v2\/media?parent=1356"}],"curies":[{"name":"wp","href":"https:\/\/api.w.org\/{rel}","templated":true}]}}