{"id":1354,"date":"2017-03-06T12:04:16","date_gmt":"2017-03-06T11:04:16","guid":{"rendered":"http:\/\/lakossag.gyori.co.hu\/?page_id=1354"},"modified":"2018-02-11T23:25:43","modified_gmt":"2018-02-11T22:25:43","slug":"elso-korszak","status":"publish","type":"page","link":"https:\/\/otthon.kaposvar.hu\/hu\/barangolas-a-varostortenetben\/elso-korszak\/","title":{"rendered":"A v\u00e1r \u00e9s az ap\u00e1ts\u00e1g kora (a kezdetekt\u0151l 1555-ig)"},"content":{"rendered":"<p><\/p>\n<p class=\"kv-page-content-paragraph\">Ebben a korszakban eleinte a <a href=\"\/varostortenet\/b-001\">ropolyi v\u00e1r<\/a> \u00e9s a <a href=\"\/varostortenet\/b-003\">szentjakabi ap\u00e1ts\u00e1g<\/a> \u00e1llt az esem\u00e9nyek k\u00f6z\u00e9ppontj\u00e1ban, hiszen mai \u00e9rtelemben vett v\u00e1rosr\u00f3l m\u00e9g nem besz\u00e9lhet\u00fcnk a Kapos ment\u00e9n. A monostoralap\u00edt\u00e1s jelent\u0151s\u00e9g\u00e9t nem kis r\u00e9szben az adja, hogy a vall\u00e1si k\u00f6zpont \u00e9s a k\u00f6r\u00fcl\u00f6tte kialakult egyh\u00e1zi nagybirtok a szellemi-kultur\u00e1lis-gazdas\u00e1gi sz\u00e1lak s\u0171r\u0171 sz\u00f6ved\u00e9k\u00e9vel fonta be a Kapos menti k\u00f6z\u00e9pkor \u00e9vsz\u00e1zadait. K\u00e9s\u0151bb, a 14. sz\u00e1zad els\u0151 fel\u00e9ben \u00faj korszakot nyitott a Kapos vid\u00e9k\u00e9n, hogy <a href=\"\/varostortenet\/b-005\">v\u00e1r \u00e9p\u00fclt<\/a> a foly\u00f3 mocsarai k\u00f6z\u00f6tt. A k\u00f6vetkez\u0151 k\u00e9t \u00e9vsz\u00e1zadban folyamatosan emelkedett ennek az \u201e\u00dajv\u00e1rnak\u201d a jelent\u0151s\u00e9ge: r\u00e9sze lett az orsz\u00e1gos politik\u00e1nak, ut\u00f3bb a magyar v\u00e9gv\u00e1ri rendszernek \u2013 <a href=\"\/varostortenet\/b-009\">1555-t\u0151l pedig a t\u00f6r\u00f6k birodalomnak<\/a>, 131 hossz\u00fa esztend\u0151re.<\/p>\n<div class=\"kv-page-margin-1\">\u00a0<\/div>\n<p><\/p>","protected":false},"excerpt":{"rendered":"<p>Ebben a korszakban eleinte a ropolyi v\u00e1r \u00e9s a szentjakabi ap\u00e1ts\u00e1g \u00e1llt az esem\u00e9nyek k\u00f6z\u00e9ppontj\u00e1ban, hiszen mai \u00e9rtelemben vett v\u00e1rosr\u00f3l m\u00e9g nem besz\u00e9lhet\u00fcnk a Kapos ment\u00e9n. A monostoralap\u00edt\u00e1s jelent\u0151s\u00e9g\u00e9t nem kis r\u00e9szben az adja, hogy a vall\u00e1si k\u00f6zpont \u00e9s a k\u00f6r\u00fcl\u00f6tte kialakult egyh\u00e1zi nagybirtok a szellemi-kultur\u00e1lis-gazdas\u00e1gi sz\u00e1lak s\u0171r\u0171 sz\u00f6ved\u00e9k\u00e9vel fonta be a Kapos menti k\u00f6z\u00e9pkor [&hellip;]<\/p>\n","protected":false},"author":13,"featured_media":2722,"parent":1179,"menu_order":0,"comment_status":"closed","ping_status":"closed","template":"","meta":[],"acf":[],"yoast_head":"<!-- This site is optimized with the Yoast SEO plugin v19.8 - https:\/\/yoast.com\/wordpress\/plugins\/seo\/ -->\n<title>A v\u00e1r \u00e9s az ap\u00e1ts\u00e1g kora (a kezdetekt\u0151l 1555-ig) - Kaposv\u00e1r Megyei Jog\u00fa V\u00e1ros<\/title>\n<meta name=\"robots\" content=\"index, follow, max-snippet:-1, max-image-preview:large, max-video-preview:-1\" \/>\n<link rel=\"canonical\" href=\"https:\/\/otthon.kaposvar.hu\/hu\/barangolas-a-varostortenetben\/elso-korszak\/\" \/>\n<meta property=\"og:locale\" content=\"hu_HU\" \/>\n<meta property=\"og:type\" content=\"article\" \/>\n<meta property=\"og:title\" content=\"A v\u00e1r \u00e9s az ap\u00e1ts\u00e1g kora (a kezdetekt\u0151l 1555-ig) - Kaposv\u00e1r Megyei Jog\u00fa V\u00e1ros\" \/>\n<meta property=\"og:description\" content=\"Ebben a korszakban eleinte a ropolyi v\u00e1r \u00e9s a szentjakabi ap\u00e1ts\u00e1g \u00e1llt az esem\u00e9nyek k\u00f6z\u00e9ppontj\u00e1ban, hiszen mai \u00e9rtelemben vett v\u00e1rosr\u00f3l m\u00e9g nem besz\u00e9lhet\u00fcnk a Kapos ment\u00e9n. A monostoralap\u00edt\u00e1s jelent\u0151s\u00e9g\u00e9t nem kis r\u00e9szben az adja, hogy a vall\u00e1si k\u00f6zpont \u00e9s a k\u00f6r\u00fcl\u00f6tte kialakult egyh\u00e1zi nagybirtok a szellemi-kultur\u00e1lis-gazdas\u00e1gi sz\u00e1lak s\u0171r\u0171 sz\u00f6ved\u00e9k\u00e9vel fonta be a Kapos menti k\u00f6z\u00e9pkor [&hellip;]\" \/>\n<meta property=\"og:url\" content=\"https:\/\/otthon.kaposvar.hu\/hu\/barangolas-a-varostortenetben\/elso-korszak\/\" \/>\n<meta property=\"og:site_name\" content=\"Kaposv\u00e1r Megyei Jog\u00fa V\u00e1ros\" \/>\n<meta property=\"article:publisher\" content=\"https:\/\/www.facebook.com\/cityofkaposvar\/\" \/>\n<meta property=\"article:modified_time\" content=\"2018-02-11T22:25:43+00:00\" \/>\n<meta property=\"og:image\" content=\"https:\/\/otthon.kaposvar.hu\/wp-content\/uploads\/2018\/02\/1555-A-szentjakabi-eml\u00e9khely_web.jpg\" \/>\n\t<meta property=\"og:image:width\" content=\"2000\" \/>\n\t<meta property=\"og:image:height\" content=\"1338\" \/>\n\t<meta property=\"og:image:type\" content=\"image\/jpeg\" \/>\n<meta name=\"twitter:card\" content=\"summary_large_image\" \/>\n<meta name=\"twitter:label1\" content=\"Becs\u00fclt olvas\u00e1si id\u0151\" \/>\n\t<meta name=\"twitter:data1\" content=\"1 perc\" \/>\n<script type=\"application\/ld+json\" class=\"yoast-schema-graph\">{\"@context\":\"https:\/\/schema.org\",\"@graph\":[{\"@type\":\"WebPage\",\"@id\":\"https:\/\/otthon.kaposvar.hu\/hu\/barangolas-a-varostortenetben\/elso-korszak\/\",\"url\":\"https:\/\/otthon.kaposvar.hu\/hu\/barangolas-a-varostortenetben\/elso-korszak\/\",\"name\":\"A v\u00e1r \u00e9s az ap\u00e1ts\u00e1g kora (a kezdetekt\u0151l 1555-ig) - Kaposv\u00e1r Megyei Jog\u00fa V\u00e1ros\",\"isPartOf\":{\"@id\":\"https:\/\/otthon.kaposvar.hu\/hu\/#website\"},\"datePublished\":\"2017-03-06T11:04:16+00:00\",\"dateModified\":\"2018-02-11T22:25:43+00:00\",\"breadcrumb\":{\"@id\":\"https:\/\/otthon.kaposvar.hu\/hu\/barangolas-a-varostortenetben\/elso-korszak\/#breadcrumb\"},\"inLanguage\":\"hu\",\"potentialAction\":[{\"@type\":\"ReadAction\",\"target\":[[\"https:\/\/otthon.kaposvar.hu\/hu\/barangolas-a-varostortenetben\/elso-korszak\/\"]]}]},{\"@type\":\"BreadcrumbList\",\"@id\":\"https:\/\/otthon.kaposvar.hu\/hu\/barangolas-a-varostortenetben\/elso-korszak\/#breadcrumb\",\"itemListElement\":[{\"@type\":\"ListItem\",\"position\":1,\"name\":\"Home\",\"item\":\"https:\/\/otthon.kaposvar.hu\/hu\/\"},{\"@type\":\"ListItem\",\"position\":2,\"name\":\"Barangol\u00e1s a v\u00e1rost\u00f6rt\u00e9netben\",\"item\":\"https:\/\/otthon.kaposvar.hu\/hu\/barangolas-a-varostortenetben\/\"},{\"@type\":\"ListItem\",\"position\":3,\"name\":\"A v\u00e1r \u00e9s az ap\u00e1ts\u00e1g kora (a kezdetekt\u0151l 1555-ig)\"}]},{\"@type\":\"WebSite\",\"@id\":\"https:\/\/otthon.kaposvar.hu\/hu\/#website\",\"url\":\"https:\/\/otthon.kaposvar.hu\/hu\/\",\"name\":\"Kaposv\u00e1r Megyei Jog\u00fa V\u00e1ros\",\"description\":\"\",\"publisher\":{\"@id\":\"https:\/\/otthon.kaposvar.hu\/hu\/#organization\"},\"potentialAction\":[{\"@type\":\"SearchAction\",\"target\":{\"@type\":\"EntryPoint\",\"urlTemplate\":\"https:\/\/otthon.kaposvar.hu\/hu\/?s={search_term_string}\"},\"query-input\":\"required name=search_term_string\"}],\"inLanguage\":\"hu\"},{\"@type\":\"Organization\",\"@id\":\"https:\/\/otthon.kaposvar.hu\/hu\/#organization\",\"name\":\"Kaposv\u00e1r Megyei Jog\u00fa V\u00e1ros\",\"url\":\"https:\/\/otthon.kaposvar.hu\/hu\/\",\"sameAs\":[\"https:\/\/www.instagram.com\/cityofkaposvar\/\",\"https:\/\/www.facebook.com\/cityofkaposvar\/\"],\"logo\":{\"@type\":\"ImageObject\",\"inLanguage\":\"hu\",\"@id\":\"https:\/\/otthon.kaposvar.hu\/hu\/#\/schema\/logo\/image\/\",\"url\":\"https:\/\/otthon.kaposvar.hu\/wp-content\/uploads\/2021\/10\/kaposvar_social.jpg\",\"contentUrl\":\"https:\/\/otthon.kaposvar.hu\/wp-content\/uploads\/2021\/10\/kaposvar_social.jpg\",\"width\":1200,\"height\":900,\"caption\":\"Kaposv\u00e1r Megyei Jog\u00fa V\u00e1ros\"},\"image\":{\"@id\":\"https:\/\/otthon.kaposvar.hu\/hu\/#\/schema\/logo\/image\/\"}}]}<\/script>\n<!-- \/ Yoast SEO plugin. -->","yoast_head_json":{"title":"A v\u00e1r \u00e9s az ap\u00e1ts\u00e1g kora (a kezdetekt\u0151l 1555-ig) - Kaposv\u00e1r Megyei Jog\u00fa V\u00e1ros","robots":{"index":"index","follow":"follow","max-snippet":"max-snippet:-1","max-image-preview":"max-image-preview:large","max-video-preview":"max-video-preview:-1"},"canonical":"https:\/\/otthon.kaposvar.hu\/hu\/barangolas-a-varostortenetben\/elso-korszak\/","og_locale":"hu_HU","og_type":"article","og_title":"A v\u00e1r \u00e9s az ap\u00e1ts\u00e1g kora (a kezdetekt\u0151l 1555-ig) - Kaposv\u00e1r Megyei Jog\u00fa V\u00e1ros","og_description":"Ebben a korszakban eleinte a ropolyi v\u00e1r \u00e9s a szentjakabi ap\u00e1ts\u00e1g \u00e1llt az esem\u00e9nyek k\u00f6z\u00e9ppontj\u00e1ban, hiszen mai \u00e9rtelemben vett v\u00e1rosr\u00f3l m\u00e9g nem besz\u00e9lhet\u00fcnk a Kapos ment\u00e9n. A monostoralap\u00edt\u00e1s jelent\u0151s\u00e9g\u00e9t nem kis r\u00e9szben az adja, hogy a vall\u00e1si k\u00f6zpont \u00e9s a k\u00f6r\u00fcl\u00f6tte kialakult egyh\u00e1zi nagybirtok a szellemi-kultur\u00e1lis-gazdas\u00e1gi sz\u00e1lak s\u0171r\u0171 sz\u00f6ved\u00e9k\u00e9vel fonta be a Kapos menti k\u00f6z\u00e9pkor [&hellip;]","og_url":"https:\/\/otthon.kaposvar.hu\/hu\/barangolas-a-varostortenetben\/elso-korszak\/","og_site_name":"Kaposv\u00e1r Megyei Jog\u00fa V\u00e1ros","article_publisher":"https:\/\/www.facebook.com\/cityofkaposvar\/","article_modified_time":"2018-02-11T22:25:43+00:00","og_image":[{"width":2000,"height":1338,"url":"https:\/\/otthon.kaposvar.hu\/wp-content\/uploads\/2018\/02\/1555-A-szentjakabi-eml\u00e9khely_web.jpg","type":"image\/jpeg"}],"twitter_card":"summary_large_image","twitter_misc":{"Becs\u00fclt olvas\u00e1si id\u0151":"1 perc"},"schema":{"@context":"https:\/\/schema.org","@graph":[{"@type":"WebPage","@id":"https:\/\/otthon.kaposvar.hu\/hu\/barangolas-a-varostortenetben\/elso-korszak\/","url":"https:\/\/otthon.kaposvar.hu\/hu\/barangolas-a-varostortenetben\/elso-korszak\/","name":"A v\u00e1r \u00e9s az ap\u00e1ts\u00e1g kora (a kezdetekt\u0151l 1555-ig) - Kaposv\u00e1r Megyei Jog\u00fa V\u00e1ros","isPartOf":{"@id":"https:\/\/otthon.kaposvar.hu\/hu\/#website"},"datePublished":"2017-03-06T11:04:16+00:00","dateModified":"2018-02-11T22:25:43+00:00","breadcrumb":{"@id":"https:\/\/otthon.kaposvar.hu\/hu\/barangolas-a-varostortenetben\/elso-korszak\/#breadcrumb"},"inLanguage":"hu","potentialAction":[{"@type":"ReadAction","target":[["https:\/\/otthon.kaposvar.hu\/hu\/barangolas-a-varostortenetben\/elso-korszak\/"]]}]},{"@type":"BreadcrumbList","@id":"https:\/\/otthon.kaposvar.hu\/hu\/barangolas-a-varostortenetben\/elso-korszak\/#breadcrumb","itemListElement":[{"@type":"ListItem","position":1,"name":"Home","item":"https:\/\/otthon.kaposvar.hu\/hu\/"},{"@type":"ListItem","position":2,"name":"Barangol\u00e1s a v\u00e1rost\u00f6rt\u00e9netben","item":"https:\/\/otthon.kaposvar.hu\/hu\/barangolas-a-varostortenetben\/"},{"@type":"ListItem","position":3,"name":"A v\u00e1r \u00e9s az ap\u00e1ts\u00e1g kora (a kezdetekt\u0151l 1555-ig)"}]},{"@type":"WebSite","@id":"https:\/\/otthon.kaposvar.hu\/hu\/#website","url":"https:\/\/otthon.kaposvar.hu\/hu\/","name":"Kaposv\u00e1r Megyei Jog\u00fa V\u00e1ros","description":"","publisher":{"@id":"https:\/\/otthon.kaposvar.hu\/hu\/#organization"},"potentialAction":[{"@type":"SearchAction","target":{"@type":"EntryPoint","urlTemplate":"https:\/\/otthon.kaposvar.hu\/hu\/?s={search_term_string}"},"query-input":"required name=search_term_string"}],"inLanguage":"hu"},{"@type":"Organization","@id":"https:\/\/otthon.kaposvar.hu\/hu\/#organization","name":"Kaposv\u00e1r Megyei Jog\u00fa V\u00e1ros","url":"https:\/\/otthon.kaposvar.hu\/hu\/","sameAs":["https:\/\/www.instagram.com\/cityofkaposvar\/","https:\/\/www.facebook.com\/cityofkaposvar\/"],"logo":{"@type":"ImageObject","inLanguage":"hu","@id":"https:\/\/otthon.kaposvar.hu\/hu\/#\/schema\/logo\/image\/","url":"https:\/\/otthon.kaposvar.hu\/wp-content\/uploads\/2021\/10\/kaposvar_social.jpg","contentUrl":"https:\/\/otthon.kaposvar.hu\/wp-content\/uploads\/2021\/10\/kaposvar_social.jpg","width":1200,"height":900,"caption":"Kaposv\u00e1r Megyei Jog\u00fa V\u00e1ros"},"image":{"@id":"https:\/\/otthon.kaposvar.hu\/hu\/#\/schema\/logo\/image\/"}}]}},"_links":{"self":[{"href":"https:\/\/otthon.kaposvar.hu\/hu\/wp-json\/wp\/v2\/pages\/1354"}],"collection":[{"href":"https:\/\/otthon.kaposvar.hu\/hu\/wp-json\/wp\/v2\/pages"}],"about":[{"href":"https:\/\/otthon.kaposvar.hu\/hu\/wp-json\/wp\/v2\/types\/page"}],"author":[{"embeddable":true,"href":"https:\/\/otthon.kaposvar.hu\/hu\/wp-json\/wp\/v2\/users\/13"}],"replies":[{"embeddable":true,"href":"https:\/\/otthon.kaposvar.hu\/hu\/wp-json\/wp\/v2\/comments?post=1354"}],"version-history":[{"count":0,"href":"https:\/\/otthon.kaposvar.hu\/hu\/wp-json\/wp\/v2\/pages\/1354\/revisions"}],"up":[{"embeddable":true,"href":"https:\/\/otthon.kaposvar.hu\/hu\/wp-json\/wp\/v2\/pages\/1179"}],"wp:featuredmedia":[{"embeddable":true,"href":"https:\/\/otthon.kaposvar.hu\/hu\/wp-json\/wp\/v2\/media\/2722"}],"wp:attachment":[{"href":"https:\/\/otthon.kaposvar.hu\/hu\/wp-json\/wp\/v2\/media?parent=1354"}],"curies":[{"name":"wp","href":"https:\/\/api.w.org\/{rel}","templated":true}]}}