{"id":1189,"date":"2017-03-03T21:45:27","date_gmt":"2017-03-03T20:45:27","guid":{"rendered":"http:\/\/lakossag.kaposvar\/?page_id=1189"},"modified":"2026-01-28T16:25:21","modified_gmt":"2026-01-28T15:25:21","slug":"az-ev-sportoloja-kituntetes-tulajdonosai","status":"publish","type":"page","link":"https:\/\/otthon.kaposvar.hu\/hu\/az-ev-sportoloja-kituntetes-tulajdonosai\/","title":{"rendered":"Az \u00c9v Sportol\u00f3ja kit\u00fcntet\u00e9s tulajdonosai"},"content":{"rendered":"<p><\/p>\n<p><strong>Szerafin Zs\u00f3fia S\u00e1ra<\/strong><\/p>\n<p>kajakversenyz\u0151, Kaposv\u00e1ri V\u00edz\u00fcgyi Sport Club, 2026<\/p>\n<p><strong>Naji D\u00e1vid<\/strong><\/p>\n<p>judo versenyz\u0151, Kaposv\u00e1ri Sportiskola Ut\u00e1np\u00f3tl\u00e1s SE, 2026<\/p>\n<p><strong>Kaposv\u00e1ri N\u0151i R\u00f6plabda Club feln\u0151tt n\u0151i r\u00f6plabdacsapata<\/strong><\/p>\n<p>2026<\/p>\n<p class=\"kv-page-content-paragraph\"><strong>Farkas J\u00falia<\/strong><br \/>\nritmikusgimnasztika-versenyz\u0151, LSC Ritmikus Gimnasztika SE, 2025<\/p>\n<p class=\"kv-page-content-paragraph\"><strong>Naji D\u00e1vid<\/strong><br \/>\njudoversenyz\u0151, Kaposv\u00e1ri Sportiskola Ut\u00e1np\u00f3tl\u00e1s SE, 2025<\/p>\n<p class=\"kv-page-content-paragraph\"><strong>Kaposv\u00e1ri R\u00f6plabda Sportegyes\u00fclet f\u00e9rfi-r\u00f6plabdacsapata<\/strong><br \/>\n2025<\/p>\n<p class=\"kv-page-content-paragraph\"><strong>Szerafin Zs\u00f3fia S\u00e1ra<\/strong><br \/>\nkajakversenyz\u0151, Kaposv\u00e1ri V\u00edz\u00fcgyi Sport Club, 2024<\/p>\n<p class=\"kv-page-content-paragraph\"><strong>Naji D\u00e1vid<\/strong><br \/>\njudoversenyz\u0151, Kaposv\u00e1ri Judo Klub, 2024<\/p>\n<p class=\"kv-page-content-paragraph\"><strong>Fino Kaposv\u00e1ri R\u00f6plabda Sportegyes\u00fclet feln\u0151ttf\u00e9rfi-r\u00f6plabdacsapata<\/strong><br \/>\n2024<\/p>\n<p class=\"kv-page-content-paragraph\"><strong>Farkas J\u00falia<\/strong><br \/>\nritmikusgimnasztika-versenyz\u0151, LSC Ritmikus Gimnasztika SE, 2023<\/p>\n<p class=\"kv-page-content-paragraph\"><strong>Lengyelt\u00f3ti Bence<\/strong><br \/>\nuszonyos \u00fasz\u00f3, Kaposv\u00e1ri 1. MCM Diamant Adorj\u00e1n SE, 2023<\/p>\n<p class=\"kv-page-content-paragraph\"><strong>Fino Kaposv\u00e1ri R\u00f6plabda Sportegyes\u00fclet feln\u0151ttf\u00e9rfi-r\u00f6plabdacsapata<\/strong><br \/>\n2023<\/p>\n<p class=\"kv-page-content-paragraph\"><strong>Halmai Petra<\/strong><br \/>\n\u00fasz\u00f3, Kaposv\u00e1ri Sportk\u00f6zpont \u00e9s Sportiskola, 2022<\/p>\n<p class=\"kv-page-content-paragraph\"><strong>Herczeg Bal\u00e1zs<\/strong><br \/>\nmotorversenyz\u0151, 2022<\/p>\n<p class=\"kv-page-content-paragraph\"><strong>FINO Kaposv\u00e1r R\u00f6plabda Sportegyes\u00fclet<\/strong><br \/>\n2022<\/p>\n<p class=\"kv-page-content-paragraph\"><strong>Halmai Petra<\/strong><br \/>\n\u00fasz\u00f3, Kaposv\u00e1ri Sportk\u00f6zpont \u00e9s Sportiskola, 2021<\/p>\n<p class=\"kv-page-content-paragraph\"><strong>Boros Bence<\/strong><br \/>\ncselg\u00e1ncsoz\u00f3, Kaposv\u00e1ri Judo Klub, 2021<\/p>\n<p class=\"kv-page-content-paragraph\"><strong>1. MCM-Diamant Kaposv\u00e1ri N\u0151i R\u00f6plabda Club<\/strong><br \/>\n2021<\/p>\n<p class=\"kv-page-content-paragraph\"><strong>Szerencs\u00e9s-Miklai Zsanett<\/strong><br \/>\nr\u00f6plabd\u00e1z\u00f3, 1. MCM-Diamant Kaposv\u00e1ri N\u0151i R\u00f6plabda Club, 2020<\/p>\n<p class=\"kv-page-content-paragraph\"><strong>Boros Bence<\/strong><br \/>\ncselg\u00e1ncsoz\u00f3, Kaposv\u00e1ri Judo Klub, 2020<\/p>\n<p class=\"kv-page-content-paragraph\"><strong>Kaposv\u00e1ri R\u00e1k\u00f3czi FC labdar\u00fag\u00f3csapata<\/strong><br \/>\n2020<\/p>\n<p class=\"kv-page-content-paragraph\"><strong>Halmai Petra<\/strong><br \/>\n\u00fasz\u00f3, Kaposv\u00e1ri Sportk\u00f6zpont \u00e9s Sportiskola, 2019<\/p>\n<p class=\"kv-page-content-paragraph\"><strong>Boros Bence<\/strong><br \/>\ncselg\u00e1ncsoz\u00f3, Kaposv\u00e1ri Judo Klub, 2019<\/p>\n<p class=\"kv-page-content-paragraph\"><strong>Lutter Eszter \u00e9s Szombathelyi Szandra<\/strong><br \/>\na Kaposv\u00e1ri R\u00f6plabda Akad\u00e9mia magyar bajnok n\u0151i strandr\u00f6plabdap\u00e1rosa, 2019<\/p>\n<p class=\"kv-page-content-paragraph\"><strong>Varga Krisztina<\/strong><br \/>\nuszonyos \u00e9s b\u00fav\u00e1r\u00fasz\u00f3, Kaposv\u00e1ri 1. MCM-Diamant Adorj\u00e1n SE, 2018<\/p>\n<p class=\"kv-page-content-paragraph\"><strong>Szvoboda Bence<\/strong><br \/>\nmotokrosszversenyz\u0151, 2018<\/p>\n<p class=\"kv-page-content-paragraph\"><strong>FINO Kaposv\u00e1r R\u00f6plabda Egyes\u00fclet<\/strong><br \/>\n2018<\/p>\n<p class=\"kv-page-content-paragraph\"><strong>Varga Krisztina<\/strong><br \/>\nuszonyos \u00e9s b\u00fav\u00e1r\u00fasz\u00f3, Kaposv\u00e1ri 1. MCM-Diamant Adorj\u00e1n SE, 2017<\/p>\n<p class=\"kv-page-content-paragraph\"><strong>Bence Bal\u00e1zs<\/strong><br \/>\nlovastorn\u00e1sz, Lovasakad\u00e9mia Sport Klub, 2017<\/p>\n<p class=\"kv-page-content-paragraph\"><strong>Fino Kaposv\u00e1ri R\u00f6plabda Sportegyes\u00fclet f\u00e9rfi r\u00f6plabdacsapata<\/strong><br \/>\n2017<\/p>\n<p class=\"kv-page-content-paragraph\"><strong>Bajnok Eszter<\/strong><br \/>\natl\u00e9ta, a Favorit Atl\u00e9tikai Klub sportol\u00f3ja, 2016<\/p>\n<p class=\"kv-page-content-paragraph\"><strong>Hendlein Roland<\/strong><br \/>\nkos\u00e1rlabd\u00e1z\u00f3, a Kaposv\u00e1ri Kos\u00e1rlabda Klub sportol\u00f3ja, 2016<\/p>\n<p class=\"kv-page-content-paragraph\"><strong>FINO Kaposv\u00e1r R\u00f6plabda Egyes\u00fclet<\/strong><br \/>\n2016<\/p>\n<p class=\"kv-page-content-paragraph\"><strong>Csima Laura<\/strong><br \/>\nkajak \u00e9s alpesi s\u00ed sport\u00e1gak, Kaposv\u00e1ri V\u00edz\u00fcgyi Sportklub, 2015<\/p>\n<p class=\"kv-page-content-paragraph\"><strong>Geiger Andr\u00e1s<\/strong><br \/>\nr\u00f6plabda sport\u00e1g, Fino Kaposv\u00e1r SE, 2015<\/p>\n<p class=\"kv-page-content-paragraph\"><strong>Kaposv\u00e1ri V\u00edzilabda Klub f\u00e9rfi csapata<\/strong><br \/>\n2015<\/p>\n<p class=\"kv-page-content-paragraph\"><strong>Gyenesei Leila<\/strong><br \/>\n\u00f6ttusa sport\u00e1g \u00c9p\u00edt\u0151k Atl\u00e9tikai Club, 2014<\/p>\n<p class=\"kv-page-content-paragraph\"><strong>Dud\u00e1s D\u00e1niel<\/strong><br \/>\n\u00fasz\u00f3, 2014<\/p>\n<p class=\"kv-page-content-paragraph\"><strong>Kaposv\u00e1ri Kos\u00e1rlabda Klub Kft<\/strong><br \/>\n2014<\/p>\n<p class=\"kv-page-content-paragraph\"><strong>Dani Gy\u00f6ngyi<\/strong><br \/>\np\u00e1rbajt\u0151r\u00f6z\u0151 paralimpikon, 2013<\/p>\n<p class=\"kv-page-content-paragraph\"><strong>Bozs\u00f3 Zolt\u00e1n<\/strong><br \/>\ntriatlon sport\u00e1g, Kaposv\u00e1ri Atl\u00e9tikai Club, 2013<\/p>\n<p class=\"kv-page-content-paragraph\"><strong>FINO Kaposv\u00e1ri R\u00f6plabda SE f\u00e9rfi csapata<\/strong><br \/>\n2013<\/p>\n<p class=\"kv-page-content-paragraph\"><strong>Gyenesei Leila<\/strong><br \/>\n\u00f6ttusa sport\u00e1g, \u00c9p\u00edt\u0151k Atl\u00e9tikai Club, 2012<\/p>\n<p class=\"kv-page-content-paragraph\"><strong>Dr. Csima Ferenc<\/strong><br \/>\nkajakoz\u00f3, Kaposv\u00e1ri V\u00edz\u00fcgyi Sport Club, 2012<\/p>\n<p class=\"kv-page-content-paragraph\"><strong>Fino Kaposv\u00e1ri R\u00f6plabda SE f\u00e9rfi csapata<\/strong><br \/>\n2012<\/p>\n<p class=\"kv-page-content-paragraph\"><strong>Borsos D\u00e1vid<\/strong><br \/>\nbirk\u00f3z\u00f3 sport\u00e1g, Kaposv\u00e1ri Neh\u00e9zatl\u00e9tikai SE, 2011<\/p>\n<p class=\"kv-page-content-paragraph\"><strong>Gyenesei Leila<\/strong><br \/>\n\u00f6ttusa sport\u00e1g, \u00c9p\u00edt\u0151k AC &#8211; Alba-Vol\u00e1n Bericap SC, 2011<\/p>\n<p class=\"kv-page-content-paragraph\"><strong>Kaposv\u00e1ri R\u00f6plabda SE f\u00e9rfi csapata<\/strong><br \/>\n2011<\/p>\n<p class=\"kv-page-content-paragraph\"><strong>Gyenesei Leila<\/strong><br \/>\n\u00f6ttusa sport\u00e1g, \u00c9p\u00edt\u0151k AC &#8211; Alba-Vol\u00e1n Bericap SC, 2010<\/p>\n<p class=\"kv-page-content-paragraph\"><strong>Kov\u00e1cs Zs\u00f3fia<\/strong><br \/>\nuszonyos \u00e9s b\u00fav\u00e1r\u00fasz\u00e1s sport\u00e1g, Kaposv\u00e1ri K\u00f6z\u00e9p\u00fcletkivitelez\u0151 Adorj\u00e1n SE, 2010<\/p>\n<p class=\"kv-page-content-paragraph\"><strong>S\u00e1fr\u00e1n Mih\u00e1ly<\/strong><br \/>\nkajak-kenu sport\u00e1g, Kaposv\u00e1ri V\u00edz\u00fcgyi Sport Club, 2010<\/p>\n<p class=\"kv-page-content-paragraph\"><strong>Kaposv\u00e1ri R\u00f6plabda SE f\u00e9rfi csapata<\/strong><br \/>\n2010<\/p>\n<p class=\"kv-page-content-paragraph\"><strong>Gyenesei Leila<\/strong><br \/>\n\u00f6ttusa sport\u00e1g, \u00c9p\u00edt\u0151k AC &#8211; Alba-Vol\u00e1n Bericap SC, 2009<\/p>\n<p class=\"kv-page-content-paragraph\"><strong>Szigeti Kriszti\u00e1n<\/strong><br \/>\nkajakoz\u00f3, Kaposv\u00e1ri V\u00edz\u00fcgyi SC, 2009<\/p>\n<p class=\"kv-page-content-paragraph\"><strong>Kaposv\u00e1ri R\u00e1k\u00f3czi FC<\/strong><br \/>\n2009<\/p>\n<p class=\"kv-page-content-paragraph\"><strong>Gyenesei Leila<\/strong><br \/>\n\u00f6ttusa sport\u00e1g, \u00c9p\u00edt\u0151k AC-Alba-Vol\u00e1n Bericap SC, 2008<\/p>\n<p class=\"kv-page-content-paragraph\"><strong>Egyed L\u00e1szl\u00f3<\/strong><br \/>\nlovas sport, Lovasakad\u00e9mia SC, 2008<\/p>\n<p class=\"kv-page-content-paragraph\"><strong>KOM\u00c9TA Kaposv\u00e1r SE f\u00e9rfi r\u00f6plabda csapata<\/strong><br \/>\n2008<\/p>\n<p class=\"kv-page-content-paragraph\"><strong>Budai Anita<\/strong><br \/>\njudo sport\u00e1g, Kaposv\u00e1ri Neh\u00e9zatl\u00e9tikai SE, 2007<\/p>\n<p class=\"kv-page-content-paragraph\"><strong>Gyenesei Leila<\/strong><br \/>\ns\u00ed sport\u00e1g, \u00c9p\u00edt\u0151k Atl\u00e9tikai Club, 2007<\/p>\n<p class=\"kv-page-content-paragraph\"><strong>Filipovics Gordan<\/strong><br \/>\nKaposv\u00e1ri Kos\u00e1rlabda Klub, 2007<\/p>\n<p class=\"kv-page-content-paragraph\"><strong>KOM\u00c9TA Kaposv\u00e1r SE r\u00f6plabda csapata<\/strong><br \/>\n2007<\/p>\n<p class=\"kv-page-content-paragraph\"><strong>Wirtz Melinda<\/strong><br \/>\nuszonyos \u00e9s b\u00fav\u00e1r\u00fasz\u00f3, K\u00f6z\u00e9p\u00fclet-kivitelez\u0151 Adorj\u00e1n SE, 2006<\/p>\n<p class=\"kv-page-content-paragraph\"><strong>Szigeti Kriszti\u00e1n<\/strong><br \/>\nkajakoz\u00f3, Kaposv\u00e1ri V\u00edz\u00fcgyi SC, 2006<\/p>\n<p class=\"kv-page-content-paragraph\"><strong>KOM\u00c9TA Kaposv\u00e1r SE f\u00e9rfi r\u00f6plabda csapata<\/strong><br \/>\n2006<\/p>\n<p class=\"kv-page-content-paragraph\"><strong>Kaposv\u00e1ri Kos\u00e1rlabda Klub f\u00e9rfi csapata<\/strong><br \/>\n2005<\/p>\n<p class=\"kv-page-content-paragraph\"><strong>Budai Anita<\/strong><br \/>\ncselg\u00e1ncsoz\u00f3, Kaposv\u00e1ri Neh\u00e9zatl\u00e9tikai SE, 2005<\/p>\n<p class=\"kv-page-content-paragraph\"><strong>Szigeti Kriszti\u00e1n<\/strong><br \/>\nkajak-kenu, K.V\u00edz\u00fcgyi SC, 2005<\/p>\n<p class=\"kv-page-content-paragraph\"><strong>Kaposv\u00e1ri Kos\u00e1rlabda Klub<\/strong><br \/>\n2004<\/p>\n<p class=\"kv-page-content-paragraph\"><strong>Simon Bal\u00e1zs<\/strong><br \/>\nkos\u00e1rlabd\u00e1z\u00f3, Kaposv\u00e1ri Kos\u00e1rlabda Klub, 2004<\/p>\n<p class=\"kv-page-content-paragraph\"><strong>L\u00e1bodi Laura<\/strong><br \/>\nb\u00fav\u00e1r\u00fasz\u00f3, K\u00f6z\u00e9p\u00fcletkivitelez\u0151 Adorj\u00e1n SE, 2004<\/p>\n<p class=\"kv-page-content-paragraph\"><strong>L\u00e1bodi Laura<\/strong><br \/>\nb\u00fav\u00e1r\u00fasz\u00f3, K\u00f6z\u00e9p\u00fcletkivitelez\u0151 Adorj\u00e1n SE, 2003<\/p>\n<p class=\"kv-page-content-paragraph\"><strong>Vinkler P\u00e9ter<\/strong><br \/>\nb\u00fav\u00e1r\u00fasz\u00f3, K\u00f6z\u00e9p\u00fcletkivitelez\u0151 Adorj\u00e1n SE, 2003<\/p>\n<p class=\"kv-page-content-paragraph\"><strong>KOMETA Kaposv\u00e1r SE f\u00e9rfi r\u00f6plabda csapata<\/strong><br \/>\n2003<\/p>\n<p class=\"kv-page-content-paragraph\"><strong>KOMETA Kaposv\u00e1r SE f\u00e9rfi r\u00f6plabda csapata<\/strong><br \/>\n2002<\/p>\n<p class=\"kv-page-content-paragraph\"><strong>Kl\u00edma-Vill Kaposv\u00e1ri Kos\u00e1rlabda Klub<\/strong><br \/>\n2002<\/p>\n<p class=\"kv-page-content-paragraph\"><strong>Vinkler P\u00e9ter<\/strong><br \/>\nb\u00fav\u00e1r\u00fasz\u00f3, K\u00f6z\u00e9p\u00fcletkivitelez\u0151 Adorj\u00e1n SE, 2002<\/p>\n<p class=\"kv-page-content-paragraph\"><strong>Gyenesei Judit<\/strong><br \/>\ns\u00edfut\u00f3, triatlonista, Kaposv\u00e1ri \u00c9p\u00edt\u0151k SC, 2002<\/p>\n<p class=\"kv-page-content-paragraph\"><strong>Kolesz\u00e1r G\u00e1bor<\/strong><br \/>\nbirk\u00f3z\u00f3, Kaposv\u00e1ri Neh\u00e9zatl\u00e9tikai SE, 2001<\/p>\n<p class=\"kv-page-content-paragraph\"><strong>KOMETA Kaposv\u00e1r SE f\u00e9rfi r\u00f6plabda csapata<\/strong><br \/>\n2001<\/p>\n<p class=\"kv-page-content-paragraph\"><strong>Ors\u00f3s M\u00e1ria<\/strong><br \/>\natl\u00e9ta, Kaposv\u00e1ri \u00c9p\u00edt\u0151k SC, 2001<\/p>\n<p class=\"kv-page-content-paragraph\"><strong>PINI Kaposv\u00e1ri Sportegyes\u00fclet<\/strong><br \/>\n2000<\/p>\n<p class=\"kv-page-content-paragraph\"><strong>Kolesz\u00e1r G\u00e1bor<\/strong><br \/>\nbirk\u00f3z\u00f3, Kaposv\u00e1ri Neh\u00e9zatl\u00e9tikai SE, 2000<\/p>\n<p class=\"kv-page-content-paragraph\"><strong>Csizi R\u00e9ka<\/strong><br \/>\natl\u00e9ta, Kaposv\u00e1ri \u00c9p\u00edt\u0151k SC, 2000<\/p>\n<p class=\"kv-page-content-paragraph\"><strong>PINI Kaposv\u00e1ri Sportegyes\u00fclet<\/strong><br \/>\n1999<\/p>\n<p class=\"kv-page-content-paragraph\"><strong>Faludy Andr\u00e1s \u00e9s Szigeti Kriszti\u00e1n<\/strong><br \/>\nkajak-kenu (megosztva), 1999<\/p>\n<p class=\"kv-page-content-paragraph\"><strong>Bar\u00f3csi Hel\u00e9na<\/strong><br \/>\natl\u00e9ta, Kaposv\u00e1ri \u00c9p\u00edt\u0151k SC, 1999<\/p>\n<p class=\"kv-page-content-paragraph\"><strong>PINI Kaposv\u00e1ri Sportegyes\u00fclet<\/strong><br \/>\nKaposv\u00e1ri Balatel R\u00f6plabda Club, 1998<\/p>\n<p class=\"kv-page-content-paragraph\"><strong>M\u00e9sz\u00e1ros D\u00f6m\u00f6t\u00f6r<\/strong><br \/>\nr\u00f6plabd\u00e1z\u00f3, PINI Kaposv\u00e1ri SE, 1998<\/p>\n<p class=\"kv-page-content-paragraph\"><strong>Balogh Orsolya<\/strong><br \/>\nritmikus sport gimnasztika, Attitude RSG SC, 1998<\/p>\n<p class=\"kv-page-content-paragraph\"><strong>Pet\u0151falvi Lilla<\/strong><br \/>\nb\u00fav\u00e1r\u00fasz\u00f3, Adorj\u00e1n SE, 1997<\/p>\n<p class=\"kv-page-content-paragraph\"><strong>Kov\u00e1cs L\u00e1szl\u00f3<\/strong><br \/>\nb\u00fav\u00e1r\u00fasz\u00f3, Adorj\u00e1n SE, 1997<\/p>\n<p class=\"kv-page-content-paragraph\"><strong>Kaposplast SC n\u0151i asztalitenisz csapata<\/strong><br \/>\n1997<\/p>\n<p class=\"kv-page-content-paragraph\"><strong>Szalai Andrea<\/strong><br \/>\nritmikus sport gimnasztika, Kapos RSG Sportegyes\u00fclet, 1996<\/p>\n<p class=\"kv-page-content-paragraph\"><strong>Monok Tibor<\/strong><br \/>\nKonstrukt\u0151r SE kos\u00e1rlabdacsapat kapit\u00e1nya, 1996<\/p>\n<p class=\"kv-page-content-paragraph\"><strong>Kaposv\u00e1ri R\u00e1k\u00f3czi Kaposcukor SC NB II-es labdar\u00fag\u00f3 csapata<\/strong><br \/>\n1996<\/p>\n<p class=\"kv-page-content-paragraph\"><strong>Borhi Zsombor<\/strong><br \/>\nkajakoz\u00f3, Kaposv\u00e1ri D\u00c9LVI\u00c9P V\u00edz\u00fcgyi SC, 1995<\/p>\n<p class=\"kv-page-content-paragraph\"><strong>Kaposv\u00e1ri Balatel R\u00f6plabda Club f\u00e9rfi r\u00f6plabda csapata<\/strong><br \/>\n1995<\/p>\n<p class=\"kv-page-content-paragraph\"><strong>Pet\u0151falvi Lilla<\/strong><br \/>\nb\u00fav\u00e1r\u00fasz\u00f3, Adorj\u00e1n SE, 1995<\/p>\n<p class=\"kv-page-content-paragraph\"><strong>Szalai Andrea<\/strong><br \/>\nritmikus sport gimnasztika, Kapos RSG Sportegyes\u00fclet, 1994<\/p>\n<p class=\"kv-page-content-paragraph\"><strong>Kaposv\u00e1ri R\u00f6plabda Club f\u00e9rfi r\u00f6plabda csapata<\/strong><br \/>\n1994<\/p>\n<p class=\"kv-page-content-paragraph\"><strong>Borhi Zsombor<\/strong><br \/>\nkajakoz\u00f3, Kaposv\u00e1ri D\u00c9LVI\u00c9P V\u00edz\u00fcgyi SC, 1994<\/p>\n<p class=\"kv-page-content-paragraph\"><strong>Borhi Zsombor<\/strong><br \/>\nkajakoz\u00f3, Kaposv\u00e1ri D\u00c9LVI\u00c9P V\u00edz\u00fcgyi SC, 1993<\/p>\n<p class=\"kv-page-content-paragraph\"><strong>Kaposv\u00e1ri Somogy SC f\u00e9rfi r\u00f6plabda csapata<\/strong><br \/>\n1993<\/p>\n<p class=\"kv-page-content-paragraph\"><strong>Szalai Andrea<\/strong><br \/>\nritmikus sport gimnasztika, Kapos RSG Sportegyes\u00fclet, 1993<\/p>\n<p class=\"kv-page-content-paragraph\"><strong>Szalai Andrea<\/strong><br \/>\nritmikus sport gimnasztika, Kapos RSG Sportegyes\u00fclet, 1992<\/p>\n<p class=\"kv-page-content-paragraph\"><strong>Kaposv\u00e1ri Somogy SC f\u00e9rfi r\u00f6plabda csapata<\/strong><br \/>\n1992<\/p>\n<p class=\"kv-page-content-paragraph\"><strong>K\u00e1ntor S\u00e1ndor<\/strong><br \/>\nr\u00f6plabd\u00e1z\u00f3, Kaposv\u00e1ri Somogy SC, 1992<\/p>\n<div class=\"kv-page-margin-1\">\u00a0<\/div>\n<p><\/p>","protected":false},"excerpt":{"rendered":"<p>Szerafin Zs\u00f3fia S\u00e1ra kajakversenyz\u0151, Kaposv\u00e1ri V\u00edz\u00fcgyi Sport Club, 2026 Naji D\u00e1vid judo versenyz\u0151, Kaposv\u00e1ri Sportiskola Ut\u00e1np\u00f3tl\u00e1s SE, 2026 Kaposv\u00e1ri N\u0151i R\u00f6plabda Club feln\u0151tt n\u0151i r\u00f6plabdacsapata 2026 Farkas J\u00falia ritmikusgimnasztika-versenyz\u0151, LSC Ritmikus Gimnasztika SE, 2025 Naji D\u00e1vid judoversenyz\u0151, Kaposv\u00e1ri Sportiskola Ut\u00e1np\u00f3tl\u00e1s SE, 2025 Kaposv\u00e1ri R\u00f6plabda Sportegyes\u00fclet f\u00e9rfi-r\u00f6plabdacsapata 2025 Szerafin Zs\u00f3fia S\u00e1ra kajakversenyz\u0151, Kaposv\u00e1ri V\u00edz\u00fcgyi Sport Club, [&hellip;]<\/p>\n","protected":false},"author":1,"featured_media":1397,"parent":0,"menu_order":0,"comment_status":"closed","ping_status":"closed","template":"","meta":[],"acf":[],"yoast_head":"<!-- This site is optimized with the Yoast SEO plugin v19.8 - https:\/\/yoast.com\/wordpress\/plugins\/seo\/ -->\n<title>Az \u00c9v Sportol\u00f3ja kit\u00fcntet\u00e9s tulajdonosai  - Kaposv\u00e1r Megyei Jog\u00fa V\u00e1ros<\/title>\n<meta name=\"robots\" content=\"index, follow, max-snippet:-1, max-image-preview:large, max-video-preview:-1\" \/>\n<link rel=\"canonical\" href=\"https:\/\/otthon.kaposvar.hu\/hu\/az-ev-sportoloja-kituntetes-tulajdonosai\/\" \/>\n<meta property=\"og:locale\" content=\"hu_HU\" \/>\n<meta property=\"og:type\" content=\"article\" \/>\n<meta property=\"og:title\" content=\"Az \u00c9v Sportol\u00f3ja kit\u00fcntet\u00e9s tulajdonosai  - Kaposv\u00e1r Megyei Jog\u00fa V\u00e1ros\" \/>\n<meta property=\"og:description\" content=\"Szerafin Zs\u00f3fia S\u00e1ra kajakversenyz\u0151, Kaposv\u00e1ri V\u00edz\u00fcgyi Sport Club, 2026 Naji D\u00e1vid judo versenyz\u0151, Kaposv\u00e1ri Sportiskola Ut\u00e1np\u00f3tl\u00e1s SE, 2026 Kaposv\u00e1ri N\u0151i R\u00f6plabda Club feln\u0151tt n\u0151i r\u00f6plabdacsapata 2026 Farkas J\u00falia ritmikusgimnasztika-versenyz\u0151, LSC Ritmikus Gimnasztika SE, 2025 Naji D\u00e1vid judoversenyz\u0151, Kaposv\u00e1ri Sportiskola Ut\u00e1np\u00f3tl\u00e1s SE, 2025 Kaposv\u00e1ri R\u00f6plabda Sportegyes\u00fclet f\u00e9rfi-r\u00f6plabdacsapata 2025 Szerafin Zs\u00f3fia S\u00e1ra kajakversenyz\u0151, Kaposv\u00e1ri V\u00edz\u00fcgyi Sport Club, [&hellip;]\" \/>\n<meta property=\"og:url\" content=\"https:\/\/otthon.kaposvar.hu\/hu\/az-ev-sportoloja-kituntetes-tulajdonosai\/\" \/>\n<meta property=\"og:site_name\" content=\"Kaposv\u00e1r Megyei Jog\u00fa V\u00e1ros\" \/>\n<meta property=\"article:publisher\" content=\"https:\/\/www.facebook.com\/cityofkaposvar\/\" \/>\n<meta property=\"article:modified_time\" content=\"2026-01-28T15:25:21+00:00\" \/>\n<meta property=\"og:image\" content=\"https:\/\/otthon.kaposvar.hu\/wp-content\/uploads\/2017\/03\/kituntetettek.jpg\" \/>\n\t<meta property=\"og:image:width\" content=\"1920\" \/>\n\t<meta property=\"og:image:height\" content=\"1280\" \/>\n\t<meta property=\"og:image:type\" content=\"image\/jpeg\" \/>\n<meta name=\"twitter:card\" content=\"summary_large_image\" \/>\n<meta name=\"twitter:label1\" content=\"Becs\u00fclt olvas\u00e1si id\u0151\" \/>\n\t<meta name=\"twitter:data1\" content=\"6 perc\" \/>\n<script type=\"application\/ld+json\" class=\"yoast-schema-graph\">{\"@context\":\"https:\/\/schema.org\",\"@graph\":[{\"@type\":\"WebPage\",\"@id\":\"https:\/\/otthon.kaposvar.hu\/hu\/az-ev-sportoloja-kituntetes-tulajdonosai\/\",\"url\":\"https:\/\/otthon.kaposvar.hu\/hu\/az-ev-sportoloja-kituntetes-tulajdonosai\/\",\"name\":\"Az \u00c9v Sportol\u00f3ja kit\u00fcntet\u00e9s tulajdonosai  - Kaposv\u00e1r Megyei Jog\u00fa V\u00e1ros\",\"isPartOf\":{\"@id\":\"https:\/\/otthon.kaposvar.hu\/hu\/#website\"},\"datePublished\":\"2017-03-03T20:45:27+00:00\",\"dateModified\":\"2026-01-28T15:25:21+00:00\",\"breadcrumb\":{\"@id\":\"https:\/\/otthon.kaposvar.hu\/hu\/az-ev-sportoloja-kituntetes-tulajdonosai\/#breadcrumb\"},\"inLanguage\":\"hu\",\"potentialAction\":[{\"@type\":\"ReadAction\",\"target\":[[\"https:\/\/otthon.kaposvar.hu\/hu\/az-ev-sportoloja-kituntetes-tulajdonosai\/\"]]}]},{\"@type\":\"BreadcrumbList\",\"@id\":\"https:\/\/otthon.kaposvar.hu\/hu\/az-ev-sportoloja-kituntetes-tulajdonosai\/#breadcrumb\",\"itemListElement\":[{\"@type\":\"ListItem\",\"position\":1,\"name\":\"Home\",\"item\":\"https:\/\/otthon.kaposvar.hu\/hu\/\"},{\"@type\":\"ListItem\",\"position\":2,\"name\":\"Az \u00c9v Sportol\u00f3ja kit\u00fcntet\u00e9s tulajdonosai\"}]},{\"@type\":\"WebSite\",\"@id\":\"https:\/\/otthon.kaposvar.hu\/hu\/#website\",\"url\":\"https:\/\/otthon.kaposvar.hu\/hu\/\",\"name\":\"Kaposv\u00e1r Megyei Jog\u00fa V\u00e1ros\",\"description\":\"\",\"publisher\":{\"@id\":\"https:\/\/otthon.kaposvar.hu\/hu\/#organization\"},\"potentialAction\":[{\"@type\":\"SearchAction\",\"target\":{\"@type\":\"EntryPoint\",\"urlTemplate\":\"https:\/\/otthon.kaposvar.hu\/hu\/?s={search_term_string}\"},\"query-input\":\"required name=search_term_string\"}],\"inLanguage\":\"hu\"},{\"@type\":\"Organization\",\"@id\":\"https:\/\/otthon.kaposvar.hu\/hu\/#organization\",\"name\":\"Kaposv\u00e1r Megyei Jog\u00fa V\u00e1ros\",\"url\":\"https:\/\/otthon.kaposvar.hu\/hu\/\",\"sameAs\":[\"https:\/\/www.instagram.com\/cityofkaposvar\/\",\"https:\/\/www.facebook.com\/cityofkaposvar\/\"],\"logo\":{\"@type\":\"ImageObject\",\"inLanguage\":\"hu\",\"@id\":\"https:\/\/otthon.kaposvar.hu\/hu\/#\/schema\/logo\/image\/\",\"url\":\"https:\/\/otthon.kaposvar.hu\/wp-content\/uploads\/2021\/10\/kaposvar_social.jpg\",\"contentUrl\":\"https:\/\/otthon.kaposvar.hu\/wp-content\/uploads\/2021\/10\/kaposvar_social.jpg\",\"width\":1200,\"height\":900,\"caption\":\"Kaposv\u00e1r Megyei Jog\u00fa V\u00e1ros\"},\"image\":{\"@id\":\"https:\/\/otthon.kaposvar.hu\/hu\/#\/schema\/logo\/image\/\"}}]}<\/script>\n<!-- \/ Yoast SEO plugin. -->","yoast_head_json":{"title":"Az \u00c9v Sportol\u00f3ja kit\u00fcntet\u00e9s tulajdonosai  - Kaposv\u00e1r Megyei Jog\u00fa V\u00e1ros","robots":{"index":"index","follow":"follow","max-snippet":"max-snippet:-1","max-image-preview":"max-image-preview:large","max-video-preview":"max-video-preview:-1"},"canonical":"https:\/\/otthon.kaposvar.hu\/hu\/az-ev-sportoloja-kituntetes-tulajdonosai\/","og_locale":"hu_HU","og_type":"article","og_title":"Az \u00c9v Sportol\u00f3ja kit\u00fcntet\u00e9s tulajdonosai  - Kaposv\u00e1r Megyei Jog\u00fa V\u00e1ros","og_description":"Szerafin Zs\u00f3fia S\u00e1ra kajakversenyz\u0151, Kaposv\u00e1ri V\u00edz\u00fcgyi Sport Club, 2026 Naji D\u00e1vid judo versenyz\u0151, Kaposv\u00e1ri Sportiskola Ut\u00e1np\u00f3tl\u00e1s SE, 2026 Kaposv\u00e1ri N\u0151i R\u00f6plabda Club feln\u0151tt n\u0151i r\u00f6plabdacsapata 2026 Farkas J\u00falia ritmikusgimnasztika-versenyz\u0151, LSC Ritmikus Gimnasztika SE, 2025 Naji D\u00e1vid judoversenyz\u0151, Kaposv\u00e1ri Sportiskola Ut\u00e1np\u00f3tl\u00e1s SE, 2025 Kaposv\u00e1ri R\u00f6plabda Sportegyes\u00fclet f\u00e9rfi-r\u00f6plabdacsapata 2025 Szerafin Zs\u00f3fia S\u00e1ra kajakversenyz\u0151, Kaposv\u00e1ri V\u00edz\u00fcgyi Sport Club, [&hellip;]","og_url":"https:\/\/otthon.kaposvar.hu\/hu\/az-ev-sportoloja-kituntetes-tulajdonosai\/","og_site_name":"Kaposv\u00e1r Megyei Jog\u00fa V\u00e1ros","article_publisher":"https:\/\/www.facebook.com\/cityofkaposvar\/","article_modified_time":"2026-01-28T15:25:21+00:00","og_image":[{"width":1920,"height":1280,"url":"https:\/\/otthon.kaposvar.hu\/wp-content\/uploads\/2017\/03\/kituntetettek.jpg","type":"image\/jpeg"}],"twitter_card":"summary_large_image","twitter_misc":{"Becs\u00fclt olvas\u00e1si id\u0151":"6 perc"},"schema":{"@context":"https:\/\/schema.org","@graph":[{"@type":"WebPage","@id":"https:\/\/otthon.kaposvar.hu\/hu\/az-ev-sportoloja-kituntetes-tulajdonosai\/","url":"https:\/\/otthon.kaposvar.hu\/hu\/az-ev-sportoloja-kituntetes-tulajdonosai\/","name":"Az \u00c9v Sportol\u00f3ja kit\u00fcntet\u00e9s tulajdonosai  - Kaposv\u00e1r Megyei Jog\u00fa V\u00e1ros","isPartOf":{"@id":"https:\/\/otthon.kaposvar.hu\/hu\/#website"},"datePublished":"2017-03-03T20:45:27+00:00","dateModified":"2026-01-28T15:25:21+00:00","breadcrumb":{"@id":"https:\/\/otthon.kaposvar.hu\/hu\/az-ev-sportoloja-kituntetes-tulajdonosai\/#breadcrumb"},"inLanguage":"hu","potentialAction":[{"@type":"ReadAction","target":[["https:\/\/otthon.kaposvar.hu\/hu\/az-ev-sportoloja-kituntetes-tulajdonosai\/"]]}]},{"@type":"BreadcrumbList","@id":"https:\/\/otthon.kaposvar.hu\/hu\/az-ev-sportoloja-kituntetes-tulajdonosai\/#breadcrumb","itemListElement":[{"@type":"ListItem","position":1,"name":"Home","item":"https:\/\/otthon.kaposvar.hu\/hu\/"},{"@type":"ListItem","position":2,"name":"Az \u00c9v Sportol\u00f3ja kit\u00fcntet\u00e9s tulajdonosai"}]},{"@type":"WebSite","@id":"https:\/\/otthon.kaposvar.hu\/hu\/#website","url":"https:\/\/otthon.kaposvar.hu\/hu\/","name":"Kaposv\u00e1r Megyei Jog\u00fa V\u00e1ros","description":"","publisher":{"@id":"https:\/\/otthon.kaposvar.hu\/hu\/#organization"},"potentialAction":[{"@type":"SearchAction","target":{"@type":"EntryPoint","urlTemplate":"https:\/\/otthon.kaposvar.hu\/hu\/?s={search_term_string}"},"query-input":"required name=search_term_string"}],"inLanguage":"hu"},{"@type":"Organization","@id":"https:\/\/otthon.kaposvar.hu\/hu\/#organization","name":"Kaposv\u00e1r Megyei Jog\u00fa V\u00e1ros","url":"https:\/\/otthon.kaposvar.hu\/hu\/","sameAs":["https:\/\/www.instagram.com\/cityofkaposvar\/","https:\/\/www.facebook.com\/cityofkaposvar\/"],"logo":{"@type":"ImageObject","inLanguage":"hu","@id":"https:\/\/otthon.kaposvar.hu\/hu\/#\/schema\/logo\/image\/","url":"https:\/\/otthon.kaposvar.hu\/wp-content\/uploads\/2021\/10\/kaposvar_social.jpg","contentUrl":"https:\/\/otthon.kaposvar.hu\/wp-content\/uploads\/2021\/10\/kaposvar_social.jpg","width":1200,"height":900,"caption":"Kaposv\u00e1r Megyei Jog\u00fa V\u00e1ros"},"image":{"@id":"https:\/\/otthon.kaposvar.hu\/hu\/#\/schema\/logo\/image\/"}}]}},"_links":{"self":[{"href":"https:\/\/otthon.kaposvar.hu\/hu\/wp-json\/wp\/v2\/pages\/1189"}],"collection":[{"href":"https:\/\/otthon.kaposvar.hu\/hu\/wp-json\/wp\/v2\/pages"}],"about":[{"href":"https:\/\/otthon.kaposvar.hu\/hu\/wp-json\/wp\/v2\/types\/page"}],"author":[{"embeddable":true,"href":"https:\/\/otthon.kaposvar.hu\/hu\/wp-json\/wp\/v2\/users\/1"}],"replies":[{"embeddable":true,"href":"https:\/\/otthon.kaposvar.hu\/hu\/wp-json\/wp\/v2\/comments?post=1189"}],"version-history":[{"count":0,"href":"https:\/\/otthon.kaposvar.hu\/hu\/wp-json\/wp\/v2\/pages\/1189\/revisions"}],"wp:featuredmedia":[{"embeddable":true,"href":"https:\/\/otthon.kaposvar.hu\/hu\/wp-json\/wp\/v2\/media\/1397"}],"wp:attachment":[{"href":"https:\/\/otthon.kaposvar.hu\/hu\/wp-json\/wp\/v2\/media?parent=1189"}],"curies":[{"name":"wp","href":"https:\/\/api.w.org\/{rel}","templated":true}]}}