{"id":1184,"date":"2017-03-03T21:41:40","date_gmt":"2017-03-03T20:41:40","guid":{"rendered":"http:\/\/lakossag.kaposvar\/?page_id=1184"},"modified":"2017-03-31T16:11:24","modified_gmt":"2017-03-31T15:11:24","slug":"jegyzok-nevsora","status":"publish","type":"page","link":"https:\/\/otthon.kaposvar.hu\/hu\/jegyzok-nevsora\/","title":{"rendered":"Jegyz\u0151k n\u00e9vsora"},"content":{"rendered":"<p><\/p>\n<p class=\"kv-page-content-paragraph\"><strong>Dr. Csillag G\u00e1bor <\/strong><em>jegyz\u0151<\/em> (2016\u2013)<strong><br \/>\n<\/strong><\/p>\n<p class=\"kv-page-content-paragraph\"><strong>Dr. K\u00e9ki Zolt\u00e1n<\/strong> <em>jegyz\u0151, c\u00edmzetes f\u0151jegyz\u0151<\/em> (1990\u20132015)<\/p>\n<p class=\"kv-page-content-paragraph\"><strong>Dr. Barna Lajos<\/strong> <em>vb-titk\u00e1r<\/em> (1986\u20131990)<\/p>\n<p class=\"kv-page-content-paragraph\"><strong>Dr. Balogh J\u00e1nos<\/strong> <em>vb-titk\u00e1r<\/em> (1967\u20131986)<\/p>\n<p class=\"kv-page-content-paragraph\"><strong>Dr. Halomv\u00e1ry Gy\u00f6rgy<\/strong> <em>vb-titk\u00e1r<\/em> (1958\u20131967)<\/p>\n<p class=\"kv-page-content-paragraph\"><strong>Dr. Kerekes Andr\u00e1sn\u00e9<\/strong> <em>vb-titk\u00e1r<\/em> (1954\u20131958)<\/p>\n<p class=\"kv-page-content-paragraph\"><strong>N\u00e1n\u00e1si Imr\u00e9n\u00e9<\/strong> <em>vb-titk\u00e1r<\/em> (1954)<\/p>\n<p class=\"kv-page-content-paragraph\"><strong>Szab\u00f3 Andr\u00e1s<\/strong> <em>vb-titk\u00e1r<\/em> (1953\u20131954)<\/p>\n<p class=\"kv-page-content-paragraph\"><strong>Brickner L\u00e1szl\u00f3<\/strong> <em>vb-titk\u00e1r<\/em> (1950\u20131953)<\/p>\n<p class=\"kv-page-content-paragraph\"><strong>Dr. B\u00f6rzs\u00f6nyi Tibor<\/strong> <em>f\u0151jegyz\u0151<\/em> (1948\u20131950)<\/p>\n<p class=\"kv-page-content-paragraph\"><strong>Dr. Horv\u00e1th J\u00f3zsef<\/strong> <em>f\u0151jegyz\u0151<\/em> (1945\u20131948)<\/p>\n<p class=\"kv-page-content-paragraph\"><strong>Dr. Csukly J\u00f3zsef<\/strong> <em>jegyz\u0151, f\u0151jegyz\u0151<\/em> (1939\u20131945)<\/p>\n<p class=\"kv-page-content-paragraph\"><strong>Dr. Lehotzky Brun\u00f3<\/strong> <em>f\u0151jegyz\u0151<\/em> (1925\u20131939)<\/p>\n<p class=\"kv-page-content-paragraph\"><strong>Siposs G\u00e9za<\/strong> <em>f\u0151jegyz\u0151<\/em> (1890\u20131924)<\/p>\n<p class=\"kv-page-content-paragraph\"><strong>Polg\u00e1r J\u00e1nos<\/strong> <em>jegyz\u0151<\/em> (1889\u20131890)<\/p>\n<p class=\"kv-page-content-paragraph\"><strong>Vaszary Istv\u00e1n<\/strong> <em>jegyz\u0151, f\u0151jegyz\u0151<\/em> (1877\u20131889)<\/p>\n<p class=\"kv-page-content-paragraph\"><strong>B\u00e1r\u00e1ny Ign\u00e1c<\/strong> <em>aljegyz\u0151<\/em> (1867\u20131877)<\/p>\n<p class=\"kv-page-content-paragraph\"><strong>Kontr\u00e1ssy Ferenc<\/strong> <em>f\u0151jegyz\u0151<\/em> (1861)<\/p>\n<p class=\"kv-page-content-paragraph\"><strong>Jakab Istv\u00e1n<\/strong> <em>f\u0151jegyz\u0151<\/em> (1861)<\/p>\n<p class=\"kv-page-content-paragraph\"><strong>Szalay Antal<\/strong> <em>f\u0151jegyz\u0151<\/em> (1848\u20131849)<\/p>\n<div class=\"kv-page-margin-1\">\u00a0<\/div>\n<p><\/p>","protected":false},"excerpt":{"rendered":"<p>Dr. Csillag G\u00e1bor jegyz\u0151 (2016\u2013) Dr. K\u00e9ki Zolt\u00e1n jegyz\u0151, c\u00edmzetes f\u0151jegyz\u0151 (1990\u20132015) Dr. Barna Lajos vb-titk\u00e1r (1986\u20131990) Dr. Balogh J\u00e1nos vb-titk\u00e1r (1967\u20131986) Dr. Halomv\u00e1ry Gy\u00f6rgy vb-titk\u00e1r (1958\u20131967) Dr. Kerekes Andr\u00e1sn\u00e9 vb-titk\u00e1r (1954\u20131958) N\u00e1n\u00e1si Imr\u00e9n\u00e9 vb-titk\u00e1r (1954) Szab\u00f3 Andr\u00e1s vb-titk\u00e1r (1953\u20131954) Brickner L\u00e1szl\u00f3 vb-titk\u00e1r (1950\u20131953) Dr. B\u00f6rzs\u00f6nyi Tibor f\u0151jegyz\u0151 (1948\u20131950) Dr. Horv\u00e1th J\u00f3zsef f\u0151jegyz\u0151 (1945\u20131948) Dr. [&hellip;]<\/p>\n","protected":false},"author":1,"featured_media":1394,"parent":0,"menu_order":0,"comment_status":"closed","ping_status":"closed","template":"","meta":[],"acf":[],"yoast_head":"<!-- This site is optimized with the Yoast SEO plugin v19.8 - https:\/\/yoast.com\/wordpress\/plugins\/seo\/ -->\n<title>Jegyz\u0151k n\u00e9vsora - Kaposv\u00e1r Megyei Jog\u00fa V\u00e1ros<\/title>\n<meta name=\"robots\" content=\"index, follow, max-snippet:-1, max-image-preview:large, max-video-preview:-1\" \/>\n<link rel=\"canonical\" href=\"https:\/\/otthon.kaposvar.hu\/hu\/jegyzok-nevsora\/\" \/>\n<meta property=\"og:locale\" content=\"hu_HU\" \/>\n<meta property=\"og:type\" content=\"article\" \/>\n<meta property=\"og:title\" content=\"Jegyz\u0151k n\u00e9vsora - Kaposv\u00e1r Megyei Jog\u00fa V\u00e1ros\" \/>\n<meta property=\"og:description\" content=\"Dr. Csillag G\u00e1bor jegyz\u0151 (2016\u2013) Dr. K\u00e9ki Zolt\u00e1n jegyz\u0151, c\u00edmzetes f\u0151jegyz\u0151 (1990\u20132015) Dr. Barna Lajos vb-titk\u00e1r (1986\u20131990) Dr. Balogh J\u00e1nos vb-titk\u00e1r (1967\u20131986) Dr. Halomv\u00e1ry Gy\u00f6rgy vb-titk\u00e1r (1958\u20131967) Dr. Kerekes Andr\u00e1sn\u00e9 vb-titk\u00e1r (1954\u20131958) N\u00e1n\u00e1si Imr\u00e9n\u00e9 vb-titk\u00e1r (1954) Szab\u00f3 Andr\u00e1s vb-titk\u00e1r (1953\u20131954) Brickner L\u00e1szl\u00f3 vb-titk\u00e1r (1950\u20131953) Dr. B\u00f6rzs\u00f6nyi Tibor f\u0151jegyz\u0151 (1948\u20131950) Dr. Horv\u00e1th J\u00f3zsef f\u0151jegyz\u0151 (1945\u20131948) Dr. [&hellip;]\" \/>\n<meta property=\"og:url\" content=\"https:\/\/otthon.kaposvar.hu\/hu\/jegyzok-nevsora\/\" \/>\n<meta property=\"og:site_name\" content=\"Kaposv\u00e1r Megyei Jog\u00fa V\u00e1ros\" \/>\n<meta property=\"article:publisher\" content=\"https:\/\/www.facebook.com\/cityofkaposvar\/\" \/>\n<meta property=\"article:modified_time\" content=\"2017-03-31T15:11:24+00:00\" \/>\n<meta property=\"og:image\" content=\"https:\/\/otthon.kaposvar.hu\/wp-content\/uploads\/2017\/03\/IMG_7000.jpg\" \/>\n\t<meta property=\"og:image:width\" content=\"2969\" \/>\n\t<meta property=\"og:image:height\" content=\"1830\" \/>\n\t<meta property=\"og:image:type\" content=\"image\/jpeg\" \/>\n<meta name=\"twitter:card\" content=\"summary_large_image\" \/>\n<meta name=\"twitter:label1\" content=\"Becs\u00fclt olvas\u00e1si id\u0151\" \/>\n\t<meta name=\"twitter:data1\" content=\"1 perc\" \/>\n<script type=\"application\/ld+json\" class=\"yoast-schema-graph\">{\"@context\":\"https:\/\/schema.org\",\"@graph\":[{\"@type\":\"WebPage\",\"@id\":\"https:\/\/otthon.kaposvar.hu\/hu\/jegyzok-nevsora\/\",\"url\":\"https:\/\/otthon.kaposvar.hu\/hu\/jegyzok-nevsora\/\",\"name\":\"Jegyz\u0151k n\u00e9vsora - Kaposv\u00e1r Megyei Jog\u00fa V\u00e1ros\",\"isPartOf\":{\"@id\":\"https:\/\/otthon.kaposvar.hu\/hu\/#website\"},\"datePublished\":\"2017-03-03T20:41:40+00:00\",\"dateModified\":\"2017-03-31T15:11:24+00:00\",\"breadcrumb\":{\"@id\":\"https:\/\/otthon.kaposvar.hu\/hu\/jegyzok-nevsora\/#breadcrumb\"},\"inLanguage\":\"hu\",\"potentialAction\":[{\"@type\":\"ReadAction\",\"target\":[[\"https:\/\/otthon.kaposvar.hu\/hu\/jegyzok-nevsora\/\"]]}]},{\"@type\":\"BreadcrumbList\",\"@id\":\"https:\/\/otthon.kaposvar.hu\/hu\/jegyzok-nevsora\/#breadcrumb\",\"itemListElement\":[{\"@type\":\"ListItem\",\"position\":1,\"name\":\"Home\",\"item\":\"https:\/\/otthon.kaposvar.hu\/hu\/\"},{\"@type\":\"ListItem\",\"position\":2,\"name\":\"Jegyz\u0151k n\u00e9vsora\"}]},{\"@type\":\"WebSite\",\"@id\":\"https:\/\/otthon.kaposvar.hu\/hu\/#website\",\"url\":\"https:\/\/otthon.kaposvar.hu\/hu\/\",\"name\":\"Kaposv\u00e1r Megyei Jog\u00fa V\u00e1ros\",\"description\":\"\",\"publisher\":{\"@id\":\"https:\/\/otthon.kaposvar.hu\/hu\/#organization\"},\"potentialAction\":[{\"@type\":\"SearchAction\",\"target\":{\"@type\":\"EntryPoint\",\"urlTemplate\":\"https:\/\/otthon.kaposvar.hu\/hu\/?s={search_term_string}\"},\"query-input\":\"required name=search_term_string\"}],\"inLanguage\":\"hu\"},{\"@type\":\"Organization\",\"@id\":\"https:\/\/otthon.kaposvar.hu\/hu\/#organization\",\"name\":\"Kaposv\u00e1r Megyei Jog\u00fa V\u00e1ros\",\"url\":\"https:\/\/otthon.kaposvar.hu\/hu\/\",\"sameAs\":[\"https:\/\/www.instagram.com\/cityofkaposvar\/\",\"https:\/\/www.facebook.com\/cityofkaposvar\/\"],\"logo\":{\"@type\":\"ImageObject\",\"inLanguage\":\"hu\",\"@id\":\"https:\/\/otthon.kaposvar.hu\/hu\/#\/schema\/logo\/image\/\",\"url\":\"https:\/\/otthon.kaposvar.hu\/wp-content\/uploads\/2021\/10\/kaposvar_social.jpg\",\"contentUrl\":\"https:\/\/otthon.kaposvar.hu\/wp-content\/uploads\/2021\/10\/kaposvar_social.jpg\",\"width\":1200,\"height\":900,\"caption\":\"Kaposv\u00e1r Megyei Jog\u00fa V\u00e1ros\"},\"image\":{\"@id\":\"https:\/\/otthon.kaposvar.hu\/hu\/#\/schema\/logo\/image\/\"}}]}<\/script>\n<!-- \/ Yoast SEO plugin. -->","yoast_head_json":{"title":"Jegyz\u0151k n\u00e9vsora - Kaposv\u00e1r Megyei Jog\u00fa V\u00e1ros","robots":{"index":"index","follow":"follow","max-snippet":"max-snippet:-1","max-image-preview":"max-image-preview:large","max-video-preview":"max-video-preview:-1"},"canonical":"https:\/\/otthon.kaposvar.hu\/hu\/jegyzok-nevsora\/","og_locale":"hu_HU","og_type":"article","og_title":"Jegyz\u0151k n\u00e9vsora - Kaposv\u00e1r Megyei Jog\u00fa V\u00e1ros","og_description":"Dr. Csillag G\u00e1bor jegyz\u0151 (2016\u2013) Dr. K\u00e9ki Zolt\u00e1n jegyz\u0151, c\u00edmzetes f\u0151jegyz\u0151 (1990\u20132015) Dr. Barna Lajos vb-titk\u00e1r (1986\u20131990) Dr. Balogh J\u00e1nos vb-titk\u00e1r (1967\u20131986) Dr. Halomv\u00e1ry Gy\u00f6rgy vb-titk\u00e1r (1958\u20131967) Dr. Kerekes Andr\u00e1sn\u00e9 vb-titk\u00e1r (1954\u20131958) N\u00e1n\u00e1si Imr\u00e9n\u00e9 vb-titk\u00e1r (1954) Szab\u00f3 Andr\u00e1s vb-titk\u00e1r (1953\u20131954) Brickner L\u00e1szl\u00f3 vb-titk\u00e1r (1950\u20131953) Dr. B\u00f6rzs\u00f6nyi Tibor f\u0151jegyz\u0151 (1948\u20131950) Dr. Horv\u00e1th J\u00f3zsef f\u0151jegyz\u0151 (1945\u20131948) Dr. [&hellip;]","og_url":"https:\/\/otthon.kaposvar.hu\/hu\/jegyzok-nevsora\/","og_site_name":"Kaposv\u00e1r Megyei Jog\u00fa V\u00e1ros","article_publisher":"https:\/\/www.facebook.com\/cityofkaposvar\/","article_modified_time":"2017-03-31T15:11:24+00:00","og_image":[{"width":2969,"height":1830,"url":"https:\/\/otthon.kaposvar.hu\/wp-content\/uploads\/2017\/03\/IMG_7000.jpg","type":"image\/jpeg"}],"twitter_card":"summary_large_image","twitter_misc":{"Becs\u00fclt olvas\u00e1si id\u0151":"1 perc"},"schema":{"@context":"https:\/\/schema.org","@graph":[{"@type":"WebPage","@id":"https:\/\/otthon.kaposvar.hu\/hu\/jegyzok-nevsora\/","url":"https:\/\/otthon.kaposvar.hu\/hu\/jegyzok-nevsora\/","name":"Jegyz\u0151k n\u00e9vsora - Kaposv\u00e1r Megyei Jog\u00fa V\u00e1ros","isPartOf":{"@id":"https:\/\/otthon.kaposvar.hu\/hu\/#website"},"datePublished":"2017-03-03T20:41:40+00:00","dateModified":"2017-03-31T15:11:24+00:00","breadcrumb":{"@id":"https:\/\/otthon.kaposvar.hu\/hu\/jegyzok-nevsora\/#breadcrumb"},"inLanguage":"hu","potentialAction":[{"@type":"ReadAction","target":[["https:\/\/otthon.kaposvar.hu\/hu\/jegyzok-nevsora\/"]]}]},{"@type":"BreadcrumbList","@id":"https:\/\/otthon.kaposvar.hu\/hu\/jegyzok-nevsora\/#breadcrumb","itemListElement":[{"@type":"ListItem","position":1,"name":"Home","item":"https:\/\/otthon.kaposvar.hu\/hu\/"},{"@type":"ListItem","position":2,"name":"Jegyz\u0151k n\u00e9vsora"}]},{"@type":"WebSite","@id":"https:\/\/otthon.kaposvar.hu\/hu\/#website","url":"https:\/\/otthon.kaposvar.hu\/hu\/","name":"Kaposv\u00e1r Megyei Jog\u00fa V\u00e1ros","description":"","publisher":{"@id":"https:\/\/otthon.kaposvar.hu\/hu\/#organization"},"potentialAction":[{"@type":"SearchAction","target":{"@type":"EntryPoint","urlTemplate":"https:\/\/otthon.kaposvar.hu\/hu\/?s={search_term_string}"},"query-input":"required name=search_term_string"}],"inLanguage":"hu"},{"@type":"Organization","@id":"https:\/\/otthon.kaposvar.hu\/hu\/#organization","name":"Kaposv\u00e1r Megyei Jog\u00fa V\u00e1ros","url":"https:\/\/otthon.kaposvar.hu\/hu\/","sameAs":["https:\/\/www.instagram.com\/cityofkaposvar\/","https:\/\/www.facebook.com\/cityofkaposvar\/"],"logo":{"@type":"ImageObject","inLanguage":"hu","@id":"https:\/\/otthon.kaposvar.hu\/hu\/#\/schema\/logo\/image\/","url":"https:\/\/otthon.kaposvar.hu\/wp-content\/uploads\/2021\/10\/kaposvar_social.jpg","contentUrl":"https:\/\/otthon.kaposvar.hu\/wp-content\/uploads\/2021\/10\/kaposvar_social.jpg","width":1200,"height":900,"caption":"Kaposv\u00e1r Megyei Jog\u00fa V\u00e1ros"},"image":{"@id":"https:\/\/otthon.kaposvar.hu\/hu\/#\/schema\/logo\/image\/"}}]}},"_links":{"self":[{"href":"https:\/\/otthon.kaposvar.hu\/hu\/wp-json\/wp\/v2\/pages\/1184"}],"collection":[{"href":"https:\/\/otthon.kaposvar.hu\/hu\/wp-json\/wp\/v2\/pages"}],"about":[{"href":"https:\/\/otthon.kaposvar.hu\/hu\/wp-json\/wp\/v2\/types\/page"}],"author":[{"embeddable":true,"href":"https:\/\/otthon.kaposvar.hu\/hu\/wp-json\/wp\/v2\/users\/1"}],"replies":[{"embeddable":true,"href":"https:\/\/otthon.kaposvar.hu\/hu\/wp-json\/wp\/v2\/comments?post=1184"}],"version-history":[{"count":0,"href":"https:\/\/otthon.kaposvar.hu\/hu\/wp-json\/wp\/v2\/pages\/1184\/revisions"}],"wp:featuredmedia":[{"embeddable":true,"href":"https:\/\/otthon.kaposvar.hu\/hu\/wp-json\/wp\/v2\/media\/1394"}],"wp:attachment":[{"href":"https:\/\/otthon.kaposvar.hu\/hu\/wp-json\/wp\/v2\/media?parent=1184"}],"curies":[{"name":"wp","href":"https:\/\/api.w.org\/{rel}","templated":true}]}}