{"id":1183,"date":"2017-03-03T21:41:22","date_gmt":"2017-03-03T20:41:22","guid":{"rendered":"http:\/\/lakossag.kaposvar\/?page_id=1183"},"modified":"2018-04-19T15:02:20","modified_gmt":"2018-04-19T14:02:20","slug":"polgarmesterek-nevsora","status":"publish","type":"page","link":"https:\/\/otthon.kaposvar.hu\/hu\/polgarmesterek-nevsora\/","title":{"rendered":"Polg\u00e1rmesterek n\u00e9vsora"},"content":{"rendered":"<p><\/p>\n<p class=\"kv-page-content-paragraph\"><strong>Szita K\u00e1roly<\/strong> <em>polg\u00e1rmester<\/em> (1994\u2013)<br \/>\n <strong>Szabados P\u00e9ter<\/strong> <em>polg\u00e1rmester<\/em> (1990\u20131994)<br \/>\n <strong>Papp J\u00e1nos<\/strong> <em>tan\u00e1cseln\u00f6k<\/em> (1985\u20131990)<br \/>\n <strong>Dr. Kov\u00e1cs Ferenc<\/strong> <em>tan\u00e1cseln\u00f6k<\/em> (1975\u20131985)<br \/>\n <strong>Dr. Szil\u00e1gyi Lajos<\/strong> <em>tan\u00e1cseln\u00f6k<\/em> (1963\u20131967)<br \/>\n <strong>Mikecz J\u00e1nos<\/strong> <em>tan\u00e1cseln\u00f6k<\/em> (1954\u20131963)<br \/>\n <strong>Nagy Lajos<\/strong> <em>tan\u00e1cseln\u00f6k<\/em> (1951\u20131953)<br \/>\n <strong>Drusk\u00f3 Istv\u00e1n<\/strong> <em>tan\u00e1cseln\u00f6k<\/em> (1950\u20131951)<br \/>\n <strong>Rost\u00e1s K\u00e1roly<\/strong> <em>polg\u00e1rmester<\/em> (1948\u20131950), <em>tan\u00e1cseln\u00f6k<\/em> (1967\u20131975)<br \/>\n <strong>Bo\u00f3r Istv\u00e1n<\/strong> <em>polg\u00e1rmester<\/em> (1945\u20131948)<br \/>\n <strong>T\u00f3th J\u00e1nos<\/strong> <em>polg\u00e1rmester<\/em> (1944)<br \/>\n <strong>Dr. Kaposv\u00e1ry (V\u00e9tek) Gy\u00f6rgy<\/strong> <em>polg\u00e1rmester<\/em> (1922\u20131945)<br \/>\n <strong>Szalma Istv\u00e1n<\/strong> <em>tan\u00e1cseln\u00f6k<\/em> (1919)<br \/>\n<strong>Dr. Kov\u00e1cs-Sebest\u00e9ny Gyula<\/strong> <em>polg\u00e1rmester<\/em> (1911\u20131917)<br \/>\n <strong>N\u00e9meth Istv\u00e1n<\/strong> <em>polg\u00e1rmester<\/em> (1895\u20131911)<br \/>\n <strong>Szab\u00f3 K\u00e1lm\u00e1n<\/strong> <em>polg\u00e1rmester<\/em> (1881\u20131883)<br \/>\n <strong>N\u00e9meth Ign\u00e1c<\/strong> <em>polg\u00e1rmester<\/em> (1878\u20131881, 1883\u20131895)<br \/>\n <strong>B\u00e1r\u00e1ny Guszt\u00e1v<\/strong> <em>polg\u00e1rmester<\/em> (1873\u20131877)<br \/>\n <strong>Zuzman J\u00f3zsef<\/strong> <em>b\u00edr\u00f3<\/em> (1871\u2013)<br \/>\n <strong>Haidekker P\u00e1l<\/strong> <em>b\u00edr\u00f3<\/em> (1869\u2013)<br \/>\n <strong>Kov\u00e1cs J\u00e1nos<\/strong> <em>b\u00edr\u00f3<\/em> (1865\u2013)<br \/>\n <strong>Szigethy Istv\u00e1n<\/strong> <em>b\u00edr\u00f3<\/em> (1862\u2013)<br \/>\n <strong>Folly J\u00f3zsef<\/strong> <em>polg\u00e1rmester<\/em> (1861\u2013)<br \/>\n <strong>Bereczk Antal<\/strong> <em>polg\u00e1rmester<\/em> (1857\u20131859)<br \/>\n <strong>Conti J\u00f3zsef<\/strong> <em>b\u00edr\u00f3<\/em> (1855\u2013)<br \/>\n <strong>Fischer Lip\u00f3t<\/strong> <em>b\u00edr\u00f3<\/em> (1853\u2013)<br \/>\n <strong>Schr\u0151der J\u00f3zsef<\/strong> <em>b\u00edr\u00f3<\/em> (1851\u2013)<br \/>\n <strong>Kontr\u00e1ssy Ferenc<\/strong> <em>b\u00edr\u00f3<\/em> (1850)<br \/>\n <strong>N\u00e9meth Antal<\/strong> <em>b\u00edr\u00f3 \u00e9s polg\u00e1rmester<\/em> (1848\u20131851)<br \/>\n <strong>Domj\u00e1n M\u00e1ty\u00e1s<\/strong> <em>b\u00edr\u00f3<\/em> (1844)<br \/>\n <strong>Jank\u00f3 Mih\u00e1ly<\/strong> <em>b\u00edr\u00f3<\/em> (1842\u2013, 1846)<br \/>\n <strong>Ober Gy\u00f6rgy<\/strong> <em>b\u00edr\u00f3<\/em> (1837)<br \/>\n <strong>Uszkay Antal<\/strong> <em>b\u00edr\u00f3<\/em> (1836)<br \/>\n <strong>Czomp\u00f3 Ferenc<\/strong> <em>b\u00edr\u00f3<\/em> (1834)<br \/>\n <strong>Cs\u00e1nk J\u00f3zsef<\/strong> <em>b\u00edr\u00f3<\/em> (1832)<br \/>\n <strong>Vir\u00e1g Imre<\/strong> <em>b\u00edr\u00f3<\/em> (1826)<br \/>\n <strong>Gundy Mih\u00e1ly<\/strong> <em>b\u00edr\u00f3<\/em> (1824, 1828\u2013)<br \/>\n <strong>Horv\u00e1th Gy\u00f6rgy<\/strong> <em>b\u00edr\u00f3<\/em> (1823)<br \/>\n <strong>Sz\u0151ll\u0151si Istv\u00e1n<\/strong> <em>b\u00edr\u00f3<\/em> (1822)<br \/>\n <strong>Szigetv\u00e1ri Antal<\/strong> <em>b\u00edr\u00f3<\/em> (1818, 1827)<br \/>\n <strong>Koller J\u00f3zsef<\/strong> <em>b\u00edr\u00f3<\/em> (1817)<br \/>\n <strong>Vir\u00e1g Imre<\/strong> <em>b\u00edr\u00f3<\/em> (1811)<br \/>\n <strong>Matkovits J\u00f3zsef<\/strong> <em>b\u00edr\u00f3<\/em> (1806\u2013)<br \/>\n <strong>Vigh Andr\u00e1s<\/strong> <em>\u00f6regb\u00edr\u00f3<\/em> (1779\u2013)<br \/>\n <strong>Golits J\u00f3zsef<\/strong> <em>b\u00edr\u00f3<\/em> (1768\u2013)<\/p>\n<div class=\"kv-page-margin-1\">\u00a0<\/div>\n<p><\/p>","protected":false},"excerpt":{"rendered":"<p>Szita K\u00e1roly polg\u00e1rmester (1994\u2013) Szabados P\u00e9ter polg\u00e1rmester (1990\u20131994) Papp J\u00e1nos tan\u00e1cseln\u00f6k (1985\u20131990) Dr. Kov\u00e1cs Ferenc tan\u00e1cseln\u00f6k (1975\u20131985) Dr. Szil\u00e1gyi Lajos tan\u00e1cseln\u00f6k (1963\u20131967) Mikecz J\u00e1nos tan\u00e1cseln\u00f6k (1954\u20131963) Nagy Lajos tan\u00e1cseln\u00f6k (1951\u20131953) Drusk\u00f3 Istv\u00e1n tan\u00e1cseln\u00f6k (1950\u20131951) Rost\u00e1s K\u00e1roly polg\u00e1rmester (1948\u20131950), tan\u00e1cseln\u00f6k (1967\u20131975) Bo\u00f3r Istv\u00e1n polg\u00e1rmester (1945\u20131948) T\u00f3th J\u00e1nos polg\u00e1rmester (1944) Dr. Kaposv\u00e1ry (V\u00e9tek) Gy\u00f6rgy polg\u00e1rmester (1922\u20131945) Szalma [&hellip;]<\/p>\n","protected":false},"author":1,"featured_media":1389,"parent":0,"menu_order":0,"comment_status":"closed","ping_status":"closed","template":"","meta":[],"acf":[],"yoast_head":"<!-- This site is optimized with the Yoast SEO plugin v19.8 - https:\/\/yoast.com\/wordpress\/plugins\/seo\/ -->\n<title>Polg\u00e1rmesterek n\u00e9vsora - Kaposv\u00e1r Megyei Jog\u00fa V\u00e1ros<\/title>\n<meta name=\"robots\" content=\"index, follow, max-snippet:-1, max-image-preview:large, max-video-preview:-1\" \/>\n<link rel=\"canonical\" href=\"https:\/\/otthon.kaposvar.hu\/hu\/polgarmesterek-nevsora\/\" \/>\n<meta property=\"og:locale\" content=\"hu_HU\" \/>\n<meta property=\"og:type\" content=\"article\" \/>\n<meta property=\"og:title\" content=\"Polg\u00e1rmesterek n\u00e9vsora - Kaposv\u00e1r Megyei Jog\u00fa V\u00e1ros\" \/>\n<meta property=\"og:description\" content=\"Szita K\u00e1roly polg\u00e1rmester (1994\u2013) Szabados P\u00e9ter polg\u00e1rmester (1990\u20131994) Papp J\u00e1nos tan\u00e1cseln\u00f6k (1985\u20131990) Dr. Kov\u00e1cs Ferenc tan\u00e1cseln\u00f6k (1975\u20131985) Dr. Szil\u00e1gyi Lajos tan\u00e1cseln\u00f6k (1963\u20131967) Mikecz J\u00e1nos tan\u00e1cseln\u00f6k (1954\u20131963) Nagy Lajos tan\u00e1cseln\u00f6k (1951\u20131953) Drusk\u00f3 Istv\u00e1n tan\u00e1cseln\u00f6k (1950\u20131951) Rost\u00e1s K\u00e1roly polg\u00e1rmester (1948\u20131950), tan\u00e1cseln\u00f6k (1967\u20131975) Bo\u00f3r Istv\u00e1n polg\u00e1rmester (1945\u20131948) T\u00f3th J\u00e1nos polg\u00e1rmester (1944) Dr. Kaposv\u00e1ry (V\u00e9tek) Gy\u00f6rgy polg\u00e1rmester (1922\u20131945) Szalma [&hellip;]\" \/>\n<meta property=\"og:url\" content=\"https:\/\/otthon.kaposvar.hu\/hu\/polgarmesterek-nevsora\/\" \/>\n<meta property=\"og:site_name\" content=\"Kaposv\u00e1r Megyei Jog\u00fa V\u00e1ros\" \/>\n<meta property=\"article:publisher\" content=\"https:\/\/www.facebook.com\/cityofkaposvar\/\" \/>\n<meta property=\"article:modified_time\" content=\"2018-04-19T14:02:20+00:00\" \/>\n<meta property=\"og:image\" content=\"https:\/\/otthon.kaposvar.hu\/wp-content\/uploads\/2017\/03\/IMG_6988-1-1024x683.jpg\" \/>\n\t<meta property=\"og:image:width\" content=\"1024\" \/>\n\t<meta property=\"og:image:height\" content=\"683\" \/>\n\t<meta property=\"og:image:type\" content=\"image\/jpeg\" \/>\n<meta name=\"twitter:card\" content=\"summary_large_image\" \/>\n<meta name=\"twitter:label1\" content=\"Becs\u00fclt olvas\u00e1si id\u0151\" \/>\n\t<meta name=\"twitter:data1\" content=\"1 perc\" \/>\n<script type=\"application\/ld+json\" class=\"yoast-schema-graph\">{\"@context\":\"https:\/\/schema.org\",\"@graph\":[{\"@type\":\"WebPage\",\"@id\":\"https:\/\/otthon.kaposvar.hu\/hu\/polgarmesterek-nevsora\/\",\"url\":\"https:\/\/otthon.kaposvar.hu\/hu\/polgarmesterek-nevsora\/\",\"name\":\"Polg\u00e1rmesterek n\u00e9vsora - Kaposv\u00e1r Megyei Jog\u00fa V\u00e1ros\",\"isPartOf\":{\"@id\":\"https:\/\/otthon.kaposvar.hu\/hu\/#website\"},\"datePublished\":\"2017-03-03T20:41:22+00:00\",\"dateModified\":\"2018-04-19T14:02:20+00:00\",\"breadcrumb\":{\"@id\":\"https:\/\/otthon.kaposvar.hu\/hu\/polgarmesterek-nevsora\/#breadcrumb\"},\"inLanguage\":\"hu\",\"potentialAction\":[{\"@type\":\"ReadAction\",\"target\":[[\"https:\/\/otthon.kaposvar.hu\/hu\/polgarmesterek-nevsora\/\"]]}]},{\"@type\":\"BreadcrumbList\",\"@id\":\"https:\/\/otthon.kaposvar.hu\/hu\/polgarmesterek-nevsora\/#breadcrumb\",\"itemListElement\":[{\"@type\":\"ListItem\",\"position\":1,\"name\":\"Home\",\"item\":\"https:\/\/otthon.kaposvar.hu\/hu\/\"},{\"@type\":\"ListItem\",\"position\":2,\"name\":\"Polg\u00e1rmesterek n\u00e9vsora\"}]},{\"@type\":\"WebSite\",\"@id\":\"https:\/\/otthon.kaposvar.hu\/hu\/#website\",\"url\":\"https:\/\/otthon.kaposvar.hu\/hu\/\",\"name\":\"Kaposv\u00e1r Megyei Jog\u00fa V\u00e1ros\",\"description\":\"\",\"publisher\":{\"@id\":\"https:\/\/otthon.kaposvar.hu\/hu\/#organization\"},\"potentialAction\":[{\"@type\":\"SearchAction\",\"target\":{\"@type\":\"EntryPoint\",\"urlTemplate\":\"https:\/\/otthon.kaposvar.hu\/hu\/?s={search_term_string}\"},\"query-input\":\"required name=search_term_string\"}],\"inLanguage\":\"hu\"},{\"@type\":\"Organization\",\"@id\":\"https:\/\/otthon.kaposvar.hu\/hu\/#organization\",\"name\":\"Kaposv\u00e1r Megyei Jog\u00fa V\u00e1ros\",\"url\":\"https:\/\/otthon.kaposvar.hu\/hu\/\",\"sameAs\":[\"https:\/\/www.instagram.com\/cityofkaposvar\/\",\"https:\/\/www.facebook.com\/cityofkaposvar\/\"],\"logo\":{\"@type\":\"ImageObject\",\"inLanguage\":\"hu\",\"@id\":\"https:\/\/otthon.kaposvar.hu\/hu\/#\/schema\/logo\/image\/\",\"url\":\"https:\/\/otthon.kaposvar.hu\/wp-content\/uploads\/2021\/10\/kaposvar_social.jpg\",\"contentUrl\":\"https:\/\/otthon.kaposvar.hu\/wp-content\/uploads\/2021\/10\/kaposvar_social.jpg\",\"width\":1200,\"height\":900,\"caption\":\"Kaposv\u00e1r Megyei Jog\u00fa V\u00e1ros\"},\"image\":{\"@id\":\"https:\/\/otthon.kaposvar.hu\/hu\/#\/schema\/logo\/image\/\"}}]}<\/script>\n<!-- \/ Yoast SEO plugin. -->","yoast_head_json":{"title":"Polg\u00e1rmesterek n\u00e9vsora - Kaposv\u00e1r Megyei Jog\u00fa V\u00e1ros","robots":{"index":"index","follow":"follow","max-snippet":"max-snippet:-1","max-image-preview":"max-image-preview:large","max-video-preview":"max-video-preview:-1"},"canonical":"https:\/\/otthon.kaposvar.hu\/hu\/polgarmesterek-nevsora\/","og_locale":"hu_HU","og_type":"article","og_title":"Polg\u00e1rmesterek n\u00e9vsora - Kaposv\u00e1r Megyei Jog\u00fa V\u00e1ros","og_description":"Szita K\u00e1roly polg\u00e1rmester (1994\u2013) Szabados P\u00e9ter polg\u00e1rmester (1990\u20131994) Papp J\u00e1nos tan\u00e1cseln\u00f6k (1985\u20131990) Dr. Kov\u00e1cs Ferenc tan\u00e1cseln\u00f6k (1975\u20131985) Dr. Szil\u00e1gyi Lajos tan\u00e1cseln\u00f6k (1963\u20131967) Mikecz J\u00e1nos tan\u00e1cseln\u00f6k (1954\u20131963) Nagy Lajos tan\u00e1cseln\u00f6k (1951\u20131953) Drusk\u00f3 Istv\u00e1n tan\u00e1cseln\u00f6k (1950\u20131951) Rost\u00e1s K\u00e1roly polg\u00e1rmester (1948\u20131950), tan\u00e1cseln\u00f6k (1967\u20131975) Bo\u00f3r Istv\u00e1n polg\u00e1rmester (1945\u20131948) T\u00f3th J\u00e1nos polg\u00e1rmester (1944) Dr. Kaposv\u00e1ry (V\u00e9tek) Gy\u00f6rgy polg\u00e1rmester (1922\u20131945) Szalma [&hellip;]","og_url":"https:\/\/otthon.kaposvar.hu\/hu\/polgarmesterek-nevsora\/","og_site_name":"Kaposv\u00e1r Megyei Jog\u00fa V\u00e1ros","article_publisher":"https:\/\/www.facebook.com\/cityofkaposvar\/","article_modified_time":"2018-04-19T14:02:20+00:00","og_image":[{"width":1024,"height":683,"url":"https:\/\/otthon.kaposvar.hu\/wp-content\/uploads\/2017\/03\/IMG_6988-1-1024x683.jpg","type":"image\/jpeg"}],"twitter_card":"summary_large_image","twitter_misc":{"Becs\u00fclt olvas\u00e1si id\u0151":"1 perc"},"schema":{"@context":"https:\/\/schema.org","@graph":[{"@type":"WebPage","@id":"https:\/\/otthon.kaposvar.hu\/hu\/polgarmesterek-nevsora\/","url":"https:\/\/otthon.kaposvar.hu\/hu\/polgarmesterek-nevsora\/","name":"Polg\u00e1rmesterek n\u00e9vsora - Kaposv\u00e1r Megyei Jog\u00fa V\u00e1ros","isPartOf":{"@id":"https:\/\/otthon.kaposvar.hu\/hu\/#website"},"datePublished":"2017-03-03T20:41:22+00:00","dateModified":"2018-04-19T14:02:20+00:00","breadcrumb":{"@id":"https:\/\/otthon.kaposvar.hu\/hu\/polgarmesterek-nevsora\/#breadcrumb"},"inLanguage":"hu","potentialAction":[{"@type":"ReadAction","target":[["https:\/\/otthon.kaposvar.hu\/hu\/polgarmesterek-nevsora\/"]]}]},{"@type":"BreadcrumbList","@id":"https:\/\/otthon.kaposvar.hu\/hu\/polgarmesterek-nevsora\/#breadcrumb","itemListElement":[{"@type":"ListItem","position":1,"name":"Home","item":"https:\/\/otthon.kaposvar.hu\/hu\/"},{"@type":"ListItem","position":2,"name":"Polg\u00e1rmesterek n\u00e9vsora"}]},{"@type":"WebSite","@id":"https:\/\/otthon.kaposvar.hu\/hu\/#website","url":"https:\/\/otthon.kaposvar.hu\/hu\/","name":"Kaposv\u00e1r Megyei Jog\u00fa V\u00e1ros","description":"","publisher":{"@id":"https:\/\/otthon.kaposvar.hu\/hu\/#organization"},"potentialAction":[{"@type":"SearchAction","target":{"@type":"EntryPoint","urlTemplate":"https:\/\/otthon.kaposvar.hu\/hu\/?s={search_term_string}"},"query-input":"required name=search_term_string"}],"inLanguage":"hu"},{"@type":"Organization","@id":"https:\/\/otthon.kaposvar.hu\/hu\/#organization","name":"Kaposv\u00e1r Megyei Jog\u00fa V\u00e1ros","url":"https:\/\/otthon.kaposvar.hu\/hu\/","sameAs":["https:\/\/www.instagram.com\/cityofkaposvar\/","https:\/\/www.facebook.com\/cityofkaposvar\/"],"logo":{"@type":"ImageObject","inLanguage":"hu","@id":"https:\/\/otthon.kaposvar.hu\/hu\/#\/schema\/logo\/image\/","url":"https:\/\/otthon.kaposvar.hu\/wp-content\/uploads\/2021\/10\/kaposvar_social.jpg","contentUrl":"https:\/\/otthon.kaposvar.hu\/wp-content\/uploads\/2021\/10\/kaposvar_social.jpg","width":1200,"height":900,"caption":"Kaposv\u00e1r Megyei Jog\u00fa V\u00e1ros"},"image":{"@id":"https:\/\/otthon.kaposvar.hu\/hu\/#\/schema\/logo\/image\/"}}]}},"_links":{"self":[{"href":"https:\/\/otthon.kaposvar.hu\/hu\/wp-json\/wp\/v2\/pages\/1183"}],"collection":[{"href":"https:\/\/otthon.kaposvar.hu\/hu\/wp-json\/wp\/v2\/pages"}],"about":[{"href":"https:\/\/otthon.kaposvar.hu\/hu\/wp-json\/wp\/v2\/types\/page"}],"author":[{"embeddable":true,"href":"https:\/\/otthon.kaposvar.hu\/hu\/wp-json\/wp\/v2\/users\/1"}],"replies":[{"embeddable":true,"href":"https:\/\/otthon.kaposvar.hu\/hu\/wp-json\/wp\/v2\/comments?post=1183"}],"version-history":[{"count":0,"href":"https:\/\/otthon.kaposvar.hu\/hu\/wp-json\/wp\/v2\/pages\/1183\/revisions"}],"wp:featuredmedia":[{"embeddable":true,"href":"https:\/\/otthon.kaposvar.hu\/hu\/wp-json\/wp\/v2\/media\/1389"}],"wp:attachment":[{"href":"https:\/\/otthon.kaposvar.hu\/hu\/wp-json\/wp\/v2\/media?parent=1183"}],"curies":[{"name":"wp","href":"https:\/\/api.w.org\/{rel}","templated":true}]}}