{"id":1180,"date":"2017-03-03T21:40:07","date_gmt":"2017-03-03T20:40:07","guid":{"rendered":"http:\/\/lakossag.kaposvar\/?page_id=1180"},"modified":"2026-02-03T15:59:24","modified_gmt":"2026-02-03T14:59:24","slug":"szervezett-szabadidos-bajnoksagok","status":"publish","type":"page","link":"https:\/\/otthon.kaposvar.hu\/hu\/lakossagi-informaciok\/sport\/szervezett-szabadidos-bajnoksagok\/","title":{"rendered":"Szervezett szabadid\u0151s bajnoks\u00e1gok"},"content":{"rendered":"<p><\/p>\n<h2 class=\"kv-page-content-title\">Kisp\u00e1ly\u00e1s futball<\/h2>\n<div class=\"kv-page-content-title kv-page-margin-05\">\u00a0<\/div>\n<h3 class=\"kv-page-content-title kv-page-content-subtitle\">Bajnoks\u00e1gok-kup\u00e1k<\/h3>\n<p class=\"kv-page-content-paragraph\">Szabadt\u00e9ri v\u00e1rosi kisp\u00e1ly\u00e1s bajnoks\u00e1g ny\u00edlt \u00e9s \u00f6regfi\u00fak kateg\u00f3ri\u00e1ban.<br \/>\nKaposv\u00e1r, Arany \u00fati sportcentrum, tavaszi \u00e9s \u0151szi szezon<br \/>\nAmat\u0151rkup\u00e1k rendszeres id\u0151k\u00f6z\u00f6nk\u00e9nt.<br \/>\nInform\u00e1ci\u00f3: Sportp\u00e1lya 2004 Egyes\u00fclet, Kiss Ern\u0151 eln\u00f6k +36 (20) 324-11-44<\/p>\n<p>&nbsp;<\/p>\n<h2 class=\"kv-page-content-paragraph kv-page-content-title\">Kos\u00e1rlabda<\/h2>\n<h4 class=\"kv-page-content-paragraph kv-page-content-paragraphtitle\">Megyei f\u00e9rfi-kos\u00e1rlabdabajnoks\u00e1g<\/h4>\n<p class=\"kv-page-content-paragraph\">Inform\u00e1ci\u00f3: Somogy Megyei Kos\u00e1rlabda-sz\u00f6vets\u00e9g, Dross Zolt\u00e1n eln\u00f6k +36 (30) 848-65-62<\/p>\n<div class=\"kv-page-margin-1\">\u00a0<\/div>\n<h2 class=\"kv-page-content-title\">Asztalitenisz<\/h2>\n<h4 class=\"kv-page-content-paragraph kv-page-content-paragraphtitle\">V\u00e1rosi \u00e9s megyei bajnoks\u00e1g<\/h4>\n<p class=\"kv-page-content-paragraph\">Inform\u00e1ci\u00f3: Somogy Megyei Asztalitenisz Sz\u00f6vets\u00e9g<br \/>\nS\u00e1ndor D\u00e1niel 06\/30-458-4288<\/p>\n<div class=\"kv-page-margin-1\">\u00a0<\/div>\n<h2 class=\"kv-page-content-title\">Teke<\/h2>\n<h4 class=\"kv-page-content-paragraph kv-page-content-paragraphtitle\">V\u00e1rosi amat\u0151r-tekebajnoks\u00e1g, csapatverseny<\/h4>\n<p class=\"kv-page-content-paragraph\">Kaposv\u00e1r, Sz\u00e1nt\u00f3 u. 19.<br \/>\nInform\u00e1ci\u00f3: Investment K\u00f6zutasok Kaposv\u00e1ri TK, K\u00e1lny Kriszti\u00e1n eln\u00f6k, +36 (20) 366-68-81<\/p>\n<p>&nbsp;<\/p>\n<h2 class=\"kv-page-content-title\">R\u00f6plabda<\/h2>\n<p>2025. szeptember 13-\u00e1n els\u0151 alkalommal rendezte meg a KNRC \u00e9s az Eg\u00e9szs\u00e9ges Kaposv\u00e1r Iroda a Kaposv\u00e1ri Parkr\u00f6plabda Fesztiv\u00e1lt. A fesztiv\u00e1l egy amat\u0151r szinten zajl\u00f3 r\u00f6plabdaverseny, ahol 3+1 f\u0151s csapatok jelentkez\u00e9s\u00e9t v\u00e1rtuk. A program ett\u0151l az \u00e9vt\u0151l kezdve \u00e9vente lebonyol\u00edt\u00e1sra ker\u00fcl az \u0151szi szezonban.<\/p>\n<p>&nbsp;<\/p>\n<div class=\"kv-page-margin-1\">\u00a0<\/div>\n<p><\/p>","protected":false},"excerpt":{"rendered":"<p>Kisp\u00e1ly\u00e1s futball \u00a0 Bajnoks\u00e1gok-kup\u00e1k Szabadt\u00e9ri v\u00e1rosi kisp\u00e1ly\u00e1s bajnoks\u00e1g ny\u00edlt \u00e9s \u00f6regfi\u00fak kateg\u00f3ri\u00e1ban. Kaposv\u00e1r, Arany \u00fati sportcentrum, tavaszi \u00e9s \u0151szi szezon Amat\u0151rkup\u00e1k rendszeres id\u0151k\u00f6z\u00f6nk\u00e9nt. Inform\u00e1ci\u00f3: Sportp\u00e1lya 2004 Egyes\u00fclet, Kiss Ern\u0151 eln\u00f6k +36 (20) 324-11-44 &nbsp; Kos\u00e1rlabda Megyei f\u00e9rfi-kos\u00e1rlabdabajnoks\u00e1g Inform\u00e1ci\u00f3: Somogy Megyei Kos\u00e1rlabda-sz\u00f6vets\u00e9g, Dross Zolt\u00e1n eln\u00f6k +36 (30) 848-65-62 \u00a0 Asztalitenisz V\u00e1rosi \u00e9s megyei bajnoks\u00e1g Inform\u00e1ci\u00f3: Somogy [&hellip;]<\/p>\n","protected":false},"author":1,"featured_media":1442,"parent":279,"menu_order":0,"comment_status":"closed","ping_status":"closed","template":"","meta":[],"acf":[],"yoast_head":"<!-- This site is optimized with the Yoast SEO plugin v19.8 - https:\/\/yoast.com\/wordpress\/plugins\/seo\/ -->\n<title>Szervezett szabadid\u0151s bajnoks\u00e1gok - Kaposv\u00e1r Megyei Jog\u00fa V\u00e1ros<\/title>\n<meta name=\"robots\" content=\"index, follow, max-snippet:-1, max-image-preview:large, max-video-preview:-1\" \/>\n<link rel=\"canonical\" href=\"https:\/\/otthon.kaposvar.hu\/hu\/lakossagi-informaciok\/sport\/szervezett-szabadidos-bajnoksagok\/\" \/>\n<meta property=\"og:locale\" content=\"hu_HU\" \/>\n<meta property=\"og:type\" content=\"article\" \/>\n<meta property=\"og:title\" content=\"Szervezett szabadid\u0151s bajnoks\u00e1gok - Kaposv\u00e1r Megyei Jog\u00fa V\u00e1ros\" \/>\n<meta property=\"og:description\" content=\"Kisp\u00e1ly\u00e1s futball \u00a0 Bajnoks\u00e1gok-kup\u00e1k Szabadt\u00e9ri v\u00e1rosi kisp\u00e1ly\u00e1s bajnoks\u00e1g ny\u00edlt \u00e9s \u00f6regfi\u00fak kateg\u00f3ri\u00e1ban. Kaposv\u00e1r, Arany \u00fati sportcentrum, tavaszi \u00e9s \u0151szi szezon Amat\u0151rkup\u00e1k rendszeres id\u0151k\u00f6z\u00f6nk\u00e9nt. Inform\u00e1ci\u00f3: Sportp\u00e1lya 2004 Egyes\u00fclet, Kiss Ern\u0151 eln\u00f6k +36 (20) 324-11-44 &nbsp; Kos\u00e1rlabda Megyei f\u00e9rfi-kos\u00e1rlabdabajnoks\u00e1g Inform\u00e1ci\u00f3: Somogy Megyei Kos\u00e1rlabda-sz\u00f6vets\u00e9g, Dross Zolt\u00e1n eln\u00f6k +36 (30) 848-65-62 \u00a0 Asztalitenisz V\u00e1rosi \u00e9s megyei bajnoks\u00e1g Inform\u00e1ci\u00f3: Somogy [&hellip;]\" \/>\n<meta property=\"og:url\" content=\"https:\/\/otthon.kaposvar.hu\/hu\/lakossagi-informaciok\/sport\/szervezett-szabadidos-bajnoksagok\/\" \/>\n<meta property=\"og:site_name\" content=\"Kaposv\u00e1r Megyei Jog\u00fa V\u00e1ros\" \/>\n<meta property=\"article:publisher\" content=\"https:\/\/www.facebook.com\/cityofkaposvar\/\" \/>\n<meta property=\"article:modified_time\" content=\"2026-02-03T14:59:24+00:00\" \/>\n<meta property=\"og:image\" content=\"https:\/\/otthon.kaposvar.hu\/wp-content\/uploads\/2017\/03\/szervezett_szabadidos_bajnoksagok.jpg\" \/>\n\t<meta property=\"og:image:width\" content=\"2048\" \/>\n\t<meta property=\"og:image:height\" content=\"1360\" \/>\n\t<meta property=\"og:image:type\" content=\"image\/jpeg\" \/>\n<meta name=\"twitter:card\" content=\"summary_large_image\" \/>\n<meta name=\"twitter:label1\" content=\"Becs\u00fclt olvas\u00e1si id\u0151\" \/>\n\t<meta name=\"twitter:data1\" content=\"1 perc\" \/>\n<script type=\"application\/ld+json\" class=\"yoast-schema-graph\">{\"@context\":\"https:\/\/schema.org\",\"@graph\":[{\"@type\":\"WebPage\",\"@id\":\"https:\/\/otthon.kaposvar.hu\/hu\/lakossagi-informaciok\/sport\/szervezett-szabadidos-bajnoksagok\/\",\"url\":\"https:\/\/otthon.kaposvar.hu\/hu\/lakossagi-informaciok\/sport\/szervezett-szabadidos-bajnoksagok\/\",\"name\":\"Szervezett szabadid\u0151s bajnoks\u00e1gok - Kaposv\u00e1r Megyei Jog\u00fa V\u00e1ros\",\"isPartOf\":{\"@id\":\"https:\/\/otthon.kaposvar.hu\/hu\/#website\"},\"datePublished\":\"2017-03-03T20:40:07+00:00\",\"dateModified\":\"2026-02-03T14:59:24+00:00\",\"breadcrumb\":{\"@id\":\"https:\/\/otthon.kaposvar.hu\/hu\/lakossagi-informaciok\/sport\/szervezett-szabadidos-bajnoksagok\/#breadcrumb\"},\"inLanguage\":\"hu\",\"potentialAction\":[{\"@type\":\"ReadAction\",\"target\":[[\"https:\/\/otthon.kaposvar.hu\/hu\/lakossagi-informaciok\/sport\/szervezett-szabadidos-bajnoksagok\/\"]]}]},{\"@type\":\"BreadcrumbList\",\"@id\":\"https:\/\/otthon.kaposvar.hu\/hu\/lakossagi-informaciok\/sport\/szervezett-szabadidos-bajnoksagok\/#breadcrumb\",\"itemListElement\":[{\"@type\":\"ListItem\",\"position\":1,\"name\":\"Home\",\"item\":\"https:\/\/otthon.kaposvar.hu\/hu\/\"},{\"@type\":\"ListItem\",\"position\":2,\"name\":\"Lakoss\u00e1gi inform\u00e1ci\u00f3k\",\"item\":\"https:\/\/otthon.kaposvar.hu\/hu\/lakossagi-informaciok\/\"},{\"@type\":\"ListItem\",\"position\":3,\"name\":\"Sport\",\"item\":\"https:\/\/otthon.kaposvar.hu\/hu\/lakossagi-informaciok\/sport\/\"},{\"@type\":\"ListItem\",\"position\":4,\"name\":\"Szervezett szabadid\u0151s bajnoks\u00e1gok\"}]},{\"@type\":\"WebSite\",\"@id\":\"https:\/\/otthon.kaposvar.hu\/hu\/#website\",\"url\":\"https:\/\/otthon.kaposvar.hu\/hu\/\",\"name\":\"Kaposv\u00e1r Megyei Jog\u00fa V\u00e1ros\",\"description\":\"\",\"publisher\":{\"@id\":\"https:\/\/otthon.kaposvar.hu\/hu\/#organization\"},\"potentialAction\":[{\"@type\":\"SearchAction\",\"target\":{\"@type\":\"EntryPoint\",\"urlTemplate\":\"https:\/\/otthon.kaposvar.hu\/hu\/?s={search_term_string}\"},\"query-input\":\"required name=search_term_string\"}],\"inLanguage\":\"hu\"},{\"@type\":\"Organization\",\"@id\":\"https:\/\/otthon.kaposvar.hu\/hu\/#organization\",\"name\":\"Kaposv\u00e1r Megyei Jog\u00fa V\u00e1ros\",\"url\":\"https:\/\/otthon.kaposvar.hu\/hu\/\",\"sameAs\":[\"https:\/\/www.instagram.com\/cityofkaposvar\/\",\"https:\/\/www.facebook.com\/cityofkaposvar\/\"],\"logo\":{\"@type\":\"ImageObject\",\"inLanguage\":\"hu\",\"@id\":\"https:\/\/otthon.kaposvar.hu\/hu\/#\/schema\/logo\/image\/\",\"url\":\"https:\/\/otthon.kaposvar.hu\/wp-content\/uploads\/2021\/10\/kaposvar_social.jpg\",\"contentUrl\":\"https:\/\/otthon.kaposvar.hu\/wp-content\/uploads\/2021\/10\/kaposvar_social.jpg\",\"width\":1200,\"height\":900,\"caption\":\"Kaposv\u00e1r Megyei Jog\u00fa V\u00e1ros\"},\"image\":{\"@id\":\"https:\/\/otthon.kaposvar.hu\/hu\/#\/schema\/logo\/image\/\"}}]}<\/script>\n<!-- \/ Yoast SEO plugin. -->","yoast_head_json":{"title":"Szervezett szabadid\u0151s bajnoks\u00e1gok - Kaposv\u00e1r Megyei Jog\u00fa V\u00e1ros","robots":{"index":"index","follow":"follow","max-snippet":"max-snippet:-1","max-image-preview":"max-image-preview:large","max-video-preview":"max-video-preview:-1"},"canonical":"https:\/\/otthon.kaposvar.hu\/hu\/lakossagi-informaciok\/sport\/szervezett-szabadidos-bajnoksagok\/","og_locale":"hu_HU","og_type":"article","og_title":"Szervezett szabadid\u0151s bajnoks\u00e1gok - Kaposv\u00e1r Megyei Jog\u00fa V\u00e1ros","og_description":"Kisp\u00e1ly\u00e1s futball \u00a0 Bajnoks\u00e1gok-kup\u00e1k Szabadt\u00e9ri v\u00e1rosi kisp\u00e1ly\u00e1s bajnoks\u00e1g ny\u00edlt \u00e9s \u00f6regfi\u00fak kateg\u00f3ri\u00e1ban. Kaposv\u00e1r, Arany \u00fati sportcentrum, tavaszi \u00e9s \u0151szi szezon Amat\u0151rkup\u00e1k rendszeres id\u0151k\u00f6z\u00f6nk\u00e9nt. Inform\u00e1ci\u00f3: Sportp\u00e1lya 2004 Egyes\u00fclet, Kiss Ern\u0151 eln\u00f6k +36 (20) 324-11-44 &nbsp; Kos\u00e1rlabda Megyei f\u00e9rfi-kos\u00e1rlabdabajnoks\u00e1g Inform\u00e1ci\u00f3: Somogy Megyei Kos\u00e1rlabda-sz\u00f6vets\u00e9g, Dross Zolt\u00e1n eln\u00f6k +36 (30) 848-65-62 \u00a0 Asztalitenisz V\u00e1rosi \u00e9s megyei bajnoks\u00e1g Inform\u00e1ci\u00f3: Somogy [&hellip;]","og_url":"https:\/\/otthon.kaposvar.hu\/hu\/lakossagi-informaciok\/sport\/szervezett-szabadidos-bajnoksagok\/","og_site_name":"Kaposv\u00e1r Megyei Jog\u00fa V\u00e1ros","article_publisher":"https:\/\/www.facebook.com\/cityofkaposvar\/","article_modified_time":"2026-02-03T14:59:24+00:00","og_image":[{"width":2048,"height":1360,"url":"https:\/\/otthon.kaposvar.hu\/wp-content\/uploads\/2017\/03\/szervezett_szabadidos_bajnoksagok.jpg","type":"image\/jpeg"}],"twitter_card":"summary_large_image","twitter_misc":{"Becs\u00fclt olvas\u00e1si id\u0151":"1 perc"},"schema":{"@context":"https:\/\/schema.org","@graph":[{"@type":"WebPage","@id":"https:\/\/otthon.kaposvar.hu\/hu\/lakossagi-informaciok\/sport\/szervezett-szabadidos-bajnoksagok\/","url":"https:\/\/otthon.kaposvar.hu\/hu\/lakossagi-informaciok\/sport\/szervezett-szabadidos-bajnoksagok\/","name":"Szervezett szabadid\u0151s bajnoks\u00e1gok - Kaposv\u00e1r Megyei Jog\u00fa V\u00e1ros","isPartOf":{"@id":"https:\/\/otthon.kaposvar.hu\/hu\/#website"},"datePublished":"2017-03-03T20:40:07+00:00","dateModified":"2026-02-03T14:59:24+00:00","breadcrumb":{"@id":"https:\/\/otthon.kaposvar.hu\/hu\/lakossagi-informaciok\/sport\/szervezett-szabadidos-bajnoksagok\/#breadcrumb"},"inLanguage":"hu","potentialAction":[{"@type":"ReadAction","target":[["https:\/\/otthon.kaposvar.hu\/hu\/lakossagi-informaciok\/sport\/szervezett-szabadidos-bajnoksagok\/"]]}]},{"@type":"BreadcrumbList","@id":"https:\/\/otthon.kaposvar.hu\/hu\/lakossagi-informaciok\/sport\/szervezett-szabadidos-bajnoksagok\/#breadcrumb","itemListElement":[{"@type":"ListItem","position":1,"name":"Home","item":"https:\/\/otthon.kaposvar.hu\/hu\/"},{"@type":"ListItem","position":2,"name":"Lakoss\u00e1gi inform\u00e1ci\u00f3k","item":"https:\/\/otthon.kaposvar.hu\/hu\/lakossagi-informaciok\/"},{"@type":"ListItem","position":3,"name":"Sport","item":"https:\/\/otthon.kaposvar.hu\/hu\/lakossagi-informaciok\/sport\/"},{"@type":"ListItem","position":4,"name":"Szervezett szabadid\u0151s bajnoks\u00e1gok"}]},{"@type":"WebSite","@id":"https:\/\/otthon.kaposvar.hu\/hu\/#website","url":"https:\/\/otthon.kaposvar.hu\/hu\/","name":"Kaposv\u00e1r Megyei Jog\u00fa V\u00e1ros","description":"","publisher":{"@id":"https:\/\/otthon.kaposvar.hu\/hu\/#organization"},"potentialAction":[{"@type":"SearchAction","target":{"@type":"EntryPoint","urlTemplate":"https:\/\/otthon.kaposvar.hu\/hu\/?s={search_term_string}"},"query-input":"required name=search_term_string"}],"inLanguage":"hu"},{"@type":"Organization","@id":"https:\/\/otthon.kaposvar.hu\/hu\/#organization","name":"Kaposv\u00e1r Megyei Jog\u00fa V\u00e1ros","url":"https:\/\/otthon.kaposvar.hu\/hu\/","sameAs":["https:\/\/www.instagram.com\/cityofkaposvar\/","https:\/\/www.facebook.com\/cityofkaposvar\/"],"logo":{"@type":"ImageObject","inLanguage":"hu","@id":"https:\/\/otthon.kaposvar.hu\/hu\/#\/schema\/logo\/image\/","url":"https:\/\/otthon.kaposvar.hu\/wp-content\/uploads\/2021\/10\/kaposvar_social.jpg","contentUrl":"https:\/\/otthon.kaposvar.hu\/wp-content\/uploads\/2021\/10\/kaposvar_social.jpg","width":1200,"height":900,"caption":"Kaposv\u00e1r Megyei Jog\u00fa V\u00e1ros"},"image":{"@id":"https:\/\/otthon.kaposvar.hu\/hu\/#\/schema\/logo\/image\/"}}]}},"_links":{"self":[{"href":"https:\/\/otthon.kaposvar.hu\/hu\/wp-json\/wp\/v2\/pages\/1180"}],"collection":[{"href":"https:\/\/otthon.kaposvar.hu\/hu\/wp-json\/wp\/v2\/pages"}],"about":[{"href":"https:\/\/otthon.kaposvar.hu\/hu\/wp-json\/wp\/v2\/types\/page"}],"author":[{"embeddable":true,"href":"https:\/\/otthon.kaposvar.hu\/hu\/wp-json\/wp\/v2\/users\/1"}],"replies":[{"embeddable":true,"href":"https:\/\/otthon.kaposvar.hu\/hu\/wp-json\/wp\/v2\/comments?post=1180"}],"version-history":[{"count":0,"href":"https:\/\/otthon.kaposvar.hu\/hu\/wp-json\/wp\/v2\/pages\/1180\/revisions"}],"up":[{"embeddable":true,"href":"https:\/\/otthon.kaposvar.hu\/hu\/wp-json\/wp\/v2\/pages\/279"}],"wp:featuredmedia":[{"embeddable":true,"href":"https:\/\/otthon.kaposvar.hu\/hu\/wp-json\/wp\/v2\/media\/1442"}],"wp:attachment":[{"href":"https:\/\/otthon.kaposvar.hu\/hu\/wp-json\/wp\/v2\/media?parent=1180"}],"curies":[{"name":"wp","href":"https:\/\/api.w.org\/{rel}","templated":true}]}}